{"id":5304,"date":"2025-07-17T15:00:31","date_gmt":"2025-07-17T15:00:31","guid":{"rendered":"https:\/\/puffvapestore.com\/?post_type=product&#038;p=5304"},"modified":"2026-04-21T07:09:38","modified_gmt":"2026-04-21T07:09:38","slug":"watermelon-ice-fumot-randm-tornado-40000","status":"publish","type":"product","link":"https:\/\/puffvapestore.com\/sv\/product\/vattenmelon-is-fumot-randm-tornado-40000\/","title":{"rendered":"Fumot Leopard 40000 - Vattenmelonis"},"content":{"rendered":"<div data-elementor-type=\"wp-post\" data-elementor-id=\"5304\" class=\"elementor elementor-5304\">\n\t\t\t\t<div class=\"elementor-element elementor-element-08c26f9 e-flex e-con-boxed e-con e-parent\" data-id=\"08c26f9\" data-element_type=\"container\" data-e-type=\"container\">\n\t\t\t\t\t<div class=\"e-con-inner\">\n\t\t\t\t<div class=\"elementor-element elementor-element-a005a97 elementor-widget elementor-widget-text-editor\" data-id=\"a005a97\" data-element_type=\"widget\" data-e-type=\"widget\" data-widget_type=\"text-editor.default\">\n\t\t\t\t<div class=\"elementor-widget-container\">\n\t\t\t\t\t\t\t\t\t<p>Fumot Leopard 40000 (Fumot RandM Tornado 40000) Watermelon Ice \u00e4r fr\u00e4mst inspirerad av den s\u00f6ta doften av mogen vattenmelon, med en dubbel aromatisk struktur av f\u00e4rsk mynta. Vid inandning ger r\u00f6ken en fyllig, saftig smak, uppfriskande vid utandning och en frisk eftersmak som p\u00e5minner om sommardrinkar: s\u00f6t och fr\u00e4sch, rund och uppfriskande, perfekt f\u00f6r \u00e4lskare av fruktiga, fr\u00e4scha smaker.<\/p><p><strong>Huvudsmak: S\u00f6t vattenmelon<\/strong><br \/>Den uppenbara s\u00f6tman i vattenmelonk\u00f6ttet, som en nyskuren mogen vattenmelon, \u00e4r en s\u00f6t juice med en naturlig fruktig arom, n\u00e4ra s\u00f6tman hos en riktig mogen vattenmelon.<\/p><p><strong>Uppfriskande f\u00f6rdel : Uppfriskande mynta<\/strong><br \/>S\u00e5 snart du andas in kommer du att k\u00e4nna friskheten av mynta eller borneol, liknande den fr\u00e5n isbitar. Denna svalkande k\u00e4nsla f\u00f6rst\u00e4rker friskheten och neutraliserar n\u00e5got s\u00f6tman i vattenmelonen, vilket g\u00f6r den mer uppfriskande i munnen.<\/p><h2>Smakstruktur och stratifiering<\/h2><p>Skonsam inandning: tack vare finf\u00f6rdelningstekniken med dubbla maskor avdunstar v\u00e4tskan j\u00e4mnt, vilket f\u00f6rb\u00e4ttrar smakens renhet och intensitet.<\/p><p>Balans mellan s\u00f6tma och friskhet: s\u00f6tma och friskhet blandas naturligt, med den mjuka smaken av vattenmelon och k\u00e4nslan av friskhet fr\u00e5n is; smaken f\u00f6rblir konstant under hela inandningen.<\/p>\t\t\t\t\t\t\t\t<\/div>\n\t\t\t\t<\/div>\n\t\t\t\t\t<\/div>\n\t\t\t\t<\/div>\n\t\t<div class=\"elementor-element elementor-element-718b380 e-flex e-con-boxed e-con e-parent\" data-id=\"718b380\" data-element_type=\"container\" data-e-type=\"container\">\n\t\t\t\t\t<div class=\"e-con-inner\">\n\t\t\t\t<div class=\"elementor-element elementor-element-d2cc8fa elementor-widget elementor-widget-text-editor\" data-id=\"d2cc8fa\" data-element_type=\"widget\" data-e-type=\"widget\" data-widget_type=\"text-editor.default\">\n\t\t\t\t<div class=\"elementor-widget-container\">\n\t\t\t\t\t\t\t\t\t<h2>Egenskaper f\u00f6r Fumot Leopard 40000 Watermelon Ice:<\/h2><p>Puffar och batteri: Utrustad med ett uppladdningsbart batteri p\u00e5 700 mAh som laddas via USB-C f\u00f6r upp till 40.000 puffar.<\/p><p>Motst\u00e5ndssystem med dubbla n\u00e4t: Utrustad med ett motst\u00e5nd med dubbla n\u00e4t som v\u00e4rms upp kontinuerligt och producerar rik, kr\u00e4mig \u00e5nga under hela sin livsl\u00e4ngd.<\/p><p>LED och digital display: Utrustad med en upps\u00e4ttning RGB-lampor och en dubbel digital r\u00f6rdisplay: den ena sidan visar \u00e5terst\u00e5ende e-v\u00e4tskeniv\u00e5, den andra batteriniv\u00e5n.<\/p><p>Nikotinniv\u00e5er och smaker: Finns i nikotinniv\u00e5erna 0 %, 2 %, 3 % eller 5 %.<\/p><p>Design: Transparent skal med i\u00f6gonfallande leopardtryck, f\u00e4rgade innerlampor som roterar vid varje bl\u00e5sning.<\/p><h2>F\u00f6rdelar med Fumot Leopard 40000 Watermelon Ice:<\/h2><p>Uppladdningsbar, s\u00e5 du beh\u00f6ver inte sl\u00e4nga den i f\u00f6rtid.<\/p><p>Elegant LED-grafik + tydlig, attraktiv design.<\/p><p>Enkel \u00f6vervakning av \u00e5terst\u00e5ende e-v\u00e4tska och batteriniv\u00e5.<\/p>\t\t\t\t\t\t\t\t<\/div>\n\t\t\t\t<\/div>\n\t\t\t\t\t<\/div>\n\t\t\t\t<\/div>\n\t\t\t\t<\/div>","protected":false},"excerpt":{"rendered":"<p>Fumot Leopard 40000 (Fumot RandM Tornado 40000) Past\u00e8que Glac\u00e9e est principalement inspir\u00e9 de l&rsquo;ar\u00f4me sucr\u00e9 de la past\u00e8que m\u00fbre, avec une double structure aromatique de menthe fra\u00eeche. \u00c0 l&rsquo;inhalation, la fum\u00e9e offre un go\u00fbt ample et juteux, rafra\u00eechissant \u00e0 l&rsquo;expiration, et un arri\u00e8re-go\u00fbt frais, \u00e9voquant les boissons estivales\u00a0: sucr\u00e9 et frais, rond et rafra\u00eechissant, id\u00e9al [&hellip;]<\/p>\n","protected":false},"featured_media":5097,"comment_status":"open","ping_status":"closed","template":"","meta":{"site-sidebar-layout":"no-sidebar","site-content-layout":"page-builder","ast-site-content-layout":"normal-width-container","site-content-style":"default","site-sidebar-style":"default","ast-global-header-display":"","ast-banner-title-visibility":"","ast-main-header-display":"","ast-hfb-above-header-display":"","ast-hfb-below-header-display":"","ast-hfb-mobile-header-display":"","site-post-title":"disabled","ast-breadcrumbs-content":"","ast-featured-img":"disabled","footer-sml-layout":"","ast-disable-related-posts":"","theme-transparent-header-meta":"default","adv-header-id-meta":"","stick-header-meta":"default","header-above-stick-meta":"","header-main-stick-meta":"","header-below-stick-meta":"","astra-migrate-meta-layouts":"set","ast-page-background-enabled":"default","ast-page-background-meta":{"desktop":{"background-color":"","background-image":"","background-repeat":"repeat","background-position":"center center","background-size":"auto","background-attachment":"scroll","background-type":"","background-media":"","overlay-type":"","overlay-color":"","overlay-opacity":"","overlay-gradient":""},"tablet":{"background-color":"","background-image":"","background-repeat":"repeat","background-position":"center center","background-size":"auto","background-attachment":"scroll","background-type":"","background-media":"","overlay-type":"","overlay-color":"","overlay-opacity":"","overlay-gradient":""},"mobile":{"background-color":"","background-image":"","background-repeat":"repeat","background-position":"center center","background-size":"auto","background-attachment":"scroll","background-type":"","background-media":"","overlay-type":"","overlay-color":"","overlay-opacity":"","overlay-gradient":""}},"ast-content-background-meta":{"desktop":{"background-color":"var(--ast-global-color-5)","background-image":"","background-repeat":"repeat","background-position":"center center","background-size":"auto","background-attachment":"scroll","background-type":"","background-media":"","overlay-type":"","overlay-color":"","overlay-opacity":"","overlay-gradient":""},"tablet":{"background-color":"var(--ast-global-color-5)","background-image":"","background-repeat":"repeat","background-position":"center center","background-size":"auto","background-attachment":"scroll","background-type":"","background-media":"","overlay-type":"","overlay-color":"","overlay-opacity":"","overlay-gradient":""},"mobile":{"background-color":"var(--ast-global-color-5)","background-image":"","background-repeat":"repeat","background-position":"center center","background-size":"auto","background-attachment":"scroll","background-type":"","background-media":"","overlay-type":"","overlay-color":"","overlay-opacity":"","overlay-gradient":""}}},"product_brand":[42],"product_cat":[50,88,77,15],"product_tag":[],"class_list":{"0":"post-5304","1":"product","2":"type-product","3":"status-publish","4":"has-post-thumbnail","6":"product_brand-randm-tornado","7":"product_cat-randm-tornado-40000-avec-ecran-led-hd","8":"product_cat-puff-40k","9":"product_cat-entrepot-de-lue","10":"product_cat-magasin-cigarette-electronique","11":"desktop-align-center","12":"tablet-align-center","13":"mobile-align-center","14":"ast-product-gallery-layout-horizontal","15":"ast-product-gallery-with-no-image","16":"ast-product-single-variable","17":"ast-product-tabs-layout-horizontal","18":"ast-qv-on-image","20":"first","21":"instock","22":"sale","23":"shipping-taxable","24":"purchasable","25":"product-type-variable","26":"has-default-attributes"},"tiered_pricing_type":"fixed","tiered_pricing_fixed_rules":{"30":10.42,"60":9.26,"100":8.05,"200":7.8,"500":7.67,"1000":7.38},"tiered_pricing_product_settings":{"layout":"default","base_unit_name":{"singular":null,"plural":null},"default_variation":null},"tiered_pricing_minimum_quantity":null,"tiered_pricing_roles_data":[],"tiered_pricing_percentage_rules":[],"_links":{"self":[{"href":"https:\/\/puffvapestore.com\/sv\/wp-json\/wp\/v2\/product\/5304","targetHints":{"allow":["GET"]}}],"collection":[{"href":"https:\/\/puffvapestore.com\/sv\/wp-json\/wp\/v2\/product"}],"about":[{"href":"https:\/\/puffvapestore.com\/sv\/wp-json\/wp\/v2\/types\/product"}],"replies":[{"embeddable":true,"href":"https:\/\/puffvapestore.com\/sv\/wp-json\/wp\/v2\/comments?post=5304"}],"version-history":[{"count":7,"href":"https:\/\/puffvapestore.com\/sv\/wp-json\/wp\/v2\/product\/5304\/revisions"}],"predecessor-version":[{"id":10753,"href":"https:\/\/puffvapestore.com\/sv\/wp-json\/wp\/v2\/product\/5304\/revisions\/10753"}],"wp:featuredmedia":[{"embeddable":true,"href":"https:\/\/puffvapestore.com\/sv\/wp-json\/wp\/v2\/media\/5097"}],"wp:attachment":[{"href":"https:\/\/puffvapestore.com\/sv\/wp-json\/wp\/v2\/media?parent=5304"}],"wp:term":[{"taxonomy":"product_brand","embeddable":true,"href":"https:\/\/puffvapestore.com\/sv\/wp-json\/wp\/v2\/product_brand?post=5304"},{"taxonomy":"product_cat","embeddable":true,"href":"https:\/\/puffvapestore.com\/sv\/wp-json\/wp\/v2\/product_cat?post=5304"},{"taxonomy":"product_tag","embeddable":true,"href":"https:\/\/puffvapestore.com\/sv\/wp-json\/wp\/v2\/product_tag?post=5304"}],"curies":[{"name":"wp","href":"https:\/\/api.w.org\/{rel}","templated":true}]}}