{"id":5293,"date":"2025-07-17T11:53:28","date_gmt":"2025-07-17T11:53:28","guid":{"rendered":"https:\/\/puffvapestore.com\/?post_type=product&#038;p=5293"},"modified":"2026-04-21T07:09:30","modified_gmt":"2026-04-21T07:09:30","slug":"peach-berry-tornado-40000-offre-un-arome-frais-doux-et-pulpeux","status":"publish","type":"product","link":"https:\/\/puffvapestore.com\/sv\/product\/persikobar-tornado-40000-erbjuder-en-frisk-sot-pulpaaktig-arom\/","title":{"rendered":"Fumot Leopard 40000 - Persikob\u00e4r"},"content":{"rendered":"<div data-elementor-type=\"wp-post\" data-elementor-id=\"5293\" class=\"elementor elementor-5293\">\n\t\t\t\t<div class=\"elementor-element elementor-element-08c26f9 e-flex e-con-boxed e-con e-parent\" data-id=\"08c26f9\" data-element_type=\"container\" data-e-type=\"container\">\n\t\t\t\t\t<div class=\"e-con-inner\">\n\t\t\t\t<div class=\"elementor-element elementor-element-a005a97 elementor-widget elementor-widget-text-editor\" data-id=\"a005a97\" data-element_type=\"widget\" data-e-type=\"widget\" data-widget_type=\"text-editor.default\">\n\t\t\t\t<div class=\"elementor-widget-container\">\n\t\t\t\t\t\t\t\t\t<p>Fumot Leopard 40000 Peach Berry \u00e4r en elektronisk cigarett med en unik fruktig smak.<\/p><h2>Huvudsmak : Persika<\/h2><p>Aromatiska egenskaper: R\u00f6ken avger en rik persikoarom s\u00e5 snart den kommer in i munnen, med en frisk, s\u00f6t, pulpaaktig smak, som en nyskuren mogen persika, l\u00e4tt parfymerad.<\/p><p>Smaknoteringar: M\u00e5ttlig s\u00f6tma, naturlig frukts\u00f6tma, len och kr\u00e4mig, med en l\u00e4tt blommig eftersmak.<\/p><p>Eftersmak: tydlig doftbest\u00e4ndighet, en k\u00e4nsla av friskhet i munnen efter inandning och en l\u00e4tt persikodoft vid utandning.<\/p><h2>Sekund\u00e4r smak : R\u00f6d frukt<\/h2><p>En kombination av r\u00f6da frukter: jordgubbar, bl\u00e5b\u00e4r, hallon etc., f\u00f6r en l\u00e4tt syrlig, fruktig smak.<\/p><p>S\u00f6tsyrlig balans: I kontrast till persikornas s\u00f6tma \u00e4r den totala smaken l\u00e4tt, vilket ger djup och friskhet.<\/p>\t\t\t\t\t\t\t\t<\/div>\n\t\t\t\t<\/div>\n\t\t\t\t\t<\/div>\n\t\t\t\t<\/div>\n\t\t<div class=\"elementor-element elementor-element-718b380 e-flex e-con-boxed e-con e-parent\" data-id=\"718b380\" data-element_type=\"container\" data-e-type=\"container\">\n\t\t\t\t\t<div class=\"e-con-inner\">\n\t\t\t\t<div class=\"elementor-element elementor-element-d2cc8fa elementor-widget elementor-widget-text-editor\" data-id=\"d2cc8fa\" data-element_type=\"widget\" data-e-type=\"widget\" data-widget_type=\"text-editor.default\">\n\t\t\t\t<div class=\"elementor-widget-container\">\n\t\t\t\t\t\t\t\t\t<h2>Egenskaper f\u00f6r Fumot Leopard 40000 Peach Berry:<\/h2><p>Puffar och batteri: Utrustad med ett uppladdningsbart batteri p\u00e5 700 mAh som laddas via USB-C f\u00f6r upp till 40.000 puffar.<\/p><p>Motst\u00e5ndssystem med dubbla n\u00e4t: Utrustad med ett motst\u00e5nd med dubbla n\u00e4t som v\u00e4rms upp kontinuerligt och producerar rik, kr\u00e4mig \u00e5nga under hela sin livsl\u00e4ngd.<\/p><p>LED och digital display: Utrustad med en upps\u00e4ttning RGB-lampor och en dubbel digital r\u00f6rdisplay: den ena sidan visar \u00e5terst\u00e5ende e-v\u00e4tskeniv\u00e5, den andra batteriniv\u00e5n.<\/p><p>Nikotinniv\u00e5er och smaker: Finns i nikotinniv\u00e5erna 0 %, 2 %, 3 % eller 5 %.<\/p><p>Design: Transparent skal med i\u00f6gonfallande leopardtryck, f\u00e4rgade innerlampor som roterar vid varje bl\u00e5sning.<\/p><h2>F\u00f6rdelar med Fumot Leopard 40000 Peach Berry:<\/h2><p>Uppladdningsbar, s\u00e5 du beh\u00f6ver inte sl\u00e4nga den i f\u00f6rtid.<\/p><p>Elegant LED-grafik + tydlig, attraktiv design.<\/p><p>Enkel \u00f6vervakning av \u00e5terst\u00e5ende e-v\u00e4tska och batteriniv\u00e5.<\/p>\t\t\t\t\t\t\t\t<\/div>\n\t\t\t\t<\/div>\n\t\t\t\t\t<\/div>\n\t\t\t\t<\/div>\n\t\t\t\t<\/div>","protected":false},"excerpt":{"rendered":"<p>La Fumot Leopard 40000 P\u00eache Baies est une cigarette \u00e9lectronique appr\u00e9ci\u00e9e pour son ar\u00f4me fruit\u00e9 unique. Saveur principale\u00a0: P\u00eache Caract\u00e9ristiques aromatiques\u00a0: La fum\u00e9e d\u00e9gage un ar\u00f4me riche de p\u00eache d\u00e8s l&rsquo;entr\u00e9e en bouche, avec un ar\u00f4me frais, doux et pulpeux, comme une p\u00eache m\u00fbre fra\u00eechement coup\u00e9e, l\u00e9g\u00e8rement parfum\u00e9e. Performance gustative\u00a0: Douceur mod\u00e9r\u00e9e, douceur fruit\u00e9e naturelle, [&hellip;]<\/p>\n","protected":false},"featured_media":5090,"comment_status":"open","ping_status":"closed","template":"","meta":{"site-sidebar-layout":"no-sidebar","site-content-layout":"page-builder","ast-site-content-layout":"normal-width-container","site-content-style":"default","site-sidebar-style":"default","ast-global-header-display":"","ast-banner-title-visibility":"","ast-main-header-display":"","ast-hfb-above-header-display":"","ast-hfb-below-header-display":"","ast-hfb-mobile-header-display":"","site-post-title":"disabled","ast-breadcrumbs-content":"","ast-featured-img":"disabled","footer-sml-layout":"","ast-disable-related-posts":"","theme-transparent-header-meta":"default","adv-header-id-meta":"","stick-header-meta":"default","header-above-stick-meta":"","header-main-stick-meta":"","header-below-stick-meta":"","astra-migrate-meta-layouts":"set","ast-page-background-enabled":"default","ast-page-background-meta":{"desktop":{"background-color":"","background-image":"","background-repeat":"repeat","background-position":"center center","background-size":"auto","background-attachment":"scroll","background-type":"","background-media":"","overlay-type":"","overlay-color":"","overlay-opacity":"","overlay-gradient":""},"tablet":{"background-color":"","background-image":"","background-repeat":"repeat","background-position":"center center","background-size":"auto","background-attachment":"scroll","background-type":"","background-media":"","overlay-type":"","overlay-color":"","overlay-opacity":"","overlay-gradient":""},"mobile":{"background-color":"","background-image":"","background-repeat":"repeat","background-position":"center center","background-size":"auto","background-attachment":"scroll","background-type":"","background-media":"","overlay-type":"","overlay-color":"","overlay-opacity":"","overlay-gradient":""}},"ast-content-background-meta":{"desktop":{"background-color":"var(--ast-global-color-5)","background-image":"","background-repeat":"repeat","background-position":"center center","background-size":"auto","background-attachment":"scroll","background-type":"","background-media":"","overlay-type":"","overlay-color":"","overlay-opacity":"","overlay-gradient":""},"tablet":{"background-color":"var(--ast-global-color-5)","background-image":"","background-repeat":"repeat","background-position":"center center","background-size":"auto","background-attachment":"scroll","background-type":"","background-media":"","overlay-type":"","overlay-color":"","overlay-opacity":"","overlay-gradient":""},"mobile":{"background-color":"var(--ast-global-color-5)","background-image":"","background-repeat":"repeat","background-position":"center center","background-size":"auto","background-attachment":"scroll","background-type":"","background-media":"","overlay-type":"","overlay-color":"","overlay-opacity":"","overlay-gradient":""}}},"product_brand":[42],"product_cat":[50,88,77,15],"product_tag":[],"class_list":{"0":"post-5293","1":"product","2":"type-product","3":"status-publish","4":"has-post-thumbnail","6":"product_brand-randm-tornado","7":"product_cat-randm-tornado-40000-avec-ecran-led-hd","8":"product_cat-puff-40k","9":"product_cat-entrepot-de-lue","10":"product_cat-magasin-cigarette-electronique","11":"desktop-align-center","12":"tablet-align-center","13":"mobile-align-center","14":"ast-product-gallery-layout-horizontal","15":"ast-product-gallery-with-no-image","16":"ast-product-single-variable","17":"ast-product-tabs-layout-horizontal","18":"ast-qv-on-image","20":"first","21":"instock","22":"sale","23":"shipping-taxable","24":"purchasable","25":"product-type-variable","26":"has-default-attributes"},"tiered_pricing_type":"fixed","tiered_pricing_fixed_rules":{"30":10.42,"60":9.26,"100":8.05,"200":7.8,"500":7.67,"1000":7.38},"tiered_pricing_product_settings":{"layout":"default","base_unit_name":{"singular":null,"plural":null},"default_variation":null},"tiered_pricing_minimum_quantity":null,"tiered_pricing_roles_data":[],"tiered_pricing_percentage_rules":[],"_links":{"self":[{"href":"https:\/\/puffvapestore.com\/sv\/wp-json\/wp\/v2\/product\/5293","targetHints":{"allow":["GET"]}}],"collection":[{"href":"https:\/\/puffvapestore.com\/sv\/wp-json\/wp\/v2\/product"}],"about":[{"href":"https:\/\/puffvapestore.com\/sv\/wp-json\/wp\/v2\/types\/product"}],"replies":[{"embeddable":true,"href":"https:\/\/puffvapestore.com\/sv\/wp-json\/wp\/v2\/comments?post=5293"}],"version-history":[{"count":7,"href":"https:\/\/puffvapestore.com\/sv\/wp-json\/wp\/v2\/product\/5293\/revisions"}],"predecessor-version":[{"id":10754,"href":"https:\/\/puffvapestore.com\/sv\/wp-json\/wp\/v2\/product\/5293\/revisions\/10754"}],"wp:featuredmedia":[{"embeddable":true,"href":"https:\/\/puffvapestore.com\/sv\/wp-json\/wp\/v2\/media\/5090"}],"wp:attachment":[{"href":"https:\/\/puffvapestore.com\/sv\/wp-json\/wp\/v2\/media?parent=5293"}],"wp:term":[{"taxonomy":"product_brand","embeddable":true,"href":"https:\/\/puffvapestore.com\/sv\/wp-json\/wp\/v2\/product_brand?post=5293"},{"taxonomy":"product_cat","embeddable":true,"href":"https:\/\/puffvapestore.com\/sv\/wp-json\/wp\/v2\/product_cat?post=5293"},{"taxonomy":"product_tag","embeddable":true,"href":"https:\/\/puffvapestore.com\/sv\/wp-json\/wp\/v2\/product_tag?post=5293"}],"curies":[{"name":"wp","href":"https:\/\/api.w.org\/{rel}","templated":true}]}}