{"id":5282,"date":"2025-07-17T08:46:37","date_gmt":"2025-07-17T08:46:37","guid":{"rendered":"https:\/\/puffvapestore.com\/?post_type=product&#038;p=5282"},"modified":"2026-04-21T07:09:22","modified_gmt":"2026-04-21T07:09:22","slug":"blueberry-on-ice-fumot-leopard-40000-est-un-arome-de-myrtille-authentique","status":"publish","type":"product","link":"https:\/\/puffvapestore.com\/sv\/product\/blueberry-on-ice-fumot-leopard-40000-ar-en-akta-blabarssmak\/","title":{"rendered":"Bl\u00e5b\u00e4r p\u00e5 is - Fumot Leopard 40000"},"content":{"rendered":"<div data-elementor-type=\"wp-post\" data-elementor-id=\"5282\" class=\"elementor elementor-5282\">\n\t\t\t\t<div class=\"elementor-element elementor-element-08c26f9 e-flex e-con-boxed e-con e-parent\" data-id=\"08c26f9\" data-element_type=\"container\" data-e-type=\"container\">\n\t\t\t\t\t<div class=\"e-con-inner\">\n\t\t\t\t<div class=\"elementor-element elementor-element-a005a97 elementor-widget elementor-widget-text-editor\" data-id=\"a005a97\" data-element_type=\"widget\" data-e-type=\"widget\" data-widget_type=\"text-editor.default\">\n\t\t\t\t<div class=\"elementor-widget-container\">\n\t\t\t\t\t\t\t\t\t<p>Fumot Leopard 40000 Blueberry on Ice \u00e4r en smak f\u00f6r elektroniska cigaretter som baseras p\u00e5 \u00e4kta bl\u00e5b\u00e4r och ger en k\u00e4nsla av friskhet och svalka som \u00e4r mycket uppskattad och allm\u00e4nt accepterad. Dess egenskaper \u00e4r: en rik fruktig arom, m\u00e5ttlig s\u00f6tma, en k\u00e4nsla av isig friskhet och distinkta nyanser. Det \u00e4r en klassisk smak som l\u00e4mpar sig f\u00f6r l\u00e5ngvarig konsumtion och som ger en behaglig smak.<\/p><p>Smak av bl\u00e5b\u00e4r: Naturlig bl\u00e5b\u00e4rssmak \u00e4r rik, med den syrliga, s\u00f6ta smaken av riktig frukt och p\u00e5minner om den saftiga smaken av mogna bl\u00e5b\u00e4r, snarare \u00e4n en konstgjord godissmak.<\/p><p>Fr\u00e4schhet (\u00f6ver is): Friskheten \u00e4r m\u00e5ttlig till stark, inte bara mintig, utan mer som en sval munk\u00e4nsla efter att ha intagit smoothien. Fr\u00e4schheten str\u00e4cker sig fr\u00e5n tungspetsen till halsen, uppfriskande och svalkande, vilket bidrar till att neutralisera bl\u00e5b\u00e4rens s\u00f6tma och ger en j\u00e4mn doftupplevelse.<\/p><h2>Balans och skiktning av smaker i Blueberry on Ice<\/h2><p>Toppnoter: R\u00f6ken avger en livlig, frisk bl\u00e5b\u00e4rsdoft, n\u00e5got sammandragande och bitters\u00f6t.<\/p><p>Hj\u00e4rtnot: S\u00f6tman accentueras, den fruktiga k\u00e4nslan \u00e4r fylligare, med en l\u00e4tt marmeladk\u00e4nsla och en kr\u00e4mig r\u00f6k.<\/p><p>Basnot: K\u00e4nslan av is \u00f6kar gradvis och friskheten sprids p\u00e5 utandningen, vilket l\u00e4mnar en l\u00e4tt bl\u00e5b\u00e4rsdoft och en n\u00e5got sval eftersmak i halsen.<\/p><p>Helhetsupplevelse: De fruktiga och isiga k\u00e4nslorna sm\u00e4lter samman naturligt, utan intryck av att skilja de tv\u00e5 smakerna \u00e5t.<\/p>\t\t\t\t\t\t\t\t<\/div>\n\t\t\t\t<\/div>\n\t\t\t\t\t<\/div>\n\t\t\t\t<\/div>\n\t\t<div class=\"elementor-element elementor-element-718b380 e-flex e-con-boxed e-con e-parent\" data-id=\"718b380\" data-element_type=\"container\" data-e-type=\"container\">\n\t\t\t\t\t<div class=\"e-con-inner\">\n\t\t\t\t<div class=\"elementor-element elementor-element-d2cc8fa elementor-widget elementor-widget-text-editor\" data-id=\"d2cc8fa\" data-element_type=\"widget\" data-e-type=\"widget\" data-widget_type=\"text-editor.default\">\n\t\t\t\t<div class=\"elementor-widget-container\">\n\t\t\t\t\t\t\t\t\t<h2>Egenskaper f\u00f6r Fumot Leopard 40000 Blueberry on Ice:<\/h2><p>Puffar och batteri: Utrustad med ett uppladdningsbart batteri p\u00e5 700 mAh som laddas via USB-C f\u00f6r upp till 40.000 puffar.<\/p><p>Motst\u00e5ndssystem med dubbla n\u00e4t: Utrustad med ett motst\u00e5nd med dubbla n\u00e4t som v\u00e4rms upp kontinuerligt och producerar rik, kr\u00e4mig \u00e5nga under hela sin livsl\u00e4ngd.<\/p><p>LED och digital display: Utrustad med en upps\u00e4ttning RGB-lampor och en dubbel digital r\u00f6rdisplay: den ena sidan visar \u00e5terst\u00e5ende e-v\u00e4tskeniv\u00e5, den andra batteriniv\u00e5n.<\/p><p>Nikotinniv\u00e5er och smaker: Finns i nikotinniv\u00e5erna 0 %, 2 %, 3 % eller 5 %.<\/p><p>Design: Transparent skal med i\u00f6gonfallande leopardtryck, f\u00e4rgade innerlampor som roterar vid varje bl\u00e5sning.<\/p><h2>F\u00f6rdelarna med Fumot Leopard 40000 Blueberry on Ice:<\/h2><p>Uppladdningsbar, s\u00e5 du beh\u00f6ver inte sl\u00e4nga den i f\u00f6rtid.<\/p><p>Elegant LED-grafik + tydlig, attraktiv design.<\/p><p>Enkel \u00f6vervakning av \u00e5terst\u00e5ende e-v\u00e4tska och batteriniv\u00e5.<\/p>\t\t\t\t\t\t\t\t<\/div>\n\t\t\t\t<\/div>\n\t\t\t\t\t<\/div>\n\t\t\t\t<\/div>\n\t\t\t\t<\/div>","protected":false},"excerpt":{"rendered":"<p>Fumot Leopard 40000 Blueberry on Ice est un ar\u00f4me de cigarette \u00e9lectronique \u00e0 base de myrtille authentique, offrant une sensation de fra\u00eecheur et de fra\u00eecheur, tr\u00e8s appr\u00e9ci\u00e9 et largement accept\u00e9. Ses caract\u00e9ristiques sont\u00a0: un ar\u00f4me fruit\u00e9 riche, une douceur mod\u00e9r\u00e9e, une sensation de fra\u00eecheur glac\u00e9e et des nuances distinctes. C&rsquo;est un ar\u00f4me classique adapt\u00e9 \u00e0 [&hellip;]<\/p>\n","protected":false},"featured_media":5084,"comment_status":"open","ping_status":"closed","template":"","meta":{"site-sidebar-layout":"no-sidebar","site-content-layout":"page-builder","ast-site-content-layout":"normal-width-container","site-content-style":"default","site-sidebar-style":"default","ast-global-header-display":"","ast-banner-title-visibility":"","ast-main-header-display":"","ast-hfb-above-header-display":"","ast-hfb-below-header-display":"","ast-hfb-mobile-header-display":"","site-post-title":"disabled","ast-breadcrumbs-content":"","ast-featured-img":"disabled","footer-sml-layout":"","ast-disable-related-posts":"","theme-transparent-header-meta":"default","adv-header-id-meta":"","stick-header-meta":"default","header-above-stick-meta":"","header-main-stick-meta":"","header-below-stick-meta":"","astra-migrate-meta-layouts":"set","ast-page-background-enabled":"default","ast-page-background-meta":{"desktop":{"background-color":"","background-image":"","background-repeat":"repeat","background-position":"center center","background-size":"auto","background-attachment":"scroll","background-type":"","background-media":"","overlay-type":"","overlay-color":"","overlay-opacity":"","overlay-gradient":""},"tablet":{"background-color":"","background-image":"","background-repeat":"repeat","background-position":"center center","background-size":"auto","background-attachment":"scroll","background-type":"","background-media":"","overlay-type":"","overlay-color":"","overlay-opacity":"","overlay-gradient":""},"mobile":{"background-color":"","background-image":"","background-repeat":"repeat","background-position":"center center","background-size":"auto","background-attachment":"scroll","background-type":"","background-media":"","overlay-type":"","overlay-color":"","overlay-opacity":"","overlay-gradient":""}},"ast-content-background-meta":{"desktop":{"background-color":"var(--ast-global-color-5)","background-image":"","background-repeat":"repeat","background-position":"center center","background-size":"auto","background-attachment":"scroll","background-type":"","background-media":"","overlay-type":"","overlay-color":"","overlay-opacity":"","overlay-gradient":""},"tablet":{"background-color":"var(--ast-global-color-5)","background-image":"","background-repeat":"repeat","background-position":"center center","background-size":"auto","background-attachment":"scroll","background-type":"","background-media":"","overlay-type":"","overlay-color":"","overlay-opacity":"","overlay-gradient":""},"mobile":{"background-color":"var(--ast-global-color-5)","background-image":"","background-repeat":"repeat","background-position":"center center","background-size":"auto","background-attachment":"scroll","background-type":"","background-media":"","overlay-type":"","overlay-color":"","overlay-opacity":"","overlay-gradient":""}}},"product_brand":[42],"product_cat":[50,88,77,15],"product_tag":[],"class_list":{"0":"post-5282","1":"product","2":"type-product","3":"status-publish","4":"has-post-thumbnail","6":"product_brand-randm-tornado","7":"product_cat-randm-tornado-40000-avec-ecran-led-hd","8":"product_cat-puff-40k","9":"product_cat-entrepot-de-lue","10":"product_cat-magasin-cigarette-electronique","11":"desktop-align-center","12":"tablet-align-center","13":"mobile-align-center","14":"ast-product-gallery-layout-horizontal","15":"ast-product-gallery-with-no-image","16":"ast-product-single-variable","17":"ast-product-tabs-layout-horizontal","18":"ast-qv-on-image","20":"first","21":"instock","22":"sale","23":"shipping-taxable","24":"purchasable","25":"product-type-variable","26":"has-default-attributes"},"tiered_pricing_type":"fixed","tiered_pricing_fixed_rules":{"30":10.42,"60":9.26,"100":8.05,"200":7.8,"500":7.67,"1000":7.38},"tiered_pricing_product_settings":{"layout":"default","base_unit_name":{"singular":null,"plural":null},"default_variation":null},"tiered_pricing_minimum_quantity":null,"tiered_pricing_roles_data":[],"tiered_pricing_percentage_rules":[],"_links":{"self":[{"href":"https:\/\/puffvapestore.com\/sv\/wp-json\/wp\/v2\/product\/5282","targetHints":{"allow":["GET"]}}],"collection":[{"href":"https:\/\/puffvapestore.com\/sv\/wp-json\/wp\/v2\/product"}],"about":[{"href":"https:\/\/puffvapestore.com\/sv\/wp-json\/wp\/v2\/types\/product"}],"replies":[{"embeddable":true,"href":"https:\/\/puffvapestore.com\/sv\/wp-json\/wp\/v2\/comments?post=5282"}],"version-history":[{"count":7,"href":"https:\/\/puffvapestore.com\/sv\/wp-json\/wp\/v2\/product\/5282\/revisions"}],"predecessor-version":[{"id":10755,"href":"https:\/\/puffvapestore.com\/sv\/wp-json\/wp\/v2\/product\/5282\/revisions\/10755"}],"wp:featuredmedia":[{"embeddable":true,"href":"https:\/\/puffvapestore.com\/sv\/wp-json\/wp\/v2\/media\/5084"}],"wp:attachment":[{"href":"https:\/\/puffvapestore.com\/sv\/wp-json\/wp\/v2\/media?parent=5282"}],"wp:term":[{"taxonomy":"product_brand","embeddable":true,"href":"https:\/\/puffvapestore.com\/sv\/wp-json\/wp\/v2\/product_brand?post=5282"},{"taxonomy":"product_cat","embeddable":true,"href":"https:\/\/puffvapestore.com\/sv\/wp-json\/wp\/v2\/product_cat?post=5282"},{"taxonomy":"product_tag","embeddable":true,"href":"https:\/\/puffvapestore.com\/sv\/wp-json\/wp\/v2\/product_tag?post=5282"}],"curies":[{"name":"wp","href":"https:\/\/api.w.org\/{rel}","templated":true}]}}