{"id":5271,"date":"2025-07-17T06:37:40","date_gmt":"2025-07-17T06:37:40","guid":{"rendered":"https:\/\/puffvapestore.com\/?post_type=product&#038;p=5271"},"modified":"2026-04-21T07:09:14","modified_gmt":"2026-04-21T07:09:14","slug":"watermelon-bubblegum-fumot-leopard-40000-offre-la-fraicheur","status":"publish","type":"product","link":"https:\/\/puffvapestore.com\/sv\/product\/vattenmelon-bubbelgum-fumot-leopard-40000-erbjuder-farskhet\/","title":{"rendered":"Vattenmelon Bubblegum - Fumot Leopard 40000"},"content":{"rendered":"<div data-elementor-type=\"wp-post\" data-elementor-id=\"5271\" class=\"elementor elementor-5271\">\n\t\t\t\t<div class=\"elementor-element elementor-element-08c26f9 e-flex e-con-boxed e-con e-parent\" data-id=\"08c26f9\" data-element_type=\"container\" data-e-type=\"container\">\n\t\t\t\t\t<div class=\"e-con-inner\">\n\t\t\t\t<div class=\"elementor-element elementor-element-a005a97 elementor-widget elementor-widget-text-editor\" data-id=\"a005a97\" data-element_type=\"widget\" data-e-type=\"widget\" data-widget_type=\"text-editor.default\">\n\t\t\t\t<div class=\"elementor-widget-container\">\n\t\t\t\t\t\t\t\t\t<p>Denna Watermelon Bubblegum-smak kombinerar f\u00e4rskheten hos en saftig vattenmelon med den s\u00f6ta aromen av bubbelgum. S\u00e5 snart du andas in r\u00f6ken avsl\u00f6jar den naturliga f\u00e4rskheten i en sommarodling, f\u00f6ljt av den s\u00f6ta doften av rosa bubbelgum, symbolen f\u00f6r barndomen. Med varje inandning kommer du att k\u00e4nna att du befinner dig i en utomhustr\u00e4dg\u00e5rd i s\u00f6dra Frankrike. Solen skiner och en avslappnad eftermiddag h\u00e5ller du en elektronisk cigarett Fumot Leopard 40000 med smak av Watermelon Bubblegum i handen och andas ut en puff \u00e5nga. Atmosf\u00e4ren verkar f\u00e4rgas av en mild bris, s\u00e4rskilt naturlig och elegant i denna milj\u00f6.<\/p><h2>S\u00f6t och saftig vattenmelon<\/h2><p>Huvudsmak: Vattenmelon \u00e4r k\u00e4rnan i denna smak, som avsl\u00f6jar de fr\u00e4scha, s\u00f6ta och saftiga egenskaperna hos en mogen vattenmelon.<\/p><p>Detaljer : Vattenmelon har en fr\u00e4sch fruktig arom med en l\u00e4tt pulperig konsistens, som om du sippade p\u00e5 vattenmelonjuice. Denna s\u00f6tma \u00e4r omedelbart m\u00e4rkbar vid inandning och erbjuder en somrig friskhet till smakl\u00f6karna.<\/p><h2>S\u00f6tman och nostalgin hos Bubblegum<\/h2><p>Sekund\u00e4r smak: Bubblegum ger en s\u00f6t, lite kr\u00e4mig touch till denna smak och v\u00e4cker nostalgiska minnen av tuggummit fr\u00e5n din barndom. Den \u00e4r n\u00e5got s\u00f6tare \u00e4n vattenmelon och har en mild godisarom som liknar klassiska Bubblicious- eller Hubba Bubba-tuggummin.<\/p><p>Detaljer : Tuggummismaken \u00e4r mer uttalad n\u00e4r man andas ut och ger en mjuk, s\u00f6t finish.<\/p>\t\t\t\t\t\t\t\t<\/div>\n\t\t\t\t<\/div>\n\t\t\t\t\t<\/div>\n\t\t\t\t<\/div>\n\t\t<div class=\"elementor-element elementor-element-718b380 e-flex e-con-boxed e-con e-parent\" data-id=\"718b380\" data-element_type=\"container\" data-e-type=\"container\">\n\t\t\t\t\t<div class=\"e-con-inner\">\n\t\t\t\t<div class=\"elementor-element elementor-element-d2cc8fa elementor-widget elementor-widget-text-editor\" data-id=\"d2cc8fa\" data-element_type=\"widget\" data-e-type=\"widget\" data-widget_type=\"text-editor.default\">\n\t\t\t\t<div class=\"elementor-widget-container\">\n\t\t\t\t\t\t\t\t\t<h2>Egenskaper f\u00f6r Fumot Leopard 40000 Watermelon Bubblegum:<\/h2><p>Puffar och batteri: Utrustad med ett uppladdningsbart batteri p\u00e5 700 mAh som laddas via USB-C f\u00f6r upp till 40.000 puffar.<\/p><p>Motst\u00e5ndssystem med dubbla n\u00e4t: Utrustad med ett motst\u00e5nd med dubbla n\u00e4t som v\u00e4rms upp kontinuerligt och producerar rik, kr\u00e4mig \u00e5nga under hela sin livsl\u00e4ngd.<\/p><p>LED och digital display: Utrustad med en upps\u00e4ttning RGB-lampor och en dubbel digital r\u00f6rdisplay: den ena sidan visar \u00e5terst\u00e5ende e-v\u00e4tskeniv\u00e5, den andra batteriniv\u00e5n.<\/p><p>Nikotinniv\u00e5er och smaker: Finns i nikotinniv\u00e5erna 0 %, 2 %, 3 % eller 5 %.<\/p><p>Design: Transparent skal med i\u00f6gonfallande leopardtryck, f\u00e4rgade innerlampor som roterar vid varje bl\u00e5sning.<\/p><h2>F\u00f6rdelarna med Fumot Leopard 40000 Watermelon Bubblegum:<\/h2><p>Uppladdningsbar, s\u00e5 du beh\u00f6ver inte sl\u00e4nga den i f\u00f6rtid.<\/p><p>Elegant LED-grafik + tydlig, attraktiv design.<\/p><p>Enkel \u00f6vervakning av \u00e5terst\u00e5ende e-v\u00e4tska och batteriniv\u00e5.<\/p>\t\t\t\t\t\t\t\t<\/div>\n\t\t\t\t<\/div>\n\t\t\t\t\t<\/div>\n\t\t\t\t<\/div>\n\t\t\t\t<\/div>","protected":false},"excerpt":{"rendered":"<p>Ce go\u00fbt Past\u00e8que Bubblegum allie avec raffinement la fra\u00eecheur d&rsquo;une past\u00e8que juteuse \u00e0 l&rsquo;ar\u00f4me sucr\u00e9 du bubblegum. D\u00e8s l&rsquo;inhalation, la fum\u00e9e r\u00e9v\u00e8le la fra\u00eecheur naturelle d&rsquo;un verger estival, suivie du doux parfum d&rsquo;un bubblegum rose, symbole de l&rsquo;enfance. \u00c0 chaque inhalation, vous vous sentirez comme dans un jardin en plein air du sud de la [&hellip;]<\/p>\n","protected":false},"featured_media":5096,"comment_status":"open","ping_status":"closed","template":"","meta":{"site-sidebar-layout":"no-sidebar","site-content-layout":"page-builder","ast-site-content-layout":"normal-width-container","site-content-style":"default","site-sidebar-style":"default","ast-global-header-display":"","ast-banner-title-visibility":"","ast-main-header-display":"","ast-hfb-above-header-display":"","ast-hfb-below-header-display":"","ast-hfb-mobile-header-display":"","site-post-title":"disabled","ast-breadcrumbs-content":"","ast-featured-img":"disabled","footer-sml-layout":"","ast-disable-related-posts":"","theme-transparent-header-meta":"default","adv-header-id-meta":"","stick-header-meta":"default","header-above-stick-meta":"","header-main-stick-meta":"","header-below-stick-meta":"","astra-migrate-meta-layouts":"set","ast-page-background-enabled":"default","ast-page-background-meta":{"desktop":{"background-color":"","background-image":"","background-repeat":"repeat","background-position":"center center","background-size":"auto","background-attachment":"scroll","background-type":"","background-media":"","overlay-type":"","overlay-color":"","overlay-opacity":"","overlay-gradient":""},"tablet":{"background-color":"","background-image":"","background-repeat":"repeat","background-position":"center center","background-size":"auto","background-attachment":"scroll","background-type":"","background-media":"","overlay-type":"","overlay-color":"","overlay-opacity":"","overlay-gradient":""},"mobile":{"background-color":"","background-image":"","background-repeat":"repeat","background-position":"center center","background-size":"auto","background-attachment":"scroll","background-type":"","background-media":"","overlay-type":"","overlay-color":"","overlay-opacity":"","overlay-gradient":""}},"ast-content-background-meta":{"desktop":{"background-color":"var(--ast-global-color-5)","background-image":"","background-repeat":"repeat","background-position":"center center","background-size":"auto","background-attachment":"scroll","background-type":"","background-media":"","overlay-type":"","overlay-color":"","overlay-opacity":"","overlay-gradient":""},"tablet":{"background-color":"var(--ast-global-color-5)","background-image":"","background-repeat":"repeat","background-position":"center center","background-size":"auto","background-attachment":"scroll","background-type":"","background-media":"","overlay-type":"","overlay-color":"","overlay-opacity":"","overlay-gradient":""},"mobile":{"background-color":"var(--ast-global-color-5)","background-image":"","background-repeat":"repeat","background-position":"center center","background-size":"auto","background-attachment":"scroll","background-type":"","background-media":"","overlay-type":"","overlay-color":"","overlay-opacity":"","overlay-gradient":""}}},"product_brand":[42],"product_cat":[50,88,77,15],"product_tag":[],"class_list":{"0":"post-5271","1":"product","2":"type-product","3":"status-publish","4":"has-post-thumbnail","6":"product_brand-randm-tornado","7":"product_cat-randm-tornado-40000-avec-ecran-led-hd","8":"product_cat-puff-40k","9":"product_cat-entrepot-de-lue","10":"product_cat-magasin-cigarette-electronique","11":"desktop-align-center","12":"tablet-align-center","13":"mobile-align-center","14":"ast-product-gallery-layout-horizontal","15":"ast-product-gallery-with-no-image","16":"ast-product-single-variable","17":"ast-product-tabs-layout-horizontal","18":"ast-qv-on-image","20":"first","21":"instock","22":"sale","23":"shipping-taxable","24":"purchasable","25":"product-type-variable","26":"has-default-attributes"},"tiered_pricing_type":"fixed","tiered_pricing_fixed_rules":{"30":10.42,"60":9.26,"100":8.05,"200":7.8,"500":7.67,"1000":7.38},"tiered_pricing_product_settings":{"layout":"default","base_unit_name":{"singular":null,"plural":null},"default_variation":null},"tiered_pricing_minimum_quantity":null,"tiered_pricing_roles_data":[],"tiered_pricing_percentage_rules":[],"_links":{"self":[{"href":"https:\/\/puffvapestore.com\/sv\/wp-json\/wp\/v2\/product\/5271","targetHints":{"allow":["GET"]}}],"collection":[{"href":"https:\/\/puffvapestore.com\/sv\/wp-json\/wp\/v2\/product"}],"about":[{"href":"https:\/\/puffvapestore.com\/sv\/wp-json\/wp\/v2\/types\/product"}],"replies":[{"embeddable":true,"href":"https:\/\/puffvapestore.com\/sv\/wp-json\/wp\/v2\/comments?post=5271"}],"version-history":[{"count":7,"href":"https:\/\/puffvapestore.com\/sv\/wp-json\/wp\/v2\/product\/5271\/revisions"}],"predecessor-version":[{"id":10756,"href":"https:\/\/puffvapestore.com\/sv\/wp-json\/wp\/v2\/product\/5271\/revisions\/10756"}],"wp:featuredmedia":[{"embeddable":true,"href":"https:\/\/puffvapestore.com\/sv\/wp-json\/wp\/v2\/media\/5096"}],"wp:attachment":[{"href":"https:\/\/puffvapestore.com\/sv\/wp-json\/wp\/v2\/media?parent=5271"}],"wp:term":[{"taxonomy":"product_brand","embeddable":true,"href":"https:\/\/puffvapestore.com\/sv\/wp-json\/wp\/v2\/product_brand?post=5271"},{"taxonomy":"product_cat","embeddable":true,"href":"https:\/\/puffvapestore.com\/sv\/wp-json\/wp\/v2\/product_cat?post=5271"},{"taxonomy":"product_tag","embeddable":true,"href":"https:\/\/puffvapestore.com\/sv\/wp-json\/wp\/v2\/product_tag?post=5271"}],"curies":[{"name":"wp","href":"https:\/\/api.w.org\/{rel}","templated":true}]}}