{"id":5260,"date":"2025-07-17T03:28:54","date_gmt":"2025-07-17T03:28:54","guid":{"rendered":"https:\/\/puffvapestore.com\/?post_type=product&#038;p=5260"},"modified":"2026-04-21T07:09:07","modified_gmt":"2026-04-21T07:09:07","slug":"peachy-mango-pineapple-fumot-40000-offre-une-saveur-juteuse-et-juteuse","status":"publish","type":"product","link":"https:\/\/puffvapestore.com\/sv\/product\/persika-mango-ananas-fumot-40000-ger-en-saftig-smak\/","title":{"rendered":"Peachy Mango Ananas - Fumot Leopard 40000"},"content":{"rendered":"<div data-elementor-type=\"wp-post\" data-elementor-id=\"5260\" class=\"elementor elementor-5260\">\n\t\t\t\t<div class=\"elementor-element elementor-element-08c26f9 e-flex e-con-boxed e-con e-parent\" data-id=\"08c26f9\" data-element_type=\"container\" data-e-type=\"container\">\n\t\t\t\t\t<div class=\"e-con-inner\">\n\t\t\t\t<div class=\"elementor-element elementor-element-a005a97 elementor-widget elementor-widget-text-editor\" data-id=\"a005a97\" data-element_type=\"widget\" data-e-type=\"widget\" data-widget_type=\"text-editor.default\">\n\t\t\t\t<div class=\"elementor-widget-container\">\n\t\t\t\t\t\t\t\t\t<p>Smaken Peach Mango Pineapple \u00e4r en s\u00f6t kombination av tropiska frukter med en saftig smak. Det \u00e4r en uppfriskande, lite s\u00f6t smak. Den fruktiga aromen \u00e4r intensiv s\u00e5 snart den kommer in i munnen, med en l\u00e5ng eftersmak n\u00e4r du andas ut. Passar dig som \u00e4lskar fruktiga smaker och fr\u00e4scha, s\u00f6ta smaker.<\/p><p><strong>Fiske<\/strong> Doften av mogna gula persikor ger en touch av s\u00f6tma till helheten. Smaken \u00e4r naturlig, n\u00e5got fyllig, n\u00e4ra s\u00f6tman i konserverad persikohonung, utan att vara fet. Fr\u00e4sch och l\u00e4tt kr\u00e4mig, den f\u00f6rst\u00e4rker smakens rundhet.<\/p><p><strong>Mango\u00a0<\/strong>Dess rika, n\u00e5got hartsartade tropiska mangoarom, med sin n\u00e5got uttalade mogna mangosmak, f\u00f6rst\u00e4rker den aromatiska intensiteten och g\u00f6r den totala smaken rikare och mer tredimensionell.<\/p><p><strong>Ananas\u00a0<\/strong>Den uppfriskande ingrediensen i denna smak \u00e4r dess distinkta s\u00f6tsura smak. Den p\u00e5minner mer om f\u00e4rsk ananas, med en m\u00e5ttlig fruktig syra som stimulerar tungspetsen och en l\u00e4tt ananasenzymk\u00e4nsla i munnen.<\/p>\t\t\t\t\t\t\t\t<\/div>\n\t\t\t\t<\/div>\n\t\t\t\t\t<\/div>\n\t\t\t\t<\/div>\n\t\t<div class=\"elementor-element elementor-element-718b380 e-flex e-con-boxed e-con e-parent\" data-id=\"718b380\" data-element_type=\"container\" data-e-type=\"container\">\n\t\t\t\t\t<div class=\"e-con-inner\">\n\t\t\t\t<div class=\"elementor-element elementor-element-d2cc8fa elementor-widget elementor-widget-text-editor\" data-id=\"d2cc8fa\" data-element_type=\"widget\" data-e-type=\"widget\" data-widget_type=\"text-editor.default\">\n\t\t\t\t<div class=\"elementor-widget-container\">\n\t\t\t\t\t\t\t\t\t<h2>Funktioner f\u00f6r Fumot Leopard 40000 :<\/h2><p>Puffar och batteri: Utrustad med ett uppladdningsbart batteri p\u00e5 700 mAh som laddas via USB-C f\u00f6r upp till 40.000 puffar.<\/p><p>Motst\u00e5ndssystem med dubbla n\u00e4t: Utrustad med ett motst\u00e5nd med dubbla n\u00e4t som v\u00e4rms upp kontinuerligt och producerar rik, kr\u00e4mig \u00e5nga under hela sin livsl\u00e4ngd.<\/p><p>LED och digital display: Utrustad med en upps\u00e4ttning RGB-lampor och en dubbel digital r\u00f6rdisplay: den ena sidan visar \u00e5terst\u00e5ende e-v\u00e4tskeniv\u00e5, den andra batteriniv\u00e5n.<\/p><p>Nikotinniv\u00e5er och smaker: Finns i nikotinniv\u00e5erna 0 %, 2 %, 3 % eller 5 %.<\/p><p>Design: Transparent skal med i\u00f6gonfallande leopardtryck, f\u00e4rgade innerlampor som roterar vid varje bl\u00e5sning.<\/p><h2>F\u00f6rdelar med Fumot Leopard 40000 :<\/h2><p>Uppladdningsbar, s\u00e5 du beh\u00f6ver inte sl\u00e4nga den i f\u00f6rtid.<\/p><p>Elegant LED-grafik + tydlig, attraktiv design.<\/p><p>Enkel \u00f6vervakning av \u00e5terst\u00e5ende e-v\u00e4tska och batteriniv\u00e5.<\/p>\t\t\t\t\t\t\t\t<\/div>\n\t\t\t\t<\/div>\n\t\t\t\t\t<\/div>\n\t\t\t\t<\/div>\n\t\t\t\t<\/div>","protected":false},"excerpt":{"rendered":"<p>La saveur P\u00eache Mangue Ananas est une douce combinaison de fruits tropicaux, avec une saveur juteuse et juteuse. C&rsquo;est une saveur rafra\u00eechissante et l\u00e9g\u00e8rement sucr\u00e9e. L&rsquo;ar\u00f4me fruit\u00e9 est intense d\u00e8s l&rsquo;entr\u00e9e en bouche, avec un arri\u00e8re-go\u00fbt long \u00e0 l&rsquo;expiration. Elles conviennent aux amateurs de saveurs fruit\u00e9es et de saveurs fra\u00eeches et sucr\u00e9es. P\u00eache : L&rsquo;ar\u00f4me [&hellip;]<\/p>\n","protected":false},"featured_media":5091,"comment_status":"open","ping_status":"closed","template":"","meta":{"site-sidebar-layout":"no-sidebar","site-content-layout":"page-builder","ast-site-content-layout":"normal-width-container","site-content-style":"default","site-sidebar-style":"default","ast-global-header-display":"","ast-banner-title-visibility":"","ast-main-header-display":"","ast-hfb-above-header-display":"","ast-hfb-below-header-display":"","ast-hfb-mobile-header-display":"","site-post-title":"disabled","ast-breadcrumbs-content":"","ast-featured-img":"disabled","footer-sml-layout":"","ast-disable-related-posts":"","theme-transparent-header-meta":"default","adv-header-id-meta":"","stick-header-meta":"default","header-above-stick-meta":"","header-main-stick-meta":"","header-below-stick-meta":"","astra-migrate-meta-layouts":"set","ast-page-background-enabled":"default","ast-page-background-meta":{"desktop":{"background-color":"","background-image":"","background-repeat":"repeat","background-position":"center center","background-size":"auto","background-attachment":"scroll","background-type":"","background-media":"","overlay-type":"","overlay-color":"","overlay-opacity":"","overlay-gradient":""},"tablet":{"background-color":"","background-image":"","background-repeat":"repeat","background-position":"center center","background-size":"auto","background-attachment":"scroll","background-type":"","background-media":"","overlay-type":"","overlay-color":"","overlay-opacity":"","overlay-gradient":""},"mobile":{"background-color":"","background-image":"","background-repeat":"repeat","background-position":"center center","background-size":"auto","background-attachment":"scroll","background-type":"","background-media":"","overlay-type":"","overlay-color":"","overlay-opacity":"","overlay-gradient":""}},"ast-content-background-meta":{"desktop":{"background-color":"var(--ast-global-color-5)","background-image":"","background-repeat":"repeat","background-position":"center center","background-size":"auto","background-attachment":"scroll","background-type":"","background-media":"","overlay-type":"","overlay-color":"","overlay-opacity":"","overlay-gradient":""},"tablet":{"background-color":"var(--ast-global-color-5)","background-image":"","background-repeat":"repeat","background-position":"center center","background-size":"auto","background-attachment":"scroll","background-type":"","background-media":"","overlay-type":"","overlay-color":"","overlay-opacity":"","overlay-gradient":""},"mobile":{"background-color":"var(--ast-global-color-5)","background-image":"","background-repeat":"repeat","background-position":"center center","background-size":"auto","background-attachment":"scroll","background-type":"","background-media":"","overlay-type":"","overlay-color":"","overlay-opacity":"","overlay-gradient":""}}},"product_brand":[42],"product_cat":[50,88,77,15],"product_tag":[],"class_list":{"0":"post-5260","1":"product","2":"type-product","3":"status-publish","4":"has-post-thumbnail","6":"product_brand-randm-tornado","7":"product_cat-randm-tornado-40000-avec-ecran-led-hd","8":"product_cat-puff-40k","9":"product_cat-entrepot-de-lue","10":"product_cat-magasin-cigarette-electronique","11":"desktop-align-center","12":"tablet-align-center","13":"mobile-align-center","14":"ast-product-gallery-layout-horizontal","15":"ast-product-gallery-with-no-image","16":"ast-product-single-variable","17":"ast-product-tabs-layout-horizontal","18":"ast-qv-on-image","20":"first","21":"instock","22":"sale","23":"shipping-taxable","24":"purchasable","25":"product-type-variable","26":"has-default-attributes"},"tiered_pricing_type":"fixed","tiered_pricing_fixed_rules":{"30":10.42,"60":9.26,"100":8.05,"200":7.8,"500":7.67,"1000":7.38},"tiered_pricing_product_settings":{"layout":"default","base_unit_name":{"singular":null,"plural":null},"default_variation":null},"tiered_pricing_minimum_quantity":null,"tiered_pricing_roles_data":[],"tiered_pricing_percentage_rules":[],"_links":{"self":[{"href":"https:\/\/puffvapestore.com\/sv\/wp-json\/wp\/v2\/product\/5260","targetHints":{"allow":["GET"]}}],"collection":[{"href":"https:\/\/puffvapestore.com\/sv\/wp-json\/wp\/v2\/product"}],"about":[{"href":"https:\/\/puffvapestore.com\/sv\/wp-json\/wp\/v2\/types\/product"}],"replies":[{"embeddable":true,"href":"https:\/\/puffvapestore.com\/sv\/wp-json\/wp\/v2\/comments?post=5260"}],"version-history":[{"count":7,"href":"https:\/\/puffvapestore.com\/sv\/wp-json\/wp\/v2\/product\/5260\/revisions"}],"predecessor-version":[{"id":10757,"href":"https:\/\/puffvapestore.com\/sv\/wp-json\/wp\/v2\/product\/5260\/revisions\/10757"}],"wp:featuredmedia":[{"embeddable":true,"href":"https:\/\/puffvapestore.com\/sv\/wp-json\/wp\/v2\/media\/5091"}],"wp:attachment":[{"href":"https:\/\/puffvapestore.com\/sv\/wp-json\/wp\/v2\/media?parent=5260"}],"wp:term":[{"taxonomy":"product_brand","embeddable":true,"href":"https:\/\/puffvapestore.com\/sv\/wp-json\/wp\/v2\/product_brand?post=5260"},{"taxonomy":"product_cat","embeddable":true,"href":"https:\/\/puffvapestore.com\/sv\/wp-json\/wp\/v2\/product_cat?post=5260"},{"taxonomy":"product_tag","embeddable":true,"href":"https:\/\/puffvapestore.com\/sv\/wp-json\/wp\/v2\/product_tag?post=5260"}],"curies":[{"name":"wp","href":"https:\/\/api.w.org\/{rel}","templated":true}]}}