{"id":5219,"date":"2025-07-16T08:50:52","date_gmt":"2025-07-16T08:50:52","guid":{"rendered":"https:\/\/puffvapestore.com\/?post_type=product&#038;p=5219"},"modified":"2026-04-21T07:09:55","modified_gmt":"2026-04-21T07:09:55","slug":"randm-40000-pink-lemonade-fruitee-et-rafraichissante","status":"publish","type":"product","link":"https:\/\/puffvapestore.com\/sv\/product\/randm-40000-rosa-lemonad-fruktig-och-uppfriskande\/","title":{"rendered":"RandM Tornado 40000 - Rosa lemonad"},"content":{"rendered":"<div data-elementor-type=\"wp-post\" data-elementor-id=\"5219\" class=\"elementor elementor-5219\">\n\t\t\t\t<div class=\"elementor-element elementor-element-08c26f9 e-flex e-con-boxed e-con e-parent\" data-id=\"08c26f9\" data-element_type=\"container\" data-e-type=\"container\">\n\t\t\t\t\t<div class=\"e-con-inner\">\n\t\t\t\t<div class=\"elementor-element elementor-element-a005a97 elementor-widget elementor-widget-text-editor\" data-id=\"a005a97\" data-element_type=\"widget\" data-e-type=\"widget\" data-widget_type=\"text-editor.default\">\n\t\t\t\t<div class=\"elementor-widget-container\">\n\t\t\t\t\t\t\t\t\t<p>Pink Lemonade \u00e4r en elektronisk cigarett med en frisk, livlig citronsmak som kombinerar syrlig citrus och s\u00f6ta b\u00e4raromer f\u00f6r en upplevelse som liknar den av klassisk rosa lemonad. Huvudsmaken \u00e4r en bitters\u00f6t balans, en rik och uppfriskande fruktig smak, perfekt f\u00f6r vapers som gillar en fruktig, uppfriskande k\u00e4nsla.<\/p><h2>Citrusnoter :<\/h2><p>N\u00e4r r\u00f6ken kommer in i munnen \u00e4r den f\u00f6rsta k\u00e4nslan den syrliga, livliga smaken av citron och grapefrukt, vilket ger en uppfriskande touch av citrus. Denna syra \u00e4r inte alltf\u00f6r stimulerande, utan mjuk och subtil, liknar den hos en nypressad citron, med en liten k\u00e4nsla av skal som ger en touch av \u00e4kthet.<\/p><p>Tillsatsen av grapefrukt ger en subtil fruktig komplexitet till smaken, kompletterar den uttalade syran i citronen och ger helheten en mer tredimensionell textur.<\/p><h2>Berry sockerfabrik :<\/h2><p>Efter citrussyran framtr\u00e4der s\u00e5 sm\u00e5ningom en s\u00f6t b\u00e4rarom som p\u00e5minner om hallon, jordgubbar eller en blandning av b\u00e4r. Denna s\u00f6tma, som \u00e4r mild och inte \u00f6verv\u00e4ldigande, neutraliserar perfekt citrusfrukternas syra och ger vinet en s\u00f6t smak som p\u00e5minner om rosa lemonad.<\/p><p>B\u00e4raromen ger en l\u00e4tt blommig och fruktig ton till helheten, med en varm s\u00f6tma av mogen frukt, som p\u00e5minner om en smoothie eller sommarfruktjuice.<\/p>\t\t\t\t\t\t\t\t<\/div>\n\t\t\t\t<\/div>\n\t\t\t\t\t<\/div>\n\t\t\t\t<\/div>\n\t\t<div class=\"elementor-element elementor-element-718b380 e-flex e-con-boxed e-con e-parent\" data-id=\"718b380\" data-element_type=\"container\" data-e-type=\"container\">\n\t\t\t\t\t<div class=\"e-con-inner\">\n\t\t\t\t<div class=\"elementor-element elementor-element-d2cc8fa elementor-widget elementor-widget-text-editor\" data-id=\"d2cc8fa\" data-element_type=\"widget\" data-e-type=\"widget\" data-widget_type=\"text-editor.default\">\n\t\t\t\t<div class=\"elementor-widget-container\">\n\t\t\t\t\t\t\t\t\t<h2>H\u00f6gpresterande uppladdningsbart batteri<\/h2><p>Fumot Leopard (RandM Tornado) 40000 Pink Lemonade \u00e4r utrustad med ett integrerat 700 mAh litiumbatteri, kompatibelt med USB-C snabbladdning, och laddas helt p\u00e5 cirka 30 till 45 minuter.<\/p><p>\u00c4ven om det h\u00e4r \u00e4r en elektronisk cigarett f\u00f6r eng\u00e5ngsbruk kan batteriet laddas flera g\u00e5nger f\u00f6r att s\u00e4kerst\u00e4lla optimal anv\u00e4ndning av varje droppe e-v\u00e4tska.<\/p><h2>M\u00e5nga puffar: upp till 40.000 puffar<\/h2><p>Fumot Leopard (RandM Tornado) 40000 Pink Lemonade har en exceptionell kapacitet p\u00e5 40 000 puffar, vilket \u00e4r mycket mer \u00e4n traditionella eng\u00e5ngsapparater (vanligtvis mellan 1 000 och 3 000 puffar).<\/p><p>Den teoretiska anv\u00e4ndningstiden kan vara flera veckor eller till och med flera m\u00e5nader (ber\u00e4knat p\u00e5 500 puffar per dag, dvs. cirka 80 dagars anv\u00e4ndning).<\/p><p>S\u00e4rskilt l\u00e4mplig f\u00f6r anv\u00e4ndare som inte vill byta telefon ofta.<\/p><h2>Dubbelt n\u00e4tmotst\u00e5nd<\/h2><p>Fumot Leopard (RandM Tornado) 40000 Pink Lemonade har en avancerad v\u00e4rmestruktur med dubbla maskor f\u00f6r snabb uppv\u00e4rmning och j\u00e4mn finf\u00f6rdelning.<\/p><p>Den ger intensiv smak och \u00e5nga med h\u00f6g densitet under hela anv\u00e4ndningscykeln, utan n\u00e5gon m\u00e4rkbar d\u00e4mpning.<\/p><p>F\u00f6rb\u00e4ttra r\u00f6kupplevelsen, s\u00e4rskilt f\u00f6r anv\u00e4ndare som vill ha en kraftfull throat hit eller en len smak.<\/p><h2>Intelligent digital LED-display<\/h2><p>Fumot Leopard 40000 har en integrerad h\u00f6guppl\u00f6st LED-sk\u00e4rm som visar i realtid :<\/p><p>Procentuell batteriladdning<\/p><p>E-v\u00e4tska kvar<\/p><p>Informera anv\u00e4ndarna om enhetens status p\u00e5 ett \u00f6gonblick och undvik pl\u00f6tsliga batterifel eller problem med \u00abtorrr\u00f6kning utan e-v\u00e4tska\u00bb.<\/p><h2>RGB-st\u00e4mningsbelysning i f\u00e4rg<\/h2><p>Den \u00e4r utrustad med trendiga RGB-belysningseffekter och sv\u00e4nger och \u00e4ndrar f\u00e4rg n\u00e4r du r\u00f6ker, vilket ger en touch av teknik och visuell njutning.<\/p><p>S\u00e4rskilt attraktiv och igenk\u00e4nnbar p\u00e5 natten eller kv\u00e4llen.<\/p><h2>Flera nikotinkoncentrationer tillg\u00e4ngliga<\/h2><p>Flera nikotinkoncentrationer tillg\u00e4ngliga:<\/p><p>0 % (nikotinfri, ren smak)<\/p><p>2 %, 3 %, 5 % (tillgodoser de olika behoven hos l\u00e4tta till tunga r\u00f6kare)<\/p><h2>Vem \u00e4r Fumot Leopard 40000 (RandM Tornado 40K) Pink Lemonade designad f\u00f6r?<\/h2><p>Storr\u00f6kare s\u00f6ker h\u00e5llbara eng\u00e5ngsartiklar<\/p><p>Fans av sofistikerade och attraktiva elektroniska cigaretter<\/p><p>De som vill ha en laddningsbar enhet som \u00e4r l\u00e4tt att underh\u00e5lla<\/p><h2>Vad \u00e4r det som \u00e4r s\u00e5 speciellt med Fumot Leopard 40000 (RandM Tornado 40K) Pink Lemonade?<\/h2><p>Livsl\u00e4ngd: 40.000 puffar, motsvarande cirka 9-12 veckor, dvs. cirka 500 puffar per dag<\/p><p>Visuell feedback: displayen och indikatorlamporna ger information i realtid och f\u00f6rb\u00e4ttrar estetiken<\/p><p>Prestanda: Dubbelmaskiga resistorer garanterar j\u00e4mn smak och \u00e5nga<\/p>\t\t\t\t\t\t\t\t<\/div>\n\t\t\t\t<\/div>\n\t\t\t\t\t<\/div>\n\t\t\t\t<\/div>\n\t\t\t\t<\/div>","protected":false},"excerpt":{"rendered":"<p>La Limonade Rose est une cigarette \u00e9lectronique au go\u00fbt frais et vif de citron, alliant des ar\u00f4mes d&rsquo;agrumes acidul\u00e9s et de baies sucr\u00e9es pour une exp\u00e9rience similaire \u00e0 celle de la limonade rose classique. Son ar\u00f4me principal se r\u00e9sume \u00e0 un \u00e9quilibre sucr\u00e9-amer, un ar\u00f4me fruit\u00e9 riche et rafra\u00eechissant, id\u00e9al pour les vapoteurs qui appr\u00e9cient [&hellip;]<\/p>\n","protected":false},"featured_media":5092,"comment_status":"open","ping_status":"closed","template":"","meta":{"site-sidebar-layout":"no-sidebar","site-content-layout":"page-builder","ast-site-content-layout":"normal-width-container","site-content-style":"default","site-sidebar-style":"default","ast-global-header-display":"","ast-banner-title-visibility":"","ast-main-header-display":"","ast-hfb-above-header-display":"","ast-hfb-below-header-display":"","ast-hfb-mobile-header-display":"","site-post-title":"disabled","ast-breadcrumbs-content":"","ast-featured-img":"disabled","footer-sml-layout":"","ast-disable-related-posts":"","theme-transparent-header-meta":"default","adv-header-id-meta":"","stick-header-meta":"default","header-above-stick-meta":"","header-main-stick-meta":"","header-below-stick-meta":"","astra-migrate-meta-layouts":"set","ast-page-background-enabled":"default","ast-page-background-meta":{"desktop":{"background-color":"","background-image":"","background-repeat":"repeat","background-position":"center center","background-size":"auto","background-attachment":"scroll","background-type":"","background-media":"","overlay-type":"","overlay-color":"","overlay-opacity":"","overlay-gradient":""},"tablet":{"background-color":"","background-image":"","background-repeat":"repeat","background-position":"center center","background-size":"auto","background-attachment":"scroll","background-type":"","background-media":"","overlay-type":"","overlay-color":"","overlay-opacity":"","overlay-gradient":""},"mobile":{"background-color":"","background-image":"","background-repeat":"repeat","background-position":"center center","background-size":"auto","background-attachment":"scroll","background-type":"","background-media":"","overlay-type":"","overlay-color":"","overlay-opacity":"","overlay-gradient":""}},"ast-content-background-meta":{"desktop":{"background-color":"var(--ast-global-color-5)","background-image":"","background-repeat":"repeat","background-position":"center center","background-size":"auto","background-attachment":"scroll","background-type":"","background-media":"","overlay-type":"","overlay-color":"","overlay-opacity":"","overlay-gradient":""},"tablet":{"background-color":"var(--ast-global-color-5)","background-image":"","background-repeat":"repeat","background-position":"center center","background-size":"auto","background-attachment":"scroll","background-type":"","background-media":"","overlay-type":"","overlay-color":"","overlay-opacity":"","overlay-gradient":""},"mobile":{"background-color":"var(--ast-global-color-5)","background-image":"","background-repeat":"repeat","background-position":"center center","background-size":"auto","background-attachment":"scroll","background-type":"","background-media":"","overlay-type":"","overlay-color":"","overlay-opacity":"","overlay-gradient":""}}},"product_brand":[42],"product_cat":[50,88,77,15],"product_tag":[],"class_list":{"0":"post-5219","1":"product","2":"type-product","3":"status-publish","4":"has-post-thumbnail","6":"product_brand-randm-tornado","7":"product_cat-randm-tornado-40000-avec-ecran-led-hd","8":"product_cat-puff-40k","9":"product_cat-entrepot-de-lue","10":"product_cat-magasin-cigarette-electronique","11":"desktop-align-center","12":"tablet-align-center","13":"mobile-align-center","14":"ast-product-gallery-layout-horizontal","15":"ast-product-gallery-with-no-image","16":"ast-product-single-variable","17":"ast-product-tabs-layout-horizontal","18":"ast-qv-on-image","20":"first","21":"instock","22":"sale","23":"shipping-taxable","24":"purchasable","25":"product-type-variable","26":"has-default-attributes"},"tiered_pricing_type":"fixed","tiered_pricing_fixed_rules":{"30":10.42,"60":9.26,"100":8.05,"200":7.8,"500":7.67,"1000":7.38},"tiered_pricing_product_settings":{"layout":"default","base_unit_name":{"singular":null,"plural":null},"default_variation":null},"tiered_pricing_minimum_quantity":null,"tiered_pricing_roles_data":[],"tiered_pricing_percentage_rules":[],"_links":{"self":[{"href":"https:\/\/puffvapestore.com\/sv\/wp-json\/wp\/v2\/product\/5219","targetHints":{"allow":["GET"]}}],"collection":[{"href":"https:\/\/puffvapestore.com\/sv\/wp-json\/wp\/v2\/product"}],"about":[{"href":"https:\/\/puffvapestore.com\/sv\/wp-json\/wp\/v2\/types\/product"}],"replies":[{"embeddable":true,"href":"https:\/\/puffvapestore.com\/sv\/wp-json\/wp\/v2\/comments?post=5219"}],"version-history":[{"count":7,"href":"https:\/\/puffvapestore.com\/sv\/wp-json\/wp\/v2\/product\/5219\/revisions"}],"predecessor-version":[{"id":10751,"href":"https:\/\/puffvapestore.com\/sv\/wp-json\/wp\/v2\/product\/5219\/revisions\/10751"}],"wp:featuredmedia":[{"embeddable":true,"href":"https:\/\/puffvapestore.com\/sv\/wp-json\/wp\/v2\/media\/5092"}],"wp:attachment":[{"href":"https:\/\/puffvapestore.com\/sv\/wp-json\/wp\/v2\/media?parent=5219"}],"wp:term":[{"taxonomy":"product_brand","embeddable":true,"href":"https:\/\/puffvapestore.com\/sv\/wp-json\/wp\/v2\/product_brand?post=5219"},{"taxonomy":"product_cat","embeddable":true,"href":"https:\/\/puffvapestore.com\/sv\/wp-json\/wp\/v2\/product_cat?post=5219"},{"taxonomy":"product_tag","embeddable":true,"href":"https:\/\/puffvapestore.com\/sv\/wp-json\/wp\/v2\/product_tag?post=5219"}],"curies":[{"name":"wp","href":"https:\/\/api.w.org\/{rel}","templated":true}]}}