{"id":5208,"date":"2025-07-16T07:39:57","date_gmt":"2025-07-16T07:39:57","guid":{"rendered":"https:\/\/puffvapestore.com\/?post_type=product&#038;p=5208"},"modified":"2026-04-21T07:09:47","modified_gmt":"2026-04-21T07:09:47","slug":"randm-40000-kiwi-passionfruit-guava-une-fraicheur-naturelle","status":"publish","type":"product","link":"https:\/\/puffvapestore.com\/sv\/product\/randm-40000-kiwi-passionfrukt-guava-naturlig-friskhet\/","title":{"rendered":"RandM Tornado 40000 - Kiwi Passionsfrukt Guava"},"content":{"rendered":"<div data-elementor-type=\"wp-post\" data-elementor-id=\"5208\" class=\"elementor elementor-5208\">\n\t\t\t\t<div class=\"elementor-element elementor-element-08c26f9 e-flex e-con-boxed e-con e-parent\" data-id=\"08c26f9\" data-element_type=\"container\" data-e-type=\"container\">\n\t\t\t\t\t<div class=\"e-con-inner\">\n\t\t\t\t<div class=\"elementor-element elementor-element-a005a97 elementor-widget elementor-widget-text-editor\" data-id=\"a005a97\" data-element_type=\"widget\" data-e-type=\"widget\" data-widget_type=\"text-editor.default\">\n\t\t\t\t<div class=\"elementor-widget-container\">\n\t\t\t\t\t\t\t\t\t<p>Den f\u00f6rsta doften ger en uppfriskande s\u00f6t och syrlig smak av kiwi, som om solen bryter igenom de parisiska molnen och f\u00f6rsiktigt smeker smakl\u00f6karna. Detta f\u00f6ljs av de tropiska aromerna av passionsfrukt, som en Medelhavsbris. Slutligen avslutas finishen med s\u00f6t guava, vilket ger l\u00e5ng, ren tillfredsst\u00e4llelse, som lat andetag i skymningen p\u00e5 en strand i Nice.<\/p><p><strong>Kiwi<\/strong><br \/>Denna uppfriskande s\u00f6tsura smak har en l\u00e4tt \u00f6rtton, som utg\u00f6r basen f\u00f6r smaken och ger den en naturlig fr\u00e4sch\u00f6r.<\/p><p><strong>Passionsfrukt<\/strong><br \/>Den syrliga tropiska aromen \u00e4r kraftfull: syran stiger direkt n\u00e4r r\u00f6ken kommer in i munnen och en kraftfull doft uppst\u00e5r i n\u00e4san som \u00e4r mycket beroendeframkallande. Det \u00e4r som en juice som spricker i gommen, med en l\u00e4tt syrlig, bitters\u00f6t balans och en tydlig fruktig syra som k\u00e4nns uppfriskande.<\/p><p><strong>Guava<\/strong><br \/>Ger en delikat s\u00f6tma och balans: guava har en mild smak, en naturlig s\u00f6tma utan att vara fet, med en l\u00e4tt mj\u00f6lkig, jordig smak som balanserar syran fr\u00e5n kiwi och passionsfrukt.<\/p>\t\t\t\t\t\t\t\t<\/div>\n\t\t\t\t<\/div>\n\t\t\t\t\t<\/div>\n\t\t\t\t<\/div>\n\t\t<div class=\"elementor-element elementor-element-718b380 e-flex e-con-boxed e-con e-parent\" data-id=\"718b380\" data-element_type=\"container\" data-e-type=\"container\">\n\t\t\t\t\t<div class=\"e-con-inner\">\n\t\t\t\t<div class=\"elementor-element elementor-element-d2cc8fa elementor-widget elementor-widget-text-editor\" data-id=\"d2cc8fa\" data-element_type=\"widget\" data-e-type=\"widget\" data-widget_type=\"text-editor.default\">\n\t\t\t\t<div class=\"elementor-widget-container\">\n\t\t\t\t\t\t\t\t\t<h2>H\u00f6gpresterande uppladdningsbart batteri<\/h2><p>Fumot Leopard (RandM Tornado) 40000 Kiwi Passionfruit Guava \u00e4r utrustad med ett inbyggt 700 mAh litiumbatteri, kompatibelt med USB-C snabbladdning, och laddas helt p\u00e5 cirka 30 till 45 minuter.<\/p><p>\u00c4ven om det h\u00e4r \u00e4r en elektronisk cigarett f\u00f6r eng\u00e5ngsbruk kan batteriet laddas flera g\u00e5nger f\u00f6r att s\u00e4kerst\u00e4lla optimal anv\u00e4ndning av varje droppe e-v\u00e4tska.<\/p><h2>M\u00e5nga puffar: upp till 40.000 puffar<\/h2><p>Fumot Leopard (RandM Tornado) 40000 Kiwi Passionfruit Guava har en exceptionell kapacitet p\u00e5 40 000 puffar, mycket mer \u00e4n traditionella eng\u00e5ngsapparater (vanligtvis mellan 1 000 och 3 000 puffar).<\/p><p>Den teoretiska anv\u00e4ndningstiden kan vara flera veckor eller till och med flera m\u00e5nader (ber\u00e4knat p\u00e5 500 puffar per dag, dvs. cirka 80 dagars anv\u00e4ndning).<\/p><p>S\u00e4rskilt l\u00e4mplig f\u00f6r anv\u00e4ndare som inte vill byta telefon ofta.<\/p><h2>Dubbelt n\u00e4tmotst\u00e5nd<\/h2><p>Fumot Leopard (RandM Tornado) 40000 Kiwi Passionfruit Guava har en avancerad v\u00e4rmestruktur med dubbla maskor f\u00f6r snabb uppv\u00e4rmning och j\u00e4mn finf\u00f6rdelning.<\/p><p>Den ger intensiv smak och \u00e5nga med h\u00f6g densitet under hela anv\u00e4ndningscykeln, utan n\u00e5gon m\u00e4rkbar d\u00e4mpning.<\/p><p>F\u00f6rb\u00e4ttra r\u00f6kupplevelsen, s\u00e4rskilt f\u00f6r anv\u00e4ndare som vill ha en kraftfull throat hit eller en len smak.<\/p><h2>Intelligent digital LED-display<\/h2><p>Fumot Leopard 40000 Kiwifruit Passionfruit Guava har en inbyggd h\u00f6guppl\u00f6st LED-sk\u00e4rm som visar :<\/p><p>Procentuell batteriladdning<\/p><p>E-v\u00e4tska kvar<\/p><p>Informera anv\u00e4ndarna om enhetens status p\u00e5 ett \u00f6gonblick och undvik pl\u00f6tsliga batterifel eller problem med \u00abtorrr\u00f6kning utan e-v\u00e4tska\u00bb.<\/p><h2>RGB-st\u00e4mningsbelysning i f\u00e4rg<\/h2><p>Den \u00e4r utrustad med trendiga RGB-belysningseffekter och sv\u00e4nger och \u00e4ndrar f\u00e4rg n\u00e4r du r\u00f6ker, vilket ger en touch av teknik och visuell njutning.<\/p><p>S\u00e4rskilt attraktiv och igenk\u00e4nnbar p\u00e5 natten eller kv\u00e4llen.<\/p><h2>Flera nikotinkoncentrationer tillg\u00e4ngliga<\/h2><p>Flera nikotinkoncentrationer tillg\u00e4ngliga:<\/p><p>0 % (nikotinfri, ren smak)<\/p><p>2 %, 3 %, 5 % (tillgodoser de olika behoven hos l\u00e4tta till tunga r\u00f6kare)<\/p><h2>Vem ska k\u00f6pa Fumot Leopard 40000 (RandM Tornado 40K) Kiwi Passionfruit Guava?<\/h2><p>Storr\u00f6kare s\u00f6ker h\u00e5llbara eng\u00e5ngsartiklar<\/p><p>Fans av sofistikerade och attraktiva elektroniska cigaretter<\/p><p>De som vill ha en laddningsbar enhet som \u00e4r l\u00e4tt att underh\u00e5lla<\/p><h2>Vad \u00e4r det som \u00e4r s\u00e5 speciellt med Fumot Leopard 40000 (RandM Tornado 40K) Kiwi Passionfruit Guava?<\/h2><p>Livsl\u00e4ngd: 40.000 puffar, motsvarande cirka 9-12 veckor, dvs. cirka 500 puffar per dag<\/p><p>Visuell feedback: displayen och indikatorlamporna ger information i realtid och f\u00f6rb\u00e4ttrar estetiken<\/p><p>Prestanda: Dubbelmaskiga resistorer garanterar j\u00e4mn smak och \u00e5nga<\/p>\t\t\t\t\t\t\t\t<\/div>\n\t\t\t\t<\/div>\n\t\t\t\t\t<\/div>\n\t\t\t\t<\/div>\n\t\t\t\t<\/div>","protected":false},"excerpt":{"rendered":"<p>La premi\u00e8re bouff\u00e9e offre un go\u00fbt aigre-doux rafra\u00eechissant de kiwi, comme si le soleil per\u00e7ait les nuages \u200b\u200bparisiens et caressait d\u00e9licatement les papilles. Suivent les ar\u00f4mes tropicaux du fruit de la passion, comme une brise m\u00e9diterran\u00e9enne. Enfin, la finale se termine par une douce goyave, procurant une satisfaction longue et pure, telle une haleine paresseuse [&hellip;]<\/p>\n","protected":false},"featured_media":5088,"comment_status":"open","ping_status":"closed","template":"","meta":{"site-sidebar-layout":"no-sidebar","site-content-layout":"page-builder","ast-site-content-layout":"normal-width-container","site-content-style":"default","site-sidebar-style":"default","ast-global-header-display":"","ast-banner-title-visibility":"","ast-main-header-display":"","ast-hfb-above-header-display":"","ast-hfb-below-header-display":"","ast-hfb-mobile-header-display":"","site-post-title":"disabled","ast-breadcrumbs-content":"","ast-featured-img":"disabled","footer-sml-layout":"","ast-disable-related-posts":"","theme-transparent-header-meta":"default","adv-header-id-meta":"","stick-header-meta":"default","header-above-stick-meta":"","header-main-stick-meta":"","header-below-stick-meta":"","astra-migrate-meta-layouts":"set","ast-page-background-enabled":"default","ast-page-background-meta":{"desktop":{"background-color":"","background-image":"","background-repeat":"repeat","background-position":"center center","background-size":"auto","background-attachment":"scroll","background-type":"","background-media":"","overlay-type":"","overlay-color":"","overlay-opacity":"","overlay-gradient":""},"tablet":{"background-color":"","background-image":"","background-repeat":"repeat","background-position":"center center","background-size":"auto","background-attachment":"scroll","background-type":"","background-media":"","overlay-type":"","overlay-color":"","overlay-opacity":"","overlay-gradient":""},"mobile":{"background-color":"","background-image":"","background-repeat":"repeat","background-position":"center center","background-size":"auto","background-attachment":"scroll","background-type":"","background-media":"","overlay-type":"","overlay-color":"","overlay-opacity":"","overlay-gradient":""}},"ast-content-background-meta":{"desktop":{"background-color":"var(--ast-global-color-5)","background-image":"","background-repeat":"repeat","background-position":"center center","background-size":"auto","background-attachment":"scroll","background-type":"","background-media":"","overlay-type":"","overlay-color":"","overlay-opacity":"","overlay-gradient":""},"tablet":{"background-color":"var(--ast-global-color-5)","background-image":"","background-repeat":"repeat","background-position":"center center","background-size":"auto","background-attachment":"scroll","background-type":"","background-media":"","overlay-type":"","overlay-color":"","overlay-opacity":"","overlay-gradient":""},"mobile":{"background-color":"var(--ast-global-color-5)","background-image":"","background-repeat":"repeat","background-position":"center center","background-size":"auto","background-attachment":"scroll","background-type":"","background-media":"","overlay-type":"","overlay-color":"","overlay-opacity":"","overlay-gradient":""}}},"product_brand":[42],"product_cat":[50,88,77,15],"product_tag":[],"class_list":{"0":"post-5208","1":"product","2":"type-product","3":"status-publish","4":"has-post-thumbnail","6":"product_brand-randm-tornado","7":"product_cat-randm-tornado-40000-avec-ecran-led-hd","8":"product_cat-puff-40k","9":"product_cat-entrepot-de-lue","10":"product_cat-magasin-cigarette-electronique","11":"desktop-align-center","12":"tablet-align-center","13":"mobile-align-center","14":"ast-product-gallery-layout-horizontal","15":"ast-product-gallery-with-no-image","16":"ast-product-single-variable","17":"ast-product-tabs-layout-horizontal","18":"ast-qv-on-image","20":"first","21":"instock","22":"sale","23":"shipping-taxable","24":"purchasable","25":"product-type-variable","26":"has-default-attributes"},"tiered_pricing_type":"fixed","tiered_pricing_fixed_rules":{"30":10.42,"60":9.26,"100":8.05,"200":7.8,"500":7.67,"1000":7.38},"tiered_pricing_product_settings":{"layout":"default","base_unit_name":{"singular":null,"plural":null},"default_variation":null},"tiered_pricing_minimum_quantity":null,"tiered_pricing_roles_data":[],"tiered_pricing_percentage_rules":[],"_links":{"self":[{"href":"https:\/\/puffvapestore.com\/sv\/wp-json\/wp\/v2\/product\/5208","targetHints":{"allow":["GET"]}}],"collection":[{"href":"https:\/\/puffvapestore.com\/sv\/wp-json\/wp\/v2\/product"}],"about":[{"href":"https:\/\/puffvapestore.com\/sv\/wp-json\/wp\/v2\/types\/product"}],"replies":[{"embeddable":true,"href":"https:\/\/puffvapestore.com\/sv\/wp-json\/wp\/v2\/comments?post=5208"}],"version-history":[{"count":7,"href":"https:\/\/puffvapestore.com\/sv\/wp-json\/wp\/v2\/product\/5208\/revisions"}],"predecessor-version":[{"id":10752,"href":"https:\/\/puffvapestore.com\/sv\/wp-json\/wp\/v2\/product\/5208\/revisions\/10752"}],"wp:featuredmedia":[{"embeddable":true,"href":"https:\/\/puffvapestore.com\/sv\/wp-json\/wp\/v2\/media\/5088"}],"wp:attachment":[{"href":"https:\/\/puffvapestore.com\/sv\/wp-json\/wp\/v2\/media?parent=5208"}],"wp:term":[{"taxonomy":"product_brand","embeddable":true,"href":"https:\/\/puffvapestore.com\/sv\/wp-json\/wp\/v2\/product_brand?post=5208"},{"taxonomy":"product_cat","embeddable":true,"href":"https:\/\/puffvapestore.com\/sv\/wp-json\/wp\/v2\/product_cat?post=5208"},{"taxonomy":"product_tag","embeddable":true,"href":"https:\/\/puffvapestore.com\/sv\/wp-json\/wp\/v2\/product_tag?post=5208"}],"curies":[{"name":"wp","href":"https:\/\/api.w.org\/{rel}","templated":true}]}}