{"id":5197,"date":"2025-07-15T09:29:08","date_gmt":"2025-07-15T09:29:08","guid":{"rendered":"https:\/\/puffvapestore.com\/?post_type=product&#038;p=5197"},"modified":"2026-04-21T07:10:20","modified_gmt":"2026-04-21T07:10:20","slug":"tornado-40000-black-dragon-ice-presente-un-gout-sucre-et-legerement-acidule","status":"publish","type":"product","link":"https:\/\/puffvapestore.com\/sv\/product\/tornado-40000-black-dragon-ice-smakar-sott-och-lite-syrligt\/","title":{"rendered":"RandM Tornado 40000 - Svart drake is"},"content":{"rendered":"<div data-elementor-type=\"wp-post\" data-elementor-id=\"5197\" class=\"elementor elementor-5197\">\n\t\t\t\t<div class=\"elementor-element elementor-element-08c26f9 e-flex e-con-boxed e-con e-parent\" data-id=\"08c26f9\" data-element_type=\"container\" data-e-type=\"container\">\n\t\t\t\t\t<div class=\"e-con-inner\">\n\t\t\t\t<div class=\"elementor-element elementor-element-a005a97 elementor-widget elementor-widget-text-editor\" data-id=\"a005a97\" data-element_type=\"widget\" data-e-type=\"widget\" data-widget_type=\"text-editor.default\">\n\t\t\t\t<div class=\"elementor-widget-container\">\n\t\t\t\t\t\t\t\t\t<p>Black Dragon Ice \u00e4r en smak som kombinerar den rika, s\u00f6tsyrliga smaken av svarta vinb\u00e4r, den vilda, fruktiga aromen av bj\u00f6rnb\u00e4r, den exotiska friskheten av pitaya och den livliga, syrliga smaken av citron, allt med en stark k\u00e4nsla av friskhet, f\u00f6r en rik, sp\u00e4nnande r\u00f6kupplevelse.<\/p><p>Svarta vinb\u00e4r: Denna rika, fruktiga smak av svarta vinb\u00e4r har en s\u00f6t, l\u00e4tt syrlig smak som p\u00e5minner om sylt, med en djup, l\u00e4tt syrlig ton. Denna smak ger en kraftfull bas till helheten.<\/p><p>Vilda bj\u00f6rnb\u00e4r: Tillsatsen av vilda bj\u00f6rnb\u00e4r ger en syrlig, livlig smak som kontrasterar mot den djupa smaken av svarta vinb\u00e4r och ger en l\u00e4ttare, mer subtil fruktig touch som f\u00f6rh\u00f6jer smakens komplexitet.<\/p><p>Drakfrukt: Drakfrukt tillf\u00f6r en exotisk smak och ger en l\u00e4tt s\u00f6t, fruktig arom med en l\u00e4tt uppfriskande \u00f6rtighet. Denna smak balanserar styrkan hos svarta vinb\u00e4r och bj\u00f6rnb\u00e4r, vilket ger helheten en mer uttalad rundhet.<\/p><p>Citron: Citronens syra ger en livlig citruston som ger en uppfriskande touch av syra, kontrasterar mot de andra fruktiga smakerna och framh\u00e4ver smaklagringen.<\/p><p>Ice: Black Dragon Ice k\u00e4nnetecknas av sin kraftfulla kylande effekt, som ger en k\u00e4nsla av sval mint eller is vid utandning och l\u00e4mnar en uppfriskande stickning p\u00e5 tungspetsen. Den svalkande k\u00e4nslan f\u00f6rst\u00e4rker inte bara friskheten, utan framh\u00e4ver ocks\u00e5 den fruktiga smaken och ger en k\u00e4nsla av sommarfr\u00e4schhet.<\/p><h2>Aromer av Black Dragon Ice :<\/h2><p>Inandning: Vid inandning avger r\u00f6ken en s\u00f6t, fruktig doft av svarta vinb\u00e4r och bj\u00f6rnb\u00e4r, n\u00e5got syrlig med uttalade b\u00e4rnoter.<\/p><p>Mittpartiet: Pitayans s\u00f6tma uppenbarar sig gradvis och ger fr\u00e4sch\u00f6r av exotiska frukter, blandas med citronens syra, vilket framh\u00e4ver smakens komplexitet och bryter monotonin i en unikt s\u00f6t smak.<\/p><p>Eftersmak: P\u00e5 utandningen invaderar f\u00e4rskheten snabbt munnen och erbjuder en uppfriskande finish samtidigt som den beh\u00e5ller en fruktig eftersmak. Intensiteten i isk\u00e4nslan \u00e4r perfekt, maskerar inte den fruktiga smaken och accentuerar den \u00f6vergripande uppfriskande upplevelsen.<\/p>\t\t\t\t\t\t\t\t<\/div>\n\t\t\t\t<\/div>\n\t\t\t\t\t<\/div>\n\t\t\t\t<\/div>\n\t\t<div class=\"elementor-element elementor-element-718b380 e-flex e-con-boxed e-con e-parent\" data-id=\"718b380\" data-element_type=\"container\" data-e-type=\"container\">\n\t\t\t\t\t<div class=\"e-con-inner\">\n\t\t\t\t<div class=\"elementor-element elementor-element-d2cc8fa elementor-widget elementor-widget-text-editor\" data-id=\"d2cc8fa\" data-element_type=\"widget\" data-e-type=\"widget\" data-widget_type=\"text-editor.default\">\n\t\t\t\t<div class=\"elementor-widget-container\">\n\t\t\t\t\t\t\t\t\t<h2>H\u00f6gpresterande uppladdningsbart batteri<\/h2><p>Fumot Leopard (RandM Tornado) 40000 \u00e4r utrustad med ett integrerat 700 mAh litiumbatteri, kompatibelt med USB-C snabbladdning, och laddas helt p\u00e5 cirka 30 till 45 minuter.<\/p><p>\u00c4ven om det h\u00e4r \u00e4r en elektronisk cigarett f\u00f6r eng\u00e5ngsbruk kan batteriet laddas flera g\u00e5nger f\u00f6r att s\u00e4kerst\u00e4lla optimal anv\u00e4ndning av varje droppe e-v\u00e4tska.<\/p><h2>M\u00e5nga puffar: upp till 40.000 puffar<\/h2><p>Fumot Leopard (RandM Tornado) 40000 har en exceptionell kapacitet p\u00e5 40.000 puffar, vilket \u00e4r mycket mer \u00e4n traditionella eng\u00e5ngsprodukter (vanligtvis mellan 1.000 och 3.000 puffar).<\/p><p>Den teoretiska anv\u00e4ndningstiden kan vara flera veckor eller till och med flera m\u00e5nader (ber\u00e4knat p\u00e5 500 puffar per dag, dvs. cirka 80 dagars anv\u00e4ndning).<\/p><p>S\u00e4rskilt l\u00e4mplig f\u00f6r anv\u00e4ndare som inte vill byta telefon ofta.<\/p><h2>Dubbelt n\u00e4tmotst\u00e5nd<\/h2><p>Fumot Leopard (RandM Tornado) 40000 har en avancerad v\u00e4rmestruktur med dubbla maskor f\u00f6r snabb uppv\u00e4rmning och j\u00e4mn finf\u00f6rdelning.<\/p><p>Den ger intensiv smak och \u00e5nga med h\u00f6g densitet under hela anv\u00e4ndningscykeln, utan n\u00e5gon m\u00e4rkbar d\u00e4mpning.<\/p><p>F\u00f6rb\u00e4ttra r\u00f6kupplevelsen, s\u00e4rskilt f\u00f6r anv\u00e4ndare som vill ha en kraftfull throat hit eller en len smak.<\/p><h2>Intelligent digital LED-display<\/h2><p>Fumot Leopard 40000 har en integrerad h\u00f6guppl\u00f6st LED-sk\u00e4rm som visar i realtid :<\/p><p>Procentuell batteriladdning<\/p><p>E-v\u00e4tska kvar<\/p><p>Informera anv\u00e4ndarna om enhetens status p\u00e5 ett \u00f6gonblick och undvik pl\u00f6tsliga batterifel eller problem med \u00abtorrr\u00f6kning utan e-v\u00e4tska\u00bb.<\/p><h2>RGB-st\u00e4mningsbelysning i f\u00e4rg<\/h2><p>Den \u00e4r utrustad med trendiga RGB-belysningseffekter och sv\u00e4nger och \u00e4ndrar f\u00e4rg n\u00e4r du r\u00f6ker, vilket ger en touch av teknik och visuell njutning.<\/p><p>S\u00e4rskilt attraktiv och igenk\u00e4nnbar p\u00e5 natten eller kv\u00e4llen.<\/p><h2>Flera nikotinkoncentrationer tillg\u00e4ngliga<\/h2><p>Flera nikotinkoncentrationer tillg\u00e4ngliga:<\/p><p>0 % (nikotinfri, ren smak)<\/p><p>2 %, 3 %, 5 % (tillgodoser de olika behoven hos l\u00e4tta till tunga r\u00f6kare)<\/p><h2>Vem \u00e4r Fumot Leopard 40000 (RandM Tornado 40K) avsedd f\u00f6r?<\/h2><p>Storr\u00f6kare s\u00f6ker h\u00e5llbara eng\u00e5ngsartiklar<\/p><p>Fans av sofistikerade och attraktiva elektroniska cigaretter<\/p><p>De som vill ha en laddningsbar enhet som \u00e4r l\u00e4tt att underh\u00e5lla<\/p><h2>Vad tycker jag om Fumot Leopard 40000 (RandM Tornado 40K)?<\/h2><p>Livsl\u00e4ngd: 40.000 puffar, motsvarande cirka 9-12 veckor, dvs. cirka 500 puffar per dag<\/p><p>Visuell feedback: displayen och indikatorlamporna ger information i realtid och f\u00f6rb\u00e4ttrar estetiken<\/p><p>Prestanda: Dubbelmaskiga resistorer garanterar j\u00e4mn smak och \u00e5nga<\/p>\t\t\t\t\t\t\t\t<\/div>\n\t\t\t\t<\/div>\n\t\t\t\t\t<\/div>\n\t\t\t\t<\/div>\n\t\t\t\t<\/div>","protected":false},"excerpt":{"rendered":"<p>Black Dragon Ice est une saveur qui allie la riche saveur sucr\u00e9e-acidul\u00e9 du cassis, l&rsquo;ar\u00f4me fruit\u00e9 et sauvage de la m\u00fbre, la fra\u00eecheur exotique de la pitaya et la saveur vive et acidul\u00e9e du citron, le tout avec une forte sensation de fra\u00eecheur, pour une exp\u00e9rience de fumage riche et exaltante. Cassis\u00a0: Ce go\u00fbt riche [&hellip;]<\/p>\n","protected":false},"featured_media":5082,"comment_status":"open","ping_status":"closed","template":"","meta":{"site-sidebar-layout":"no-sidebar","site-content-layout":"page-builder","ast-site-content-layout":"normal-width-container","site-content-style":"default","site-sidebar-style":"default","ast-global-header-display":"","ast-banner-title-visibility":"","ast-main-header-display":"","ast-hfb-above-header-display":"","ast-hfb-below-header-display":"","ast-hfb-mobile-header-display":"","site-post-title":"disabled","ast-breadcrumbs-content":"","ast-featured-img":"disabled","footer-sml-layout":"","ast-disable-related-posts":"","theme-transparent-header-meta":"default","adv-header-id-meta":"","stick-header-meta":"default","header-above-stick-meta":"","header-main-stick-meta":"","header-below-stick-meta":"","astra-migrate-meta-layouts":"set","ast-page-background-enabled":"default","ast-page-background-meta":{"desktop":{"background-color":"","background-image":"","background-repeat":"repeat","background-position":"center center","background-size":"auto","background-attachment":"scroll","background-type":"","background-media":"","overlay-type":"","overlay-color":"","overlay-opacity":"","overlay-gradient":""},"tablet":{"background-color":"","background-image":"","background-repeat":"repeat","background-position":"center center","background-size":"auto","background-attachment":"scroll","background-type":"","background-media":"","overlay-type":"","overlay-color":"","overlay-opacity":"","overlay-gradient":""},"mobile":{"background-color":"","background-image":"","background-repeat":"repeat","background-position":"center center","background-size":"auto","background-attachment":"scroll","background-type":"","background-media":"","overlay-type":"","overlay-color":"","overlay-opacity":"","overlay-gradient":""}},"ast-content-background-meta":{"desktop":{"background-color":"var(--ast-global-color-5)","background-image":"","background-repeat":"repeat","background-position":"center center","background-size":"auto","background-attachment":"scroll","background-type":"","background-media":"","overlay-type":"","overlay-color":"","overlay-opacity":"","overlay-gradient":""},"tablet":{"background-color":"var(--ast-global-color-5)","background-image":"","background-repeat":"repeat","background-position":"center center","background-size":"auto","background-attachment":"scroll","background-type":"","background-media":"","overlay-type":"","overlay-color":"","overlay-opacity":"","overlay-gradient":""},"mobile":{"background-color":"var(--ast-global-color-5)","background-image":"","background-repeat":"repeat","background-position":"center center","background-size":"auto","background-attachment":"scroll","background-type":"","background-media":"","overlay-type":"","overlay-color":"","overlay-opacity":"","overlay-gradient":""}}},"product_brand":[42],"product_cat":[50,88,77,15],"product_tag":[],"class_list":{"0":"post-5197","1":"product","2":"type-product","3":"status-publish","4":"has-post-thumbnail","6":"product_brand-randm-tornado","7":"product_cat-randm-tornado-40000-avec-ecran-led-hd","8":"product_cat-puff-40k","9":"product_cat-entrepot-de-lue","10":"product_cat-magasin-cigarette-electronique","11":"desktop-align-center","12":"tablet-align-center","13":"mobile-align-center","14":"ast-product-gallery-layout-horizontal","15":"ast-product-gallery-with-no-image","16":"ast-product-single-variable","17":"ast-product-tabs-layout-horizontal","18":"ast-qv-on-image","20":"first","21":"instock","22":"sale","23":"shipping-taxable","24":"purchasable","25":"product-type-variable","26":"has-default-attributes"},"tiered_pricing_type":"fixed","tiered_pricing_fixed_rules":{"30":10.42,"60":9.26,"100":8.05,"200":7.8,"500":7.67,"1000":7.38},"tiered_pricing_product_settings":{"layout":"default","base_unit_name":{"singular":null,"plural":null},"default_variation":null},"tiered_pricing_minimum_quantity":null,"tiered_pricing_roles_data":[],"tiered_pricing_percentage_rules":[],"_links":{"self":[{"href":"https:\/\/puffvapestore.com\/sv\/wp-json\/wp\/v2\/product\/5197","targetHints":{"allow":["GET"]}}],"collection":[{"href":"https:\/\/puffvapestore.com\/sv\/wp-json\/wp\/v2\/product"}],"about":[{"href":"https:\/\/puffvapestore.com\/sv\/wp-json\/wp\/v2\/types\/product"}],"replies":[{"embeddable":true,"href":"https:\/\/puffvapestore.com\/sv\/wp-json\/wp\/v2\/comments?post=5197"}],"version-history":[{"count":7,"href":"https:\/\/puffvapestore.com\/sv\/wp-json\/wp\/v2\/product\/5197\/revisions"}],"predecessor-version":[{"id":10748,"href":"https:\/\/puffvapestore.com\/sv\/wp-json\/wp\/v2\/product\/5197\/revisions\/10748"}],"wp:featuredmedia":[{"embeddable":true,"href":"https:\/\/puffvapestore.com\/sv\/wp-json\/wp\/v2\/media\/5082"}],"wp:attachment":[{"href":"https:\/\/puffvapestore.com\/sv\/wp-json\/wp\/v2\/media?parent=5197"}],"wp:term":[{"taxonomy":"product_brand","embeddable":true,"href":"https:\/\/puffvapestore.com\/sv\/wp-json\/wp\/v2\/product_brand?post=5197"},{"taxonomy":"product_cat","embeddable":true,"href":"https:\/\/puffvapestore.com\/sv\/wp-json\/wp\/v2\/product_cat?post=5197"},{"taxonomy":"product_tag","embeddable":true,"href":"https:\/\/puffvapestore.com\/sv\/wp-json\/wp\/v2\/product_tag?post=5197"}],"curies":[{"name":"wp","href":"https:\/\/api.w.org\/{rel}","templated":true}]}}