{"id":5121,"date":"2025-07-15T08:12:24","date_gmt":"2025-07-15T08:12:24","guid":{"rendered":"https:\/\/puffvapestore.com\/?post_type=product&#038;p=5121"},"modified":"2026-04-21T07:08:04","modified_gmt":"2026-04-21T07:08:04","slug":"fumot-leopard-40000-offre-40k-bouffees","status":"publish","type":"product","link":"https:\/\/puffvapestore.com\/sv\/product\/fumot-leopard-40000-erbjudanden-40k-bouffees\/","title":{"rendered":"Fumot Leopard 40000 (RandM Tornado 40K): 40000 r\u00f6kpuffar tack vare ett 700 mAh-batteri och dubbla n\u00e4tmotst\u00e5nd"},"content":{"rendered":"<div data-elementor-type=\"wp-post\" data-elementor-id=\"5121\" class=\"elementor elementor-5121\">\n\t\t\t\t<div class=\"elementor-element elementor-element-718b380 e-flex e-con-boxed e-con e-parent\" data-id=\"718b380\" data-element_type=\"container\" data-e-type=\"container\">\n\t\t\t\t\t<div class=\"e-con-inner\">\n\t\t\t\t<div class=\"elementor-element elementor-element-d2cc8fa elementor-widget elementor-widget-text-editor\" data-id=\"d2cc8fa\" data-element_type=\"widget\" data-e-type=\"widget\" data-widget_type=\"text-editor.default\">\n\t\t\t\t<div class=\"elementor-widget-container\">\n\t\t\t\t\t\t\t\t\t<h2>H\u00f6gpresterande uppladdningsbart batteri<\/h2><p>Fumot Leopard (RandM Tornado) 40000 \u00e4r utrustad med ett integrerat 700 mAh litiumbatteri, kompatibelt med USB-C snabbladdning, och laddas helt p\u00e5 cirka 30 till 45 minuter.<\/p><p>\u00c4ven om det h\u00e4r \u00e4r en elektronisk cigarett f\u00f6r eng\u00e5ngsbruk kan batteriet laddas flera g\u00e5nger f\u00f6r att s\u00e4kerst\u00e4lla optimal anv\u00e4ndning av varje droppe e-v\u00e4tska.<\/p><h2>M\u00e5nga puffar: upp till 40.000 puffar<\/h2><p>Fumot Leopard (RandM Tornado) 40000 har en exceptionell kapacitet p\u00e5 40.000 puffar, vilket \u00e4r mycket mer \u00e4n traditionella eng\u00e5ngsprodukter (vanligtvis mellan 1.000 och 3.000 puffar).<\/p><p>Den teoretiska anv\u00e4ndningstiden kan vara flera veckor eller till och med flera m\u00e5nader (ber\u00e4knat p\u00e5 500 puffar per dag, dvs. cirka 80 dagars anv\u00e4ndning).<\/p><p>S\u00e4rskilt l\u00e4mplig f\u00f6r anv\u00e4ndare som inte vill byta telefon ofta.<\/p><h2>Dubbelt n\u00e4tmotst\u00e5nd<\/h2><p>Fumot Leopard (RandM Tornado) 40000 har en avancerad v\u00e4rmestruktur med dubbla maskor f\u00f6r snabb uppv\u00e4rmning och j\u00e4mn finf\u00f6rdelning.<\/p><p>Den ger intensiv smak och \u00e5nga med h\u00f6g densitet under hela anv\u00e4ndningscykeln, utan n\u00e5gon m\u00e4rkbar d\u00e4mpning.<\/p><p>F\u00f6rb\u00e4ttra r\u00f6kupplevelsen, s\u00e4rskilt f\u00f6r anv\u00e4ndare som vill ha en kraftfull throat hit eller en len smak.<\/p><h2>Intelligent digital LED-display<\/h2><p>Fumot Leopard 40000 har en integrerad h\u00f6guppl\u00f6st LED-sk\u00e4rm som visar i realtid :<\/p><p>Procentuell batteriladdning<\/p><p>E-v\u00e4tska kvar<\/p><p>Informera anv\u00e4ndarna om enhetens status p\u00e5 ett \u00f6gonblick och undvik pl\u00f6tsliga batterifel eller problem med \u00abtorrr\u00f6kning utan e-v\u00e4tska\u00bb.<\/p><h2>RGB-st\u00e4mningsbelysning i f\u00e4rg<\/h2><p>Den \u00e4r utrustad med trendiga RGB-belysningseffekter och sv\u00e4nger och \u00e4ndrar f\u00e4rg n\u00e4r du r\u00f6ker, vilket ger en touch av teknik och visuell njutning.<\/p><p>S\u00e4rskilt attraktiv och igenk\u00e4nnbar p\u00e5 natten eller kv\u00e4llen.<\/p><h2>Flera nikotinkoncentrationer tillg\u00e4ngliga<\/h2><p>Flera nikotinkoncentrationer tillg\u00e4ngliga:<\/p><p>0 % (nikotinfri, ren smak)<\/p><p>2 %, 3 %, 5 % (tillgodoser de olika behoven hos l\u00e4tta till tunga r\u00f6kare)<\/p><h2>Vem \u00e4r Fumot Leopard 40000 (RandM Tornado 40K) avsedd f\u00f6r?<\/h2><p>Storr\u00f6kare s\u00f6ker h\u00e5llbara eng\u00e5ngsartiklar<\/p><p>Fans av sofistikerade och attraktiva elektroniska cigaretter<\/p><p>De som vill ha en laddningsbar enhet som \u00e4r l\u00e4tt att underh\u00e5lla<\/p><h2>Vad tycker jag om Fumot Leopard 40000 (RandM Tornado 40K)?<\/h2><p>Livsl\u00e4ngd: 40.000 puffar, motsvarande cirka 9-12 veckor, dvs. cirka 500 puffar per dag<\/p><p>Visuell feedback: displayen och indikatorlamporna ger information i realtid och f\u00f6rb\u00e4ttrar estetiken<\/p><p>Prestanda: Dubbelmaskiga resistorer garanterar j\u00e4mn smak och \u00e5nga<\/p>\t\t\t\t\t\t\t\t<\/div>\n\t\t\t\t<\/div>\n\t\t\t\t\t<\/div>\n\t\t\t\t<\/div>\n\t\t<div class=\"elementor-element elementor-element-08c26f9 e-flex e-con-boxed e-con e-parent\" data-id=\"08c26f9\" data-element_type=\"container\" data-e-type=\"container\">\n\t\t\t\t\t<div class=\"e-con-inner\">\n\t\t\t\t<div class=\"elementor-element elementor-element-a005a97 elementor-widget elementor-widget-text-editor\" data-id=\"a005a97\" data-element_type=\"widget\" data-e-type=\"widget\" data-widget_type=\"text-editor.default\">\n\t\t\t\t<div class=\"elementor-widget-container\">\n\t\t\t\t\t\t\t\t\t<h2>25 varianter av Fumot Leopard 40000<\/h2><p>Fumot Leopard 40000 \u00e4r en elektronisk cigarett i toppklass med upp till 25 smaker, utformad f\u00f6r anv\u00e4ndare som letar efter en rik och uppfriskande smakupplevelse. Dessa smaker str\u00e4cker sig fr\u00e5n enkla fruktiga aromer till komplexa blandningar. Den \u00f6vergripande stilen \u00e4r \u00f6verv\u00e4gande en kombination av frukt och ICE, l\u00e4mplig f\u00f6r en m\u00e4ngd olika smaker.<\/p><p>Frukt + is: Till exempel Black Dragon Ice, Blueberry on Ice, Cherry Ice, Strawberry Ice och Watermelon Ice. Alla dessa smaker \u00e4r uppfriskande och tilltalar mint\u00e4lskare eller dem som f\u00f6redrar en svalare smak, s\u00e4rskilt vid varmt v\u00e4der. Av dessa \u00e4r Black Dragon Ice mer originell och kombinerar m\u00f6rka frukter som svarta vinb\u00e4r med en isig bas f\u00f6r en rikare smak.<\/p><p>Blandade frukter : Till exempel Blueberry Cherry Cranberry, Blueberry Raspberry, Kiwi Passionfruit Guava, Peachy Mango Pineapple och Mixed Berries. Dessa komplexa fruktsmaker erbjuder en s\u00f6t-syrlig balans och rika lager, perfekt f\u00f6r \u00e4lskare av tropiska smaker eller juicer.<\/p><p>Enkla eller dubbla s\u00f6ta smaker: Till exempel Peach Berry, Strawberry Banana, Strawberry Watermelon och Watermelon Bubblegum, dessa smaker \u00e4r i allm\u00e4nhet milda och kr\u00e4miga och framh\u00e4ver fruktens naturliga s\u00f6tma. I synnerhet Watermelon Bubblegum har en s\u00f6t smak som \u00e4r perfekt f\u00f6r dessert\u00e4lskare.<\/p><p>Specialsmaker: Dr Blue och Pink Lemonade \u00e4r unika smakblandningar. Den f\u00f6rsta f\u00f6r tankarna till Dr Pepper med sin unika doft av kryddor och frukt, den andra \u00e4r en uppfriskande kolsyrad dryck med citron och jordgubbar, b\u00e5de bitterljuv och uppfriskande.<\/p>\t\t\t\t\t\t\t\t<\/div>\n\t\t\t\t<\/div>\n\t\t\t\t\t<\/div>\n\t\t\t\t<\/div>\n\t\t\t\t<\/div>","protected":false},"excerpt":{"rendered":"<p>Batterie rechargeable haute performance La Fumot Leopard (RandM Tornado) 40000 est \u00e9quip\u00e9e d&rsquo;une batterie lithium int\u00e9gr\u00e9e de 700 mAh, compatible avec la charge rapide USB-C, et se recharge compl\u00e8tement en 30 \u00e0 45 minutes environ. Bien qu&rsquo;il s&rsquo;agisse d&rsquo;une cigarette \u00e9lectronique jetable, la batterie peut \u00eatre recharg\u00e9e \u00e0 plusieurs reprises pour garantir une utilisation optimale [&hellip;]<\/p>\n","protected":false},"featured_media":5082,"comment_status":"open","ping_status":"closed","template":"","meta":{"site-sidebar-layout":"no-sidebar","site-content-layout":"page-builder","ast-site-content-layout":"normal-width-container","site-content-style":"default","site-sidebar-style":"default","ast-global-header-display":"","ast-banner-title-visibility":"","ast-main-header-display":"","ast-hfb-above-header-display":"","ast-hfb-below-header-display":"","ast-hfb-mobile-header-display":"","site-post-title":"disabled","ast-breadcrumbs-content":"","ast-featured-img":"disabled","footer-sml-layout":"","ast-disable-related-posts":"","theme-transparent-header-meta":"default","adv-header-id-meta":"","stick-header-meta":"default","header-above-stick-meta":"","header-main-stick-meta":"","header-below-stick-meta":"","astra-migrate-meta-layouts":"set","ast-page-background-enabled":"default","ast-page-background-meta":{"desktop":{"background-color":"","background-image":"","background-repeat":"repeat","background-position":"center center","background-size":"auto","background-attachment":"scroll","background-type":"","background-media":"","overlay-type":"","overlay-color":"","overlay-opacity":"","overlay-gradient":""},"tablet":{"background-color":"","background-image":"","background-repeat":"repeat","background-position":"center center","background-size":"auto","background-attachment":"scroll","background-type":"","background-media":"","overlay-type":"","overlay-color":"","overlay-opacity":"","overlay-gradient":""},"mobile":{"background-color":"","background-image":"","background-repeat":"repeat","background-position":"center center","background-size":"auto","background-attachment":"scroll","background-type":"","background-media":"","overlay-type":"","overlay-color":"","overlay-opacity":"","overlay-gradient":""}},"ast-content-background-meta":{"desktop":{"background-color":"var(--ast-global-color-5)","background-image":"","background-repeat":"repeat","background-position":"center center","background-size":"auto","background-attachment":"scroll","background-type":"","background-media":"","overlay-type":"","overlay-color":"","overlay-opacity":"","overlay-gradient":""},"tablet":{"background-color":"var(--ast-global-color-5)","background-image":"","background-repeat":"repeat","background-position":"center center","background-size":"auto","background-attachment":"scroll","background-type":"","background-media":"","overlay-type":"","overlay-color":"","overlay-opacity":"","overlay-gradient":""},"mobile":{"background-color":"var(--ast-global-color-5)","background-image":"","background-repeat":"repeat","background-position":"center center","background-size":"auto","background-attachment":"scroll","background-type":"","background-media":"","overlay-type":"","overlay-color":"","overlay-opacity":"","overlay-gradient":""}}},"product_brand":[42],"product_cat":[50,88,77,15],"product_tag":[],"class_list":{"0":"post-5121","1":"product","2":"type-product","3":"status-publish","4":"has-post-thumbnail","6":"product_brand-randm-tornado","7":"product_cat-randm-tornado-40000-avec-ecran-led-hd","8":"product_cat-puff-40k","9":"product_cat-entrepot-de-lue","10":"product_cat-magasin-cigarette-electronique","11":"desktop-align-center","12":"tablet-align-center","13":"mobile-align-center","14":"ast-product-gallery-layout-horizontal","15":"ast-product-single-variable","16":"ast-product-tabs-layout-horizontal","17":"ast-qv-on-image","19":"first","20":"instock","21":"sale","22":"shipping-taxable","23":"purchasable","24":"product-type-variable","25":"has-default-attributes"},"tiered_pricing_type":"fixed","tiered_pricing_fixed_rules":{"30":10.42,"60":9.26,"100":8.05,"200":7.8,"500":7.67,"1000":7.38},"tiered_pricing_product_settings":{"layout":"default","base_unit_name":{"singular":null,"plural":null},"default_variation":null},"tiered_pricing_minimum_quantity":null,"tiered_pricing_roles_data":[],"tiered_pricing_percentage_rules":[],"_links":{"self":[{"href":"https:\/\/puffvapestore.com\/sv\/wp-json\/wp\/v2\/product\/5121","targetHints":{"allow":["GET"]}}],"collection":[{"href":"https:\/\/puffvapestore.com\/sv\/wp-json\/wp\/v2\/product"}],"about":[{"href":"https:\/\/puffvapestore.com\/sv\/wp-json\/wp\/v2\/types\/product"}],"replies":[{"embeddable":true,"href":"https:\/\/puffvapestore.com\/sv\/wp-json\/wp\/v2\/comments?post=5121"}],"version-history":[{"count":12,"href":"https:\/\/puffvapestore.com\/sv\/wp-json\/wp\/v2\/product\/5121\/revisions"}],"predecessor-version":[{"id":17807,"href":"https:\/\/puffvapestore.com\/sv\/wp-json\/wp\/v2\/product\/5121\/revisions\/17807"}],"wp:featuredmedia":[{"embeddable":true,"href":"https:\/\/puffvapestore.com\/sv\/wp-json\/wp\/v2\/media\/5082"}],"wp:attachment":[{"href":"https:\/\/puffvapestore.com\/sv\/wp-json\/wp\/v2\/media?parent=5121"}],"wp:term":[{"taxonomy":"product_brand","embeddable":true,"href":"https:\/\/puffvapestore.com\/sv\/wp-json\/wp\/v2\/product_brand?post=5121"},{"taxonomy":"product_cat","embeddable":true,"href":"https:\/\/puffvapestore.com\/sv\/wp-json\/wp\/v2\/product_cat?post=5121"},{"taxonomy":"product_tag","embeddable":true,"href":"https:\/\/puffvapestore.com\/sv\/wp-json\/wp\/v2\/product_tag?post=5121"}],"curies":[{"name":"wp","href":"https:\/\/api.w.org\/{rel}","templated":true}]}}