{"id":5052,"date":"2025-07-14T10:38:35","date_gmt":"2025-07-14T10:38:35","guid":{"rendered":"https:\/\/puffvapestore.com\/?post_type=product&#038;p=5052"},"modified":"2026-01-19T10:31:54","modified_gmt":"2026-01-19T10:31:54","slug":"ice-pop-tornado-35000-une-saveur-douce-et-rafraichissante","status":"publish","type":"product","link":"https:\/\/puffvapestore.com\/sv\/product\/isglass-tornado-35000-en-sot-uppfriskande-smak\/","title":{"rendered":"Fumot Tornado 35000 - isglass"},"content":{"rendered":"<div data-elementor-type=\"wp-post\" data-elementor-id=\"5052\" class=\"elementor elementor-5052\">\n\t\t\t\t<div class=\"elementor-element elementor-element-08c26f9 e-flex e-con-boxed e-con e-parent\" data-id=\"08c26f9\" data-element_type=\"container\" data-e-type=\"container\">\n\t\t\t\t\t<div class=\"e-con-inner\">\n\t\t\t\t<div class=\"elementor-element elementor-element-a005a97 elementor-widget elementor-widget-text-editor\" data-id=\"a005a97\" data-element_type=\"widget\" data-e-type=\"widget\" data-widget_type=\"text-editor.default\">\n\t\t\t\t<div class=\"elementor-widget-container\">\n\t\t\t\t\t\t\t\t\t<p>Fumot RandM Tornado 35000 Ice Pop \u00e4r en popul\u00e4r smak bland elektroniska cigaretter och lockar ett stort antal anv\u00e4ndare tack vare sin unikt uppfriskande och s\u00f6ta upplevelse.<\/p><p>F\u00f6rsta klunken: S\u00e5 snart du andas in kommer en mjuk ton av f\u00e4rsk mynta in i munnen och ger en mild, uppfriskande svalka till hela smaken.<\/p><p>Det som f\u00f6ljer \u00e4r en s\u00f6t doft av en blandning av olika fruktsmaker, liknande de f\u00e4rgade glassar jag \u00e5t som barn: jordgubbar, bl\u00e5b\u00e4r, druvor, citron och andra fruktaromer blandas, utan n\u00e5gon tydlig fruktdominans, men med en k\u00e4nsla av blandad fruktjuice soda.<\/p><p>Mellanm\u00e5l: I mitten kommer s\u00f6tman fram gradvis, utan en tung sirapsliknande k\u00e4nsla, men med en saftig smak av godis och frukt, som att tugga p\u00e5 en isglass.<\/p><p>Syran \u00e4r n\u00e5got accentuerad, s\u00e4rskilt tack vare den l\u00e4tta syran fr\u00e5n citrusfrukterna, som har en uppfriskande effekt och g\u00f6r vinet livligt och komplext, utan att vara monotont eller fett.<\/p><p>Eftersmak: Efter inandning \u00e4r eftersmaken tydlig och l\u00e4mnar en l\u00e4tt mintfriskhet och en fruktig rest i gommen. Avslutningen p\u00e5 den h\u00e4r glassen \u00e4r mer uppfriskande och k\u00e4nns inte s\u00f6t eller oljig.<\/p>\t\t\t\t\t\t\t\t<\/div>\n\t\t\t\t<\/div>\n\t\t\t\t\t<\/div>\n\t\t\t\t<\/div>\n\t\t<div class=\"elementor-element elementor-element-718b380 e-flex e-con-boxed e-con e-parent\" data-id=\"718b380\" data-element_type=\"container\" data-e-type=\"container\">\n\t\t\t\t\t<div class=\"e-con-inner\">\n\t\t\t\t<div class=\"elementor-element elementor-element-d2cc8fa elementor-widget elementor-widget-text-editor\" data-id=\"d2cc8fa\" data-element_type=\"widget\" data-e-type=\"widget\" data-widget_type=\"text-editor.default\">\n\t\t\t\t<div class=\"elementor-widget-container\">\n\t\t\t\t\t\t\t\t\t<h2>Exceptionell smak och \u00e5ngproduktion :<\/h2><p>Motst\u00e5ndstekniken med dubbla maskor i RandM Tornado 35000 Ice Pop s\u00e4kerst\u00e4ller optimal uppv\u00e4rmning av e-juice, vilket ger en rikare smak och ett st\u00f6rre \u00e5ngmoln, perfekt f\u00f6r anv\u00e4ndare som letar efter intensiva smaker och intensiva visuella effekter.<\/p><h2>Trendig, personlig design:<\/h2><p>RGB-belysningseffekterna kan synkroniseras med musiken, vilket g\u00f6r den \u00e4nnu roligare att anv\u00e4nda, s\u00e4rskilt l\u00e4mplig f\u00f6r sociala tillf\u00e4llen eller yngre anv\u00e4ndare. Anv\u00e4ndarna kan v\u00e4lja att avaktivera ljuseffekterna f\u00f6r en mer diskret anv\u00e4ndning.<\/p><p>Den \u00e4r inspirerad av den moderna designen hos Digitalbox 12000 och kombinerar estetik och b\u00e4rbarhet med ett bekv\u00e4mt grepp f\u00f6r daglig anv\u00e4ndning.<\/p><h2>L\u00e4tt att anv\u00e4nda:<\/h2><p>RandM Tornado 35000 Ice Pop kr\u00e4ver inget underh\u00e5ll och inget byte av motst\u00e5nd eller e-v\u00e4tsketankar. Den kan anv\u00e4ndas direkt, vilket g\u00f6r den idealisk f\u00f6r nyb\u00f6rjare eller mindre kr\u00e4vande anv\u00e4ndare.<\/p><p>Den smarta displayen visar intuitivt batteriniv\u00e5n och hur mycket e-v\u00e4tska som finns kvar, s\u00e5 att du inte beh\u00f6ver oroa dig f\u00f6r str\u00f6mavbrott eller att e-v\u00e4tskan tar slut.<\/p><p>Snabbladdning med Type-C minskar v\u00e4ntetiden och den l\u00e5nga batteritiden garanterar l\u00e5ng anv\u00e4ndning.<\/p><h2>RandM Tornado 35000 Ice Pop funktioner<\/h2><p>Antal puffar: Upp till 35.000 puffar, en av de st\u00f6rsta kapaciteterna p\u00e5 marknaden, perfekt f\u00f6r intensiva anv\u00e4ndare och l\u00e5ngvarigt bruk.<\/p><p>Batterikapacitet: Utrustad med ett uppladdningsbart batteri p\u00e5 700 mAh. Snabbladdning via Type-C-gr\u00e4nssnittet garanterar l\u00e5ng anv\u00e4ndning och snabb \u00e5terh\u00e4mtning.<\/p><p>Resistorteknik: Anv\u00e4nder ett 1,2 \u03a9 dubbelmaskigt motst\u00e5nd f\u00f6r j\u00e4mnare uppv\u00e4rmning, t\u00e4tare \u00e5nga och starkare smak.<\/p><p>Nikotindosering: Du kan v\u00e4lja mellan 0 %, 2 % eller 5 % nikotin f\u00f6r att tillgodose varje anv\u00e4ndares behov.<\/p><p>Displayfunktion: Utrustad med en LED-sk\u00e4rm som visar batteriladdningen och \u00e5terst\u00e5ende e-v\u00e4tskeniv\u00e5 i realtid, vilket g\u00f6r det m\u00f6jligt f\u00f6r anv\u00e4ndare att \u00f6vervaka enhetens status.<\/p><p>Design och b\u00e4rbarhet: Kompakt och l\u00e4tt, l\u00e4tt att b\u00e4ra med sig. Designen \u00e4r inspirerad av Digitalbox 12000, med ett modernt och elegant utseende.<\/p>\t\t\t\t\t\t\t\t<\/div>\n\t\t\t\t<\/div>\n\t\t\t\t\t<\/div>\n\t\t\t\t<\/div>\n\t\t\t\t<\/div>","protected":false},"excerpt":{"rendered":"<p>Fumot RandM Tornado 35000 Ice Pop est un ar\u00f4me populaire parmi les cigarettes \u00e9lectroniques, attirant un grand nombre d&rsquo;utilisateurs gr\u00e2ce \u00e0 son exp\u00e9rience rafra\u00eechissante et sucr\u00e9e unique. Premi\u00e8re gorg\u00e9e\u00a0: D\u00e8s l&rsquo;inhalation, une douce note de menthe fra\u00eeche envahit la bouche, apportant une fra\u00eecheur douce et rafra\u00eechissante \u00e0 l&rsquo;ensemble de la saveur. Ce qui suit est [&hellip;]<\/p>\n","protected":false},"featured_media":4765,"comment_status":"open","ping_status":"closed","template":"","meta":{"site-sidebar-layout":"no-sidebar","site-content-layout":"page-builder","ast-site-content-layout":"normal-width-container","site-content-style":"default","site-sidebar-style":"default","ast-global-header-display":"","ast-banner-title-visibility":"","ast-main-header-display":"","ast-hfb-above-header-display":"","ast-hfb-below-header-display":"","ast-hfb-mobile-header-display":"","site-post-title":"disabled","ast-breadcrumbs-content":"","ast-featured-img":"disabled","footer-sml-layout":"","ast-disable-related-posts":"","theme-transparent-header-meta":"default","adv-header-id-meta":"","stick-header-meta":"default","header-above-stick-meta":"","header-main-stick-meta":"","header-below-stick-meta":"","astra-migrate-meta-layouts":"set","ast-page-background-enabled":"default","ast-page-background-meta":{"desktop":{"background-color":"","background-image":"","background-repeat":"repeat","background-position":"center center","background-size":"auto","background-attachment":"scroll","background-type":"","background-media":"","overlay-type":"","overlay-color":"","overlay-opacity":"","overlay-gradient":""},"tablet":{"background-color":"","background-image":"","background-repeat":"repeat","background-position":"center center","background-size":"auto","background-attachment":"scroll","background-type":"","background-media":"","overlay-type":"","overlay-color":"","overlay-opacity":"","overlay-gradient":""},"mobile":{"background-color":"","background-image":"","background-repeat":"repeat","background-position":"center center","background-size":"auto","background-attachment":"scroll","background-type":"","background-media":"","overlay-type":"","overlay-color":"","overlay-opacity":"","overlay-gradient":""}},"ast-content-background-meta":{"desktop":{"background-color":"var(--ast-global-color-5)","background-image":"","background-repeat":"repeat","background-position":"center center","background-size":"auto","background-attachment":"scroll","background-type":"","background-media":"","overlay-type":"","overlay-color":"","overlay-opacity":"","overlay-gradient":""},"tablet":{"background-color":"var(--ast-global-color-5)","background-image":"","background-repeat":"repeat","background-position":"center center","background-size":"auto","background-attachment":"scroll","background-type":"","background-media":"","overlay-type":"","overlay-color":"","overlay-opacity":"","overlay-gradient":""},"mobile":{"background-color":"var(--ast-global-color-5)","background-image":"","background-repeat":"repeat","background-position":"center center","background-size":"auto","background-attachment":"scroll","background-type":"","background-media":"","overlay-type":"","overlay-color":"","overlay-opacity":"","overlay-gradient":""}}},"product_brand":[42],"product_cat":[49,105,15],"product_tag":[],"class_list":{"0":"post-5052","1":"product","2":"type-product","3":"status-publish","4":"has-post-thumbnail","6":"product_brand-randm-tornado","7":"product_cat-randm-tornado-35000-offre-35000-bouffees-de-cigarettes","8":"product_cat-puff-35k","9":"product_cat-magasin-cigarette-electronique","10":"desktop-align-center","11":"tablet-align-center","12":"mobile-align-center","13":"ast-product-gallery-layout-horizontal","14":"ast-product-gallery-with-no-image","15":"ast-product-single-variable","16":"ast-product-tabs-layout-horizontal","17":"ast-qv-on-image","19":"first","20":"instock","21":"sale","22":"shipping-taxable","23":"purchasable","24":"product-type-variable","25":"has-default-attributes"},"tiered_pricing_type":"fixed","tiered_pricing_fixed_rules":{"50":12.99,"100":11.39,"200":10.79,"400":10.39},"tiered_pricing_product_settings":{"layout":"default","base_unit_name":{"singular":null,"plural":null},"default_variation":null},"tiered_pricing_minimum_quantity":null,"tiered_pricing_roles_data":[],"tiered_pricing_percentage_rules":[],"_links":{"self":[{"href":"https:\/\/puffvapestore.com\/sv\/wp-json\/wp\/v2\/product\/5052","targetHints":{"allow":["GET"]}}],"collection":[{"href":"https:\/\/puffvapestore.com\/sv\/wp-json\/wp\/v2\/product"}],"about":[{"href":"https:\/\/puffvapestore.com\/sv\/wp-json\/wp\/v2\/types\/product"}],"replies":[{"embeddable":true,"href":"https:\/\/puffvapestore.com\/sv\/wp-json\/wp\/v2\/comments?post=5052"}],"version-history":[{"count":6,"href":"https:\/\/puffvapestore.com\/sv\/wp-json\/wp\/v2\/product\/5052\/revisions"}],"predecessor-version":[{"id":5061,"href":"https:\/\/puffvapestore.com\/sv\/wp-json\/wp\/v2\/product\/5052\/revisions\/5061"}],"wp:featuredmedia":[{"embeddable":true,"href":"https:\/\/puffvapestore.com\/sv\/wp-json\/wp\/v2\/media\/4765"}],"wp:attachment":[{"href":"https:\/\/puffvapestore.com\/sv\/wp-json\/wp\/v2\/media?parent=5052"}],"wp:term":[{"taxonomy":"product_brand","embeddable":true,"href":"https:\/\/puffvapestore.com\/sv\/wp-json\/wp\/v2\/product_brand?post=5052"},{"taxonomy":"product_cat","embeddable":true,"href":"https:\/\/puffvapestore.com\/sv\/wp-json\/wp\/v2\/product_cat?post=5052"},{"taxonomy":"product_tag","embeddable":true,"href":"https:\/\/puffvapestore.com\/sv\/wp-json\/wp\/v2\/product_tag?post=5052"}],"curies":[{"name":"wp","href":"https:\/\/api.w.org\/{rel}","templated":true}]}}