{"id":5022,"date":"2025-07-14T05:47:38","date_gmt":"2025-07-14T05:47:38","guid":{"rendered":"https:\/\/puffvapestore.com\/?post_type=product&#038;p=5022"},"modified":"2026-01-19T10:31:55","modified_gmt":"2026-01-19T10:31:55","slug":"mexico-mango-ice-tornado-35000-riche-fruitee-et-rafraichissante","status":"publish","type":"product","link":"https:\/\/puffvapestore.com\/sv\/product\/mexico-mango-is-tornado-35000-rik-fruktig-och-uppfriskande\/","title":{"rendered":"Mexico Mango Ice - Fumot RandM Tornado 35000"},"content":{"rendered":"<div data-elementor-type=\"wp-post\" data-elementor-id=\"5022\" class=\"elementor elementor-5022\">\n\t\t\t\t<div class=\"elementor-element elementor-element-08c26f9 e-flex e-con-boxed e-con e-parent\" data-id=\"08c26f9\" data-element_type=\"container\" data-e-type=\"container\">\n\t\t\t\t\t<div class=\"e-con-inner\">\n\t\t\t\t<div class=\"elementor-element elementor-element-a005a97 elementor-widget elementor-widget-text-editor\" data-id=\"a005a97\" data-element_type=\"widget\" data-e-type=\"widget\" data-widget_type=\"text-editor.default\">\n\t\t\t\t<div class=\"elementor-widget-container\">\n\t\t\t\t\t\t\t\t\t<p>Iced Mexican Mango-smaken fokuserar p\u00e5 den mogna s\u00f6tman hos mexikansk mango, kompletterad med en touch av f\u00e4rsk mynta, vilket skapar en rik, fruktig och uppfriskande r\u00f6kupplevelse. Denna smak f\u00e5ngar perfekt den naturliga aromen av den mexikanska mango, som skiljer sig fr\u00e5n den klassiska mango, med en b\u00e4ttre aromatisk uppfattning och en k\u00f6ttig k\u00e4nsla.<\/p><h2>Hj\u00e4rtat i mangosmaken :<\/h2><p>S\u00f6t och fruktig: P\u00e5 gommen erbjuder Iced Mexican Mango en rik mangos\u00f6tma, som om du biter i en mogen mango som nyplockats fr\u00e5n en tropisk frukttr\u00e4dg\u00e5rd i Mexiko. Mangos\u00f6tman \u00e4r fyllig och naturlig, med sin unika rika tropiska fruktarom som p\u00e5minner om den tropiska atmosf\u00e4ren under solen.<\/p><p>L\u00e4tt syrlighet: J\u00e4mf\u00f6rt med vanlig mango har mexikansk mango i allm\u00e4nhet en l\u00e4tt syrlighet. Denna syra ger den totala s\u00f6tman en viss livlighet, undviker en s\u00f6t, oljig k\u00e4nsla och g\u00f6r smaken mer komplex.<\/p><p>Textur av fruktk\u00f6ttet: Vid inandning erbjuder mango en sl\u00e4t, fyllig textur, som om den delikata smaken av fruktk\u00f6ttet \u00e5terst\u00e4lldes, vilket ger en uppslukande smakupplevelse.<\/p><h2>F\u00e4rsk mynta fusion :<\/h2><p>Uppfriskande effekt: Mangons s\u00f6tma \u00e5tf\u00f6ljs av en ton av f\u00e4rsk mynta (mentol), vilket ger en k\u00e4nsla av friskhet. Denna kylande k\u00e4nsla \u00e4r inte \u00f6verv\u00e4ldigande, men l\u00e4mnar en uppfriskande eftersmak i munnen och halsen, som att smutta p\u00e5 isad mangojuice en varm sommardag.<\/p><h2>Skikt och eftersmak :<\/h2><p>Inandning: Vid inandning invaderar den fruktiga, s\u00f6ta och l\u00e4tt syrliga doften av mango f\u00f6rst smakl\u00f6karna och ger en rik, behaglig tropisk fruktsmak.<\/p><p>Utandning: N\u00e4r du andas ut kommer mintens fr\u00e4sch\u00f6r gradvis fram, tillsammans med den kvardr\u00f6jande doften av mango, vilket ger en uppfriskande eftersmak.<\/p>\t\t\t\t\t\t\t\t<\/div>\n\t\t\t\t<\/div>\n\t\t\t\t\t<\/div>\n\t\t\t\t<\/div>\n\t\t<div class=\"elementor-element elementor-element-718b380 e-flex e-con-boxed e-con e-parent\" data-id=\"718b380\" data-element_type=\"container\" data-e-type=\"container\">\n\t\t\t\t\t<div class=\"e-con-inner\">\n\t\t\t\t<div class=\"elementor-element elementor-element-d2cc8fa elementor-widget elementor-widget-text-editor\" data-id=\"d2cc8fa\" data-element_type=\"widget\" data-e-type=\"widget\" data-widget_type=\"text-editor.default\">\n\t\t\t\t<div class=\"elementor-widget-container\">\n\t\t\t\t\t\t\t\t\t<h2>Exceptionell smak och \u00e5ngproduktion :<\/h2><p>Motst\u00e5ndstekniken med dubbla maskor i RandM Tornado 35000 Mexico Mango Ice s\u00e4kerst\u00e4ller optimal uppv\u00e4rmning av e-juice, vilket ger en rikare smak och ett st\u00f6rre \u00e5ngmoln, perfekt f\u00f6r anv\u00e4ndare som letar efter intensiva smaker och intensiva visuella effekter.<\/p><h2>Trendig, personlig design:<\/h2><p>RGB-belysningseffekterna kan synkroniseras med musiken, vilket g\u00f6r den \u00e4nnu roligare att anv\u00e4nda, s\u00e4rskilt l\u00e4mplig f\u00f6r sociala tillf\u00e4llen eller yngre anv\u00e4ndare. Anv\u00e4ndarna kan v\u00e4lja att avaktivera ljuseffekterna f\u00f6r en mer diskret anv\u00e4ndning.<\/p><p>Den \u00e4r inspirerad av den moderna designen hos Digitalbox 12000 och kombinerar estetik och b\u00e4rbarhet med ett bekv\u00e4mt grepp f\u00f6r daglig anv\u00e4ndning.<\/p><h2>L\u00e4tt att anv\u00e4nda:<\/h2><p>RandM Tornado 35000 Mexico Mango Ice kr\u00e4ver inget underh\u00e5ll och inget byte av motst\u00e5nd eller e-v\u00e4tsketankar. Den kan anv\u00e4ndas direkt, vilket g\u00f6r den idealisk f\u00f6r nyb\u00f6rjare eller mindre kr\u00e4vande anv\u00e4ndare.<\/p><p>Den smarta displayen visar intuitivt batteriniv\u00e5n och hur mycket e-v\u00e4tska som finns kvar, s\u00e5 att du inte beh\u00f6ver oroa dig f\u00f6r str\u00f6mavbrott eller att e-v\u00e4tskan tar slut.<\/p><p>Snabbladdning med Type-C minskar v\u00e4ntetiden och den l\u00e5nga batteritiden garanterar l\u00e5ng anv\u00e4ndning.<\/p><h2>RandM Tornado 35000 Mexico Mango Ice funktioner<\/h2><p>Antal puffar: Upp till 35.000 puffar, en av de st\u00f6rsta kapaciteterna p\u00e5 marknaden, perfekt f\u00f6r intensiva anv\u00e4ndare och l\u00e5ngvarigt bruk.<\/p><p>Batterikapacitet: Utrustad med ett uppladdningsbart batteri p\u00e5 700 mAh. Snabbladdning via Type-C-gr\u00e4nssnittet garanterar l\u00e5ng anv\u00e4ndning och snabb \u00e5terh\u00e4mtning.<\/p><p>Resistorteknik: Anv\u00e4nder ett 1,2 \u03a9 dubbelmaskigt motst\u00e5nd f\u00f6r j\u00e4mnare uppv\u00e4rmning, t\u00e4tare \u00e5nga och starkare smak.<\/p><p>Nikotindosering: Du kan v\u00e4lja mellan 0 %, 2 % eller 5 % nikotin f\u00f6r att tillgodose varje anv\u00e4ndares behov.<\/p><p>Displayfunktion: Utrustad med en LED-sk\u00e4rm som visar batteriladdningen och \u00e5terst\u00e5ende e-v\u00e4tskeniv\u00e5 i realtid, vilket g\u00f6r det m\u00f6jligt f\u00f6r anv\u00e4ndare att \u00f6vervaka enhetens status.<\/p><p>Design och b\u00e4rbarhet: Kompakt och l\u00e4tt, l\u00e4tt att b\u00e4ra med sig. Designen \u00e4r inspirerad av Digitalbox 12000, med ett modernt och elegant utseende.<\/p>\t\t\t\t\t\t\t\t<\/div>\n\t\t\t\t<\/div>\n\t\t\t\t\t<\/div>\n\t\t\t\t<\/div>\n\t\t\t\t<\/div>","protected":false},"excerpt":{"rendered":"<p>La saveur de Mangue mexicaine glac\u00e9e met l&rsquo;accent sur la douceur m\u00fbre de la mangue mexicaine, compl\u00e9t\u00e9e par une touche de menthe fra\u00eeche, cr\u00e9ant une exp\u00e9rience de fum\u00e9e riche, fruit\u00e9e et rafra\u00eechissante. Cette saveur restitue parfaitement l&rsquo;ar\u00f4me naturel de la mangue mexicaine, diff\u00e9rent de la mangue classique, avec une meilleure perception aromatique et une sensation [&hellip;]<\/p>\n","protected":false},"featured_media":4768,"comment_status":"open","ping_status":"closed","template":"","meta":{"site-sidebar-layout":"no-sidebar","site-content-layout":"page-builder","ast-site-content-layout":"normal-width-container","site-content-style":"default","site-sidebar-style":"default","ast-global-header-display":"","ast-banner-title-visibility":"","ast-main-header-display":"","ast-hfb-above-header-display":"","ast-hfb-below-header-display":"","ast-hfb-mobile-header-display":"","site-post-title":"disabled","ast-breadcrumbs-content":"","ast-featured-img":"disabled","footer-sml-layout":"","ast-disable-related-posts":"","theme-transparent-header-meta":"default","adv-header-id-meta":"","stick-header-meta":"default","header-above-stick-meta":"","header-main-stick-meta":"","header-below-stick-meta":"","astra-migrate-meta-layouts":"set","ast-page-background-enabled":"default","ast-page-background-meta":{"desktop":{"background-color":"","background-image":"","background-repeat":"repeat","background-position":"center center","background-size":"auto","background-attachment":"scroll","background-type":"","background-media":"","overlay-type":"","overlay-color":"","overlay-opacity":"","overlay-gradient":""},"tablet":{"background-color":"","background-image":"","background-repeat":"repeat","background-position":"center center","background-size":"auto","background-attachment":"scroll","background-type":"","background-media":"","overlay-type":"","overlay-color":"","overlay-opacity":"","overlay-gradient":""},"mobile":{"background-color":"","background-image":"","background-repeat":"repeat","background-position":"center center","background-size":"auto","background-attachment":"scroll","background-type":"","background-media":"","overlay-type":"","overlay-color":"","overlay-opacity":"","overlay-gradient":""}},"ast-content-background-meta":{"desktop":{"background-color":"var(--ast-global-color-5)","background-image":"","background-repeat":"repeat","background-position":"center center","background-size":"auto","background-attachment":"scroll","background-type":"","background-media":"","overlay-type":"","overlay-color":"","overlay-opacity":"","overlay-gradient":""},"tablet":{"background-color":"var(--ast-global-color-5)","background-image":"","background-repeat":"repeat","background-position":"center center","background-size":"auto","background-attachment":"scroll","background-type":"","background-media":"","overlay-type":"","overlay-color":"","overlay-opacity":"","overlay-gradient":""},"mobile":{"background-color":"var(--ast-global-color-5)","background-image":"","background-repeat":"repeat","background-position":"center center","background-size":"auto","background-attachment":"scroll","background-type":"","background-media":"","overlay-type":"","overlay-color":"","overlay-opacity":"","overlay-gradient":""}}},"product_brand":[42],"product_cat":[49,105,15],"product_tag":[],"class_list":{"0":"post-5022","1":"product","2":"type-product","3":"status-publish","4":"has-post-thumbnail","6":"product_brand-randm-tornado","7":"product_cat-randm-tornado-35000-offre-35000-bouffees-de-cigarettes","8":"product_cat-puff-35k","9":"product_cat-magasin-cigarette-electronique","10":"desktop-align-center","11":"tablet-align-center","12":"mobile-align-center","13":"ast-product-gallery-layout-horizontal","14":"ast-product-gallery-with-no-image","15":"ast-product-single-variable","16":"ast-product-tabs-layout-horizontal","17":"ast-qv-on-image","19":"first","20":"instock","21":"sale","22":"shipping-taxable","23":"purchasable","24":"product-type-variable","25":"has-default-attributes"},"tiered_pricing_type":"fixed","tiered_pricing_fixed_rules":{"50":12.99,"100":11.39,"200":10.79,"400":10.39},"tiered_pricing_product_settings":{"layout":"default","base_unit_name":{"singular":null,"plural":null},"default_variation":null},"tiered_pricing_minimum_quantity":null,"tiered_pricing_roles_data":[],"tiered_pricing_percentage_rules":[],"_links":{"self":[{"href":"https:\/\/puffvapestore.com\/sv\/wp-json\/wp\/v2\/product\/5022","targetHints":{"allow":["GET"]}}],"collection":[{"href":"https:\/\/puffvapestore.com\/sv\/wp-json\/wp\/v2\/product"}],"about":[{"href":"https:\/\/puffvapestore.com\/sv\/wp-json\/wp\/v2\/types\/product"}],"replies":[{"embeddable":true,"href":"https:\/\/puffvapestore.com\/sv\/wp-json\/wp\/v2\/comments?post=5022"}],"version-history":[{"count":6,"href":"https:\/\/puffvapestore.com\/sv\/wp-json\/wp\/v2\/product\/5022\/revisions"}],"predecessor-version":[{"id":5031,"href":"https:\/\/puffvapestore.com\/sv\/wp-json\/wp\/v2\/product\/5022\/revisions\/5031"}],"wp:featuredmedia":[{"embeddable":true,"href":"https:\/\/puffvapestore.com\/sv\/wp-json\/wp\/v2\/media\/4768"}],"wp:attachment":[{"href":"https:\/\/puffvapestore.com\/sv\/wp-json\/wp\/v2\/media?parent=5022"}],"wp:term":[{"taxonomy":"product_brand","embeddable":true,"href":"https:\/\/puffvapestore.com\/sv\/wp-json\/wp\/v2\/product_brand?post=5022"},{"taxonomy":"product_cat","embeddable":true,"href":"https:\/\/puffvapestore.com\/sv\/wp-json\/wp\/v2\/product_cat?post=5022"},{"taxonomy":"product_tag","embeddable":true,"href":"https:\/\/puffvapestore.com\/sv\/wp-json\/wp\/v2\/product_tag?post=5022"}],"curies":[{"name":"wp","href":"https:\/\/api.w.org\/{rel}","templated":true}]}}