{"id":4944,"date":"2025-07-11T15:44:09","date_gmt":"2025-07-11T15:44:09","guid":{"rendered":"https:\/\/puffvapestore.com\/?post_type=product&#038;p=4944"},"modified":"2026-01-19T10:31:55","modified_gmt":"2026-01-19T10:31:55","slug":"tornado-35000-white-gummy-ice-un-arome-rafraichissant-de-fruits-tropicaux","status":"publish","type":"product","link":"https:\/\/puffvapestore.com\/sv\/product\/tornado-35000-vit-gummiis-en-uppfriskande-arom-av-tropisk-frukt\/","title":{"rendered":"RandM Tornado 35000 - Vit gummiglass"},"content":{"rendered":"<div data-elementor-type=\"wp-post\" data-elementor-id=\"4944\" class=\"elementor elementor-4944\">\n\t\t\t\t<div class=\"elementor-element elementor-element-08c26f9 e-flex e-con-boxed e-con e-parent\" data-id=\"08c26f9\" data-element_type=\"container\" data-e-type=\"container\">\n\t\t\t\t\t<div class=\"e-con-inner\">\n\t\t\t\t<div class=\"elementor-element elementor-element-a005a97 elementor-widget elementor-widget-text-editor\" data-id=\"a005a97\" data-element_type=\"widget\" data-e-type=\"widget\" data-widget_type=\"text-editor.default\">\n\t\t\t\t<div class=\"elementor-widget-container\">\n\t\t\t\t\t\t\t\t\t<p>Om du gillar Haribos vita gel\u00e9godis eller fruktgodis med frisk smak \u00e4r RandM Tornado 35000 - White Jelly Gummies ett perfekt val. Den erbjuder en perfekt balans mellan s\u00f6tma, friskhet och konsistens.<\/p><h2>Vit gel\u00e9godis smak<\/h2><p>Vita gel\u00e9godis \u00e4r i allm\u00e4nhet ananasbaserade, en smak som \u00e4r mycket n\u00e4rvarande i denna RandM-produkt. S\u00e5 snart du smakar p\u00e5 den f\u00e5r du en uppfriskande tropisk fruktsmak, liknande ananas, med en antydan till citrus eller litchi, s\u00f6t utan att vara fet.<\/p><h2>Ismint<\/h2><p>Tillsatsen av is \u00e4r m\u00e5ttlig, f\u00f6r en j\u00e4mn, kontinuerlig f\u00e4rskhet. Isen anv\u00e4nds fr\u00e4mst f\u00f6r att f\u00f6rh\u00f6ja smaken och fr\u00e4scha upp munnen, vilket effektivt neutraliserar s\u00f6tman fr\u00e5n gel\u00e9b\u00f6norna och g\u00f6r r\u00f6kupplevelsen mer njutbar.<\/p><p>Efter r\u00f6kning \u00e4r smaken uppfriskande och en l\u00e4tt fruktig arom framtr\u00e4der i gommen, perfekt f\u00f6r sommar eller l\u00e5ngvarig konsumtion utan smakutmattning.<\/p>\t\t\t\t\t\t\t\t<\/div>\n\t\t\t\t<\/div>\n\t\t\t\t\t<\/div>\n\t\t\t\t<\/div>\n\t\t<div class=\"elementor-element elementor-element-718b380 e-flex e-con-boxed e-con e-parent\" data-id=\"718b380\" data-element_type=\"container\" data-e-type=\"container\">\n\t\t\t\t\t<div class=\"e-con-inner\">\n\t\t\t\t<div class=\"elementor-element elementor-element-d2cc8fa elementor-widget elementor-widget-text-editor\" data-id=\"d2cc8fa\" data-element_type=\"widget\" data-e-type=\"widget\" data-widget_type=\"text-editor.default\">\n\t\t\t\t<div class=\"elementor-widget-container\">\n\t\t\t\t\t\t\t\t\t<h2>Flera puffar - upp till 35.000 puffar<\/h2><p>RandM Tornado 35000 White Gummy Ice \u00e4r utrustad med ett v\u00e4tskelagringssystem med h\u00f6g kapacitet och h\u00f6gpresterande batterihanteringsteknik, vilket m\u00f6jligg\u00f6r upp till 35 000 bloss. J\u00e4mf\u00f6rt med konventionella elektroniska eng\u00e5ngscigaretter \u00e4r dess livsl\u00e4ngd avsev\u00e4rt f\u00f6rb\u00e4ttrad, vilket g\u00f6r den s\u00e4rskilt l\u00e4mplig f\u00f6r intensiva anv\u00e4ndare eller l\u00e5nga resor, utan frekvent byte av utrustning, f\u00f6r l\u00e5nga, tr\u00f6tthetsfria bloss.<\/p><h2>Dubbelmaskigt v\u00e4rmeelement - den perfekta kombinationen av rik smak och effektiv finf\u00f6rdelning<\/h2><p>Med avancerad 1,2 \u03a9 dual mesh-resistorteknik s\u00e4kerst\u00e4ller den j\u00e4mnare uppv\u00e4rmning och fylligare atomisering. Oavsett om det handlar om s\u00f6ta, fruktiga eller iskalla smaker ger den en fylligare och mer delikat smakniv\u00e5. Samtidigt ger den en t\u00e4tare r\u00f6k, perfekt f\u00f6r anv\u00e4ndare som s\u00f6ker b\u00e5de gustatorisk och visuell njutning.<\/p><h2>Inbyggt uppladdningsbart batteri p\u00e5 700 mAh - effektivt och h\u00e5llbart, kompatibelt med snabbladdning av typ C<\/h2><p>RandM Tornado 35000 \u00e4r utrustad med ett h\u00f6gpresterande 700 mAh litiumbatteri f\u00f6r kontinuerlig, oavbruten anv\u00e4ndning under hela dagen. Type-C-gr\u00e4nssnittet f\u00f6rb\u00e4ttrar laddningshastigheten avsev\u00e4rt och minskar effektivt v\u00e4ntetiden. J\u00e4mf\u00f6rt med traditionella elektroniska cigaretter f\u00f6r eng\u00e5ngsbruk \u00e4r den uppladdningsbara designen ocks\u00e5 mer milj\u00f6v\u00e4nlig.<\/p><h2>Intelligent digital display - Status\u00f6vervakning i realtid<\/h2><p>RandM Tornado 35000 White Gummy Ice \u00e4r utrustad med en intelligent, h\u00f6guppl\u00f6st digital display som visar \u00e5terst\u00e5ende laddning och e-v\u00e4tskeniv\u00e5 i realtid. Detta inneb\u00e4r att anv\u00e4ndarna kan h\u00e5lla noggrann koll p\u00e5 sin anv\u00e4ndningsstatus och undvika avbrott p\u00e5 grund av str\u00f6mavbrott eller brist p\u00e5 e-v\u00e4tska.<\/p><h2>Elegant, portabel design - inspirerad av Digitalbox 12000<\/h2><p>Designen \u00e4r inspirerad av den ber\u00f6mda Digitalbox 12000-serien och kombinerar modernitet och futurism. Kompakt och l\u00e4tt, med rundade h\u00f6rn, ger den optimal komfort. Den \u00e4r l\u00e4tt att b\u00e4ra och \u00e4r ocks\u00e5 perfekt f\u00f6r att visa upp din personlighet och trendiga smak.<\/p><h2>Inget underh\u00e5ll kr\u00e4vs: ren njutning direkt ur l\u00e5dan<\/h2><p>RandM Tornado 35000 White Gummy Ice \u00e4r underh\u00e5llsfri: du beh\u00f6ver inte tills\u00e4tta e-juice, reng\u00f6ra eller byta ut delar. Den \u00e4r redo att anv\u00e4ndas direkt ur l\u00e5dan och \u00e4r perfekt f\u00f6r anv\u00e4ndare som vill ha praktiska l\u00f6sningar och sinnesfrid. Den \u00e4r perfekt f\u00f6r resor, m\u00f6ten eller vardagsbruk.<\/p><h2>Flera nikotinkoncentrationer tillg\u00e4ngliga: f\u00f6r att tillgodose dina behov<\/h2><p>Nikotinkoncentrationer p\u00e5 0 %, 2 % och 5 % finns tillg\u00e4ngliga f\u00f6r att tillgodose alla anv\u00e4ndares behov. Oavsett om du \u00e4r en anv\u00e4ndare som vill minska din dos eller en entusiast av elektroniska cigaretter som s\u00f6ker en kraftfull throat hit, kommer du att hitta den perfekta nikotinkoncentrationen.<\/p>\t\t\t\t\t\t\t\t<\/div>\n\t\t\t\t<\/div>\n\t\t\t\t\t<\/div>\n\t\t\t\t<\/div>\n\t\t\t\t<\/div>","protected":false},"excerpt":{"rendered":"<p>Si vous aimez les bonbons g\u00e9lifi\u00e9s blancs Haribo ou les bonbons aux fruits au go\u00fbt frais, le RandM Tornado 35000 &#8211; Gommes Glac\u00e9es Blanches est un choix id\u00e9al. Il offre un \u00e9quilibre parfait entre douceur, fra\u00eecheur et texture. Go\u00fbt Bonbon G\u00e9lifi\u00e9 Blanc Les bonbons g\u00e9lifi\u00e9s blancs sont g\u00e9n\u00e9ralement \u00e0 base d&rsquo;ananas, une saveur tr\u00e8s pr\u00e9sente [&hellip;]<\/p>\n","protected":false},"featured_media":4774,"comment_status":"open","ping_status":"closed","template":"","meta":{"site-sidebar-layout":"no-sidebar","site-content-layout":"page-builder","ast-site-content-layout":"normal-width-container","site-content-style":"default","site-sidebar-style":"default","ast-global-header-display":"","ast-banner-title-visibility":"","ast-main-header-display":"","ast-hfb-above-header-display":"","ast-hfb-below-header-display":"","ast-hfb-mobile-header-display":"","site-post-title":"disabled","ast-breadcrumbs-content":"","ast-featured-img":"disabled","footer-sml-layout":"","ast-disable-related-posts":"","theme-transparent-header-meta":"default","adv-header-id-meta":"","stick-header-meta":"default","header-above-stick-meta":"","header-main-stick-meta":"","header-below-stick-meta":"","astra-migrate-meta-layouts":"set","ast-page-background-enabled":"default","ast-page-background-meta":{"desktop":{"background-color":"","background-image":"","background-repeat":"repeat","background-position":"center center","background-size":"auto","background-attachment":"scroll","background-type":"","background-media":"","overlay-type":"","overlay-color":"","overlay-opacity":"","overlay-gradient":""},"tablet":{"background-color":"","background-image":"","background-repeat":"repeat","background-position":"center center","background-size":"auto","background-attachment":"scroll","background-type":"","background-media":"","overlay-type":"","overlay-color":"","overlay-opacity":"","overlay-gradient":""},"mobile":{"background-color":"","background-image":"","background-repeat":"repeat","background-position":"center center","background-size":"auto","background-attachment":"scroll","background-type":"","background-media":"","overlay-type":"","overlay-color":"","overlay-opacity":"","overlay-gradient":""}},"ast-content-background-meta":{"desktop":{"background-color":"var(--ast-global-color-5)","background-image":"","background-repeat":"repeat","background-position":"center center","background-size":"auto","background-attachment":"scroll","background-type":"","background-media":"","overlay-type":"","overlay-color":"","overlay-opacity":"","overlay-gradient":""},"tablet":{"background-color":"var(--ast-global-color-5)","background-image":"","background-repeat":"repeat","background-position":"center center","background-size":"auto","background-attachment":"scroll","background-type":"","background-media":"","overlay-type":"","overlay-color":"","overlay-opacity":"","overlay-gradient":""},"mobile":{"background-color":"var(--ast-global-color-5)","background-image":"","background-repeat":"repeat","background-position":"center center","background-size":"auto","background-attachment":"scroll","background-type":"","background-media":"","overlay-type":"","overlay-color":"","overlay-opacity":"","overlay-gradient":""}}},"product_brand":[42],"product_cat":[49,105,15],"product_tag":[],"class_list":{"0":"post-4944","1":"product","2":"type-product","3":"status-publish","4":"has-post-thumbnail","6":"product_brand-randm-tornado","7":"product_cat-randm-tornado-35000-offre-35000-bouffees-de-cigarettes","8":"product_cat-puff-35k","9":"product_cat-magasin-cigarette-electronique","10":"desktop-align-center","11":"tablet-align-center","12":"mobile-align-center","13":"ast-product-gallery-layout-horizontal","14":"ast-product-gallery-with-no-image","15":"ast-product-single-variable","16":"ast-product-tabs-layout-horizontal","17":"ast-qv-on-image","19":"first","20":"instock","21":"sale","22":"shipping-taxable","23":"purchasable","24":"product-type-variable","25":"has-default-attributes"},"tiered_pricing_type":"fixed","tiered_pricing_fixed_rules":{"50":12.99,"100":11.39,"200":10.79,"400":10.39},"tiered_pricing_product_settings":{"layout":"default","base_unit_name":{"singular":null,"plural":null},"default_variation":null},"tiered_pricing_minimum_quantity":null,"tiered_pricing_roles_data":[],"tiered_pricing_percentage_rules":[],"_links":{"self":[{"href":"https:\/\/puffvapestore.com\/sv\/wp-json\/wp\/v2\/product\/4944","targetHints":{"allow":["GET"]}}],"collection":[{"href":"https:\/\/puffvapestore.com\/sv\/wp-json\/wp\/v2\/product"}],"about":[{"href":"https:\/\/puffvapestore.com\/sv\/wp-json\/wp\/v2\/types\/product"}],"replies":[{"embeddable":true,"href":"https:\/\/puffvapestore.com\/sv\/wp-json\/wp\/v2\/comments?post=4944"}],"version-history":[{"count":6,"href":"https:\/\/puffvapestore.com\/sv\/wp-json\/wp\/v2\/product\/4944\/revisions"}],"predecessor-version":[{"id":4953,"href":"https:\/\/puffvapestore.com\/sv\/wp-json\/wp\/v2\/product\/4944\/revisions\/4953"}],"wp:featuredmedia":[{"embeddable":true,"href":"https:\/\/puffvapestore.com\/sv\/wp-json\/wp\/v2\/media\/4774"}],"wp:attachment":[{"href":"https:\/\/puffvapestore.com\/sv\/wp-json\/wp\/v2\/media?parent=4944"}],"wp:term":[{"taxonomy":"product_brand","embeddable":true,"href":"https:\/\/puffvapestore.com\/sv\/wp-json\/wp\/v2\/product_brand?post=4944"},{"taxonomy":"product_cat","embeddable":true,"href":"https:\/\/puffvapestore.com\/sv\/wp-json\/wp\/v2\/product_cat?post=4944"},{"taxonomy":"product_tag","embeddable":true,"href":"https:\/\/puffvapestore.com\/sv\/wp-json\/wp\/v2\/product_tag?post=4944"}],"curies":[{"name":"wp","href":"https:\/\/api.w.org\/{rel}","templated":true}]}}