{"id":4924,"date":"2025-07-11T05:27:56","date_gmt":"2025-07-11T05:27:56","guid":{"rendered":"https:\/\/puffvapestore.com\/?post_type=product&#038;p=4924"},"modified":"2026-01-19T10:31:55","modified_gmt":"2026-01-19T10:31:55","slug":"randm-35000-sour-apple-pop-une-saveur-relaxante-et-enjouee","status":"publish","type":"product","link":"https:\/\/puffvapestore.com\/sv\/product\/randm-35000-sur-appelpop-en-avslappnande-och-glad-smak\/","title":{"rendered":"RandM Tornado 35000 - Sour Apple Pop"},"content":{"rendered":"<div data-elementor-type=\"wp-post\" data-elementor-id=\"4924\" class=\"elementor elementor-4924\">\n\t\t\t\t<div class=\"elementor-element elementor-element-08c26f9 e-flex e-con-boxed e-con e-parent\" data-id=\"08c26f9\" data-element_type=\"container\" data-e-type=\"container\">\n\t\t\t\t\t<div class=\"e-con-inner\">\n\t\t\t\t<div class=\"elementor-element elementor-element-a005a97 elementor-widget elementor-widget-text-editor\" data-id=\"a005a97\" data-element_type=\"widget\" data-e-type=\"widget\" data-widget_type=\"text-editor.default\">\n\t\t\t\t<div class=\"elementor-widget-container\">\n\t\t\t\t\t\t\t\t\t<p>Redan vid f\u00f6rsta doften sk\u00f6ljs den uppfriskande stimulansen av syrliga \u00e4pplen \u00f6ver dig, som att bita i ett nyplockat gr\u00f6nt \u00e4pple. Sedan kommer gradvis en l\u00e4tt k\u00e4nsla av l\u00e4skbubblor, n\u00e5got s\u00f6t utan att vara fet, vilket skapar en avkopplande, lekfull smak som uppmuntrar dig att ofrivilligt sakta ner. Hitta en balkong, sitt tyst, l\u00e5t solen smeka dig, koppla av och r\u00f6k din elektroniska cigarett; vid det h\u00e4r laget verkar v\u00e4rlden tyst.<\/p><p><strong>Inledande inandning: syrligheten hos gr\u00f6na \u00e4pplen<\/strong><br \/>N\u00e4r du andas in r\u00f6ken \u00e4r den f\u00f6rsta k\u00e4nslan du upplever den distinkta syrligheten av Green Apple, liknande den som k\u00e4nns n\u00e4r du biter i ett f\u00e4rskt Granny Smith-\u00e4pple. Den syrliga smaken \u00e4r krispig och uppfriskande, med en naturlig fruktig friskhet som snabbt v\u00e4cker smakl\u00f6karna. Denna k\u00e4nsla liknar den l\u00e4tta str\u00e4ngheten hos ett gr\u00f6nt \u00e4pple, fullt av vitalitet.<\/p><p><strong>Medelstor smak: balanserad s\u00f6tma och syrlighet<\/strong><br \/>N\u00e4r r\u00f6ken inhaleras djupare blandas syrligheten i det gr\u00f6na \u00e4pplet gradvis med s\u00f6tman i klubban, vilket skapar en s\u00f6t och sur balans. S\u00f6tman \u00e4r inte \u00f6verv\u00e4ldigande, utan manifesterar sig som en l\u00e4tt godissmak, som den hos en h\u00e5rd fruktgodis eller klubba, vilket ger en touch av s\u00f6tma till syran.<\/p><p><strong>Slutnot: fruktig, s\u00f6t eftersmak<\/strong><br \/>N\u00e4r du andas ut f\u00f6rsvinner syran gradvis och ger plats f\u00f6r den fr\u00e4scha, fruktiga doften av gr\u00f6na \u00e4pplen och s\u00f6tman fr\u00e5n klubbor. Denna sista ton ger en s\u00f6t, sockrig eftersmak, samtidigt som den beh\u00e5ller en uppfriskande smak. Utandningen ger en behaglig k\u00e4nsla av friskhet.<\/p>\t\t\t\t\t\t\t\t<\/div>\n\t\t\t\t<\/div>\n\t\t\t\t\t<\/div>\n\t\t\t\t<\/div>\n\t\t<div class=\"elementor-element elementor-element-718b380 e-flex e-con-boxed e-con e-parent\" data-id=\"718b380\" data-element_type=\"container\" data-e-type=\"container\">\n\t\t\t\t\t<div class=\"e-con-inner\">\n\t\t\t\t<div class=\"elementor-element elementor-element-d2cc8fa elementor-widget elementor-widget-text-editor\" data-id=\"d2cc8fa\" data-element_type=\"widget\" data-e-type=\"widget\" data-widget_type=\"text-editor.default\">\n\t\t\t\t<div class=\"elementor-widget-container\">\n\t\t\t\t\t\t\t\t\t<h2>Flera puffar - upp till 35.000 puffar<\/h2><p>RandM Tornado 35000 Sour Apple Pop \u00e4r utrustad med ett v\u00e4tskelagringssystem med h\u00f6g kapacitet och h\u00f6gpresterande batterihanteringsteknik, vilket m\u00f6jligg\u00f6r upp till 35 000 puffar. J\u00e4mf\u00f6rt med traditionella elektroniska eng\u00e5ngscigaretter \u00e4r dess livsl\u00e4ngd avsev\u00e4rt f\u00f6rb\u00e4ttrad, vilket g\u00f6r den s\u00e4rskilt l\u00e4mplig f\u00f6r intensiva anv\u00e4ndare eller l\u00e5nga resor, utan frekvent byte av utrustning, f\u00f6r l\u00e5nga puffar utan att tr\u00f6ttna.<\/p><h2>Dubbelmaskigt v\u00e4rmeelement - den perfekta kombinationen av rik smak och effektiv finf\u00f6rdelning<\/h2><p>Med avancerad 1,2 \u03a9 dual mesh-resistorteknik s\u00e4kerst\u00e4ller den j\u00e4mnare uppv\u00e4rmning och fylligare atomisering. Oavsett om det handlar om s\u00f6ta, fruktiga eller iskalla smaker ger den en fylligare och mer delikat smakniv\u00e5. Samtidigt ger den en t\u00e4tare r\u00f6k, perfekt f\u00f6r anv\u00e4ndare som s\u00f6ker b\u00e5de gustatorisk och visuell njutning.<\/p><h2>Inbyggt uppladdningsbart batteri p\u00e5 700 mAh - effektivt och h\u00e5llbart, kompatibelt med snabbladdning av typ C<\/h2><p>RandM Tornado 35000 \u00e4r utrustad med ett h\u00f6gpresterande 700 mAh litiumbatteri f\u00f6r kontinuerlig, oavbruten anv\u00e4ndning under hela dagen. Type-C-gr\u00e4nssnittet f\u00f6rb\u00e4ttrar laddningshastigheten avsev\u00e4rt och minskar effektivt v\u00e4ntetiden. J\u00e4mf\u00f6rt med traditionella elektroniska cigaretter f\u00f6r eng\u00e5ngsbruk \u00e4r den uppladdningsbara designen ocks\u00e5 mer milj\u00f6v\u00e4nlig.<\/p><h2>Intelligent digital display - Status\u00f6vervakning i realtid<\/h2><p>RandM Tornado 35000 Sour Apple Pop \u00e4r utrustad med en intelligent, h\u00f6guppl\u00f6st digital display som visar \u00e5terst\u00e5ende laddning och \u00e5terst\u00e5ende e-v\u00e4tskeniv\u00e5 i realtid. Detta inneb\u00e4r att anv\u00e4ndarna kan h\u00e5lla noggrann koll p\u00e5 sin anv\u00e4ndningsstatus och undvika avbrott p\u00e5 grund av str\u00f6mavbrott eller brist p\u00e5 e-v\u00e4tska.<\/p><h2>Elegant, portabel design - inspirerad av Digitalbox 12000<\/h2><p>Designen \u00e4r inspirerad av den ber\u00f6mda Digitalbox 12000-serien och kombinerar modernitet och futurism. Kompakt och l\u00e4tt, med rundade h\u00f6rn, ger den optimal komfort. Den \u00e4r l\u00e4tt att b\u00e4ra och \u00e4r ocks\u00e5 perfekt f\u00f6r att visa upp din personlighet och trendiga smak.<\/p><h2>Inget underh\u00e5ll kr\u00e4vs: ren njutning direkt ur l\u00e5dan<\/h2><p>RandM Tornado 35000 Sour Apple Pop \u00e4r underh\u00e5llsfri: du beh\u00f6ver inte tills\u00e4tta e-juice, reng\u00f6ra eller byta ut delar. Den \u00e4r redo att anv\u00e4ndas direkt fr\u00e5n f\u00f6rpackningen och \u00e4r perfekt f\u00f6r anv\u00e4ndare som vill ha praktiska l\u00f6sningar och sinnesfrid. Den \u00e4r perfekt f\u00f6r resor, m\u00f6ten eller vardagsbruk.<\/p><h2>Flera nikotinkoncentrationer tillg\u00e4ngliga: f\u00f6r att tillgodose dina behov<\/h2><p>Nikotinkoncentrationer p\u00e5 0 %, 2 % och 5 % finns tillg\u00e4ngliga f\u00f6r att tillgodose alla anv\u00e4ndares behov. Oavsett om du \u00e4r en anv\u00e4ndare som vill minska din dos eller en entusiast av elektroniska cigaretter som s\u00f6ker en kraftfull throat hit, kommer du att hitta den perfekta nikotinkoncentrationen.<\/p>\t\t\t\t\t\t\t\t<\/div>\n\t\t\t\t<\/div>\n\t\t\t\t\t<\/div>\n\t\t\t\t<\/div>\n\t\t\t\t<\/div>","protected":false},"excerpt":{"rendered":"<p>D\u00e8s la premi\u00e8re bouff\u00e9e, la stimulation rafra\u00eechissante des pommes acidul\u00e9es vous envahit, comme si vous croquiez une pomme verte fra\u00eechement cueillie. Puis, une l\u00e9g\u00e8re sensation de bulles de soda \u00e9merge progressivement, l\u00e9g\u00e8rement sucr\u00e9e sans \u00eatre grasse, cr\u00e9ant une saveur relaxante et enjou\u00e9e qui vous incite \u00e0 ralentir involontairement le rythme. Trouvez un balcon, asseyez-vous tranquillement, [&hellip;]<\/p>\n","protected":false},"featured_media":4771,"comment_status":"open","ping_status":"closed","template":"","meta":{"site-sidebar-layout":"no-sidebar","site-content-layout":"page-builder","ast-site-content-layout":"normal-width-container","site-content-style":"default","site-sidebar-style":"default","ast-global-header-display":"","ast-banner-title-visibility":"","ast-main-header-display":"","ast-hfb-above-header-display":"","ast-hfb-below-header-display":"","ast-hfb-mobile-header-display":"","site-post-title":"disabled","ast-breadcrumbs-content":"","ast-featured-img":"disabled","footer-sml-layout":"","ast-disable-related-posts":"","theme-transparent-header-meta":"default","adv-header-id-meta":"","stick-header-meta":"default","header-above-stick-meta":"","header-main-stick-meta":"","header-below-stick-meta":"","astra-migrate-meta-layouts":"set","ast-page-background-enabled":"default","ast-page-background-meta":{"desktop":{"background-color":"","background-image":"","background-repeat":"repeat","background-position":"center center","background-size":"auto","background-attachment":"scroll","background-type":"","background-media":"","overlay-type":"","overlay-color":"","overlay-opacity":"","overlay-gradient":""},"tablet":{"background-color":"","background-image":"","background-repeat":"repeat","background-position":"center center","background-size":"auto","background-attachment":"scroll","background-type":"","background-media":"","overlay-type":"","overlay-color":"","overlay-opacity":"","overlay-gradient":""},"mobile":{"background-color":"","background-image":"","background-repeat":"repeat","background-position":"center center","background-size":"auto","background-attachment":"scroll","background-type":"","background-media":"","overlay-type":"","overlay-color":"","overlay-opacity":"","overlay-gradient":""}},"ast-content-background-meta":{"desktop":{"background-color":"var(--ast-global-color-5)","background-image":"","background-repeat":"repeat","background-position":"center center","background-size":"auto","background-attachment":"scroll","background-type":"","background-media":"","overlay-type":"","overlay-color":"","overlay-opacity":"","overlay-gradient":""},"tablet":{"background-color":"var(--ast-global-color-5)","background-image":"","background-repeat":"repeat","background-position":"center center","background-size":"auto","background-attachment":"scroll","background-type":"","background-media":"","overlay-type":"","overlay-color":"","overlay-opacity":"","overlay-gradient":""},"mobile":{"background-color":"var(--ast-global-color-5)","background-image":"","background-repeat":"repeat","background-position":"center center","background-size":"auto","background-attachment":"scroll","background-type":"","background-media":"","overlay-type":"","overlay-color":"","overlay-opacity":"","overlay-gradient":""}}},"product_brand":[42],"product_cat":[49,105,15],"product_tag":[],"class_list":{"0":"post-4924","1":"product","2":"type-product","3":"status-publish","4":"has-post-thumbnail","6":"product_brand-randm-tornado","7":"product_cat-randm-tornado-35000-offre-35000-bouffees-de-cigarettes","8":"product_cat-puff-35k","9":"product_cat-magasin-cigarette-electronique","10":"desktop-align-center","11":"tablet-align-center","12":"mobile-align-center","13":"ast-product-gallery-layout-horizontal","14":"ast-product-gallery-with-no-image","15":"ast-product-single-variable","16":"ast-product-tabs-layout-horizontal","17":"ast-qv-on-image","19":"first","20":"instock","21":"sale","22":"shipping-taxable","23":"purchasable","24":"product-type-variable","25":"has-default-attributes"},"tiered_pricing_type":"fixed","tiered_pricing_fixed_rules":{"50":12.99,"100":11.39,"200":10.79,"400":10.39},"tiered_pricing_product_settings":{"layout":"default","base_unit_name":{"singular":null,"plural":null},"default_variation":null},"tiered_pricing_minimum_quantity":null,"tiered_pricing_roles_data":[],"tiered_pricing_percentage_rules":[],"_links":{"self":[{"href":"https:\/\/puffvapestore.com\/sv\/wp-json\/wp\/v2\/product\/4924","targetHints":{"allow":["GET"]}}],"collection":[{"href":"https:\/\/puffvapestore.com\/sv\/wp-json\/wp\/v2\/product"}],"about":[{"href":"https:\/\/puffvapestore.com\/sv\/wp-json\/wp\/v2\/types\/product"}],"replies":[{"embeddable":true,"href":"https:\/\/puffvapestore.com\/sv\/wp-json\/wp\/v2\/comments?post=4924"}],"version-history":[{"count":6,"href":"https:\/\/puffvapestore.com\/sv\/wp-json\/wp\/v2\/product\/4924\/revisions"}],"predecessor-version":[{"id":4933,"href":"https:\/\/puffvapestore.com\/sv\/wp-json\/wp\/v2\/product\/4924\/revisions\/4933"}],"wp:featuredmedia":[{"embeddable":true,"href":"https:\/\/puffvapestore.com\/sv\/wp-json\/wp\/v2\/media\/4771"}],"wp:attachment":[{"href":"https:\/\/puffvapestore.com\/sv\/wp-json\/wp\/v2\/media?parent=4924"}],"wp:term":[{"taxonomy":"product_brand","embeddable":true,"href":"https:\/\/puffvapestore.com\/sv\/wp-json\/wp\/v2\/product_brand?post=4924"},{"taxonomy":"product_cat","embeddable":true,"href":"https:\/\/puffvapestore.com\/sv\/wp-json\/wp\/v2\/product_cat?post=4924"},{"taxonomy":"product_tag","embeddable":true,"href":"https:\/\/puffvapestore.com\/sv\/wp-json\/wp\/v2\/product_tag?post=4924"}],"curies":[{"name":"wp","href":"https:\/\/api.w.org\/{rel}","templated":true}]}}