{"id":4725,"date":"2025-07-09T07:15:38","date_gmt":"2025-07-09T07:15:38","guid":{"rendered":"https:\/\/puffvapestore.com\/?post_type=product&#038;p=4725"},"modified":"2026-01-19T10:36:00","modified_gmt":"2026-01-19T10:36:00","slug":"strawberry-ice-randm-tornado-30000","status":"publish","type":"product","link":"https:\/\/puffvapestore.com\/sv\/product\/jordgubbsis-randm-tornado-30000\/","title":{"rendered":"Jordgubbsglass - RandM Tornado 30000"},"content":{"rendered":"<div data-elementor-type=\"wp-post\" data-elementor-id=\"4725\" class=\"elementor elementor-4725\">\n\t\t\t\t<div class=\"elementor-element elementor-element-08c26f9 e-flex e-con-boxed e-con e-parent\" data-id=\"08c26f9\" data-element_type=\"container\" data-e-type=\"container\">\n\t\t\t\t\t<div class=\"e-con-inner\">\n\t\t\t\t<div class=\"elementor-element elementor-element-a005a97 elementor-widget elementor-widget-text-editor\" data-id=\"a005a97\" data-element_type=\"widget\" data-e-type=\"widget\" data-widget_type=\"text-editor.default\">\n\t\t\t\t<div class=\"elementor-widget-container\">\n\t\t\t\t\t\t\t\t\t<p>Strawberry Ice-smaken p\u00e5 den elektroniska cigaretten RandM Tornado 30000 fokuserar p\u00e5 sin s\u00f6ta jordgubbsarom utan att vara fet, som om du plockade en korg med f\u00e4rska jordgubbar p\u00e5 den franska landsbygden, med en fruktig doft och silkeslen r\u00f6k. Sedan kommer en frisk bris av mynta, som en alpin bris, och omsluter dig med en uppfriskande och upplyftande k\u00e4nsla. Denna rikt nyanserade smak \u00e4r idealisk f\u00f6r att svalka sig under varma sommareftermiddagar och ge en tr\u00f6stande touch av s\u00f6tma under svala h\u00f6stdagar. Oavsett om du promenerar l\u00e4ngs Champs-\u00c9lys\u00e9es eller kopplar av p\u00e5 terrassen p\u00e5 ett litet caf\u00e9 i Vieux-Lyon, kommer denna jordgubbsglass att ge dig en riktig fransk festm\u00e5ltid.<\/p><p><strong>Smak av jordgubbar<\/strong>\u00a0: Denna elektroniska cigarett fokuserar p\u00e5 solmogna jordgubbar, vilket ger en rik fruktig smak och naturlig s\u00f6tma. Jordgubbarna \u00e4r saftiga och aptitretande, som f\u00e4rska jordgubbar plockade fr\u00e5n frukttr\u00e4dg\u00e5rden, s\u00f6ta utan att vara feta, fulla av fruktig friskhet. Denna jordgubbssmak dominerar vid inandning och ger en kraftfull fruktig effekt.<\/p><p><strong>Frusna element<\/strong>\u00a0: Jordgubbarnas s\u00f6tma blandas perfekt med f\u00e4rskheten i mynta eller is, vilket ger en k\u00e4nsla av friskhet och svalka. Denna isiga k\u00e4nsla \u00e4r s\u00e4rskilt uttalad vid utandningen, vilket ger en touch av friskhet till smakl\u00f6karna, som om du smuttar p\u00e5 en jordgubbs isdrink eller jordgubbsmilkshake p\u00e5 en varm sommardag. Den extra f\u00e4rskheten balanserar inte bara jordgubbens s\u00f6tma utan ger ocks\u00e5 en stimulerande och uppfriskande upplevelse.<\/p><h3>Elektronisk cigarett erfarenhet RandM Tornado 30000<\/h3><ul><li>En stark k\u00e4nsla av skiktning: f\u00f6rst s\u00f6t, sedan frisk, s\u00f6t med en antydan till syra, frisk utan att vara \u00f6verv\u00e4ldigande och en tydlig struktur.<\/li><li>Autentisk smak: RandM Tornado 30000 Strawberry Ice \u00e5terger en \u00e4kta f\u00e4rsk jordgubbs- och myntdryck.<\/li><li>L\u00e4mplig f\u00f6r: Fans av elektroniska cigaretter som tycker om fruktiga smaker utan att vara f\u00f6r s\u00f6ta och som uppskattar en m\u00e5ttlig k\u00e4nsla av friskhet.<\/li><\/ul>\t\t\t\t\t\t\t\t<\/div>\n\t\t\t\t<\/div>\n\t\t\t\t\t<\/div>\n\t\t\t\t<\/div>\n\t\t<div class=\"elementor-element elementor-element-718b380 e-flex e-con-boxed e-con e-parent\" data-id=\"718b380\" data-element_type=\"container\" data-e-type=\"container\">\n\t\t\t\t\t<div class=\"e-con-inner\">\n\t\t\t\t<div class=\"elementor-element elementor-element-d2cc8fa elementor-widget elementor-widget-text-editor\" data-id=\"d2cc8fa\" data-element_type=\"widget\" data-e-type=\"widget\" data-widget_type=\"text-editor.default\">\n\t\t\t\t<div class=\"elementor-widget-container\">\n\t\t\t\t\t\t\t\t\t<h2>Viktiga egenskaper hos RandM Tornado 30000<\/h2><p><strong>L\u00e5ng autonomi: upp till 30.000 puffar<\/strong><br \/>RandM Tornado 30000 har en autonomi p\u00e5 30.000 puffar, mycket mer \u00e4n konventionella eng\u00e5ngsartiklar, vilket g\u00f6r den till det perfekta valet f\u00f6r intensiva anv\u00e4ndare.<\/p><p><strong>Uppladdningsbart batteri, ekologiskt och praktiskt<\/strong><br \/>Integrerat h\u00f6gpresterande 600 mAh litiumbatteri, kompatibelt med Type-C snabbladdning, vilket \u00e4r mer h\u00e5llbart och praktiskt att anv\u00e4nda, vilket minskar elektroniskt avfall.<\/p><p><strong>Stor kapacitet f\u00f6r e-v\u00e4tska: 25 ml f\u00f6rfylld v\u00e4tska<\/strong><br \/>F\u00f6rfylld e-v\u00e4tska, inget behov av att fylla p\u00e5 flera g\u00e5nger, l\u00e4mplig f\u00f6r l\u00e5ngvarig anv\u00e4ndning. \u00c4ven vid frekvent anv\u00e4ndning kan den p\u00e5g\u00e5 i flera veckor och tillf\u00e4lliga anv\u00e4ndare i flera m\u00e5nader.<\/p><p><strong>Valfri koncentration av nikotinsalt: 2 % \/ 5 %<\/strong><br \/>Anpassad till nikotinbehovet hos varje anv\u00e4ndare, fr\u00e5n den l\u00e4ttaste till den tyngsta.<\/p><p><strong>Mesh-v\u00e4rmeelement: j\u00e4mn uppv\u00e4rmning, oj\u00e4mf\u00f6rlig smak<\/strong><br \/>Tack vare avancerad mesh-resistorteknik v\u00e4rms e-v\u00e4tskan upp j\u00e4mnare, vilket ger en komplett, j\u00e4mn och kontinuerlig r\u00f6kupplevelse.<\/p><h2>Innovativ design och rolig upplevelse av RandM Tornado 30000<\/h2><p><strong>Transparent skal och dynamisk indikatorlampa<\/strong><br \/>Med den visuella oljebeh\u00e5llaren kan du se oljeniv\u00e5n i realtid, medan den dynamiska LED-indikatorlampan ger feedback i realtid om maskinens driftstatus - ett koncentrat av teknik.<\/p><p><strong>RGB-ljuseffekt synkroniserad med musiken: visuell och auditiv njutning<\/strong><br \/>Det unika RGB-belysningssystemet blinkar i takt med musiken och skapar en avslappnad atmosf\u00e4r f\u00f6r fester, utekv\u00e4llar och andra tillf\u00e4llen, f\u00f6r den ultimata underh\u00e5llningsupplevelsen.<\/p><p><strong>Ergonomiskt utseende: bekv\u00e4m, elegant och b\u00e4rbar i handen<\/strong><br \/>Den l\u00e4tta vikten och handflatev\u00e4nliga designen g\u00f6r den idealisk f\u00f6r l\u00e5ngvarig anv\u00e4ndning hemma, p\u00e5 jobbet eller p\u00e5 resan.<\/p><h2>F\u00f6rdelar med RandM Tornado 30000<\/h2><p><strong>Inget underh\u00e5ll kr\u00e4vs<\/strong>\u00a0Du beh\u00f6ver inte tills\u00e4tta e-v\u00e4tska eller byta ut delar, perfekt f\u00f6r nyb\u00f6rjare och lata anv\u00e4ndare.<\/p><p><strong>H\u00f6g tillf\u00f6rlitlighet<\/strong>\u00a0Tillverkad av h\u00f6gkvalitativa material som ger utm\u00e4rkt h\u00e5llbarhet och optimal vattent\u00e4thet.<\/p><p><strong>Klar att anv\u00e4nda<\/strong>\u00a0Inget behov av en str\u00f6mbrytare, bara andas in, intuitivt och praktiskt att anv\u00e4nda.<\/p><p><strong>M\u00e5ngfald av valm\u00f6jligheter\u00a0<\/strong>Olika smaker och nikotinkoncentrationer f\u00f6r att passa alla smaker.<\/p>\t\t\t\t\t\t\t\t<\/div>\n\t\t\t\t<\/div>\n\t\t\t\t\t<\/div>\n\t\t\t\t<\/div>\n\t\t\t\t<\/div>","protected":false},"excerpt":{"rendered":"<p>La saveur Glace \u00e0 la fraise de la cigarette \u00e9lectronique RandM Tornado 30000 est centr\u00e9e sur son ar\u00f4me de fraise sucr\u00e9 sans \u00eatre gras, comme si vous cueilliez un panier de fraises fra\u00eeches dans la campagne fran\u00e7aise, avec un parfum fruit\u00e9 et une fum\u00e9e soyeuse. Puis, une brise fra\u00eeche de menthe, telle une brise alpine, [&hellip;]<\/p>\n","protected":false},"featured_media":4504,"comment_status":"open","ping_status":"closed","template":"","meta":{"site-sidebar-layout":"no-sidebar","site-content-layout":"page-builder","ast-site-content-layout":"normal-width-container","site-content-style":"default","site-sidebar-style":"default","ast-global-header-display":"","ast-banner-title-visibility":"","ast-main-header-display":"","ast-hfb-above-header-display":"","ast-hfb-below-header-display":"","ast-hfb-mobile-header-display":"","site-post-title":"disabled","ast-breadcrumbs-content":"","ast-featured-img":"disabled","footer-sml-layout":"","ast-disable-related-posts":"","theme-transparent-header-meta":"default","adv-header-id-meta":"","stick-header-meta":"default","header-above-stick-meta":"","header-main-stick-meta":"","header-below-stick-meta":"","astra-migrate-meta-layouts":"set","ast-page-background-enabled":"default","ast-page-background-meta":{"desktop":{"background-color":"","background-image":"","background-repeat":"repeat","background-position":"center center","background-size":"auto","background-attachment":"scroll","background-type":"","background-media":"","overlay-type":"","overlay-color":"","overlay-opacity":"","overlay-gradient":""},"tablet":{"background-color":"","background-image":"","background-repeat":"repeat","background-position":"center center","background-size":"auto","background-attachment":"scroll","background-type":"","background-media":"","overlay-type":"","overlay-color":"","overlay-opacity":"","overlay-gradient":""},"mobile":{"background-color":"","background-image":"","background-repeat":"repeat","background-position":"center center","background-size":"auto","background-attachment":"scroll","background-type":"","background-media":"","overlay-type":"","overlay-color":"","overlay-opacity":"","overlay-gradient":""}},"ast-content-background-meta":{"desktop":{"background-color":"var(--ast-global-color-5)","background-image":"","background-repeat":"repeat","background-position":"center center","background-size":"auto","background-attachment":"scroll","background-type":"","background-media":"","overlay-type":"","overlay-color":"","overlay-opacity":"","overlay-gradient":""},"tablet":{"background-color":"var(--ast-global-color-5)","background-image":"","background-repeat":"repeat","background-position":"center center","background-size":"auto","background-attachment":"scroll","background-type":"","background-media":"","overlay-type":"","overlay-color":"","overlay-opacity":"","overlay-gradient":""},"mobile":{"background-color":"var(--ast-global-color-5)","background-image":"","background-repeat":"repeat","background-position":"center center","background-size":"auto","background-attachment":"scroll","background-type":"","background-media":"","overlay-type":"","overlay-color":"","overlay-opacity":"","overlay-gradient":""}}},"product_brand":[42],"product_cat":[48,86,15],"product_tag":[],"class_list":{"0":"post-4725","1":"product","2":"type-product","3":"status-publish","4":"has-post-thumbnail","6":"product_brand-randm-tornado","7":"product_cat-randm-tornado-30000-concentre-de-fun","8":"product_cat-puff-30k","9":"product_cat-magasin-cigarette-electronique","10":"desktop-align-center","11":"tablet-align-center","12":"mobile-align-center","13":"ast-product-gallery-layout-horizontal","14":"ast-product-gallery-with-no-image","15":"ast-product-single-variable","16":"ast-product-tabs-layout-horizontal","17":"ast-qv-on-image","19":"first","20":"instock","21":"sale","22":"shipping-taxable","23":"purchasable","24":"product-type-variable","25":"has-default-attributes"},"tiered_pricing_type":"fixed","tiered_pricing_fixed_rules":{"50":9.38,"100":8.45,"200":7.95,"400":7.59},"tiered_pricing_product_settings":{"layout":"default","base_unit_name":{"singular":null,"plural":null},"default_variation":null},"tiered_pricing_minimum_quantity":null,"tiered_pricing_roles_data":[],"tiered_pricing_percentage_rules":[],"_links":{"self":[{"href":"https:\/\/puffvapestore.com\/sv\/wp-json\/wp\/v2\/product\/4725","targetHints":{"allow":["GET"]}}],"collection":[{"href":"https:\/\/puffvapestore.com\/sv\/wp-json\/wp\/v2\/product"}],"about":[{"href":"https:\/\/puffvapestore.com\/sv\/wp-json\/wp\/v2\/types\/product"}],"replies":[{"embeddable":true,"href":"https:\/\/puffvapestore.com\/sv\/wp-json\/wp\/v2\/comments?post=4725"}],"version-history":[{"count":6,"href":"https:\/\/puffvapestore.com\/sv\/wp-json\/wp\/v2\/product\/4725\/revisions"}],"predecessor-version":[{"id":4733,"href":"https:\/\/puffvapestore.com\/sv\/wp-json\/wp\/v2\/product\/4725\/revisions\/4733"}],"wp:featuredmedia":[{"embeddable":true,"href":"https:\/\/puffvapestore.com\/sv\/wp-json\/wp\/v2\/media\/4504"}],"wp:attachment":[{"href":"https:\/\/puffvapestore.com\/sv\/wp-json\/wp\/v2\/media?parent=4725"}],"wp:term":[{"taxonomy":"product_brand","embeddable":true,"href":"https:\/\/puffvapestore.com\/sv\/wp-json\/wp\/v2\/product_brand?post=4725"},{"taxonomy":"product_cat","embeddable":true,"href":"https:\/\/puffvapestore.com\/sv\/wp-json\/wp\/v2\/product_cat?post=4725"},{"taxonomy":"product_tag","embeddable":true,"href":"https:\/\/puffvapestore.com\/sv\/wp-json\/wp\/v2\/product_tag?post=4725"}],"curies":[{"name":"wp","href":"https:\/\/api.w.org\/{rel}","templated":true}]}}