{"id":4698,"date":"2025-07-09T03:51:03","date_gmt":"2025-07-09T03:51:03","guid":{"rendered":"https:\/\/puffvapestore.com\/?post_type=product&#038;p=4698"},"modified":"2026-01-19T10:36:00","modified_gmt":"2026-01-19T10:36:00","slug":"r-and-m-tornado-30000-cool-mint","status":"publish","type":"product","link":"https:\/\/puffvapestore.com\/sv\/product\/r-och-m-tornado-30000-cool-mint\/","title":{"rendered":"Cool Mint - RandM Tornado 30000"},"content":{"rendered":"<div data-elementor-type=\"wp-post\" data-elementor-id=\"4698\" class=\"elementor elementor-4698\">\n\t\t\t\t<div class=\"elementor-element elementor-element-08c26f9 e-flex e-con-boxed e-con e-parent\" data-id=\"08c26f9\" data-element_type=\"container\" data-e-type=\"container\">\n\t\t\t\t\t<div class=\"e-con-inner\">\n\t\t\t\t<div class=\"elementor-element elementor-element-a005a97 elementor-widget elementor-widget-text-editor\" data-id=\"a005a97\" data-element_type=\"widget\" data-e-type=\"widget\" data-widget_type=\"text-editor.default\">\n\t\t\t\t<div class=\"elementor-widget-container\">\n\t\t\t\t\t\t\t\t\t<p>Menthe Fra\u00eeche, med sin rena doft av f\u00e4rsk mynta, ger en k\u00e4nsla av friskhet, som en tidig morgon i Alperna, perfekt f\u00f6r konsumenter som s\u00f6ker individualitet och avkoppling i det franska sociala sammanhanget. Den friska mintdoften fr\u00e4schar omedelbart upp sinnet och v\u00e4cker alla sinnen. F\u00f6r fransm\u00e4nnen \u00e4r denna doft l\u00e4tt att f\u00f6rknippa med mintgodis och morgonluften i sommarskogarna, en fl\u00e4kt av frihet och natur, s\u00e4rskilt l\u00e4mpad f\u00f6r stunder av lugn och ro i det hektiska stadslivet. Oavsett om det \u00e4r p\u00e5 terrassen p\u00e5 ett parisiskt caf\u00e9 eller i h\u00f6rnet av en t\u00e4ckt marknad, ger R och M Tornado 30000, med sin unika design och funktioner, oj\u00e4mf\u00f6rlig njutning med varje cigarett.<\/p><h2>F\u00e4rsk mynta, en njutning f\u00f6r sinnena<\/h2><p>Smaken Fresh Mint fokuserar p\u00e5 den fr\u00e4scha, mintiga aromen. S\u00e5 fort du tar ett bloss k\u00e4nner du en l\u00e4tt fr\u00e4sch\u00f6r, som om ett mintblad blommar p\u00e5 tungan. Varje bloss ger dig en uppfriskande k\u00e4nsla av friskhet och kombinerar s\u00f6tma och friskhet. Den \u00e4r perfekt f\u00f6r att svalka sig under varma sommardagar, men kan ocks\u00e5 ge en k\u00e4nsla av komfort i h\u00f6rnen av de \u00f6vert\u00e4ckta marknaderna p\u00e5 vintern. F\u00f6rest\u00e4ll dig en livlig fransk marknad, d\u00e4r st\u00e5nden doftar av f\u00e4rskt br\u00f6d och kryddor. Luta dig tillbaka i h\u00f6rnet, dra ut R och M Tornado 30000 och andas in f\u00f6rsiktigt. Den friska r\u00f6ken fr\u00e5n Fresh Mint stiger l\u00e5ngsamt upp och g\u00f6r att du omedelbart kan distansera dig fr\u00e5n bullret och f\u00f6rdjupa dig i ditt eget lugn och din egen fr\u00e4sch\u00f6r.<\/p>\t\t\t\t\t\t\t\t<\/div>\n\t\t\t\t<\/div>\n\t\t\t\t\t<\/div>\n\t\t\t\t<\/div>\n\t\t<div class=\"elementor-element elementor-element-718b380 e-flex e-con-boxed e-con e-parent\" data-id=\"718b380\" data-element_type=\"container\" data-e-type=\"container\">\n\t\t\t\t\t<div class=\"e-con-inner\">\n\t\t\t\t<div class=\"elementor-element elementor-element-d2cc8fa elementor-widget elementor-widget-text-editor\" data-id=\"d2cc8fa\" data-element_type=\"widget\" data-e-type=\"widget\" data-widget_type=\"text-editor.default\">\n\t\t\t\t<div class=\"elementor-widget-container\">\n\t\t\t\t\t\t\t\t\t<h2>Viktiga egenskaper hos RandM Tornado 30000<\/h2><p><strong>L\u00e5ng autonomi: upp till 30.000 puffar<\/strong><br \/>RandM Tornado 30000 har en autonomi p\u00e5 30.000 puffar, mycket mer \u00e4n konventionella eng\u00e5ngsartiklar, vilket g\u00f6r den till det perfekta valet f\u00f6r intensiva anv\u00e4ndare.<\/p><p><strong>Uppladdningsbart batteri, ekologiskt och praktiskt<\/strong><br \/>Integrerat h\u00f6gpresterande 600 mAh litiumbatteri, kompatibelt med Type-C snabbladdning, vilket \u00e4r mer h\u00e5llbart och praktiskt att anv\u00e4nda, vilket minskar elektroniskt avfall.<\/p><p><strong>Stor kapacitet f\u00f6r e-v\u00e4tska: 25 ml f\u00f6rfylld v\u00e4tska<\/strong><br \/>F\u00f6rfylld e-v\u00e4tska, inget behov av att fylla p\u00e5 flera g\u00e5nger, l\u00e4mplig f\u00f6r l\u00e5ngvarig anv\u00e4ndning. \u00c4ven vid frekvent anv\u00e4ndning kan den p\u00e5g\u00e5 i flera veckor och tillf\u00e4lliga anv\u00e4ndare i flera m\u00e5nader.<\/p><p><strong>Valfri koncentration av nikotinsalt: 2 % \/ 5 %<\/strong><br \/>Anpassad till nikotinbehovet hos varje anv\u00e4ndare, fr\u00e5n den l\u00e4ttaste till den tyngsta.<\/p><p><strong>Mesh-v\u00e4rmeelement: j\u00e4mn uppv\u00e4rmning, oj\u00e4mf\u00f6rlig smak<\/strong><br \/>Tack vare avancerad mesh-resistorteknik v\u00e4rms e-v\u00e4tskan upp j\u00e4mnare, vilket ger en komplett, j\u00e4mn och kontinuerlig r\u00f6kupplevelse.<\/p><h2>Innovativ design och rolig upplevelse av RandM Tornado 30000<\/h2><p><strong>Transparent skal och dynamisk indikatorlampa<\/strong><br \/>Med den visuella oljebeh\u00e5llaren kan du se oljeniv\u00e5n i realtid, medan den dynamiska LED-indikatorlampan ger feedback i realtid om maskinens driftstatus - ett koncentrat av teknik.<\/p><p><strong>RGB-ljuseffekt synkroniserad med musiken: visuell och auditiv njutning<\/strong><br \/>Det unika RGB-belysningssystemet blinkar i takt med musiken och skapar en avslappnad atmosf\u00e4r f\u00f6r fester, utekv\u00e4llar och andra tillf\u00e4llen, f\u00f6r den ultimata underh\u00e5llningsupplevelsen.<\/p><p><strong>Ergonomiskt utseende: bekv\u00e4m, elegant och b\u00e4rbar i handen<\/strong><br \/>Den l\u00e4tta vikten och handflatev\u00e4nliga designen g\u00f6r den idealisk f\u00f6r l\u00e5ngvarig anv\u00e4ndning hemma, p\u00e5 jobbet eller p\u00e5 resan.<\/p><h2>F\u00f6rdelar med RandM Tornado 30000<\/h2><p><strong>Inget underh\u00e5ll kr\u00e4vs<\/strong>\u00a0Du beh\u00f6ver inte tills\u00e4tta e-v\u00e4tska eller byta ut delar, perfekt f\u00f6r nyb\u00f6rjare och lata anv\u00e4ndare.<\/p><p><strong>H\u00f6g tillf\u00f6rlitlighet<\/strong>\u00a0Tillverkad av h\u00f6gkvalitativa material som ger utm\u00e4rkt h\u00e5llbarhet och optimal vattent\u00e4thet.<\/p><p><strong>Klar att anv\u00e4nda<\/strong>\u00a0Inget behov av en str\u00f6mbrytare, bara andas in, intuitivt och praktiskt att anv\u00e4nda.<\/p><p><strong>M\u00e5ngfald av valm\u00f6jligheter\u00a0<\/strong>Olika smaker och nikotinkoncentrationer f\u00f6r att passa alla smaker.<\/p>\t\t\t\t\t\t\t\t<\/div>\n\t\t\t\t<\/div>\n\t\t\t\t\t<\/div>\n\t\t\t\t<\/div>\n\t\t\t\t<\/div>","protected":false},"excerpt":{"rendered":"<p>L&rsquo;ar\u00f4me Menthe Fra\u00eeche, avec son ar\u00f4me pur de menthe fra\u00eeche, procure une sensation de fra\u00eecheur, comme au petit matin dans les Alpes, id\u00e9al pour les consommateurs en qu\u00eate d&rsquo;individualit\u00e9 et de d\u00e9tente dans le contexte social fran\u00e7ais. Son ar\u00f4me de menthe fra\u00eeche rafra\u00eechit instantan\u00e9ment l&rsquo;esprit et \u00e9veille tous les sens. Pour les Fran\u00e7ais, ce parfum [&hellip;]<\/p>\n","protected":false},"featured_media":4487,"comment_status":"open","ping_status":"closed","template":"","meta":{"site-sidebar-layout":"no-sidebar","site-content-layout":"page-builder","ast-site-content-layout":"normal-width-container","site-content-style":"default","site-sidebar-style":"default","ast-global-header-display":"","ast-banner-title-visibility":"","ast-main-header-display":"","ast-hfb-above-header-display":"","ast-hfb-below-header-display":"","ast-hfb-mobile-header-display":"","site-post-title":"disabled","ast-breadcrumbs-content":"","ast-featured-img":"disabled","footer-sml-layout":"","ast-disable-related-posts":"","theme-transparent-header-meta":"default","adv-header-id-meta":"","stick-header-meta":"default","header-above-stick-meta":"","header-main-stick-meta":"","header-below-stick-meta":"","astra-migrate-meta-layouts":"set","ast-page-background-enabled":"default","ast-page-background-meta":{"desktop":{"background-color":"","background-image":"","background-repeat":"repeat","background-position":"center center","background-size":"auto","background-attachment":"scroll","background-type":"","background-media":"","overlay-type":"","overlay-color":"","overlay-opacity":"","overlay-gradient":""},"tablet":{"background-color":"","background-image":"","background-repeat":"repeat","background-position":"center center","background-size":"auto","background-attachment":"scroll","background-type":"","background-media":"","overlay-type":"","overlay-color":"","overlay-opacity":"","overlay-gradient":""},"mobile":{"background-color":"","background-image":"","background-repeat":"repeat","background-position":"center center","background-size":"auto","background-attachment":"scroll","background-type":"","background-media":"","overlay-type":"","overlay-color":"","overlay-opacity":"","overlay-gradient":""}},"ast-content-background-meta":{"desktop":{"background-color":"var(--ast-global-color-5)","background-image":"","background-repeat":"repeat","background-position":"center center","background-size":"auto","background-attachment":"scroll","background-type":"","background-media":"","overlay-type":"","overlay-color":"","overlay-opacity":"","overlay-gradient":""},"tablet":{"background-color":"var(--ast-global-color-5)","background-image":"","background-repeat":"repeat","background-position":"center center","background-size":"auto","background-attachment":"scroll","background-type":"","background-media":"","overlay-type":"","overlay-color":"","overlay-opacity":"","overlay-gradient":""},"mobile":{"background-color":"var(--ast-global-color-5)","background-image":"","background-repeat":"repeat","background-position":"center center","background-size":"auto","background-attachment":"scroll","background-type":"","background-media":"","overlay-type":"","overlay-color":"","overlay-opacity":"","overlay-gradient":""}}},"product_brand":[42],"product_cat":[48,86,15],"product_tag":[],"class_list":{"0":"post-4698","1":"product","2":"type-product","3":"status-publish","4":"has-post-thumbnail","6":"product_brand-randm-tornado","7":"product_cat-randm-tornado-30000-concentre-de-fun","8":"product_cat-puff-30k","9":"product_cat-magasin-cigarette-electronique","10":"desktop-align-center","11":"tablet-align-center","12":"mobile-align-center","13":"ast-product-gallery-layout-horizontal","14":"ast-product-gallery-with-no-image","15":"ast-product-single-variable","16":"ast-product-tabs-layout-horizontal","17":"ast-qv-on-image","19":"first","20":"instock","21":"sale","22":"shipping-taxable","23":"purchasable","24":"product-type-variable","25":"has-default-attributes"},"tiered_pricing_type":"fixed","tiered_pricing_fixed_rules":{"50":9.38,"100":8.45,"200":7.95,"400":7.59},"tiered_pricing_product_settings":{"layout":"default","base_unit_name":{"singular":null,"plural":null},"default_variation":null},"tiered_pricing_minimum_quantity":null,"tiered_pricing_roles_data":[],"tiered_pricing_percentage_rules":[],"_links":{"self":[{"href":"https:\/\/puffvapestore.com\/sv\/wp-json\/wp\/v2\/product\/4698","targetHints":{"allow":["GET"]}}],"collection":[{"href":"https:\/\/puffvapestore.com\/sv\/wp-json\/wp\/v2\/product"}],"about":[{"href":"https:\/\/puffvapestore.com\/sv\/wp-json\/wp\/v2\/types\/product"}],"replies":[{"embeddable":true,"href":"https:\/\/puffvapestore.com\/sv\/wp-json\/wp\/v2\/comments?post=4698"}],"version-history":[{"count":6,"href":"https:\/\/puffvapestore.com\/sv\/wp-json\/wp\/v2\/product\/4698\/revisions"}],"predecessor-version":[{"id":4706,"href":"https:\/\/puffvapestore.com\/sv\/wp-json\/wp\/v2\/product\/4698\/revisions\/4706"}],"wp:featuredmedia":[{"embeddable":true,"href":"https:\/\/puffvapestore.com\/sv\/wp-json\/wp\/v2\/media\/4487"}],"wp:attachment":[{"href":"https:\/\/puffvapestore.com\/sv\/wp-json\/wp\/v2\/media?parent=4698"}],"wp:term":[{"taxonomy":"product_brand","embeddable":true,"href":"https:\/\/puffvapestore.com\/sv\/wp-json\/wp\/v2\/product_brand?post=4698"},{"taxonomy":"product_cat","embeddable":true,"href":"https:\/\/puffvapestore.com\/sv\/wp-json\/wp\/v2\/product_cat?post=4698"},{"taxonomy":"product_tag","embeddable":true,"href":"https:\/\/puffvapestore.com\/sv\/wp-json\/wp\/v2\/product_tag?post=4698"}],"curies":[{"name":"wp","href":"https:\/\/api.w.org\/{rel}","templated":true}]}}