{"id":4685,"date":"2025-07-08T12:35:12","date_gmt":"2025-07-08T12:35:12","guid":{"rendered":"https:\/\/puffvapestore.com\/?post_type=product&#038;p=4685"},"modified":"2026-01-19T10:36:01","modified_gmt":"2026-01-19T10:36:01","slug":"fumot-randm-tornado-30000-triple-mango","status":"publish","type":"product","link":"https:\/\/puffvapestore.com\/sv\/product\/fumot-randm-tornado-30000-trippel-mango\/","title":{"rendered":"Trippel Mango - RandM Tornado 30000"},"content":{"rendered":"<div data-elementor-type=\"wp-post\" data-elementor-id=\"4685\" class=\"elementor elementor-4685\">\n\t\t\t\t<div class=\"elementor-element elementor-element-08c26f9 e-flex e-con-boxed e-con e-parent\" data-id=\"08c26f9\" data-element_type=\"container\" data-e-type=\"container\">\n\t\t\t\t\t<div class=\"e-con-inner\">\n\t\t\t\t<div class=\"elementor-element elementor-element-a005a97 elementor-widget elementor-widget-text-editor\" data-id=\"a005a97\" data-element_type=\"widget\" data-e-type=\"widget\" data-widget_type=\"text-editor.default\">\n\t\t\t\t<div class=\"elementor-widget-container\">\n\t\t\t\t\t\t\t\t\t<p>I Frankrike, ett land med mycket h\u00f6g standard n\u00e4r det g\u00e4ller livskvalitet, har de elektroniska cigaretterna Fumot RandM Tornado 30000 p\u00e5 ett diskret s\u00e4tt blivit en del av vardagen f\u00f6r tj\u00e4nstem\u00e4n i st\u00e4derna tack vare sin h\u00f6gpresterande konfiguration och unika smak. S\u00e4rskilt Triple Mango-smaken erbjuder en \u00f6verraskande balans mellan delikatess och elegans, en s\u00e4llsynt sensorisk komfort i en hektisk urban v\u00e4rld.<\/p><h2>Lagren av trippel mangoblomma<\/h2><p>Triple Mango \u00e4r inte en enkel kombination av en enda mangosmak, utan en fusion av tre olika mangosorter. Redan vid f\u00f6rsta doften k\u00e4nner du den intensiva s\u00f6tman fr\u00e5n mango, som om solen sken p\u00e5 din tungspets. Sedan blommar den silkeslena doften av Almanzo-mango l\u00e5ngsamt ut och ger en exotisk touch. Slutligen avrundas upplevelsen med den uppfriskande, l\u00e4tt syrliga smaken av tropisk mango. Denna kombination av smaker f\u00f6rvandlar varje inandning till ett tropiskt fruktigt \u00e4ventyr, s\u00f6tt utan att vara fett, med en o\u00e4ndlig eftersmak.<\/p>\t\t\t\t\t\t\t\t<\/div>\n\t\t\t\t<\/div>\n\t\t\t\t\t<\/div>\n\t\t\t\t<\/div>\n\t\t<div class=\"elementor-element elementor-element-718b380 e-flex e-con-boxed e-con e-parent\" data-id=\"718b380\" data-element_type=\"container\" data-e-type=\"container\">\n\t\t\t\t\t<div class=\"e-con-inner\">\n\t\t\t\t<div class=\"elementor-element elementor-element-d2cc8fa elementor-widget elementor-widget-text-editor\" data-id=\"d2cc8fa\" data-element_type=\"widget\" data-e-type=\"widget\" data-widget_type=\"text-editor.default\">\n\t\t\t\t<div class=\"elementor-widget-container\">\n\t\t\t\t\t\t\t\t\t<h2>Specifikationer f\u00f6r RandM Tornado 30000 :<\/h2><p>Antal puffar: Upp till 30 000 bloss, vilket g\u00f6r den till en av de elektroniska eng\u00e5ngscigaretterna med l\u00e4ngst livsl\u00e4ngd p\u00e5 marknaden.<\/p><p>Batteri: Den \u00e4r utrustad med ett uppladdningsbart 600 mAh-batteri och laddas via en Type-C-port f\u00f6r snabb och effektiv laddning.<\/p><p>Tankens kapacitet : Rymmer 25 ml f\u00f6rfylld e-juice.<\/p><p>Nikotindosering: Finns i 2 % eller 5 % nikotinsalter f\u00f6r att m\u00f6ta alla behov.<\/p><p>Mesh Coil-teknik: Garanterar en konsekvent, j\u00e4mn och uts\u00f6kt vape-upplevelse genom att v\u00e4rma upp e-juice j\u00e4mnt.<\/p><p>Design: Det l\u00e4tta, genomskinliga h\u00f6ljet \u00f6vervakar niv\u00e5n p\u00e5 e-v\u00e4tskan och har dynamiska indikatorlampor som visar n\u00e4tmotst\u00e5ndets aktivitet.<\/p><p>Musikfunktion: Utrustad med en unik RGB-ljusupps\u00e4ttning som synkroniseras med musiken, ger den en visuell och underh\u00e5llande touch till dina elektroniska cigaretter.<\/p><p>H\u00e5llbarhet: Den \u00e4r tillverkad av toppmoderna material och \u00e4r mycket tillf\u00f6rlitlig och har l\u00e4ckages\u00e4ker e-v\u00e4tsketeknik, vilket g\u00f6r den idealisk f\u00f6r vardagsbruk och resor.<\/p><h2>Prestanda och f\u00f6rdelar med RandM Tornado 30000<\/h2><p>V\u00e4tskans livsl\u00e4ngd: 25 ml f\u00f6rfylld v\u00e4tska m\u00f6jligg\u00f6r l\u00e5ngvarig anv\u00e4ndning utan p\u00e5fyllning, men anv\u00e4ndningstiden varierar beroende p\u00e5 anv\u00e4ndning. Vanliga anv\u00e4ndare av elektroniska cigaretter kan anv\u00e4nda den i veckor, medan vanliga anv\u00e4ndare kan anv\u00e4nda den i m\u00e5nader.<\/p><p>Smak: Tack vare tekniken med n\u00e4tmotst\u00e5nd \u00e4r smaken naturligt rik och r\u00f6kvolymen stabil.<\/p><p>Enkel att anv\u00e4nda: Inga komplicerade knappar eller inst\u00e4llningar, bara att dammsuga f\u00f6r att aktivera, l\u00e4tt att anv\u00e4nda \u00e4ven f\u00f6r nyb\u00f6rjare. Inget underh\u00e5ll (ingen laddning eller byte av v\u00e4rmeelement kr\u00e4vs), f\u00f6r \u00f6kad bekv\u00e4mlighet.<\/p><p>Design: LED-belysningen och det ergonomiska skalet g\u00f6r den \u00e4nnu mer tilltalande.<\/p>\t\t\t\t\t\t\t\t<\/div>\n\t\t\t\t<\/div>\n\t\t\t\t\t<\/div>\n\t\t\t\t<\/div>\n\t\t\t\t<\/div>","protected":false},"excerpt":{"rendered":"<p>En France, pays tr\u00e8s exigeant en mati\u00e8re de qualit\u00e9 de vie, les cigarettes \u00e9lectroniques Fumot RandM Tornado 30000 se sont discr\u00e8tement int\u00e9gr\u00e9es au quotidien des cols blancs urbains gr\u00e2ce \u00e0 leur configuration performante et \u00e0 leur saveur unique. Son ar\u00f4me Triple Mangue, en particulier, offre un \u00e9quilibre surprenant entre d\u00e9licatesse et \u00e9l\u00e9gance, un r\u00e9confort sensoriel [&hellip;]<\/p>\n","protected":false},"featured_media":4506,"comment_status":"open","ping_status":"closed","template":"","meta":{"site-sidebar-layout":"no-sidebar","site-content-layout":"page-builder","ast-site-content-layout":"normal-width-container","site-content-style":"default","site-sidebar-style":"default","ast-global-header-display":"","ast-banner-title-visibility":"","ast-main-header-display":"","ast-hfb-above-header-display":"","ast-hfb-below-header-display":"","ast-hfb-mobile-header-display":"","site-post-title":"disabled","ast-breadcrumbs-content":"","ast-featured-img":"disabled","footer-sml-layout":"","ast-disable-related-posts":"","theme-transparent-header-meta":"default","adv-header-id-meta":"","stick-header-meta":"default","header-above-stick-meta":"","header-main-stick-meta":"","header-below-stick-meta":"","astra-migrate-meta-layouts":"set","ast-page-background-enabled":"default","ast-page-background-meta":{"desktop":{"background-color":"","background-image":"","background-repeat":"repeat","background-position":"center center","background-size":"auto","background-attachment":"scroll","background-type":"","background-media":"","overlay-type":"","overlay-color":"","overlay-opacity":"","overlay-gradient":""},"tablet":{"background-color":"","background-image":"","background-repeat":"repeat","background-position":"center center","background-size":"auto","background-attachment":"scroll","background-type":"","background-media":"","overlay-type":"","overlay-color":"","overlay-opacity":"","overlay-gradient":""},"mobile":{"background-color":"","background-image":"","background-repeat":"repeat","background-position":"center center","background-size":"auto","background-attachment":"scroll","background-type":"","background-media":"","overlay-type":"","overlay-color":"","overlay-opacity":"","overlay-gradient":""}},"ast-content-background-meta":{"desktop":{"background-color":"var(--ast-global-color-5)","background-image":"","background-repeat":"repeat","background-position":"center center","background-size":"auto","background-attachment":"scroll","background-type":"","background-media":"","overlay-type":"","overlay-color":"","overlay-opacity":"","overlay-gradient":""},"tablet":{"background-color":"var(--ast-global-color-5)","background-image":"","background-repeat":"repeat","background-position":"center center","background-size":"auto","background-attachment":"scroll","background-type":"","background-media":"","overlay-type":"","overlay-color":"","overlay-opacity":"","overlay-gradient":""},"mobile":{"background-color":"var(--ast-global-color-5)","background-image":"","background-repeat":"repeat","background-position":"center center","background-size":"auto","background-attachment":"scroll","background-type":"","background-media":"","overlay-type":"","overlay-color":"","overlay-opacity":"","overlay-gradient":""}}},"product_brand":[42],"product_cat":[48,86,15],"product_tag":[],"class_list":{"0":"post-4685","1":"product","2":"type-product","3":"status-publish","4":"has-post-thumbnail","6":"product_brand-randm-tornado","7":"product_cat-randm-tornado-30000-concentre-de-fun","8":"product_cat-puff-30k","9":"product_cat-magasin-cigarette-electronique","10":"desktop-align-center","11":"tablet-align-center","12":"mobile-align-center","13":"ast-product-gallery-layout-horizontal","14":"ast-product-gallery-with-no-image","15":"ast-product-single-variable","16":"ast-product-tabs-layout-horizontal","17":"ast-qv-on-image","19":"first","20":"instock","21":"sale","22":"shipping-taxable","23":"purchasable","24":"product-type-variable","25":"has-default-attributes"},"tiered_pricing_type":"fixed","tiered_pricing_fixed_rules":{"50":9.38,"100":8.45,"200":7.95,"400":7.59},"tiered_pricing_product_settings":{"layout":"default","base_unit_name":{"singular":null,"plural":null},"default_variation":null},"tiered_pricing_minimum_quantity":null,"tiered_pricing_roles_data":[],"tiered_pricing_percentage_rules":[],"_links":{"self":[{"href":"https:\/\/puffvapestore.com\/sv\/wp-json\/wp\/v2\/product\/4685","targetHints":{"allow":["GET"]}}],"collection":[{"href":"https:\/\/puffvapestore.com\/sv\/wp-json\/wp\/v2\/product"}],"about":[{"href":"https:\/\/puffvapestore.com\/sv\/wp-json\/wp\/v2\/types\/product"}],"replies":[{"embeddable":true,"href":"https:\/\/puffvapestore.com\/sv\/wp-json\/wp\/v2\/comments?post=4685"}],"version-history":[{"count":6,"href":"https:\/\/puffvapestore.com\/sv\/wp-json\/wp\/v2\/product\/4685\/revisions"}],"predecessor-version":[{"id":4693,"href":"https:\/\/puffvapestore.com\/sv\/wp-json\/wp\/v2\/product\/4685\/revisions\/4693"}],"wp:featuredmedia":[{"embeddable":true,"href":"https:\/\/puffvapestore.com\/sv\/wp-json\/wp\/v2\/media\/4506"}],"wp:attachment":[{"href":"https:\/\/puffvapestore.com\/sv\/wp-json\/wp\/v2\/media?parent=4685"}],"wp:term":[{"taxonomy":"product_brand","embeddable":true,"href":"https:\/\/puffvapestore.com\/sv\/wp-json\/wp\/v2\/product_brand?post=4685"},{"taxonomy":"product_cat","embeddable":true,"href":"https:\/\/puffvapestore.com\/sv\/wp-json\/wp\/v2\/product_cat?post=4685"},{"taxonomy":"product_tag","embeddable":true,"href":"https:\/\/puffvapestore.com\/sv\/wp-json\/wp\/v2\/product_tag?post=4685"}],"curies":[{"name":"wp","href":"https:\/\/api.w.org\/{rel}","templated":true}]}}