{"id":4667,"date":"2025-07-08T08:15:28","date_gmt":"2025-07-08T08:15:28","guid":{"rendered":"https:\/\/puffvapestore.com\/?post_type=product&#038;p=4667"},"modified":"2026-01-19T10:36:01","modified_gmt":"2026-01-19T10:36:01","slug":"randm-30000-puff-lush-ice","status":"publish","type":"product","link":"https:\/\/puffvapestore.com\/sv\/product\/randm-30000-puff-frodig-is\/","title":{"rendered":"Lush Ice - RandM Tornado 30000"},"content":{"rendered":"<div data-elementor-type=\"wp-post\" data-elementor-id=\"4667\" class=\"elementor elementor-4667\">\n\t\t\t\t<div class=\"elementor-element elementor-element-08c26f9 e-flex e-con-boxed e-con e-parent\" data-id=\"08c26f9\" data-element_type=\"container\" data-e-type=\"container\">\n\t\t\t\t\t<div class=\"e-con-inner\">\n\t\t\t\t<div class=\"elementor-element elementor-element-a005a97 elementor-widget elementor-widget-text-editor\" data-id=\"a005a97\" data-element_type=\"widget\" data-e-type=\"widget\" data-widget_type=\"text-editor.default\">\n\t\t\t\t<div class=\"elementor-widget-container\">\n\t\t\t\t\t\t\t\t\t<p>Lush Ice \u00e4r en klassisk smak av elektroniska cigaretter, fruktig och uppfriskande, dominerad av s\u00f6t vattenmelon, med en frisk mintliknande eftersmak f\u00f6r en sp\u00e4nnande r\u00f6kupplevelse. Denna smak \u00e4r utformad f\u00f6r b\u00e5de varma sommardagar och vardagsbruk, f\u00f6r dem som letar efter en uppfriskande k\u00e4nsla, som kombinerar fruktens s\u00f6tma med isens svalka.<\/p><h2>Huvudnot: saftig vattenmelonarom.<\/h2><p>Naturlig s\u00f6tma: R\u00f6ken avger en mycket realistisk arom av vattenmelonk\u00f6tt, l\u00e5ngt ifr\u00e5n den konstgjorda smaken av godis, men n\u00e4ra den saftiga, l\u00e4tt doftande s\u00f6tman hos en riktig mogen vattenmelon.<\/p><p>Fruktk\u00f6tt: Du kan k\u00e4nna fruktk\u00f6ttet i munnen, som om du tuggade p\u00e5 en vattenmelon, med saften sprutande ut. S\u00f6tman ackompanjeras av en liten touch av gr\u00f6nt, f\u00f6r en v\u00e4lbalanserad smak.<\/p><h2>Sekund\u00e4ra noter : F\u00e4rsk mynta<\/h2><p>Medium till stark isig k\u00e4nsla: Vid inandning tr\u00e4ffas halsen omedelbart av kylan. Denna kylande k\u00e4nsla \u00e4r inte en intensiv kyla som tr\u00e4nger igenom halsen, utan en k\u00e4nsla av uppfriskande is som sprider sig gradvis och glider fr\u00e5n munnen till halsen.<\/p><p>Friskhet och s\u00f6tma: Denna friskhet sm\u00e4lter perfekt med s\u00f6tman och avbryter inte kontinuiteten i den fruktiga smaken, utan g\u00f6r vattenmelonsmaken mer uppfriskande.<\/p><h2>Basnot och eftersmak<\/h2><p>Ih\u00e5llande arom: N\u00e5gra sekunder efter inandning kan du fortfarande uppt\u00e4cka en l\u00e4tt fruktig vattenmelonarom och en k\u00e4nsla av friskhet i gommen, utan att k\u00e4nna sig fet, perfekt f\u00f6r l\u00e5ngvarig konsumtion.<\/p><p>Ren och inte flottig: Till skillnad fr\u00e5n vissa fruktiga elektroniska cigaretter med en \u00abflottig\u00bb eller \u00absirapig\u00bb smak, tenderar Lush Ice att vara fruktigare och renare, med en subtil \u00f6rtsmak, vilket ger en riktig isvattenmelonupplevelse p\u00e5 sommaren.<\/p><h2>Detaljer och erfarenhet<\/h2><p>Uppfriskande och uppfriskande: Lush Ice beskrivs som \u00aben perfekt blandning av tropisk vattenmelon och f\u00e4rsk mynta\u00bb och passar s\u00e4rskilt bra f\u00f6r anv\u00e4ndare som vill ha n\u00e5got fr\u00e4scht. Den svalkande k\u00e4nslan kan j\u00e4mf\u00f6ras med ett glas isad vattenmelonjuice en varm sommardag och ger en omedelbar k\u00e4nsla av v\u00e4lbefinnande.<\/p><p>Anv\u00e4ndning: Denna arom \u00e4r idealisk f\u00f6r daglig anv\u00e4ndning, s\u00e4rskilt under utomhusaktiviteter, sociala evenemang eller som uppfriskning. Dess fr\u00e4scha, fruktiga blandning g\u00f6r den till en m\u00e5ngsidig smak som passar b\u00e5de nyb\u00f6rjare och erfarna anv\u00e4ndare.<\/p>\t\t\t\t\t\t\t\t<\/div>\n\t\t\t\t<\/div>\n\t\t\t\t\t<\/div>\n\t\t\t\t<\/div>\n\t\t<div class=\"elementor-element elementor-element-718b380 e-flex e-con-boxed e-con e-parent\" data-id=\"718b380\" data-element_type=\"container\" data-e-type=\"container\">\n\t\t\t\t\t<div class=\"e-con-inner\">\n\t\t\t\t<div class=\"elementor-element elementor-element-d2cc8fa elementor-widget elementor-widget-text-editor\" data-id=\"d2cc8fa\" data-element_type=\"widget\" data-e-type=\"widget\" data-widget_type=\"text-editor.default\">\n\t\t\t\t<div class=\"elementor-widget-container\">\n\t\t\t\t\t\t\t\t\t<h2>Specifikationer f\u00f6r RandM Tornado 30000 :<\/h2><p>Antal puffar: Upp till 30 000 bloss, vilket g\u00f6r den till en av de elektroniska eng\u00e5ngscigaretterna med l\u00e4ngst livsl\u00e4ngd p\u00e5 marknaden.<\/p><p>Batteri: Den \u00e4r utrustad med ett uppladdningsbart 600 mAh-batteri och laddas via en Type-C-port f\u00f6r snabb och effektiv laddning.<\/p><p>Tankens kapacitet : Rymmer 25 ml f\u00f6rfylld e-juice.<\/p><p>Nikotindosering: Finns i 2 % eller 5 % nikotinsalter f\u00f6r att m\u00f6ta alla behov.<\/p><p>Mesh Coil-teknik: Garanterar en konsekvent, j\u00e4mn och uts\u00f6kt vape-upplevelse genom att v\u00e4rma upp e-juice j\u00e4mnt.<\/p><p>Design: Det l\u00e4tta, genomskinliga h\u00f6ljet \u00f6vervakar niv\u00e5n p\u00e5 e-v\u00e4tskan och har dynamiska indikatorlampor som visar n\u00e4tmotst\u00e5ndets aktivitet.<\/p><p>Musikfunktion: Utrustad med en unik RGB-ljusupps\u00e4ttning som synkroniseras med musiken, ger den en visuell och underh\u00e5llande touch till dina elektroniska cigaretter.<\/p><p>H\u00e5llbarhet: Den \u00e4r tillverkad av toppmoderna material och \u00e4r mycket tillf\u00f6rlitlig och har l\u00e4ckages\u00e4ker e-v\u00e4tsketeknik, vilket g\u00f6r den idealisk f\u00f6r vardagsbruk och resor.<\/p><h2>Prestanda och f\u00f6rdelar med RandM Tornado 30000<\/h2><p>V\u00e4tskans livsl\u00e4ngd: 25 ml f\u00f6rfylld v\u00e4tska m\u00f6jligg\u00f6r l\u00e5ngvarig anv\u00e4ndning utan p\u00e5fyllning, men anv\u00e4ndningstiden varierar beroende p\u00e5 anv\u00e4ndning. Vanliga anv\u00e4ndare av elektroniska cigaretter kan anv\u00e4nda den i veckor, medan vanliga anv\u00e4ndare kan anv\u00e4nda den i m\u00e5nader.<\/p><p>Smak: Tack vare tekniken med n\u00e4tmotst\u00e5nd \u00e4r smaken naturligt rik och r\u00f6kvolymen stabil.<\/p><p>Enkel att anv\u00e4nda: Inga komplicerade knappar eller inst\u00e4llningar, bara att dammsuga f\u00f6r att aktivera, l\u00e4tt att anv\u00e4nda \u00e4ven f\u00f6r nyb\u00f6rjare. Inget underh\u00e5ll (ingen laddning eller byte av v\u00e4rmeelement kr\u00e4vs), f\u00f6r \u00f6kad bekv\u00e4mlighet.<\/p><p>Design: LED-belysningen och det ergonomiska skalet g\u00f6r den \u00e4nnu mer tilltalande.<\/p>\t\t\t\t\t\t\t\t<\/div>\n\t\t\t\t<\/div>\n\t\t\t\t\t<\/div>\n\t\t\t\t<\/div>\n\t\t\t\t<\/div>","protected":false},"excerpt":{"rendered":"<p>Lush Ice est un ar\u00f4me classique de cigarette \u00e9lectronique, fruit\u00e9 et rafra\u00eechissant, domin\u00e9 par la past\u00e8que sucr\u00e9e, avec un arri\u00e8re-go\u00fbt menthol\u00e9 frais, pour une exp\u00e9rience de fumage exaltante. Cet ar\u00f4me est con\u00e7u pour les chaudes journ\u00e9es d&rsquo;\u00e9t\u00e9 comme pour une utilisation quotidienne, pour ceux qui recherchent une sensation de fra\u00eecheur, alliant la douceur des fruits [&hellip;]<\/p>\n","protected":false},"featured_media":4494,"comment_status":"open","ping_status":"closed","template":"","meta":{"site-sidebar-layout":"no-sidebar","site-content-layout":"page-builder","ast-site-content-layout":"normal-width-container","site-content-style":"default","site-sidebar-style":"default","ast-global-header-display":"","ast-banner-title-visibility":"","ast-main-header-display":"","ast-hfb-above-header-display":"","ast-hfb-below-header-display":"","ast-hfb-mobile-header-display":"","site-post-title":"disabled","ast-breadcrumbs-content":"","ast-featured-img":"disabled","footer-sml-layout":"","ast-disable-related-posts":"","theme-transparent-header-meta":"default","adv-header-id-meta":"","stick-header-meta":"default","header-above-stick-meta":"","header-main-stick-meta":"","header-below-stick-meta":"","astra-migrate-meta-layouts":"set","ast-page-background-enabled":"default","ast-page-background-meta":{"desktop":{"background-color":"","background-image":"","background-repeat":"repeat","background-position":"center center","background-size":"auto","background-attachment":"scroll","background-type":"","background-media":"","overlay-type":"","overlay-color":"","overlay-opacity":"","overlay-gradient":""},"tablet":{"background-color":"","background-image":"","background-repeat":"repeat","background-position":"center center","background-size":"auto","background-attachment":"scroll","background-type":"","background-media":"","overlay-type":"","overlay-color":"","overlay-opacity":"","overlay-gradient":""},"mobile":{"background-color":"","background-image":"","background-repeat":"repeat","background-position":"center center","background-size":"auto","background-attachment":"scroll","background-type":"","background-media":"","overlay-type":"","overlay-color":"","overlay-opacity":"","overlay-gradient":""}},"ast-content-background-meta":{"desktop":{"background-color":"var(--ast-global-color-5)","background-image":"","background-repeat":"repeat","background-position":"center center","background-size":"auto","background-attachment":"scroll","background-type":"","background-media":"","overlay-type":"","overlay-color":"","overlay-opacity":"","overlay-gradient":""},"tablet":{"background-color":"var(--ast-global-color-5)","background-image":"","background-repeat":"repeat","background-position":"center center","background-size":"auto","background-attachment":"scroll","background-type":"","background-media":"","overlay-type":"","overlay-color":"","overlay-opacity":"","overlay-gradient":""},"mobile":{"background-color":"var(--ast-global-color-5)","background-image":"","background-repeat":"repeat","background-position":"center center","background-size":"auto","background-attachment":"scroll","background-type":"","background-media":"","overlay-type":"","overlay-color":"","overlay-opacity":"","overlay-gradient":""}}},"product_brand":[42],"product_cat":[48,86,15],"product_tag":[],"class_list":{"0":"post-4667","1":"product","2":"type-product","3":"status-publish","4":"has-post-thumbnail","6":"product_brand-randm-tornado","7":"product_cat-randm-tornado-30000-concentre-de-fun","8":"product_cat-puff-30k","9":"product_cat-magasin-cigarette-electronique","10":"desktop-align-center","11":"tablet-align-center","12":"mobile-align-center","13":"ast-product-gallery-layout-horizontal","14":"ast-product-gallery-with-no-image","15":"ast-product-single-variable","16":"ast-product-tabs-layout-horizontal","17":"ast-qv-on-image","19":"first","20":"instock","21":"sale","22":"shipping-taxable","23":"purchasable","24":"product-type-variable","25":"has-default-attributes"},"tiered_pricing_type":"fixed","tiered_pricing_fixed_rules":{"50":9.38,"100":8.45,"200":7.95,"400":7.59},"tiered_pricing_product_settings":{"layout":"default","base_unit_name":{"singular":null,"plural":null},"default_variation":null},"tiered_pricing_minimum_quantity":null,"tiered_pricing_roles_data":[],"tiered_pricing_percentage_rules":[],"_links":{"self":[{"href":"https:\/\/puffvapestore.com\/sv\/wp-json\/wp\/v2\/product\/4667","targetHints":{"allow":["GET"]}}],"collection":[{"href":"https:\/\/puffvapestore.com\/sv\/wp-json\/wp\/v2\/product"}],"about":[{"href":"https:\/\/puffvapestore.com\/sv\/wp-json\/wp\/v2\/types\/product"}],"replies":[{"embeddable":true,"href":"https:\/\/puffvapestore.com\/sv\/wp-json\/wp\/v2\/comments?post=4667"}],"version-history":[{"count":6,"href":"https:\/\/puffvapestore.com\/sv\/wp-json\/wp\/v2\/product\/4667\/revisions"}],"predecessor-version":[{"id":4675,"href":"https:\/\/puffvapestore.com\/sv\/wp-json\/wp\/v2\/product\/4667\/revisions\/4675"}],"wp:featuredmedia":[{"embeddable":true,"href":"https:\/\/puffvapestore.com\/sv\/wp-json\/wp\/v2\/media\/4494"}],"wp:attachment":[{"href":"https:\/\/puffvapestore.com\/sv\/wp-json\/wp\/v2\/media?parent=4667"}],"wp:term":[{"taxonomy":"product_brand","embeddable":true,"href":"https:\/\/puffvapestore.com\/sv\/wp-json\/wp\/v2\/product_brand?post=4667"},{"taxonomy":"product_cat","embeddable":true,"href":"https:\/\/puffvapestore.com\/sv\/wp-json\/wp\/v2\/product_cat?post=4667"},{"taxonomy":"product_tag","embeddable":true,"href":"https:\/\/puffvapestore.com\/sv\/wp-json\/wp\/v2\/product_tag?post=4667"}],"curies":[{"name":"wp","href":"https:\/\/api.w.org\/{rel}","templated":true}]}}