{"id":4518,"date":"2025-07-07T09:40:14","date_gmt":"2025-07-07T09:40:14","guid":{"rendered":"https:\/\/puffvapestore.com\/?post_type=product&#038;p=4518"},"modified":"2026-01-19T10:36:00","modified_gmt":"2026-01-19T10:36:00","slug":"randm-tornado-30000-propose-30-saveurs","status":"publish","type":"product","link":"https:\/\/puffvapestore.com\/sv\/product\/randm-tornado-30000-erbjuder-30-smaker\/","title":{"rendered":"RandM Tornado 30000: ger 30000 r\u00f6kpuffar, laddas via typ C-port"},"content":{"rendered":"<div data-elementor-type=\"wp-post\" data-elementor-id=\"4518\" class=\"elementor elementor-4518\">\n\t\t\t\t<div class=\"elementor-element elementor-element-718b380 e-flex e-con-boxed e-con e-parent\" data-id=\"718b380\" data-element_type=\"container\" data-e-type=\"container\">\n\t\t\t\t\t<div class=\"e-con-inner\">\n\t\t\t\t<div class=\"elementor-element elementor-element-d2cc8fa elementor-widget elementor-widget-text-editor\" data-id=\"d2cc8fa\" data-element_type=\"widget\" data-e-type=\"widget\" data-widget_type=\"text-editor.default\">\n\t\t\t\t<div class=\"elementor-widget-container\">\n\t\t\t\t\t\t\t\t\t<h2>Specifikationer f\u00f6r RandM Tornado 30000 :<\/h2><p>Antal puffar: Upp till 30 000 bloss, vilket g\u00f6r den till en av de elektroniska eng\u00e5ngscigaretterna med l\u00e4ngst livsl\u00e4ngd p\u00e5 marknaden.<\/p><p>Batteri: Den \u00e4r utrustad med ett uppladdningsbart 600 mAh-batteri och laddas via en Type-C-port f\u00f6r snabb och effektiv laddning.<\/p><p>Tankens kapacitet : Rymmer 25 ml f\u00f6rfylld e-juice.<\/p><p>Nikotindosering: Finns i 2 % eller 5 % nikotinsalter f\u00f6r att m\u00f6ta alla behov.<\/p><p>Mesh Coil-teknik: Garanterar en konsekvent, j\u00e4mn och uts\u00f6kt vape-upplevelse genom att v\u00e4rma upp e-juice j\u00e4mnt.<\/p><p>Design: Det l\u00e4tta, genomskinliga h\u00f6ljet \u00f6vervakar niv\u00e5n p\u00e5 e-v\u00e4tskan och har dynamiska indikatorlampor som visar n\u00e4tmotst\u00e5ndets aktivitet.<\/p><p>Musikfunktion: Utrustad med en unik RGB-ljusupps\u00e4ttning som synkroniseras med musiken, ger den en visuell och underh\u00e5llande touch till dina elektroniska cigaretter.<\/p><p>H\u00e5llbarhet: Den \u00e4r tillverkad av toppmoderna material och \u00e4r mycket tillf\u00f6rlitlig och har l\u00e4ckages\u00e4ker e-v\u00e4tsketeknik, vilket g\u00f6r den idealisk f\u00f6r vardagsbruk och resor.<\/p><h2>Prestanda och f\u00f6rdelar med RandM Tornado 30000<\/h2><p>V\u00e4tskans livsl\u00e4ngd: 25 ml f\u00f6rfylld v\u00e4tska m\u00f6jligg\u00f6r l\u00e5ngvarig anv\u00e4ndning utan p\u00e5fyllning, men anv\u00e4ndningstiden varierar beroende p\u00e5 anv\u00e4ndning. Vanliga anv\u00e4ndare av elektroniska cigaretter kan anv\u00e4nda den i veckor, medan vanliga anv\u00e4ndare kan anv\u00e4nda den i m\u00e5nader.<\/p><p>Smak: Tack vare tekniken med n\u00e4tmotst\u00e5nd \u00e4r smaken naturligt rik och r\u00f6kvolymen stabil.<\/p><p>Enkel att anv\u00e4nda: Inga komplicerade knappar eller inst\u00e4llningar, bara att dammsuga f\u00f6r att aktivera, l\u00e4tt att anv\u00e4nda \u00e4ven f\u00f6r nyb\u00f6rjare. Inget underh\u00e5ll (ingen laddning eller byte av v\u00e4rmeelement kr\u00e4vs), f\u00f6r \u00f6kad bekv\u00e4mlighet.<\/p><p>Design: LED-belysningen och det ergonomiska skalet g\u00f6r den \u00e4nnu mer tilltalande.<\/p>\t\t\t\t\t\t\t\t<\/div>\n\t\t\t\t<\/div>\n\t\t\t\t\t<\/div>\n\t\t\t\t<\/div>\n\t\t<div class=\"elementor-element elementor-element-08c26f9 e-flex e-con-boxed e-con e-parent\" data-id=\"08c26f9\" data-element_type=\"container\" data-e-type=\"container\">\n\t\t\t\t\t<div class=\"e-con-inner\">\n\t\t\t\t<div class=\"elementor-element elementor-element-a005a97 elementor-widget elementor-widget-text-editor\" data-id=\"a005a97\" data-element_type=\"widget\" data-e-type=\"widget\" data-widget_type=\"text-editor.default\">\n\t\t\t\t<div class=\"elementor-widget-container\">\n\t\t\t\t\t\t\t\t\t<h2>RandM Tornado 30000 erbjuder 30 rika och varierade smaker<\/h2><p>RandM Tornado 30000 erbjuder 30 rika och varierade smaker f\u00f6r att passa alla anv\u00e4ndares preferenser. Smakerna kan delas in i flera kategorier: fruktglass, fruktblandningar och klassiska drycker. Fruktglassmakerna \u00e4r fr\u00e4mst uppfriskande, med \u00abBanana Ice\u00bb, \u00abBlueberry Ice\u00bb, \u00abGrape Ice\u00bb etc. som ger en uppfriskande twist till traditionella fruktsmaker. \u00abLush Ice\u00bb och \u00abIce Pop\u00bb ger en mer intensiv uppfriskande upplevelse. Utbudet av fruktiga smaker, t.ex. \u00abBlueberry Raspberry\u00bb, \u00abPeach Mango Pineapple\u00bb och \u00abStrawberry Watermelon\u00bb, betonar skiktningen av fruktiga smaker och balanserar syra och s\u00f6tma.<\/p><p>De klassiska smakerna i dryckessortimentet \u00e5terskapar popul\u00e4ra drycker, som \u00abCherry Cola\u00bb och \u00abCola Ice\u00bb som \u00e5terskapar s\u00f6tman i cola, medan \u00abPink Lemonade\u00bb och \u00abVimto\u00bb ger den v\u00e4lbekanta syrliga smaken av dryckerna. Dessutom ger unika smaker som \u00abSkittles\u00bb och \u00abLove 66\u00bb (honungsmelon + passionsfrukt + vattenmelon) en touch av nyckfullhet, medan \u00abCool Mint\u00bb och \u00abBlack Ice\u00bb \u00e4r perfekta f\u00f6r fans av intensiv friskhet. Sammantaget t\u00e4cker RandM Tornado 30000 ett brett utbud av smaker, fr\u00e5n fr\u00e4scha till fylliga, fr\u00e5n enstaka frukter till komplexa blandningar, som kan tillgodose behoven hos olika scenarier och smakl\u00f6kar.<\/p>\t\t\t\t\t\t\t\t<\/div>\n\t\t\t\t<\/div>\n\t\t\t\t\t<\/div>\n\t\t\t\t<\/div>\n\t\t\t\t<\/div>","protected":false},"excerpt":{"rendered":"<p>Sp\u00e9cifications de la RandM Tornado 30000\u00a0: Nombre de bouff\u00e9es\u00a0: Jusqu&rsquo;\u00e0 30000 bouff\u00e9es, ce qui en fait l&rsquo;une des cigarettes \u00e9lectroniques jetables les plus durables du march\u00e9. Batterie : \u00c9quip\u00e9e d&rsquo;une batterie rechargeable de 600 mAh, elle se recharge via un port Type-C pour une charge rapide et efficace. Capacit\u00e9 du r\u00e9servoir\u00a0: Contient 25\u00a0ml d&rsquo;e-liquide pr\u00e9rempli. [&hellip;]<\/p>\n","protected":false},"featured_media":4508,"comment_status":"open","ping_status":"closed","template":"","meta":{"site-sidebar-layout":"no-sidebar","site-content-layout":"page-builder","ast-site-content-layout":"normal-width-container","site-content-style":"default","site-sidebar-style":"default","ast-global-header-display":"","ast-banner-title-visibility":"","ast-main-header-display":"","ast-hfb-above-header-display":"","ast-hfb-below-header-display":"","ast-hfb-mobile-header-display":"","site-post-title":"disabled","ast-breadcrumbs-content":"","ast-featured-img":"disabled","footer-sml-layout":"","ast-disable-related-posts":"","theme-transparent-header-meta":"default","adv-header-id-meta":"","stick-header-meta":"default","header-above-stick-meta":"","header-main-stick-meta":"","header-below-stick-meta":"","astra-migrate-meta-layouts":"set","ast-page-background-enabled":"default","ast-page-background-meta":{"desktop":{"background-color":"","background-image":"","background-repeat":"repeat","background-position":"center center","background-size":"auto","background-attachment":"scroll","background-type":"","background-media":"","overlay-type":"","overlay-color":"","overlay-opacity":"","overlay-gradient":""},"tablet":{"background-color":"","background-image":"","background-repeat":"repeat","background-position":"center center","background-size":"auto","background-attachment":"scroll","background-type":"","background-media":"","overlay-type":"","overlay-color":"","overlay-opacity":"","overlay-gradient":""},"mobile":{"background-color":"","background-image":"","background-repeat":"repeat","background-position":"center center","background-size":"auto","background-attachment":"scroll","background-type":"","background-media":"","overlay-type":"","overlay-color":"","overlay-opacity":"","overlay-gradient":""}},"ast-content-background-meta":{"desktop":{"background-color":"var(--ast-global-color-5)","background-image":"","background-repeat":"repeat","background-position":"center center","background-size":"auto","background-attachment":"scroll","background-type":"","background-media":"","overlay-type":"","overlay-color":"","overlay-opacity":"","overlay-gradient":""},"tablet":{"background-color":"var(--ast-global-color-5)","background-image":"","background-repeat":"repeat","background-position":"center center","background-size":"auto","background-attachment":"scroll","background-type":"","background-media":"","overlay-type":"","overlay-color":"","overlay-opacity":"","overlay-gradient":""},"mobile":{"background-color":"var(--ast-global-color-5)","background-image":"","background-repeat":"repeat","background-position":"center center","background-size":"auto","background-attachment":"scroll","background-type":"","background-media":"","overlay-type":"","overlay-color":"","overlay-opacity":"","overlay-gradient":""}}},"product_brand":[42],"product_cat":[48,86,15],"product_tag":[],"class_list":{"0":"post-4518","1":"product","2":"type-product","3":"status-publish","4":"has-post-thumbnail","6":"product_brand-randm-tornado","7":"product_cat-randm-tornado-30000-concentre-de-fun","8":"product_cat-puff-30k","9":"product_cat-magasin-cigarette-electronique","10":"desktop-align-center","11":"tablet-align-center","12":"mobile-align-center","13":"ast-product-gallery-layout-horizontal","14":"ast-product-single-variable","15":"ast-product-tabs-layout-horizontal","16":"ast-qv-on-image","18":"first","19":"instock","20":"sale","21":"shipping-taxable","22":"purchasable","23":"product-type-variable","24":"has-default-attributes"},"tiered_pricing_type":"fixed","tiered_pricing_fixed_rules":{"50":9.38,"100":8.45,"200":7.95,"400":7.59},"tiered_pricing_product_settings":{"layout":"default","base_unit_name":{"singular":null,"plural":null},"default_variation":null},"tiered_pricing_minimum_quantity":null,"tiered_pricing_roles_data":[],"tiered_pricing_percentage_rules":[],"_links":{"self":[{"href":"https:\/\/puffvapestore.com\/sv\/wp-json\/wp\/v2\/product\/4518","targetHints":{"allow":["GET"]}}],"collection":[{"href":"https:\/\/puffvapestore.com\/sv\/wp-json\/wp\/v2\/product"}],"about":[{"href":"https:\/\/puffvapestore.com\/sv\/wp-json\/wp\/v2\/types\/product"}],"replies":[{"embeddable":true,"href":"https:\/\/puffvapestore.com\/sv\/wp-json\/wp\/v2\/comments?post=4518"}],"version-history":[{"count":7,"href":"https:\/\/puffvapestore.com\/sv\/wp-json\/wp\/v2\/product\/4518\/revisions"}],"predecessor-version":[{"id":4647,"href":"https:\/\/puffvapestore.com\/sv\/wp-json\/wp\/v2\/product\/4518\/revisions\/4647"}],"wp:featuredmedia":[{"embeddable":true,"href":"https:\/\/puffvapestore.com\/sv\/wp-json\/wp\/v2\/media\/4508"}],"wp:attachment":[{"href":"https:\/\/puffvapestore.com\/sv\/wp-json\/wp\/v2\/media?parent=4518"}],"wp:term":[{"taxonomy":"product_brand","embeddable":true,"href":"https:\/\/puffvapestore.com\/sv\/wp-json\/wp\/v2\/product_brand?post=4518"},{"taxonomy":"product_cat","embeddable":true,"href":"https:\/\/puffvapestore.com\/sv\/wp-json\/wp\/v2\/product_cat?post=4518"},{"taxonomy":"product_tag","embeddable":true,"href":"https:\/\/puffvapestore.com\/sv\/wp-json\/wp\/v2\/product_tag?post=4518"}],"curies":[{"name":"wp","href":"https:\/\/api.w.org\/{rel}","templated":true}]}}