{"id":4469,"date":"2025-07-07T07:31:05","date_gmt":"2025-07-07T07:31:05","guid":{"rendered":"https:\/\/puffvapestore.com\/?post_type=product&#038;p=4469"},"modified":"2026-01-19T10:35:08","modified_gmt":"2026-01-19T10:35:08","slug":"cool-mint-randm-tornado-25000","status":"publish","type":"product","link":"https:\/\/puffvapestore.com\/sv\/product\/kall-mint-randm-tornado-25000\/","title":{"rendered":"RandM Tornado 25000 - Cool Mint"},"content":{"rendered":"<div data-elementor-type=\"wp-post\" data-elementor-id=\"4469\" class=\"elementor elementor-4469\">\n\t\t\t\t<div class=\"elementor-element elementor-element-08c26f9 e-flex e-con-boxed e-con e-parent\" data-id=\"08c26f9\" data-element_type=\"container\" data-e-type=\"container\">\n\t\t\t\t\t<div class=\"e-con-inner\">\n\t\t\t\t<div class=\"elementor-element elementor-element-a005a97 elementor-widget elementor-widget-text-editor\" data-id=\"a005a97\" data-element_type=\"widget\" data-e-type=\"widget\" data-widget_type=\"text-editor.default\">\n\t\t\t\t<div class=\"elementor-widget-container\">\n\t\t\t\t\t\t\t\t\t<p>P\u00e5 Paris gator bl\u00e5ser en l\u00e4tt bris, och i skateparken vid Seines strand \u00e5ker ungdomar skateboard, hoppar och sl\u00e5r kullerbyttor, och luften \u00e4r fylld av ungdomens vitalitet och frihet. I denna livliga milj\u00f6 blir den elektroniska cigaretten RandM Tornado 25000 i smaken Fresh Mint en oumb\u00e4rlig modeaccessoar. Den unika doften av f\u00e4rsk mynta, som en bris fr\u00e5n Alperna, ger en friskhetsk\u00e4nsla till den parisiska skateparken.<\/p><h2>F\u00e4rsk mynta, en ren njutning<\/h2><p>Den koncentrerade doften av f\u00e4rsk mynta ger en uppfriskande touch av friskhet. Varje bloss \u00e4r som att smaka p\u00e5 ett f\u00e4rskt myntablad som plockats fr\u00e5n ett f\u00e4lt och ger en ren och l\u00e5ngvarig uppfriskande upplevelse. Oavsett om du tar ett bloss medan du tittar p\u00e5 en show i en parisisk skatepark eller njuter av en stunds lugn medan du promenerar l\u00e4ngs gatan, erbjuder Cool Mint fr\u00e4sch, oemotst\u00e5ndlig njutning. Med en nikotinniv\u00e5 p\u00e5 2 % eller 5 % kan du njuta av mild avslappning eller en k\u00e4nsla av intensiv tillfredsst\u00e4llelse, perfekt anpassad till varje situation.<\/p>\t\t\t\t\t\t\t\t<\/div>\n\t\t\t\t<\/div>\n\t\t\t\t\t<\/div>\n\t\t\t\t<\/div>\n\t\t<div class=\"elementor-element elementor-element-718b380 e-flex e-con-boxed e-con e-parent\" data-id=\"718b380\" data-element_type=\"container\" data-e-type=\"container\">\n\t\t\t\t\t<div class=\"e-con-inner\">\n\t\t\t\t<div class=\"elementor-element elementor-element-d2cc8fa elementor-widget elementor-widget-text-editor\" data-id=\"d2cc8fa\" data-element_type=\"widget\" data-e-type=\"widget\" data-widget_type=\"text-editor.default\">\n\t\t\t\t<div class=\"elementor-widget-container\">\n\t\t\t\t\t\t\t\t\t<h2>Produktspecifikationer<\/h2><p>Antal puffar : Upp till 25 000 puffar, utformad f\u00f6r intensiva anv\u00e4ndare eller de som vill ha extremt l\u00e5ng livsl\u00e4ngd utan att beh\u00f6va byta ut sin enhet ofta.<\/p><p>Batterikapacitet: Inbyggt 700 mAh h\u00f6gpresterande uppladdningsbart batteri, kompatibelt med Type-C snabbladdning, h\u00f6g laddningseffektivitet och minskad v\u00e4ntetid.<\/p><p>V\u00e4tskekapacitet: 20 ml e-juice med f\u00f6rinstallerade h\u00f6gkvalitativa nikotinsalter, som erbjuder nikotinkoncentrationer p\u00e5 2 % eller 5 % f\u00f6r att tillgodose alla anv\u00e4ndares behov.<\/p><p>Motst\u00e5ndsteknik: Avancerad motst\u00e5ndsteknik med dubbla maskor f\u00f6r en rik smak och stabil r\u00f6k fr\u00e5n f\u00f6rsta till sista blosset.<\/p><p>Display: Utrustad med en h\u00f6guppl\u00f6st TFT-peksk\u00e4rm som visar batteriladdning, \u00e5terst\u00e5ende e-v\u00e4tska och str\u00f6minst\u00e4llningar i realtid, f\u00f6r intuitiv anv\u00e4ndning och tydlig information p\u00e5 ett \u00f6gonblick.<\/p><p>Touch-styrning: Innovativ, l\u00e4ttanv\u00e4nd touch-switch :<\/p><ul><li>Dubbelklicka f\u00f6r att starta enheten;<\/li><li>Tre klick f\u00f6r att \u00e4ndra str\u00f6mutg\u00e5ngsl\u00e4get; Fyra klick f\u00f6r att komma \u00e5t det integrerade minispelsl\u00e4get ;<\/li><li>Ett klick f\u00f6r att starta spelet.<\/li><\/ul><p>Design: L\u00e4tt, elegant och modern, l\u00e4tt att b\u00e4ra, b\u00e5de attraktiv och praktisk.<\/p><p>Ytterligare funktioner: Unika inbyggda minispel (t.ex. klickspel) ger anv\u00e4ndarna en unik underh\u00e5llningsupplevelse och bryter mot den enda funktionen hos traditionella elektroniska cigaretter f\u00f6r eng\u00e5ngsbruk.<\/p><h2>Produktens egenskaper och f\u00f6rdelar<\/h2><p>Klar att anv\u00e4nda: inga komplicerade inst\u00e4llningar eller underh\u00e5ll kr\u00e4vs, s\u00e5 du kan anv\u00e4nda den direkt fr\u00e5n f\u00f6rpackningen, l\u00e4mplig f\u00f6r b\u00e5de nyb\u00f6rjare och aktiva anv\u00e4ndare.<\/p><p>Utm\u00e4rkt smak: Motst\u00e5ndstekniken med dubbla n\u00e4t ger en j\u00e4mn, fyllig smak och varje bloss bibeh\u00e5ller en j\u00e4mn smak f\u00f6r ultimat tillfredsst\u00e4llelse.<\/p><p>L\u00e5ng batteritid: 700 mAh-batteriet i kombination med snabbladdning av typ C garanterar l\u00e5ngvarig anv\u00e4ndning, optimerar anv\u00e4ndningen av e-juice och undviker avfall.<\/p><p>B\u00e4rbarhet: Kompakt och l\u00e4tt, l\u00e4tt att stoppa i fickan eller v\u00e4skan, s\u00e5 att du kan njuta av den n\u00e4r som helst och var som helst.<\/p><p>Underh\u00e5llningsupplevelse: Exklusiv integrerad minispelfunktion f\u00f6r \u00e4nnu roligare spel, vilket g\u00f6r att RandM Tornado 25000 sticker ut fr\u00e5n m\u00e4ngden.<\/p><p>Anpassning: Justerbart luftfl\u00f6de och flera alternativ f\u00f6r nikotinkoncentration ger anv\u00e4ndarna friheten att anpassa sig efter sina egna preferenser f\u00f6r att tillgodose en m\u00e4ngd olika behov.<\/p>\t\t\t\t\t\t\t\t<\/div>\n\t\t\t\t<\/div>\n\t\t\t\t\t<\/div>\n\t\t\t\t<\/div>\n\t\t\t\t<\/div>","protected":false},"excerpt":{"rendered":"<p>Dans les rues parisiennes, la brise souffle doucement, et dans le skatepark au bord de la Seine, les jeunes font du skateboard, sautent et font des saltos, et l&rsquo;air est empli de la vitalit\u00e9 et de la libert\u00e9 de la jeunesse. Dans ce d\u00e9cor vibrant, la cigarette \u00e9lectronique RandM Tornado 25000 au go\u00fbt Menthe Fra\u00eeche [&hellip;]<\/p>\n","protected":false},"featured_media":4251,"comment_status":"open","ping_status":"closed","template":"","meta":{"site-sidebar-layout":"no-sidebar","site-content-layout":"page-builder","ast-site-content-layout":"normal-width-container","site-content-style":"default","site-sidebar-style":"default","ast-global-header-display":"","ast-banner-title-visibility":"","ast-main-header-display":"","ast-hfb-above-header-display":"","ast-hfb-below-header-display":"","ast-hfb-mobile-header-display":"","site-post-title":"disabled","ast-breadcrumbs-content":"","ast-featured-img":"disabled","footer-sml-layout":"","ast-disable-related-posts":"","theme-transparent-header-meta":"default","adv-header-id-meta":"","stick-header-meta":"default","header-above-stick-meta":"","header-main-stick-meta":"","header-below-stick-meta":"","astra-migrate-meta-layouts":"set","ast-page-background-enabled":"default","ast-page-background-meta":{"desktop":{"background-color":"","background-image":"","background-repeat":"repeat","background-position":"center center","background-size":"auto","background-attachment":"scroll","background-type":"","background-media":"","overlay-type":"","overlay-color":"","overlay-opacity":"","overlay-gradient":""},"tablet":{"background-color":"","background-image":"","background-repeat":"repeat","background-position":"center center","background-size":"auto","background-attachment":"scroll","background-type":"","background-media":"","overlay-type":"","overlay-color":"","overlay-opacity":"","overlay-gradient":""},"mobile":{"background-color":"","background-image":"","background-repeat":"repeat","background-position":"center center","background-size":"auto","background-attachment":"scroll","background-type":"","background-media":"","overlay-type":"","overlay-color":"","overlay-opacity":"","overlay-gradient":""}},"ast-content-background-meta":{"desktop":{"background-color":"var(--ast-global-color-5)","background-image":"","background-repeat":"repeat","background-position":"center center","background-size":"auto","background-attachment":"scroll","background-type":"","background-media":"","overlay-type":"","overlay-color":"","overlay-opacity":"","overlay-gradient":""},"tablet":{"background-color":"var(--ast-global-color-5)","background-image":"","background-repeat":"repeat","background-position":"center center","background-size":"auto","background-attachment":"scroll","background-type":"","background-media":"","overlay-type":"","overlay-color":"","overlay-opacity":"","overlay-gradient":""},"mobile":{"background-color":"var(--ast-global-color-5)","background-image":"","background-repeat":"repeat","background-position":"center center","background-size":"auto","background-attachment":"scroll","background-type":"","background-media":"","overlay-type":"","overlay-color":"","overlay-opacity":"","overlay-gradient":""}}},"product_brand":[42],"product_cat":[47,87,15],"product_tag":[],"class_list":{"0":"post-4469","1":"product","2":"type-product","3":"status-publish","4":"has-post-thumbnail","6":"product_brand-randm-tornado","7":"product_cat-randm-tornado-25000-allie-portabilite-et-personnalisation","8":"product_cat-puff-25k","9":"product_cat-magasin-cigarette-electronique","10":"desktop-align-center","11":"tablet-align-center","12":"mobile-align-center","13":"ast-product-gallery-layout-horizontal","14":"ast-product-single-variable","15":"ast-product-tabs-layout-horizontal","16":"ast-qv-on-image","18":"first","19":"instock","20":"sale","21":"shipping-taxable","22":"purchasable","23":"product-type-variable","24":"has-default-attributes"},"tiered_pricing_type":"fixed","tiered_pricing_fixed_rules":{"30":10.17,"60":9.22,"100":8.38,"200":8.08,"500":7.88,"1000":7.48},"tiered_pricing_product_settings":{"layout":"default","base_unit_name":{"singular":null,"plural":null},"default_variation":null},"tiered_pricing_minimum_quantity":null,"tiered_pricing_roles_data":[],"tiered_pricing_percentage_rules":[],"_links":{"self":[{"href":"https:\/\/puffvapestore.com\/sv\/wp-json\/wp\/v2\/product\/4469","targetHints":{"allow":["GET"]}}],"collection":[{"href":"https:\/\/puffvapestore.com\/sv\/wp-json\/wp\/v2\/product"}],"about":[{"href":"https:\/\/puffvapestore.com\/sv\/wp-json\/wp\/v2\/types\/product"}],"replies":[{"embeddable":true,"href":"https:\/\/puffvapestore.com\/sv\/wp-json\/wp\/v2\/comments?post=4469"}],"version-history":[{"count":7,"href":"https:\/\/puffvapestore.com\/sv\/wp-json\/wp\/v2\/product\/4469\/revisions"}],"predecessor-version":[{"id":10745,"href":"https:\/\/puffvapestore.com\/sv\/wp-json\/wp\/v2\/product\/4469\/revisions\/10745"}],"wp:featuredmedia":[{"embeddable":true,"href":"https:\/\/puffvapestore.com\/sv\/wp-json\/wp\/v2\/media\/4251"}],"wp:attachment":[{"href":"https:\/\/puffvapestore.com\/sv\/wp-json\/wp\/v2\/media?parent=4469"}],"wp:term":[{"taxonomy":"product_brand","embeddable":true,"href":"https:\/\/puffvapestore.com\/sv\/wp-json\/wp\/v2\/product_brand?post=4469"},{"taxonomy":"product_cat","embeddable":true,"href":"https:\/\/puffvapestore.com\/sv\/wp-json\/wp\/v2\/product_cat?post=4469"},{"taxonomy":"product_tag","embeddable":true,"href":"https:\/\/puffvapestore.com\/sv\/wp-json\/wp\/v2\/product_tag?post=4469"}],"curies":[{"name":"wp","href":"https:\/\/api.w.org\/{rel}","templated":true}]}}