{"id":4398,"date":"2025-07-05T02:27:59","date_gmt":"2025-07-05T02:27:59","guid":{"rendered":"https:\/\/puffvapestore.com\/?post_type=product&#038;p=4398"},"modified":"2026-01-19T10:35:08","modified_gmt":"2026-01-19T10:35:08","slug":"fumot-randm-tornado-25000-miami-mint","status":"publish","type":"product","link":"https:\/\/puffvapestore.com\/sv\/product\/fumot-randm-tornado-25000-miami-mint\/","title":{"rendered":"RandM Tornado 25000 - Miami Mint"},"content":{"rendered":"<div data-elementor-type=\"wp-post\" data-elementor-id=\"4398\" class=\"elementor elementor-4398\">\n\t\t\t\t<div class=\"elementor-element elementor-element-08c26f9 e-flex e-con-boxed e-con e-parent\" data-id=\"08c26f9\" data-element_type=\"container\" data-e-type=\"container\">\n\t\t\t\t\t<div class=\"e-con-inner\">\n\t\t\t\t<div class=\"elementor-element elementor-element-a005a97 elementor-widget elementor-widget-text-editor\" data-id=\"a005a97\" data-element_type=\"widget\" data-e-type=\"widget\" data-widget_type=\"text-editor.default\">\n\t\t\t\t<div class=\"elementor-widget-container\">\n\t\t\t\t\t\t\t\t\t<p>Fumot RandM Tornado 25000 Mint Miami \u00e4r en elektronisk cigarett som domineras av f\u00e4rsk mint och kombinerar en uppfriskande mentolsmak med en antydan till s\u00f6tma f\u00f6r en uppfriskande och ren r\u00f6kupplevelse. Smaken beskrivs som \u00absom att vara p\u00e5 en sommarstrand i Miami\u00bb och kombinerar fr\u00e4sch mint och subtil s\u00f6tma f\u00f6r \u00e4lskare av elektroniska cigaretter som vill ha en uppfriskande smak.<\/p><h2>Smakens egenskaper och detaljer<\/h2><h3>F\u00e4rsk mynta<\/h3><p>Mint Miami har en intensiv mentolsmak som ger en frisk och uppfriskande smak. Vid inandning v\u00e4cker den friska andedr\u00e4kten av mint snabbt smakl\u00f6karna och ger en uppfriskande kittling som liknar den fr\u00e5n mintgodis eller minttuggummi. Denna fr\u00e4scha k\u00e4nsla dr\u00f6jer sig kvar i munnen och l\u00e4mnar en uppfriskande eftersmak, perfekt f\u00f6r att ge en svalkande k\u00e4nsla i varmt v\u00e4der.<\/p><h3>Subtil s\u00f6tma<\/h3><p>Denna smak inneh\u00e5ller en touch av s\u00f6tma p\u00e5 en bas av f\u00e4rsk mynta. Denna s\u00f6tma \u00e4r inte som en stark godisbit, utan snarare mjuk och subtil, liknande den l\u00e4tta s\u00f6tman hos f\u00e4rsk mynta. Det ger en touch av djup till den f\u00e4rska myntan och undviker monotonin hos en enkel mintsmak. Denna l\u00e4tta s\u00f6tma g\u00f6r Mint Miami mer l\u00e4mplig f\u00f6r l\u00e5ngvarig konsumtion och minskar tr\u00f6ttheten hos smakl\u00f6karna.<\/p>\t\t\t\t\t\t\t\t<\/div>\n\t\t\t\t<\/div>\n\t\t\t\t\t<\/div>\n\t\t\t\t<\/div>\n\t\t<div class=\"elementor-element elementor-element-718b380 e-flex e-con-boxed e-con e-parent\" data-id=\"718b380\" data-element_type=\"container\" data-e-type=\"container\">\n\t\t\t\t\t<div class=\"e-con-inner\">\n\t\t\t\t<div class=\"elementor-element elementor-element-d2cc8fa elementor-widget elementor-widget-text-editor\" data-id=\"d2cc8fa\" data-element_type=\"widget\" data-e-type=\"widget\" data-widget_type=\"text-editor.default\">\n\t\t\t\t<div class=\"elementor-widget-container\">\n\t\t\t\t\t\t\t\t\t<h2>Specifikationer f\u00f6r Fumot RandM Tornado 25000 :<\/h2><p>Antal puffar : Upp till 25.000, perfekt f\u00f6r storr\u00f6kare eller de som vill ha l\u00e5ngvarig anv\u00e4ndning utan frekventa byten.<\/p><p>Batteri: 700 mAh uppladdningsbart batteri med snabbladdning av typ C.<\/p><p>E-v\u00e4tska: F\u00f6rfylld med 20 ml e-juice, nikotinsaltkoncentration p\u00e5 2 % eller 5 %.<\/p><p>Resistorteknik: Dubbelmaskiga resistorer ger rik, j\u00e4mn smak och t\u00e4t \u00e5nga under hela sin livsl\u00e4ngd.<\/p><p>Display: Utrustad med en h\u00f6guppl\u00f6st TFT-peksk\u00e4rm som visar batteriniv\u00e5, \u00e5terst\u00e5ende e-v\u00e4tskeniv\u00e5 och effektinst\u00e4llningar i realtid.<\/p><p>Taktil kontroll: En innovativ taktil brytare g\u00f6r det enkelt att justera effekten (dubbelklicka f\u00f6r att aktivera, trippelklicka f\u00f6r att \u00e4ndra effekt, fyrdubbelklicka f\u00f6r att v\u00e4xla till spell\u00e4ge, enkelklicka f\u00f6r att b\u00f6rja spela).<\/p><p>Design: Kompakt och l\u00e4tt, enkel att b\u00e4ra, elegant och modern.<\/p><p>Justerbart luftfl\u00f6de: Anpassningsbart \u00e5ngfl\u00f6de f\u00f6r att passa dina r\u00f6kpreferenser.<\/p><h2>Funktioner och f\u00f6rdelar med Fumot RandM Tornado 25000 :<\/h2><p>L\u00e4tt att anv\u00e4nda: Inget underh\u00e5ll, p\u00e5fyllning eller byte av delar kr\u00e4vs; \u00f6ppna bara f\u00f6rpackningen och anv\u00e4nd den h\u00e4r elektroniska cigaretten.<\/p><p>Smak: Anv\u00e4ndarna uppskattar den rika, j\u00e4mna smaken och den kr\u00e4miga \u00e5ngan, som f\u00f6rst\u00e4rks av det dubbelmaskiga motst\u00e5ndet.<\/p><p>Autonomi: 700 mAh-batteriet, i kombination med snabbladdningsfunktionen, m\u00f6jligg\u00f6r upprepad laddning och anv\u00e4ndning, vilket undviker sl\u00f6seri med e-v\u00e4tska p\u00e5 grund av ett urladdat batteri.<\/p><p>B\u00e4rbarhet: Den l\u00e4tta och kompakta designen g\u00f6r den enkel att flytta runt.<\/p><p>Inbyggd minispelfunktion: St\u00f6djer sm\u00e5 spel, t.ex. minispel med klickfunktion, f\u00f6r en unik underh\u00e5llningsupplevelse som s\u00e4llan finns p\u00e5 andra elektroniska eng\u00e5ngscigaretter p\u00e5 marknaden.<\/p>\t\t\t\t\t\t\t\t<\/div>\n\t\t\t\t<\/div>\n\t\t\t\t\t<\/div>\n\t\t\t\t<\/div>\n\t\t\t\t<\/div>","protected":false},"excerpt":{"rendered":"<p>La Fumot RandM Tornado 25000 Menthe Miami est une cigarette \u00e9lectronique \u00e0 dominante menthe fra\u00eeche, alliant une saveur menthol\u00e9e rafra\u00eechissante \u00e0 une touche sucr\u00e9e pour une exp\u00e9rience de fumeur rafra\u00eechissante et pure. D\u00e9crit comme \u00ab\u00a0comme \u00eatre sur une plage d&rsquo;\u00e9t\u00e9 \u00e0 Miami\u00a0\u00bb, cet ar\u00f4me allie menthe fra\u00eeche et douceur subtile pour les amateurs de cigarettes [&hellip;]<\/p>\n","protected":false},"featured_media":4266,"comment_status":"open","ping_status":"closed","template":"","meta":{"site-sidebar-layout":"no-sidebar","site-content-layout":"page-builder","ast-site-content-layout":"normal-width-container","site-content-style":"default","site-sidebar-style":"default","ast-global-header-display":"","ast-banner-title-visibility":"","ast-main-header-display":"","ast-hfb-above-header-display":"","ast-hfb-below-header-display":"","ast-hfb-mobile-header-display":"","site-post-title":"disabled","ast-breadcrumbs-content":"","ast-featured-img":"disabled","footer-sml-layout":"","ast-disable-related-posts":"","theme-transparent-header-meta":"default","adv-header-id-meta":"","stick-header-meta":"default","header-above-stick-meta":"","header-main-stick-meta":"","header-below-stick-meta":"","astra-migrate-meta-layouts":"set","ast-page-background-enabled":"default","ast-page-background-meta":{"desktop":{"background-color":"","background-image":"","background-repeat":"repeat","background-position":"center center","background-size":"auto","background-attachment":"scroll","background-type":"","background-media":"","overlay-type":"","overlay-color":"","overlay-opacity":"","overlay-gradient":""},"tablet":{"background-color":"","background-image":"","background-repeat":"repeat","background-position":"center center","background-size":"auto","background-attachment":"scroll","background-type":"","background-media":"","overlay-type":"","overlay-color":"","overlay-opacity":"","overlay-gradient":""},"mobile":{"background-color":"","background-image":"","background-repeat":"repeat","background-position":"center center","background-size":"auto","background-attachment":"scroll","background-type":"","background-media":"","overlay-type":"","overlay-color":"","overlay-opacity":"","overlay-gradient":""}},"ast-content-background-meta":{"desktop":{"background-color":"var(--ast-global-color-5)","background-image":"","background-repeat":"repeat","background-position":"center center","background-size":"auto","background-attachment":"scroll","background-type":"","background-media":"","overlay-type":"","overlay-color":"","overlay-opacity":"","overlay-gradient":""},"tablet":{"background-color":"var(--ast-global-color-5)","background-image":"","background-repeat":"repeat","background-position":"center center","background-size":"auto","background-attachment":"scroll","background-type":"","background-media":"","overlay-type":"","overlay-color":"","overlay-opacity":"","overlay-gradient":""},"mobile":{"background-color":"var(--ast-global-color-5)","background-image":"","background-repeat":"repeat","background-position":"center center","background-size":"auto","background-attachment":"scroll","background-type":"","background-media":"","overlay-type":"","overlay-color":"","overlay-opacity":"","overlay-gradient":""}}},"product_brand":[42],"product_cat":[47,87,15],"product_tag":[],"class_list":{"0":"post-4398","1":"product","2":"type-product","3":"status-publish","4":"has-post-thumbnail","6":"product_brand-randm-tornado","7":"product_cat-randm-tornado-25000-allie-portabilite-et-personnalisation","8":"product_cat-puff-25k","9":"product_cat-magasin-cigarette-electronique","10":"desktop-align-center","11":"tablet-align-center","12":"mobile-align-center","13":"ast-product-gallery-layout-horizontal","14":"ast-product-single-variable","15":"ast-product-tabs-layout-horizontal","16":"ast-qv-on-image","18":"first","19":"instock","20":"sale","21":"shipping-taxable","22":"purchasable","23":"product-type-variable","24":"has-default-attributes"},"tiered_pricing_type":"fixed","tiered_pricing_fixed_rules":{"30":10.17,"60":9.22,"100":8.38,"200":8.08,"500":7.88,"1000":7.48},"tiered_pricing_product_settings":{"layout":"default","base_unit_name":{"singular":null,"plural":null},"default_variation":null},"tiered_pricing_minimum_quantity":null,"tiered_pricing_roles_data":[],"tiered_pricing_percentage_rules":[],"_links":{"self":[{"href":"https:\/\/puffvapestore.com\/sv\/wp-json\/wp\/v2\/product\/4398","targetHints":{"allow":["GET"]}}],"collection":[{"href":"https:\/\/puffvapestore.com\/sv\/wp-json\/wp\/v2\/product"}],"about":[{"href":"https:\/\/puffvapestore.com\/sv\/wp-json\/wp\/v2\/types\/product"}],"replies":[{"embeddable":true,"href":"https:\/\/puffvapestore.com\/sv\/wp-json\/wp\/v2\/comments?post=4398"}],"version-history":[{"count":11,"href":"https:\/\/puffvapestore.com\/sv\/wp-json\/wp\/v2\/product\/4398\/revisions"}],"predecessor-version":[{"id":10739,"href":"https:\/\/puffvapestore.com\/sv\/wp-json\/wp\/v2\/product\/4398\/revisions\/10739"}],"wp:featuredmedia":[{"embeddable":true,"href":"https:\/\/puffvapestore.com\/sv\/wp-json\/wp\/v2\/media\/4266"}],"wp:attachment":[{"href":"https:\/\/puffvapestore.com\/sv\/wp-json\/wp\/v2\/media?parent=4398"}],"wp:term":[{"taxonomy":"product_brand","embeddable":true,"href":"https:\/\/puffvapestore.com\/sv\/wp-json\/wp\/v2\/product_brand?post=4398"},{"taxonomy":"product_cat","embeddable":true,"href":"https:\/\/puffvapestore.com\/sv\/wp-json\/wp\/v2\/product_cat?post=4398"},{"taxonomy":"product_tag","embeddable":true,"href":"https:\/\/puffvapestore.com\/sv\/wp-json\/wp\/v2\/product_tag?post=4398"}],"curies":[{"name":"wp","href":"https:\/\/api.w.org\/{rel}","templated":true}]}}