{"id":4389,"date":"2025-07-04T11:15:25","date_gmt":"2025-07-04T11:15:25","guid":{"rendered":"https:\/\/puffvapestore.com\/?post_type=product&#038;p=4389"},"modified":"2026-01-19T10:35:08","modified_gmt":"2026-01-19T10:35:08","slug":"tornado-25000-puffs-lush-ice","status":"publish","type":"product","link":"https:\/\/puffvapestore.com\/sv\/product\/tornado-25000-puffar-frodig-is\/","title":{"rendered":"RandM Tornado 25000 - Lush Ice"},"content":{"rendered":"<div data-elementor-type=\"wp-post\" data-elementor-id=\"4389\" class=\"elementor elementor-4389\">\n\t\t\t\t<div class=\"elementor-element elementor-element-08c26f9 e-flex e-con-boxed e-con e-parent\" data-id=\"08c26f9\" data-element_type=\"container\" data-e-type=\"container\">\n\t\t\t\t\t<div class=\"e-con-inner\">\n\t\t\t\t<div class=\"elementor-element elementor-element-a005a97 elementor-widget elementor-widget-text-editor\" data-id=\"a005a97\" data-element_type=\"widget\" data-e-type=\"widget\" data-widget_type=\"text-editor.default\">\n\t\t\t\t<div class=\"elementor-widget-container\">\n\t\t\t\t\t\t\t\t\t<p>RandM Tornado 25000 Puffs Lush Ice elektroniska cigaretter kombinerar den saftiga s\u00f6tman av vattenmelon med en frisk mint eftersmak f\u00f6r en uppfriskande, uppfriskande och komplex r\u00f6kupplevelse. Dess s\u00f6ta, fr\u00e4scha balans, l\u00e5ngvariga smak och dubbelskiktsstyrka g\u00f6r den till det perfekta valet f\u00f6r frukt\u00e4lskare.<\/p><h2>Huvudsmak - Vattenmelon :<\/h2><p>Huvudaromen i Lush Ice \u00e4r mogen vattenmelon, med en rik, saftig k\u00e4nsla, som att bita i en f\u00e4rsk vattenmelon en varm sommardag. Vattenmelonen har en m\u00e5ttlig s\u00f6tma, inte f\u00f6r uttalad, och l\u00e4gger till en naturlig fruktig arom.<\/p><p>Frisk, fruktig smak: Watermelon flavour \u00e4r uppfriskande och icke-fet, med en l\u00e4tt smak och en antydan till naturlig fruktig syra som f\u00f6rh\u00f6jer helheten. Denna fruktiga smak \u00e4r s\u00e4rskilt uttalad vid inandning, fyller omedelbart munnen och ger en behaglig fruktig upplevelse.<\/p><h2>Fr\u00e4sch mintliknande eftersmak :<\/h2><p>Frisk eftersmak: Lush Ice bygger vidare p\u00e5 vattenmelonens s\u00f6tma och inneh\u00e5ller en ton av f\u00e4rsk mynta. Myntan \u00e4r inte \u00f6verv\u00e4ldigande, men precis r\u00e4tt m\u00e4ngd friskhet, vilket ger en uppfriskande \u00abisig bris\u00bb -effekt till den s\u00f6ta vattenmelonen.<\/p><p>Fr\u00e4sch finish: Mentol l\u00e4mnar en uppfriskande eftersmak, som en sommarbris, och ger en l\u00e5ngvarig k\u00e4nsla av svalka. Denna uppfriskande effekt \u00e4r s\u00e4rskilt l\u00e4mplig f\u00f6r anv\u00e4ndning under hela dagen, s\u00e4rskilt i varmt v\u00e4der. Det ger en lugnande upplevelse.<\/p><h2>Subtila variationer i smaken :<\/h2><ul><li>Inhalation: Vid intr\u00e4det dominerar s\u00f6tman och saftigheten hos vattenmelonen, med en l\u00e4tt touch av uppfriskande fruktig syra f\u00f6r att v\u00e4cka smakl\u00f6karna.<\/li><li>Utandning: Mentolen kommer gradvis fram och ger en frisk finish, samtidigt som vattenmelonens eftersmak beh\u00e5lls. Smaken \u00e4r fr\u00e4sch utan att f\u00f6rlora n\u00e5got djup.<\/li><li>Eftersmak: Den l\u00e4tta s\u00f6tman av vattenmelon och friskheten av mentol dr\u00f6jer sig kvar i gommen och erbjuder en o\u00e4ndlig intensitet, perfekt f\u00f6r kontinuerlig inandning.<\/li><\/ul>\t\t\t\t\t\t\t\t<\/div>\n\t\t\t\t<\/div>\n\t\t\t\t\t<\/div>\n\t\t\t\t<\/div>\n\t\t<div class=\"elementor-element elementor-element-718b380 e-flex e-con-boxed e-con e-parent\" data-id=\"718b380\" data-element_type=\"container\" data-e-type=\"container\">\n\t\t\t\t\t<div class=\"e-con-inner\">\n\t\t\t\t<div class=\"elementor-element elementor-element-d2cc8fa elementor-widget elementor-widget-text-editor\" data-id=\"d2cc8fa\" data-element_type=\"widget\" data-e-type=\"widget\" data-widget_type=\"text-editor.default\">\n\t\t\t\t<div class=\"elementor-widget-container\">\n\t\t\t\t\t\t\t\t\t<h2>Specifikationer f\u00f6r RandM Tornado 25000 :<\/h2><p>Antal puffar : Upp till 25.000, perfekt f\u00f6r storr\u00f6kare eller de som vill ha l\u00e5ngvarig anv\u00e4ndning utan frekventa byten.<\/p><p>Batteri: 700 mAh uppladdningsbart batteri med snabbladdning av typ C.<\/p><p>E-v\u00e4tska: F\u00f6rfylld med 20 ml e-juice, nikotinsaltkoncentration p\u00e5 2 % eller 5 %.<\/p><p>Resistorteknik: Dubbelmaskiga resistorer ger rik, j\u00e4mn smak och t\u00e4t \u00e5nga under hela sin livsl\u00e4ngd.<\/p><p>Display: Utrustad med en h\u00f6guppl\u00f6st TFT-peksk\u00e4rm som visar batteriniv\u00e5, \u00e5terst\u00e5ende e-v\u00e4tskeniv\u00e5 och effektinst\u00e4llningar i realtid.<\/p><p>Taktil kontroll: En innovativ taktil brytare g\u00f6r det enkelt att justera effekten (dubbelklicka f\u00f6r att aktivera, trippelklicka f\u00f6r att \u00e4ndra effekt, fyrdubbelklicka f\u00f6r att v\u00e4xla till spell\u00e4ge, enkelklicka f\u00f6r att b\u00f6rja spela).<\/p><p>Design: Kompakt och l\u00e4tt, enkel att b\u00e4ra, elegant och modern.<\/p><p>Justerbart luftfl\u00f6de: Anpassningsbart \u00e5ngfl\u00f6de f\u00f6r att passa dina r\u00f6kpreferenser.<\/p><h2>Funktioner och f\u00f6rdelar med RandM Tornado 25000 :<\/h2><p>L\u00e4tt att anv\u00e4nda: Inget underh\u00e5ll, p\u00e5fyllning eller byte av delar kr\u00e4vs; \u00f6ppna bara f\u00f6rpackningen och anv\u00e4nd den h\u00e4r elektroniska cigaretten.<\/p><p>Smak: Anv\u00e4ndarna uppskattar den rika, j\u00e4mna smaken och den kr\u00e4miga \u00e5ngan, som f\u00f6rst\u00e4rks av det dubbelmaskiga motst\u00e5ndet.<\/p><p>Autonomi: 700 mAh-batteriet, i kombination med snabbladdningsfunktionen, m\u00f6jligg\u00f6r upprepad laddning och anv\u00e4ndning, vilket undviker sl\u00f6seri med e-v\u00e4tska p\u00e5 grund av ett urladdat batteri.<\/p><p>B\u00e4rbarhet: Den l\u00e4tta och kompakta designen g\u00f6r den enkel att flytta runt.<\/p><p>Inbyggd minispelfunktion: St\u00f6djer sm\u00e5 spel, t.ex. minispel med klickfunktion, f\u00f6r en unik underh\u00e5llningsupplevelse som s\u00e4llan finns p\u00e5 andra elektroniska eng\u00e5ngscigaretter p\u00e5 marknaden.<\/p>\t\t\t\t\t\t\t\t<\/div>\n\t\t\t\t<\/div>\n\t\t\t\t\t<\/div>\n\t\t\t\t<\/div>\n\t\t\t\t<\/div>","protected":false},"excerpt":{"rendered":"<p>Les cigarettes \u00e9lectroniques RandM Tornado 25000\u200b Puffs\u200b Lush Ice associent la douceur juteuse de la past\u00e8que \u00e0 un arri\u00e8re-go\u00fbt de menthe fra\u00eeche, pour une exp\u00e9rience de fumage rafra\u00eechissante, vivifiante et complexe. Son \u00e9quilibre sucr\u00e9 et frais, sa saveur longue dur\u00e9e et sa r\u00e9sistance \u00e0 double couche en font le choix id\u00e9al pour les amateurs de [&hellip;]<\/p>\n","protected":false},"featured_media":4264,"comment_status":"open","ping_status":"closed","template":"","meta":{"site-sidebar-layout":"no-sidebar","site-content-layout":"page-builder","ast-site-content-layout":"normal-width-container","site-content-style":"default","site-sidebar-style":"default","ast-global-header-display":"","ast-banner-title-visibility":"","ast-main-header-display":"","ast-hfb-above-header-display":"","ast-hfb-below-header-display":"","ast-hfb-mobile-header-display":"","site-post-title":"disabled","ast-breadcrumbs-content":"","ast-featured-img":"disabled","footer-sml-layout":"","ast-disable-related-posts":"","theme-transparent-header-meta":"default","adv-header-id-meta":"","stick-header-meta":"default","header-above-stick-meta":"","header-main-stick-meta":"","header-below-stick-meta":"","astra-migrate-meta-layouts":"set","ast-page-background-enabled":"default","ast-page-background-meta":{"desktop":{"background-color":"","background-image":"","background-repeat":"repeat","background-position":"center center","background-size":"auto","background-attachment":"scroll","background-type":"","background-media":"","overlay-type":"","overlay-color":"","overlay-opacity":"","overlay-gradient":""},"tablet":{"background-color":"","background-image":"","background-repeat":"repeat","background-position":"center center","background-size":"auto","background-attachment":"scroll","background-type":"","background-media":"","overlay-type":"","overlay-color":"","overlay-opacity":"","overlay-gradient":""},"mobile":{"background-color":"","background-image":"","background-repeat":"repeat","background-position":"center center","background-size":"auto","background-attachment":"scroll","background-type":"","background-media":"","overlay-type":"","overlay-color":"","overlay-opacity":"","overlay-gradient":""}},"ast-content-background-meta":{"desktop":{"background-color":"var(--ast-global-color-5)","background-image":"","background-repeat":"repeat","background-position":"center center","background-size":"auto","background-attachment":"scroll","background-type":"","background-media":"","overlay-type":"","overlay-color":"","overlay-opacity":"","overlay-gradient":""},"tablet":{"background-color":"var(--ast-global-color-5)","background-image":"","background-repeat":"repeat","background-position":"center center","background-size":"auto","background-attachment":"scroll","background-type":"","background-media":"","overlay-type":"","overlay-color":"","overlay-opacity":"","overlay-gradient":""},"mobile":{"background-color":"var(--ast-global-color-5)","background-image":"","background-repeat":"repeat","background-position":"center center","background-size":"auto","background-attachment":"scroll","background-type":"","background-media":"","overlay-type":"","overlay-color":"","overlay-opacity":"","overlay-gradient":""}}},"product_brand":[42],"product_cat":[47,87,15],"product_tag":[],"class_list":{"0":"post-4389","1":"product","2":"type-product","3":"status-publish","4":"has-post-thumbnail","6":"product_brand-randm-tornado","7":"product_cat-randm-tornado-25000-allie-portabilite-et-personnalisation","8":"product_cat-puff-25k","9":"product_cat-magasin-cigarette-electronique","10":"desktop-align-center","11":"tablet-align-center","12":"mobile-align-center","13":"ast-product-gallery-layout-horizontal","14":"ast-product-gallery-with-no-image","15":"ast-product-single-variable","16":"ast-product-tabs-layout-horizontal","17":"ast-qv-on-image","19":"first","20":"instock","21":"sale","22":"shipping-taxable","23":"purchasable","24":"product-type-variable","25":"has-default-attributes"},"tiered_pricing_type":"fixed","tiered_pricing_fixed_rules":{"30":10.17,"60":9.22,"100":8.38,"200":8.08,"500":7.88,"1000":7.48},"tiered_pricing_product_settings":{"layout":"default","base_unit_name":{"singular":null,"plural":null},"default_variation":null},"tiered_pricing_minimum_quantity":null,"tiered_pricing_roles_data":[],"tiered_pricing_percentage_rules":[],"_links":{"self":[{"href":"https:\/\/puffvapestore.com\/sv\/wp-json\/wp\/v2\/product\/4389","targetHints":{"allow":["GET"]}}],"collection":[{"href":"https:\/\/puffvapestore.com\/sv\/wp-json\/wp\/v2\/product"}],"about":[{"href":"https:\/\/puffvapestore.com\/sv\/wp-json\/wp\/v2\/types\/product"}],"replies":[{"embeddable":true,"href":"https:\/\/puffvapestore.com\/sv\/wp-json\/wp\/v2\/comments?post=4389"}],"version-history":[{"count":7,"href":"https:\/\/puffvapestore.com\/sv\/wp-json\/wp\/v2\/product\/4389\/revisions"}],"predecessor-version":[{"id":10736,"href":"https:\/\/puffvapestore.com\/sv\/wp-json\/wp\/v2\/product\/4389\/revisions\/10736"}],"wp:featuredmedia":[{"embeddable":true,"href":"https:\/\/puffvapestore.com\/sv\/wp-json\/wp\/v2\/media\/4264"}],"wp:attachment":[{"href":"https:\/\/puffvapestore.com\/sv\/wp-json\/wp\/v2\/media?parent=4389"}],"wp:term":[{"taxonomy":"product_brand","embeddable":true,"href":"https:\/\/puffvapestore.com\/sv\/wp-json\/wp\/v2\/product_brand?post=4389"},{"taxonomy":"product_cat","embeddable":true,"href":"https:\/\/puffvapestore.com\/sv\/wp-json\/wp\/v2\/product_cat?post=4389"},{"taxonomy":"product_tag","embeddable":true,"href":"https:\/\/puffvapestore.com\/sv\/wp-json\/wp\/v2\/product_tag?post=4389"}],"curies":[{"name":"wp","href":"https:\/\/api.w.org\/{rel}","templated":true}]}}