{"id":4370,"date":"2025-07-04T06:50:46","date_gmt":"2025-07-04T06:50:46","guid":{"rendered":"https:\/\/puffvapestore.com\/?post_type=product&#038;p=4370"},"modified":"2026-01-19T10:35:08","modified_gmt":"2026-01-19T10:35:08","slug":"puff-tornado-25000-blueberry-raspberry","status":"publish","type":"product","link":"https:\/\/puffvapestore.com\/sv\/product\/puff-tornado-25000-blabar-hallon\/","title":{"rendered":"RandM Tornado 25000 - Bl\u00e5b\u00e4r Hallon"},"content":{"rendered":"<div data-elementor-type=\"wp-post\" data-elementor-id=\"4370\" class=\"elementor elementor-4370\">\n\t\t\t\t<div class=\"elementor-element elementor-element-08c26f9 e-flex e-con-boxed e-con e-parent\" data-id=\"08c26f9\" data-element_type=\"container\" data-e-type=\"container\">\n\t\t\t\t\t<div class=\"e-con-inner\">\n\t\t\t\t<div class=\"elementor-element elementor-element-a005a97 elementor-widget elementor-widget-text-editor\" data-id=\"a005a97\" data-element_type=\"widget\" data-e-type=\"widget\" data-widget_type=\"text-editor.default\">\n\t\t\t\t<div class=\"elementor-widget-container\">\n\t\t\t\t\t\t\t\t\t<p>Smaken av RandM Tornado 25000 Blueberry Raspberry \u00e4r komplex och balanserad och blandar den unika smaken av bl\u00e5b\u00e4r och hallon. Upplevelsen \u00e4r bitterljuv och rik p\u00e5 nyanser.<\/p><h2>Smakens egenskaper<\/h2><p><strong>S\u00f6tman i bl\u00e5b\u00e4r :<\/strong><br \/>Bl\u00e5b\u00e4rsaromen dominerar, smaken \u00e4r rund och fyllig, med naturliga fruktiga aromer och en antydan till sylt, en subtil s\u00f6t arom som p\u00e5minner om mogna bl\u00e5b\u00e4r. Bl\u00e5b\u00e4rssmaken \u00e4r len och tjock, med en silkeslen b\u00e4rarom.<\/p><p><strong>F\u00e4rska, syrliga hallon :<\/strong><br \/>Efter bl\u00e5b\u00e4rens s\u00f6tma framtr\u00e4der hallonsmaken gradvis, med en antydan till livlig syra och en frisk fruktig arom. De s\u00f6tsyrliga tonerna fr\u00e5n hallonen ger en fr\u00e4sch k\u00e4nsla, som om du njuter av nyplockade hallon.<\/p><h3>En harmonisk upplevelse med balans mellan s\u00f6tt och surt:<\/h3><ul><li>Smak: Smaken av Blueberry Raspberry beskrivs som en \u00abfruktig harmoni\u00bb, d\u00e4r s\u00f6tman fr\u00e5n bl\u00e5b\u00e4ren kompletterar syran fr\u00e5n hallonen f\u00f6r att skapa en mjuk och uppfriskande smakupplevelse.<\/li><li>Element: Vid inandning dominerar bl\u00e5b\u00e4rens s\u00f6tma, vilket ger s\u00f6tma; sedan kommer hallonens syra gradvis fram, vilket ger vitalitet; vid utandning sm\u00e4lter smakerna fr\u00e5n de tv\u00e5 frukterna samman och l\u00e4mnar en uppfriskande eftersmak.<\/li><li>Detaljer: Balansen i denna smak m\u00f6jligg\u00f6r daglig konsumtion och tillfredsst\u00e4ller s\u00f6tsug utan att vara illam\u00e5ende. Samspelet mellan s\u00f6tma och syra g\u00f6r varje r\u00f6kpuff full av friskhet.<\/li><\/ul>\t\t\t\t\t\t\t\t<\/div>\n\t\t\t\t<\/div>\n\t\t\t\t\t<\/div>\n\t\t\t\t<\/div>\n\t\t<div class=\"elementor-element elementor-element-718b380 e-flex e-con-boxed e-con e-parent\" data-id=\"718b380\" data-element_type=\"container\" data-e-type=\"container\">\n\t\t\t\t\t<div class=\"e-con-inner\">\n\t\t\t\t<div class=\"elementor-element elementor-element-d2cc8fa elementor-widget elementor-widget-text-editor\" data-id=\"d2cc8fa\" data-element_type=\"widget\" data-e-type=\"widget\" data-widget_type=\"text-editor.default\">\n\t\t\t\t<div class=\"elementor-widget-container\">\n\t\t\t\t\t\t\t\t\t<h2>Specifikationer f\u00f6r RandM Tornado 25K Blueberry Raspberry:<\/h2><p>Antal puffar : Upp till 25.000, perfekt f\u00f6r storr\u00f6kare eller de som vill ha l\u00e5ngvarig anv\u00e4ndning utan frekventa byten.<\/p><p>Batteri: 700 mAh uppladdningsbart batteri med snabbladdning av typ C.<\/p><p>E-v\u00e4tska: F\u00f6rfylld med 20 ml e-juice, nikotinsaltkoncentration p\u00e5 2 % eller 5 %.<\/p><p>Resistorteknik: Dubbelmaskiga resistorer ger rik, j\u00e4mn smak och t\u00e4t \u00e5nga under hela sin livsl\u00e4ngd.<\/p><p>Display: Utrustad med en h\u00f6guppl\u00f6st TFT-peksk\u00e4rm som visar batteriniv\u00e5, \u00e5terst\u00e5ende e-v\u00e4tskeniv\u00e5 och effektinst\u00e4llningar i realtid.<\/p><p>Taktil kontroll: En innovativ taktil brytare g\u00f6r det enkelt att justera effekten (dubbelklicka f\u00f6r att aktivera, trippelklicka f\u00f6r att \u00e4ndra effekt, fyrdubbelklicka f\u00f6r att v\u00e4xla till spell\u00e4ge, enkelklicka f\u00f6r att b\u00f6rja spela).<\/p><p>Design: Kompakt och l\u00e4tt, enkel att b\u00e4ra, elegant och modern.<\/p><p>Justerbart luftfl\u00f6de: Anpassningsbart \u00e5ngfl\u00f6de f\u00f6r att passa dina r\u00f6kpreferenser.<\/p><h2>Funktioner och f\u00f6rdelar med RandM Tornado 25000 :<\/h2><p>L\u00e4tt att anv\u00e4nda: Inget underh\u00e5ll, p\u00e5fyllning eller byte av delar kr\u00e4vs; \u00f6ppna bara f\u00f6rpackningen och anv\u00e4nd den h\u00e4r elektroniska cigaretten.<\/p><p>Smak: Anv\u00e4ndarna uppskattar den rika, j\u00e4mna smaken och den kr\u00e4miga \u00e5ngan, som f\u00f6rst\u00e4rks av det dubbelmaskiga motst\u00e5ndet.<\/p><p>Autonomi: 700 mAh-batteriet, i kombination med snabbladdningsfunktionen, m\u00f6jligg\u00f6r upprepad laddning och anv\u00e4ndning, vilket undviker sl\u00f6seri med e-v\u00e4tska p\u00e5 grund av ett urladdat batteri.<\/p><p>B\u00e4rbarhet: Den l\u00e4tta och kompakta designen g\u00f6r den enkel att flytta runt.<\/p><p>Inbyggd minispelfunktion: St\u00f6djer sm\u00e5 spel, t.ex. minispel med klickfunktion, f\u00f6r en unik underh\u00e5llningsupplevelse som s\u00e4llan finns p\u00e5 andra elektroniska eng\u00e5ngscigaretter p\u00e5 marknaden.<\/p>\t\t\t\t\t\t\t\t<\/div>\n\t\t\t\t<\/div>\n\t\t\t\t\t<\/div>\n\t\t\t\t<\/div>\n\t\t\t\t<\/div>","protected":false},"excerpt":{"rendered":"<p>Le go\u00fbt de la RandM Tornado 25000 Myrtille Framboise est complexe et \u00e9quilibr\u00e9, m\u00ealant l&rsquo;ar\u00f4me unique des myrtilles et des framboises. L&rsquo;exp\u00e9rience est aigre-douce, riche en nuances. Caract\u00e9ristiques gustatives La douceur des myrtilles\u00a0: L&rsquo;ar\u00f4me des myrtilles domine, le go\u00fbt est rond et ample, avec des ar\u00f4mes fruit\u00e9s naturels et une touche de confiture, un subtil [&hellip;]<\/p>\n","protected":false},"featured_media":4244,"comment_status":"open","ping_status":"closed","template":"","meta":{"site-sidebar-layout":"no-sidebar","site-content-layout":"page-builder","ast-site-content-layout":"normal-width-container","site-content-style":"default","site-sidebar-style":"default","ast-global-header-display":"","ast-banner-title-visibility":"","ast-main-header-display":"","ast-hfb-above-header-display":"","ast-hfb-below-header-display":"","ast-hfb-mobile-header-display":"","site-post-title":"disabled","ast-breadcrumbs-content":"","ast-featured-img":"disabled","footer-sml-layout":"","ast-disable-related-posts":"","theme-transparent-header-meta":"default","adv-header-id-meta":"","stick-header-meta":"default","header-above-stick-meta":"","header-main-stick-meta":"","header-below-stick-meta":"","astra-migrate-meta-layouts":"set","ast-page-background-enabled":"default","ast-page-background-meta":{"desktop":{"background-color":"","background-image":"","background-repeat":"repeat","background-position":"center center","background-size":"auto","background-attachment":"scroll","background-type":"","background-media":"","overlay-type":"","overlay-color":"","overlay-opacity":"","overlay-gradient":""},"tablet":{"background-color":"","background-image":"","background-repeat":"repeat","background-position":"center center","background-size":"auto","background-attachment":"scroll","background-type":"","background-media":"","overlay-type":"","overlay-color":"","overlay-opacity":"","overlay-gradient":""},"mobile":{"background-color":"","background-image":"","background-repeat":"repeat","background-position":"center center","background-size":"auto","background-attachment":"scroll","background-type":"","background-media":"","overlay-type":"","overlay-color":"","overlay-opacity":"","overlay-gradient":""}},"ast-content-background-meta":{"desktop":{"background-color":"var(--ast-global-color-5)","background-image":"","background-repeat":"repeat","background-position":"center center","background-size":"auto","background-attachment":"scroll","background-type":"","background-media":"","overlay-type":"","overlay-color":"","overlay-opacity":"","overlay-gradient":""},"tablet":{"background-color":"var(--ast-global-color-5)","background-image":"","background-repeat":"repeat","background-position":"center center","background-size":"auto","background-attachment":"scroll","background-type":"","background-media":"","overlay-type":"","overlay-color":"","overlay-opacity":"","overlay-gradient":""},"mobile":{"background-color":"var(--ast-global-color-5)","background-image":"","background-repeat":"repeat","background-position":"center center","background-size":"auto","background-attachment":"scroll","background-type":"","background-media":"","overlay-type":"","overlay-color":"","overlay-opacity":"","overlay-gradient":""}}},"product_brand":[42],"product_cat":[47,87,15],"product_tag":[],"class_list":{"0":"post-4370","1":"product","2":"type-product","3":"status-publish","4":"has-post-thumbnail","6":"product_brand-randm-tornado","7":"product_cat-randm-tornado-25000-allie-portabilite-et-personnalisation","8":"product_cat-puff-25k","9":"product_cat-magasin-cigarette-electronique","10":"desktop-align-center","11":"tablet-align-center","12":"mobile-align-center","13":"ast-product-gallery-layout-horizontal","14":"ast-product-single-variable","15":"ast-product-tabs-layout-horizontal","16":"ast-qv-on-image","18":"first","19":"instock","20":"sale","21":"shipping-taxable","22":"purchasable","23":"product-type-variable","24":"has-default-attributes"},"tiered_pricing_type":"fixed","tiered_pricing_fixed_rules":{"30":10.17,"60":9.22,"100":8.38,"200":8.08,"500":7.88,"1000":7.48},"tiered_pricing_product_settings":{"layout":"default","base_unit_name":{"singular":null,"plural":null},"default_variation":null},"tiered_pricing_minimum_quantity":null,"tiered_pricing_roles_data":[],"tiered_pricing_percentage_rules":[],"_links":{"self":[{"href":"https:\/\/puffvapestore.com\/sv\/wp-json\/wp\/v2\/product\/4370","targetHints":{"allow":["GET"]}}],"collection":[{"href":"https:\/\/puffvapestore.com\/sv\/wp-json\/wp\/v2\/product"}],"about":[{"href":"https:\/\/puffvapestore.com\/sv\/wp-json\/wp\/v2\/types\/product"}],"replies":[{"embeddable":true,"href":"https:\/\/puffvapestore.com\/sv\/wp-json\/wp\/v2\/comments?post=4370"}],"version-history":[{"count":7,"href":"https:\/\/puffvapestore.com\/sv\/wp-json\/wp\/v2\/product\/4370\/revisions"}],"predecessor-version":[{"id":10737,"href":"https:\/\/puffvapestore.com\/sv\/wp-json\/wp\/v2\/product\/4370\/revisions\/10737"}],"wp:featuredmedia":[{"embeddable":true,"href":"https:\/\/puffvapestore.com\/sv\/wp-json\/wp\/v2\/media\/4244"}],"wp:attachment":[{"href":"https:\/\/puffvapestore.com\/sv\/wp-json\/wp\/v2\/media?parent=4370"}],"wp:term":[{"taxonomy":"product_brand","embeddable":true,"href":"https:\/\/puffvapestore.com\/sv\/wp-json\/wp\/v2\/product_brand?post=4370"},{"taxonomy":"product_cat","embeddable":true,"href":"https:\/\/puffvapestore.com\/sv\/wp-json\/wp\/v2\/product_cat?post=4370"},{"taxonomy":"product_tag","embeddable":true,"href":"https:\/\/puffvapestore.com\/sv\/wp-json\/wp\/v2\/product_tag?post=4370"}],"curies":[{"name":"wp","href":"https:\/\/api.w.org\/{rel}","templated":true}]}}