{"id":4361,"date":"2025-07-05T11:42:09","date_gmt":"2025-07-05T11:42:09","guid":{"rendered":"https:\/\/puffvapestore.com\/?post_type=product&#038;p=4361"},"modified":"2026-01-19T10:35:08","modified_gmt":"2026-01-19T10:35:08","slug":"puff-randm-tornado-25000-cherry-cola","status":"publish","type":"product","link":"https:\/\/puffvapestore.com\/sv\/product\/puff-randm-tornado-25000-korsbar-cola\/","title":{"rendered":"RandM Tornado 25000 - Cherry Cola"},"content":{"rendered":"<div data-elementor-type=\"wp-post\" data-elementor-id=\"4361\" class=\"elementor elementor-4361\">\n\t\t\t\t<div class=\"elementor-element elementor-element-08c26f9 e-flex e-con-boxed e-con e-parent\" data-id=\"08c26f9\" data-element_type=\"container\" data-e-type=\"container\">\n\t\t\t\t\t<div class=\"e-con-inner\">\n\t\t\t\t<div class=\"elementor-element elementor-element-a005a97 elementor-widget elementor-widget-text-editor\" data-id=\"a005a97\" data-element_type=\"widget\" data-e-type=\"widget\" data-widget_type=\"text-editor.default\">\n\t\t\t\t<div class=\"elementor-widget-container\">\n\t\t\t\t\t\t\t\t\t<p>Denna Cherry Cola-smak \u00e4r perfekt f\u00f6r vapers som gillar en fruktig, uppfriskande kombination, s\u00e4rskilt i varmt v\u00e4der eller n\u00e4r du kopplar av. Den framkallar nostalgi av klassisk Cherry Cola, samtidigt som den erbjuder en helt ny vapingupplevelse. Oavsett om det \u00e4r f\u00f6r daglig anv\u00e4ndning eller p\u00e5 spr\u00e5ng, g\u00f6r dess b\u00e4rbarhet och l\u00e5ngvariga \u00e5ngkapacitet (25 000 puffar) den till ett p\u00e5litligt val.<\/p><h3>Toppnot: s\u00f6ta k\u00f6rsb\u00e4r<\/h3><p>S\u00e5 snart du andas in \u00e4r den f\u00f6rsta k\u00e4nslan den rika k\u00f6rsb\u00e4rsaromen. Denna k\u00f6rsb\u00e4rsarom \u00e4r inte en konstgjord s\u00f6t, utan en s\u00f6t kombination av f\u00e4rsk frukt och kanderad k\u00f6rsb\u00e4r, med en subtil tangy fruktig ton som f\u00f6rst\u00e4rker intrycket av realism och komplexitet.<\/p><h3>Hj\u00e4rtnot: intensiv colasmak<\/h3><p>Den fruktiga k\u00f6rsb\u00e4rsaromen blandas naturligt med den typiska colasmaken. Denna colasmak ger en k\u00e4nsla av bubblor, som om du upplevde visslingen av kolsyrade drycker vid inandning. Utan att vara f\u00f6r stark l\u00e4mnar den utrymme f\u00f6r k\u00f6rsb\u00e4ret och bibeh\u00e5ller den \u00f6vergripande balansen.<\/p><h3>Basnot: friskhet i gommen och avslutningen<\/h3><p>Utandningen av r\u00f6ken ger en l\u00e4tt minty friskhet. Denna friskhet \u00e4r inte h\u00e5rd, men lyser upp den \u00f6vergripande smaken, vilket g\u00f6r finishen mer uppfriskande och ren. Det balanserar s\u00f6tman i topp- och mellannoterna och undviker en oljig munk\u00e4nsla.<\/p><h3>Helhetsintryck<\/h3><ul><li>Smak: s\u00f6t och syrlig, fyllig utan att vara fet, uppfriskande avslutning<\/li><li>S\u00f6tma: medelh\u00f6g (tendens till fruktig s\u00f6tma snarare \u00e4n enkel socker)<\/li><li>Verklighet: h\u00f6g, smak\u00e5tergivningen \u00e4r utm\u00e4rkt, som om du dricker en iskall k\u00f6rsb\u00e4rscola.<\/li><\/ul>\t\t\t\t\t\t\t\t<\/div>\n\t\t\t\t<\/div>\n\t\t\t\t\t<\/div>\n\t\t\t\t<\/div>\n\t\t<div class=\"elementor-element elementor-element-718b380 e-flex e-con-boxed e-con e-parent\" data-id=\"718b380\" data-element_type=\"container\" data-e-type=\"container\">\n\t\t\t\t\t<div class=\"e-con-inner\">\n\t\t\t\t<div class=\"elementor-element elementor-element-d2cc8fa elementor-widget elementor-widget-text-editor\" data-id=\"d2cc8fa\" data-element_type=\"widget\" data-e-type=\"widget\" data-widget_type=\"text-editor.default\">\n\t\t\t\t<div class=\"elementor-widget-container\">\n\t\t\t\t\t\t\t\t\t<h2>Specifikationer f\u00f6r RandM Tornado 25000 :<\/h2><p>Antal puffar : Upp till 25.000, perfekt f\u00f6r storr\u00f6kare eller de som vill ha l\u00e5ngvarig anv\u00e4ndning utan frekventa byten.<\/p><p>Batteri: 700 mAh uppladdningsbart batteri med snabbladdning av typ C.<\/p><p>E-v\u00e4tska: F\u00f6rfylld med 20 ml e-juice, nikotinsaltkoncentration p\u00e5 2 % eller 5 %.<\/p><p>Resistorteknik: Dubbelmaskiga resistorer ger rik, j\u00e4mn smak och t\u00e4t \u00e5nga under hela sin livsl\u00e4ngd.<\/p><p>Display: Utrustad med en h\u00f6guppl\u00f6st TFT-peksk\u00e4rm som visar batteriniv\u00e5, \u00e5terst\u00e5ende e-v\u00e4tskeniv\u00e5 och effektinst\u00e4llningar i realtid.<\/p><p>Taktil kontroll: En innovativ taktil brytare g\u00f6r det enkelt att justera effekten (dubbelklicka f\u00f6r att aktivera, trippelklicka f\u00f6r att \u00e4ndra effekt, fyrdubbelklicka f\u00f6r att v\u00e4xla till spell\u00e4ge, enkelklicka f\u00f6r att b\u00f6rja spela).<\/p><p>Design: Kompakt och l\u00e4tt, enkel att b\u00e4ra, elegant och modern.<\/p><p>Justerbart luftfl\u00f6de: Anpassningsbart \u00e5ngfl\u00f6de f\u00f6r att passa dina r\u00f6kpreferenser.<\/p><h2>Funktioner och f\u00f6rdelar med RandM Tornado 25000 :<\/h2><p>L\u00e4tt att anv\u00e4nda: Inget underh\u00e5ll, p\u00e5fyllning eller byte av delar kr\u00e4vs; \u00f6ppna bara f\u00f6rpackningen och anv\u00e4nd den h\u00e4r elektroniska cigaretten.<\/p><p>Smak: Anv\u00e4ndarna uppskattar den rika, j\u00e4mna smaken och den kr\u00e4miga \u00e5ngan, som f\u00f6rst\u00e4rks av det dubbelmaskiga motst\u00e5ndet.<\/p><p>Autonomi: 700 mAh-batteriet, i kombination med snabbladdningsfunktionen, m\u00f6jligg\u00f6r upprepad laddning och anv\u00e4ndning, vilket undviker sl\u00f6seri med e-v\u00e4tska p\u00e5 grund av ett urladdat batteri.<\/p><p>B\u00e4rbarhet: Den l\u00e4tta och kompakta designen g\u00f6r den enkel att flytta runt.<\/p><p>Inbyggd minispelfunktion: St\u00f6djer sm\u00e5 spel, t.ex. minispel med klickfunktion, f\u00f6r en unik underh\u00e5llningsupplevelse som s\u00e4llan finns p\u00e5 andra elektroniska eng\u00e5ngscigaretter p\u00e5 marknaden.<\/p>\t\t\t\t\t\t\t\t<\/div>\n\t\t\t\t<\/div>\n\t\t\t\t\t<\/div>\n\t\t\t\t<\/div>\n\t\t\t\t<\/div>","protected":false},"excerpt":{"rendered":"<p>Cet ar\u00f4me Cherry Cola est id\u00e9al pour les vapoteurs qui appr\u00e9cient une combinaison fruit\u00e9e et rafra\u00eechissante, notamment par temps chaud ou pour les moments de d\u00e9tente. Il \u00e9voque la nostalgie du Cherry Cola classique tout en offrant une exp\u00e9rience de vapotage in\u00e9dite. Que ce soit pour une utilisation quotidienne ou \u00e0 emporter, sa portabilit\u00e9 et [&hellip;]<\/p>\n","protected":false},"featured_media":4248,"comment_status":"open","ping_status":"closed","template":"","meta":{"site-sidebar-layout":"no-sidebar","site-content-layout":"page-builder","ast-site-content-layout":"normal-width-container","site-content-style":"default","site-sidebar-style":"default","ast-global-header-display":"","ast-banner-title-visibility":"","ast-main-header-display":"","ast-hfb-above-header-display":"","ast-hfb-below-header-display":"","ast-hfb-mobile-header-display":"","site-post-title":"disabled","ast-breadcrumbs-content":"","ast-featured-img":"disabled","footer-sml-layout":"","ast-disable-related-posts":"","theme-transparent-header-meta":"default","adv-header-id-meta":"","stick-header-meta":"default","header-above-stick-meta":"","header-main-stick-meta":"","header-below-stick-meta":"","astra-migrate-meta-layouts":"set","ast-page-background-enabled":"default","ast-page-background-meta":{"desktop":{"background-color":"","background-image":"","background-repeat":"repeat","background-position":"center center","background-size":"auto","background-attachment":"scroll","background-type":"","background-media":"","overlay-type":"","overlay-color":"","overlay-opacity":"","overlay-gradient":""},"tablet":{"background-color":"","background-image":"","background-repeat":"repeat","background-position":"center center","background-size":"auto","background-attachment":"scroll","background-type":"","background-media":"","overlay-type":"","overlay-color":"","overlay-opacity":"","overlay-gradient":""},"mobile":{"background-color":"","background-image":"","background-repeat":"repeat","background-position":"center center","background-size":"auto","background-attachment":"scroll","background-type":"","background-media":"","overlay-type":"","overlay-color":"","overlay-opacity":"","overlay-gradient":""}},"ast-content-background-meta":{"desktop":{"background-color":"var(--ast-global-color-5)","background-image":"","background-repeat":"repeat","background-position":"center center","background-size":"auto","background-attachment":"scroll","background-type":"","background-media":"","overlay-type":"","overlay-color":"","overlay-opacity":"","overlay-gradient":""},"tablet":{"background-color":"var(--ast-global-color-5)","background-image":"","background-repeat":"repeat","background-position":"center center","background-size":"auto","background-attachment":"scroll","background-type":"","background-media":"","overlay-type":"","overlay-color":"","overlay-opacity":"","overlay-gradient":""},"mobile":{"background-color":"var(--ast-global-color-5)","background-image":"","background-repeat":"repeat","background-position":"center center","background-size":"auto","background-attachment":"scroll","background-type":"","background-media":"","overlay-type":"","overlay-color":"","overlay-opacity":"","overlay-gradient":""}}},"product_brand":[42],"product_cat":[47,87,15],"product_tag":[],"class_list":{"0":"post-4361","1":"product","2":"type-product","3":"status-publish","4":"has-post-thumbnail","6":"product_brand-randm-tornado","7":"product_cat-randm-tornado-25000-allie-portabilite-et-personnalisation","8":"product_cat-puff-25k","9":"product_cat-magasin-cigarette-electronique","10":"desktop-align-center","11":"tablet-align-center","12":"mobile-align-center","13":"ast-product-gallery-layout-horizontal","14":"ast-product-single-variable","15":"ast-product-tabs-layout-horizontal","16":"ast-qv-on-image","18":"first","19":"instock","20":"sale","21":"shipping-taxable","22":"purchasable","23":"product-type-variable","24":"has-default-attributes"},"tiered_pricing_type":"fixed","tiered_pricing_fixed_rules":{"30":10.17,"60":9.22,"100":8.38,"200":8.08,"500":7.88,"1000":7.48},"tiered_pricing_product_settings":{"layout":"default","base_unit_name":{"singular":null,"plural":null},"default_variation":null},"tiered_pricing_minimum_quantity":null,"tiered_pricing_roles_data":[],"tiered_pricing_percentage_rules":[],"_links":{"self":[{"href":"https:\/\/puffvapestore.com\/sv\/wp-json\/wp\/v2\/product\/4361","targetHints":{"allow":["GET"]}}],"collection":[{"href":"https:\/\/puffvapestore.com\/sv\/wp-json\/wp\/v2\/product"}],"about":[{"href":"https:\/\/puffvapestore.com\/sv\/wp-json\/wp\/v2\/types\/product"}],"replies":[{"embeddable":true,"href":"https:\/\/puffvapestore.com\/sv\/wp-json\/wp\/v2\/comments?post=4361"}],"version-history":[{"count":7,"href":"https:\/\/puffvapestore.com\/sv\/wp-json\/wp\/v2\/product\/4361\/revisions"}],"predecessor-version":[{"id":4753,"href":"https:\/\/puffvapestore.com\/sv\/wp-json\/wp\/v2\/product\/4361\/revisions\/4753"}],"wp:featuredmedia":[{"embeddable":true,"href":"https:\/\/puffvapestore.com\/sv\/wp-json\/wp\/v2\/media\/4248"}],"wp:attachment":[{"href":"https:\/\/puffvapestore.com\/sv\/wp-json\/wp\/v2\/media?parent=4361"}],"wp:term":[{"taxonomy":"product_brand","embeddable":true,"href":"https:\/\/puffvapestore.com\/sv\/wp-json\/wp\/v2\/product_brand?post=4361"},{"taxonomy":"product_cat","embeddable":true,"href":"https:\/\/puffvapestore.com\/sv\/wp-json\/wp\/v2\/product_cat?post=4361"},{"taxonomy":"product_tag","embeddable":true,"href":"https:\/\/puffvapestore.com\/sv\/wp-json\/wp\/v2\/product_tag?post=4361"}],"curies":[{"name":"wp","href":"https:\/\/api.w.org\/{rel}","templated":true}]}}