{"id":4220,"date":"2025-07-03T06:12:34","date_gmt":"2025-07-03T06:12:34","guid":{"rendered":"https:\/\/puffvapestore.com\/?post_type=product&#038;p=4220"},"modified":"2026-01-19T10:36:52","modified_gmt":"2026-01-19T10:36:52","slug":"puff-fumot-20000-lychee-hami-melon","status":"publish","type":"product","link":"https:\/\/puffvapestore.com\/sv\/product\/puff-fumot-20000-litchi-hami-melon\/","title":{"rendered":"RandM Tornado 20000 - Lychee Hami Melon"},"content":{"rendered":"<div data-elementor-type=\"wp-post\" data-elementor-id=\"4220\" class=\"elementor elementor-4220\">\n\t\t\t\t<div class=\"elementor-element elementor-element-08c26f9 e-flex e-con-boxed e-con e-parent\" data-id=\"08c26f9\" data-element_type=\"container\" data-e-type=\"container\">\n\t\t\t\t\t<div class=\"e-con-inner\">\n\t\t\t\t<div class=\"elementor-element elementor-element-a005a97 elementor-widget elementor-widget-text-editor\" data-id=\"a005a97\" data-element_type=\"widget\" data-e-type=\"widget\" data-widget_type=\"text-editor.default\">\n\t\t\t\t<div class=\"elementor-widget-container\">\n\t\t\t\t\t\t\t\t\t<p>Melon Litchi Hami flavour of RandM Tornado 20000 \u00e4r en unik elektronisk cigarett som kombinerar den blommiga, s\u00f6ta doften av litchi med friskheten och saftigheten hos cantaloupe, vilket ger anv\u00e4ndarna en rik och njutbar r\u00f6kupplevelse.<\/p><ul><li><strong>S\u00f6t, blommig doft av litchi:<\/strong><br \/>Smaken av litchi \u00e4r k\u00e4rnan i denna smak och ger en s\u00f6t, icke-fet blommig smak. Vid inandning n\u00e5r litchiaromen f\u00f6rst n\u00e4san, med en l\u00e4tt s\u00f6tsur smak, liknande den fr\u00e5n f\u00e4rskt litchifruktk\u00f6tt. Den blommiga noten \u00e4r b\u00e5de elegant och rik och ger en lyxig k\u00e4nsla av tropisk frukt.<\/li><li><strong>F\u00e4rsk, saftig cantaloupe :<\/strong><br \/>Cantaloupesmaken ger en uppfriskande dimension till helheten, som k\u00e4nnetecknas av sin saftighet och subtila honungss\u00f6tma. Cantaloupearomen avsl\u00f6jar sig gradvis p\u00e5 utandningen och ger en livlig smak som liknar den hos mogen frukt, som om du smakar en nyskuren cantaloup.<\/li><li><strong>Eftersmak och uth\u00e5llighet :<\/strong><br \/>Eftersmaken efter inandning \u00e4r frisk, med en l\u00e4tt blommig arom av litchi och den o\u00e4ndliga s\u00f6tman av cantaloupe. Eftersmaken \u00e4r inte f\u00f6r uttalad, vilket m\u00f6jligg\u00f6r l\u00e5ngvarig inandning utan smakutmattning.<\/li><\/ul>\t\t\t\t\t\t\t\t<\/div>\n\t\t\t\t<\/div>\n\t\t\t\t\t<\/div>\n\t\t\t\t<\/div>\n\t\t<div class=\"elementor-element elementor-element-718b380 e-flex e-con-boxed e-con e-parent\" data-id=\"718b380\" data-element_type=\"container\" data-e-type=\"container\">\n\t\t\t\t\t<div class=\"e-con-inner\">\n\t\t\t\t<div class=\"elementor-element elementor-element-d2cc8fa elementor-widget elementor-widget-text-editor\" data-id=\"d2cc8fa\" data-element_type=\"widget\" data-e-type=\"widget\" data-widget_type=\"text-editor.default\">\n\t\t\t\t<div class=\"elementor-widget-container\">\n\t\t\t\t\t\t\t\t\t<p><strong>\u00d6verl\u00e4gsen r\u00f6kf\u00f6rm\u00e5ga<\/strong><br \/>RandM Tornado 20000 Lychee Hami Melon omdefinierar den elektroniska eng\u00e5ngscigaretten med en exceptionell kapacitet p\u00e5 upp till 20 000 puffar. Den \u00e4r utformad f\u00f6r att h\u00e5lla l\u00e4ngre \u00e4n konventionella elektroniska eng\u00e5ngscigaretter och \u00e4r idealisk f\u00f6r storkonsumenter, frekventa resen\u00e4rer och alla som s\u00f6ker en p\u00e5litlig, l\u00e5ngvarig l\u00f6sning f\u00f6r elektroniska cigaretter utan att beh\u00f6va byta ut dem ofta.<\/p><p><strong>Kraftfullt uppladdningsbart batteri<\/strong><br \/>Tornado 20000 \u00e4r utrustad med ett kraftfullt 850 mAh uppladdningsbart litiumbatteri f\u00f6r l\u00e5ngvarig anv\u00e4ndning, \u00e4ven under tung belastning. Dess kompatibilitet med USB-C snabbladdning inneb\u00e4r att den kan laddas snabbt, effektivt och stabilt, vilket maximerar dess e-v\u00e4tskekapacitet och minimerar driftstopp.<\/p><p><strong>Stor 20 ml e-v\u00e4tskereserv<\/strong><br \/>F\u00f6rfylld med 20 ml premium e-v\u00e4tska, tillg\u00e4nglig i nikotinkoncentrationer p\u00e5 2 % (20 mg) och 5 % (50 mg) f\u00f6r att tillgodose alla anv\u00e4ndares behov. Denna e-v\u00e4tska \u00e4r tillverkad av livsmedelsgodk\u00e4nda r\u00e5varor som uppfyller internationella s\u00e4kerhetsstandarder och \u00e4r rik p\u00e5 smak, vilket avsev\u00e4rt \u00f6kar njutningen och tillfredsst\u00e4llelsen vid inandning.<\/p><p><strong>Uppv\u00e4rmning med dubbla n\u00e4t + justerbart sugsystem<\/strong><br \/>Med dual-mesh resistorteknik f\u00f6rb\u00e4ttrar den dramatiskt v\u00e4rmej\u00e4mnheten och atomiseringseffektiviteten, vilket ger en t\u00e4tare, mjukare smakupplevelse som \u00e4r n\u00e4rmare riktig r\u00f6k. Tack vare det justerbara dragsystemet kan anv\u00e4ndaren fritt v\u00e4xla mellan single coil (l\u00e5g effekt) och dual coil (h\u00f6g effekt) f\u00f6r en personligt anpassad dragupplevelse.<\/p><p><strong>Intelligent LED-display, tydlig vid en snabb blick<\/strong><br \/>Den inbyggda intelligenta LED-displayen visar str\u00f6m och \u00e5terst\u00e5ende e-v\u00e4tskeniv\u00e5 i realtid. Anv\u00e4ndarna kan tydligt se enhetens status f\u00f6r att undvika pl\u00f6tsliga str\u00f6mavbrott eller att e-v\u00e4tskan tar slut. Den intuitiva designen och anv\u00e4ndarv\u00e4nligheten g\u00f6r den l\u00e4mplig f\u00f6r alla anv\u00e4ndare, s\u00e4rskilt nyb\u00f6rjare.<\/p><p><strong>Uts\u00f6kt, b\u00e4rbar och elegant<\/strong><br \/>Puff Tornado 20000 Lychee Hami Melon kombinerar praktisk funktionalitet med elegans. Den kompakta och l\u00e4tta designen g\u00f6r att du enkelt kan stoppa den i fickan eller v\u00e4skan, vilket g\u00f6r den till den perfekta f\u00f6ljeslagaren f\u00f6r din dagliga pendling, resor eller utekv\u00e4llar. Den finns i en m\u00e4ngd olika ljusa f\u00e4rger och snygga m\u00f6nster och \u00e4r inte bara en snygg elektronisk cigarett utan ocks\u00e5 en modeaccessoar som man m\u00e5ste ha.<\/p><p><strong>En verkligt anv\u00e4ndbar upplevelse direkt ur l\u00e5dan<\/strong><br \/>Du beh\u00f6ver inte tills\u00e4tta e-v\u00e4tska, byta ut finf\u00f6rdelark\u00e4rnor eller reng\u00f6ra enheten. RandM Tornado 20000 \u00e4r underh\u00e5llsfri och anv\u00e4nder ett automatiskt inandningsaktiveringssystem. Den \u00e4r snabb och enkel att anv\u00e4nda direkt ur l\u00e5dan. Den \u00e4r s\u00e4rskilt l\u00e4mplig f\u00f6r nyb\u00f6rjare, upptagna kontorsarbetare eller anv\u00e4ndare som vill frig\u00f6ra sig fr\u00e5n de begr\u00e4nsningar som traditionella cigaretter medf\u00f6r.<\/p><p><strong>Fler h\u00f6jdpunkter :<\/strong><\/p><ul><li>L\u00e4cks\u00e4ker struktur: l\u00e4ckages\u00e4ker teknik med flera t\u00e4tningar, inga fler l\u00e4ckage av e-v\u00e4tska.<\/li><li>Automatisk energisparhantering: automatisk standby vid inaktivitet f\u00f6r att f\u00f6rl\u00e4nga batteritiden.<\/li><\/ul>\t\t\t\t\t\t\t\t<\/div>\n\t\t\t\t<\/div>\n\t\t\t\t\t<\/div>\n\t\t\t\t<\/div>\n\t\t\t\t<\/div>","protected":false},"excerpt":{"rendered":"<p>La saveur Melon Litchi Hami de RandM Tornado 20000 est une cigarette \u00e9lectronique unique qui allie l&rsquo;ar\u00f4me floral et sucr\u00e9 du litchi \u00e0 la fra\u00eecheur et \u00e0 la jutosit\u00e9 du cantaloup, offrant aux utilisateurs une exp\u00e9rience de fumage riche et agr\u00e9able. Ar\u00f4me floral et sucr\u00e9 du litchi\u00a0: Le go\u00fbt du litchi est au c\u0153ur de [&hellip;]<\/p>\n","protected":false},"featured_media":8448,"comment_status":"open","ping_status":"closed","template":"","meta":{"site-sidebar-layout":"no-sidebar","site-content-layout":"page-builder","ast-site-content-layout":"normal-width-container","site-content-style":"default","site-sidebar-style":"default","ast-global-header-display":"","ast-banner-title-visibility":"","ast-main-header-display":"","ast-hfb-above-header-display":"","ast-hfb-below-header-display":"","ast-hfb-mobile-header-display":"","site-post-title":"disabled","ast-breadcrumbs-content":"","ast-featured-img":"disabled","footer-sml-layout":"","ast-disable-related-posts":"","theme-transparent-header-meta":"default","adv-header-id-meta":"","stick-header-meta":"default","header-above-stick-meta":"","header-main-stick-meta":"","header-below-stick-meta":"","astra-migrate-meta-layouts":"set","ast-page-background-enabled":"default","ast-page-background-meta":{"desktop":{"background-color":"","background-image":"","background-repeat":"repeat","background-position":"center center","background-size":"auto","background-attachment":"scroll","background-type":"","background-media":"","overlay-type":"","overlay-color":"","overlay-opacity":"","overlay-gradient":""},"tablet":{"background-color":"","background-image":"","background-repeat":"repeat","background-position":"center center","background-size":"auto","background-attachment":"scroll","background-type":"","background-media":"","overlay-type":"","overlay-color":"","overlay-opacity":"","overlay-gradient":""},"mobile":{"background-color":"","background-image":"","background-repeat":"repeat","background-position":"center center","background-size":"auto","background-attachment":"scroll","background-type":"","background-media":"","overlay-type":"","overlay-color":"","overlay-opacity":"","overlay-gradient":""}},"ast-content-background-meta":{"desktop":{"background-color":"var(--ast-global-color-5)","background-image":"","background-repeat":"repeat","background-position":"center center","background-size":"auto","background-attachment":"scroll","background-type":"","background-media":"","overlay-type":"","overlay-color":"","overlay-opacity":"","overlay-gradient":""},"tablet":{"background-color":"var(--ast-global-color-5)","background-image":"","background-repeat":"repeat","background-position":"center center","background-size":"auto","background-attachment":"scroll","background-type":"","background-media":"","overlay-type":"","overlay-color":"","overlay-opacity":"","overlay-gradient":""},"mobile":{"background-color":"var(--ast-global-color-5)","background-image":"","background-repeat":"repeat","background-position":"center center","background-size":"auto","background-attachment":"scroll","background-type":"","background-media":"","overlay-type":"","overlay-color":"","overlay-opacity":"","overlay-gradient":""}}},"product_brand":[42],"product_cat":[46,85,77,15],"product_tag":[],"class_list":{"0":"post-4220","1":"product","2":"type-product","3":"status-publish","4":"has-post-thumbnail","6":"product_brand-randm-tornado","7":"product_cat-randm-tornado-20000-performances-fiables","8":"product_cat-puff-20k","9":"product_cat-entrepot-de-lue","10":"product_cat-magasin-cigarette-electronique","11":"desktop-align-center","12":"tablet-align-center","13":"mobile-align-center","14":"ast-product-gallery-layout-horizontal","15":"ast-product-single-variable","16":"ast-product-tabs-layout-horizontal","17":"ast-qv-on-image","19":"first","20":"instock","21":"sale","22":"shipping-taxable","23":"purchasable","24":"product-type-variable","25":"has-default-attributes"},"tiered_pricing_type":"fixed","tiered_pricing_fixed_rules":{"30":10.37,"60":9.19,"100":7.85,"200":7.69,"500":7.19,"1000":7.09},"tiered_pricing_product_settings":{"layout":"default","base_unit_name":{"singular":null,"plural":null},"default_variation":null},"tiered_pricing_minimum_quantity":null,"tiered_pricing_roles_data":[],"tiered_pricing_percentage_rules":[],"_links":{"self":[{"href":"https:\/\/puffvapestore.com\/sv\/wp-json\/wp\/v2\/product\/4220","targetHints":{"allow":["GET"]}}],"collection":[{"href":"https:\/\/puffvapestore.com\/sv\/wp-json\/wp\/v2\/product"}],"about":[{"href":"https:\/\/puffvapestore.com\/sv\/wp-json\/wp\/v2\/types\/product"}],"replies":[{"embeddable":true,"href":"https:\/\/puffvapestore.com\/sv\/wp-json\/wp\/v2\/comments?post=4220"}],"version-history":[{"count":7,"href":"https:\/\/puffvapestore.com\/sv\/wp-json\/wp\/v2\/product\/4220\/revisions"}],"predecessor-version":[{"id":4288,"href":"https:\/\/puffvapestore.com\/sv\/wp-json\/wp\/v2\/product\/4220\/revisions\/4288"}],"wp:featuredmedia":[{"embeddable":true,"href":"https:\/\/puffvapestore.com\/sv\/wp-json\/wp\/v2\/media\/8448"}],"wp:attachment":[{"href":"https:\/\/puffvapestore.com\/sv\/wp-json\/wp\/v2\/media?parent=4220"}],"wp:term":[{"taxonomy":"product_brand","embeddable":true,"href":"https:\/\/puffvapestore.com\/sv\/wp-json\/wp\/v2\/product_brand?post=4220"},{"taxonomy":"product_cat","embeddable":true,"href":"https:\/\/puffvapestore.com\/sv\/wp-json\/wp\/v2\/product_cat?post=4220"},{"taxonomy":"product_tag","embeddable":true,"href":"https:\/\/puffvapestore.com\/sv\/wp-json\/wp\/v2\/product_tag?post=4220"}],"curies":[{"name":"wp","href":"https:\/\/api.w.org\/{rel}","templated":true}]}}