{"id":4193,"date":"2025-07-02T11:47:04","date_gmt":"2025-07-02T11:47:04","guid":{"rendered":"https:\/\/puffvapestore.com\/?post_type=product&#038;p=4193"},"modified":"2026-01-19T10:36:52","modified_gmt":"2026-01-19T10:36:52","slug":"puff-tornado-20000-cherry","status":"publish","type":"product","link":"https:\/\/puffvapestore.com\/sv\/product\/puff-tornado-20000-korsbar\/","title":{"rendered":"RandM Tornado 20000 - K\u00f6rsb\u00e4r"},"content":{"rendered":"<div data-elementor-type=\"wp-post\" data-elementor-id=\"4193\" class=\"elementor elementor-4193\">\n\t\t\t\t<div class=\"elementor-element elementor-element-08c26f9 e-flex e-con-boxed e-con e-parent\" data-id=\"08c26f9\" data-element_type=\"container\" data-e-type=\"container\">\n\t\t\t\t\t<div class=\"e-con-inner\">\n\t\t\t\t<div class=\"elementor-element elementor-element-a005a97 elementor-widget elementor-widget-text-editor\" data-id=\"a005a97\" data-element_type=\"widget\" data-e-type=\"widget\" data-widget_type=\"text-editor.default\">\n\t\t\t\t<div class=\"elementor-widget-container\">\n\t\t\t\t\t\t\t\t\t<p>En romantisk natt i Frankrike, n\u00e4r natten t\u00e4cker landet, sjunger t\u00e5get mjukt p\u00e5 r\u00e4lsen och m\u00e5nskenet genom f\u00f6nstret lyser upp ving\u00e5rdarna och lavendelf\u00e4lten. H\u00e5ll i en RandM Tornado 20000 k\u00f6rsb\u00e4rssmak, luta dig mot nattvagnsf\u00f6nstret, ta ett l\u00e4tt bloss och omedelbart f\u00f6rdjupa dina smakl\u00f6kar i den s\u00f6ta, saftiga smaken av k\u00f6rsb\u00e4r. Med sin unika design och utm\u00e4rkta prestanda passar denna elektroniska cigarett perfekt in i den eleganta, avslappnade atmosf\u00e4ren i Frankrike och blir en n\u00f6dv\u00e4ndighet p\u00e5 resan.<\/p><h3>K\u00f6rsb\u00e4rssmak: en perfekt blandning av s\u00f6tma och friskhet<\/h3><p>K\u00f6rsb\u00e4rssmaken \u00e4r en av de viktigaste egenskaperna hos RandM Tornado 20000. Varje tugga ger en intensiv s\u00f6tma av mogna k\u00f6rsb\u00e4r, tillsammans med en antydan till frisk fruktig syra, som om du plockar ett k\u00f6rsb\u00e4r f\u00e4rskt fr\u00e5n en provencalsk frukttr\u00e4dg\u00e5rd p\u00e5 sommaren, och saften blommar mellan dina l\u00e4ppar och t\u00e4nder. Oavsett om du sitter ensam vid f\u00f6nstret i en t\u00e5gkup\u00e9 och njuter av nattbrisen eller sm\u00e5pratar med v\u00e4nner p\u00e5 terrassen till ett parisiskt caf\u00e9, kommer denna k\u00f6rsb\u00e4rssmak att ge dig en behaglig sensorisk njutning. Smaken \u00e4r fyllig utan att vara fet, len och subtilt frisk, i perfekt harmoni med den franska str\u00e4van efter f\u00f6rfining och balans.<\/p>\t\t\t\t\t\t\t\t<\/div>\n\t\t\t\t<\/div>\n\t\t\t\t\t<\/div>\n\t\t\t\t<\/div>\n\t\t<div class=\"elementor-element elementor-element-718b380 e-flex e-con-boxed e-con e-parent\" data-id=\"718b380\" data-element_type=\"container\" data-e-type=\"container\">\n\t\t\t\t\t<div class=\"e-con-inner\">\n\t\t\t\t<div class=\"elementor-element elementor-element-d2cc8fa elementor-widget elementor-widget-text-editor\" data-id=\"d2cc8fa\" data-element_type=\"widget\" data-e-type=\"widget\" data-widget_type=\"text-editor.default\">\n\t\t\t\t<div class=\"elementor-widget-container\">\n\t\t\t\t\t\t\t\t\t<p><strong>\u00d6verl\u00e4gsen r\u00f6kf\u00f6rm\u00e5ga<\/strong><br \/>RandM Tornado 20000 Cherry omdefinierar den elektroniska eng\u00e5ngscigaretten med en exceptionell kapacitet p\u00e5 upp till 20 000 puffar. Den \u00e4r utformad f\u00f6r att h\u00e5lla l\u00e4ngre \u00e4n konventionella elektroniska eng\u00e5ngscigaretter och \u00e4r idealisk f\u00f6r storkonsumenter, resen\u00e4rer och alla som vill ha en p\u00e5litlig och l\u00e5ngvarig l\u00f6sning utan att beh\u00f6va byta ut sin elektroniska cigarett ofta.<\/p><p><strong>Kraftfullt uppladdningsbart batteri<\/strong><br \/>Tornado 20000 \u00e4r utrustad med ett kraftfullt 850 mAh uppladdningsbart litiumbatteri f\u00f6r l\u00e5ngvarig anv\u00e4ndning, \u00e4ven under tung belastning. Dess kompatibilitet med USB-C snabbladdning inneb\u00e4r att den kan laddas snabbt, effektivt och stabilt, vilket maximerar dess e-v\u00e4tskekapacitet och minimerar driftstopp.<\/p><p><strong>Stor 20 ml e-v\u00e4tskereserv<\/strong><br \/>F\u00f6rfylld med 20 ml premium e-v\u00e4tska, tillg\u00e4nglig i nikotinkoncentrationer p\u00e5 2 % (20 mg) och 5 % (50 mg) f\u00f6r att tillgodose alla anv\u00e4ndares behov. Denna e-v\u00e4tska \u00e4r tillverkad av livsmedelsgodk\u00e4nda r\u00e5varor som uppfyller internationella s\u00e4kerhetsstandarder och \u00e4r rik p\u00e5 smak, vilket avsev\u00e4rt \u00f6kar njutningen och tillfredsst\u00e4llelsen vid inandning.<\/p><p><strong>Uppv\u00e4rmning med dubbla n\u00e4t + justerbart sugsystem<\/strong><br \/>Med dual-mesh resistorteknik f\u00f6rb\u00e4ttrar den dramatiskt v\u00e4rmej\u00e4mnheten och atomiseringseffektiviteten, vilket ger en t\u00e4tare, mjukare smakupplevelse som \u00e4r n\u00e4rmare riktig r\u00f6k. Tack vare det justerbara dragsystemet kan anv\u00e4ndaren fritt v\u00e4xla mellan single coil (l\u00e5g effekt) och dual coil (h\u00f6g effekt) f\u00f6r en personligt anpassad dragupplevelse.<\/p><p><strong>Intelligent LED-display, tydlig vid en snabb blick<\/strong><br \/>Den inbyggda intelligenta LED-displayen visar str\u00f6m och \u00e5terst\u00e5ende e-v\u00e4tskeniv\u00e5 i realtid. Anv\u00e4ndarna kan tydligt se enhetens status f\u00f6r att undvika pl\u00f6tsliga str\u00f6mavbrott eller att e-v\u00e4tskan tar slut. Den intuitiva designen och anv\u00e4ndarv\u00e4nligheten g\u00f6r den l\u00e4mplig f\u00f6r alla anv\u00e4ndare, s\u00e4rskilt nyb\u00f6rjare.<\/p><p><strong>Uts\u00f6kt, b\u00e4rbar och elegant<\/strong><br \/>Tornado 20000 Cherry kombinerar praktisk funktionalitet med elegans. Den kompakta och l\u00e4tta designen g\u00f6r att du enkelt kan stoppa den i fickan eller v\u00e4skan, vilket g\u00f6r den till den perfekta f\u00f6ljeslagaren f\u00f6r din dagliga pendling, resor eller utekv\u00e4llar. Den finns i en m\u00e4ngd olika ljusa f\u00e4rger och snygga m\u00f6nster och \u00e4r inte bara en snygg elektronisk cigarett utan ocks\u00e5 en modeaccessoar som man m\u00e5ste ha.<\/p><p><strong>En verkligt anv\u00e4ndbar upplevelse direkt ur l\u00e5dan<\/strong><br \/>Du beh\u00f6ver inte tills\u00e4tta e-v\u00e4tska, byta ut finf\u00f6rdelark\u00e4rnor eller reng\u00f6ra enheten. RandM Tornado 20000 \u00e4r underh\u00e5llsfri och anv\u00e4nder ett automatiskt inandningsaktiveringssystem. Den \u00e4r snabb och enkel att anv\u00e4nda direkt ur l\u00e5dan. Den \u00e4r s\u00e4rskilt l\u00e4mplig f\u00f6r nyb\u00f6rjare, upptagna kontorsarbetare eller anv\u00e4ndare som vill frig\u00f6ra sig fr\u00e5n de begr\u00e4nsningar som traditionella cigaretter medf\u00f6r.<\/p><p><strong>Fler h\u00f6jdpunkter :<\/strong><\/p><ul><li>L\u00e4cks\u00e4ker struktur: l\u00e4ckages\u00e4ker teknik med flera t\u00e4tningar, inga fler l\u00e4ckage av e-v\u00e4tska.<\/li><li>Automatisk energisparhantering: automatisk standby vid inaktivitet f\u00f6r att f\u00f6rl\u00e4nga batteritiden.<\/li><\/ul>\t\t\t\t\t\t\t\t<\/div>\n\t\t\t\t<\/div>\n\t\t\t\t\t<\/div>\n\t\t\t\t<\/div>\n\t\t\t\t<\/div>","protected":false},"excerpt":{"rendered":"<p>Par une nuit romantique en France, alors que la nuit recouvre la terre, le train chante doucement sur les rails et que le clair de lune par la fen\u00eatre \u00e9claire les vignobles et les champs de lavande. Tenez une RandM Tornado 20000 saveur cerise, adoss\u00e9e \u00e0 la fen\u00eatre du wagon de nuit, prenez une l\u00e9g\u00e8re [&hellip;]<\/p>\n","protected":false},"featured_media":8439,"comment_status":"open","ping_status":"closed","template":"","meta":{"site-sidebar-layout":"no-sidebar","site-content-layout":"page-builder","ast-site-content-layout":"normal-width-container","site-content-style":"default","site-sidebar-style":"default","ast-global-header-display":"","ast-banner-title-visibility":"","ast-main-header-display":"","ast-hfb-above-header-display":"","ast-hfb-below-header-display":"","ast-hfb-mobile-header-display":"","site-post-title":"disabled","ast-breadcrumbs-content":"","ast-featured-img":"disabled","footer-sml-layout":"","ast-disable-related-posts":"","theme-transparent-header-meta":"default","adv-header-id-meta":"","stick-header-meta":"default","header-above-stick-meta":"","header-main-stick-meta":"","header-below-stick-meta":"","astra-migrate-meta-layouts":"set","ast-page-background-enabled":"default","ast-page-background-meta":{"desktop":{"background-color":"","background-image":"","background-repeat":"repeat","background-position":"center center","background-size":"auto","background-attachment":"scroll","background-type":"","background-media":"","overlay-type":"","overlay-color":"","overlay-opacity":"","overlay-gradient":""},"tablet":{"background-color":"","background-image":"","background-repeat":"repeat","background-position":"center center","background-size":"auto","background-attachment":"scroll","background-type":"","background-media":"","overlay-type":"","overlay-color":"","overlay-opacity":"","overlay-gradient":""},"mobile":{"background-color":"","background-image":"","background-repeat":"repeat","background-position":"center center","background-size":"auto","background-attachment":"scroll","background-type":"","background-media":"","overlay-type":"","overlay-color":"","overlay-opacity":"","overlay-gradient":""}},"ast-content-background-meta":{"desktop":{"background-color":"var(--ast-global-color-5)","background-image":"","background-repeat":"repeat","background-position":"center center","background-size":"auto","background-attachment":"scroll","background-type":"","background-media":"","overlay-type":"","overlay-color":"","overlay-opacity":"","overlay-gradient":""},"tablet":{"background-color":"var(--ast-global-color-5)","background-image":"","background-repeat":"repeat","background-position":"center center","background-size":"auto","background-attachment":"scroll","background-type":"","background-media":"","overlay-type":"","overlay-color":"","overlay-opacity":"","overlay-gradient":""},"mobile":{"background-color":"var(--ast-global-color-5)","background-image":"","background-repeat":"repeat","background-position":"center center","background-size":"auto","background-attachment":"scroll","background-type":"","background-media":"","overlay-type":"","overlay-color":"","overlay-opacity":"","overlay-gradient":""}}},"product_brand":[42],"product_cat":[46,85,77,15],"product_tag":[],"class_list":{"0":"post-4193","1":"product","2":"type-product","3":"status-publish","4":"has-post-thumbnail","6":"product_brand-randm-tornado","7":"product_cat-randm-tornado-20000-performances-fiables","8":"product_cat-puff-20k","9":"product_cat-entrepot-de-lue","10":"product_cat-magasin-cigarette-electronique","11":"desktop-align-center","12":"tablet-align-center","13":"mobile-align-center","14":"ast-product-gallery-layout-horizontal","15":"ast-product-single-variable","16":"ast-product-tabs-layout-horizontal","17":"ast-qv-on-image","19":"first","20":"instock","21":"sale","22":"shipping-taxable","23":"purchasable","24":"product-type-variable","25":"has-default-attributes"},"tiered_pricing_type":"fixed","tiered_pricing_fixed_rules":{"30":10.37,"60":9.19,"100":7.85,"200":7.69,"500":7.19,"1000":7.09},"tiered_pricing_product_settings":{"layout":"default","base_unit_name":{"singular":null,"plural":null},"default_variation":null},"tiered_pricing_minimum_quantity":null,"tiered_pricing_roles_data":[],"tiered_pricing_percentage_rules":[],"_links":{"self":[{"href":"https:\/\/puffvapestore.com\/sv\/wp-json\/wp\/v2\/product\/4193","targetHints":{"allow":["GET"]}}],"collection":[{"href":"https:\/\/puffvapestore.com\/sv\/wp-json\/wp\/v2\/product"}],"about":[{"href":"https:\/\/puffvapestore.com\/sv\/wp-json\/wp\/v2\/types\/product"}],"replies":[{"embeddable":true,"href":"https:\/\/puffvapestore.com\/sv\/wp-json\/wp\/v2\/comments?post=4193"}],"version-history":[{"count":7,"href":"https:\/\/puffvapestore.com\/sv\/wp-json\/wp\/v2\/product\/4193\/revisions"}],"predecessor-version":[{"id":10326,"href":"https:\/\/puffvapestore.com\/sv\/wp-json\/wp\/v2\/product\/4193\/revisions\/10326"}],"wp:featuredmedia":[{"embeddable":true,"href":"https:\/\/puffvapestore.com\/sv\/wp-json\/wp\/v2\/media\/8439"}],"wp:attachment":[{"href":"https:\/\/puffvapestore.com\/sv\/wp-json\/wp\/v2\/media?parent=4193"}],"wp:term":[{"taxonomy":"product_brand","embeddable":true,"href":"https:\/\/puffvapestore.com\/sv\/wp-json\/wp\/v2\/product_brand?post=4193"},{"taxonomy":"product_cat","embeddable":true,"href":"https:\/\/puffvapestore.com\/sv\/wp-json\/wp\/v2\/product_cat?post=4193"},{"taxonomy":"product_tag","embeddable":true,"href":"https:\/\/puffvapestore.com\/sv\/wp-json\/wp\/v2\/product_tag?post=4193"}],"curies":[{"name":"wp","href":"https:\/\/api.w.org\/{rel}","templated":true}]}}