{"id":4180,"date":"2025-07-02T09:09:06","date_gmt":"2025-07-02T09:09:06","guid":{"rendered":"https:\/\/puffvapestore.com\/?post_type=product&#038;p=4180"},"modified":"2026-01-19T10:36:52","modified_gmt":"2026-01-19T10:36:52","slug":"fumot-tornado-20000-strawberry-kiwi","status":"publish","type":"product","link":"https:\/\/puffvapestore.com\/sv\/product\/fumot-tornado-20000-jordgubbar-kiwi\/","title":{"rendered":"RandM Tornado 20000 - Jordgubb Kiwi"},"content":{"rendered":"<div data-elementor-type=\"wp-post\" data-elementor-id=\"4180\" class=\"elementor elementor-4180\">\n\t\t\t\t<div class=\"elementor-element elementor-element-08c26f9 e-flex e-con-boxed e-con e-parent\" data-id=\"08c26f9\" data-element_type=\"container\" data-e-type=\"container\">\n\t\t\t\t\t<div class=\"e-con-inner\">\n\t\t\t\t<div class=\"elementor-element elementor-element-a005a97 elementor-widget elementor-widget-text-editor\" data-id=\"a005a97\" data-element_type=\"widget\" data-e-type=\"widget\" data-widget_type=\"text-editor.default\">\n\t\t\t\t<div class=\"elementor-widget-container\">\n\t\t\t\t\t\t\t\t\t<h2>Smak av jordgubb och kiwi<\/h2><p>Strawberry Kiwi \u00e4r en dj\u00e4rv och uppfriskande kombination: jordgubbarnas s\u00f6tma och kiwins syrlighet skapar en naturlig och subtil k\u00e4nsla, som de f\u00f6rsta solstr\u00e5larna i en frukttr\u00e4dg\u00e5rd i b\u00f6rjan av sommaren, som inte bara v\u00e4cker smakl\u00f6karna utan ocks\u00e5 en k\u00e4nsla av l\u00e4tthet. Denna smak \u00e4r en del av unga stadsbors str\u00e4van efter \u00abjaget\u00bb i ett samh\u00e4lle som Frankrike, d\u00e4r livskvalitet och sinnesupplevelser \u00e4r viktiga faktorer. Det \u00e4r inte en medveten trend, men en uppenbar s\u00e5dan.<\/p><h3>En unik upplevelse<\/h3><p>F\u00f6rest\u00e4ll dig att du promenerar genom de smala gatorna n\u00e4ra Notre-Dame de Paris, hittar en lugn plats att vila p\u00e5, sitter p\u00e5 en rottingstol p\u00e5 terrassen p\u00e5 ett caf\u00e9, i den milda brisen och Seinens plaskande i fj\u00e4rran. Just d\u00e5 tar du upp Fumot Tornado 20000 och drar ett bloss p\u00e5 den elektroniska cigaretten med jordgubb-kiwi-smak. En frisk, fruktig arom sk\u00f6ljer \u00f6ver dig, \u00e5tf\u00f6ljd av en antydan till friskhet, som om du beundrade den franska sommarodlingen. Turister och lokalbefolkning ger dig nyfikna blickar. Med denna trendiga elektroniska cigarett drar du inte bara till dig uppm\u00e4rksamhet, utan tar dig ocks\u00e5 sj\u00e4lvs\u00e4kert fram i Paris sociala liv.<\/p>\t\t\t\t\t\t\t\t<\/div>\n\t\t\t\t<\/div>\n\t\t\t\t\t<\/div>\n\t\t\t\t<\/div>\n\t\t<div class=\"elementor-element elementor-element-718b380 e-flex e-con-boxed e-con e-parent\" data-id=\"718b380\" data-element_type=\"container\" data-e-type=\"container\">\n\t\t\t\t\t<div class=\"e-con-inner\">\n\t\t\t\t<div class=\"elementor-element elementor-element-d2cc8fa elementor-widget elementor-widget-text-editor\" data-id=\"d2cc8fa\" data-element_type=\"widget\" data-e-type=\"widget\" data-widget_type=\"text-editor.default\">\n\t\t\t\t<div class=\"elementor-widget-container\">\n\t\t\t\t\t\t\t\t\t<h2>20.000 puffar f\u00f6r l\u00e5ngvarig anv\u00e4ndning<\/h2><p>RandM Tornado 20000 Strawberry Kiwi \u00e4r f\u00f6rinst\u00e4lld f\u00f6r upp till 20 000 anv\u00e4ndningar, vilket \u00e4r mycket mer \u00e4n konventionella elektroniska eng\u00e5ngscigaretter. Den uppfyller behovet av l\u00e5ngvarig anv\u00e4ndning utan frekvent byte av enheten, vilket g\u00f6r den s\u00e4rskilt l\u00e4mplig f\u00f6r intensiva anv\u00e4ndare eller l\u00e5nga resor.<\/p><h2>L\u00e5ng batteritid och bekv\u00e4m laddning<\/h2><p>Inbyggt 850 mAh uppladdningsbart litiumbatteri med h\u00f6g kapacitet, kompatibelt med USB-C snabbladdning, f\u00f6r effektivare och stabilare laddning. Det s\u00e4kerst\u00e4ller ut\u00f6kad autonomi \u00e4ven vid intensiv anv\u00e4ndning, s\u00e5 att du kan f\u00e5 ut mesta m\u00f6jliga av e-v\u00e4tskan inuti.<\/p><h2>H\u00f6g reserv f\u00f6r e-v\u00e4tska<\/h2><p>RandM Tornado 20000 levereras f\u00f6rinstallerad med 20 ml h\u00f6gkvalitativ e-juice med nikotinkoncentrationer p\u00e5 2 % eller 5 % f\u00f6r att passa alla anv\u00e4ndares smaker och behov. E-v\u00e4tskan anv\u00e4nder en h\u00f6gkvalitativ formel f\u00f6r att s\u00e4kerst\u00e4lla en ren, rik smak med varje bloss, vilket ger dig en smidig och tillfredsst\u00e4llande r\u00f6kupplevelse.<\/p><h2>Dubbelt n\u00e4tmotst\u00e5nd och justerbart luftfl\u00f6de<\/h2><p>Med avancerad motst\u00e5ndsteknik med dubbla n\u00e4t f\u00f6rb\u00e4ttras v\u00e4rmeeffektiviteten och r\u00f6kdensiteten avsev\u00e4rt, vilket ger en mjukare och intensivare smak. Tack vare det inbyggda systemet med justerbart motst\u00e5nd kan anv\u00e4ndaren v\u00e4xla mellan enkelt och dubbelt motst\u00e5nd efter eget tycke och smak, och fritt v\u00e4lja mellan l\u00e4tt och starkt sug. Motst\u00e5ndet \u00e4ndras enkelt p\u00e5 peksk\u00e4rmen.<\/p><h2>Intelligent LED-display<\/h2><p>RandM Tornado 20000 Strawberry Kiwi \u00e4r utrustad med en intelligent LED-display som visar batteriladdningen och \u00e5terst\u00e5ende e-v\u00e4tskeniv\u00e5 i realtid. Det inneb\u00e4r att du alltid kan \u00f6vervaka enhetens status och undvika str\u00f6mavbrott eller att f\u00e5 slut p\u00e5 e-v\u00e4tska. Den intuitiva designen g\u00f6r den enkel att anv\u00e4nda, \u00e4ven f\u00f6r nyb\u00f6rjare.<\/p><h2>Modern b\u00e4rbar design<\/h2><p>Den eleganta, moderna designen och det l\u00e4tta, b\u00e4rbara fodralet kan enkelt stoppas ner i en ficka eller v\u00e4ska, vilket g\u00f6r den idealisk f\u00f6r vardagsbruk, resor och fester. De rika f\u00e4rgerna och den eleganta designen understryker den unika stilen.<\/p><h2>Redo att anv\u00e4ndas direkt ur l\u00e5dan, inget underh\u00e5ll kr\u00e4vs<\/h2><p>Du beh\u00f6ver inte tills\u00e4tta e-v\u00e4tska, byta ut atomiserk\u00e4rnan eller reng\u00f6ra den; inget underh\u00e5ll kr\u00e4vs. Den \u00e4r klar att anv\u00e4nda direkt ur f\u00f6rpackningen och den automatiska puffaktiveringen f\u00f6renklar och p\u00e5skyndar processen, vilket g\u00f6r den perfekt f\u00f6r nyb\u00f6rjare eller anv\u00e4ndare som s\u00f6ker ett alternativ till traditionella cigaretter.<\/p>\t\t\t\t\t\t\t\t<\/div>\n\t\t\t\t<\/div>\n\t\t\t\t\t<\/div>\n\t\t\t\t<\/div>\n\t\t\t\t<\/div>","protected":false},"excerpt":{"rendered":"<p>Saveur Fraise Kiwi Fraise Kiwi est une combinaison audacieuse et rafra\u00eechissante\u00a0: la douceur des fraises et l&rsquo;acidit\u00e9 du kiwi cr\u00e9ent une sensation naturelle et subtile, comme les premiers rayons de soleil dans un verger au d\u00e9but de l&rsquo;\u00e9t\u00e9, qui r\u00e9veillent non seulement les papilles, mais aussi une sensation de l\u00e9g\u00e8ret\u00e9. Cette saveur s&rsquo;inscrit dans la [&hellip;]<\/p>\n","protected":false},"featured_media":8460,"comment_status":"open","ping_status":"closed","template":"","meta":{"site-sidebar-layout":"no-sidebar","site-content-layout":"page-builder","ast-site-content-layout":"normal-width-container","site-content-style":"default","site-sidebar-style":"default","ast-global-header-display":"","ast-banner-title-visibility":"","ast-main-header-display":"","ast-hfb-above-header-display":"","ast-hfb-below-header-display":"","ast-hfb-mobile-header-display":"","site-post-title":"disabled","ast-breadcrumbs-content":"","ast-featured-img":"disabled","footer-sml-layout":"","ast-disable-related-posts":"","theme-transparent-header-meta":"default","adv-header-id-meta":"","stick-header-meta":"default","header-above-stick-meta":"","header-main-stick-meta":"","header-below-stick-meta":"","astra-migrate-meta-layouts":"set","ast-page-background-enabled":"default","ast-page-background-meta":{"desktop":{"background-color":"","background-image":"","background-repeat":"repeat","background-position":"center center","background-size":"auto","background-attachment":"scroll","background-type":"","background-media":"","overlay-type":"","overlay-color":"","overlay-opacity":"","overlay-gradient":""},"tablet":{"background-color":"","background-image":"","background-repeat":"repeat","background-position":"center center","background-size":"auto","background-attachment":"scroll","background-type":"","background-media":"","overlay-type":"","overlay-color":"","overlay-opacity":"","overlay-gradient":""},"mobile":{"background-color":"","background-image":"","background-repeat":"repeat","background-position":"center center","background-size":"auto","background-attachment":"scroll","background-type":"","background-media":"","overlay-type":"","overlay-color":"","overlay-opacity":"","overlay-gradient":""}},"ast-content-background-meta":{"desktop":{"background-color":"var(--ast-global-color-5)","background-image":"","background-repeat":"repeat","background-position":"center center","background-size":"auto","background-attachment":"scroll","background-type":"","background-media":"","overlay-type":"","overlay-color":"","overlay-opacity":"","overlay-gradient":""},"tablet":{"background-color":"var(--ast-global-color-5)","background-image":"","background-repeat":"repeat","background-position":"center center","background-size":"auto","background-attachment":"scroll","background-type":"","background-media":"","overlay-type":"","overlay-color":"","overlay-opacity":"","overlay-gradient":""},"mobile":{"background-color":"var(--ast-global-color-5)","background-image":"","background-repeat":"repeat","background-position":"center center","background-size":"auto","background-attachment":"scroll","background-type":"","background-media":"","overlay-type":"","overlay-color":"","overlay-opacity":"","overlay-gradient":""}}},"product_brand":[42],"product_cat":[46,85,77,15],"product_tag":[],"class_list":{"0":"post-4180","1":"product","2":"type-product","3":"status-publish","4":"has-post-thumbnail","6":"product_brand-randm-tornado","7":"product_cat-randm-tornado-20000-performances-fiables","8":"product_cat-puff-20k","9":"product_cat-entrepot-de-lue","10":"product_cat-magasin-cigarette-electronique","11":"desktop-align-center","12":"tablet-align-center","13":"mobile-align-center","14":"ast-product-gallery-layout-horizontal","15":"ast-product-single-variable","16":"ast-product-tabs-layout-horizontal","17":"ast-qv-on-image","19":"first","20":"instock","21":"sale","22":"shipping-taxable","23":"purchasable","24":"product-type-variable","25":"has-default-attributes"},"tiered_pricing_type":"fixed","tiered_pricing_fixed_rules":{"30":10.37,"60":9.19,"100":7.85,"200":7.69,"500":7.19,"1000":7.09},"tiered_pricing_product_settings":{"layout":"default","base_unit_name":{"singular":null,"plural":null},"default_variation":null},"tiered_pricing_minimum_quantity":null,"tiered_pricing_roles_data":[],"tiered_pricing_percentage_rules":[],"_links":{"self":[{"href":"https:\/\/puffvapestore.com\/sv\/wp-json\/wp\/v2\/product\/4180","targetHints":{"allow":["GET"]}}],"collection":[{"href":"https:\/\/puffvapestore.com\/sv\/wp-json\/wp\/v2\/product"}],"about":[{"href":"https:\/\/puffvapestore.com\/sv\/wp-json\/wp\/v2\/types\/product"}],"replies":[{"embeddable":true,"href":"https:\/\/puffvapestore.com\/sv\/wp-json\/wp\/v2\/comments?post=4180"}],"version-history":[{"count":7,"href":"https:\/\/puffvapestore.com\/sv\/wp-json\/wp\/v2\/product\/4180\/revisions"}],"predecessor-version":[{"id":10318,"href":"https:\/\/puffvapestore.com\/sv\/wp-json\/wp\/v2\/product\/4180\/revisions\/10318"}],"wp:featuredmedia":[{"embeddable":true,"href":"https:\/\/puffvapestore.com\/sv\/wp-json\/wp\/v2\/media\/8460"}],"wp:attachment":[{"href":"https:\/\/puffvapestore.com\/sv\/wp-json\/wp\/v2\/media?parent=4180"}],"wp:term":[{"taxonomy":"product_brand","embeddable":true,"href":"https:\/\/puffvapestore.com\/sv\/wp-json\/wp\/v2\/product_brand?post=4180"},{"taxonomy":"product_cat","embeddable":true,"href":"https:\/\/puffvapestore.com\/sv\/wp-json\/wp\/v2\/product_cat?post=4180"},{"taxonomy":"product_tag","embeddable":true,"href":"https:\/\/puffvapestore.com\/sv\/wp-json\/wp\/v2\/product_tag?post=4180"}],"curies":[{"name":"wp","href":"https:\/\/api.w.org\/{rel}","templated":true}]}}