{"id":3405,"date":"2025-07-01T03:17:54","date_gmt":"2025-07-01T03:17:54","guid":{"rendered":"https:\/\/puffvapestore.com\/?post_type=product&#038;p=3405"},"modified":"2026-01-19T10:54:04","modified_gmt":"2026-01-19T10:54:04","slug":"9000-randm-tornado-vape-skittles","status":"publish","type":"product","link":"https:\/\/puffvapestore.com\/sv\/product\/9000-randm-tornado-vape-skittles\/","title":{"rendered":"9000 RandM Tornado Vape - Skittles"},"content":{"rendered":"<div data-elementor-type=\"wp-post\" data-elementor-id=\"3405\" class=\"elementor elementor-3405\">\n\t\t\t\t<div class=\"elementor-element elementor-element-d3f3f97 e-flex e-con-boxed e-con e-parent\" data-id=\"d3f3f97\" data-element_type=\"container\" data-e-type=\"container\">\n\t\t\t\t\t<div class=\"e-con-inner\">\n\t\t\t\t<div class=\"elementor-element elementor-element-9600b1d elementor-widget elementor-widget-text-editor\" data-id=\"9600b1d\" data-element_type=\"widget\" data-e-type=\"widget\" data-widget_type=\"text-editor.default\">\n\t\t\t\t<div class=\"elementor-widget-container\">\n\t\t\t\t\t\t\t\t\t<h2>Smak : Skittles<\/h2><p>Skittles flavour \u00e4r utformad f\u00f6r att \u00e5terskapa \u00abregnb\u00e5gsupplevelsen\u00bb av Skittles godis och blandar flera fruktiga smaker f\u00f6r en komplex, s\u00f6t, l\u00e4tt syrlig och uppfriskande smak. Specifika egenskaper hos smaken inkluderar:<\/p><h3>Sammanslagning av flera frukter :<\/h3><p>Skittles flavour \u00e4r en blandning av flera frukter, inklusive de ikoniska smakerna fr\u00e5n klassiska Skittles-godis som citron, apelsin, jordgubb, druva och gr\u00f6nt \u00e4pple.<br \/>F\u00f6r varje bloss f\u00e5r du uppleva en blandning av olika fruktiga smaker, som att smaka p\u00e5 en p\u00e5se f\u00e4rgglada Skittles. Denna blandning skapar en rik men harmonisk k\u00e4nsla av \u2019fruktig explosion\u00ab.<\/p><h3>Balans mellan smakerna :<\/h3><p>S\u00f6tma \u00e4r den dominerande smaken i Skittles, som h\u00e4rr\u00f6r fr\u00e5n en fruktig bas som p\u00e5minner om en s\u00f6tsak, vilket ger en behagligt s\u00f6t k\u00e4nsla.<br \/>Samtidigt ger den l\u00e4tt syrliga smaken (s\u00e4rskilt av citron och gr\u00f6nt \u00e4pple) en uppfriskande touch och undviker en alltf\u00f6r s\u00f6t k\u00e4nsla. Denna s\u00f6tsura balans g\u00f6r varje inandning full av vitalitet och l\u00e4mplig f\u00f6r daglig konsumtion.<\/p>\t\t\t\t\t\t\t\t<\/div>\n\t\t\t\t<\/div>\n\t\t\t\t\t<\/div>\n\t\t\t\t<\/div>\n\t\t<div class=\"elementor-element elementor-element-08c26f9 e-flex e-con-boxed e-con e-parent\" data-id=\"08c26f9\" data-element_type=\"container\" data-e-type=\"container\">\n\t\t\t\t\t<div class=\"e-con-inner\">\n\t\t\t\t<div class=\"elementor-element elementor-element-a005a97 elementor-widget elementor-widget-text-editor\" data-id=\"a005a97\" data-element_type=\"widget\" data-e-type=\"widget\" data-widget_type=\"text-editor.default\">\n\t\t\t\t<div class=\"elementor-widget-container\">\n\t\t\t\t\t\t\t\t\t<h2>9000 RandM Tornado Skittles<\/h2><p>Den elektroniska cigaretten RandM Tornado 9000 Skittles erbjuder upp till 9000 bloss f\u00f6r l\u00e5ngvarig njutning. Den \u00e4r utrustad med ett kraftfullt 850 mAh uppladdningsbart batteri och en USB-C snabbladdningsport f\u00f6r kontinuerlig anv\u00e4ndning. Dess eleganta, ergonomiska design kombinerar b\u00e4rbarhet och stil, vilket g\u00f6r den till ett m\u00e5ste f\u00f6r vapers som letar efter prestanda och praktiska egenskaper. Tornado 9000 Skittles har en 18 ml tank f\u00f6r l\u00e5ngvarig smak utan frekventa p\u00e5fyllningar. Det integrerade 0,8 ohm-meshmotst\u00e5ndet f\u00f6rb\u00e4ttrar \u00e5ngfl\u00f6det f\u00f6r en rik, kr\u00e4mig smak vid varje bloss.<\/p>\t\t\t\t\t\t\t\t<\/div>\n\t\t\t\t<\/div>\n\t\t\t\t\t<\/div>\n\t\t\t\t<\/div>\n\t\t<div class=\"elementor-element elementor-element-4ac287c e-flex e-con-boxed e-con e-parent\" data-id=\"4ac287c\" data-element_type=\"container\" data-e-type=\"container\">\n\t\t\t\t\t<div class=\"e-con-inner\">\n\t\t<div class=\"elementor-element elementor-element-bbd8e4a e-con-full e-flex e-con e-child\" data-id=\"bbd8e4a\" data-element_type=\"container\" data-e-type=\"container\">\n\t\t\t\t<div class=\"elementor-element elementor-element-0dc5338 elementor-widget elementor-widget-text-editor\" data-id=\"0dc5338\" data-element_type=\"widget\" data-e-type=\"widget\" data-widget_type=\"text-editor.default\">\n\t\t\t\t<div class=\"elementor-widget-container\">\n\t\t\t\t\t\t\t\t\t<h2>Egenskaper f\u00f6r RandM Tornado 9K Skittles:<\/h2><ul><li>Puffkapacitet : Upp till 9.000 puffar, perfekt f\u00f6r l\u00e5ngvarig anv\u00e4ndning.<\/li><li>Batteri: 850 mAh uppladdningsbart batteri med Type-C laddningsfunktion f\u00f6r snabb och effektiv laddning.<\/li><li>E-v\u00e4tska: F\u00f6rfylld med 18 ml e-juice, nikotinkoncentration 2% eller 5% som tillval.<\/li><li>Teknik: Anv\u00e4nder avancerade n\u00e4tresistorer f\u00f6r mild, j\u00e4mn \u00e5nga och intensiv smak.<\/li><li>Design: Liten och l\u00e4tt, elegant och attraktiv, med ljusstarka RGB-lysdioder f\u00f6r utm\u00e4rkta visuella effekter. Inga knappar beh\u00f6vs: det \u00e4r bara att andas in f\u00f6r att starta, vilket \u00e4r praktiskt f\u00f6r nyb\u00f6rjare.<\/li><\/ul>\t\t\t\t\t\t\t\t<\/div>\n\t\t\t\t<\/div>\n\t\t\t\t<\/div>\n\t\t<div class=\"elementor-element elementor-element-8e0e87d e-con-full e-flex e-con e-child\" data-id=\"8e0e87d\" data-element_type=\"container\" data-e-type=\"container\">\n\t\t\t\t<div class=\"elementor-element elementor-element-63d978d elementor-widget elementor-widget-image-gallery\" data-id=\"63d978d\" data-element_type=\"widget\" data-e-type=\"widget\" data-widget_type=\"image-gallery.default\">\n\t\t\t\t<div class=\"elementor-widget-container\">\n\t\t\t\t\t\t\t<div class=\"elementor-image-gallery\">\n\t\t\t<div id='gallery-1' class='gallery galleryid-3405 gallery-columns-1 gallery-size-medium_large'><figure class='gallery-item'>\n\t\t\t<div class='gallery-icon landscape'>\n\t\t\t\t<img fetchpriority=\"high\" decoding=\"async\" width=\"768\" height=\"768\" src=\"https:\/\/puffvapestore.com\/wp-content\/uploads\/2025\/06\/randm-tornado-vape-9000-skittles-pvafrt9000-768x768.jpg\" class=\"attachment-medium_large size-medium_large\" alt=\"tornado vape 9000 skittles\" aria-describedby=\"gallery-1-3171\" srcset=\"https:\/\/puffvapestore.com\/wp-content\/uploads\/2025\/06\/randm-tornado-vape-9000-skittles-pvafrt9000-768x768.jpg 768w, https:\/\/puffvapestore.com\/wp-content\/uploads\/2025\/06\/randm-tornado-vape-9000-skittles-pvafrt9000-300x300.jpg 300w, https:\/\/puffvapestore.com\/wp-content\/uploads\/2025\/06\/randm-tornado-vape-9000-skittles-pvafrt9000-150x150.jpg 150w, https:\/\/puffvapestore.com\/wp-content\/uploads\/2025\/06\/randm-tornado-vape-9000-skittles-pvafrt9000-600x600.jpg 600w, https:\/\/puffvapestore.com\/wp-content\/uploads\/2025\/06\/randm-tornado-vape-9000-skittles-pvafrt9000-100x100.jpg 100w, https:\/\/puffvapestore.com\/wp-content\/uploads\/2025\/06\/randm-tornado-vape-9000-skittles-pvafrt9000.jpg 1016w\" sizes=\"(max-width: 768px) 100vw, 768px\" \/>\n\t\t\t<\/div>\n\t\t\t\t<figcaption class='wp-caption-text gallery-caption' id='gallery-1-3171'>\n\t\t\t\ttornado vape 9000 skittles\n\t\t\t\t<\/figcaption><\/figure>\n\t\t<\/div>\n\t\t<\/div>\n\t\t\t\t\t\t<\/div>\n\t\t\t\t<\/div>\n\t\t\t\t<\/div>\n\t\t\t\t\t<\/div>\n\t\t\t\t<\/div>\n\t\t<div class=\"elementor-element elementor-element-718b380 e-flex e-con-boxed e-con e-parent\" data-id=\"718b380\" data-element_type=\"container\" data-e-type=\"container\">\n\t\t\t\t\t<div class=\"e-con-inner\">\n\t\t\t\t<div class=\"elementor-element elementor-element-d2cc8fa elementor-widget elementor-widget-text-editor\" data-id=\"d2cc8fa\" data-element_type=\"widget\" data-e-type=\"widget\" data-widget_type=\"text-editor.default\">\n\t\t\t\t<div class=\"elementor-widget-container\">\n\t\t\t\t\t\t\t\t\t<h3>\u00c4r batteritiden f\u00f6r RandM Tornado 9000 Skittles tillr\u00e4cklig f\u00f6r att anv\u00e4nda 18 ml e-juice?<\/h3><p>Ja, absolut. Den elektroniska cigaretten RandM Tornado 9000 Skittles har ett integrerat 850 mAh-batteri. Detta lilla litiumjonbatteri ger i allm\u00e4nhet 300 till 500 kompletta laddnings- och urladdningscykler. F\u00f6r att r\u00f6ka 18 ml e-juice och uppn\u00e5 9 000 puffar, med ett genomsnitt p\u00e5 600 puffar per laddning, beh\u00f6ver du bara cirka 15 fulla laddningar. Detta ligger v\u00e4l inom litiumjonbatteriets livsl\u00e4ngd och dess cykelkapacitet \u00e4r tillr\u00e4cklig f\u00f6r att t\u00e4cka den m\u00e4ngd e-v\u00e4tska som anv\u00e4nds. Dessutom st\u00f6der produkten snabbladdning med USB Type-C, vilket g\u00f6r den enkel att anv\u00e4nda.<\/p><p>Skittles RandM Tornado 9000 \u00e4r utrustad med ett 850 mAh uppladdningsbart litiumjonbatteri och st\u00f6der snabbladdning av typ C. \u00c4ven om RandM Tornado 9000 \u00e4r utrustad med ett 850 mAh-batteri, till\u00e5ter kapaciteten f\u00f6r en enda full laddning endast cirka 200 till 1 000 puffar, beroende p\u00e5 varaktigheten och intensiteten f\u00f6r varje puff (l\u00e4tt eller djup inandning). S\u00e5 ur autonomisynpunkt \u00e4r kapaciteten f\u00f6r en enda laddning uppenbarligen otillr\u00e4cklig f\u00f6r 9 000 puffar eller f\u00f6r att konsumera alla 18 ml e-v\u00e4tska p\u00e5 en g\u00e5ng. Detta \u00e4r dock inte ett designfel, utan snarare RandM:s strategi f\u00f6r att segmentera batteriets livsl\u00e4ngd: flera laddningscykler g\u00f6r det m\u00f6jligt att tillgodose behoven av e-v\u00e4tskekonsumtion under hela livscykeln.<\/p><h3>F\u00f6rsvinner smaken av RandM Tornado 9000 med tiden?<\/h3><p>Smaken av RandM Tornado 9000 bleknar inte med tiden.<\/p><p>RandM Tornado 9000 har en avancerad 0,8 ohm mesh-atomiser och en stor lagringskapacitet p\u00e5 18 ml e-juice. En av de viktigaste f\u00f6rdelarna \u00e4r den konsekventa smaken under hela anv\u00e4ndningscykeln. Den h\u00e4r tekniken garanterar en optimal balans mellan r\u00f6km\u00e4ngden och smaken i varje bloss och undviker fenomenet med h\u00f6g intensitet i b\u00f6rjan av blosset och d\u00e4mpning i mitten och i slutet av blosset p\u00e5 traditionella elektroniska cigaretter.<\/p><p>\u00c4ven om enhetens teknik s\u00e4kerst\u00e4ller en stabil produktion p\u00e5verkas den faktiska smakupplevelsen ocks\u00e5 av anv\u00e4ndarens smakk\u00e4nslighet. Till exempel kommer vissa ICE-smaker som ICE Mango och ICE Watermelon att ge ett subjektivt intryck av \u00ab\u00f6kad friskhet och minskad fruktighet\u00bb efter l\u00e5ngvarig anv\u00e4ndning. Det b\u00f6r noteras att denna f\u00f6r\u00e4ndring ofta inte beror p\u00e5 apparatens prestanda, utan kan vara en sensorisk illusion som orsakas av smakutmattning. L\u00e5ngvarig anv\u00e4ndning av samma smak leder till en gradvis anpassning av smaken till vissa ingredienser, vilket ger dig en \u00abmindre intensiv\u00bb k\u00e4nsla.<\/p><p>Om du tycker att smaken har blivit l\u00e4ttare ska du f\u00f6rst kontrollera om batteriet och e-v\u00e4tskan har tagit slut. Du kan sedan prova andra smaker f\u00f6r att minska smakutmattningen. Om du t.ex. varvar smaken \u00abICE\u00bb med mildare smaker som \u00abmango\u00bb och \u00abcantaloupe\u00bb kan det hj\u00e4lpa dig att \u00e5terst\u00e4lla smakens komplexa konsistens.<\/p>\t\t\t\t\t\t\t\t<\/div>\n\t\t\t\t<\/div>\n\t\t\t\t\t<\/div>\n\t\t\t\t<\/div>\n\t\t\t\t<\/div>","protected":false},"excerpt":{"rendered":"<p>Saveur : Skittles La saveur Skittles est con\u00e7ue pour recr\u00e9er l&rsquo;exp\u00e9rience \u00ab arc-en-ciel \u00bb des bonbons Skittles, en m\u00e9langeant plusieurs saveurs fruit\u00e9es pour un go\u00fbt complexe, sucr\u00e9, l\u00e9g\u00e8rement acidul\u00e9 et rafra\u00eechissant. Parmi les caract\u00e9ristiques sp\u00e9cifiques de la saveur, on retrouve : Fusion de fruits multiples : La saveur Skittles est un m\u00e9lange de plusieurs fruits, [&hellip;]<\/p>\n","protected":false},"featured_media":3171,"comment_status":"open","ping_status":"closed","template":"","meta":{"site-sidebar-layout":"no-sidebar","site-content-layout":"page-builder","ast-site-content-layout":"normal-width-container","site-content-style":"default","site-sidebar-style":"default","ast-global-header-display":"","ast-banner-title-visibility":"","ast-main-header-display":"","ast-hfb-above-header-display":"","ast-hfb-below-header-display":"","ast-hfb-mobile-header-display":"","site-post-title":"disabled","ast-breadcrumbs-content":"","ast-featured-img":"disabled","footer-sml-layout":"","ast-disable-related-posts":"","theme-transparent-header-meta":"default","adv-header-id-meta":"","stick-header-meta":"default","header-above-stick-meta":"","header-main-stick-meta":"","header-below-stick-meta":"","astra-migrate-meta-layouts":"set","ast-page-background-enabled":"default","ast-page-background-meta":{"desktop":{"background-color":"","background-image":"","background-repeat":"repeat","background-position":"center center","background-size":"auto","background-attachment":"scroll","background-type":"","background-media":"","overlay-type":"","overlay-color":"","overlay-opacity":"","overlay-gradient":""},"tablet":{"background-color":"","background-image":"","background-repeat":"repeat","background-position":"center center","background-size":"auto","background-attachment":"scroll","background-type":"","background-media":"","overlay-type":"","overlay-color":"","overlay-opacity":"","overlay-gradient":""},"mobile":{"background-color":"","background-image":"","background-repeat":"repeat","background-position":"center center","background-size":"auto","background-attachment":"scroll","background-type":"","background-media":"","overlay-type":"","overlay-color":"","overlay-opacity":"","overlay-gradient":""}},"ast-content-background-meta":{"desktop":{"background-color":"var(--ast-global-color-5)","background-image":"","background-repeat":"repeat","background-position":"center center","background-size":"auto","background-attachment":"scroll","background-type":"","background-media":"","overlay-type":"","overlay-color":"","overlay-opacity":"","overlay-gradient":""},"tablet":{"background-color":"var(--ast-global-color-5)","background-image":"","background-repeat":"repeat","background-position":"center center","background-size":"auto","background-attachment":"scroll","background-type":"","background-media":"","overlay-type":"","overlay-color":"","overlay-opacity":"","overlay-gradient":""},"mobile":{"background-color":"var(--ast-global-color-5)","background-image":"","background-repeat":"repeat","background-position":"center center","background-size":"auto","background-attachment":"scroll","background-type":"","background-media":"","overlay-type":"","overlay-color":"","overlay-opacity":"","overlay-gradient":""}}},"product_brand":[42],"product_cat":[43,78,15],"product_tag":[],"class_list":{"0":"post-3405","1":"product","2":"type-product","3":"status-publish","4":"has-post-thumbnail","6":"product_brand-randm-tornado","7":"product_cat-randm-tornado-9000","8":"product_cat-puff-9k","9":"product_cat-magasin-cigarette-electronique","10":"desktop-align-center","11":"tablet-align-center","12":"mobile-align-center","13":"ast-product-gallery-layout-horizontal","14":"ast-product-gallery-with-no-image","15":"ast-product-single-variable","16":"ast-product-tabs-layout-horizontal","17":"ast-qv-on-image","19":"first","20":"outofstock","21":"sale","22":"shipping-taxable","23":"purchasable","24":"product-type-variable","25":"has-default-attributes"},"tiered_pricing_type":"fixed","tiered_pricing_fixed_rules":{"30":8.58,"60":8.13,"100":7.61,"200":7.12,"400":6.86},"tiered_pricing_product_settings":{"layout":"default","base_unit_name":{"singular":null,"plural":null},"default_variation":null},"tiered_pricing_minimum_quantity":null,"tiered_pricing_roles_data":[],"tiered_pricing_percentage_rules":[],"_links":{"self":[{"href":"https:\/\/puffvapestore.com\/sv\/wp-json\/wp\/v2\/product\/3405","targetHints":{"allow":["GET"]}}],"collection":[{"href":"https:\/\/puffvapestore.com\/sv\/wp-json\/wp\/v2\/product"}],"about":[{"href":"https:\/\/puffvapestore.com\/sv\/wp-json\/wp\/v2\/types\/product"}],"replies":[{"embeddable":true,"href":"https:\/\/puffvapestore.com\/sv\/wp-json\/wp\/v2\/comments?post=3405"}],"version-history":[{"count":11,"href":"https:\/\/puffvapestore.com\/sv\/wp-json\/wp\/v2\/product\/3405\/revisions"}],"predecessor-version":[{"id":4755,"href":"https:\/\/puffvapestore.com\/sv\/wp-json\/wp\/v2\/product\/3405\/revisions\/4755"}],"wp:featuredmedia":[{"embeddable":true,"href":"https:\/\/puffvapestore.com\/sv\/wp-json\/wp\/v2\/media\/3171"}],"wp:attachment":[{"href":"https:\/\/puffvapestore.com\/sv\/wp-json\/wp\/v2\/media?parent=3405"}],"wp:term":[{"taxonomy":"product_brand","embeddable":true,"href":"https:\/\/puffvapestore.com\/sv\/wp-json\/wp\/v2\/product_brand?post=3405"},{"taxonomy":"product_cat","embeddable":true,"href":"https:\/\/puffvapestore.com\/sv\/wp-json\/wp\/v2\/product_cat?post=3405"},{"taxonomy":"product_tag","embeddable":true,"href":"https:\/\/puffvapestore.com\/sv\/wp-json\/wp\/v2\/product_tag?post=3405"}],"curies":[{"name":"wp","href":"https:\/\/api.w.org\/{rel}","templated":true}]}}