{"id":3331,"date":"2025-06-24T09:43:46","date_gmt":"2025-06-24T09:43:46","guid":{"rendered":"https:\/\/puffvapestore.com\/?post_type=product&#038;p=3331"},"modified":"2026-01-19T10:54:04","modified_gmt":"2026-01-19T10:54:04","slug":"puff-9000-randm-tornado-9k-guava-ice","status":"publish","type":"product","link":"https:\/\/puffvapestore.com\/sv\/product\/puff-9000-randm-tornado-9k-guava-is\/","title":{"rendered":"Puff 9000 RandM Tornado 9K - Guava Ice"},"content":{"rendered":"<div data-elementor-type=\"wp-post\" data-elementor-id=\"3331\" class=\"elementor elementor-3331\">\n\t\t\t\t<div class=\"elementor-element elementor-element-d3f3f97 e-flex e-con-boxed e-con e-parent\" data-id=\"d3f3f97\" data-element_type=\"container\" data-e-type=\"container\">\n\t\t\t\t\t<div class=\"e-con-inner\">\n\t\t\t\t<div class=\"elementor-element elementor-element-9600b1d elementor-widget elementor-widget-text-editor\" data-id=\"9600b1d\" data-element_type=\"widget\" data-e-type=\"widget\" data-widget_type=\"text-editor.default\">\n\t\t\t\t<div class=\"elementor-widget-container\">\n\t\t\t\t\t\t\t\t\t<h2>Smak : Guava Ice<\/h2><p>Iced Guava-smaken p\u00e5 den elektroniska eng\u00e5ngscigaretten RandM Tornado 9000 \u00e4r unik, med en ton av tropisk guava och en touch av uppfriskande mynta, utformad f\u00f6r att ge en mjuk, uppfriskande och uppfriskande r\u00f6kupplevelse.<\/p><ul><li>Huvudarom: S\u00e5 snart du andas in uppt\u00e4cker n\u00e4san en rik guava-arom, med den unika s\u00f6tman och den l\u00e4tta syran hos mogen guava, som om du njuter av en nyplockad tropisk frukt. Smaken av guava \u00e4r autentisk och intensiv, med en exotisk atmosf\u00e4r.<\/li><li>K\u00e4nsla av friskhet: Efter inandning kommer en doft av f\u00e4rsk mynta in i munnen och ger en uppfriskande effekt som kan j\u00e4mf\u00f6ras med en iskall dryck. Den svalkande k\u00e4nslan \u00e4r m\u00e5ttlig och irriterar inte halsen alltf\u00f6r mycket. Tv\u00e4rtom kompletterar den guavans s\u00f6tma och f\u00f6rh\u00f6jer den totala smaken.<\/li><li>S\u00f6tma: S\u00f6tman \u00e4r m\u00e5ttligt h\u00f6g och kommer fr\u00e5n guavans naturliga fruktos. Tillsatsen av mynta neutraliserar effektivt s\u00f6tman och f\u00f6rhindrar smakutmattning.<\/li><li>Eftersmak: P\u00e5 utandningen blandas den fruktiga aromen av guava och friskheten av mynta, vilket ger en uppfriskande, ren eftersmak. Denna eftersmak \u00e4r s\u00e4rskilt l\u00e4mpad f\u00f6r varma klimat eller l\u00e5ngvarig inandning.<\/li><li>Lager: Guava Ice har tydliga lager av smak. P\u00e5 inandningen dominerar den s\u00f6ta, fruktiga smaken av guava, f\u00f6ljt av den fr\u00e4scha smaken av mynta som gradvis kommer fram. P\u00e5 utandningen sm\u00e4lter de tv\u00e5 samman och erbjuder en dubbel tropisk och fr\u00e4sch njutning. Anv\u00e4ndare beskriver det ofta som att \u00absmaka p\u00e5 frusen guavajuice p\u00e5 en tropisk strand\u00bb.<\/li><\/ul>\t\t\t\t\t\t\t\t<\/div>\n\t\t\t\t<\/div>\n\t\t\t\t\t<\/div>\n\t\t\t\t<\/div>\n\t\t<div class=\"elementor-element elementor-element-08c26f9 e-flex e-con-boxed e-con e-parent\" data-id=\"08c26f9\" data-element_type=\"container\" data-e-type=\"container\">\n\t\t\t\t\t<div class=\"e-con-inner\">\n\t\t\t\t<div class=\"elementor-element elementor-element-a005a97 elementor-widget elementor-widget-text-editor\" data-id=\"a005a97\" data-element_type=\"widget\" data-e-type=\"widget\" data-widget_type=\"text-editor.default\">\n\t\t\t\t<div class=\"elementor-widget-container\">\n\t\t\t\t\t\t\t\t\t<h2>RandM Tornado 9K Guava Ice<\/h2><p>Den elektroniska cigaretten RandM Tornado 9000 Guava Ice har en extremt l\u00e5ng livsl\u00e4ngd (upp till 9 000 bloss), h\u00f6g prestanda och en unik design. Den \u00e4r utrustad med ett uppladdningsbart 850 mAh-batteri och ett USB-C snabbladdningsgr\u00e4nssnitt, vilket g\u00f6r att den kan laddas fullt p\u00e5 cirka en timme f\u00f6r l\u00e5ngvarig anv\u00e4ndning. Den integrerade oljetanken rymmer cirka 18 ml olja. Dessutom anv\u00e4nder RandM Tornado 9000 en 0,8 ohm mesh-atomiser f\u00f6r att effektivt f\u00f6rb\u00e4ttra r\u00f6kkoncentrationen och smaken.<\/p>\t\t\t\t\t\t\t\t<\/div>\n\t\t\t\t<\/div>\n\t\t\t\t\t<\/div>\n\t\t\t\t<\/div>\n\t\t<div class=\"elementor-element elementor-element-4ac287c e-flex e-con-boxed e-con e-parent\" data-id=\"4ac287c\" data-element_type=\"container\" data-e-type=\"container\">\n\t\t\t\t\t<div class=\"e-con-inner\">\n\t\t<div class=\"elementor-element elementor-element-bbd8e4a e-con-full e-flex e-con e-child\" data-id=\"bbd8e4a\" data-element_type=\"container\" data-e-type=\"container\">\n\t\t\t\t<div class=\"elementor-element elementor-element-0dc5338 elementor-widget elementor-widget-text-editor\" data-id=\"0dc5338\" data-element_type=\"widget\" data-e-type=\"widget\" data-widget_type=\"text-editor.default\">\n\t\t\t\t<div class=\"elementor-widget-container\">\n\t\t\t\t\t\t\t\t\t<h2>Egenskaper f\u00f6r RandM Tornado 9000 Guava Ice:<\/h2><ul><li>Puffkapacitet : Upp till 9.000 puffar, perfekt f\u00f6r l\u00e5ngvarig anv\u00e4ndning.<\/li><li>Batteri: 850 mAh uppladdningsbart batteri med Type-C laddningsfunktion f\u00f6r snabb och effektiv laddning.<\/li><li>E-v\u00e4tska: F\u00f6rfylld med 18 ml e-juice, nikotinkoncentration 2% eller 5% som tillval.<\/li><li>Teknik: Anv\u00e4nder avancerade n\u00e4tresistorer f\u00f6r mild, j\u00e4mn \u00e5nga och intensiv smak.<\/li><li>Design: Liten och l\u00e4tt, elegant och attraktiv, med ljusstarka RGB-lysdioder f\u00f6r utm\u00e4rkta visuella effekter. Inga knappar beh\u00f6vs: det \u00e4r bara att andas in f\u00f6r att starta, vilket \u00e4r praktiskt f\u00f6r nyb\u00f6rjare.<\/li><\/ul>\t\t\t\t\t\t\t\t<\/div>\n\t\t\t\t<\/div>\n\t\t\t\t<\/div>\n\t\t<div class=\"elementor-element elementor-element-8e0e87d e-con-full e-flex e-con e-child\" data-id=\"8e0e87d\" data-element_type=\"container\" data-e-type=\"container\">\n\t\t\t\t<div class=\"elementor-element elementor-element-63d978d elementor-widget elementor-widget-image-gallery\" data-id=\"63d978d\" data-element_type=\"widget\" data-e-type=\"widget\" data-widget_type=\"image-gallery.default\">\n\t\t\t\t<div class=\"elementor-widget-container\">\n\t\t\t\t\t\t\t<div class=\"elementor-image-gallery\">\n\t\t\t<div id='gallery-1' class='gallery galleryid-3331 gallery-columns-1 gallery-size-medium_large'><figure class='gallery-item'>\n\t\t\t<div class='gallery-icon landscape'>\n\t\t\t\t<img fetchpriority=\"high\" decoding=\"async\" width=\"768\" height=\"768\" src=\"https:\/\/puffvapestore.com\/wp-content\/uploads\/2025\/06\/RandM-Tornado-Vape-9000-Guava-Ice-pvafrt9000-768x768.jpg\" class=\"attachment-medium_large size-medium_large\" alt=\"Guava Ice RandM Tornado 9000\" aria-describedby=\"gallery-1-3154\" srcset=\"https:\/\/puffvapestore.com\/wp-content\/uploads\/2025\/06\/RandM-Tornado-Vape-9000-Guava-Ice-pvafrt9000-768x768.jpg 768w, https:\/\/puffvapestore.com\/wp-content\/uploads\/2025\/06\/RandM-Tornado-Vape-9000-Guava-Ice-pvafrt9000-300x300.jpg 300w, https:\/\/puffvapestore.com\/wp-content\/uploads\/2025\/06\/RandM-Tornado-Vape-9000-Guava-Ice-pvafrt9000-150x150.jpg 150w, https:\/\/puffvapestore.com\/wp-content\/uploads\/2025\/06\/RandM-Tornado-Vape-9000-Guava-Ice-pvafrt9000-600x600.jpg 600w, https:\/\/puffvapestore.com\/wp-content\/uploads\/2025\/06\/RandM-Tornado-Vape-9000-Guava-Ice-pvafrt9000-100x100.jpg 100w, https:\/\/puffvapestore.com\/wp-content\/uploads\/2025\/06\/RandM-Tornado-Vape-9000-Guava-Ice-pvafrt9000.jpg 1016w\" sizes=\"(max-width: 768px) 100vw, 768px\" \/>\n\t\t\t<\/div>\n\t\t\t\t<figcaption class='wp-caption-text gallery-caption' id='gallery-1-3154'>\n\t\t\t\tGuava Ice RandM Tornado 9000\n\t\t\t\t<\/figcaption><\/figure>\n\t\t<\/div>\n\t\t<\/div>\n\t\t\t\t\t\t<\/div>\n\t\t\t\t<\/div>\n\t\t\t\t<\/div>\n\t\t\t\t\t<\/div>\n\t\t\t\t<\/div>\n\t\t<div class=\"elementor-element elementor-element-718b380 e-flex e-con-boxed e-con e-parent\" data-id=\"718b380\" data-element_type=\"container\" data-e-type=\"container\">\n\t\t\t\t\t<div class=\"e-con-inner\">\n\t\t\t\t<div class=\"elementor-element elementor-element-d2cc8fa elementor-widget elementor-widget-text-editor\" data-id=\"d2cc8fa\" data-element_type=\"widget\" data-e-type=\"widget\" data-widget_type=\"text-editor.default\">\n\t\t\t\t<div class=\"elementor-widget-container\">\n\t\t\t\t\t\t\t\t\t<h3>\u00c4r batteritiden f\u00f6r RandM Tornado 9000 Guava Ice tillr\u00e4cklig f\u00f6r att anv\u00e4nda 18 ml e-juice?<\/h3><p>850 mAh-batteriet i RandM Tornado 9000 Guava Ice ger dig 9 000 puffar med 18 ml e-juice efter flera laddningar.<\/p><p>RandM Tornado 9000 Guava Ice \u00e4r utrustad med ett 850 mAh uppladdningsbart batteri och 18 ml f\u00f6rfylld e-juice, vilket ger cirka 9 000 puffar. Batteriet p\u00e5 850 mAh har h\u00f6gre kapacitet \u00e4n eng\u00e5ngsbatterier och m\u00f6jligg\u00f6r snabbladdning via Type-C-porten. 850 mAh-batteriet i RandM Tornado 9000 Guava Ice klarar cirka 200 till 1000 puffar p\u00e5 en enda full laddning (beroende p\u00e5 puffarnas varaktighet). En enda laddning p\u00e5 850 mAh r\u00e4cker inte f\u00f6r att t\u00e4cka 9000 puffar, men flera laddningar kan kompensera f\u00f6r detta underskott. Dessutom klarar litiumjonbatterier (som 850 mAh-batterier) i allm\u00e4nhet 300 till 500 fulla laddningscykler (fr\u00e5n 0 % till 100 %), vilket inneb\u00e4r att den totala autonomin vida \u00f6verstiger behoven hos eng\u00e5ngsapparater.<\/p><h3>F\u00f6rsvinner smaken av RandM Tornado 9000 med tiden?<\/h3><p>Smaken av RandM Tornado 9000 bleknar inte med tiden.<\/p><p>RandM Tornado 9000 erbjuder en mycket konsekvent smakupplevelse under hela anv\u00e4ndningscykeln. Den stora 18 ml e-juice-kapaciteten och 0,8 ohm mesh core-tekniken s\u00e4kerst\u00e4ller en j\u00e4mn och l\u00e5ngvarig dos. Fruktiga smaker som \u00abICE\u00bb och \u00abBlueberry Raspberry\u00bb beh\u00e5ller sin fr\u00e4sch\u00f6r och bleknar inte under flera veckors anv\u00e4ndning.<\/p><h5>Olika anv\u00e4ndarupplevelser f\u00f6r olika m\u00e4nniskor<\/h5><p>\u00c4ven om tekniken \u00e4r utformad f\u00f6r att bibeh\u00e5lla en j\u00e4mn smak kommer anv\u00e4ndarupplevelsen att variera fr\u00e5n person till person. Vissa anv\u00e4ndare rapporterar att vissa smaker (t.ex. de som inneh\u00e5ller \u00abICE\u00bb-element) kan uppleva smakf\u00f6r\u00e4ndringar efter l\u00e5ngvarig anv\u00e4ndning, t.ex. \u00f6kad friskhet och n\u00e5got l\u00e4ttare fruktiga smaker. Detta kan vara kopplat till smakutmattning. De flesta anv\u00e4ndare av den elektroniska cigaretten RandM Tornado 9000 upplever att smaken p\u00e5 den elektroniska cigaretten RandM Tornado 9000 f\u00f6rblir stabil under hela dess livscykel. Om du tr\u00f6ttnar p\u00e5 smaken kan du byta smak. Att byta smak ofta \u00e4r ett bra s\u00e4tt att lindra smakutmattning.<\/p>\t\t\t\t\t\t\t\t<\/div>\n\t\t\t\t<\/div>\n\t\t\t\t\t<\/div>\n\t\t\t\t<\/div>\n\t\t\t\t<\/div>","protected":false},"excerpt":{"rendered":"<p>Ar\u00f4me\u00a0: Guava Ice La saveur Goyave Glac\u00e9e de la cigarette \u00e9lectronique jetable RandM Tornado 9000 est unique, avec une note de goyave tropicale et une touche de menthe rafra\u00eechissante, con\u00e7ue pour offrir une exp\u00e9rience de fumage douce, rafra\u00eechissante et vivifiante. Ar\u00f4me principal\u00a0: D\u00e8s l&rsquo;inhalation, le nez d\u00e9couvre un ar\u00f4me riche de goyave, avec la douceur [&hellip;]<\/p>\n","protected":false},"featured_media":3154,"comment_status":"open","ping_status":"closed","template":"","meta":{"site-sidebar-layout":"no-sidebar","site-content-layout":"page-builder","ast-site-content-layout":"normal-width-container","site-content-style":"default","site-sidebar-style":"default","ast-global-header-display":"","ast-banner-title-visibility":"","ast-main-header-display":"","ast-hfb-above-header-display":"","ast-hfb-below-header-display":"","ast-hfb-mobile-header-display":"","site-post-title":"disabled","ast-breadcrumbs-content":"","ast-featured-img":"disabled","footer-sml-layout":"","ast-disable-related-posts":"","theme-transparent-header-meta":"default","adv-header-id-meta":"","stick-header-meta":"default","header-above-stick-meta":"","header-main-stick-meta":"","header-below-stick-meta":"","astra-migrate-meta-layouts":"set","ast-page-background-enabled":"default","ast-page-background-meta":{"desktop":{"background-color":"","background-image":"","background-repeat":"repeat","background-position":"center center","background-size":"auto","background-attachment":"scroll","background-type":"","background-media":"","overlay-type":"","overlay-color":"","overlay-opacity":"","overlay-gradient":""},"tablet":{"background-color":"","background-image":"","background-repeat":"repeat","background-position":"center center","background-size":"auto","background-attachment":"scroll","background-type":"","background-media":"","overlay-type":"","overlay-color":"","overlay-opacity":"","overlay-gradient":""},"mobile":{"background-color":"","background-image":"","background-repeat":"repeat","background-position":"center center","background-size":"auto","background-attachment":"scroll","background-type":"","background-media":"","overlay-type":"","overlay-color":"","overlay-opacity":"","overlay-gradient":""}},"ast-content-background-meta":{"desktop":{"background-color":"var(--ast-global-color-5)","background-image":"","background-repeat":"repeat","background-position":"center center","background-size":"auto","background-attachment":"scroll","background-type":"","background-media":"","overlay-type":"","overlay-color":"","overlay-opacity":"","overlay-gradient":""},"tablet":{"background-color":"var(--ast-global-color-5)","background-image":"","background-repeat":"repeat","background-position":"center center","background-size":"auto","background-attachment":"scroll","background-type":"","background-media":"","overlay-type":"","overlay-color":"","overlay-opacity":"","overlay-gradient":""},"mobile":{"background-color":"var(--ast-global-color-5)","background-image":"","background-repeat":"repeat","background-position":"center center","background-size":"auto","background-attachment":"scroll","background-type":"","background-media":"","overlay-type":"","overlay-color":"","overlay-opacity":"","overlay-gradient":""}}},"product_brand":[42],"product_cat":[43,78,15],"product_tag":[],"class_list":{"0":"post-3331","1":"product","2":"type-product","3":"status-publish","4":"has-post-thumbnail","6":"product_brand-randm-tornado","7":"product_cat-randm-tornado-9000","8":"product_cat-puff-9k","9":"product_cat-magasin-cigarette-electronique","10":"desktop-align-center","11":"tablet-align-center","12":"mobile-align-center","13":"ast-product-gallery-layout-horizontal","14":"ast-product-gallery-with-no-image","15":"ast-product-single-variable","16":"ast-product-tabs-layout-horizontal","17":"ast-qv-on-image","19":"first","20":"outofstock","21":"sale","22":"shipping-taxable","23":"purchasable","24":"product-type-variable","25":"has-default-attributes"},"tiered_pricing_type":"fixed","tiered_pricing_fixed_rules":{"30":8.58,"60":8.13,"100":7.61,"200":7.12,"400":6.86},"tiered_pricing_product_settings":{"layout":"default","base_unit_name":{"singular":null,"plural":null},"default_variation":null},"tiered_pricing_minimum_quantity":null,"tiered_pricing_roles_data":[],"tiered_pricing_percentage_rules":[],"_links":{"self":[{"href":"https:\/\/puffvapestore.com\/sv\/wp-json\/wp\/v2\/product\/3331","targetHints":{"allow":["GET"]}}],"collection":[{"href":"https:\/\/puffvapestore.com\/sv\/wp-json\/wp\/v2\/product"}],"about":[{"href":"https:\/\/puffvapestore.com\/sv\/wp-json\/wp\/v2\/types\/product"}],"replies":[{"embeddable":true,"href":"https:\/\/puffvapestore.com\/sv\/wp-json\/wp\/v2\/comments?post=3331"}],"version-history":[{"count":8,"href":"https:\/\/puffvapestore.com\/sv\/wp-json\/wp\/v2\/product\/3331\/revisions"}],"predecessor-version":[{"id":7250,"href":"https:\/\/puffvapestore.com\/sv\/wp-json\/wp\/v2\/product\/3331\/revisions\/7250"}],"wp:featuredmedia":[{"embeddable":true,"href":"https:\/\/puffvapestore.com\/sv\/wp-json\/wp\/v2\/media\/3154"}],"wp:attachment":[{"href":"https:\/\/puffvapestore.com\/sv\/wp-json\/wp\/v2\/media?parent=3331"}],"wp:term":[{"taxonomy":"product_brand","embeddable":true,"href":"https:\/\/puffvapestore.com\/sv\/wp-json\/wp\/v2\/product_brand?post=3331"},{"taxonomy":"product_cat","embeddable":true,"href":"https:\/\/puffvapestore.com\/sv\/wp-json\/wp\/v2\/product_cat?post=3331"},{"taxonomy":"product_tag","embeddable":true,"href":"https:\/\/puffvapestore.com\/sv\/wp-json\/wp\/v2\/product_tag?post=3331"}],"curies":[{"name":"wp","href":"https:\/\/api.w.org\/{rel}","templated":true}]}}