{"id":2535,"date":"2025-06-21T08:42:06","date_gmt":"2025-06-21T08:42:06","guid":{"rendered":"https:\/\/puffvapestore.com\/?post_type=product&#038;p=2535"},"modified":"2026-01-19T10:32:53","modified_gmt":"2026-01-19T10:32:53","slug":"puff-7000-randm-tornado-strawberry-banana","status":"publish","type":"product","link":"https:\/\/puffvapestore.com\/sv\/product\/puff-7000-randm-tornado-jordgubbe-banan\/","title":{"rendered":"Puff 7000 Taff RandM Tornado 7K - Jordgubbsbanan"},"content":{"rendered":"<div data-elementor-type=\"wp-post\" data-elementor-id=\"2535\" class=\"elementor elementor-2535\">\n\t\t\t\t<div class=\"elementor-element elementor-element-d3f3f97 e-flex e-con-boxed e-con e-parent\" data-id=\"d3f3f97\" data-element_type=\"container\" data-e-type=\"container\">\n\t\t\t\t\t<div class=\"e-con-inner\">\n\t\t\t\t<div class=\"elementor-element elementor-element-9600b1d elementor-widget elementor-widget-text-editor\" data-id=\"9600b1d\" data-element_type=\"widget\" data-e-type=\"widget\" data-widget_type=\"text-editor.default\">\n\t\t\t\t<div class=\"elementor-widget-container\">\n\t\t\t\t\t\t\t\t\t<h2>Smak: Jordgubbsbanan<\/h2><p>Smaken Strawberry Banana i RandM Tornado 7000 \u00e4r en klassisk och delikat fruktblandning med jordgubbar och bananer som huvudsmaker, utformad f\u00f6r att ge en len och naturlig tropisk dessertsmak.<\/p><ul><li><strong>Douce Fraise :<\/strong><br \/>Huvudsmaken \u00e4r mogna jordgubbar, som ger en saftig, naturlig s\u00f6tma som p\u00e5minner om nyplockade jordgubbar. Jordgubbssmaken \u00e4r fyllig och len och har en intensiv fruktig arom med en antydan till syra som understryker smakens renhet.<\/li><li><strong>Den kr\u00e4miga smaken av bananer :<\/strong><br \/>Banan \u00e4r en sekund\u00e4r smak som ger en silkeslen, mjuk s\u00f6tma som kompletterar jordgubbssmaken. Banansmaken k\u00e4nns tydligt p\u00e5 utandningen, med en kr\u00e4mig, silkeslen smak som \u00e4r rik och smidig men inte f\u00f6r tung.<\/li><\/ul>\t\t\t\t\t\t\t\t<\/div>\n\t\t\t\t<\/div>\n\t\t\t\t\t<\/div>\n\t\t\t\t<\/div>\n\t\t<div class=\"elementor-element elementor-element-08c26f9 e-flex e-con-boxed e-con e-parent\" data-id=\"08c26f9\" data-element_type=\"container\" data-e-type=\"container\">\n\t\t\t\t\t<div class=\"e-con-inner\">\n\t\t\t\t<div class=\"elementor-element elementor-element-a005a97 elementor-widget elementor-widget-text-editor\" data-id=\"a005a97\" data-element_type=\"widget\" data-e-type=\"widget\" data-widget_type=\"text-editor.default\">\n\t\t\t\t<div class=\"elementor-widget-container\">\n\t\t\t\t\t\t\t\t\t<h2>RandM Tornado 7K Jordgubbe Banan<\/h2><p>Den elektroniska eng\u00e5ngscigaretten RandM Tornado 7000 Strawberry Banana \u00e4r f\u00f6rfylld med 14 ml premium e-v\u00e4tska med nikotinsalter, med tv\u00e5 nikotinstyrkor: 2 % och 5 %, som uppfyller behoven hos b\u00e5de tillf\u00e4lliga vapers och de som letar efter en mer intensiv upplevelse. Det inbyggda batteriet har en p\u00e5litlig typ C-laddningsport f\u00f6r kontinuerlig str\u00f6m, s\u00e5 att anv\u00e4ndarna kan njuta av varje bloss. Den eleganta, b\u00e4rbara designen kombinerar praktiska egenskaper med l\u00e5ngvarig prestanda, vilket g\u00f6r den till ett perfekt val f\u00f6r entusiaster av elektroniska cigaretter.<\/p>\t\t\t\t\t\t\t\t<\/div>\n\t\t\t\t<\/div>\n\t\t\t\t\t<\/div>\n\t\t\t\t<\/div>\n\t\t<div class=\"elementor-element elementor-element-4ac287c e-flex e-con-boxed e-con e-parent\" data-id=\"4ac287c\" data-element_type=\"container\" data-e-type=\"container\">\n\t\t\t\t\t<div class=\"e-con-inner\">\n\t\t<div class=\"elementor-element elementor-element-bbd8e4a e-con-full e-flex e-con e-child\" data-id=\"bbd8e4a\" data-element_type=\"container\" data-e-type=\"container\">\n\t\t\t\t<div class=\"elementor-element elementor-element-0dc5338 elementor-widget elementor-widget-text-editor\" data-id=\"0dc5338\" data-element_type=\"widget\" data-e-type=\"widget\" data-widget_type=\"text-editor.default\">\n\t\t\t\t<div class=\"elementor-widget-container\">\n\t\t\t\t\t\t\t\t\t<h2>Egenskaper f\u00f6r RandM Tornado 7000 Strawberry Banana:<\/h2><ul><li><strong>Antal puffar<\/strong>\u00a0Varje enhet kan ta upp till 7 000 puffar, vilket \u00e4r perfekt f\u00f6r l\u00e5ngvarig anv\u00e4ndning.<\/li><li><strong>Batteri\u00a0<\/strong>850 mAh uppladdningsbart batteri med Typ C-laddningsport f\u00f6r snabbladdning (30 till 60 minuter).<\/li><li><strong>Kapacitet f\u00f6r e-v\u00e4tskor<\/strong>\u00a014 ml f\u00f6rfyllda tankar med ett urval av 2 % eller 5 % nikotinsalter.<\/li><li><strong>Design\u00a0<\/strong>Den \u00e4r b\u00e4rbar, tillverkad av h\u00e5llbara material och har en transparent oljebeh\u00e5llare f\u00f6r kontroll av den \u00e5terst\u00e5ende oljeniv\u00e5n. RGB-lampor och LED-indikatorer ger en elegant touch.<\/li><li><strong>Motst\u00e5nd mot maskor<\/strong>\u00a0Anv\u00e4nd ett Mesh-motst\u00e5nd f\u00f6r j\u00e4mn smak- och \u00e5ngproduktion.<\/li><\/ul>\t\t\t\t\t\t\t\t<\/div>\n\t\t\t\t<\/div>\n\t\t\t\t<\/div>\n\t\t<div class=\"elementor-element elementor-element-8e0e87d e-con-full e-flex e-con e-child\" data-id=\"8e0e87d\" data-element_type=\"container\" data-e-type=\"container\">\n\t\t\t\t<div class=\"elementor-element elementor-element-63d978d elementor-widget elementor-widget-image-gallery\" data-id=\"63d978d\" data-element_type=\"widget\" data-e-type=\"widget\" data-widget_type=\"image-gallery.default\">\n\t\t\t\t<div class=\"elementor-widget-container\">\n\t\t\t\t\t\t\t<div class=\"elementor-image-gallery\">\n\t\t\t<div id='gallery-1' class='gallery galleryid-2535 gallery-columns-1 gallery-size-medium_large'><figure class='gallery-item'>\n\t\t\t<div class='gallery-icon landscape'>\n\t\t\t\t<img fetchpriority=\"high\" decoding=\"async\" width=\"768\" height=\"768\" src=\"https:\/\/puffvapestore.com\/wp-content\/uploads\/2025\/06\/RandM-Tornado-7000-Strawberry-Banana-pvafrt7000-768x768.jpg\" class=\"attachment-medium_large size-medium_large\" alt=\"Jordgubb Banan RandM Tornado 7000\" aria-describedby=\"gallery-1-2287\" srcset=\"https:\/\/puffvapestore.com\/wp-content\/uploads\/2025\/06\/RandM-Tornado-7000-Strawberry-Banana-pvafrt7000-768x768.jpg 768w, https:\/\/puffvapestore.com\/wp-content\/uploads\/2025\/06\/RandM-Tornado-7000-Strawberry-Banana-pvafrt7000-300x300.jpg 300w, https:\/\/puffvapestore.com\/wp-content\/uploads\/2025\/06\/RandM-Tornado-7000-Strawberry-Banana-pvafrt7000-1024x1024.jpg 1024w, https:\/\/puffvapestore.com\/wp-content\/uploads\/2025\/06\/RandM-Tornado-7000-Strawberry-Banana-pvafrt7000-150x150.jpg 150w, https:\/\/puffvapestore.com\/wp-content\/uploads\/2025\/06\/RandM-Tornado-7000-Strawberry-Banana-pvafrt7000-600x600.jpg 600w, https:\/\/puffvapestore.com\/wp-content\/uploads\/2025\/06\/RandM-Tornado-7000-Strawberry-Banana-pvafrt7000-100x100.jpg 100w, https:\/\/puffvapestore.com\/wp-content\/uploads\/2025\/06\/RandM-Tornado-7000-Strawberry-Banana-pvafrt7000.jpg 1039w\" sizes=\"(max-width: 768px) 100vw, 768px\" \/>\n\t\t\t<\/div>\n\t\t\t\t<figcaption class='wp-caption-text gallery-caption' id='gallery-1-2287'>\n\t\t\t\tJordgubb Banan RandM Tornado 7000 \n\t\t\t\t<\/figcaption><\/figure>\n\t\t<\/div>\n\t\t<\/div>\n\t\t\t\t\t\t<\/div>\n\t\t\t\t<\/div>\n\t\t\t\t<\/div>\n\t\t\t\t\t<\/div>\n\t\t\t\t<\/div>\n\t\t<div class=\"elementor-element elementor-element-718b380 e-flex e-con-boxed e-con e-parent\" data-id=\"718b380\" data-element_type=\"container\" data-e-type=\"container\">\n\t\t\t\t\t<div class=\"e-con-inner\">\n\t\t\t\t<div class=\"elementor-element elementor-element-d2cc8fa elementor-widget elementor-widget-text-editor\" data-id=\"d2cc8fa\" data-element_type=\"widget\" data-e-type=\"widget\" data-widget_type=\"text-editor.default\">\n\t\t\t\t<div class=\"elementor-widget-container\">\n\t\t\t\t\t\t\t\t\t<h3>Avger RandM Tornado 7000 Strawberry Banana lukt eller l\u00e4cker den?<\/h3><p>RandM Tornado 7000 Strawberry Banana elektroniska cigaretter \u00e4r luktfria och l\u00e4cker inte olja vid normal anv\u00e4ndning.<\/p><p>Den elektroniska cigaretten RandM Tornado 7000 Strawberry Banana har en integrerad sluten design: komponenter som oljetank, batteri, n\u00e4tmotst\u00e5nd och munstycke \u00e4r integrerade i ett solitt skal. Tillverkat av h\u00f6gh\u00e5llfasta material och precisionsbearbetat, f\u00f6rb\u00e4ttrar detta skal inte bara dess strukturella styrka utan ocks\u00e5 dess motst\u00e5ndskraft mot l\u00e4ckage. I synnerhet anv\u00e4nds material av livsmedelskvalitet f\u00f6r oljelagring och en t\u00e4tningsbehandling i flera lager till\u00e4mpas f\u00f6r att effektivt f\u00f6rhindra oljef\u00f6r\u00e5ngning, oxidation och l\u00e4ckage.<\/p><p>F\u00f6r att f\u00f6rhindra oljel\u00e4ckage \u00e4r RandM Tornado 7000 Strawberry Banana f\u00f6rsedd med mycket elastiska, korrosionsbest\u00e4ndiga gummit\u00e4tningar och kuddar p\u00e5 ett antal viktiga punkter, inklusive anslutningen mellan oljebeh\u00e5llaren och atomiserk\u00e4rnan, den elektroniska cigarettens munstycke och s\u00e5 vidare. Dessutom \u00e4r den nedre delen av enheten f\u00f6rsedd med en silikonplugg eller t\u00e4tningsklisterm\u00e4rke som effektivt absorberar yttre st\u00f6tar och lufttrycksvariationer under transport eller f\u00f6rvaring och d\u00e4rmed f\u00f6rhindrar oljel\u00e4ckage. Hela den elektroniska cigaretten \u00e4r skyddad p\u00e5 flera s\u00e4tt, s\u00e4rskilt n\u00e4r det g\u00e4ller t\u00e4tningsstrukturen och materialvalet, f\u00f6r att garantera dess stabilitet och renhet p\u00e5 daglig basis.<\/p><h3>\u00c4r RandM Tornado 7000 Strawberry Banana kompatibel med automatisk start av inandning?<\/h3><p>Ja, den elektroniska cigaretten RandM Tornado 7000 Strawberry Banana \u00e4r kompatibel med automatisk inhalationsaktivering. Denna design kr\u00e4ver inga knappar. Inhalera helt enkelt och atomisatorn t\u00e4nds automatiskt, v\u00e4rmer upp e-v\u00e4tskan och producerar r\u00f6k. Dess grundl\u00e4ggande princip \u00e4r integrationen av en lufttryckssensor. N\u00e4r du andas in utl\u00f6ser luftfl\u00f6det sensorns signal, som omedelbart ger str\u00f6m till batteriet och aktiverar v\u00e4rmeelementet f\u00f6r att slutf\u00f6ra atomiseringsprocessen. Denna \u00abair switch\u00bb-teknik \u00e4r en av de vanligaste och mest bepr\u00f6vade metoderna f\u00f6r att kontrollera elektroniska eng\u00e5ngscigaretter.<\/p><p>Tekniken f\u00f6r automatisk aktivering av inandningen f\u00f6rb\u00e4ttrar avsev\u00e4rt komforten och anv\u00e4ndarv\u00e4nligheten, s\u00e4rskilt f\u00f6r nyb\u00f6rjare eller f\u00f6r dem som vill ha en upplevelse som \u00e4r klar att anv\u00e4nda. Den f\u00f6renklar anv\u00e4ndningen av knappar och undviker tr\u00e5kiga justeringar. Den \u00e4r idealisk f\u00f6r snabb anv\u00e4ndning i bilen, under utomhusaktiviteter eller i sv\u00e5r\u00e5tkomliga situationer. Dessutom minskar den risken f\u00f6r oavsiktlig kontakt, f\u00f6rb\u00e4ttrar den \u00f6vergripande s\u00e4kerheten och f\u00f6rl\u00e4nger enhetens livsl\u00e4ngd.<\/p><p>Det \u00e4r v\u00e4rt att n\u00e4mna att det automatiska aktiveringssystemet i RandM Tornado 7000 Strawberry Banana har optimerats f\u00f6r att bibeh\u00e5lla en k\u00e4nslig respons och stabil utl\u00f6sning \u00e4ven vid upprepad kontinuerlig anv\u00e4ndning, vilket undviker f\u00f6rdr\u00f6jd utl\u00f6sning eller utl\u00f6sningsfel.<\/p>\t\t\t\t\t\t\t\t<\/div>\n\t\t\t\t<\/div>\n\t\t\t\t\t<\/div>\n\t\t\t\t<\/div>\n\t\t\t\t<\/div>","protected":false},"excerpt":{"rendered":"<p>Saveur\u00a0: Strawberry Banana La saveur Fraise Banane du RandM Tornado 7000 est un m\u00e9lange fruit\u00e9 classique et d\u00e9licat, avec la fraise et la banane comme saveurs principales, con\u00e7u pour offrir une saveur de dessert tropical onctueuse et naturelle. Douce Fraise\u00a0:La saveur principale est celle de la fraise m\u00fbre, apportant une douceur juteuse et naturelle, rappelant [&hellip;]<\/p>\n","protected":false},"featured_media":2287,"comment_status":"open","ping_status":"closed","template":"","meta":{"site-sidebar-layout":"no-sidebar","site-content-layout":"page-builder","ast-site-content-layout":"normal-width-container","site-content-style":"default","site-sidebar-style":"default","ast-global-header-display":"","ast-banner-title-visibility":"","ast-main-header-display":"","ast-hfb-above-header-display":"","ast-hfb-below-header-display":"","ast-hfb-mobile-header-display":"","site-post-title":"disabled","ast-breadcrumbs-content":"","ast-featured-img":"disabled","footer-sml-layout":"","ast-disable-related-posts":"","theme-transparent-header-meta":"default","adv-header-id-meta":"","stick-header-meta":"default","header-above-stick-meta":"","header-main-stick-meta":"","header-below-stick-meta":"","astra-migrate-meta-layouts":"set","ast-page-background-enabled":"default","ast-page-background-meta":{"desktop":{"background-color":"","background-image":"","background-repeat":"repeat","background-position":"center center","background-size":"auto","background-attachment":"scroll","background-type":"","background-media":"","overlay-type":"","overlay-color":"","overlay-opacity":"","overlay-gradient":""},"tablet":{"background-color":"","background-image":"","background-repeat":"repeat","background-position":"center center","background-size":"auto","background-attachment":"scroll","background-type":"","background-media":"","overlay-type":"","overlay-color":"","overlay-opacity":"","overlay-gradient":""},"mobile":{"background-color":"","background-image":"","background-repeat":"repeat","background-position":"center center","background-size":"auto","background-attachment":"scroll","background-type":"","background-media":"","overlay-type":"","overlay-color":"","overlay-opacity":"","overlay-gradient":""}},"ast-content-background-meta":{"desktop":{"background-color":"var(--ast-global-color-5)","background-image":"","background-repeat":"repeat","background-position":"center center","background-size":"auto","background-attachment":"scroll","background-type":"","background-media":"","overlay-type":"","overlay-color":"","overlay-opacity":"","overlay-gradient":""},"tablet":{"background-color":"var(--ast-global-color-5)","background-image":"","background-repeat":"repeat","background-position":"center center","background-size":"auto","background-attachment":"scroll","background-type":"","background-media":"","overlay-type":"","overlay-color":"","overlay-opacity":"","overlay-gradient":""},"mobile":{"background-color":"var(--ast-global-color-5)","background-image":"","background-repeat":"repeat","background-position":"center center","background-size":"auto","background-attachment":"scroll","background-type":"","background-media":"","overlay-type":"","overlay-color":"","overlay-opacity":"","overlay-gradient":""}}},"product_brand":[42],"product_cat":[41,94,15],"product_tag":[],"class_list":{"0":"post-2535","1":"product","2":"type-product","3":"status-publish","4":"has-post-thumbnail","6":"product_brand-randm-tornado","7":"product_cat-randm-tornado-7000","8":"product_cat-puff-7k","9":"product_cat-magasin-cigarette-electronique","10":"desktop-align-center","11":"tablet-align-center","12":"mobile-align-center","13":"ast-product-gallery-layout-horizontal","14":"ast-product-gallery-with-no-image","15":"ast-product-single-variable","16":"ast-product-tabs-layout-horizontal","17":"ast-qv-on-image","19":"first","20":"outofstock","21":"sale","22":"shipping-taxable","23":"purchasable","24":"product-type-variable","25":"has-default-attributes"},"tiered_pricing_type":"fixed","tiered_pricing_fixed_rules":{"30":8.58,"60":8.12,"100":7.48,"200":6.98},"tiered_pricing_product_settings":{"layout":"default","base_unit_name":{"singular":null,"plural":null},"default_variation":null},"tiered_pricing_minimum_quantity":null,"tiered_pricing_roles_data":[],"tiered_pricing_percentage_rules":[],"_links":{"self":[{"href":"https:\/\/puffvapestore.com\/sv\/wp-json\/wp\/v2\/product\/2535","targetHints":{"allow":["GET"]}}],"collection":[{"href":"https:\/\/puffvapestore.com\/sv\/wp-json\/wp\/v2\/product"}],"about":[{"href":"https:\/\/puffvapestore.com\/sv\/wp-json\/wp\/v2\/types\/product"}],"replies":[{"embeddable":true,"href":"https:\/\/puffvapestore.com\/sv\/wp-json\/wp\/v2\/comments?post=2535"}],"version-history":[{"count":7,"href":"https:\/\/puffvapestore.com\/sv\/wp-json\/wp\/v2\/product\/2535\/revisions"}],"predecessor-version":[{"id":3716,"href":"https:\/\/puffvapestore.com\/sv\/wp-json\/wp\/v2\/product\/2535\/revisions\/3716"}],"wp:featuredmedia":[{"embeddable":true,"href":"https:\/\/puffvapestore.com\/sv\/wp-json\/wp\/v2\/media\/2287"}],"wp:attachment":[{"href":"https:\/\/puffvapestore.com\/sv\/wp-json\/wp\/v2\/media?parent=2535"}],"wp:term":[{"taxonomy":"product_brand","embeddable":true,"href":"https:\/\/puffvapestore.com\/sv\/wp-json\/wp\/v2\/product_brand?post=2535"},{"taxonomy":"product_cat","embeddable":true,"href":"https:\/\/puffvapestore.com\/sv\/wp-json\/wp\/v2\/product_cat?post=2535"},{"taxonomy":"product_tag","embeddable":true,"href":"https:\/\/puffvapestore.com\/sv\/wp-json\/wp\/v2\/product_tag?post=2535"}],"curies":[{"name":"wp","href":"https:\/\/api.w.org\/{rel}","templated":true}]}}