{"id":2498,"date":"2025-06-17T05:22:42","date_gmt":"2025-06-17T05:22:42","guid":{"rendered":"https:\/\/puffvapestore.com\/?post_type=product&#038;p=2498"},"modified":"2026-01-19T10:32:53","modified_gmt":"2026-01-19T10:32:53","slug":"puff-randm-tornado-7000-red-apple-ice","status":"publish","type":"product","link":"https:\/\/puffvapestore.com\/sv\/product\/puff-randm-tornado-7000-rott-apple-is\/","title":{"rendered":"Puff RandM Tornado 7000 - Red Apple Ice"},"content":{"rendered":"<div data-elementor-type=\"wp-post\" data-elementor-id=\"2498\" class=\"elementor elementor-2498\">\n\t\t\t\t<div class=\"elementor-element elementor-element-d3f3f97 e-flex e-con-boxed e-con e-parent\" data-id=\"d3f3f97\" data-element_type=\"container\" data-e-type=\"container\">\n\t\t\t\t\t<div class=\"e-con-inner\">\n\t\t\t\t<div class=\"elementor-element elementor-element-9600b1d elementor-widget elementor-widget-text-editor\" data-id=\"9600b1d\" data-element_type=\"widget\" data-e-type=\"widget\" data-widget_type=\"text-editor.default\">\n\t\t\t\t<div class=\"elementor-widget-container\">\n\t\t\t\t\t\t\t\t\t<h2>Smak: Red Apple Ice<\/h2><p>Pomme Rouge Glac\u00e9e \u00e4r en klassisk isad \u00e4ppelsmak fr\u00e5n serien RandM Tornado 7000, som kombinerar s\u00f6ta \u00e4pplen med f\u00e4rsk mynta. Den har en v\u00e4lbalanserad smak och \u00e4r perfekt f\u00f6r alla som \u00e4lskar frukt och f\u00e4rsk mynta.<\/p><ul><li><strong>S\u00f6tma och syra fr\u00e5n det r\u00f6da \u00e4pplet :<\/strong><br \/>Huvudaromen \u00e4r den naturliga s\u00f6tman hos mogna r\u00f6da \u00e4pplen, vilket ger en saftig k\u00e4nsla, som att bita i ett f\u00e4rskt \u00e4pple. Smaken av r\u00f6da \u00e4pplen \u00e4r s\u00f6t utan att vara fet, med en l\u00e4tt syrlighet som imiterar fruktens krispighet.<\/li><li><strong>Uppfriskande eftersmak av f\u00e4rsk mynta:<\/strong><br \/>Efter inandning f\u00f6rvandlas s\u00f6tman fr\u00e5n de r\u00f6da \u00e4pplena gradvis till en antydan av f\u00e4rsk mynta (mentol). Den h\u00e4r uppfriskande effekten \u00e4r perfekt och ger en k\u00e4nsla av svalka till den fruktiga smaken, som att sippa p\u00e5 ett glas kyld \u00e4ppeljuice en varm sommardag. P\u00e5 utandningen l\u00e4mnar den svalkande k\u00e4nslan en uppfriskande, uppfriskande finish i munnen och halsen, vilket f\u00f6rb\u00e4ttrar helhetsupplevelsen och g\u00f6r varje klunk njutbar.<\/li><\/ul>\t\t\t\t\t\t\t\t<\/div>\n\t\t\t\t<\/div>\n\t\t\t\t\t<\/div>\n\t\t\t\t<\/div>\n\t\t<div class=\"elementor-element elementor-element-08c26f9 e-flex e-con-boxed e-con e-parent\" data-id=\"08c26f9\" data-element_type=\"container\" data-e-type=\"container\">\n\t\t\t\t\t<div class=\"e-con-inner\">\n\t\t\t\t<div class=\"elementor-element elementor-element-a005a97 elementor-widget elementor-widget-text-editor\" data-id=\"a005a97\" data-element_type=\"widget\" data-e-type=\"widget\" data-widget_type=\"text-editor.default\">\n\t\t\t\t<div class=\"elementor-widget-container\">\n\t\t\t\t\t\t\t\t\t<h2>RandM Tornado 7000 Red Apple Ice<\/h2><p>Den elektroniska eng\u00e5ngscigaretten RandM Tornado 7000 Red Apple Ice \u00e4r f\u00f6rfylld med 14 ml premium e-v\u00e4tska med nikotinsalter, med tv\u00e5 nikotinstyrkor: 2 % och 5 %, som uppfyller behoven hos b\u00e5de tillf\u00e4lliga vapers och de som letar efter en mer intensiv upplevelse. Det inbyggda batteriet har en p\u00e5litlig typ C-laddningsport f\u00f6r kontinuerlig str\u00f6m, s\u00e5 att anv\u00e4ndarna kan njuta av varje bloss. Den eleganta, b\u00e4rbara designen kombinerar praktiska egenskaper med l\u00e5ngvarig prestanda, vilket g\u00f6r den till ett perfekt val f\u00f6r entusiaster av elektroniska cigaretter.<\/p>\t\t\t\t\t\t\t\t<\/div>\n\t\t\t\t<\/div>\n\t\t\t\t\t<\/div>\n\t\t\t\t<\/div>\n\t\t<div class=\"elementor-element elementor-element-4ac287c e-flex e-con-boxed e-con e-parent\" data-id=\"4ac287c\" data-element_type=\"container\" data-e-type=\"container\">\n\t\t\t\t\t<div class=\"e-con-inner\">\n\t\t<div class=\"elementor-element elementor-element-bbd8e4a e-con-full e-flex e-con e-child\" data-id=\"bbd8e4a\" data-element_type=\"container\" data-e-type=\"container\">\n\t\t\t\t<div class=\"elementor-element elementor-element-0dc5338 elementor-widget elementor-widget-text-editor\" data-id=\"0dc5338\" data-element_type=\"widget\" data-e-type=\"widget\" data-widget_type=\"text-editor.default\">\n\t\t\t\t<div class=\"elementor-widget-container\">\n\t\t\t\t\t\t\t\t\t<h2>Egenskaper f\u00f6r RandM Tornado 7000 Red Apple Ice:<\/h2><ul><li><strong>Antal puffar<\/strong>\u00a0Varje enhet kan ta upp till 7 000 puffar, vilket \u00e4r perfekt f\u00f6r l\u00e5ngvarig anv\u00e4ndning.<\/li><li><strong>Batteri\u00a0<\/strong>850 mAh uppladdningsbart batteri med Typ C-laddningsport f\u00f6r snabbladdning (30 till 60 minuter).<\/li><li><strong>Kapacitet f\u00f6r e-v\u00e4tskor<\/strong>\u00a014 ml f\u00f6rfyllda tankar med ett urval av 2 % eller 5 % nikotinsalter.<\/li><li><strong>Design\u00a0<\/strong>Den \u00e4r b\u00e4rbar, tillverkad av h\u00e5llbara material och har en transparent oljebeh\u00e5llare f\u00f6r kontroll av den \u00e5terst\u00e5ende oljeniv\u00e5n. RGB-lampor och LED-indikatorer ger en elegant touch.<\/li><li><strong>Motst\u00e5nd mot maskor<\/strong>\u00a0Anv\u00e4nd ett Mesh-motst\u00e5nd f\u00f6r j\u00e4mn smak- och \u00e5ngproduktion.<\/li><\/ul>\t\t\t\t\t\t\t\t<\/div>\n\t\t\t\t<\/div>\n\t\t\t\t<\/div>\n\t\t<div class=\"elementor-element elementor-element-8e0e87d e-con-full e-flex e-con e-child\" data-id=\"8e0e87d\" data-element_type=\"container\" data-e-type=\"container\">\n\t\t\t\t<div class=\"elementor-element elementor-element-63d978d elementor-widget elementor-widget-image-gallery\" data-id=\"63d978d\" data-element_type=\"widget\" data-e-type=\"widget\" data-widget_type=\"image-gallery.default\">\n\t\t\t\t<div class=\"elementor-widget-container\">\n\t\t\t\t\t\t\t<div class=\"elementor-image-gallery\">\n\t\t\t<div id='gallery-1' class='gallery galleryid-2498 gallery-columns-1 gallery-size-medium_large'><figure class='gallery-item'>\n\t\t\t<div class='gallery-icon landscape'>\n\t\t\t\t<img fetchpriority=\"high\" decoding=\"async\" width=\"768\" height=\"768\" src=\"https:\/\/puffvapestore.com\/wp-content\/uploads\/2025\/06\/RandM-Tornado-Vape-7000-Red-Apple-Ice-pvafrt7000-768x768.jpg\" class=\"attachment-medium_large size-medium_large\" alt=\"Red Apple Ice RandM Tornado Vape 7000\" aria-describedby=\"gallery-1-2284\" srcset=\"https:\/\/puffvapestore.com\/wp-content\/uploads\/2025\/06\/RandM-Tornado-Vape-7000-Red-Apple-Ice-pvafrt7000-768x768.jpg 768w, https:\/\/puffvapestore.com\/wp-content\/uploads\/2025\/06\/RandM-Tornado-Vape-7000-Red-Apple-Ice-pvafrt7000-300x300.jpg 300w, https:\/\/puffvapestore.com\/wp-content\/uploads\/2025\/06\/RandM-Tornado-Vape-7000-Red-Apple-Ice-pvafrt7000-1024x1024.jpg 1024w, https:\/\/puffvapestore.com\/wp-content\/uploads\/2025\/06\/RandM-Tornado-Vape-7000-Red-Apple-Ice-pvafrt7000-150x150.jpg 150w, https:\/\/puffvapestore.com\/wp-content\/uploads\/2025\/06\/RandM-Tornado-Vape-7000-Red-Apple-Ice-pvafrt7000-600x600.jpg 600w, https:\/\/puffvapestore.com\/wp-content\/uploads\/2025\/06\/RandM-Tornado-Vape-7000-Red-Apple-Ice-pvafrt7000-100x100.jpg 100w, https:\/\/puffvapestore.com\/wp-content\/uploads\/2025\/06\/RandM-Tornado-Vape-7000-Red-Apple-Ice-pvafrt7000.jpg 1039w\" sizes=\"(max-width: 768px) 100vw, 768px\" \/>\n\t\t\t<\/div>\n\t\t\t\t<figcaption class='wp-caption-text gallery-caption' id='gallery-1-2284'>\n\t\t\t\tRandM Tornado Vape 7000 Red Apple Ice pvafrt7000\n\t\t\t\t<\/figcaption><\/figure>\n\t\t<\/div>\n\t\t<\/div>\n\t\t\t\t\t\t<\/div>\n\t\t\t\t<\/div>\n\t\t\t\t<\/div>\n\t\t\t\t\t<\/div>\n\t\t\t\t<\/div>\n\t\t<div class=\"elementor-element elementor-element-718b380 e-flex e-con-boxed e-con e-parent\" data-id=\"718b380\" data-element_type=\"container\" data-e-type=\"container\">\n\t\t\t\t\t<div class=\"e-con-inner\">\n\t\t\t\t<div class=\"elementor-element elementor-element-d2cc8fa elementor-widget elementor-widget-text-editor\" data-id=\"d2cc8fa\" data-element_type=\"widget\" data-e-type=\"widget\" data-widget_type=\"text-editor.default\">\n\t\t\t\t<div class=\"elementor-widget-container\">\n\t\t\t\t\t\t\t\t\t<h3>Avger RandM Tornado 7000 Red Apple Ice lukt eller l\u00e4cker den?<\/h3><p>RandM Tornado 7000 Red Apple Ice elektroniska cigaretter \u00e4r luktfria och l\u00e4cker inte olja vid normal anv\u00e4ndning.<\/p><p>Den elektroniska cigaretten RandM Tornado 7000 Red Apple Ice har en integrerad sluten design: komponenter som oljetank, batteri, n\u00e4tmotst\u00e5nd och munstycke \u00e4r integrerade i ett solitt skal. Tillverkat av h\u00f6gh\u00e5llfasta material och precisionsbearbetat, f\u00f6rb\u00e4ttrar detta skal inte bara dess strukturella styrka utan ocks\u00e5 dess motst\u00e5ndskraft mot l\u00e4ckage. I synnerhet anv\u00e4nds livsmedelsklassade material f\u00f6r oljelagring och en t\u00e4tningsbehandling i flera lager till\u00e4mpas f\u00f6r att effektivt f\u00f6rhindra oljef\u00f6r\u00e5ngning, oxidation och l\u00e4ckage.<\/p><p>F\u00f6r att f\u00f6rhindra oljel\u00e4ckage \u00e4r RandM Tornado 7000 Red Apple Ice f\u00f6rsedd med mycket elastiska, korrosionsbest\u00e4ndiga gummit\u00e4tningar och kuddar p\u00e5 ett antal viktiga punkter, inklusive anslutningen mellan oljebeh\u00e5llaren och atomiserk\u00e4rnan, den elektroniska cigarettens munstycke etc. Enhetens botten \u00e4r ocks\u00e5 f\u00f6rsedd med en silikonplugg eller t\u00e4tningsetikett, som effektivt absorberar yttre st\u00f6tar och lufttrycksvariationer under transport. Dessutom \u00e4r enhetens nedre del f\u00f6rsedd med en silikonplugg eller t\u00e4tningsetikett, som effektivt absorberar externa st\u00f6tar och lufttrycksvariationer under transport eller lagring och d\u00e4rmed f\u00f6rhindrar oljel\u00e4ckage. Hela den elektroniska cigaretten \u00e4r skyddad p\u00e5 flera s\u00e4tt, s\u00e4rskilt n\u00e4r det g\u00e4ller t\u00e4tningsstrukturen och materialvalet, f\u00f6r att garantera dess stabilitet och renhet p\u00e5 daglig basis.<\/p><h3>\u00c4r RandM Tornado 7000 Red Apple Ice kompatibel med automatisk start av inandning?<\/h3><p>Ja, den elektroniska cigaretten RandM Tornado 7000 Red Apple Ice \u00e4r kompatibel med automatisk inhalationsaktivering. Denna design kr\u00e4ver inga knappar. Andas bara in s\u00e5 t\u00e4nds atomisatorn automatiskt, v\u00e4rmer upp e-v\u00e4tskan och producerar r\u00f6k. Dess grundl\u00e4ggande princip \u00e4r integrationen av en lufttryckssensor. N\u00e4r du andas in utl\u00f6ser luftfl\u00f6det sensorns signal, som omedelbart ger str\u00f6m till batteriet och aktiverar v\u00e4rmeelementet f\u00f6r att slutf\u00f6ra atomiseringsprocessen. Denna \u00abair switch\u00bb-teknik \u00e4r en av de vanligaste och mest bepr\u00f6vade metoderna f\u00f6r att kontrollera elektroniska eng\u00e5ngscigaretter.<\/p><p>Tekniken f\u00f6r automatisk aktivering av inandningen f\u00f6rb\u00e4ttrar avsev\u00e4rt komforten och anv\u00e4ndarv\u00e4nligheten, s\u00e4rskilt f\u00f6r nyb\u00f6rjare eller f\u00f6r dem som vill ha en upplevelse som \u00e4r klar att anv\u00e4nda. Den f\u00f6renklar anv\u00e4ndningen av knappar och undviker tr\u00e5kiga justeringar. Den \u00e4r idealisk f\u00f6r snabb anv\u00e4ndning i bilen, under utomhusaktiviteter eller i sv\u00e5r\u00e5tkomliga situationer. Dessutom minskar den risken f\u00f6r oavsiktlig kontakt, f\u00f6rb\u00e4ttrar den \u00f6vergripande s\u00e4kerheten och f\u00f6rl\u00e4nger enhetens livsl\u00e4ngd.<\/p><p>Det \u00e4r v\u00e4rt att n\u00e4mna att det automatiska aktiveringssystemet i RandM Tornado 7000 Red Apple Ice har optimerats f\u00f6r att bibeh\u00e5lla en k\u00e4nslig respons och stabil utl\u00f6sning \u00e4ven vid upprepad kontinuerlig anv\u00e4ndning, vilket undviker f\u00f6rdr\u00f6jd utl\u00f6sning eller utl\u00f6sningsfel.<\/p>\t\t\t\t\t\t\t\t<\/div>\n\t\t\t\t<\/div>\n\t\t\t\t\t<\/div>\n\t\t\t\t<\/div>\n\t\t\t\t<\/div>","protected":false},"excerpt":{"rendered":"<p>Saveur\u00a0: Red Apple Ice La Pomme Rouge Glac\u00e9e est un ar\u00f4me classique de pomme glac\u00e9e de la gamme RandM Tornado 7000. Il allie des pommes sucr\u00e9es \u00e0 une menthe fra\u00eeche. Son go\u00fbt est tr\u00e8s \u00e9quilibr\u00e9 et convient aux amateurs de fruits et de menthe fra\u00eeche. Douceur et acidit\u00e9 de la pomme rouge\u00a0: L&rsquo;ar\u00f4me principal est [&hellip;]<\/p>\n","protected":false},"featured_media":2284,"comment_status":"open","ping_status":"closed","template":"","meta":{"site-sidebar-layout":"no-sidebar","site-content-layout":"page-builder","ast-site-content-layout":"normal-width-container","site-content-style":"default","site-sidebar-style":"default","ast-global-header-display":"","ast-banner-title-visibility":"","ast-main-header-display":"","ast-hfb-above-header-display":"","ast-hfb-below-header-display":"","ast-hfb-mobile-header-display":"","site-post-title":"disabled","ast-breadcrumbs-content":"","ast-featured-img":"disabled","footer-sml-layout":"","ast-disable-related-posts":"","theme-transparent-header-meta":"default","adv-header-id-meta":"","stick-header-meta":"default","header-above-stick-meta":"","header-main-stick-meta":"","header-below-stick-meta":"","astra-migrate-meta-layouts":"set","ast-page-background-enabled":"default","ast-page-background-meta":{"desktop":{"background-color":"","background-image":"","background-repeat":"repeat","background-position":"center center","background-size":"auto","background-attachment":"scroll","background-type":"","background-media":"","overlay-type":"","overlay-color":"","overlay-opacity":"","overlay-gradient":""},"tablet":{"background-color":"","background-image":"","background-repeat":"repeat","background-position":"center center","background-size":"auto","background-attachment":"scroll","background-type":"","background-media":"","overlay-type":"","overlay-color":"","overlay-opacity":"","overlay-gradient":""},"mobile":{"background-color":"","background-image":"","background-repeat":"repeat","background-position":"center center","background-size":"auto","background-attachment":"scroll","background-type":"","background-media":"","overlay-type":"","overlay-color":"","overlay-opacity":"","overlay-gradient":""}},"ast-content-background-meta":{"desktop":{"background-color":"var(--ast-global-color-5)","background-image":"","background-repeat":"repeat","background-position":"center center","background-size":"auto","background-attachment":"scroll","background-type":"","background-media":"","overlay-type":"","overlay-color":"","overlay-opacity":"","overlay-gradient":""},"tablet":{"background-color":"var(--ast-global-color-5)","background-image":"","background-repeat":"repeat","background-position":"center center","background-size":"auto","background-attachment":"scroll","background-type":"","background-media":"","overlay-type":"","overlay-color":"","overlay-opacity":"","overlay-gradient":""},"mobile":{"background-color":"var(--ast-global-color-5)","background-image":"","background-repeat":"repeat","background-position":"center center","background-size":"auto","background-attachment":"scroll","background-type":"","background-media":"","overlay-type":"","overlay-color":"","overlay-opacity":"","overlay-gradient":""}}},"product_brand":[42],"product_cat":[41,94,15],"product_tag":[],"class_list":{"0":"post-2498","1":"product","2":"type-product","3":"status-publish","4":"has-post-thumbnail","6":"product_brand-randm-tornado","7":"product_cat-randm-tornado-7000","8":"product_cat-puff-7k","9":"product_cat-magasin-cigarette-electronique","10":"desktop-align-center","11":"tablet-align-center","12":"mobile-align-center","13":"ast-product-gallery-layout-horizontal","14":"ast-product-gallery-with-no-image","15":"ast-product-single-variable","16":"ast-product-tabs-layout-horizontal","17":"ast-qv-on-image","19":"first","20":"outofstock","21":"sale","22":"shipping-taxable","23":"purchasable","24":"product-type-variable","25":"has-default-attributes"},"tiered_pricing_type":"fixed","tiered_pricing_fixed_rules":{"30":8.58,"60":8.12,"100":7.48,"200":6.98},"tiered_pricing_product_settings":{"layout":"default","base_unit_name":{"singular":null,"plural":null},"default_variation":null},"tiered_pricing_minimum_quantity":null,"tiered_pricing_roles_data":[],"tiered_pricing_percentage_rules":[],"_links":{"self":[{"href":"https:\/\/puffvapestore.com\/sv\/wp-json\/wp\/v2\/product\/2498","targetHints":{"allow":["GET"]}}],"collection":[{"href":"https:\/\/puffvapestore.com\/sv\/wp-json\/wp\/v2\/product"}],"about":[{"href":"https:\/\/puffvapestore.com\/sv\/wp-json\/wp\/v2\/types\/product"}],"replies":[{"embeddable":true,"href":"https:\/\/puffvapestore.com\/sv\/wp-json\/wp\/v2\/comments?post=2498"}],"version-history":[{"count":8,"href":"https:\/\/puffvapestore.com\/sv\/wp-json\/wp\/v2\/product\/2498\/revisions"}],"predecessor-version":[{"id":7257,"href":"https:\/\/puffvapestore.com\/sv\/wp-json\/wp\/v2\/product\/2498\/revisions\/7257"}],"wp:featuredmedia":[{"embeddable":true,"href":"https:\/\/puffvapestore.com\/sv\/wp-json\/wp\/v2\/media\/2284"}],"wp:attachment":[{"href":"https:\/\/puffvapestore.com\/sv\/wp-json\/wp\/v2\/media?parent=2498"}],"wp:term":[{"taxonomy":"product_brand","embeddable":true,"href":"https:\/\/puffvapestore.com\/sv\/wp-json\/wp\/v2\/product_brand?post=2498"},{"taxonomy":"product_cat","embeddable":true,"href":"https:\/\/puffvapestore.com\/sv\/wp-json\/wp\/v2\/product_cat?post=2498"},{"taxonomy":"product_tag","embeddable":true,"href":"https:\/\/puffvapestore.com\/sv\/wp-json\/wp\/v2\/product_tag?post=2498"}],"curies":[{"name":"wp","href":"https:\/\/api.w.org\/{rel}","templated":true}]}}