{"id":2443,"date":"2025-06-12T05:02:51","date_gmt":"2025-06-12T05:02:51","guid":{"rendered":"https:\/\/puffvapestore.com\/?post_type=product&#038;p=2443"},"modified":"2026-01-19T10:32:53","modified_gmt":"2026-01-19T10:32:53","slug":"randm-tornado-7000-vape-blackcurrant-menthol","status":"publish","type":"product","link":"https:\/\/puffvapestore.com\/sv\/product\/randm-tornado-7000-vape-svartvinbar-mentol\/","title":{"rendered":"RandM Tornado 7000 Vape - Svartvinb\u00e4r Menthol"},"content":{"rendered":"<div data-elementor-type=\"wp-post\" data-elementor-id=\"2443\" class=\"elementor elementor-2443\">\n\t\t\t\t<div class=\"elementor-element elementor-element-d3f3f97 e-flex e-con-boxed e-con e-parent\" data-id=\"d3f3f97\" data-element_type=\"container\" data-e-type=\"container\">\n\t\t\t\t\t<div class=\"e-con-inner\">\n\t\t\t\t<div class=\"elementor-element elementor-element-9600b1d elementor-widget elementor-widget-text-editor\" data-id=\"9600b1d\" data-element_type=\"widget\" data-e-type=\"widget\" data-widget_type=\"text-editor.default\">\n\t\t\t\t<div class=\"elementor-widget-container\">\n\t\t\t\t\t\t\t\t\t<h2>Smak: Svartvinb\u00e4r Menthol<\/h2><p>RandM Tornado 7000 Blackcurrant Menthol kombinerar den fruktiga aromen av mogna svarta vinb\u00e4r med f\u00e4rsk mynta. Denna s\u00f6tsura fruktiga smak kombinerad med en fr\u00e4sch k\u00e4nsla \u00e4r perfekt f\u00f6r fans av fruktig, uppfriskande vape.<\/p><ul><li><strong>Den fruktiga doften av svarta vinb\u00e4r :<\/strong><br \/>N\u00e4r r\u00f6ken kommer in i munnen \u00e4r svartvinb\u00e4rssmaken s\u00e4rskilt uttalad och ger en s\u00f6tsyrlig och fruktig upplevelse. Smaken p\u00e5minner om nyplockade svarta vinb\u00e4r, med en rik, saftig smak, naturlig b\u00e4rs\u00f6tma och subtil syra. Den fruktiga aromen skapar en djup bas f\u00f6r en kraftfull, men inte \u00f6verdrivet s\u00f6t och o\u00e4ndlig smak.<\/li><li><strong>Uppfriskande mentol :<\/strong><br \/>Den uppfriskande effekten av mentol k\u00e4nns gradvis p\u00e5 utandningen och skapar en isig k\u00e4nsla i munnen. Tillsatsen av mentol ger en uppfriskande fr\u00e4sch\u00f6r vid varje inandning och utandning, vilket ger intrycket av att bita i en isig svartvinb\u00e4rssmoothie en varm sommardag. Denna uppfriskande k\u00e4nsla maskerar inte den fruktiga smaken, utan samexisterar harmoniskt med den och f\u00f6rh\u00f6jer helheten.<\/li><\/ul>\t\t\t\t\t\t\t\t<\/div>\n\t\t\t\t<\/div>\n\t\t\t\t\t<\/div>\n\t\t\t\t<\/div>\n\t\t<div class=\"elementor-element elementor-element-08c26f9 e-flex e-con-boxed e-con e-parent\" data-id=\"08c26f9\" data-element_type=\"container\" data-e-type=\"container\">\n\t\t\t\t\t<div class=\"e-con-inner\">\n\t\t\t\t<div class=\"elementor-element elementor-element-a005a97 elementor-widget elementor-widget-text-editor\" data-id=\"a005a97\" data-element_type=\"widget\" data-e-type=\"widget\" data-widget_type=\"text-editor.default\">\n\t\t\t\t<div class=\"elementor-widget-container\">\n\t\t\t\t\t\t\t\t\t<h2>RandM Tornado 7000 Svartvinb\u00e4r Menthol<\/h2><p>RandM Tornado 7000 \u00e4r en p\u00e5fyllningsbar elektronisk eng\u00e5ngscigarett som hyllas av anv\u00e4ndare f\u00f6r sin livsl\u00e4ngd p\u00e5 7 000 bloss och f\u00f6rstklassiga prestanda. Den \u00e4r f\u00f6rfylld med 14 ml e-juice med nikotinsalter, med nikotinkoncentrationer p\u00e5 2 % och 5 %, f\u00f6r att tillgodose olika r\u00f6kares behov. Enheten \u00e4r utrustad med ett uppladdningsbart batteri och en typ C-laddningsport.<\/p><p>En annan viktig egenskap hos denna elektroniska cigarett \u00e4r dess n\u00e4tmotst\u00e5nd, som ger en rikare och mer enhetlig r\u00f6kupplevelse. Enheten \u00e4r knappl\u00f6s och har en automatisk inandningsstart f\u00f6r enklare anv\u00e4ndning.<\/p>\t\t\t\t\t\t\t\t<\/div>\n\t\t\t\t<\/div>\n\t\t\t\t\t<\/div>\n\t\t\t\t<\/div>\n\t\t<div class=\"elementor-element elementor-element-4ac287c e-flex e-con-boxed e-con e-parent\" data-id=\"4ac287c\" data-element_type=\"container\" data-e-type=\"container\">\n\t\t\t\t\t<div class=\"e-con-inner\">\n\t\t<div class=\"elementor-element elementor-element-bbd8e4a e-con-full e-flex e-con e-child\" data-id=\"bbd8e4a\" data-element_type=\"container\" data-e-type=\"container\">\n\t\t\t\t<div class=\"elementor-element elementor-element-0dc5338 elementor-widget elementor-widget-text-editor\" data-id=\"0dc5338\" data-element_type=\"widget\" data-e-type=\"widget\" data-widget_type=\"text-editor.default\">\n\t\t\t\t<div class=\"elementor-widget-container\">\n\t\t\t\t\t\t\t\t\t<h2>Egenskaper f\u00f6r RandM Tornado 7000 Svartvinb\u00e4r Menthol:<\/h2><ul><li><strong>Antal puffar<\/strong>\u00a0Varje enhet kan ta upp till 7 000 puffar, vilket \u00e4r perfekt f\u00f6r l\u00e5ngvarig anv\u00e4ndning.<\/li><li><strong>Batteri\u00a0<\/strong>850 mAh uppladdningsbart batteri med Typ C-laddningsport f\u00f6r snabbladdning (30 till 60 minuter).<\/li><li><strong>Kapacitet f\u00f6r e-v\u00e4tskor<\/strong>\u00a014 ml f\u00f6rfyllda tankar med ett urval av 2 % eller 5 % nikotinsalter.<\/li><li><strong>Design\u00a0<\/strong>Den \u00e4r b\u00e4rbar, tillverkad av h\u00e5llbara material och har en transparent oljebeh\u00e5llare f\u00f6r kontroll av den \u00e5terst\u00e5ende oljeniv\u00e5n. RGB-lampor och LED-indikatorer ger en elegant touch.<\/li><li><strong>Motst\u00e5nd mot maskor<\/strong>\u00a0Anv\u00e4nd ett Mesh-motst\u00e5nd f\u00f6r j\u00e4mn smak- och \u00e5ngproduktion.<\/li><\/ul>\t\t\t\t\t\t\t\t<\/div>\n\t\t\t\t<\/div>\n\t\t\t\t<\/div>\n\t\t<div class=\"elementor-element elementor-element-8e0e87d e-con-full e-flex e-con e-child\" data-id=\"8e0e87d\" data-element_type=\"container\" data-e-type=\"container\">\n\t\t\t\t<div class=\"elementor-element elementor-element-63d978d elementor-widget elementor-widget-image-gallery\" data-id=\"63d978d\" data-element_type=\"widget\" data-e-type=\"widget\" data-widget_type=\"image-gallery.default\">\n\t\t\t\t<div class=\"elementor-widget-container\">\n\t\t\t\t\t\t\t<div class=\"elementor-image-gallery\">\n\t\t\t<div id='gallery-1' class='gallery galleryid-2443 gallery-columns-1 gallery-size-medium_large'><figure class='gallery-item'>\n\t\t\t<div class='gallery-icon landscape'>\n\t\t\t\t<img fetchpriority=\"high\" decoding=\"async\" width=\"768\" height=\"768\" src=\"https:\/\/puffvapestore.com\/wp-content\/uploads\/2025\/06\/RandM-Tornado-Vape-7000-Blackcurrant-Menthol-pvafrt7000-768x768.jpg\" class=\"attachment-medium_large size-medium_large\" alt=\"RandM 7000 Vape Svartvinb\u00e4r Menthol pvafrt7000\" aria-describedby=\"gallery-1-2256\" srcset=\"https:\/\/puffvapestore.com\/wp-content\/uploads\/2025\/06\/RandM-Tornado-Vape-7000-Blackcurrant-Menthol-pvafrt7000-768x768.jpg 768w, https:\/\/puffvapestore.com\/wp-content\/uploads\/2025\/06\/RandM-Tornado-Vape-7000-Blackcurrant-Menthol-pvafrt7000-300x300.jpg 300w, https:\/\/puffvapestore.com\/wp-content\/uploads\/2025\/06\/RandM-Tornado-Vape-7000-Blackcurrant-Menthol-pvafrt7000-1024x1024.jpg 1024w, https:\/\/puffvapestore.com\/wp-content\/uploads\/2025\/06\/RandM-Tornado-Vape-7000-Blackcurrant-Menthol-pvafrt7000-150x150.jpg 150w, https:\/\/puffvapestore.com\/wp-content\/uploads\/2025\/06\/RandM-Tornado-Vape-7000-Blackcurrant-Menthol-pvafrt7000-600x600.jpg 600w, https:\/\/puffvapestore.com\/wp-content\/uploads\/2025\/06\/RandM-Tornado-Vape-7000-Blackcurrant-Menthol-pvafrt7000-100x100.jpg 100w, https:\/\/puffvapestore.com\/wp-content\/uploads\/2025\/06\/RandM-Tornado-Vape-7000-Blackcurrant-Menthol-pvafrt7000.jpg 1039w\" sizes=\"(max-width: 768px) 100vw, 768px\" \/>\n\t\t\t<\/div>\n\t\t\t\t<figcaption class='wp-caption-text gallery-caption' id='gallery-1-2256'>\n\t\t\t\tRandM 7000 Vape Svartvinb\u00e4r Menthol pvafrt7000\n\t\t\t\t<\/figcaption><\/figure>\n\t\t<\/div>\n\t\t<\/div>\n\t\t\t\t\t\t<\/div>\n\t\t\t\t<\/div>\n\t\t\t\t<\/div>\n\t\t\t\t\t<\/div>\n\t\t\t\t<\/div>\n\t\t<div class=\"elementor-element elementor-element-718b380 e-flex e-con-boxed e-con e-parent\" data-id=\"718b380\" data-element_type=\"container\" data-e-type=\"container\">\n\t\t\t\t\t<div class=\"e-con-inner\">\n\t\t\t\t<div class=\"elementor-element elementor-element-d2cc8fa elementor-widget elementor-widget-text-editor\" data-id=\"d2cc8fa\" data-element_type=\"widget\" data-e-type=\"widget\" data-widget_type=\"text-editor.default\">\n\t\t\t\t<div class=\"elementor-widget-container\">\n\t\t\t\t\t\t\t\t\t<h3>Avger RandM Tornado 7000 Blackcurrant Menthol lukt eller l\u00e4cker den?<\/h3><p>Under normala f\u00f6rh\u00e5llanden \u00e4r den elektroniska cigaretten RandM Tornado 7000 Blackcurrant Menthol luktfri och l\u00e4ckagefri.<\/p><p>RandM Tornado 7000 Blackcurrant Menthol har en integrerad sluten design, som inkluderar f\u00f6rvaringsfacket f\u00f6r e-juice, Mesh-motst\u00e5nd, batteri och luftfl\u00f6deskanal. Enhetens h\u00f6lje \u00e4r tillverkat av mycket motst\u00e5ndskraftiga material, kombinerat med en sofistikerad monteringsprocess f\u00f6r att s\u00e4kerst\u00e4lla att den \u00f6vergripande strukturen \u00e4r vattent\u00e4t. Oljebeh\u00e5llaren \u00e4r t\u00e4tningens mittpunkt. Material av livsmedelskvalitet anv\u00e4nds f\u00f6r att f\u00f6rhindra kemisk reaktion mellan oljan och den yttre milj\u00f6n eller l\u00e4ckage. Den elektroniska cigaretten RandM Tornado 7000 anv\u00e4nder flerskiktspackningar vid korsningen mellan oljebeh\u00e5llaren och munstycket, motst\u00e5ndet och andra komponenter. Dessa packningar \u00e4r mycket elastiska och resistenta mot kemikalier, vilket effektivt f\u00f6rhindrar v\u00e4tskel\u00e4ckage. Dessutom \u00e4r enhetens botten f\u00f6rsedd med en silikonplugg eller ett klisterm\u00e4rke f\u00f6r att skydda oljebeh\u00e5llaren under transport och f\u00f6rvaring och f\u00f6rhindra l\u00e4ckage p\u00e5 grund av tryckvariationer eller st\u00f6tar. Denna strukturella design ger en solid bas f\u00f6r att f\u00f6rhindra oljel\u00e4ckage, samtidigt som den s\u00e4kerst\u00e4ller att oljan inte avdunstar eller blir f\u00f6rorenad under l\u00e5ngvarig lagring. Den slutna konstruktionen p\u00e5 RandM Tornado 7000 Blackcurrant Menthol, som analyserats ovan, visar p\u00e5 en s\u00e4rskilt noggrann t\u00e4tning som garanterar att det inte f\u00f6rekommer lukt eller oljel\u00e4ckage under normala f\u00f6rh\u00e5llanden.<\/p><h3>\u00c4r RandM Tornado 7000 Blackcurrant Menthol kompatibel med automatisk start av inandning?<\/h3><p>Ja, RandM Tornado 7000 Blackcurrant Menthol \u00e4r kompatibel med automatisk inhalationsstart.<\/p><p>Den elektroniska cigaretten RandM Tornado 7000 Blackcurrant Menthol anv\u00e4nder automatisk inandningstriggerteknik, den mest utbredda p\u00e5 marknaden. Detta inneb\u00e4r att anv\u00e4ndaren inte beh\u00f6ver trycka p\u00e5 n\u00e5gra knappar. Det r\u00e4cker med att andas in f\u00f6r att aktivera den interna finf\u00f6rdelaren och producera r\u00f6k. Grundprincipen \u00e4r att anv\u00e4nda luftfl\u00f6det f\u00f6r att utl\u00f6sa den interna sensorn, vilket g\u00f6r att batteriet automatiskt driver hj\u00e4rtat i finf\u00f6rdelaren f\u00f6r att v\u00e4rma upp e-v\u00e4tskan.<\/p><p>Den automatiska inhalationstriggern g\u00f6r det enklare, mer intuitivt och bekv\u00e4mare att anv\u00e4nda RandM Tornado 7000 Blackcurrant Menthol, s\u00e4rskilt f\u00f6r nya anv\u00e4ndare av elektroniska cigaretter eller i situationer som kr\u00e4ver en cigarett som \u00e4r klar att anv\u00e4nda. Till exempel vid bilk\u00f6rning, utomhus eller n\u00e4r det \u00e4r opraktiskt att anv\u00e4nda h\u00e4nderna, h\u00e5ller anv\u00e4ndarna helt enkelt i munstycket och andas in f\u00f6r att anv\u00e4nda den elektroniska cigaretten RandM Tornado 7000, utan att beh\u00f6va leta efter knappar eller st\u00e4lla in parametrar, vilket avsev\u00e4rt f\u00f6rb\u00e4ttrar b\u00e4rbarhet och bekv\u00e4mlighet.<\/p>\t\t\t\t\t\t\t\t<\/div>\n\t\t\t\t<\/div>\n\t\t\t\t\t<\/div>\n\t\t\t\t<\/div>\n\t\t\t\t<\/div>","protected":false},"excerpt":{"rendered":"<p>Saveur : Blackcurrant Menthol La vape RandM Tornado 7000 Blackcurrant Menthol allie l&rsquo;ar\u00f4me fruit\u00e9 du cassis m\u00fbr \u00e0 la menthe fra\u00eeche. Ce go\u00fbt fruit\u00e9 aigre-doux m\u00eal\u00e9 \u00e0 une sensation de fra\u00eecheur est id\u00e9al pour les amateurs de vape fruit\u00e9e et rafra\u00eechissante. L&rsquo;ar\u00f4me fruit\u00e9 du cassis\u00a0:Lorsque la fum\u00e9e p\u00e9n\u00e8tre en bouche, le go\u00fbt du cassis est [&hellip;]<\/p>\n","protected":false},"featured_media":2256,"comment_status":"open","ping_status":"closed","template":"","meta":{"site-sidebar-layout":"no-sidebar","site-content-layout":"page-builder","ast-site-content-layout":"normal-width-container","site-content-style":"default","site-sidebar-style":"default","ast-global-header-display":"","ast-banner-title-visibility":"","ast-main-header-display":"","ast-hfb-above-header-display":"","ast-hfb-below-header-display":"","ast-hfb-mobile-header-display":"","site-post-title":"disabled","ast-breadcrumbs-content":"","ast-featured-img":"disabled","footer-sml-layout":"","ast-disable-related-posts":"","theme-transparent-header-meta":"default","adv-header-id-meta":"","stick-header-meta":"default","header-above-stick-meta":"","header-main-stick-meta":"","header-below-stick-meta":"","astra-migrate-meta-layouts":"set","ast-page-background-enabled":"default","ast-page-background-meta":{"desktop":{"background-color":"","background-image":"","background-repeat":"repeat","background-position":"center center","background-size":"auto","background-attachment":"scroll","background-type":"","background-media":"","overlay-type":"","overlay-color":"","overlay-opacity":"","overlay-gradient":""},"tablet":{"background-color":"","background-image":"","background-repeat":"repeat","background-position":"center center","background-size":"auto","background-attachment":"scroll","background-type":"","background-media":"","overlay-type":"","overlay-color":"","overlay-opacity":"","overlay-gradient":""},"mobile":{"background-color":"","background-image":"","background-repeat":"repeat","background-position":"center center","background-size":"auto","background-attachment":"scroll","background-type":"","background-media":"","overlay-type":"","overlay-color":"","overlay-opacity":"","overlay-gradient":""}},"ast-content-background-meta":{"desktop":{"background-color":"var(--ast-global-color-5)","background-image":"","background-repeat":"repeat","background-position":"center center","background-size":"auto","background-attachment":"scroll","background-type":"","background-media":"","overlay-type":"","overlay-color":"","overlay-opacity":"","overlay-gradient":""},"tablet":{"background-color":"var(--ast-global-color-5)","background-image":"","background-repeat":"repeat","background-position":"center center","background-size":"auto","background-attachment":"scroll","background-type":"","background-media":"","overlay-type":"","overlay-color":"","overlay-opacity":"","overlay-gradient":""},"mobile":{"background-color":"var(--ast-global-color-5)","background-image":"","background-repeat":"repeat","background-position":"center center","background-size":"auto","background-attachment":"scroll","background-type":"","background-media":"","overlay-type":"","overlay-color":"","overlay-opacity":"","overlay-gradient":""}}},"product_brand":[42],"product_cat":[41,94,15],"product_tag":[],"class_list":{"0":"post-2443","1":"product","2":"type-product","3":"status-publish","4":"has-post-thumbnail","6":"product_brand-randm-tornado","7":"product_cat-randm-tornado-7000","8":"product_cat-puff-7k","9":"product_cat-magasin-cigarette-electronique","10":"desktop-align-center","11":"tablet-align-center","12":"mobile-align-center","13":"ast-product-gallery-layout-horizontal","14":"ast-product-gallery-with-no-image","15":"ast-product-single-variable","16":"ast-product-tabs-layout-horizontal","17":"ast-qv-on-image","19":"first","20":"outofstock","21":"sale","22":"shipping-taxable","23":"purchasable","24":"product-type-variable","25":"has-default-attributes"},"tiered_pricing_type":"fixed","tiered_pricing_fixed_rules":{"30":8.58,"60":8.12,"100":7.48,"200":6.98},"tiered_pricing_product_settings":{"layout":"default","base_unit_name":{"singular":null,"plural":null},"default_variation":null},"tiered_pricing_minimum_quantity":null,"tiered_pricing_roles_data":[],"tiered_pricing_percentage_rules":[],"_links":{"self":[{"href":"https:\/\/puffvapestore.com\/sv\/wp-json\/wp\/v2\/product\/2443","targetHints":{"allow":["GET"]}}],"collection":[{"href":"https:\/\/puffvapestore.com\/sv\/wp-json\/wp\/v2\/product"}],"about":[{"href":"https:\/\/puffvapestore.com\/sv\/wp-json\/wp\/v2\/types\/product"}],"replies":[{"embeddable":true,"href":"https:\/\/puffvapestore.com\/sv\/wp-json\/wp\/v2\/comments?post=2443"}],"version-history":[{"count":7,"href":"https:\/\/puffvapestore.com\/sv\/wp-json\/wp\/v2\/product\/2443\/revisions"}],"predecessor-version":[{"id":2493,"href":"https:\/\/puffvapestore.com\/sv\/wp-json\/wp\/v2\/product\/2443\/revisions\/2493"}],"wp:featuredmedia":[{"embeddable":true,"href":"https:\/\/puffvapestore.com\/sv\/wp-json\/wp\/v2\/media\/2256"}],"wp:attachment":[{"href":"https:\/\/puffvapestore.com\/sv\/wp-json\/wp\/v2\/media?parent=2443"}],"wp:term":[{"taxonomy":"product_brand","embeddable":true,"href":"https:\/\/puffvapestore.com\/sv\/wp-json\/wp\/v2\/product_brand?post=2443"},{"taxonomy":"product_cat","embeddable":true,"href":"https:\/\/puffvapestore.com\/sv\/wp-json\/wp\/v2\/product_cat?post=2443"},{"taxonomy":"product_tag","embeddable":true,"href":"https:\/\/puffvapestore.com\/sv\/wp-json\/wp\/v2\/product_tag?post=2443"}],"curies":[{"name":"wp","href":"https:\/\/api.w.org\/{rel}","templated":true}]}}