{"id":2318,"date":"2025-06-11T21:57:50","date_gmt":"2025-06-11T21:57:50","guid":{"rendered":"https:\/\/puffvapestore.com\/?post_type=product&#038;p=2318"},"modified":"2026-01-19T10:32:52","modified_gmt":"2026-01-19T10:32:52","slug":"randm-tornado-7000-vape","status":"publish","type":"product","link":"https:\/\/puffvapestore.com\/sv\/product\/randm-tornado-7000-vape\/","title":{"rendered":"RandM Tornado 7000"},"content":{"rendered":"<div data-elementor-type=\"wp-post\" data-elementor-id=\"2318\" class=\"elementor elementor-2318\">\n\t\t\t\t<div class=\"elementor-element elementor-element-08c26f9 e-flex e-con-boxed e-con e-parent\" data-id=\"08c26f9\" data-element_type=\"container\" data-e-type=\"container\">\n\t\t\t\t\t<div class=\"e-con-inner\">\n\t\t\t\t<div class=\"elementor-element elementor-element-a005a97 elementor-widget elementor-widget-text-editor\" data-id=\"a005a97\" data-element_type=\"widget\" data-e-type=\"widget\" data-widget_type=\"text-editor.default\">\n\t\t\t\t<div class=\"elementor-widget-container\">\n\t\t\t\t\t\t\t\t\t<p>RandM Tornado 7000 \u00e4r en p\u00e5fyllningsbar elektronisk eng\u00e5ngscigarett som hyllas av anv\u00e4ndare f\u00f6r sin livsl\u00e4ngd p\u00e5 7 000 bloss och f\u00f6rstklassiga prestanda. Den \u00e4r f\u00f6rfylld med 14 ml e-juice med nikotinsalter, med nikotinkoncentrationer p\u00e5 2 % och 5 %, f\u00f6r att tillgodose olika r\u00f6kares behov. Enheten \u00e4r utrustad med ett uppladdningsbart batteri och en typ C-laddningsport.<\/p><p>En annan viktig egenskap hos denna elektroniska cigarett \u00e4r dess n\u00e4tmotst\u00e5nd, som ger en rikare och mer enhetlig r\u00f6kupplevelse. Enheten \u00e4r knappl\u00f6s och har en automatisk inandningsstart f\u00f6r enklare anv\u00e4ndning.<\/p>\t\t\t\t\t\t\t\t<\/div>\n\t\t\t\t<\/div>\n\t\t\t\t\t<\/div>\n\t\t\t\t<\/div>\n\t\t<div class=\"elementor-element elementor-element-4ac287c e-flex e-con-boxed e-con e-parent\" data-id=\"4ac287c\" data-element_type=\"container\" data-e-type=\"container\">\n\t\t\t\t\t<div class=\"e-con-inner\">\n\t\t<div class=\"elementor-element elementor-element-bbd8e4a e-con-full e-flex e-con e-child\" data-id=\"bbd8e4a\" data-element_type=\"container\" data-e-type=\"container\">\n\t\t\t\t<div class=\"elementor-element elementor-element-0dc5338 elementor-widget elementor-widget-text-editor\" data-id=\"0dc5338\" data-element_type=\"widget\" data-e-type=\"widget\" data-widget_type=\"text-editor.default\">\n\t\t\t\t<div class=\"elementor-widget-container\">\n\t\t\t\t\t\t\t\t\t<h2>Egenskaper f\u00f6r RandM Tornado 7000 :<\/h2><ul><li><strong>Antal puffar<\/strong>\u00a0Varje enhet kan ta upp till 7 000 puffar, vilket \u00e4r perfekt f\u00f6r l\u00e5ngvarig anv\u00e4ndning.<\/li><li><strong>Batteri\u00a0<\/strong>850 mAh uppladdningsbart batteri med Typ C-laddningsport f\u00f6r snabbladdning (30 till 60 minuter). <\/li><li><strong>Kapacitet f\u00f6r e-v\u00e4tskor<\/strong>\u00a014 ml f\u00f6rfyllda tankar med ett urval av 2 % eller 5 % nikotinsalter.<\/li><li><strong>Smaker\u00a0<\/strong>Mer \u00e4n 50 smaker, inklusive popul\u00e4ra smaker som \u00abLush Ice (Mint-Watermelon)\u00bb, \u00abBanana Ice\u00bb, \u00abBlueberry Cherry-Cranberry\u00bb och \u00abMango On Ice\u00bb.<\/li><li><strong>Design\u00a0<\/strong>Den \u00e4r b\u00e4rbar, tillverkad av h\u00e5llbara material och har en transparent oljebeh\u00e5llare f\u00f6r kontroll av den \u00e5terst\u00e5ende oljeniv\u00e5n. RGB-lampor och LED-indikatorer ger en elegant touch.<\/li><li><strong>Motst\u00e5nd mot maskor<\/strong>\u00a0Anv\u00e4nd ett Mesh-motst\u00e5nd f\u00f6r j\u00e4mn smak- och \u00e5ngproduktion.<\/li><\/ul>\t\t\t\t\t\t\t\t<\/div>\n\t\t\t\t<\/div>\n\t\t\t\t<\/div>\n\t\t<div class=\"elementor-element elementor-element-8e0e87d e-con-full e-flex e-con e-child\" data-id=\"8e0e87d\" data-element_type=\"container\" data-e-type=\"container\">\n\t\t\t\t<div class=\"elementor-element elementor-element-63d978d elementor-widget elementor-widget-image-gallery\" data-id=\"63d978d\" data-element_type=\"widget\" data-e-type=\"widget\" data-widget_type=\"image-gallery.default\">\n\t\t\t\t<div class=\"elementor-widget-container\">\n\t\t\t\t\t\t\t<div class=\"elementor-image-gallery\">\n\t\t\t<div id='gallery-1' class='gallery galleryid-2318 gallery-columns-1 gallery-size-medium_large'><figure class='gallery-item'>\n\t\t\t<div class='gallery-icon landscape'>\n\t\t\t\t<img fetchpriority=\"high\" decoding=\"async\" width=\"768\" height=\"768\" src=\"https:\/\/puffvapestore.com\/wp-content\/uploads\/2025\/06\/RandM-Tornado-7000-Apple-Berry-Blast-pvafrt7000-768x768.jpg\" class=\"attachment-medium_large size-medium_large\" alt=\"RandM Tornado 7000 Apple Berry Blast pvafrt7000\" aria-describedby=\"gallery-1-2245\" srcset=\"https:\/\/puffvapestore.com\/wp-content\/uploads\/2025\/06\/RandM-Tornado-7000-Apple-Berry-Blast-pvafrt7000-768x768.jpg 768w, https:\/\/puffvapestore.com\/wp-content\/uploads\/2025\/06\/RandM-Tornado-7000-Apple-Berry-Blast-pvafrt7000-300x300.jpg 300w, https:\/\/puffvapestore.com\/wp-content\/uploads\/2025\/06\/RandM-Tornado-7000-Apple-Berry-Blast-pvafrt7000-1024x1024.jpg 1024w, https:\/\/puffvapestore.com\/wp-content\/uploads\/2025\/06\/RandM-Tornado-7000-Apple-Berry-Blast-pvafrt7000-150x150.jpg 150w, https:\/\/puffvapestore.com\/wp-content\/uploads\/2025\/06\/RandM-Tornado-7000-Apple-Berry-Blast-pvafrt7000-600x600.jpg 600w, https:\/\/puffvapestore.com\/wp-content\/uploads\/2025\/06\/RandM-Tornado-7000-Apple-Berry-Blast-pvafrt7000-100x100.jpg 100w, https:\/\/puffvapestore.com\/wp-content\/uploads\/2025\/06\/RandM-Tornado-7000-Apple-Berry-Blast-pvafrt7000.jpg 1039w\" sizes=\"(max-width: 768px) 100vw, 768px\" \/>\n\t\t\t<\/div>\n\t\t\t\t<figcaption class='wp-caption-text gallery-caption' id='gallery-1-2245'>\n\t\t\t\tRandM Tornado 7000 Apple Berry Blast pvafrt7000\n\t\t\t\t<\/figcaption><\/figure>\n\t\t<\/div>\n\t\t<\/div>\n\t\t\t\t\t\t<\/div>\n\t\t\t\t<\/div>\n\t\t\t\t<\/div>\n\t\t\t\t\t<\/div>\n\t\t\t\t<\/div>\n\t\t<div class=\"elementor-element elementor-element-d3f3f97 e-flex e-con-boxed e-con e-parent\" data-id=\"d3f3f97\" data-element_type=\"container\" data-e-type=\"container\">\n\t\t\t\t\t<div class=\"e-con-inner\">\n\t\t\t\t<div class=\"elementor-element elementor-element-9600b1d elementor-widget elementor-widget-text-editor\" data-id=\"9600b1d\" data-element_type=\"widget\" data-e-type=\"widget\" data-widget_type=\"text-editor.default\">\n\t\t\t\t<div class=\"elementor-widget-container\">\n\t\t\t\t\t\t\t\t\t<h3>RandM Tornado 7000 erbjuder ett brett utbud av smaker<\/h3><p>RandM Tornado 7000 erbjuder ett brett utbud av smaker, fr\u00e5n f\u00e4rsk frukt till f\u00e4rsk mynta, fr\u00e5n desserter till drycker, f\u00f6r att passa alla anv\u00e4ndares preferenser. De flesta av smakerna \u00e4r fylliga och l\u00e4mpar sig f\u00f6r l\u00e5ngvarig anv\u00e4ndning.<\/p><p>RandM Tornado 7000 erbjuder en rik fruktig blandning av smaker, s\u00e5som \u00abApple Berry Blast\u00bb, \u00abBlueberry Raspberry\u00bb och \u00abStrawberry Watermelon\u00bb, f\u00f6r en rik och komplex fruktig upplevelse. Tropiska fruktkombinationer som \u00abKiwi, Passionsfrukt, Guava\u00bb och \u00abPersika, Mango\u00bb \u00e4r fyllda med exotiska smaker. Klassiker som \u00abBlue Razz, Cherry\u00bb och \u00abStrawberry, Kiwi\u00bb \u00e4r ocks\u00e5 mycket popul\u00e4ra.<\/p><p>Glassortimentet fokuserar p\u00e5 uppfriskande smaker, d\u00e4r \u00abBanana Ice\u00bb, \u00abGrape Ice\u00bb och \u00abRed Apple Ice\u00bb ger en uppfriskande touch till den fruktiga basen. \u00abBlackcurrant Menthol\u00bb och \u00abCool Mint\u00bb ger en mer uttalad mentolton, medan \u00abLush Ice\u00bb och \u00abCola Ice\u00bb f\u00f6rst\u00e4rker de klassiska smakerna.<\/p><p>Dessert\u00e4lskare kan prova Banana Milkshake, Strawberry Donut och Cotton Candy f\u00f6r en s\u00f6t behandling. Drinkar som Pink Lemonade, Cherry Cola och Dr. Blue f\u00f6ljer klassikerna, medan Pina Colada Rum ger en lite syrlig tropisk ton.<\/p><p>N\u00e5gra av smakerna \u00e4r mycket kreativa, som \u00abSkittles\u00bb och \u00abGummy Bear\u00bb, som \u00e5terskapar den s\u00f6ta och syrliga smaken av godis, medan \u00abBingo Crush\u00bb och \u00abVimto Crush\u00bb ger en komplex och unik fruktig smak. \u00abRed Energy Ice\u00bb och \u00abStrawberry Red Bull\u00bb efterliknar smaken av energidrycker, medan \u00abFizzy Cherry\u00bb och \u00abIce Pop\u00bb \u00e4r fyllda av sommarnostalgi.<\/p>\t\t\t\t\t\t\t\t<\/div>\n\t\t\t\t<\/div>\n\t\t\t\t\t<\/div>\n\t\t\t\t<\/div>\n\t\t<div class=\"elementor-element elementor-element-718b380 e-flex e-con-boxed e-con e-parent\" data-id=\"718b380\" data-element_type=\"container\" data-e-type=\"container\">\n\t\t\t\t\t<div class=\"e-con-inner\">\n\t\t\t\t<div class=\"elementor-element elementor-element-d2cc8fa elementor-widget elementor-widget-text-editor\" data-id=\"d2cc8fa\" data-element_type=\"widget\" data-e-type=\"widget\" data-widget_type=\"text-editor.default\">\n\t\t\t\t<div class=\"elementor-widget-container\">\n\t\t\t\t\t\t\t\t\t<h3>Avger RandM Tornado 7000 lukt eller l\u00e4cker den?<\/h3><p>Under normala f\u00f6rh\u00e5llanden \u00e4r den elektroniska cigaretten RandM Tornado 7000 lukt- och l\u00e4ckagefri.<\/p><p>RandM Tornado 7000 har en integrerad sluten design, som inkluderar f\u00f6rvaringsfacket f\u00f6r e-juice, Mesh-motst\u00e5nd, batteri och luftfl\u00f6deskanal. Enhetens h\u00f6lje \u00e4r tillverkat av mycket motst\u00e5ndskraftiga material, kombinerat med en sofistikerad monteringsprocess f\u00f6r att garantera vattent\u00e4theten hos den \u00f6vergripande strukturen. Oljebeh\u00e5llaren \u00e4r t\u00e4tningens mittpunkt. Material av livsmedelskvalitet anv\u00e4nds f\u00f6r att f\u00f6rhindra kemisk reaktion mellan oljan och den yttre milj\u00f6n eller l\u00e4ckage. Den elektroniska cigaretten RandM Tornado 7000 anv\u00e4nder flerskiktspackningar vid korsningen mellan oljebeh\u00e5llaren och munstycket, motst\u00e5ndet och andra komponenter. Dessa packningar \u00e4r mycket elastiska och resistenta mot kemikalier, vilket effektivt f\u00f6rhindrar v\u00e4tskel\u00e4ckage. Dessutom \u00e4r enhetens botten f\u00f6rsedd med en silikonplugg eller ett klisterm\u00e4rke f\u00f6r att skydda oljebeh\u00e5llaren under transport och f\u00f6rvaring och f\u00f6rhindra l\u00e4ckage p\u00e5 grund av tryckvariationer eller st\u00f6tar. Denna strukturella design ger en solid bas f\u00f6r att f\u00f6rhindra oljel\u00e4ckage, samtidigt som den s\u00e4kerst\u00e4ller att oljan inte avdunstar eller blir f\u00f6rorenad under l\u00e5ngvarig lagring. Den slutna konstruktionen hos RandM Tornado 7000, som analyserats ovan, visar p\u00e5 en s\u00e4rskilt noggrann t\u00e4tning som garanterar att det inte uppst\u00e5r lukt eller oljel\u00e4ckage under normala f\u00f6rh\u00e5llanden.<\/p><h3>\u00c4r RandM Tornado 7000 kompatibel med automatisk start av inandning?<\/h3><p>Ja, RandM Tornado 7000 \u00e4r kompatibel med automatisk start av inandning.<\/p><p>Den elektroniska cigaretten RandM Tornado 7000 anv\u00e4nder automatisk inandningsutl\u00f6sarteknik, den mest utbredda p\u00e5 marknaden. Detta inneb\u00e4r att anv\u00e4ndaren inte beh\u00f6ver trycka p\u00e5 n\u00e5gra knappar. Det r\u00e4cker med att andas in f\u00f6r att aktivera den interna finf\u00f6rdelaren och producera r\u00f6k. Grundprincipen \u00e4r att anv\u00e4nda luftfl\u00f6det f\u00f6r att utl\u00f6sa den interna sensorn, vilket g\u00f6r att batteriet automatiskt driver hj\u00e4rtat i finf\u00f6rdelaren f\u00f6r att v\u00e4rma upp e-v\u00e4tskan.<\/p><p>Den automatiska inhalationsutl\u00f6saren g\u00f6r det enklare, mer intuitivt och bekv\u00e4mare att anv\u00e4nda RandM Tornado 7000, s\u00e4rskilt f\u00f6r nya anv\u00e4ndare av elektroniska cigaretter eller i situationer som kr\u00e4ver en cigarett som \u00e4r klar att anv\u00e4nda. Till exempel vid bilk\u00f6rning, utomhus eller n\u00e4r det \u00e4r opraktiskt att anv\u00e4nda h\u00e4nderna, h\u00e5ller anv\u00e4ndaren helt enkelt i munstycket och andas in f\u00f6r att anv\u00e4nda den elektroniska cigaretten RandM Tornado 7000, utan att beh\u00f6va leta efter knappar eller st\u00e4lla in parametrar, vilket avsev\u00e4rt f\u00f6rb\u00e4ttrar b\u00e4rbarheten och bekv\u00e4mligheten.<\/p>\t\t\t\t\t\t\t\t<\/div>\n\t\t\t\t<\/div>\n\t\t\t\t\t<\/div>\n\t\t\t\t<\/div>\n\t\t\t\t<\/div>","protected":false},"excerpt":{"rendered":"<p>La RandM Tornado 7000 est une cigarette \u00e9lectronique jetable rechargeable, pl\u00e9biscit\u00e9e par les utilisateurs pour sa dur\u00e9e de vie de 7000 bouff\u00e9es et ses performances haut de gamme. Elle est pr\u00e9-remplie de 14 ml d&rsquo;e-liquide aux sels de nicotine, avec des concentrations de nicotine de 2\u00a0% et 5\u00a0%, pour r\u00e9pondre aux besoins des diff\u00e9rents fumeurs. [&hellip;]<\/p>\n","protected":false},"featured_media":2245,"comment_status":"open","ping_status":"closed","template":"","meta":{"site-sidebar-layout":"no-sidebar","site-content-layout":"page-builder","ast-site-content-layout":"normal-width-container","site-content-style":"default","site-sidebar-style":"default","ast-global-header-display":"","ast-banner-title-visibility":"","ast-main-header-display":"","ast-hfb-above-header-display":"","ast-hfb-below-header-display":"","ast-hfb-mobile-header-display":"","site-post-title":"disabled","ast-breadcrumbs-content":"","ast-featured-img":"disabled","footer-sml-layout":"","ast-disable-related-posts":"","theme-transparent-header-meta":"default","adv-header-id-meta":"","stick-header-meta":"default","header-above-stick-meta":"","header-main-stick-meta":"","header-below-stick-meta":"","astra-migrate-meta-layouts":"set","ast-page-background-enabled":"default","ast-page-background-meta":{"desktop":{"background-color":"","background-image":"","background-repeat":"repeat","background-position":"center center","background-size":"auto","background-attachment":"scroll","background-type":"","background-media":"","overlay-type":"","overlay-color":"","overlay-opacity":"","overlay-gradient":""},"tablet":{"background-color":"","background-image":"","background-repeat":"repeat","background-position":"center center","background-size":"auto","background-attachment":"scroll","background-type":"","background-media":"","overlay-type":"","overlay-color":"","overlay-opacity":"","overlay-gradient":""},"mobile":{"background-color":"","background-image":"","background-repeat":"repeat","background-position":"center center","background-size":"auto","background-attachment":"scroll","background-type":"","background-media":"","overlay-type":"","overlay-color":"","overlay-opacity":"","overlay-gradient":""}},"ast-content-background-meta":{"desktop":{"background-color":"var(--ast-global-color-5)","background-image":"","background-repeat":"repeat","background-position":"center center","background-size":"auto","background-attachment":"scroll","background-type":"","background-media":"","overlay-type":"","overlay-color":"","overlay-opacity":"","overlay-gradient":""},"tablet":{"background-color":"var(--ast-global-color-5)","background-image":"","background-repeat":"repeat","background-position":"center center","background-size":"auto","background-attachment":"scroll","background-type":"","background-media":"","overlay-type":"","overlay-color":"","overlay-opacity":"","overlay-gradient":""},"mobile":{"background-color":"var(--ast-global-color-5)","background-image":"","background-repeat":"repeat","background-position":"center center","background-size":"auto","background-attachment":"scroll","background-type":"","background-media":"","overlay-type":"","overlay-color":"","overlay-opacity":"","overlay-gradient":""}}},"product_brand":[42],"product_cat":[41,94,15],"product_tag":[],"class_list":{"0":"post-2318","1":"product","2":"type-product","3":"status-publish","4":"has-post-thumbnail","6":"product_brand-randm-tornado","7":"product_cat-randm-tornado-7000","8":"product_cat-puff-7k","9":"product_cat-magasin-cigarette-electronique","10":"desktop-align-center","11":"tablet-align-center","12":"mobile-align-center","13":"ast-product-gallery-layout-horizontal","14":"ast-product-single-variable","15":"ast-product-tabs-layout-horizontal","16":"ast-qv-on-image","18":"first","19":"outofstock","20":"sale","21":"shipping-taxable","22":"purchasable","23":"product-type-variable","24":"has-default-attributes"},"tiered_pricing_type":"fixed","tiered_pricing_fixed_rules":{"30":8.58,"60":8.12,"100":7.48,"200":6.98},"tiered_pricing_product_settings":{"layout":"default","base_unit_name":{"singular":null,"plural":null},"default_variation":null},"tiered_pricing_minimum_quantity":null,"tiered_pricing_roles_data":[],"tiered_pricing_percentage_rules":[],"_links":{"self":[{"href":"https:\/\/puffvapestore.com\/sv\/wp-json\/wp\/v2\/product\/2318","targetHints":{"allow":["GET"]}}],"collection":[{"href":"https:\/\/puffvapestore.com\/sv\/wp-json\/wp\/v2\/product"}],"about":[{"href":"https:\/\/puffvapestore.com\/sv\/wp-json\/wp\/v2\/types\/product"}],"replies":[{"embeddable":true,"href":"https:\/\/puffvapestore.com\/sv\/wp-json\/wp\/v2\/comments?post=2318"}],"version-history":[{"count":8,"href":"https:\/\/puffvapestore.com\/sv\/wp-json\/wp\/v2\/product\/2318\/revisions"}],"predecessor-version":[{"id":2442,"href":"https:\/\/puffvapestore.com\/sv\/wp-json\/wp\/v2\/product\/2318\/revisions\/2442"}],"wp:featuredmedia":[{"embeddable":true,"href":"https:\/\/puffvapestore.com\/sv\/wp-json\/wp\/v2\/media\/2245"}],"wp:attachment":[{"href":"https:\/\/puffvapestore.com\/sv\/wp-json\/wp\/v2\/media?parent=2318"}],"wp:term":[{"taxonomy":"product_brand","embeddable":true,"href":"https:\/\/puffvapestore.com\/sv\/wp-json\/wp\/v2\/product_brand?post=2318"},{"taxonomy":"product_cat","embeddable":true,"href":"https:\/\/puffvapestore.com\/sv\/wp-json\/wp\/v2\/product_cat?post=2318"},{"taxonomy":"product_tag","embeddable":true,"href":"https:\/\/puffvapestore.com\/sv\/wp-json\/wp\/v2\/product_tag?post=2318"}],"curies":[{"name":"wp","href":"https:\/\/api.w.org\/{rel}","templated":true}]}}