{"id":2134,"date":"2025-04-18T19:20:39","date_gmt":"2025-04-18T19:20:39","guid":{"rendered":"https:\/\/puffvapestore.com\/?post_type=product&#038;p=2134"},"modified":"2026-01-19T10:37:33","modified_gmt":"2026-01-19T10:37:33","slug":"blueberry-kiwi-puff-18000-jnr-falcon","status":"publish","type":"product","link":"https:\/\/puffvapestore.com\/sv\/product\/blabar-kiwi-puff-18000-jnr-falcon\/","title":{"rendered":"Bl\u00e5b\u00e4r Kiwi Puff 18000 JNR Falcon X"},"content":{"rendered":"<div data-elementor-type=\"wp-post\" data-elementor-id=\"2134\" class=\"elementor elementor-2134\">\n\t\t\t\t<div class=\"elementor-element elementor-element-0510f80 e-flex e-con-boxed e-con e-parent\" data-id=\"0510f80\" data-element_type=\"container\" data-e-type=\"container\">\n\t\t\t\t\t<div class=\"e-con-inner\">\n\t\t<div class=\"elementor-element elementor-element-5f144d5 e-con-full e-flex e-con e-child\" data-id=\"5f144d5\" data-element_type=\"container\" data-e-type=\"container\">\n\t\t\t\t<div class=\"elementor-element elementor-element-53019a1 elementor-widget elementor-widget-text-editor\" data-id=\"53019a1\" data-element_type=\"widget\" data-e-type=\"widget\" data-widget_type=\"text-editor.default\">\n\t\t\t\t<div class=\"elementor-widget-container\">\n\t\t\t\t\t\t\t\t\t<h2>Egenskaper f\u00f6r JNR Falcon 18K Blueberry Kiwi:<\/h2><p>Puffar : Upp till 18.000 puffar<br \/>V\u00e4tska: 24 ml<br \/>Nikotinniv\u00e5er: 0 %, 2 %, 5 %<br \/>Resistans: 0,6 ohm<br \/>Batterikapacitet: 950 mAh<br \/>Laddning: Typ-C<br \/>Justerbart luftfl\u00f6de: Ja<br \/>Digital display<br \/>Dubbelt n\u00e4t och dubbelt k\u00e4rnmotst\u00e5nd<br \/>M\u00e5tt: 53,5 x 32 x 121 mm<\/p>\t\t\t\t\t\t\t\t<\/div>\n\t\t\t\t<\/div>\n\t\t\t\t<\/div>\n\t\t<div class=\"elementor-element elementor-element-434c269 e-con-full e-flex e-con e-child\" data-id=\"434c269\" data-element_type=\"container\" data-e-type=\"container\">\n\t\t\t\t<div class=\"elementor-element elementor-element-baaa2b5 elementor-widget elementor-widget-image-gallery\" data-id=\"baaa2b5\" data-element_type=\"widget\" data-e-type=\"widget\" data-widget_type=\"image-gallery.default\">\n\t\t\t\t<div class=\"elementor-widget-container\">\n\t\t\t\t\t\t\t<div class=\"elementor-image-gallery\">\n\t\t\t<div id='gallery-1' class='gallery galleryid-2134 gallery-columns-1 gallery-size-medium_large'><figure class='gallery-item'>\n\t\t\t<div class='gallery-icon portrait'>\n\t\t\t\t<img fetchpriority=\"high\" decoding=\"async\" width=\"654\" height=\"690\" src=\"https:\/\/puffvapestore.com\/wp-content\/uploads\/2025\/04\/pvajf18000-9.jpg\" class=\"attachment-medium_large size-medium_large\" alt=\"JNR Falcon Bl\u00e5b\u00e4r Kiwi 18000 pvajf18000\" aria-describedby=\"gallery-1-1949\" srcset=\"https:\/\/puffvapestore.com\/wp-content\/uploads\/2025\/04\/pvajf18000-9.jpg 654w, https:\/\/puffvapestore.com\/wp-content\/uploads\/2025\/04\/pvajf18000-9-284x300.jpg 284w, https:\/\/puffvapestore.com\/wp-content\/uploads\/2025\/04\/pvajf18000-9-600x633.jpg 600w\" sizes=\"(max-width: 654px) 100vw, 654px\" \/>\n\t\t\t<\/div>\n\t\t\t\t<figcaption class='wp-caption-text gallery-caption' id='gallery-1-1949'>\n\t\t\t\tJNR Falcon Bl\u00e5b\u00e4r Kiwi 18000 pvajf18000\n\t\t\t\t<\/figcaption><\/figure>\n\t\t<\/div>\n\t\t<\/div>\n\t\t\t\t\t\t<\/div>\n\t\t\t\t<\/div>\n\t\t\t\t<\/div>\n\t\t\t\t\t<\/div>\n\t\t\t\t<\/div>\n\t\t<div class=\"elementor-element elementor-element-cad69f4 e-flex e-con-boxed e-con e-parent\" data-id=\"cad69f4\" data-element_type=\"container\" data-e-type=\"container\">\n\t\t\t\t\t<div class=\"e-con-inner\">\n\t\t\t\t<div class=\"elementor-element elementor-element-6bc25e5 elementor-widget elementor-widget-n-accordion\" data-id=\"6bc25e5\" data-element_type=\"widget\" data-e-type=\"widget\" data-settings=\"{&quot;default_state&quot;:&quot;expanded&quot;,&quot;max_items_expended&quot;:&quot;one&quot;,&quot;n_accordion_animation_duration&quot;:{&quot;unit&quot;:&quot;ms&quot;,&quot;size&quot;:400,&quot;sizes&quot;:[]}}\" data-widget_type=\"nested-accordion.default\">\n\t\t\t\t<div class=\"elementor-widget-container\">\n\t\t\t\t\t\t\t<div class=\"e-n-accordion\" aria-label=\"Dragspel. \u00d6ppna l\u00e4nkar med Enter eller Space, st\u00e4ng med Escape och navigera med piltangenterna\">\n\t\t\t\t\t\t<details id=\"e-n-accordion-item-1120\" class=\"e-n-accordion-item\" open>\n\t\t\t\t<summary class=\"e-n-accordion-item-title\" data-accordion-index=\"1\" tabindex=\"0\" aria-expanded=\"true\" aria-controls=\"e-n-accordion-item-1120\" >\n\t\t\t\t\t<span class='e-n-accordion-item-title-header'><div class=\"e-n-accordion-item-title-text\"> Egenskaper och funktioner hos JNR Falcon X 18K Blueberry Kiwi <\/div><\/span>\n\t\t\t\t\t\t\t<span class='e-n-accordion-item-title-icon'>\n\t\t\t<span class='e-opened' ><svg aria-hidden=\"true\" class=\"e-font-icon-svg e-fas-minus\" viewbox=\"0 0 448 512\" xmlns=\"http:\/\/www.w3.org\/2000\/svg\"><path d=\"M416 208H32c-17.67 0-32 14.33-32 32v32c0 17.67 14.33 32 32 32h384c17.67 0 32-14.33 32-32v-32c0-17.67-14.33-32-32-32z\"><\/path><\/svg><\/span>\n\t\t\t<span class='e-closed'><svg aria-hidden=\"true\" class=\"e-font-icon-svg e-fas-plus\" viewbox=\"0 0 448 512\" xmlns=\"http:\/\/www.w3.org\/2000\/svg\"><path d=\"M416 208H272V64c0-17.67-14.33-32-32-32h-32c-17.67 0-32 14.33-32 32v144H32c-17.67 0-32 14.33-32 32v32c0 17.67 14.33 32 32 32h144v144c0 17.67 14.33 32 32 32h32c17.67 0 32-14.33 32-32V304h144c17.67 0 32-14.33 32-32v-32c0-17.67-14.33-32-32-32z\"><\/path><\/svg><\/span>\n\t\t<\/span>\n\n\t\t\t\t\t\t<\/summary>\n\t\t\t\t<div role=\"region\" aria-labelledby=\"e-n-accordion-item-1120\" class=\"elementor-element elementor-element-57ad40e e-con-full e-flex e-con e-child\" data-id=\"57ad40e\" data-element_type=\"container\" data-e-type=\"container\">\n\t\t<div role=\"region\" aria-labelledby=\"e-n-accordion-item-1120\" class=\"elementor-element elementor-element-e7698e3 e-flex e-con-boxed e-con e-child\" data-id=\"e7698e3\" data-element_type=\"container\" data-e-type=\"container\">\n\t\t\t\t\t<div class=\"e-con-inner\">\n\t\t\t\t<div class=\"elementor-element elementor-element-76f0fd1 elementor-widget elementor-widget-text-editor\" data-id=\"76f0fd1\" data-element_type=\"widget\" data-e-type=\"widget\" data-widget_type=\"text-editor.default\">\n\t\t\t\t<div class=\"elementor-widget-container\">\n\t\t\t\t\t\t\t\t\t<h2>Stor kapacitet f\u00f6r e-v\u00e4tska<\/h2><p>JNR Falcon-X 18K har en e-v\u00e4tskekapacitet p\u00e5 24 ml, vilket \u00e4r mer \u00e4n de flesta elektroniska eng\u00e5ngscigaretter p\u00e5 marknaden. Denna gener\u00f6sa kapacitet minskar inte bara behovet av frekventa p\u00e5fyllningar, utan inneb\u00e4r ocks\u00e5 att du kan r\u00f6ka under l\u00e5nga perioder utan avbrott. Den \u00e4r d\u00e4rf\u00f6r perfekt f\u00f6r dig som vill ha l\u00e5ngvarig anv\u00e4ndning och j\u00e4mn smak p\u00e5 jobbet, p\u00e5 resande fot eller p\u00e5 fritiden.<\/p><p>JNR Falcon-X 18K \u00e4r utrustad med ett integrerat 950 mAh h\u00f6gpresterande batteri f\u00f6r anv\u00e4ndning hela dagen. Den moderna Type-C-laddningsporten g\u00f6r laddningen snabbare och s\u00e4krare, s\u00e5 att du kan ladda din enhet utan att v\u00e4nta l\u00e4nge.<\/p><h2>Dual-Mesh Dual-Core 0,6 ohm-resistorer f\u00f6r f\u00f6rb\u00e4ttrad \u00e5nga och smak<\/h2><p>JNR Falcon-X 18K anv\u00e4nder ett Dual-Mesh Dual-Core 0,6 ohm-motst\u00e5nd, vilket dramatiskt f\u00f6rb\u00e4ttrar \u00e5ngproduktionen och tjockleken. Dual-wick-strukturen ger en j\u00e4mnare uppv\u00e4rmning, f\u00f6rhindrar br\u00e4nd lukt och ger en mjukare och mer f\u00f6rfinad \u00e5ngupplevelse. Oavsett om du \u00e4r ute efter en h\u00f6g volym \u00e5nga eller en ren smak \u00e4r JNR Falcon 18K perfekt f\u00f6r dina behov.<\/p><h2>Flexibelt, justerbart luftfl\u00f6dessystem f\u00f6r personligt anpassad inandning<\/h2><p>JNR Falcon-X 18K har en innovativ funktion f\u00f6r justering av luftfl\u00f6det, vilket g\u00f6r att anv\u00e4ndarna fritt kan justera m\u00e4ngden luft som inhaleras efter sina preferenser och skapa en varierad r\u00f6kupplevelse, fr\u00e5n en fast, j\u00e4mn r\u00f6k till en full, riklig r\u00f6k.<\/p><h2>L\u00e5ng livsl\u00e4ngd, ekonomisk och praktisk<\/h2><p>Tack vare sin avancerade teknik erbjuder JNR Falcon-X 18K upp till 18 000 bloss, vilket vida \u00f6verstiger livsl\u00e4ngden f\u00f6r konventionella elektroniska eng\u00e5ngscigaretter. Dess h\u00e5llbarhet f\u00f6rb\u00e4ttrar avsev\u00e4rt dess v\u00e4rde f\u00f6r pengarna, vilket g\u00f6r den idealisk f\u00f6r intensiva anv\u00e4ndare och l\u00e5nga anv\u00e4ndningsperioder. Den eliminerar behovet av frekventa byten, vilket g\u00f6r den b\u00e5de milj\u00f6v\u00e4nlig och ekonomisk.<\/p><p>En integrerad h\u00f6guppl\u00f6st digital display visar batteriniv\u00e5 och kvarvarande e-v\u00e4tska i realtid, vilket ger anv\u00e4ndaren en tydlig bild av enhetens status. Intuitiv feedback f\u00f6renklar anv\u00e4ndningen och eliminerar avbrott p\u00e5 grund av svagt batteri eller slut p\u00e5 e-v\u00e4tska, vilket garanterar ett j\u00e4mnt och bekymmersfritt bloss varje g\u00e5ng.<\/p><p>JNR Falcon-X 18K erbjuder tre nikotinniv\u00e5er: 0 %, 2 % och 5 %, f\u00f6r att tillgodose alla anv\u00e4ndares behov och smaker n\u00e4r det g\u00e4ller r\u00f6kavv\u00e4njning. Fr\u00e5n ren njutning utan nikotin till gradvis r\u00f6kavv\u00e4njning med l\u00e5ga nikotinniv\u00e5er och h\u00f6ga nikotinbehov - flexibla alternativ hj\u00e4lper dig att hitta den l\u00f6sning som passar just dig.<\/p>\t\t\t\t\t\t\t\t<\/div>\n\t\t\t\t<\/div>\n\t\t\t\t\t<\/div>\n\t\t\t\t<\/div>\n\t\t\t\t<\/div>\n\t\t\t\t\t<\/details>\n\t\t\t\t\t\t<details id=\"e-n-accordion-item-1121\" class=\"e-n-accordion-item\" >\n\t\t\t\t<summary class=\"e-n-accordion-item-title\" data-accordion-index=\"2\" tabindex=\"-1\" aria-expanded=\"false\" aria-controls=\"e-n-accordion-item-1121\" >\n\t\t\t\t\t<span class='e-n-accordion-item-title-header'><div class=\"e-n-accordion-item-title-text\"> Puff JNR Falcon X 18K Bl\u00e5b\u00e4r Kiwi <\/div><\/span>\n\t\t\t\t\t\t\t<span class='e-n-accordion-item-title-icon'>\n\t\t\t<span class='e-opened' ><svg aria-hidden=\"true\" class=\"e-font-icon-svg e-fas-minus\" viewbox=\"0 0 448 512\" xmlns=\"http:\/\/www.w3.org\/2000\/svg\"><path d=\"M416 208H32c-17.67 0-32 14.33-32 32v32c0 17.67 14.33 32 32 32h384c17.67 0 32-14.33 32-32v-32c0-17.67-14.33-32-32-32z\"><\/path><\/svg><\/span>\n\t\t\t<span class='e-closed'><svg aria-hidden=\"true\" class=\"e-font-icon-svg e-fas-plus\" viewbox=\"0 0 448 512\" xmlns=\"http:\/\/www.w3.org\/2000\/svg\"><path d=\"M416 208H272V64c0-17.67-14.33-32-32-32h-32c-17.67 0-32 14.33-32 32v144H32c-17.67 0-32 14.33-32 32v32c0 17.67 14.33 32 32 32h144v144c0 17.67 14.33 32 32 32h32c17.67 0 32-14.33 32-32V304h144c17.67 0 32-14.33 32-32v-32c0-17.67-14.33-32-32-32z\"><\/path><\/svg><\/span>\n\t\t<\/span>\n\n\t\t\t\t\t\t<\/summary>\n\t\t\t\t<div role=\"region\" aria-labelledby=\"e-n-accordion-item-1121\" class=\"elementor-element elementor-element-b6b0c11 e-con-full e-flex e-con e-child\" data-id=\"b6b0c11\" data-element_type=\"container\" data-e-type=\"container\">\n\t\t<div role=\"region\" aria-labelledby=\"e-n-accordion-item-1121\" class=\"elementor-element elementor-element-615d36f e-flex e-con-boxed e-con e-child\" data-id=\"615d36f\" data-element_type=\"container\" data-e-type=\"container\">\n\t\t\t\t\t<div class=\"e-con-inner\">\n\t\t\t\t<div class=\"elementor-element elementor-element-55fd5fa elementor-widget elementor-widget-text-editor\" data-id=\"55fd5fa\" data-element_type=\"widget\" data-e-type=\"widget\" data-widget_type=\"text-editor.default\">\n\t\t\t\t<div class=\"elementor-widget-container\">\n\t\t\t\t\t\t\t\t\t<p>I ankomsthallen p\u00e5 Paris flygplats beh\u00f6ver tr\u00f6tta aff\u00e4rsresen\u00e4rer ofta en stunds avkoppling. Idag har smaken bl\u00e5b\u00e4r kiwi p\u00e5 den elektroniska cigaretten JNR Falcon 18000 blivit f\u00f6rstahandsvalet f\u00f6r m\u00e5nga m\u00e4nniskor. Den h\u00e4r e-cigaretten smakar inte bara gott, den \u00e4r ocks\u00e5 b\u00e4rbar och praktisk, vilket g\u00f6r den s\u00e4rskilt l\u00e4mplig f\u00f6r kortvarig anv\u00e4ndning i s\u00e5dana halv\u00f6ppna utrymmen.<\/p><p>Den fr\u00e4msta egenskapen hos bl\u00e5b\u00e4r-kiwifruktsmaken \u00e4r dess skiktade smakupplevelse. Bl\u00e5b\u00e4rens s\u00f6tma och kiwins syrlighet sm\u00e4lter perfekt samman och ger anv\u00e4ndarna en v\u00e4lbekant men \u00e4nd\u00e5 fr\u00e4sch smak. Smaken \u00e4r v\u00e4lbalanserad, varken f\u00f6r s\u00f6t eller f\u00f6r syrlig, och passar konsumenter med alla smakpreferenser. JNR Falcon:s 0,6 ohm dual mesh coil-teknik s\u00e4kerst\u00e4ller att denna komplexa smak frig\u00f6rs fullt ut vid varje inandning, s\u00e5 att anv\u00e4ndarna kan uppleva bl\u00e5b\u00e4rets rikedom och kiwins fr\u00e4sch\u00f6r.<\/p><p>N\u00e4r det g\u00e4ller anv\u00e4ndarupplevelse erbjuder JNR Falcon 18000 tydliga f\u00f6rdelar. Den stora e-v\u00e4tskekapaciteten p\u00e5 24 ml och en livsl\u00e4ngd p\u00e5 upp till 18 000 puffar inneb\u00e4r att \u00e4ven frekventa anv\u00e4ndare inte beh\u00f6ver byta ut enheten ofta. Nikotininneh\u00e5llet i 2% ger m\u00e5ttlig tillfredsst\u00e4llelse samtidigt som man undviker \u00f6verdriven stimulering. Det justerbara luftfl\u00f6det g\u00f6r det m\u00f6jligt f\u00f6r anv\u00e4ndare att justera inandningsupplevelsen s\u00e5 att den passar deras personliga preferenser, s\u00e5 oavsett om de gillar l\u00e4tta puffar eller fulla puffar kan de uppn\u00e5 den perfekta effekten.<\/p>\t\t\t\t\t\t\t\t<\/div>\n\t\t\t\t<\/div>\n\t\t<div role=\"region\" aria-labelledby=\"e-n-accordion-item-1121\" class=\"elementor-element elementor-element-942ccb0 e-con-full e-flex e-con e-child\" data-id=\"942ccb0\" data-element_type=\"container\" data-e-type=\"container\">\n\t\t<div role=\"region\" aria-labelledby=\"e-n-accordion-item-1121\" class=\"elementor-element elementor-element-d5e4b56 e-con-full e-flex e-con e-child\" data-id=\"d5e4b56\" data-element_type=\"container\" data-e-type=\"container\">\n\t\t\t\t<div class=\"elementor-element elementor-element-381dfcb elementor-widget elementor-widget-image-gallery\" data-id=\"381dfcb\" data-element_type=\"widget\" data-e-type=\"widget\" data-widget_type=\"image-gallery.default\">\n\t\t\t\t<div class=\"elementor-widget-container\">\n\t\t\t\t\t\t\t<div class=\"elementor-image-gallery\">\n\t\t\t<div id='gallery-1' class='gallery galleryid-2134 gallery-columns-1 gallery-size-medium_large'><figure class='gallery-item'>\n\t\t\t<div class='gallery-icon portrait'>\n\t\t\t\t<img fetchpriority=\"high\" decoding=\"async\" width=\"654\" height=\"690\" src=\"https:\/\/puffvapestore.com\/wp-content\/uploads\/2025\/04\/pvajf18000-9.jpg\" class=\"attachment-medium_large size-medium_large\" alt=\"JNR Falcon Bl\u00e5b\u00e4r Kiwi 18000 pvajf18000\" aria-describedby=\"gallery-1-1949\" srcset=\"https:\/\/puffvapestore.com\/wp-content\/uploads\/2025\/04\/pvajf18000-9.jpg 654w, https:\/\/puffvapestore.com\/wp-content\/uploads\/2025\/04\/pvajf18000-9-284x300.jpg 284w, https:\/\/puffvapestore.com\/wp-content\/uploads\/2025\/04\/pvajf18000-9-600x633.jpg 600w\" sizes=\"(max-width: 654px) 100vw, 654px\" \/>\n\t\t\t<\/div>\n\t\t\t\t<figcaption class='wp-caption-text gallery-caption' id='gallery-1-1949'>\n\t\t\t\tJNR Falcon Bl\u00e5b\u00e4r Kiwi 18000 pvajf18000\n\t\t\t\t<\/figcaption><\/figure>\n\t\t<\/div>\n\t\t<\/div>\n\t\t\t\t\t\t<\/div>\n\t\t\t\t<\/div>\n\t\t\t\t<\/div>\n\t\t<div role=\"region\" aria-labelledby=\"e-n-accordion-item-1121\" class=\"elementor-element elementor-element-577deeb e-con-full e-flex e-con e-child\" data-id=\"577deeb\" data-element_type=\"container\" data-e-type=\"container\">\n\t\t\t\t<div class=\"elementor-element elementor-element-5d167cf elementor-widget elementor-widget-text-editor\" data-id=\"5d167cf\" data-element_type=\"widget\" data-e-type=\"widget\" data-widget_type=\"text-editor.default\">\n\t\t\t\t<div class=\"elementor-widget-container\">\n\t\t\t\t\t\t\t\t\t<p>Produktens praktiska egenskaper \u00e4r ocks\u00e5 ett av dess f\u00f6rs\u00e4ljningsargument. Batterikapaciteten p\u00e5 950 mAh garanterar l\u00e5ngvarig anv\u00e4ndning, vilket \u00e4r s\u00e4rskilt l\u00e4mpligt f\u00f6r anv\u00e4ndare som \u00e4r p\u00e5 resande fot eller har mycket att g\u00f6ra p\u00e5 jobbet. Typ-C-laddningsporten ger en bekv\u00e4m laddningsupplevelse, och du kan forts\u00e4tta anv\u00e4nda den efter en kort laddning. Den digitala LED-displayen indikerar tydligt str\u00f6mniv\u00e5 och anv\u00e4ndning, s\u00e5 att anv\u00e4ndarna alltid kan f\u00f6rst\u00e5 enhetens status.<\/p><p>JNR Falcon 18000 integrerar m\u00e5nga avancerade funktioner i en b\u00e4rbar enhet som m\u00e4ter 53,5 \u00d7 32 \u00d7 121 mm, vilket \u00e4r b\u00e5de platsbesparande och l\u00e4tt att b\u00e4ra. Oavsett om du v\u00e4ntar p\u00e5 v\u00e4nner och familj p\u00e5 flygplatsen eller tar en kort paus, kan den h\u00e4r enheten ge en bekv\u00e4m och tillfredsst\u00e4llande anv\u00e4ndarupplevelse.<\/p>\t\t\t\t\t\t\t\t<\/div>\n\t\t\t\t<\/div>\n\t\t\t\t<\/div>\n\t\t\t\t<\/div>\n\t\t<div role=\"region\" aria-labelledby=\"e-n-accordion-item-1121\" class=\"elementor-element elementor-element-7926c6b e-con-full e-flex e-con e-child\" data-id=\"7926c6b\" data-element_type=\"container\" data-e-type=\"container\">\n\t\t\t\t<div class=\"elementor-element elementor-element-2b41948 elementor-widget elementor-widget-text-editor\" data-id=\"2b41948\" data-element_type=\"widget\" data-e-type=\"widget\" data-widget_type=\"text-editor.default\">\n\t\t\t\t<div class=\"elementor-widget-container\">\n\t\t\t\t\t\t\t\t\t<p>Sammantaget finns det goda sk\u00e4l till varf\u00f6r smaken bl\u00e5b\u00e4r kiwi p\u00e5 JNR Falcon 18000 \u00e4r popul\u00e4r bland franska konsumenter. Den uppfyller inte bara kraven p\u00e5 kvalitet, utan erbjuder ocks\u00e5 en bekv\u00e4m och praktisk anv\u00e4ndarupplevelse. F\u00f6r konsumenter som letar efter en h\u00f6gkvalitativ elektronisk cigarett f\u00f6r eng\u00e5ngsbruk \u00e4r detta verkligen ett alternativ att \u00f6verv\u00e4ga.<\/p>\t\t\t\t\t\t\t\t<\/div>\n\t\t\t\t<\/div>\n\t\t\t\t<\/div>\n\t\t\t\t\t<\/div>\n\t\t\t\t<\/div>\n\t\t\t\t<\/div>\n\t\t\t\t\t<\/details>\n\t\t\t\t\t<\/div>\n\t\t\t\t\t\t<\/div>\n\t\t\t\t<\/div>\n\t\t\t\t\t<\/div>\n\t\t\t\t<\/div>\n\t\t\t\t<\/div>","protected":false},"excerpt":{"rendered":"<p>Caract\u00e9ristiques du JNR Falcon 18K Blueberry Kiwi: Bouff\u00e9es : Jusqu\u2019\u00e0 18000 bouff\u00e9es Liquide : 24 ml Taux de nicotine : 0 %, 2 %, 5 % R\u00e9sistance : 0.6 ohm Capacit\u00e9 de la batterie : 950 mAh Chargement : Type-C D\u00e9bit d\u2019air r\u00e9glable : Oui Affichage num\u00e9rique R\u00e9sistance double maille et double c\u0153ur Dimensions : [&hellip;]<\/p>\n","protected":false},"featured_media":1949,"comment_status":"open","ping_status":"closed","template":"","meta":{"site-sidebar-layout":"no-sidebar","site-content-layout":"page-builder","ast-site-content-layout":"normal-width-container","site-content-style":"default","site-sidebar-style":"default","ast-global-header-display":"","ast-banner-title-visibility":"","ast-main-header-display":"","ast-hfb-above-header-display":"","ast-hfb-below-header-display":"","ast-hfb-mobile-header-display":"","site-post-title":"disabled","ast-breadcrumbs-content":"","ast-featured-img":"disabled","footer-sml-layout":"","ast-disable-related-posts":"","theme-transparent-header-meta":"default","adv-header-id-meta":"","stick-header-meta":"default","header-above-stick-meta":"","header-main-stick-meta":"","header-below-stick-meta":"","astra-migrate-meta-layouts":"set","ast-page-background-enabled":"default","ast-page-background-meta":{"desktop":{"background-color":"","background-image":"","background-repeat":"repeat","background-position":"center center","background-size":"auto","background-attachment":"scroll","background-type":"","background-media":"","overlay-type":"","overlay-color":"","overlay-opacity":"","overlay-gradient":""},"tablet":{"background-color":"","background-image":"","background-repeat":"repeat","background-position":"center center","background-size":"auto","background-attachment":"scroll","background-type":"","background-media":"","overlay-type":"","overlay-color":"","overlay-opacity":"","overlay-gradient":""},"mobile":{"background-color":"","background-image":"","background-repeat":"repeat","background-position":"center center","background-size":"auto","background-attachment":"scroll","background-type":"","background-media":"","overlay-type":"","overlay-color":"","overlay-opacity":"","overlay-gradient":""}},"ast-content-background-meta":{"desktop":{"background-color":"var(--ast-global-color-5)","background-image":"","background-repeat":"repeat","background-position":"center center","background-size":"auto","background-attachment":"scroll","background-type":"","background-media":"","overlay-type":"","overlay-color":"","overlay-opacity":"","overlay-gradient":""},"tablet":{"background-color":"var(--ast-global-color-5)","background-image":"","background-repeat":"repeat","background-position":"center center","background-size":"auto","background-attachment":"scroll","background-type":"","background-media":"","overlay-type":"","overlay-color":"","overlay-opacity":"","overlay-gradient":""},"mobile":{"background-color":"var(--ast-global-color-5)","background-image":"","background-repeat":"repeat","background-position":"center center","background-size":"auto","background-attachment":"scroll","background-type":"","background-media":"","overlay-type":"","overlay-color":"","overlay-opacity":"","overlay-gradient":""}}},"product_brand":[30],"product_cat":[40,84,77,34,31],"product_tag":[],"class_list":{"0":"post-2134","1":"product","2":"type-product","3":"status-publish","4":"has-post-thumbnail","6":"product_brand-jnr","7":"product_cat-jnr-18k","8":"product_cat-puff-18k","9":"product_cat-entrepot-de-lue","10":"product_cat-puff-jnr","11":"product_cat-jnr-falcon","12":"desktop-align-center","13":"tablet-align-center","14":"mobile-align-center","15":"ast-product-gallery-layout-horizontal","16":"ast-product-gallery-with-no-image","17":"ast-product-single-variable","18":"ast-product-tabs-layout-horizontal","19":"ast-qv-on-image","21":"first","22":"instock","23":"sale","24":"shipping-taxable","25":"purchasable","26":"product-type-variable","27":"has-default-attributes"},"tiered_pricing_type":"fixed","tiered_pricing_fixed_rules":{"30":10.08,"60":9.28,"100":8.13,"200":7.48,"500":7.28,"1000":6.98},"tiered_pricing_product_settings":{"layout":"default","base_unit_name":{"singular":null,"plural":null},"default_variation":null},"tiered_pricing_minimum_quantity":null,"tiered_pricing_roles_data":[],"tiered_pricing_percentage_rules":[],"_links":{"self":[{"href":"https:\/\/puffvapestore.com\/sv\/wp-json\/wp\/v2\/product\/2134","targetHints":{"allow":["GET"]}}],"collection":[{"href":"https:\/\/puffvapestore.com\/sv\/wp-json\/wp\/v2\/product"}],"about":[{"href":"https:\/\/puffvapestore.com\/sv\/wp-json\/wp\/v2\/types\/product"}],"replies":[{"embeddable":true,"href":"https:\/\/puffvapestore.com\/sv\/wp-json\/wp\/v2\/comments?post=2134"}],"version-history":[{"count":24,"href":"https:\/\/puffvapestore.com\/sv\/wp-json\/wp\/v2\/product\/2134\/revisions"}],"predecessor-version":[{"id":13602,"href":"https:\/\/puffvapestore.com\/sv\/wp-json\/wp\/v2\/product\/2134\/revisions\/13602"}],"wp:featuredmedia":[{"embeddable":true,"href":"https:\/\/puffvapestore.com\/sv\/wp-json\/wp\/v2\/media\/1949"}],"wp:attachment":[{"href":"https:\/\/puffvapestore.com\/sv\/wp-json\/wp\/v2\/media?parent=2134"}],"wp:term":[{"taxonomy":"product_brand","embeddable":true,"href":"https:\/\/puffvapestore.com\/sv\/wp-json\/wp\/v2\/product_brand?post=2134"},{"taxonomy":"product_cat","embeddable":true,"href":"https:\/\/puffvapestore.com\/sv\/wp-json\/wp\/v2\/product_cat?post=2134"},{"taxonomy":"product_tag","embeddable":true,"href":"https:\/\/puffvapestore.com\/sv\/wp-json\/wp\/v2\/product_tag?post=2134"}],"curies":[{"name":"wp","href":"https:\/\/api.w.org\/{rel}","templated":true}]}}