{"id":2106,"date":"2025-04-18T08:57:09","date_gmt":"2025-04-18T08:57:09","guid":{"rendered":"https:\/\/puffvapestore.com\/?post_type=product&#038;p=2106"},"modified":"2026-01-19T10:37:33","modified_gmt":"2026-01-19T10:37:33","slug":"18k-jnr-falcon-puff-blue-razz-ice","status":"publish","type":"product","link":"https:\/\/puffvapestore.com\/sv\/product\/18k-jnr-falcon-puff-bla-razz-is\/","title":{"rendered":"18k JNR Falcon Puff Blue Razz Ice | JNR Falcon X 18000"},"content":{"rendered":"<div data-elementor-type=\"wp-post\" data-elementor-id=\"2106\" class=\"elementor elementor-2106\">\n\t\t\t\t<div class=\"elementor-element elementor-element-7803472 e-flex e-con-boxed e-con e-parent\" data-id=\"7803472\" data-element_type=\"container\" data-e-type=\"container\">\n\t\t\t\t\t<div class=\"e-con-inner\">\n\t\t<div class=\"elementor-element elementor-element-11102a2 e-con-full e-flex e-con e-child\" data-id=\"11102a2\" data-element_type=\"container\" data-e-type=\"container\">\n\t\t\t\t<div class=\"elementor-element elementor-element-caff014 elementor-widget elementor-widget-text-editor\" data-id=\"caff014\" data-element_type=\"widget\" data-e-type=\"widget\" data-widget_type=\"text-editor.default\">\n\t\t\t\t<div class=\"elementor-widget-container\">\n\t\t\t\t\t\t\t\t\t<h2>Egenskaper f\u00f6r JNR Falcon 18K Blue Razz Ice:<\/h2><p>Puffar : Upp till 18.000 puffar<br \/>V\u00e4tska: 24 ml<br \/>Nikotinniv\u00e5er: 0 %, 2 %, 5 %<br \/>Resistans: 0,6 ohm<br \/>Batterikapacitet: 950 mAh<br \/>Laddning: Typ-C<br \/>Justerbart luftfl\u00f6de: Ja<br \/>Digital display<br \/>Dubbelt n\u00e4t och dubbelt k\u00e4rnmotst\u00e5nd<br \/>M\u00e5tt: 53,5 x 32 x 121 mm<\/p>\t\t\t\t\t\t\t\t<\/div>\n\t\t\t\t<\/div>\n\t\t\t\t<\/div>\n\t\t<div class=\"elementor-element elementor-element-9711169 e-con-full e-flex e-con e-child\" data-id=\"9711169\" data-element_type=\"container\" data-e-type=\"container\">\n\t\t\t\t<div class=\"elementor-element elementor-element-5350d01 elementor-widget elementor-widget-image-gallery\" data-id=\"5350d01\" data-element_type=\"widget\" data-e-type=\"widget\" data-widget_type=\"image-gallery.default\">\n\t\t\t\t<div class=\"elementor-widget-container\">\n\t\t\t\t\t\t\t<div class=\"elementor-image-gallery\">\n\t\t\t<div id='gallery-1' class='gallery galleryid-2106 gallery-columns-1 gallery-size-medium_large'><figure class='gallery-item'>\n\t\t\t<div class='gallery-icon portrait'>\n\t\t\t\t<img fetchpriority=\"high\" decoding=\"async\" width=\"654\" height=\"690\" src=\"https:\/\/puffvapestore.com\/wp-content\/uploads\/2025\/04\/pvajf18000-8.jpg\" class=\"attachment-medium_large size-medium_large\" alt=\"JNR Falcon 18000 Bl\u00e5 Razz Ice pvajf18000\" aria-describedby=\"gallery-1-1948\" srcset=\"https:\/\/puffvapestore.com\/wp-content\/uploads\/2025\/04\/pvajf18000-8.jpg 654w, https:\/\/puffvapestore.com\/wp-content\/uploads\/2025\/04\/pvajf18000-8-284x300.jpg 284w, https:\/\/puffvapestore.com\/wp-content\/uploads\/2025\/04\/pvajf18000-8-600x633.jpg 600w\" sizes=\"(max-width: 654px) 100vw, 654px\" \/>\n\t\t\t<\/div>\n\t\t\t\t<figcaption class='wp-caption-text gallery-caption' id='gallery-1-1948'>\n\t\t\t\tJNR Falcon 18000 Bl\u00e5 Razz Ice pvajf18000\n\t\t\t\t<\/figcaption><\/figure>\n\t\t<\/div>\n\t\t<\/div>\n\t\t\t\t\t\t<\/div>\n\t\t\t\t<\/div>\n\t\t\t\t<\/div>\n\t\t\t\t\t<\/div>\n\t\t\t\t<\/div>\n\t\t<div class=\"elementor-element elementor-element-26f7342 e-flex e-con-boxed e-con e-parent\" data-id=\"26f7342\" data-element_type=\"container\" data-e-type=\"container\">\n\t\t\t\t\t<div class=\"e-con-inner\">\n\t\t\t\t<div class=\"elementor-element elementor-element-158419c elementor-widget elementor-widget-n-accordion\" data-id=\"158419c\" data-element_type=\"widget\" data-e-type=\"widget\" data-settings=\"{&quot;default_state&quot;:&quot;expanded&quot;,&quot;max_items_expended&quot;:&quot;one&quot;,&quot;n_accordion_animation_duration&quot;:{&quot;unit&quot;:&quot;ms&quot;,&quot;size&quot;:400,&quot;sizes&quot;:[]}}\" data-widget_type=\"nested-accordion.default\">\n\t\t\t\t<div class=\"elementor-widget-container\">\n\t\t\t\t\t\t\t<div class=\"e-n-accordion\" aria-label=\"Dragspel. \u00d6ppna l\u00e4nkar med Enter eller Space, st\u00e4ng med Escape och navigera med piltangenterna\">\n\t\t\t\t\t\t<details id=\"e-n-accordion-item-2250\" class=\"e-n-accordion-item\" open>\n\t\t\t\t<summary class=\"e-n-accordion-item-title\" data-accordion-index=\"1\" tabindex=\"0\" aria-expanded=\"true\" aria-controls=\"e-n-accordion-item-2250\" >\n\t\t\t\t\t<span class='e-n-accordion-item-title-header'><div class=\"e-n-accordion-item-title-text\"> Egenskaper och funktioner hos JNR Falcon X 18K Blue Razz Ice <\/div><\/span>\n\t\t\t\t\t\t\t<span class='e-n-accordion-item-title-icon'>\n\t\t\t<span class='e-opened' ><svg aria-hidden=\"true\" class=\"e-font-icon-svg e-fas-minus\" viewbox=\"0 0 448 512\" xmlns=\"http:\/\/www.w3.org\/2000\/svg\"><path d=\"M416 208H32c-17.67 0-32 14.33-32 32v32c0 17.67 14.33 32 32 32h384c17.67 0 32-14.33 32-32v-32c0-17.67-14.33-32-32-32z\"><\/path><\/svg><\/span>\n\t\t\t<span class='e-closed'><svg aria-hidden=\"true\" class=\"e-font-icon-svg e-fas-plus\" viewbox=\"0 0 448 512\" xmlns=\"http:\/\/www.w3.org\/2000\/svg\"><path d=\"M416 208H272V64c0-17.67-14.33-32-32-32h-32c-17.67 0-32 14.33-32 32v144H32c-17.67 0-32 14.33-32 32v32c0 17.67 14.33 32 32 32h144v144c0 17.67 14.33 32 32 32h32c17.67 0 32-14.33 32-32V304h144c17.67 0 32-14.33 32-32v-32c0-17.67-14.33-32-32-32z\"><\/path><\/svg><\/span>\n\t\t<\/span>\n\n\t\t\t\t\t\t<\/summary>\n\t\t\t\t<div role=\"region\" aria-labelledby=\"e-n-accordion-item-2250\" class=\"elementor-element elementor-element-6f743b4 e-con-full e-flex e-con e-child\" data-id=\"6f743b4\" data-element_type=\"container\" data-e-type=\"container\">\n\t\t<div role=\"region\" aria-labelledby=\"e-n-accordion-item-2250\" class=\"elementor-element elementor-element-7b0978f e-flex e-con-boxed e-con e-child\" data-id=\"7b0978f\" data-element_type=\"container\" data-e-type=\"container\">\n\t\t\t\t\t<div class=\"e-con-inner\">\n\t\t\t\t<div class=\"elementor-element elementor-element-8ba42a0 elementor-widget elementor-widget-text-editor\" data-id=\"8ba42a0\" data-element_type=\"widget\" data-e-type=\"widget\" data-widget_type=\"text-editor.default\">\n\t\t\t\t<div class=\"elementor-widget-container\">\n\t\t\t\t\t\t\t\t\t<h2>Stor kapacitet f\u00f6r e-v\u00e4tska f\u00f6r en l\u00e5ngvarig upplevelse<\/h2><p>Den elektroniska cigaretten JNR Falcon-X 18K ger upp till 18 000 bloss, vilket garanterar l\u00e5ngvarig anv\u00e4ndning utan frekventa byten av enhet. Oavsett om du anv\u00e4nder den varje dag eller n\u00e4r du reser, kommer den att tillgodose dina frekventa behov av e-v\u00e4tska, vilket avsev\u00e4rt f\u00f6rb\u00e4ttrar din komfort och bekv\u00e4mlighet.<\/p><p>Den stora kapaciteten p\u00e5 24 ml e-v\u00e4tska minskar avsev\u00e4rt behovet av frekventa p\u00e5fyllningar, s\u00e5 att du kan njuta av en rik och smidig upplevelse under l\u00e5nga perioder. Oavsett om du r\u00f6ker ibland eller regelbundet inneb\u00e4r den h\u00e5llbara designen att du inte st\u00e4ndigt beh\u00f6ver \u00f6vervaka niv\u00e5n p\u00e5 din e-v\u00e4tska.<\/p><h2>Flera nikotinniv\u00e5er f\u00f6r att passa dina behov<\/h2><p>JNR Falcon-X 18K erbjuder tre nikotinniv\u00e5er: 0 %, 2 % och 5 %, utformade f\u00f6r att passa dina smakpreferenser och r\u00f6kavv\u00e4njningsbehov. Oavsett om du f\u00f6redrar den rena smaken av noll nikotin eller om du letar efter en m\u00e5ttlig nikotinniv\u00e5 kommer du enkelt att hitta den niv\u00e5 som passar dig.<\/p><h2>Exakt digital display f\u00f6r tydlig information i ett \u00f6gonkast<\/h2><p>JNR Falcon-X 18K har en h\u00f6guppl\u00f6st digital display som visar viktiga data som batteriladdning och kvarvarande niv\u00e5 av e-v\u00e4tska i realtid. Detta g\u00f6r att anv\u00e4ndarna tydligt kan \u00f6vervaka enhetens status och undvika pinsamma situationer som str\u00f6mavbrott eller att e-v\u00e4tskan tar slut. Anv\u00e4ndarupplevelsen f\u00f6rb\u00e4ttras och hanteringen och underh\u00e5llet av enheten f\u00f6renklas.<\/p><p>Det integrerade 950 mAh litiumjonbatteriet med h\u00f6g kapacitet m\u00f6jligg\u00f6r ut\u00f6kad anv\u00e4ndning, medan snabbladdningsporten av typ C g\u00f6r laddningen mer effektiv och bekv\u00e4m. Oavsett om du \u00e4r p\u00e5 jobbet, p\u00e5 resande fot eller i vardagen \u00e4r str\u00f6mf\u00f6rs\u00f6rjningen konstant, vilket eliminerar p\u00e5frestningen av frekvent laddning.<\/p><h2>Justerbart luftfl\u00f6de f\u00f6r en personligt anpassad inandningsupplevelse<\/h2><p>Det unika systemet f\u00f6r justering av luftfl\u00f6det g\u00f6r det m\u00f6jligt f\u00f6r anv\u00e4ndare att justera inandningsmotst\u00e5ndet s\u00e5 att det passar deras preferenser. Oavsett om du f\u00f6redrar en fastare eller mjukare \u00e5nga kan du enkelt justera inandningsmotst\u00e5ndet f\u00f6r att f\u00e5 den perfekta \u00e5ngupplevelsen f\u00f6r dig.<\/p><p>JNR Falcon-X 18K anv\u00e4nder avancerad 0,6 ohm dual-mesh, dual-core resistorteknik som f\u00f6rb\u00e4ttrar atomiseringseffektiviteten och \u00e5ngdensiteten, vilket ger en rikare, fylligare smak och en mjukare inandning. Varje bloss fylls med en delikat, j\u00e4mn r\u00f6k som uppfyller musik\u00e4lskarnas behov.<\/p>\t\t\t\t\t\t\t\t<\/div>\n\t\t\t\t<\/div>\n\t\t\t\t\t<\/div>\n\t\t\t\t<\/div>\n\t\t\t\t<\/div>\n\t\t\t\t\t<\/details>\n\t\t\t\t\t\t<details id=\"e-n-accordion-item-2251\" class=\"e-n-accordion-item\" >\n\t\t\t\t<summary class=\"e-n-accordion-item-title\" data-accordion-index=\"2\" tabindex=\"-1\" aria-expanded=\"false\" aria-controls=\"e-n-accordion-item-2251\" >\n\t\t\t\t\t<span class='e-n-accordion-item-title-header'><div class=\"e-n-accordion-item-title-text\"> Puff JNR Falcon X 18K Blue Razz Ice <\/div><\/span>\n\t\t\t\t\t\t\t<span class='e-n-accordion-item-title-icon'>\n\t\t\t<span class='e-opened' ><svg aria-hidden=\"true\" class=\"e-font-icon-svg e-fas-minus\" viewbox=\"0 0 448 512\" xmlns=\"http:\/\/www.w3.org\/2000\/svg\"><path d=\"M416 208H32c-17.67 0-32 14.33-32 32v32c0 17.67 14.33 32 32 32h384c17.67 0 32-14.33 32-32v-32c0-17.67-14.33-32-32-32z\"><\/path><\/svg><\/span>\n\t\t\t<span class='e-closed'><svg aria-hidden=\"true\" class=\"e-font-icon-svg e-fas-plus\" viewbox=\"0 0 448 512\" xmlns=\"http:\/\/www.w3.org\/2000\/svg\"><path d=\"M416 208H272V64c0-17.67-14.33-32-32-32h-32c-17.67 0-32 14.33-32 32v144H32c-17.67 0-32 14.33-32 32v32c0 17.67 14.33 32 32 32h144v144c0 17.67 14.33 32 32 32h32c17.67 0 32-14.33 32-32V304h144c17.67 0 32-14.33 32-32v-32c0-17.67-14.33-32-32-32z\"><\/path><\/svg><\/span>\n\t\t<\/span>\n\n\t\t\t\t\t\t<\/summary>\n\t\t\t\t<div role=\"region\" aria-labelledby=\"e-n-accordion-item-2251\" class=\"elementor-element elementor-element-17d651a e-con-full e-flex e-con e-child\" data-id=\"17d651a\" data-element_type=\"container\" data-e-type=\"container\">\n\t\t<div role=\"region\" aria-labelledby=\"e-n-accordion-item-2251\" class=\"elementor-element elementor-element-cc9e763 e-flex e-con-boxed e-con e-child\" data-id=\"cc9e763\" data-element_type=\"container\" data-e-type=\"container\">\n\t\t\t\t\t<div class=\"e-con-inner\">\n\t\t\t\t<div class=\"elementor-element elementor-element-55fd5fa elementor-widget elementor-widget-text-editor\" data-id=\"55fd5fa\" data-element_type=\"widget\" data-e-type=\"widget\" data-widget_type=\"text-editor.default\">\n\t\t\t\t<div class=\"elementor-widget-container\">\n\t\t\t\t\t\t\t\t\t<p>Jag sitter p\u00e5 en uteservering p\u00e5 ett gatukaf\u00e9 i Paris och den elektroniska cigaretten JNR Falcon 18000 i min hand sl\u00e4pper ut den iskalla bl\u00e5b\u00e4rssmaken fr\u00e5n Blue Razz Ice, som bildar en unik kontrast till den omgivande doften av kaffe och rostat br\u00f6d. Den h\u00e4r smaken \u00e4r precis som Paris sj\u00e4lvt, klassisk men \u00e4nd\u00e5 innovativ.<\/p><p>Blue Razz Ice har en rik, fyllig bl\u00e5b\u00e4rssmak och en distinkt isig konsistens. 0,6 ohm-designen bygger p\u00e5 Falcon 18000:s dual mesh coil-teknik och s\u00e4kerst\u00e4ller att varje r\u00f6kpuff sl\u00e4pper ut ett helt lager av smak. Bl\u00e5b\u00e4rens toppnot \u00e4r s\u00f6t, mellannoten \u00e4r full av fruktiga aromer och den isiga basnoten \u00e4r l\u00e5ngvarig, vilket g\u00f6r varje inandning till en resa f\u00f6r dina smakl\u00f6kar.<\/p>\t\t\t\t\t\t\t\t<\/div>\n\t\t\t\t<\/div>\n\t\t<div role=\"region\" aria-labelledby=\"e-n-accordion-item-2251\" class=\"elementor-element elementor-element-942ccb0 e-con-full e-flex e-con e-child\" data-id=\"942ccb0\" data-element_type=\"container\" data-e-type=\"container\">\n\t\t<div role=\"region\" aria-labelledby=\"e-n-accordion-item-2251\" class=\"elementor-element elementor-element-d5e4b56 e-con-full e-flex e-con e-child\" data-id=\"d5e4b56\" data-element_type=\"container\" data-e-type=\"container\">\n\t\t\t\t<div class=\"elementor-element elementor-element-381dfcb elementor-widget elementor-widget-image-gallery\" data-id=\"381dfcb\" data-element_type=\"widget\" data-e-type=\"widget\" data-widget_type=\"image-gallery.default\">\n\t\t\t\t<div class=\"elementor-widget-container\">\n\t\t\t\t\t\t\t<div class=\"elementor-image-gallery\">\n\t\t\t<div id='gallery-1' class='gallery galleryid-2106 gallery-columns-1 gallery-size-medium_large'><figure class='gallery-item'>\n\t\t\t<div class='gallery-icon portrait'>\n\t\t\t\t<img fetchpriority=\"high\" decoding=\"async\" width=\"654\" height=\"690\" src=\"https:\/\/puffvapestore.com\/wp-content\/uploads\/2025\/04\/pvajf18000-8.jpg\" class=\"attachment-medium_large size-medium_large\" alt=\"JNR Falcon 18000 Bl\u00e5 Razz Ice pvajf18000\" aria-describedby=\"gallery-1-1948\" srcset=\"https:\/\/puffvapestore.com\/wp-content\/uploads\/2025\/04\/pvajf18000-8.jpg 654w, https:\/\/puffvapestore.com\/wp-content\/uploads\/2025\/04\/pvajf18000-8-284x300.jpg 284w, https:\/\/puffvapestore.com\/wp-content\/uploads\/2025\/04\/pvajf18000-8-600x633.jpg 600w\" sizes=\"(max-width: 654px) 100vw, 654px\" \/>\n\t\t\t<\/div>\n\t\t\t\t<figcaption class='wp-caption-text gallery-caption' id='gallery-1-1948'>\n\t\t\t\tJNR Falcon 18000 Bl\u00e5 Razz Ice pvajf18000\n\t\t\t\t<\/figcaption><\/figure>\n\t\t<\/div>\n\t\t<\/div>\n\t\t\t\t\t\t<\/div>\n\t\t\t\t<\/div>\n\t\t\t\t<\/div>\n\t\t<div role=\"region\" aria-labelledby=\"e-n-accordion-item-2251\" class=\"elementor-element elementor-element-577deeb e-con-full e-flex e-con e-child\" data-id=\"577deeb\" data-element_type=\"container\" data-e-type=\"container\">\n\t\t\t\t<div class=\"elementor-element elementor-element-5d167cf elementor-widget elementor-widget-text-editor\" data-id=\"5d167cf\" data-element_type=\"widget\" data-e-type=\"widget\" data-widget_type=\"text-editor.default\">\n\t\t\t\t<div class=\"elementor-widget-container\">\n\t\t\t\t\t\t\t\t\t<p>Den mest praktiska aspekten av denna elektroniska cigarett \u00e4r dess batteritid. Under l\u00e5nga kaffepauser eller m\u00f6ten med v\u00e4nner i Paris ger den stora 24 ml e-v\u00e4tskekapaciteten upp till 18 000 r\u00f6kpuffar, vilket \u00e4r tillr\u00e4ckligt f\u00f6r att klara fransm\u00e4nnens l\u00e5nga sociala tillf\u00e4llen. Nikotinhalten i 2% ger precis r\u00e4tt m\u00e4ngd tillfredsst\u00e4llelse, varken f\u00f6r stark eller helt fr\u00e5nvarande.<\/p><p>Det justerbara luftfl\u00f6det \u00e4r en annan h\u00f6jdpunkt, vilket g\u00f6r att du kan justera m\u00e4ngden dimma f\u00f6r att passa olika tillf\u00e4llen. P\u00e5 ett elegant kaf\u00e9 kan du v\u00e4lja en mer sober dimmetod; i baromr\u00e5det p\u00e5 kv\u00e4llen kan du sl\u00e4ppa ut en rikare bl\u00e5b\u00e4rsisdimma.<\/p>\t\t\t\t\t\t\t\t<\/div>\n\t\t\t\t<\/div>\n\t\t\t\t<\/div>\n\t\t\t\t<\/div>\n\t\t<div role=\"region\" aria-labelledby=\"e-n-accordion-item-2251\" class=\"elementor-element elementor-element-7926c6b e-con-full e-flex e-con e-child\" data-id=\"7926c6b\" data-element_type=\"container\" data-e-type=\"container\">\n\t\t\t\t<div class=\"elementor-element elementor-element-2b41948 elementor-widget elementor-widget-text-editor\" data-id=\"2b41948\" data-element_type=\"widget\" data-e-type=\"widget\" data-widget_type=\"text-editor.default\">\n\t\t\t\t<div class=\"elementor-widget-container\">\n\t\t\t\t\t\t\t\t\t<p>Batterikapaciteten p\u00e5 950 mAh och Type C-laddningsdesignen \u00e4r mycket praktiska. \u00c4ven om du g\u00e5r p\u00e5 gatorna i Paris hela dagen beh\u00f6ver du inte oroa dig f\u00f6r str\u00f6mproblem. Kroppsstorleken p\u00e5 53,5 \u00d7 32 \u00d7 121 mm \u00e4r perfekt f\u00f6r att greppa, och den k\u00e4nns inte skrymmande n\u00e4r den l\u00e4ggs i en v\u00e4ska eller ficka, vilket uppfyller fransm\u00e4nnens uts\u00f6kta krav p\u00e5 personliga effekter.<\/p><p>Den digitala displayen visar tydligt hur mycket str\u00f6m som \u00e5terst\u00e5r och hur m\u00e5nga g\u00e5nger den har anv\u00e4nts. Denna praktiska design \u00e4r s\u00e4rskilt viktig i en stad som Paris d\u00e4r effektivitet \u00e4r viktigt. Du beh\u00f6ver inte oroa dig f\u00f6r att drabbas av ett pl\u00f6tsligt str\u00f6mavbrott eller att str\u00f6mmen tar slut.<\/p><p>Blue Razz Ice, i kombination med JNR Falcon 18000, anv\u00e4nder den senaste tekniken f\u00f6r att leverera en klassisk bl\u00e5b\u00e4rsglassupplevelse. Den kombinerar fransk elegans med den moderna teknikens praktiska egenskaper. Det \u00e4r en behaglig bl\u00e5 smak i det hektiska stadslivet.<\/p>\t\t\t\t\t\t\t\t<\/div>\n\t\t\t\t<\/div>\n\t\t\t\t<\/div>\n\t\t\t\t\t<\/div>\n\t\t\t\t<\/div>\n\t\t\t\t<\/div>\n\t\t\t\t\t<\/details>\n\t\t\t\t\t<\/div>\n\t\t\t\t\t\t<\/div>\n\t\t\t\t<\/div>\n\t\t\t\t\t<\/div>\n\t\t\t\t<\/div>\n\t\t\t\t<\/div>","protected":false},"excerpt":{"rendered":"<p>Caract\u00e9ristiques du JNR Falcon 18K Blue Razz Ice: Bouff\u00e9es : Jusqu\u2019\u00e0 18000 bouff\u00e9es Liquide : 24 ml Taux de nicotine : 0 %, 2 %, 5 % R\u00e9sistance : 0.6 ohm Capacit\u00e9 de la batterie : 950 mAh Chargement : Type-C D\u00e9bit d\u2019air r\u00e9glable : Oui Affichage num\u00e9rique R\u00e9sistance double maille et double c\u0153ur Dimensions [&hellip;]<\/p>\n","protected":false},"featured_media":1948,"comment_status":"open","ping_status":"closed","template":"","meta":{"site-sidebar-layout":"no-sidebar","site-content-layout":"page-builder","ast-site-content-layout":"normal-width-container","site-content-style":"default","site-sidebar-style":"default","ast-global-header-display":"","ast-banner-title-visibility":"","ast-main-header-display":"","ast-hfb-above-header-display":"","ast-hfb-below-header-display":"","ast-hfb-mobile-header-display":"","site-post-title":"disabled","ast-breadcrumbs-content":"","ast-featured-img":"disabled","footer-sml-layout":"","ast-disable-related-posts":"","theme-transparent-header-meta":"default","adv-header-id-meta":"","stick-header-meta":"default","header-above-stick-meta":"","header-main-stick-meta":"","header-below-stick-meta":"","astra-migrate-meta-layouts":"set","ast-page-background-enabled":"default","ast-page-background-meta":{"desktop":{"background-color":"","background-image":"","background-repeat":"repeat","background-position":"center center","background-size":"auto","background-attachment":"scroll","background-type":"","background-media":"","overlay-type":"","overlay-color":"","overlay-opacity":"","overlay-gradient":""},"tablet":{"background-color":"","background-image":"","background-repeat":"repeat","background-position":"center center","background-size":"auto","background-attachment":"scroll","background-type":"","background-media":"","overlay-type":"","overlay-color":"","overlay-opacity":"","overlay-gradient":""},"mobile":{"background-color":"","background-image":"","background-repeat":"repeat","background-position":"center center","background-size":"auto","background-attachment":"scroll","background-type":"","background-media":"","overlay-type":"","overlay-color":"","overlay-opacity":"","overlay-gradient":""}},"ast-content-background-meta":{"desktop":{"background-color":"var(--ast-global-color-5)","background-image":"","background-repeat":"repeat","background-position":"center center","background-size":"auto","background-attachment":"scroll","background-type":"","background-media":"","overlay-type":"","overlay-color":"","overlay-opacity":"","overlay-gradient":""},"tablet":{"background-color":"var(--ast-global-color-5)","background-image":"","background-repeat":"repeat","background-position":"center center","background-size":"auto","background-attachment":"scroll","background-type":"","background-media":"","overlay-type":"","overlay-color":"","overlay-opacity":"","overlay-gradient":""},"mobile":{"background-color":"var(--ast-global-color-5)","background-image":"","background-repeat":"repeat","background-position":"center center","background-size":"auto","background-attachment":"scroll","background-type":"","background-media":"","overlay-type":"","overlay-color":"","overlay-opacity":"","overlay-gradient":""}}},"product_brand":[30],"product_cat":[40,84,77,34,35],"product_tag":[],"class_list":{"0":"post-2106","1":"product","2":"type-product","3":"status-publish","4":"has-post-thumbnail","6":"product_brand-jnr","7":"product_cat-jnr-18k","8":"product_cat-puff-18k","9":"product_cat-entrepot-de-lue","10":"product_cat-puff-jnr","11":"product_cat-jnr-vape","12":"desktop-align-center","13":"tablet-align-center","14":"mobile-align-center","15":"ast-product-gallery-layout-horizontal","16":"ast-product-gallery-with-no-image","17":"ast-product-single-variable","18":"ast-product-tabs-layout-horizontal","19":"ast-qv-on-image","21":"first","22":"instock","23":"sale","24":"shipping-taxable","25":"purchasable","26":"product-type-variable","27":"has-default-attributes"},"tiered_pricing_type":"fixed","tiered_pricing_fixed_rules":{"30":10.08,"60":9.28,"100":8.13,"200":7.48,"500":7.28,"1000":6.98},"tiered_pricing_product_settings":{"layout":"default","base_unit_name":{"singular":null,"plural":null},"default_variation":null},"tiered_pricing_minimum_quantity":null,"tiered_pricing_roles_data":[],"tiered_pricing_percentage_rules":[],"_links":{"self":[{"href":"https:\/\/puffvapestore.com\/sv\/wp-json\/wp\/v2\/product\/2106","targetHints":{"allow":["GET"]}}],"collection":[{"href":"https:\/\/puffvapestore.com\/sv\/wp-json\/wp\/v2\/product"}],"about":[{"href":"https:\/\/puffvapestore.com\/sv\/wp-json\/wp\/v2\/types\/product"}],"replies":[{"embeddable":true,"href":"https:\/\/puffvapestore.com\/sv\/wp-json\/wp\/v2\/comments?post=2106"}],"version-history":[{"count":23,"href":"https:\/\/puffvapestore.com\/sv\/wp-json\/wp\/v2\/product\/2106\/revisions"}],"predecessor-version":[{"id":13606,"href":"https:\/\/puffvapestore.com\/sv\/wp-json\/wp\/v2\/product\/2106\/revisions\/13606"}],"wp:featuredmedia":[{"embeddable":true,"href":"https:\/\/puffvapestore.com\/sv\/wp-json\/wp\/v2\/media\/1948"}],"wp:attachment":[{"href":"https:\/\/puffvapestore.com\/sv\/wp-json\/wp\/v2\/media?parent=2106"}],"wp:term":[{"taxonomy":"product_brand","embeddable":true,"href":"https:\/\/puffvapestore.com\/sv\/wp-json\/wp\/v2\/product_brand?post=2106"},{"taxonomy":"product_cat","embeddable":true,"href":"https:\/\/puffvapestore.com\/sv\/wp-json\/wp\/v2\/product_cat?post=2106"},{"taxonomy":"product_tag","embeddable":true,"href":"https:\/\/puffvapestore.com\/sv\/wp-json\/wp\/v2\/product_tag?post=2106"}],"curies":[{"name":"wp","href":"https:\/\/api.w.org\/{rel}","templated":true}]}}