{"id":2092,"date":"2025-04-15T01:11:59","date_gmt":"2025-04-15T01:11:59","guid":{"rendered":"https:\/\/puffvapestore.com\/?post_type=product&#038;p=2092"},"modified":"2026-01-19T10:37:33","modified_gmt":"2026-01-19T10:37:33","slug":"cherry-watermelon-freeze-vape-jnr-falcon-18000-puff","status":"publish","type":"product","link":"https:\/\/puffvapestore.com\/sv\/product\/korsbar-vattenmelon-frysa-vape-jnr-falcon-18000-puff\/","title":{"rendered":"Cherry Watermelon Freeze Vape JNR Falcon 18000 Puff | JNR Falcon X 18K"},"content":{"rendered":"<div data-elementor-type=\"wp-post\" data-elementor-id=\"2092\" class=\"elementor elementor-2092\">\n\t\t\t\t<div class=\"elementor-element elementor-element-bed74db e-flex e-con-boxed e-con e-parent\" data-id=\"bed74db\" data-element_type=\"container\" data-e-type=\"container\">\n\t\t\t\t\t<div class=\"e-con-inner\">\n\t\t<div class=\"elementor-element elementor-element-5f377c3 e-con-full e-flex e-con e-child\" data-id=\"5f377c3\" data-element_type=\"container\" data-e-type=\"container\">\n\t\t\t\t<div class=\"elementor-element elementor-element-4c16803 elementor-widget__width-initial elementor-widget elementor-widget-text-editor\" data-id=\"4c16803\" data-element_type=\"widget\" data-e-type=\"widget\" data-widget_type=\"text-editor.default\">\n\t\t\t\t<div class=\"elementor-widget-container\">\n\t\t\t\t\t\t\t\t\t<h2>Specifikationer f\u00f6r JNR Falcon 18K Cherry Watermelon Freeze:<\/h2><p>Puffar : Upp till 18.000 puffar<br \/>V\u00e4tska: 24 ml<br \/>Nikotinniv\u00e5er: 0 %, 2 %, 5 %<br \/>Resistans: 0,6 ohm<br \/>Batterikapacitet: 950 mAh<br \/>Laddning: Typ-C<br \/>Justerbart luftfl\u00f6de: Ja<br \/>Digital display<br \/>Dubbelt n\u00e4t och dubbelt k\u00e4rnmotst\u00e5nd<br \/>M\u00e5tt: 53,5 x 32 x 121 mm<\/p>\t\t\t\t\t\t\t\t<\/div>\n\t\t\t\t<\/div>\n\t\t\t\t<\/div>\n\t\t<div class=\"elementor-element elementor-element-48c4866 e-con-full e-flex e-con e-child\" data-id=\"48c4866\" data-element_type=\"container\" data-e-type=\"container\">\n\t\t\t\t<div class=\"elementor-element elementor-element-0db737f elementor-widget elementor-widget-image-gallery\" data-id=\"0db737f\" data-element_type=\"widget\" data-e-type=\"widget\" data-widget_type=\"image-gallery.default\">\n\t\t\t\t<div class=\"elementor-widget-container\">\n\t\t\t\t\t\t\t<div class=\"elementor-image-gallery\">\n\t\t\t<div id='gallery-1' class='gallery galleryid-2092 gallery-columns-1 gallery-size-medium_large'><figure class='gallery-item'>\n\t\t\t<div class='gallery-icon portrait'>\n\t\t\t\t<img fetchpriority=\"high\" decoding=\"async\" width=\"654\" height=\"690\" src=\"https:\/\/puffvapestore.com\/wp-content\/uploads\/2025\/04\/pvajf18000-12.jpg\" class=\"attachment-medium_large size-medium_large\" alt=\"JNR Falcon 18000 K\u00f6rsb\u00e4r Vattenmelon Frys pvajf18000\" aria-describedby=\"gallery-1-1952\" srcset=\"https:\/\/puffvapestore.com\/wp-content\/uploads\/2025\/04\/pvajf18000-12.jpg 654w, https:\/\/puffvapestore.com\/wp-content\/uploads\/2025\/04\/pvajf18000-12-284x300.jpg 284w, https:\/\/puffvapestore.com\/wp-content\/uploads\/2025\/04\/pvajf18000-12-600x633.jpg 600w\" sizes=\"(max-width: 654px) 100vw, 654px\" \/>\n\t\t\t<\/div>\n\t\t\t\t<figcaption class='wp-caption-text gallery-caption' id='gallery-1-1952'>\n\t\t\t\tJNR Falcon 18000 K\u00f6rsb\u00e4r Vattenmelon Frys pvajf18000\n\t\t\t\t<\/figcaption><\/figure>\n\t\t<\/div>\n\t\t<\/div>\n\t\t\t\t\t\t<\/div>\n\t\t\t\t<\/div>\n\t\t\t\t<\/div>\n\t\t\t\t\t<\/div>\n\t\t\t\t<\/div>\n\t\t<div class=\"elementor-element elementor-element-df0932d e-flex e-con-boxed e-con e-parent\" data-id=\"df0932d\" data-element_type=\"container\" data-e-type=\"container\">\n\t\t\t\t\t<div class=\"e-con-inner\">\n\t\t\t\t<div class=\"elementor-element elementor-element-0478dd6 elementor-widget elementor-widget-n-accordion\" data-id=\"0478dd6\" data-element_type=\"widget\" data-e-type=\"widget\" data-settings=\"{&quot;default_state&quot;:&quot;expanded&quot;,&quot;max_items_expended&quot;:&quot;one&quot;,&quot;n_accordion_animation_duration&quot;:{&quot;unit&quot;:&quot;ms&quot;,&quot;size&quot;:400,&quot;sizes&quot;:[]}}\" data-widget_type=\"nested-accordion.default\">\n\t\t\t\t<div class=\"elementor-widget-container\">\n\t\t\t\t\t\t\t<div class=\"e-n-accordion\" aria-label=\"Dragspel. \u00d6ppna l\u00e4nkar med Enter eller Space, st\u00e4ng med Escape och navigera med piltangenterna\">\n\t\t\t\t\t\t<details id=\"e-n-accordion-item-4680\" class=\"e-n-accordion-item\" open>\n\t\t\t\t<summary class=\"e-n-accordion-item-title\" data-accordion-index=\"1\" tabindex=\"0\" aria-expanded=\"true\" aria-controls=\"e-n-accordion-item-4680\" >\n\t\t\t\t\t<span class='e-n-accordion-item-title-header'><div class=\"e-n-accordion-item-title-text\"> Egenskaper och funktioner hos JNR Falcon X 18K Cherry Watermelon Freeze <\/div><\/span>\n\t\t\t\t\t\t\t<span class='e-n-accordion-item-title-icon'>\n\t\t\t<span class='e-opened' ><svg aria-hidden=\"true\" class=\"e-font-icon-svg e-fas-minus\" viewbox=\"0 0 448 512\" xmlns=\"http:\/\/www.w3.org\/2000\/svg\"><path d=\"M416 208H32c-17.67 0-32 14.33-32 32v32c0 17.67 14.33 32 32 32h384c17.67 0 32-14.33 32-32v-32c0-17.67-14.33-32-32-32z\"><\/path><\/svg><\/span>\n\t\t\t<span class='e-closed'><svg aria-hidden=\"true\" class=\"e-font-icon-svg e-fas-plus\" viewbox=\"0 0 448 512\" xmlns=\"http:\/\/www.w3.org\/2000\/svg\"><path d=\"M416 208H272V64c0-17.67-14.33-32-32-32h-32c-17.67 0-32 14.33-32 32v144H32c-17.67 0-32 14.33-32 32v32c0 17.67 14.33 32 32 32h144v144c0 17.67 14.33 32 32 32h32c17.67 0 32-14.33 32-32V304h144c17.67 0 32-14.33 32-32v-32c0-17.67-14.33-32-32-32z\"><\/path><\/svg><\/span>\n\t\t<\/span>\n\n\t\t\t\t\t\t<\/summary>\n\t\t\t\t<div role=\"region\" aria-labelledby=\"e-n-accordion-item-4680\" class=\"elementor-element elementor-element-5ee5f76 e-con-full e-flex e-con e-child\" data-id=\"5ee5f76\" data-element_type=\"container\" data-e-type=\"container\">\n\t\t<div role=\"region\" aria-labelledby=\"e-n-accordion-item-4680\" class=\"elementor-element elementor-element-a48992f e-flex e-con-boxed e-con e-child\" data-id=\"a48992f\" data-element_type=\"container\" data-e-type=\"container\">\n\t\t\t\t\t<div class=\"e-con-inner\">\n\t\t\t\t<div class=\"elementor-element elementor-element-ed368d7 elementor-widget elementor-widget-text-editor\" data-id=\"ed368d7\" data-element_type=\"widget\" data-e-type=\"widget\" data-widget_type=\"text-editor.default\">\n\t\t\t\t<div class=\"elementor-widget-container\">\n\t\t\t\t\t\t\t\t\t<h2>Stor kapacitet f\u00f6r e-v\u00e4tska f\u00f6r en l\u00e5ngvarig upplevelse<\/h2><p>Den elektroniska cigaretten JNR Falcon-X 18K ger upp till 18 000 bloss, vilket garanterar l\u00e5ngvarig anv\u00e4ndning utan frekventa byten av enhet. Oavsett om du anv\u00e4nder den varje dag eller n\u00e4r du reser, kommer den att tillgodose dina frekventa behov av e-v\u00e4tska, vilket avsev\u00e4rt f\u00f6rb\u00e4ttrar din komfort och bekv\u00e4mlighet.<\/p><p>Den stora kapaciteten p\u00e5 24 ml e-v\u00e4tska minskar avsev\u00e4rt behovet av frekventa p\u00e5fyllningar, s\u00e5 att du kan njuta av en rik och smidig upplevelse under l\u00e5nga perioder. Oavsett om du r\u00f6ker ibland eller regelbundet inneb\u00e4r den h\u00e5llbara designen att du inte st\u00e4ndigt beh\u00f6ver \u00f6vervaka niv\u00e5n p\u00e5 din e-v\u00e4tska.<\/p><h2>Flera nikotinniv\u00e5er f\u00f6r att passa dina behov<\/h2><p>JNR Falcon-X 18K erbjuder tre nikotinniv\u00e5er: 0 %, 2 % och 5 %, utformade f\u00f6r att passa dina smakpreferenser och r\u00f6kavv\u00e4njningsbehov. Oavsett om du f\u00f6redrar den rena smaken av noll nikotin eller om du letar efter en m\u00e5ttlig nikotinniv\u00e5 kommer du enkelt att hitta den niv\u00e5 som passar dig.<\/p><h2>Exakt digital display f\u00f6r tydlig information i ett \u00f6gonkast<\/h2><p>JNR Falcon-X 18K har en h\u00f6guppl\u00f6st digital display som visar viktiga data som batteriladdning och kvarvarande niv\u00e5 av e-v\u00e4tska i realtid. Detta g\u00f6r att anv\u00e4ndarna tydligt kan \u00f6vervaka enhetens status och undvika pinsamma situationer som str\u00f6mavbrott eller att e-v\u00e4tskan tar slut. Anv\u00e4ndarupplevelsen f\u00f6rb\u00e4ttras och hanteringen och underh\u00e5llet av enheten f\u00f6renklas.<\/p><p>Det integrerade 950 mAh litiumjonbatteriet med h\u00f6g kapacitet m\u00f6jligg\u00f6r ut\u00f6kad anv\u00e4ndning, medan snabbladdningsporten av typ C g\u00f6r laddningen mer effektiv och bekv\u00e4m. Oavsett om du \u00e4r p\u00e5 jobbet, p\u00e5 resande fot eller i vardagen \u00e4r str\u00f6mf\u00f6rs\u00f6rjningen konstant, vilket eliminerar p\u00e5frestningen av frekvent laddning.<\/p><h2>Justerbart luftfl\u00f6de f\u00f6r en personligt anpassad inandningsupplevelse<\/h2><p>Det unika systemet f\u00f6r justering av luftfl\u00f6det g\u00f6r det m\u00f6jligt f\u00f6r anv\u00e4ndare att justera inandningsmotst\u00e5ndet s\u00e5 att det passar deras preferenser. Oavsett om du f\u00f6redrar en fastare eller mjukare \u00e5nga kan du enkelt justera inandningsmotst\u00e5ndet f\u00f6r att f\u00e5 den perfekta \u00e5ngupplevelsen f\u00f6r dig.<\/p><p>JNR Falcon-X 18K anv\u00e4nder avancerad 0,6 ohm dual-mesh, dual-core resistorteknik som f\u00f6rb\u00e4ttrar atomiseringseffektiviteten och \u00e5ngdensiteten, vilket ger en rikare, fylligare smak och en mjukare inandning. Varje bloss fylls med en delikat, j\u00e4mn r\u00f6k som uppfyller musik\u00e4lskarnas behov.<\/p>\t\t\t\t\t\t\t\t<\/div>\n\t\t\t\t<\/div>\n\t\t\t\t\t<\/div>\n\t\t\t\t<\/div>\n\t\t\t\t<\/div>\n\t\t\t\t\t<\/details>\n\t\t\t\t\t\t<details id=\"e-n-accordion-item-4681\" class=\"e-n-accordion-item\" >\n\t\t\t\t<summary class=\"e-n-accordion-item-title\" data-accordion-index=\"2\" tabindex=\"-1\" aria-expanded=\"false\" aria-controls=\"e-n-accordion-item-4681\" >\n\t\t\t\t\t<span class='e-n-accordion-item-title-header'><div class=\"e-n-accordion-item-title-text\"> K\u00f6rsb\u00e4rsvattenmelon Frys Puff JNR Falcon X 18K <\/div><\/span>\n\t\t\t\t\t\t\t<span class='e-n-accordion-item-title-icon'>\n\t\t\t<span class='e-opened' ><svg aria-hidden=\"true\" class=\"e-font-icon-svg e-fas-minus\" viewbox=\"0 0 448 512\" xmlns=\"http:\/\/www.w3.org\/2000\/svg\"><path d=\"M416 208H32c-17.67 0-32 14.33-32 32v32c0 17.67 14.33 32 32 32h384c17.67 0 32-14.33 32-32v-32c0-17.67-14.33-32-32-32z\"><\/path><\/svg><\/span>\n\t\t\t<span class='e-closed'><svg aria-hidden=\"true\" class=\"e-font-icon-svg e-fas-plus\" viewbox=\"0 0 448 512\" xmlns=\"http:\/\/www.w3.org\/2000\/svg\"><path d=\"M416 208H272V64c0-17.67-14.33-32-32-32h-32c-17.67 0-32 14.33-32 32v144H32c-17.67 0-32 14.33-32 32v32c0 17.67 14.33 32 32 32h144v144c0 17.67 14.33 32 32 32h32c17.67 0 32-14.33 32-32V304h144c17.67 0 32-14.33 32-32v-32c0-17.67-14.33-32-32-32z\"><\/path><\/svg><\/span>\n\t\t<\/span>\n\n\t\t\t\t\t\t<\/summary>\n\t\t\t\t<div role=\"region\" aria-labelledby=\"e-n-accordion-item-4681\" class=\"elementor-element elementor-element-9080659 e-con-full e-flex e-con e-child\" data-id=\"9080659\" data-element_type=\"container\" data-e-type=\"container\">\n\t\t<div role=\"region\" aria-labelledby=\"e-n-accordion-item-4681\" class=\"elementor-element elementor-element-af5488a e-flex e-con-boxed e-con e-child\" data-id=\"af5488a\" data-element_type=\"container\" data-e-type=\"container\">\n\t\t\t\t\t<div class=\"e-con-inner\">\n\t\t\t\t<div class=\"elementor-element elementor-element-55fd5fa elementor-widget elementor-widget-text-editor\" data-id=\"55fd5fa\" data-element_type=\"widget\" data-e-type=\"widget\" data-widget_type=\"text-editor.default\">\n\t\t\t\t<div class=\"elementor-widget-container\">\n\t\t\t\t\t\t\t\t\t<p>I utkanten av lavendelf\u00e4lten i Provence, Frankrike, levererar den elektroniska cigaretten JNR Falcon 18000 Cherry Watermelon Freeze en unik upplevelse. K\u00f6rsb\u00e4rens s\u00f6tma och vattenmelonens friskhet kombineras perfekt med en antydan till is, vilket ger intrycket av att sitta i ett lavendelf\u00e4lt och smaka p\u00e5 lokal sommarfrukt.<\/p><p>Med varje bloss frig\u00f6r JNR Falcon:s 0,6 ohm dual mesh-spole lager av smak, som v\u00e4xlar mellan k\u00f6rsb\u00e4rets fyllighet och vattenmelonens saftighet i munnen. Det justerbara luftfl\u00f6dessystemet g\u00f6r att jag kan kontrollera smakens intensitet. N\u00e4r jag drar l\u00e4tt framtr\u00e4der vattenmelonens fr\u00e4sch\u00f6r tydligare, medan jag k\u00e4nner k\u00f6rsb\u00e4rets rika s\u00f6tma n\u00e4r jag drar djupt.<\/p>\t\t\t\t\t\t\t\t<\/div>\n\t\t\t\t<\/div>\n\t\t<div role=\"region\" aria-labelledby=\"e-n-accordion-item-4681\" class=\"elementor-element elementor-element-3c1fb34 e-con-full e-flex e-con e-child\" data-id=\"3c1fb34\" data-element_type=\"container\" data-e-type=\"container\">\n\t\t<div role=\"region\" aria-labelledby=\"e-n-accordion-item-4681\" class=\"elementor-element elementor-element-2b9d469 e-con-full e-flex e-con e-child\" data-id=\"2b9d469\" data-element_type=\"container\" data-e-type=\"container\">\n\t\t\t\t<div class=\"elementor-element elementor-element-aa46266 elementor-widget elementor-widget-image-gallery\" data-id=\"aa46266\" data-element_type=\"widget\" data-e-type=\"widget\" data-widget_type=\"image-gallery.default\">\n\t\t\t\t<div class=\"elementor-widget-container\">\n\t\t\t\t\t\t\t<div class=\"elementor-image-gallery\">\n\t\t\t<div id='gallery-1' class='gallery galleryid-2092 gallery-columns-1 gallery-size-medium_large'><figure class='gallery-item'>\n\t\t\t<div class='gallery-icon portrait'>\n\t\t\t\t<img fetchpriority=\"high\" decoding=\"async\" width=\"654\" height=\"690\" src=\"https:\/\/puffvapestore.com\/wp-content\/uploads\/2025\/04\/pvajf18000-12.jpg\" class=\"attachment-medium_large size-medium_large\" alt=\"JNR Falcon 18000 K\u00f6rsb\u00e4r Vattenmelon Frys pvajf18000\" aria-describedby=\"gallery-1-1952\" srcset=\"https:\/\/puffvapestore.com\/wp-content\/uploads\/2025\/04\/pvajf18000-12.jpg 654w, https:\/\/puffvapestore.com\/wp-content\/uploads\/2025\/04\/pvajf18000-12-284x300.jpg 284w, https:\/\/puffvapestore.com\/wp-content\/uploads\/2025\/04\/pvajf18000-12-600x633.jpg 600w\" sizes=\"(max-width: 654px) 100vw, 654px\" \/>\n\t\t\t<\/div>\n\t\t\t\t<figcaption class='wp-caption-text gallery-caption' id='gallery-1-1952'>\n\t\t\t\tJNR Falcon 18000 K\u00f6rsb\u00e4r Vattenmelon Frys pvajf18000\n\t\t\t\t<\/figcaption><\/figure>\n\t\t<\/div>\n\t\t<\/div>\n\t\t\t\t\t\t<\/div>\n\t\t\t\t<\/div>\n\t\t\t\t<\/div>\n\t\t<div role=\"region\" aria-labelledby=\"e-n-accordion-item-4681\" class=\"elementor-element elementor-element-d5f00b5 e-con-full e-flex e-con e-child\" data-id=\"d5f00b5\" data-element_type=\"container\" data-e-type=\"container\">\n\t\t\t\t<div class=\"elementor-element elementor-element-b3c274b elementor-widget__width-initial elementor-widget elementor-widget-text-editor\" data-id=\"b3c274b\" data-element_type=\"widget\" data-e-type=\"widget\" data-widget_type=\"text-editor.default\">\n\t\t\t\t<div class=\"elementor-widget-container\">\n\t\t\t\t\t\t\t\t\t<p>Enhetens livsl\u00e4ngd p\u00e5 18 000 puffar e-v\u00e4tska \u00e4r imponerande. Du beh\u00f6ver inte oroa dig f\u00f6r batteritiden n\u00e4r du \u00e4r ute och reser i Provence. Batteriet p\u00e5 950 mAh och laddningsporten av typ C \u00e4r mycket v\u00e4l genomt\u00e4nkta, s\u00e5 att du kan ladda snabbt \u00e4ven n\u00e4r du tar en paus p\u00e5 ett lantligt caf\u00e9.<\/p><p>Den digitala displayen visar tydligt antalet \u00e5terst\u00e5ende bloss och batteriniv\u00e5n, vilket g\u00f6r att jag alltid kan \u00f6vervaka anv\u00e4ndningen. Nikotinhalten i 2 % \u00e4r perfekt och ger en tillfredsst\u00e4llande k\u00e4nsla utan att vara f\u00f6r stark, vilket perfekt kompletterar den lugna upplevelsen av att bes\u00f6ka lavendelf\u00e4lt.<\/p>\t\t\t\t\t\t\t\t<\/div>\n\t\t\t\t<\/div>\n\t\t\t\t<\/div>\n\t\t\t\t<\/div>\n\t\t<div role=\"region\" aria-labelledby=\"e-n-accordion-item-4681\" class=\"elementor-element elementor-element-7926c6b e-con-full e-flex e-con e-child\" data-id=\"7926c6b\" data-element_type=\"container\" data-e-type=\"container\">\n\t\t\t\t<div class=\"elementor-element elementor-element-2b41948 elementor-widget elementor-widget-text-editor\" data-id=\"2b41948\" data-element_type=\"widget\" data-e-type=\"widget\" data-widget_type=\"text-editor.default\">\n\t\t\t\t<div class=\"elementor-widget-container\">\n\t\t\t\t\t\t\t\t\t<p>Den stora kapaciteten p\u00e5 24 ml garanterar l\u00e5ngvarig anv\u00e4ndning, och smaken av Cherry Watermelon Freeze \u00e4r s\u00e4rskilt harmonisk i Provence p\u00e5 sommaren. Fr\u00e5n morgon till kv\u00e4ll \u00e4r denna JNR Falcon 18000 e-cigarett den perfekta f\u00f6ljeslagaren n\u00e4r jag utforskar den franska landsbygden.<\/p>\t\t\t\t\t\t\t\t<\/div>\n\t\t\t\t<\/div>\n\t\t\t\t<\/div>\n\t\t\t\t\t<\/div>\n\t\t\t\t<\/div>\n\t\t\t\t<\/div>\n\t\t\t\t\t<\/details>\n\t\t\t\t\t<\/div>\n\t\t\t\t\t\t<\/div>\n\t\t\t\t<\/div>\n\t\t\t\t\t<\/div>\n\t\t\t\t<\/div>\n\t\t\t\t<\/div>","protected":false},"excerpt":{"rendered":"<p>Caract\u00e9ristiques du JNR Falcon 18K Cherry Watermelon Freeze: Bouff\u00e9es : Jusqu\u2019\u00e0 18000 bouff\u00e9es Liquide : 24 ml Taux de nicotine : 0 %, 2 %, 5 % R\u00e9sistance : 0.6 ohm Capacit\u00e9 de la batterie : 950 mAh Chargement : Type-C D\u00e9bit d\u2019air r\u00e9glable : Oui Affichage num\u00e9rique R\u00e9sistance double maille et double c\u0153ur Dimensions [&hellip;]<\/p>\n","protected":false},"featured_media":1952,"comment_status":"open","ping_status":"closed","template":"","meta":{"site-sidebar-layout":"no-sidebar","site-content-layout":"page-builder","ast-site-content-layout":"normal-width-container","site-content-style":"default","site-sidebar-style":"default","ast-global-header-display":"","ast-banner-title-visibility":"","ast-main-header-display":"","ast-hfb-above-header-display":"","ast-hfb-below-header-display":"","ast-hfb-mobile-header-display":"","site-post-title":"disabled","ast-breadcrumbs-content":"","ast-featured-img":"disabled","footer-sml-layout":"","ast-disable-related-posts":"","theme-transparent-header-meta":"default","adv-header-id-meta":"","stick-header-meta":"default","header-above-stick-meta":"","header-main-stick-meta":"","header-below-stick-meta":"","astra-migrate-meta-layouts":"set","ast-page-background-enabled":"default","ast-page-background-meta":{"desktop":{"background-color":"","background-image":"","background-repeat":"repeat","background-position":"center center","background-size":"auto","background-attachment":"scroll","background-type":"","background-media":"","overlay-type":"","overlay-color":"","overlay-opacity":"","overlay-gradient":""},"tablet":{"background-color":"","background-image":"","background-repeat":"repeat","background-position":"center center","background-size":"auto","background-attachment":"scroll","background-type":"","background-media":"","overlay-type":"","overlay-color":"","overlay-opacity":"","overlay-gradient":""},"mobile":{"background-color":"","background-image":"","background-repeat":"repeat","background-position":"center center","background-size":"auto","background-attachment":"scroll","background-type":"","background-media":"","overlay-type":"","overlay-color":"","overlay-opacity":"","overlay-gradient":""}},"ast-content-background-meta":{"desktop":{"background-color":"var(--ast-global-color-5)","background-image":"","background-repeat":"repeat","background-position":"center center","background-size":"auto","background-attachment":"scroll","background-type":"","background-media":"","overlay-type":"","overlay-color":"","overlay-opacity":"","overlay-gradient":""},"tablet":{"background-color":"var(--ast-global-color-5)","background-image":"","background-repeat":"repeat","background-position":"center center","background-size":"auto","background-attachment":"scroll","background-type":"","background-media":"","overlay-type":"","overlay-color":"","overlay-opacity":"","overlay-gradient":""},"mobile":{"background-color":"var(--ast-global-color-5)","background-image":"","background-repeat":"repeat","background-position":"center center","background-size":"auto","background-attachment":"scroll","background-type":"","background-media":"","overlay-type":"","overlay-color":"","overlay-opacity":"","overlay-gradient":""}}},"product_brand":[30],"product_cat":[40,84,77,34,15],"product_tag":[],"class_list":{"0":"post-2092","1":"product","2":"type-product","3":"status-publish","4":"has-post-thumbnail","6":"product_brand-jnr","7":"product_cat-jnr-18k","8":"product_cat-puff-18k","9":"product_cat-entrepot-de-lue","10":"product_cat-puff-jnr","11":"product_cat-magasin-cigarette-electronique","12":"desktop-align-center","13":"tablet-align-center","14":"mobile-align-center","15":"ast-product-gallery-layout-horizontal","16":"ast-product-gallery-with-no-image","17":"ast-product-single-variable","18":"ast-product-tabs-layout-horizontal","19":"ast-qv-on-image","21":"first","22":"instock","23":"sale","24":"shipping-taxable","25":"purchasable","26":"product-type-variable","27":"has-default-attributes"},"tiered_pricing_type":"fixed","tiered_pricing_fixed_rules":{"30":10.08,"60":9.28,"100":8.13,"200":7.48,"500":7.28,"1000":6.98},"tiered_pricing_product_settings":{"layout":"default","base_unit_name":{"singular":null,"plural":null},"default_variation":null},"tiered_pricing_minimum_quantity":null,"tiered_pricing_roles_data":[],"tiered_pricing_percentage_rules":[],"_links":{"self":[{"href":"https:\/\/puffvapestore.com\/sv\/wp-json\/wp\/v2\/product\/2092","targetHints":{"allow":["GET"]}}],"collection":[{"href":"https:\/\/puffvapestore.com\/sv\/wp-json\/wp\/v2\/product"}],"about":[{"href":"https:\/\/puffvapestore.com\/sv\/wp-json\/wp\/v2\/types\/product"}],"replies":[{"embeddable":true,"href":"https:\/\/puffvapestore.com\/sv\/wp-json\/wp\/v2\/comments?post=2092"}],"version-history":[{"count":23,"href":"https:\/\/puffvapestore.com\/sv\/wp-json\/wp\/v2\/product\/2092\/revisions"}],"predecessor-version":[{"id":13609,"href":"https:\/\/puffvapestore.com\/sv\/wp-json\/wp\/v2\/product\/2092\/revisions\/13609"}],"wp:featuredmedia":[{"embeddable":true,"href":"https:\/\/puffvapestore.com\/sv\/wp-json\/wp\/v2\/media\/1952"}],"wp:attachment":[{"href":"https:\/\/puffvapestore.com\/sv\/wp-json\/wp\/v2\/media?parent=2092"}],"wp:term":[{"taxonomy":"product_brand","embeddable":true,"href":"https:\/\/puffvapestore.com\/sv\/wp-json\/wp\/v2\/product_brand?post=2092"},{"taxonomy":"product_cat","embeddable":true,"href":"https:\/\/puffvapestore.com\/sv\/wp-json\/wp\/v2\/product_cat?post=2092"},{"taxonomy":"product_tag","embeddable":true,"href":"https:\/\/puffvapestore.com\/sv\/wp-json\/wp\/v2\/product_tag?post=2092"}],"curies":[{"name":"wp","href":"https:\/\/api.w.org\/{rel}","templated":true}]}}