{"id":2064,"date":"2025-04-14T15:42:47","date_gmt":"2025-04-14T15:42:47","guid":{"rendered":"https:\/\/puffvapestore.com\/?post_type=product&#038;p=2064"},"modified":"2026-01-19T10:37:34","modified_gmt":"2026-01-19T10:37:34","slug":"peach-ice-puff-jnr-falcon-18000","status":"publish","type":"product","link":"https:\/\/puffvapestore.com\/sv\/product\/persika-ispuff-jnr-falcon-18000\/","title":{"rendered":"Peach Ice Puff JNR Falcon X 18000"},"content":{"rendered":"<div data-elementor-type=\"wp-post\" data-elementor-id=\"2064\" class=\"elementor elementor-2064\">\n\t\t\t\t<div class=\"elementor-element elementor-element-2cf03b9 e-flex e-con-boxed e-con e-parent\" data-id=\"2cf03b9\" data-element_type=\"container\" data-e-type=\"container\">\n\t\t\t\t\t<div class=\"e-con-inner\">\n\t\t<div class=\"elementor-element elementor-element-6db255d e-con-full e-flex e-con e-child\" data-id=\"6db255d\" data-element_type=\"container\" data-e-type=\"container\">\n\t\t\t\t<div class=\"elementor-element elementor-element-50056a6 elementor-widget__width-initial elementor-widget elementor-widget-text-editor\" data-id=\"50056a6\" data-element_type=\"widget\" data-e-type=\"widget\" data-widget_type=\"text-editor.default\">\n\t\t\t\t<div class=\"elementor-widget-container\">\n\t\t\t\t\t\t\t\t\t<h2>Egenskaper f\u00f6r JNR Falcon 18K Peach Ice:<\/h2><p>Puffar : Upp till 18.000 puffar<br \/>V\u00e4tska: 24 ml<br \/>Nikotinniv\u00e5er: 0 %, 2 %, 5 %<br \/>Resistans: 0,6 ohm<br \/>Batterikapacitet: 950 mAh<br \/>Laddning: Typ-C<br \/>Justerbart luftfl\u00f6de: Ja<br \/>Digital display<br \/>Dubbelt n\u00e4t och dubbelt k\u00e4rnmotst\u00e5nd<br \/>M\u00e5tt: 53,5 x 32 x 121 mm<\/p>\t\t\t\t\t\t\t\t<\/div>\n\t\t\t\t<\/div>\n\t\t\t\t<\/div>\n\t\t<div class=\"elementor-element elementor-element-8886b29 e-con-full e-flex e-con e-child\" data-id=\"8886b29\" data-element_type=\"container\" data-e-type=\"container\">\n\t\t\t\t<div class=\"elementor-element elementor-element-0835ed5 elementor-widget elementor-widget-image-gallery\" data-id=\"0835ed5\" data-element_type=\"widget\" data-e-type=\"widget\" data-widget_type=\"image-gallery.default\">\n\t\t\t\t<div class=\"elementor-widget-container\">\n\t\t\t\t\t\t\t<div class=\"elementor-image-gallery\">\n\t\t\t<div id='gallery-1' class='gallery galleryid-2064 gallery-columns-1 gallery-size-medium_large'><figure class='gallery-item'>\n\t\t\t<div class='gallery-icon portrait'>\n\t\t\t\t<img fetchpriority=\"high\" decoding=\"async\" width=\"654\" height=\"690\" src=\"https:\/\/puffvapestore.com\/wp-content\/uploads\/2025\/04\/pvajf18000-21.jpg\" class=\"attachment-medium_large size-medium_large\" alt=\"JNR Falcon 18k Peach Ice pvajf18000\" aria-describedby=\"gallery-1-1961\" srcset=\"https:\/\/puffvapestore.com\/wp-content\/uploads\/2025\/04\/pvajf18000-21.jpg 654w, https:\/\/puffvapestore.com\/wp-content\/uploads\/2025\/04\/pvajf18000-21-284x300.jpg 284w, https:\/\/puffvapestore.com\/wp-content\/uploads\/2025\/04\/pvajf18000-21-600x633.jpg 600w\" sizes=\"(max-width: 654px) 100vw, 654px\" \/>\n\t\t\t<\/div>\n\t\t\t\t<figcaption class='wp-caption-text gallery-caption' id='gallery-1-1961'>\n\t\t\t\tJNR Falcon 18k Peach Ice pvajf18000\n\t\t\t\t<\/figcaption><\/figure>\n\t\t<\/div>\n\t\t<\/div>\n\t\t\t\t\t\t<\/div>\n\t\t\t\t<\/div>\n\t\t\t\t<\/div>\n\t\t\t\t\t<\/div>\n\t\t\t\t<\/div>\n\t\t<div class=\"elementor-element elementor-element-977a593 e-flex e-con-boxed e-con e-parent\" data-id=\"977a593\" data-element_type=\"container\" data-e-type=\"container\">\n\t\t\t\t\t<div class=\"e-con-inner\">\n\t\t\t\t<div class=\"elementor-element elementor-element-b340fe9 elementor-widget elementor-widget-n-accordion\" data-id=\"b340fe9\" data-element_type=\"widget\" data-e-type=\"widget\" data-settings=\"{&quot;default_state&quot;:&quot;expanded&quot;,&quot;max_items_expended&quot;:&quot;one&quot;,&quot;n_accordion_animation_duration&quot;:{&quot;unit&quot;:&quot;ms&quot;,&quot;size&quot;:400,&quot;sizes&quot;:[]}}\" data-widget_type=\"nested-accordion.default\">\n\t\t\t\t<div class=\"elementor-widget-container\">\n\t\t\t\t\t\t\t<div class=\"e-n-accordion\" aria-label=\"Dragspel. \u00d6ppna l\u00e4nkar med Enter eller Space, st\u00e4ng med Escape och navigera med piltangenterna\">\n\t\t\t\t\t\t<details id=\"e-n-accordion-item-1870\" class=\"e-n-accordion-item\" open>\n\t\t\t\t<summary class=\"e-n-accordion-item-title\" data-accordion-index=\"1\" tabindex=\"0\" aria-expanded=\"true\" aria-controls=\"e-n-accordion-item-1870\" >\n\t\t\t\t\t<span class='e-n-accordion-item-title-header'><div class=\"e-n-accordion-item-title-text\"> Egenskaper och funktioner hos JNR Falcon X 18K Peach Ice <\/div><\/span>\n\t\t\t\t\t\t\t<span class='e-n-accordion-item-title-icon'>\n\t\t\t<span class='e-opened' ><svg aria-hidden=\"true\" class=\"e-font-icon-svg e-fas-minus\" viewbox=\"0 0 448 512\" xmlns=\"http:\/\/www.w3.org\/2000\/svg\"><path d=\"M416 208H32c-17.67 0-32 14.33-32 32v32c0 17.67 14.33 32 32 32h384c17.67 0 32-14.33 32-32v-32c0-17.67-14.33-32-32-32z\"><\/path><\/svg><\/span>\n\t\t\t<span class='e-closed'><svg aria-hidden=\"true\" class=\"e-font-icon-svg e-fas-plus\" viewbox=\"0 0 448 512\" xmlns=\"http:\/\/www.w3.org\/2000\/svg\"><path d=\"M416 208H272V64c0-17.67-14.33-32-32-32h-32c-17.67 0-32 14.33-32 32v144H32c-17.67 0-32 14.33-32 32v32c0 17.67 14.33 32 32 32h144v144c0 17.67 14.33 32 32 32h32c17.67 0 32-14.33 32-32V304h144c17.67 0 32-14.33 32-32v-32c0-17.67-14.33-32-32-32z\"><\/path><\/svg><\/span>\n\t\t<\/span>\n\n\t\t\t\t\t\t<\/summary>\n\t\t\t\t<div role=\"region\" aria-labelledby=\"e-n-accordion-item-1870\" class=\"elementor-element elementor-element-7644e54 e-con-full e-flex e-con e-child\" data-id=\"7644e54\" data-element_type=\"container\" data-e-type=\"container\">\n\t\t<div role=\"region\" aria-labelledby=\"e-n-accordion-item-1870\" class=\"elementor-element elementor-element-e72d405 e-flex e-con-boxed e-con e-child\" data-id=\"e72d405\" data-element_type=\"container\" data-e-type=\"container\">\n\t\t\t\t\t<div class=\"e-con-inner\">\n\t\t\t\t<div class=\"elementor-element elementor-element-4c83baa elementor-widget elementor-widget-text-editor\" data-id=\"4c83baa\" data-element_type=\"widget\" data-e-type=\"widget\" data-widget_type=\"text-editor.default\">\n\t\t\t\t<div class=\"elementor-widget-container\">\n\t\t\t\t\t\t\t\t\t<h2>Stor kapacitet p\u00e5 24 ml e-juice<\/h2><p>Den elektroniska cigaretten JNR Falcon-X 18K inneh\u00e5ller 24 ml h\u00f6gkvalitativ e-v\u00e4tska, vilket m\u00e5ngdubblar dess autonomi j\u00e4mf\u00f6rt med konventionella elektroniska eng\u00e5ngscigaretter. Denna gener\u00f6sa kapacitet inneb\u00e4r att du kan njuta av l\u00e5ngvarig \u00e5nga och smak utan att beh\u00f6va ladda ofta eller oroa dig f\u00f6r att f\u00e5 slut p\u00e5 v\u00e4tska, vilket g\u00f6r den idealisk f\u00f6r l\u00e5nga resor eller intensiva anv\u00e4ndare.<\/p><h2>Upp till 18.000 puffar<\/h2><p>Tack vare den optimerade luftv\u00e4gsdesignen och den effektiva finf\u00f6rdelningsmekanismen ger JNR Falcon-X 18K upp till 18 000 bloss. En enda enhet motsvarar flera konventionella elektroniska eng\u00e5ngscigaretter till priset av en, men med en l\u00e4ngre livsl\u00e4ngd.<\/p><p>Med tre nikotinstyrkor: 0 %, 2 % och 5 %, kan du v\u00e4lja mellan ett brett utbud av nikotinfria alternativ, fr\u00e5n l\u00e4tt och nikotinfri till intensiv och tillfredsst\u00e4llande. Oavsett om du \u00e4r en nyb\u00f6rjare som vill kontrollera din dosering eller en erfaren r\u00f6kare som s\u00f6ker den ultimata nikotinboosten, kommer du att hitta den perfekta doseringen.<\/p><p>JNR Falcon-X 18K har en 0,6 ohm dual mesh dual core-design f\u00f6r j\u00e4mn uppv\u00e4rmning och effektiv atomisering, vilket ger ett rikt, mjukt bloss fullt av distinkta smaker. Dual mesh-strukturen f\u00f6rb\u00e4ttrar inte bara smakf\u00f6rfiningen utan ger ocks\u00e5 en rikare \u00e5ngvolym, vilket ger en upplevelse som kan j\u00e4mf\u00f6ras med den hos avancerade enheter.<\/p><h2>Exceptionell autonomi f\u00f6r bekymmersfri vaping<\/h2><p>JNR Falcon 18K \u00e4r utrustad med ett 950 mAh litiumjonbatteri med h\u00f6g densitet, vilket ger gott om kraft f\u00f6r l\u00e5ngvarig anv\u00e4ndning. Tack vare Type-C snabbladdningsteknik laddas den snabbt och effektivt, s\u00e5 att du snabbt kan g\u00e5 fr\u00e5n ett svagt batteri till en full laddning. Oavsett om du \u00e4r hemma, p\u00e5 kontoret eller p\u00e5 resande fot kan du anv\u00e4nda din vape smidigt utan att beh\u00f6va oroa dig f\u00f6r batteriet.<\/p><p>En digital miniatyrdisplay visar batteri- och e-v\u00e4tskeniv\u00e5er i realtid, vilket ger dig en omedelbar \u00f6verblick \u00f6ver enhetens status. S\u00e4g adj\u00f6 till frustrationen \u00f6ver pl\u00f6tsliga batteri- eller e-v\u00e4tskefel och njut av sinnesfriden som f\u00f6ljer med vaping.<\/p><h2>Justerbart luftfl\u00f6dessystem<\/h2><p>JNR Falcon-X 18K \u00e4r utrustad med en exakt luftfl\u00f6desregulator f\u00f6r att enkelt justera dragmotst\u00e5ndet, s\u00e5 att du kan v\u00e4xla fritt mellan en j\u00e4mn direktdragning (DL) och en t\u00e4t dragning (MTL) f\u00f6r att passa dina r\u00f6kvanor och smakpreferenser.<\/p>\t\t\t\t\t\t\t\t<\/div>\n\t\t\t\t<\/div>\n\t\t\t\t\t<\/div>\n\t\t\t\t<\/div>\n\t\t\t\t<\/div>\n\t\t\t\t\t<\/details>\n\t\t\t\t\t\t<details id=\"e-n-accordion-item-1871\" class=\"e-n-accordion-item\" >\n\t\t\t\t<summary class=\"e-n-accordion-item-title\" data-accordion-index=\"2\" tabindex=\"-1\" aria-expanded=\"false\" aria-controls=\"e-n-accordion-item-1871\" >\n\t\t\t\t\t<span class='e-n-accordion-item-title-header'><div class=\"e-n-accordion-item-title-text\"> Puff Peach Ice JNR Falcon X 18K <\/div><\/span>\n\t\t\t\t\t\t\t<span class='e-n-accordion-item-title-icon'>\n\t\t\t<span class='e-opened' ><svg aria-hidden=\"true\" class=\"e-font-icon-svg e-fas-minus\" viewbox=\"0 0 448 512\" xmlns=\"http:\/\/www.w3.org\/2000\/svg\"><path d=\"M416 208H32c-17.67 0-32 14.33-32 32v32c0 17.67 14.33 32 32 32h384c17.67 0 32-14.33 32-32v-32c0-17.67-14.33-32-32-32z\"><\/path><\/svg><\/span>\n\t\t\t<span class='e-closed'><svg aria-hidden=\"true\" class=\"e-font-icon-svg e-fas-plus\" viewbox=\"0 0 448 512\" xmlns=\"http:\/\/www.w3.org\/2000\/svg\"><path d=\"M416 208H272V64c0-17.67-14.33-32-32-32h-32c-17.67 0-32 14.33-32 32v144H32c-17.67 0-32 14.33-32 32v32c0 17.67 14.33 32 32 32h144v144c0 17.67 14.33 32 32 32h32c17.67 0 32-14.33 32-32V304h144c17.67 0 32-14.33 32-32v-32c0-17.67-14.33-32-32-32z\"><\/path><\/svg><\/span>\n\t\t<\/span>\n\n\t\t\t\t\t\t<\/summary>\n\t\t\t\t<div role=\"region\" aria-labelledby=\"e-n-accordion-item-1871\" class=\"elementor-element elementor-element-a5de9ac e-con-full e-flex e-con e-child\" data-id=\"a5de9ac\" data-element_type=\"container\" data-e-type=\"container\">\n\t\t<div role=\"region\" aria-labelledby=\"e-n-accordion-item-1871\" class=\"elementor-element elementor-element-71a5ecb e-flex e-con-boxed e-con e-child\" data-id=\"71a5ecb\" data-element_type=\"container\" data-e-type=\"container\">\n\t\t\t\t\t<div class=\"e-con-inner\">\n\t\t\t\t<div class=\"elementor-element elementor-element-55fd5fa elementor-widget elementor-widget-text-editor\" data-id=\"55fd5fa\" data-element_type=\"widget\" data-e-type=\"widget\" data-widget_type=\"text-editor.default\">\n\t\t\t\t<div class=\"elementor-widget-container\">\n\t\t\t\t\t\t\t\t\t<h2>Peach Ice: En ny upplevelse av elektroniska cigaretter i fransk stil<\/h2><p>Smaken p\u00e5 denna Taozibing JNR Falcon 18000 elektroniska cigarett f\u00f6r eng\u00e5ngsbruk \u00e4r verkligen f\u00e4ngslande. Vid f\u00f6rsta anv\u00e4ndningen drogs jag till dess smala 53,5 \u00d7 32 \u00d7 121 mm kropp. Den k\u00e4ndes l\u00e4tt och strukturerad i min hand.<\/p><p>N\u00e4r du andas in den f\u00f6rsta r\u00f6kpuffen fyller den s\u00f6ta doften av mogna persikor omedelbart din mun, f\u00f6ljt av en antydan till en sval isig k\u00e4nsla. Denna skiktade k\u00e4nsla \u00e4r otrolig! Personligen tycker jag att nikotininneh\u00e5llet i 2 % \u00e4r perfekt, vilket ger m\u00e4nniskor en tillfredsst\u00e4llande men inte \u00f6verv\u00e4ldigande k\u00e4nsla. Det mest \u00f6verraskande \u00e4r dess dual-coil mesh design. Motst\u00e5ndet p\u00e5 0,6 ohm g\u00f6r att varje bloss ger en fyllig, rik smak och en m\u00e5ttlig m\u00e4ngd r\u00f6k, vilket \u00e4r b\u00e4ttre \u00e4n n\u00e5gon annan elektronisk eng\u00e5ngscigarett som jag har anv\u00e4nt tidigare.<\/p>\t\t\t\t\t\t\t\t<\/div>\n\t\t\t\t<\/div>\n\t\t<div role=\"region\" aria-labelledby=\"e-n-accordion-item-1871\" class=\"elementor-element elementor-element-3c1fb34 e-con-full e-flex e-con e-child\" data-id=\"3c1fb34\" data-element_type=\"container\" data-e-type=\"container\">\n\t\t<div role=\"region\" aria-labelledby=\"e-n-accordion-item-1871\" class=\"elementor-element elementor-element-2b9d469 e-con-full e-flex e-con e-child\" data-id=\"2b9d469\" data-element_type=\"container\" data-e-type=\"container\">\n\t\t\t\t<div class=\"elementor-element elementor-element-aa46266 elementor-widget elementor-widget-image-gallery\" data-id=\"aa46266\" data-element_type=\"widget\" data-e-type=\"widget\" data-widget_type=\"image-gallery.default\">\n\t\t\t\t<div class=\"elementor-widget-container\">\n\t\t\t\t\t\t\t<div class=\"elementor-image-gallery\">\n\t\t\t<div id='gallery-1' class='gallery galleryid-2064 gallery-columns-1 gallery-size-medium_large'><figure class='gallery-item'>\n\t\t\t<div class='gallery-icon portrait'>\n\t\t\t\t<img fetchpriority=\"high\" decoding=\"async\" width=\"654\" height=\"690\" src=\"https:\/\/puffvapestore.com\/wp-content\/uploads\/2025\/04\/pvajf18000-21.jpg\" class=\"attachment-medium_large size-medium_large\" alt=\"JNR Falcon 18k Peach Ice pvajf18000\" aria-describedby=\"gallery-1-1961\" srcset=\"https:\/\/puffvapestore.com\/wp-content\/uploads\/2025\/04\/pvajf18000-21.jpg 654w, https:\/\/puffvapestore.com\/wp-content\/uploads\/2025\/04\/pvajf18000-21-284x300.jpg 284w, https:\/\/puffvapestore.com\/wp-content\/uploads\/2025\/04\/pvajf18000-21-600x633.jpg 600w\" sizes=\"(max-width: 654px) 100vw, 654px\" \/>\n\t\t\t<\/div>\n\t\t\t\t<figcaption class='wp-caption-text gallery-caption' id='gallery-1-1961'>\n\t\t\t\tJNR Falcon 18k Peach Ice pvajf18000\n\t\t\t\t<\/figcaption><\/figure>\n\t\t<\/div>\n\t\t<\/div>\n\t\t\t\t\t\t<\/div>\n\t\t\t\t<\/div>\n\t\t\t\t<\/div>\n\t\t<div role=\"region\" aria-labelledby=\"e-n-accordion-item-1871\" class=\"elementor-element elementor-element-d5f00b5 e-con-full e-flex e-con e-child\" data-id=\"d5f00b5\" data-element_type=\"container\" data-e-type=\"container\">\n\t\t\t\t<div class=\"elementor-element elementor-element-b3c274b elementor-widget__width-initial elementor-widget elementor-widget-text-editor\" data-id=\"b3c274b\" data-element_type=\"widget\" data-e-type=\"widget\" data-widget_type=\"text-editor.default\">\n\t\t\t\t<div class=\"elementor-widget-container\">\n\t\t\t\t\t\t\t\t\t<p>F\u00f6r n\u00e5gra dagar sedan tog jag en l\u00e5ngdistansbuss fr\u00e5n Paris till Provence och stannade vid en rastplats f\u00f6r att str\u00e4cka p\u00e5 benen. Jag tog fram min JNR Falcon och tog n\u00e5gra bloss p\u00e5 den elektroniska cigaretten Peach Ice. Det var s\u00e5 gott! Tr\u00f6ttheten f\u00f6rsvann omedelbart, s\u00f6tman fr\u00e5n persikorna blandades med en antydan till friskhet, i kombination med den provensalska landsbygden utanf\u00f6r rastplatsen, det fanns en k\u00e4nsla av obeskrivlig komfort.<\/p><p>Den mest praktiska funktionen \u00e4r den digitala displayen, som g\u00f6r att du alltid kan se hur m\u00e5nga cigarettpuffar som finns kvar och hur mycket energi som finns kvar, utan att beh\u00f6va oroa dig f\u00f6r att pl\u00f6tsligt f\u00e5 slut p\u00e5 energi. Med en stor kapacitet p\u00e5 24 ml och en autonomi p\u00e5 18.000 bloss beh\u00f6ver du inte oroa dig f\u00f6r att f\u00e5 slut p\u00e5 cigaretter n\u00e4r du \u00e4r p\u00e5 semester. Dessutom kan luftfl\u00f6det justeras av dig sj\u00e4lv. Du kan g\u00f6ra det l\u00e4ttare eller starkare, som du f\u00f6redrar.<\/p>\t\t\t\t\t\t\t\t<\/div>\n\t\t\t\t<\/div>\n\t\t\t\t<\/div>\n\t\t\t\t<\/div>\n\t\t<div role=\"region\" aria-labelledby=\"e-n-accordion-item-1871\" class=\"elementor-element elementor-element-7926c6b e-con-full e-flex e-con e-child\" data-id=\"7926c6b\" data-element_type=\"container\" data-e-type=\"container\">\n\t\t\t\t<div class=\"elementor-element elementor-element-2b41948 elementor-widget elementor-widget-text-editor\" data-id=\"2b41948\" data-element_type=\"widget\" data-e-type=\"widget\" data-widget_type=\"text-editor.default\">\n\t\t\t\t<div class=\"elementor-widget-container\">\n\t\t\t\t\t\t\t\t\t<p>Laddning \u00e4r ocks\u00e5 mycket praktiskt. Du kan l\u00e5na en laddare med ett Type-C-gr\u00e4nssnitt n\u00e4stan var som helst, och 950 mAh-batteriet \u00e4r bra under l\u00e5ng tid. I Frankrike har m\u00e5nga m\u00e4nniskor b\u00f6rjat anv\u00e4nda elektroniska cigaretter i sociala situationer. N\u00e4r man tar ut JNR Falcon fr\u00e5gar m\u00e5nga lokala v\u00e4nner nyfiket vilket m\u00e4rke det \u00e4r. Smaken av persikoglass har ocks\u00e5 tagits emot v\u00e4l.<\/p><p>Om du vill ha en elektronisk eng\u00e5ngscigarett med l\u00e5ng batteritid, god smak och enkel anv\u00e4ndning \u00e4r JNR Falcon 18000 Peach Ice definitivt v\u00e4rd ett f\u00f6rs\u00f6k. Oavsett om du anv\u00e4nder den till vardags eller p\u00e5 resan kommer den inte att g\u00f6ra dig besviken. Speciellt smaken av persikoglass, som \u00e4r s\u00f6t men inte fet, fr\u00e4sch men inte kall och verkligen of\u00f6rgl\u00f6mlig!<\/p>\t\t\t\t\t\t\t\t<\/div>\n\t\t\t\t<\/div>\n\t\t\t\t<\/div>\n\t\t\t\t\t<\/div>\n\t\t\t\t<\/div>\n\t\t\t\t<\/div>\n\t\t\t\t\t<\/details>\n\t\t\t\t\t<\/div>\n\t\t\t\t\t\t<\/div>\n\t\t\t\t<\/div>\n\t\t\t\t\t<\/div>\n\t\t\t\t<\/div>\n\t\t\t\t<\/div>","protected":false},"excerpt":{"rendered":"<p>Caract\u00e9ristiques du JNR Falcon 18K Peach Ice: Bouff\u00e9es : Jusqu\u2019\u00e0 18000 bouff\u00e9es Liquide : 24 ml Taux de nicotine : 0 %, 2 %, 5 % R\u00e9sistance : 0.6 ohm Capacit\u00e9 de la batterie : 950 mAh Chargement : Type-C D\u00e9bit d\u2019air r\u00e9glable : Oui Affichage num\u00e9rique R\u00e9sistance double maille et double c\u0153ur Dimensions : [&hellip;]<\/p>\n","protected":false},"featured_media":1961,"comment_status":"open","ping_status":"closed","template":"","meta":{"site-sidebar-layout":"no-sidebar","site-content-layout":"page-builder","ast-site-content-layout":"normal-width-container","site-content-style":"default","site-sidebar-style":"default","ast-global-header-display":"","ast-banner-title-visibility":"","ast-main-header-display":"","ast-hfb-above-header-display":"","ast-hfb-below-header-display":"","ast-hfb-mobile-header-display":"","site-post-title":"disabled","ast-breadcrumbs-content":"","ast-featured-img":"disabled","footer-sml-layout":"","ast-disable-related-posts":"","theme-transparent-header-meta":"default","adv-header-id-meta":"","stick-header-meta":"default","header-above-stick-meta":"","header-main-stick-meta":"","header-below-stick-meta":"","astra-migrate-meta-layouts":"set","ast-page-background-enabled":"default","ast-page-background-meta":{"desktop":{"background-color":"","background-image":"","background-repeat":"repeat","background-position":"center center","background-size":"auto","background-attachment":"scroll","background-type":"","background-media":"","overlay-type":"","overlay-color":"","overlay-opacity":"","overlay-gradient":""},"tablet":{"background-color":"","background-image":"","background-repeat":"repeat","background-position":"center center","background-size":"auto","background-attachment":"scroll","background-type":"","background-media":"","overlay-type":"","overlay-color":"","overlay-opacity":"","overlay-gradient":""},"mobile":{"background-color":"","background-image":"","background-repeat":"repeat","background-position":"center center","background-size":"auto","background-attachment":"scroll","background-type":"","background-media":"","overlay-type":"","overlay-color":"","overlay-opacity":"","overlay-gradient":""}},"ast-content-background-meta":{"desktop":{"background-color":"var(--ast-global-color-5)","background-image":"","background-repeat":"repeat","background-position":"center center","background-size":"auto","background-attachment":"scroll","background-type":"","background-media":"","overlay-type":"","overlay-color":"","overlay-opacity":"","overlay-gradient":""},"tablet":{"background-color":"var(--ast-global-color-5)","background-image":"","background-repeat":"repeat","background-position":"center center","background-size":"auto","background-attachment":"scroll","background-type":"","background-media":"","overlay-type":"","overlay-color":"","overlay-opacity":"","overlay-gradient":""},"mobile":{"background-color":"var(--ast-global-color-5)","background-image":"","background-repeat":"repeat","background-position":"center center","background-size":"auto","background-attachment":"scroll","background-type":"","background-media":"","overlay-type":"","overlay-color":"","overlay-opacity":"","overlay-gradient":""}}},"product_brand":[30],"product_cat":[40,84,77,34,35],"product_tag":[],"class_list":{"0":"post-2064","1":"product","2":"type-product","3":"status-publish","4":"has-post-thumbnail","6":"product_brand-jnr","7":"product_cat-jnr-18k","8":"product_cat-puff-18k","9":"product_cat-entrepot-de-lue","10":"product_cat-puff-jnr","11":"product_cat-jnr-vape","12":"desktop-align-center","13":"tablet-align-center","14":"mobile-align-center","15":"ast-product-gallery-layout-horizontal","16":"ast-product-gallery-with-no-image","17":"ast-product-single-variable","18":"ast-product-tabs-layout-horizontal","19":"ast-qv-on-image","21":"first","22":"instock","23":"sale","24":"shipping-taxable","25":"purchasable","26":"product-type-variable","27":"has-default-attributes"},"tiered_pricing_type":"fixed","tiered_pricing_fixed_rules":{"30":10.08,"60":9.28,"100":8.13,"200":7.48,"500":7.28,"1000":6.98},"tiered_pricing_product_settings":{"layout":"default","base_unit_name":{"singular":null,"plural":null},"default_variation":null},"tiered_pricing_minimum_quantity":null,"tiered_pricing_roles_data":[],"tiered_pricing_percentage_rules":[],"_links":{"self":[{"href":"https:\/\/puffvapestore.com\/sv\/wp-json\/wp\/v2\/product\/2064","targetHints":{"allow":["GET"]}}],"collection":[{"href":"https:\/\/puffvapestore.com\/sv\/wp-json\/wp\/v2\/product"}],"about":[{"href":"https:\/\/puffvapestore.com\/sv\/wp-json\/wp\/v2\/types\/product"}],"replies":[{"embeddable":true,"href":"https:\/\/puffvapestore.com\/sv\/wp-json\/wp\/v2\/comments?post=2064"}],"version-history":[{"count":22,"href":"https:\/\/puffvapestore.com\/sv\/wp-json\/wp\/v2\/product\/2064\/revisions"}],"predecessor-version":[{"id":13613,"href":"https:\/\/puffvapestore.com\/sv\/wp-json\/wp\/v2\/product\/2064\/revisions\/13613"}],"wp:featuredmedia":[{"embeddable":true,"href":"https:\/\/puffvapestore.com\/sv\/wp-json\/wp\/v2\/media\/1961"}],"wp:attachment":[{"href":"https:\/\/puffvapestore.com\/sv\/wp-json\/wp\/v2\/media?parent=2064"}],"wp:term":[{"taxonomy":"product_brand","embeddable":true,"href":"https:\/\/puffvapestore.com\/sv\/wp-json\/wp\/v2\/product_brand?post=2064"},{"taxonomy":"product_cat","embeddable":true,"href":"https:\/\/puffvapestore.com\/sv\/wp-json\/wp\/v2\/product_cat?post=2064"},{"taxonomy":"product_tag","embeddable":true,"href":"https:\/\/puffvapestore.com\/sv\/wp-json\/wp\/v2\/product_tag?post=2064"}],"curies":[{"name":"wp","href":"https:\/\/api.w.org\/{rel}","templated":true}]}}