{"id":2022,"date":"2025-04-12T03:40:23","date_gmt":"2025-04-12T03:40:23","guid":{"rendered":"https:\/\/puffvapestore.com\/?post_type=product&#038;p=2022"},"modified":"2026-01-19T10:37:34","modified_gmt":"2026-01-19T10:37:34","slug":"puff-jnr-falcon-18k-sour-apple-ice","status":"publish","type":"product","link":"https:\/\/puffvapestore.com\/sv\/product\/puff-jnr-falcon-18k-surt-apple-is\/","title":{"rendered":"Puff JNR Falcon 18k Sour Apple Ice | JNR Falcon X 18000"},"content":{"rendered":"<div data-elementor-type=\"wp-post\" data-elementor-id=\"2022\" class=\"elementor elementor-2022\">\n\t\t\t\t<div class=\"elementor-element elementor-element-3c1fb34 e-flex e-con-boxed e-con e-parent\" data-id=\"3c1fb34\" data-element_type=\"container\" data-e-type=\"container\">\n\t\t\t\t\t<div class=\"e-con-inner\">\n\t\t<div class=\"elementor-element elementor-element-d5f00b5 e-con-full e-flex e-con e-child\" data-id=\"d5f00b5\" data-element_type=\"container\" data-e-type=\"container\">\n\t\t\t\t<div class=\"elementor-element elementor-element-b3c274b elementor-widget__width-initial elementor-widget elementor-widget-text-editor\" data-id=\"b3c274b\" data-element_type=\"widget\" data-e-type=\"widget\" data-widget_type=\"text-editor.default\">\n\t\t\t\t<div class=\"elementor-widget-container\">\n\t\t\t\t\t\t\t\t\t<h2>Egenskaper f\u00f6r JNR Falcon 18K Sour Apple Ice:<\/h2><p>Puffar : Upp till 18.000 puffar<br \/>V\u00e4tska: 24 ml<br \/>Nikotinniv\u00e5er: 0 %, 2 %, 5 %<br \/>Resistans: 0,6 ohm<br \/>Batterikapacitet: 950 mAh<br \/>Laddning: Typ-C<br \/>Justerbart luftfl\u00f6de: Ja<br \/>Digital display<br \/>Dubbelt n\u00e4t och dubbelt k\u00e4rnmotst\u00e5nd<br \/>M\u00e5tt: 53,5 x 32 x 121 mm<\/p>\t\t\t\t\t\t\t\t<\/div>\n\t\t\t\t<\/div>\n\t\t\t\t<\/div>\n\t\t<div class=\"elementor-element elementor-element-2b9d469 e-con-full e-flex e-con e-child\" data-id=\"2b9d469\" data-element_type=\"container\" data-e-type=\"container\">\n\t\t\t\t<div class=\"elementor-element elementor-element-aa46266 elementor-widget elementor-widget-image-gallery\" data-id=\"aa46266\" data-element_type=\"widget\" data-e-type=\"widget\" data-widget_type=\"image-gallery.default\">\n\t\t\t\t<div class=\"elementor-widget-container\">\n\t\t\t\t\t\t\t<div class=\"elementor-image-gallery\">\n\t\t\t<div id='gallery-1' class='gallery galleryid-2022 gallery-columns-1 gallery-size-medium_large'><figure class='gallery-item'>\n\t\t\t<div class='gallery-icon portrait'>\n\t\t\t\t<img fetchpriority=\"high\" decoding=\"async\" width=\"654\" height=\"690\" src=\"https:\/\/puffvapestore.com\/wp-content\/uploads\/2025\/04\/pvajf18000-22.jpg\" class=\"attachment-medium_large size-medium_large\" alt=\"JNR Falcon 18k Sour Apple Ice pvajf18000\" aria-describedby=\"gallery-1-1962\" srcset=\"https:\/\/puffvapestore.com\/wp-content\/uploads\/2025\/04\/pvajf18000-22.jpg 654w, https:\/\/puffvapestore.com\/wp-content\/uploads\/2025\/04\/pvajf18000-22-284x300.jpg 284w, https:\/\/puffvapestore.com\/wp-content\/uploads\/2025\/04\/pvajf18000-22-600x633.jpg 600w\" sizes=\"(max-width: 654px) 100vw, 654px\" \/>\n\t\t\t<\/div>\n\t\t\t\t<figcaption class='wp-caption-text gallery-caption' id='gallery-1-1962'>\n\t\t\t\tJNR Falcon 18k Sour Apple Ice pvajf18000\n\t\t\t\t<\/figcaption><\/figure>\n\t\t<\/div>\n\t\t<\/div>\n\t\t\t\t\t\t<\/div>\n\t\t\t\t<\/div>\n\t\t\t\t<\/div>\n\t\t\t\t\t<\/div>\n\t\t\t\t<\/div>\n\t\t<div class=\"elementor-element elementor-element-28b6058 e-flex e-con-boxed e-con e-parent\" data-id=\"28b6058\" data-element_type=\"container\" data-e-type=\"container\">\n\t\t\t\t\t<div class=\"e-con-inner\">\n\t\t\t\t<div class=\"elementor-element elementor-element-518b9cf elementor-widget elementor-widget-n-accordion\" data-id=\"518b9cf\" data-element_type=\"widget\" data-e-type=\"widget\" data-settings=\"{&quot;default_state&quot;:&quot;expanded&quot;,&quot;max_items_expended&quot;:&quot;one&quot;,&quot;n_accordion_animation_duration&quot;:{&quot;unit&quot;:&quot;ms&quot;,&quot;size&quot;:400,&quot;sizes&quot;:[]}}\" data-widget_type=\"nested-accordion.default\">\n\t\t\t\t<div class=\"elementor-widget-container\">\n\t\t\t\t\t\t\t<div class=\"e-n-accordion\" aria-label=\"Dragspel. \u00d6ppna l\u00e4nkar med Enter eller Space, st\u00e4ng med Escape och navigera med piltangenterna\">\n\t\t\t\t\t\t<details id=\"e-n-accordion-item-8550\" class=\"e-n-accordion-item\" open>\n\t\t\t\t<summary class=\"e-n-accordion-item-title\" data-accordion-index=\"1\" tabindex=\"0\" aria-expanded=\"true\" aria-controls=\"e-n-accordion-item-8550\" >\n\t\t\t\t\t<span class='e-n-accordion-item-title-header'><div class=\"e-n-accordion-item-title-text\"> Egenskaper och funktioner hos JNR Falcon X 18K Sour Apple Ice <\/div><\/span>\n\t\t\t\t\t\t\t<span class='e-n-accordion-item-title-icon'>\n\t\t\t<span class='e-opened' ><svg aria-hidden=\"true\" class=\"e-font-icon-svg e-fas-minus\" viewbox=\"0 0 448 512\" xmlns=\"http:\/\/www.w3.org\/2000\/svg\"><path d=\"M416 208H32c-17.67 0-32 14.33-32 32v32c0 17.67 14.33 32 32 32h384c17.67 0 32-14.33 32-32v-32c0-17.67-14.33-32-32-32z\"><\/path><\/svg><\/span>\n\t\t\t<span class='e-closed'><svg aria-hidden=\"true\" class=\"e-font-icon-svg e-fas-plus\" viewbox=\"0 0 448 512\" xmlns=\"http:\/\/www.w3.org\/2000\/svg\"><path d=\"M416 208H272V64c0-17.67-14.33-32-32-32h-32c-17.67 0-32 14.33-32 32v144H32c-17.67 0-32 14.33-32 32v32c0 17.67 14.33 32 32 32h144v144c0 17.67 14.33 32 32 32h32c17.67 0 32-14.33 32-32V304h144c17.67 0 32-14.33 32-32v-32c0-17.67-14.33-32-32-32z\"><\/path><\/svg><\/span>\n\t\t<\/span>\n\n\t\t\t\t\t\t<\/summary>\n\t\t\t\t<div role=\"region\" aria-labelledby=\"e-n-accordion-item-8550\" class=\"elementor-element elementor-element-3556f13 e-con-full e-flex e-con e-child\" data-id=\"3556f13\" data-element_type=\"container\" data-e-type=\"container\">\n\t\t<div role=\"region\" aria-labelledby=\"e-n-accordion-item-8550\" class=\"elementor-element elementor-element-928a202 e-flex e-con-boxed e-con e-child\" data-id=\"928a202\" data-element_type=\"container\" data-e-type=\"container\">\n\t\t\t\t\t<div class=\"e-con-inner\">\n\t\t\t\t<div class=\"elementor-element elementor-element-be1c2a2 elementor-widget elementor-widget-text-editor\" data-id=\"be1c2a2\" data-element_type=\"widget\" data-e-type=\"widget\" data-widget_type=\"text-editor.default\">\n\t\t\t\t<div class=\"elementor-widget-container\">\n\t\t\t\t\t\t\t\t\t<h2>Ultra-l\u00e5ng livsl\u00e4ngd, h\u00f6gkapacitetsbatteri<\/h2><p>JNR Falcon-X 18K \u00e4r utrustad med ett 950 mAh litiumjonbatteri med h\u00f6g densitet och ett optimerat energihanteringssystem som garanterar ut\u00f6kad autonomi vid varje laddning. \u00c4ven frekventa anv\u00e4ndare kan bekv\u00e4mt anv\u00e4nda den hela dagen utan att beh\u00f6va ladda ofta. Snabbladdningsporten av typ C garanterar snabb, tillf\u00f6rlitlig och s\u00e4ker laddning.<\/p><h2>Stor 24 ml beh\u00e5llare<\/h2><p>En enda JNR Falcon-X 18K ger upp till 18 000 bloss, vilket \u00e4r mycket l\u00e4ngre \u00e4n en vanlig elektronisk eng\u00e5ngscigarett. Oavsett om det g\u00e4ller daglig anv\u00e4ndning eller l\u00e5nga resor ger den h\u00e4r enheten en konsekvent smakupplevelse, vilket eliminerar behovet av frekventa byten och garanterar l\u00e5ngvarig njutning.<\/p><p>Reservoaren p\u00e5 24 ml inneb\u00e4r att du kan anv\u00e4nda den under l\u00e4ngre tid. Detta \u00e4r en praktisk f\u00f6rdel f\u00f6r personer som reser mycket eller f\u00f6redrar att undvika frekventa p\u00e5fyllningar. E-v\u00e4tsketanken med stor kapacitet minskar ocks\u00e5 risken f\u00f6r torrf\u00f6rbr\u00e4nning av atomisermotst\u00e5ndet, vilket garanterar en j\u00e4mn smak.<\/p><h2>Flera nikotindoser<\/h2><p>JNR Falcon-X 18K har tre nikotindoser: 0 %, 2 % och 5 %, som tillgodoser olika behov av vaping, fr\u00e5n en l\u00e4tt nikotinfri smak till en kraftfull throat hit. Oavsett om du \u00e4r en nyb\u00f6rjare eller en erfaren anv\u00e4ndare som letar efter en mer tillfredsst\u00e4llande upplevelse, kommer du att hitta den smakl\u00f6sning som passar dig.<\/p><h2>Dubbel n\u00e4tkonstruktion + dubbel k\u00e4rna<\/h2><p>JNR Falcon-X 18K anv\u00e4nder ett v\u00e4rmesystem med dubbla n\u00e4t och ett dubbelk\u00e4rnigt motst\u00e5nd f\u00f6r j\u00e4mnare uppv\u00e4rmning och f\u00f6rfinad \u00e5nga. Den dubbla n\u00e4tstrukturen v\u00e4rmer upp e-v\u00e4tskan j\u00e4mnt och omedelbart, vilket minimerar lokal \u00f6verhettning. Den dubbelk\u00e4rniga designen ger l\u00e4ngre livsl\u00e4ngd f\u00f6r motst\u00e5ndet och en mer konsekvent smakprofil. Njut av rik smak och j\u00e4mn \u00e5nga med varje bloss.<\/p><p>JNR Falcon-X 18K har ett 0,6 ohms low-drag-motst\u00e5nd som ger den perfekta balansen mellan smak och \u00e5ngvolym. Denna low-drag-design ger st\u00f6rre \u00e5ngvolym och en mjukare dragning, perfekt f\u00f6r direkt lunginandning. Den ger ocks\u00e5 m\u00f6jlighet till justerbart luftfl\u00f6de f\u00f6r mun-till-mun-puffning, vilket ger en mer personlig upplevelse.<\/p><h2>Justerbart luftfl\u00f6de<\/h2><p>JNR Falcon-X 18K har ett justerbart luftfl\u00f6dessystem som g\u00f6r att anv\u00e4ndarna kan v\u00e4xla fritt mellan direkt lungl\u00e4ge med h\u00f6g \u00e5nghalt och mun-till-mun-l\u00e4ge, beroende p\u00e5 vad de f\u00f6redrar. Oavsett om du f\u00f6redrar en mjuk, luftig inandning eller en rik, koncentrerad halstr\u00e4ff kan du enkelt hitta den mest bekv\u00e4ma inst\u00e4llningen.<\/p><p>Den integrerade h\u00f6guppl\u00f6sta digitala displayen visar batteri- och e-v\u00e4tskeniv\u00e5erna i realtid, s\u00e5 att du snabbt och tydligt kan \u00f6vervaka enhetens status och undvika ov\u00e4ntade str\u00f6mavbrott eller torrbr\u00e4nnskador. Intuitiv visuell information ger en s\u00e4krare och mer stressfri anv\u00e4ndning.<\/p><p>JNR Falcon-X 18K m\u00e4ter 53,5 \u00d7 32 \u00d7 121 mm och har ett batteri och en tank med h\u00f6g kapacitet, samtidigt som den har ett bekv\u00e4mt grepp och \u00e4r mycket portabel. Oavsett om du har den i fickan eller i v\u00e4skan glider den l\u00e4tt p\u00e5 plats och ger dig en h\u00f6gkvalitativ vape-upplevelse var du \u00e4n \u00e4r.<\/p><p>JNR Falcon-X 18K har en elegant design med ergonomiska kurvor. Ytbehandlingen \u00e4r b\u00e5de slitstark och halks\u00e4ker f\u00f6r optimal komfort. De minimalistiska, exklusiva f\u00e4rgerna och de noggranna detaljerna g\u00f6r den till mycket mer \u00e4n bara en elektronisk cigarett: det \u00e4r en snygg accessoar att ta med sig vart man \u00e4n g\u00e5r.<\/p>\t\t\t\t\t\t\t\t<\/div>\n\t\t\t\t<\/div>\n\t\t\t\t\t<\/div>\n\t\t\t\t<\/div>\n\t\t\t\t<\/div>\n\t\t\t\t\t<\/details>\n\t\t\t\t\t\t<details id=\"e-n-accordion-item-8551\" class=\"e-n-accordion-item\" >\n\t\t\t\t<summary class=\"e-n-accordion-item-title\" data-accordion-index=\"2\" tabindex=\"-1\" aria-expanded=\"false\" aria-controls=\"e-n-accordion-item-8551\" >\n\t\t\t\t\t<span class='e-n-accordion-item-title-header'><div class=\"e-n-accordion-item-title-text\"> Puff Sour Apple Ice JNR Falcon X 18K <\/div><\/span>\n\t\t\t\t\t\t\t<span class='e-n-accordion-item-title-icon'>\n\t\t\t<span class='e-opened' ><svg aria-hidden=\"true\" class=\"e-font-icon-svg e-fas-minus\" viewbox=\"0 0 448 512\" xmlns=\"http:\/\/www.w3.org\/2000\/svg\"><path d=\"M416 208H32c-17.67 0-32 14.33-32 32v32c0 17.67 14.33 32 32 32h384c17.67 0 32-14.33 32-32v-32c0-17.67-14.33-32-32-32z\"><\/path><\/svg><\/span>\n\t\t\t<span class='e-closed'><svg aria-hidden=\"true\" class=\"e-font-icon-svg e-fas-plus\" viewbox=\"0 0 448 512\" xmlns=\"http:\/\/www.w3.org\/2000\/svg\"><path d=\"M416 208H272V64c0-17.67-14.33-32-32-32h-32c-17.67 0-32 14.33-32 32v144H32c-17.67 0-32 14.33-32 32v32c0 17.67 14.33 32 32 32h144v144c0 17.67 14.33 32 32 32h32c17.67 0 32-14.33 32-32V304h144c17.67 0 32-14.33 32-32v-32c0-17.67-14.33-32-32-32z\"><\/path><\/svg><\/span>\n\t\t<\/span>\n\n\t\t\t\t\t\t<\/summary>\n\t\t\t\t<div role=\"region\" aria-labelledby=\"e-n-accordion-item-8551\" class=\"elementor-element elementor-element-7b6c483 e-con-full e-flex e-con e-child\" data-id=\"7b6c483\" data-element_type=\"container\" data-e-type=\"container\">\n\t\t<div role=\"region\" aria-labelledby=\"e-n-accordion-item-8551\" class=\"elementor-element elementor-element-278dca9 e-flex e-con-boxed e-con e-child\" data-id=\"278dca9\" data-element_type=\"container\" data-e-type=\"container\">\n\t\t\t\t\t<div class=\"e-con-inner\">\n\t\t\t\t<div class=\"elementor-element elementor-element-55fd5fa elementor-widget elementor-widget-text-editor\" data-id=\"55fd5fa\" data-element_type=\"widget\" data-e-type=\"widget\" data-widget_type=\"text-editor.default\">\n\t\t\t\t<div class=\"elementor-widget-container\">\n\t\t\t\t\t\t\t\t\t<p>P\u00e5 sommaren i Paris skiner solen p\u00e5 Seine och staden \u00e4r livlig men extremt hektisk. F\u00f6r m\u00e5nga franska kontorsarbetare \u00e4r de f\u00e5 minuterna innan de \u00e5terv\u00e4nder hem efter en dags arbete en s\u00e4llsynt stund av andrum.<\/p><p>Sour Apple Ice-smaken p\u00e5 den elektroniska cigaretten JNR Falcon 18000 \u00e4r gjord f\u00f6r \u00f6gonblick som detta. N\u00e4r jag stod bredvid bilen tog jag ett bloss p\u00e5 cigaretten och den s\u00f6tsura smaken av gr\u00f6nt \u00e4pple blommade omedelbart upp i munnen, f\u00f6ljt av en l\u00e4tt svalka som str\u00e4ckte sig fr\u00e5n tungspetsen till halsen. K\u00e4nslan \u00e4r som att ta en munfull isad \u00e4ppeljuice, uppfriskande och avslappnande.<\/p><p>Den st\u00f6rsta f\u00f6rdelen med den h\u00e4r e-cigaretten \u00e4r dess h\u00e5llbarhet. Den stora kapaciteten p\u00e5 18 000 puffar inneb\u00e4r att du inte beh\u00f6ver oroa dig f\u00f6r frekventa byten, och de 24 ml e-v\u00e4tska r\u00e4cker f\u00f6r flera veckors daglig anv\u00e4ndning. Som f\u00f6rs\u00e4ljningschef som ofta reser mellan Paris och Lyon uppskattar jag s\u00e4rskilt dess r\u00e4ckvidd. Underskatta inte kapaciteten hos 950 mAh-batteriet. Med laddningsmetoden Type C kan du ladda batteriet n\u00e4r som helst, \u00e4ven under l\u00e5ngk\u00f6rning.<\/p>\t\t\t\t\t\t\t\t<\/div>\n\t\t\t\t<\/div>\n\t\t<div role=\"region\" aria-labelledby=\"e-n-accordion-item-8551\" class=\"elementor-element elementor-element-fcfdbde e-con-full e-flex e-con e-child\" data-id=\"fcfdbde\" data-element_type=\"container\" data-e-type=\"container\">\n\t\t<div role=\"region\" aria-labelledby=\"e-n-accordion-item-8551\" class=\"elementor-element elementor-element-94b2a6b e-con-full e-flex e-con e-child\" data-id=\"94b2a6b\" data-element_type=\"container\" data-e-type=\"container\">\n\t\t\t\t<div class=\"elementor-element elementor-element-3bb21ea elementor-widget elementor-widget-image-gallery\" data-id=\"3bb21ea\" data-element_type=\"widget\" data-e-type=\"widget\" data-widget_type=\"image-gallery.default\">\n\t\t\t\t<div class=\"elementor-widget-container\">\n\t\t\t\t\t\t\t<div class=\"elementor-image-gallery\">\n\t\t\t<div id='gallery-1' class='gallery galleryid-2022 gallery-columns-1 gallery-size-medium_large'><figure class='gallery-item'>\n\t\t\t<div class='gallery-icon portrait'>\n\t\t\t\t<img fetchpriority=\"high\" decoding=\"async\" width=\"654\" height=\"690\" src=\"https:\/\/puffvapestore.com\/wp-content\/uploads\/2025\/04\/pvajf18000-22.jpg\" class=\"attachment-medium_large size-medium_large\" alt=\"JNR Falcon 18k Sour Apple Ice pvajf18000\" aria-describedby=\"gallery-1-1962\" srcset=\"https:\/\/puffvapestore.com\/wp-content\/uploads\/2025\/04\/pvajf18000-22.jpg 654w, https:\/\/puffvapestore.com\/wp-content\/uploads\/2025\/04\/pvajf18000-22-284x300.jpg 284w, https:\/\/puffvapestore.com\/wp-content\/uploads\/2025\/04\/pvajf18000-22-600x633.jpg 600w\" sizes=\"(max-width: 654px) 100vw, 654px\" \/>\n\t\t\t<\/div>\n\t\t\t\t<figcaption class='wp-caption-text gallery-caption' id='gallery-1-1962'>\n\t\t\t\tJNR Falcon 18k Sour Apple Ice pvajf18000\n\t\t\t\t<\/figcaption><\/figure>\n\t\t<\/div>\n\t\t<\/div>\n\t\t\t\t\t\t<\/div>\n\t\t\t\t<\/div>\n\t\t\t\t<\/div>\n\t\t<div role=\"region\" aria-labelledby=\"e-n-accordion-item-8551\" class=\"elementor-element elementor-element-9b86ae6 e-con-full e-flex e-con e-child\" data-id=\"9b86ae6\" data-element_type=\"container\" data-e-type=\"container\">\n\t\t\t\t<div class=\"elementor-element elementor-element-756979a elementor-widget__width-initial elementor-widget elementor-widget-text-editor\" data-id=\"756979a\" data-element_type=\"widget\" data-e-type=\"widget\" data-widget_type=\"text-editor.default\">\n\t\t\t\t<div class=\"elementor-widget-container\">\n\t\t\t\t\t\t\t\t\t<p>Smaken Sour Apple Ice \u00e4r mycket uttrycksfull tack vare utformningen av 0,6 ohm dual-mesh-spolen i JNR Falcon 18000. Till skillnad fr\u00e5n andra produkter p\u00e5 marknaden kan denna dubbelk\u00e4rniga teknik helt frig\u00f6ra det gr\u00f6na \u00e4pplets flerskiktade smak: f\u00f6rst den skarpa syran, sedan den m\u00e5ttliga s\u00f6tman och slutligen l\u00e4mnar den en best\u00e5ende k\u00e4nsla av friskhet. R\u00f6kens densitet \u00e4r perfekt, inte f\u00f6r tjock f\u00f6r att hindra f\u00f6rarens syn.<\/p><p>S\u00e4rskilt v\u00e4rt att n\u00e4mna \u00e4r den justerbara luftfl\u00f6desfunktionen. Ibland, n\u00e4r jag k\u00e4nner mig tr\u00f6tt efter jobbet, vrider jag upp luftfl\u00f6det f\u00f6r att g\u00f6ra k\u00e4nslan av friskhet mer intensiv och direkt; och under en lugn helg kan jag vrida ner luftfl\u00f6det och njuta av de skiftande niv\u00e5erna av s\u00f6t och sur smak. Denna personliga upplevelse \u00e4r en del av v\u00e5r franska str\u00e4van efter livskvalitet.<\/p>\t\t\t\t\t\t\t\t<\/div>\n\t\t\t\t<\/div>\n\t\t\t\t<\/div>\n\t\t\t\t<\/div>\n\t\t<div role=\"region\" aria-labelledby=\"e-n-accordion-item-8551\" class=\"elementor-element elementor-element-7926c6b e-con-full e-flex e-con e-child\" data-id=\"7926c6b\" data-element_type=\"container\" data-e-type=\"container\">\n\t\t\t\t<div class=\"elementor-element elementor-element-2b41948 elementor-widget elementor-widget-text-editor\" data-id=\"2b41948\" data-element_type=\"widget\" data-e-type=\"widget\" data-widget_type=\"text-editor.default\">\n\t\t\t\t<div class=\"elementor-widget-container\">\n\t\t\t\t\t\t\t\t\t<p>Designen med LED-display \u00e4r ocks\u00e5 mycket genomt\u00e4nkt, vilket eliminerar behovet av att gissa antalet \u00e5terst\u00e5ende inhalationer och batteristr\u00f6m, vilket g\u00f6r den mer intuitiv att anv\u00e4nda. Enheten m\u00e4ter 53,5 \u00d7 32 \u00d7 121 mm, vilket \u00e4r perfekt f\u00f6r att h\u00e5lla i handen och inte ser skrymmande ut n\u00e4r den l\u00e4ggs i fickan.<\/p><p>I \u00e4rlighetens namn har jag redan provat en hel del elektroniska cigaretter, men f\u00e5 produkter kan erbjuda en smakupplevelse som \u00e4r s\u00e5 fr\u00e4sch och naturlig som JNR Falcon 18000, samtidigt som nikotinet fortfarande \u00e4r tillfredsst\u00e4llande (nikotinhalten i 2% \u00e4r perfekt). Till och med i Frankrike, d\u00e4r r\u00f6kf\u00f6rbuden blir allt str\u00e4ngare, g\u00f6r den h\u00e4r produkten att jag kan njuta av en trevlig siesta under den korta tiden innan jag ger mig ut p\u00e5 v\u00e4garna.<\/p><p>Om du har f\u00e5tt nog av den traditionella tobakens monotoni eller om du letar efter en elektronisk cigarett som kan ge en touch av friskhet till det hektiska stadslivet, \u00e4r Sour Apple Ice fr\u00e5n JNR Falcon 18000 definitivt ett bra val. Det \u00e4r inte bara en elektronisk cigarett, det \u00e4r ocks\u00e5 ett modestatement i det moderna franska livet.<\/p>\t\t\t\t\t\t\t\t<\/div>\n\t\t\t\t<\/div>\n\t\t\t\t<\/div>\n\t\t\t\t\t<\/div>\n\t\t\t\t<\/div>\n\t\t\t\t<\/div>\n\t\t\t\t\t<\/details>\n\t\t\t\t\t<\/div>\n\t\t\t\t\t\t<\/div>\n\t\t\t\t<\/div>\n\t\t\t\t\t<\/div>\n\t\t\t\t<\/div>\n\t\t\t\t<\/div>","protected":false},"excerpt":{"rendered":"<p>Caract\u00e9ristiques du JNR Falcon 18K Sour Apple Ice: Bouff\u00e9es : Jusqu\u2019\u00e0 18000 bouff\u00e9es Liquide : 24 ml Taux de nicotine : 0 %, 2 %, 5 % R\u00e9sistance : 0.6 ohm Capacit\u00e9 de la batterie : 950 mAh Chargement : Type-C D\u00e9bit d\u2019air r\u00e9glable : Oui Affichage num\u00e9rique R\u00e9sistance double maille et double c\u0153ur Dimensions [&hellip;]<\/p>\n","protected":false},"featured_media":1962,"comment_status":"open","ping_status":"closed","template":"","meta":{"site-sidebar-layout":"no-sidebar","site-content-layout":"page-builder","ast-site-content-layout":"normal-width-container","site-content-style":"default","site-sidebar-style":"default","ast-global-header-display":"","ast-banner-title-visibility":"","ast-main-header-display":"","ast-hfb-above-header-display":"","ast-hfb-below-header-display":"","ast-hfb-mobile-header-display":"","site-post-title":"disabled","ast-breadcrumbs-content":"","ast-featured-img":"disabled","footer-sml-layout":"","ast-disable-related-posts":"","theme-transparent-header-meta":"default","adv-header-id-meta":"","stick-header-meta":"default","header-above-stick-meta":"","header-main-stick-meta":"","header-below-stick-meta":"","astra-migrate-meta-layouts":"set","ast-page-background-enabled":"default","ast-page-background-meta":{"desktop":{"background-color":"","background-image":"","background-repeat":"repeat","background-position":"center center","background-size":"auto","background-attachment":"scroll","background-type":"","background-media":"","overlay-type":"","overlay-color":"","overlay-opacity":"","overlay-gradient":""},"tablet":{"background-color":"","background-image":"","background-repeat":"repeat","background-position":"center center","background-size":"auto","background-attachment":"scroll","background-type":"","background-media":"","overlay-type":"","overlay-color":"","overlay-opacity":"","overlay-gradient":""},"mobile":{"background-color":"","background-image":"","background-repeat":"repeat","background-position":"center center","background-size":"auto","background-attachment":"scroll","background-type":"","background-media":"","overlay-type":"","overlay-color":"","overlay-opacity":"","overlay-gradient":""}},"ast-content-background-meta":{"desktop":{"background-color":"var(--ast-global-color-5)","background-image":"","background-repeat":"repeat","background-position":"center center","background-size":"auto","background-attachment":"scroll","background-type":"","background-media":"","overlay-type":"","overlay-color":"","overlay-opacity":"","overlay-gradient":""},"tablet":{"background-color":"var(--ast-global-color-5)","background-image":"","background-repeat":"repeat","background-position":"center center","background-size":"auto","background-attachment":"scroll","background-type":"","background-media":"","overlay-type":"","overlay-color":"","overlay-opacity":"","overlay-gradient":""},"mobile":{"background-color":"var(--ast-global-color-5)","background-image":"","background-repeat":"repeat","background-position":"center center","background-size":"auto","background-attachment":"scroll","background-type":"","background-media":"","overlay-type":"","overlay-color":"","overlay-opacity":"","overlay-gradient":""}}},"product_brand":[30],"product_cat":[40,84,77,34,15],"product_tag":[],"class_list":{"0":"post-2022","1":"product","2":"type-product","3":"status-publish","4":"has-post-thumbnail","6":"product_brand-jnr","7":"product_cat-jnr-18k","8":"product_cat-puff-18k","9":"product_cat-entrepot-de-lue","10":"product_cat-puff-jnr","11":"product_cat-magasin-cigarette-electronique","12":"desktop-align-center","13":"tablet-align-center","14":"mobile-align-center","15":"ast-product-gallery-layout-horizontal","16":"ast-product-gallery-with-no-image","17":"ast-product-single-variable","18":"ast-product-tabs-layout-horizontal","19":"ast-qv-on-image","21":"first","22":"instock","23":"sale","24":"shipping-taxable","25":"purchasable","26":"product-type-variable","27":"has-default-attributes"},"tiered_pricing_type":"fixed","tiered_pricing_fixed_rules":{"30":10.08,"60":9.28,"100":8.13,"200":7.48,"500":7.28,"1000":6.98},"tiered_pricing_product_settings":{"layout":"default","base_unit_name":{"singular":null,"plural":null},"default_variation":null},"tiered_pricing_minimum_quantity":null,"tiered_pricing_roles_data":[],"tiered_pricing_percentage_rules":[],"_links":{"self":[{"href":"https:\/\/puffvapestore.com\/sv\/wp-json\/wp\/v2\/product\/2022","targetHints":{"allow":["GET"]}}],"collection":[{"href":"https:\/\/puffvapestore.com\/sv\/wp-json\/wp\/v2\/product"}],"about":[{"href":"https:\/\/puffvapestore.com\/sv\/wp-json\/wp\/v2\/types\/product"}],"replies":[{"embeddable":true,"href":"https:\/\/puffvapestore.com\/sv\/wp-json\/wp\/v2\/comments?post=2022"}],"version-history":[{"count":23,"href":"https:\/\/puffvapestore.com\/sv\/wp-json\/wp\/v2\/product\/2022\/revisions"}],"predecessor-version":[{"id":13620,"href":"https:\/\/puffvapestore.com\/sv\/wp-json\/wp\/v2\/product\/2022\/revisions\/13620"}],"wp:featuredmedia":[{"embeddable":true,"href":"https:\/\/puffvapestore.com\/sv\/wp-json\/wp\/v2\/media\/1962"}],"wp:attachment":[{"href":"https:\/\/puffvapestore.com\/sv\/wp-json\/wp\/v2\/media?parent=2022"}],"wp:term":[{"taxonomy":"product_brand","embeddable":true,"href":"https:\/\/puffvapestore.com\/sv\/wp-json\/wp\/v2\/product_brand?post=2022"},{"taxonomy":"product_cat","embeddable":true,"href":"https:\/\/puffvapestore.com\/sv\/wp-json\/wp\/v2\/product_cat?post=2022"},{"taxonomy":"product_tag","embeddable":true,"href":"https:\/\/puffvapestore.com\/sv\/wp-json\/wp\/v2\/product_tag?post=2022"}],"curies":[{"name":"wp","href":"https:\/\/api.w.org\/{rel}","templated":true}]}}