{"id":1868,"date":"2025-04-02T12:03:07","date_gmt":"2025-04-02T12:03:07","guid":{"rendered":"https:\/\/puffvapestore.com\/?post_type=product&#038;p=1868"},"modified":"2026-04-20T11:03:13","modified_gmt":"2026-04-20T11:03:13","slug":"jnr-falcon-16000-blue-razz-cherry","status":"publish","type":"product","link":"https:\/\/puffvapestore.com\/sv\/product\/jnr-falcon-16000-bla-razz-korsbar\/","title":{"rendered":"JNR Falcon 16000 Bl\u00e5 Razz K\u00f6rsb\u00e4r"},"content":{"rendered":"<div data-elementor-type=\"wp-post\" data-elementor-id=\"1868\" class=\"elementor elementor-1868\">\n\t\t\t\t<div class=\"elementor-element elementor-element-824a998 e-flex e-con-boxed e-con e-parent\" data-id=\"824a998\" data-element_type=\"container\" data-e-type=\"container\">\n\t\t\t\t\t<div class=\"e-con-inner\">\n\t\t\t\t<div class=\"elementor-element elementor-element-55fd5fa elementor-widget elementor-widget-text-editor\" data-id=\"55fd5fa\" data-element_type=\"widget\" data-e-type=\"widget\" data-widget_type=\"text-editor.default\">\n\t\t\t\t<div class=\"elementor-widget-container\">\n\t\t\t\t\t\t\t\t\t<h2>JNR Falcon 16000 Cherry Razz Blue<\/h2><p>F\u00f6rest\u00e4ll dig att du sitter vid Seineflodens strand i Paris, att vinden l\u00e4tt bl\u00e5ser och att solen skiner p\u00e5 dig. <strong>JNR Falcon 16000 Bl\u00e5 Razz K\u00f6rsb\u00e4r<\/strong> i din hand som l\u00e5ngsamt andas ut en droppe r\u00f6k blandad med bl\u00e5b\u00e4r och hallon, sedan kommer en antydan till k\u00f6rsb\u00e4rss\u00f6tma tyst fram. Det h\u00e4r \u00e4r ingen vanlig elektronisk cigarettupplevelse, utan en smakfest, ett romantiskt m\u00f6te mellan fruktig smak och teknik.<\/p><h3>Blue Razz Cherry: en upplevelse v\u00e4rdig ett k\u00f6rsb\u00e4r i en frukttr\u00e4dg\u00e5rd<\/h3><p>Blue Razz Cherry flavour \u00e4r en rockstj\u00e4rna i fruktv\u00e4rlden. Den kombinerar perfekt syrligheten hos bl\u00e5 hallon, deras doft och k\u00f6rsb\u00e4rens silkeslena s\u00f6tma. Varje inandning av r\u00f6ken \u00e4r som en symfoni i munnen. Toppnoten \u00e4r uppfriskande, mellannoten \u00e4r rik, finishen \u00e4r s\u00f6t och eftersmaken \u00e4r o\u00e4ndlig.<\/p><p>Fransm\u00e4nnen \u00e4lskar uts\u00f6kt mat och \u00e4r n\u00e4stan kr\u00e4vande n\u00e4r det g\u00e4ller att l\u00e4gga smaker i lager. <strong>Bl\u00e5 Razz K\u00f6rsb\u00e4r<\/strong> \u00e4r mer \u00e4n bara en smak f\u00f6r elektroniska cigaretter; det \u00e4r ett dj\u00e4rvt experiment, ett \u00e4ventyr f\u00f6r gommen, som den blixt av inspiration en parisisk konditor f\u00e5r n\u00e4r han experimenterar med ett nytt recept.<\/p>\t\t\t\t\t\t\t\t<\/div>\n\t\t\t\t<\/div>\n\t\t\t\t\t<\/div>\n\t\t\t\t<\/div>\n\t\t<div class=\"elementor-element elementor-element-942ccb0 e-flex e-con-boxed e-con e-parent\" data-id=\"942ccb0\" data-element_type=\"container\" data-e-type=\"container\">\n\t\t\t\t\t<div class=\"e-con-inner\">\n\t\t<div class=\"elementor-element elementor-element-577deeb e-con-full e-flex e-con e-child\" data-id=\"577deeb\" data-element_type=\"container\" data-e-type=\"container\">\n\t\t\t\t<div class=\"elementor-element elementor-element-5d167cf elementor-widget elementor-widget-text-editor\" data-id=\"5d167cf\" data-element_type=\"widget\" data-e-type=\"widget\" data-widget_type=\"text-editor.default\">\n\t\t\t\t<div class=\"elementor-widget-container\">\n\t\t\t\t\t\t\t\t\t<h2>Detaljer om JNR Falcon 16000 Blue Razz Cherry<\/h2><p>Puffar : Upp till 16.000 puffar<br \/>V\u00e4tska: 22 ml<br \/>Nikotinniv\u00e5er: 0 %, 2 %, 5 %<br \/>Resistans: 1,0 ohm<br \/>Batterikapacitet: 850 mAh<br \/>Laddning: Typ-C<br \/>Dubbelt n\u00e4t och dubbelt k\u00e4rnmotst\u00e5nd<br \/>M\u00e5tt: 53,5 x 32 x 110 mm<\/p>\t\t\t\t\t\t\t\t<\/div>\n\t\t\t\t<\/div>\n\t\t\t\t<\/div>\n\t\t<div class=\"elementor-element elementor-element-d5e4b56 e-con-full e-flex e-con e-child\" data-id=\"d5e4b56\" data-element_type=\"container\" data-e-type=\"container\">\n\t\t\t\t<div class=\"elementor-element elementor-element-381dfcb elementor-widget elementor-widget-image-gallery\" data-id=\"381dfcb\" data-element_type=\"widget\" data-e-type=\"widget\" data-widget_type=\"image-gallery.default\">\n\t\t\t\t<div class=\"elementor-widget-container\">\n\t\t\t\t\t\t\t<div class=\"elementor-image-gallery\">\n\t\t\t<div id='gallery-1' class='gallery galleryid-1868 gallery-columns-1 gallery-size-medium_large'><figure class='gallery-item'>\n\t\t\t<div class='gallery-icon portrait'>\n\t\t\t\t<img fetchpriority=\"high\" decoding=\"async\" width=\"654\" height=\"690\" src=\"https:\/\/puffvapestore.com\/wp-content\/uploads\/2025\/03\/pvajf16000-9.jpg\" class=\"attachment-medium_large size-medium_large\" alt=\"JNR Falcon 16K Bl\u00e5 Razz Ice\" aria-describedby=\"gallery-1-1556\" srcset=\"https:\/\/puffvapestore.com\/wp-content\/uploads\/2025\/03\/pvajf16000-9.jpg 654w, https:\/\/puffvapestore.com\/wp-content\/uploads\/2025\/03\/pvajf16000-9-284x300.jpg 284w, https:\/\/puffvapestore.com\/wp-content\/uploads\/2025\/03\/pvajf16000-9-600x633.jpg 600w\" sizes=\"(max-width: 654px) 100vw, 654px\" \/>\n\t\t\t<\/div>\n\t\t\t\t<figcaption class='wp-caption-text gallery-caption' id='gallery-1-1556'>\n\t\t\t\tJNR Falcon 16K Bl\u00e5 Razz Ice\n\t\t\t\t<\/figcaption><\/figure>\n\t\t<\/div>\n\t\t<\/div>\n\t\t\t\t\t\t<\/div>\n\t\t\t\t<\/div>\n\t\t\t\t<\/div>\n\t\t\t\t\t<\/div>\n\t\t\t\t<\/div>\n\t\t<div class=\"elementor-element elementor-element-7926c6b e-flex e-con-boxed e-con e-parent\" data-id=\"7926c6b\" data-element_type=\"container\" data-e-type=\"container\">\n\t\t\t\t\t<div class=\"e-con-inner\">\n\t\t\t\t<div class=\"elementor-element elementor-element-2b41948 elementor-widget elementor-widget-text-editor\" data-id=\"2b41948\" data-element_type=\"widget\" data-e-type=\"widget\" data-widget_type=\"text-editor.default\">\n\t\t\t\t<div class=\"elementor-widget-container\">\n\t\t\t\t\t\t\t\t\t<h2>Varf\u00f6r \u00e4r Blue Razz Cherry ett utm\u00e4rkt val f\u00f6r fransm\u00e4nnen?<\/h2><h3>1. En fruktig sensorisk resa<\/h3><p>Fransm\u00e4nnen \u00e4lskar uts\u00f6kt mat, och oavsett om det \u00e4r en uts\u00f6kt dessert fr\u00e5n en Michelin-restaurang eller en f\u00e4rsk paj fr\u00e5n ett lokalt boulangeri \u00e4r balans och lager av smaker avg\u00f6rande. Smaken av Blue Razz Cherry \u00e4r som en noggrant planerad gustatorisk resa, med en explosion av fruktig arom, f\u00f6ljt av en l\u00e5ngsam fris\u00e4ttning av s\u00f6tma och slutligen en l\u00e4tt eftersmak som \u00e4r of\u00f6rgl\u00f6mlig.<\/p><h3>2. Passar n\u00e4r som helst och vid alla tillf\u00e4llen<\/h3><p>Oavsett om du promenerar p\u00e5 gatorna i Paris eller \u00e4r p\u00e5 semester p\u00e5 stranden i s\u00f6dra Frankrike \u00e4r en <strong>cigarett puff JNR Falcon 16000 Blue Razz Cherry<\/strong> kan f\u00f6rs\u00e4tta dig i en avslappnad och behaglig atmosf\u00e4r. Den \u00e4r varken f\u00f6r s\u00f6t eller f\u00f6r skarp, bara den r\u00e4tta blandningen av fruktig friskhet och r\u00f6kig tillfredsst\u00e4llelse.<\/p>\t\t\t\t\t\t\t\t<\/div>\n\t\t\t\t<\/div>\n\t\t\t\t\t<\/div>\n\t\t\t\t<\/div>\n\t\t\t\t<\/div>","protected":false},"excerpt":{"rendered":"<p>JNR Falcon 16000 Bleu Razz Cerise Imaginez-vous assis au bord de la Seine \u00e0 Paris, avec la brise qui souffle doucement, et le JNR Falcon 16000 Blue Razz Cherry dans votre main exhalant lentement un filet de fum\u00e9e m\u00e9lang\u00e9 \u00e0 des myrtilles et des framboises, puis un soup\u00e7on de douceur de cerise \u00e9merge tranquillement. Il [&hellip;]<\/p>\n","protected":false},"featured_media":1556,"comment_status":"open","ping_status":"closed","template":"","meta":{"site-sidebar-layout":"no-sidebar","site-content-layout":"page-builder","ast-site-content-layout":"normal-width-container","site-content-style":"default","site-sidebar-style":"default","ast-global-header-display":"","ast-banner-title-visibility":"","ast-main-header-display":"","ast-hfb-above-header-display":"","ast-hfb-below-header-display":"","ast-hfb-mobile-header-display":"","site-post-title":"disabled","ast-breadcrumbs-content":"","ast-featured-img":"disabled","footer-sml-layout":"","ast-disable-related-posts":"","theme-transparent-header-meta":"default","adv-header-id-meta":"","stick-header-meta":"default","header-above-stick-meta":"","header-main-stick-meta":"","header-below-stick-meta":"","astra-migrate-meta-layouts":"set","ast-page-background-enabled":"default","ast-page-background-meta":{"desktop":{"background-color":"","background-image":"","background-repeat":"repeat","background-position":"center center","background-size":"auto","background-attachment":"scroll","background-type":"","background-media":"","overlay-type":"","overlay-color":"","overlay-opacity":"","overlay-gradient":""},"tablet":{"background-color":"","background-image":"","background-repeat":"repeat","background-position":"center center","background-size":"auto","background-attachment":"scroll","background-type":"","background-media":"","overlay-type":"","overlay-color":"","overlay-opacity":"","overlay-gradient":""},"mobile":{"background-color":"","background-image":"","background-repeat":"repeat","background-position":"center center","background-size":"auto","background-attachment":"scroll","background-type":"","background-media":"","overlay-type":"","overlay-color":"","overlay-opacity":"","overlay-gradient":""}},"ast-content-background-meta":{"desktop":{"background-color":"var(--ast-global-color-5)","background-image":"","background-repeat":"repeat","background-position":"center center","background-size":"auto","background-attachment":"scroll","background-type":"","background-media":"","overlay-type":"","overlay-color":"","overlay-opacity":"","overlay-gradient":""},"tablet":{"background-color":"var(--ast-global-color-5)","background-image":"","background-repeat":"repeat","background-position":"center center","background-size":"auto","background-attachment":"scroll","background-type":"","background-media":"","overlay-type":"","overlay-color":"","overlay-opacity":"","overlay-gradient":""},"mobile":{"background-color":"var(--ast-global-color-5)","background-image":"","background-repeat":"repeat","background-position":"center center","background-size":"auto","background-attachment":"scroll","background-type":"","background-media":"","overlay-type":"","overlay-color":"","overlay-opacity":"","overlay-gradient":""}}},"product_brand":[30],"product_cat":[15,81,77,36],"product_tag":[],"class_list":{"0":"post-1868","1":"product","2":"type-product","3":"status-publish","4":"has-post-thumbnail","6":"product_brand-jnr","7":"product_cat-magasin-cigarette-electronique","8":"product_cat-puff-16k","9":"product_cat-entrepot-de-lue","10":"product_cat-jnr-16k","11":"desktop-align-center","12":"tablet-align-center","13":"mobile-align-center","14":"ast-product-gallery-layout-horizontal","15":"ast-product-gallery-with-no-image","16":"ast-product-single-variable","17":"ast-product-tabs-layout-horizontal","18":"ast-qv-on-image","20":"first","21":"instock","22":"sale","23":"shipping-taxable","24":"purchasable","25":"product-type-variable","26":"has-default-attributes"},"tiered_pricing_type":"fixed","tiered_pricing_fixed_rules":{"30":9.88,"60":9.26,"100":8.06,"200":7.38,"500":6.98,"1000":6.8},"tiered_pricing_product_settings":{"layout":"default","base_unit_name":{"singular":null,"plural":null},"default_variation":null},"tiered_pricing_minimum_quantity":null,"tiered_pricing_roles_data":[],"tiered_pricing_percentage_rules":[],"_links":{"self":[{"href":"https:\/\/puffvapestore.com\/sv\/wp-json\/wp\/v2\/product\/1868","targetHints":{"allow":["GET"]}}],"collection":[{"href":"https:\/\/puffvapestore.com\/sv\/wp-json\/wp\/v2\/product"}],"about":[{"href":"https:\/\/puffvapestore.com\/sv\/wp-json\/wp\/v2\/types\/product"}],"replies":[{"embeddable":true,"href":"https:\/\/puffvapestore.com\/sv\/wp-json\/wp\/v2\/comments?post=1868"}],"version-history":[{"count":16,"href":"https:\/\/puffvapestore.com\/sv\/wp-json\/wp\/v2\/product\/1868\/revisions"}],"predecessor-version":[{"id":17673,"href":"https:\/\/puffvapestore.com\/sv\/wp-json\/wp\/v2\/product\/1868\/revisions\/17673"}],"wp:featuredmedia":[{"embeddable":true,"href":"https:\/\/puffvapestore.com\/sv\/wp-json\/wp\/v2\/media\/1556"}],"wp:attachment":[{"href":"https:\/\/puffvapestore.com\/sv\/wp-json\/wp\/v2\/media?parent=1868"}],"wp:term":[{"taxonomy":"product_brand","embeddable":true,"href":"https:\/\/puffvapestore.com\/sv\/wp-json\/wp\/v2\/product_brand?post=1868"},{"taxonomy":"product_cat","embeddable":true,"href":"https:\/\/puffvapestore.com\/sv\/wp-json\/wp\/v2\/product_cat?post=1868"},{"taxonomy":"product_tag","embeddable":true,"href":"https:\/\/puffvapestore.com\/sv\/wp-json\/wp\/v2\/product_tag?post=1868"}],"curies":[{"name":"wp","href":"https:\/\/api.w.org\/{rel}","templated":true}]}}