{"id":1854,"date":"2025-03-31T02:49:42","date_gmt":"2025-03-31T02:49:42","guid":{"rendered":"https:\/\/puffvapestore.com\/?post_type=product&#038;p=1854"},"modified":"2026-04-20T11:03:27","modified_gmt":"2026-04-20T11:03:27","slug":"jnr-falcon-16000-cola-ice","status":"publish","type":"product","link":"https:\/\/puffvapestore.com\/sv\/product\/jnr-falcon-16000-cola-is\/","title":{"rendered":"JNR Falcon 16000 Cola Ice"},"content":{"rendered":"<div data-elementor-type=\"wp-post\" data-elementor-id=\"1854\" class=\"elementor elementor-1854\">\n\t\t\t\t<div class=\"elementor-element elementor-element-824a998 e-flex e-con-boxed e-con e-parent\" data-id=\"824a998\" data-element_type=\"container\" data-e-type=\"container\">\n\t\t\t\t\t<div class=\"e-con-inner\">\n\t\t\t\t<div class=\"elementor-element elementor-element-55fd5fa elementor-widget elementor-widget-text-editor\" data-id=\"55fd5fa\" data-element_type=\"widget\" data-e-type=\"widget\" data-widget_type=\"text-editor.default\">\n\t\t\t\t<div class=\"elementor-widget-container\">\n\t\t\t\t\t\t\t\t\t<h2>JNR Falcon 16000 Cola Ice<\/h2><p>I Frankrike \u00e4r ett glas kyld Coca-Cola en njutning som m\u00e5nga tycker \u00e4r oemotst\u00e5ndlig. Oavsett om det \u00e4r p\u00e5 ett utomhuscaf\u00e9 en sommareftermiddag eller en sen kv\u00e4ll med v\u00e4nner, lockar den v\u00e4lbekanta s\u00f6ta, fr\u00e4scha smaken med l\u00e4tt bubblande bubblor alltid m\u00e4nniskor att dr\u00f6ja kvar. Fr\u00e5n och med nu, <strong>JNR Falcon 16000 - Cola Ice<\/strong> kan ge den klassiska upplevelsen till din elektroniska cigarett, s\u00e5 att du kan njuta av den v\u00e4lbekanta uppfriskande smaken n\u00e4r som helst, var som helst!<\/p>\t\t\t\t\t\t\t\t<\/div>\n\t\t\t\t<\/div>\n\t\t\t\t\t<\/div>\n\t\t\t\t<\/div>\n\t\t<div class=\"elementor-element elementor-element-942ccb0 e-flex e-con-boxed e-con e-parent\" data-id=\"942ccb0\" data-element_type=\"container\" data-e-type=\"container\">\n\t\t\t\t\t<div class=\"e-con-inner\">\n\t\t<div class=\"elementor-element elementor-element-577deeb e-con-full e-flex e-con e-child\" data-id=\"577deeb\" data-element_type=\"container\" data-e-type=\"container\">\n\t\t\t\t<div class=\"elementor-element elementor-element-5d167cf elementor-widget elementor-widget-text-editor\" data-id=\"5d167cf\" data-element_type=\"widget\" data-e-type=\"widget\" data-widget_type=\"text-editor.default\">\n\t\t\t\t<div class=\"elementor-widget-container\">\n\t\t\t\t\t\t\t\t\t<h2>Detaljer om JNR Falcon 16000 Cola Ice<\/h2><p>Puffar : Upp till 16.000 puffar<br \/>V\u00e4tska: 22 ml<br \/>Nikotinniv\u00e5er: 0 %, 2 %, 5 %<br \/>Resistans: 1,0 ohm<br \/>Batterikapacitet: 850 mAh<br \/>Laddning: Typ-C<br \/>Dubbelt n\u00e4t och dubbelt k\u00e4rnmotst\u00e5nd<br \/>M\u00e5tt: 53,5 x 32 x 110 mm<\/p>\t\t\t\t\t\t\t\t<\/div>\n\t\t\t\t<\/div>\n\t\t\t\t<\/div>\n\t\t<div class=\"elementor-element elementor-element-d5e4b56 e-con-full e-flex e-con e-child\" data-id=\"d5e4b56\" data-element_type=\"container\" data-e-type=\"container\">\n\t\t\t\t<div class=\"elementor-element elementor-element-381dfcb elementor-widget elementor-widget-image-gallery\" data-id=\"381dfcb\" data-element_type=\"widget\" data-e-type=\"widget\" data-widget_type=\"image-gallery.default\">\n\t\t\t\t<div class=\"elementor-widget-container\">\n\t\t\t\t\t\t\t<div class=\"elementor-image-gallery\">\n\t\t\t<div id='gallery-1' class='gallery galleryid-1854 gallery-columns-1 gallery-size-medium_large'><figure class='gallery-item'>\n\t\t\t<div class='gallery-icon portrait'>\n\t\t\t\t<img fetchpriority=\"high\" decoding=\"async\" width=\"654\" height=\"690\" src=\"https:\/\/puffvapestore.com\/wp-content\/uploads\/2025\/03\/pvajf16000-18.jpg\" class=\"attachment-medium_large size-medium_large\" alt=\"JNR Falcon 16K Cola Ice\" aria-describedby=\"gallery-1-1565\" srcset=\"https:\/\/puffvapestore.com\/wp-content\/uploads\/2025\/03\/pvajf16000-18.jpg 654w, https:\/\/puffvapestore.com\/wp-content\/uploads\/2025\/03\/pvajf16000-18-284x300.jpg 284w, https:\/\/puffvapestore.com\/wp-content\/uploads\/2025\/03\/pvajf16000-18-600x633.jpg 600w\" sizes=\"(max-width: 654px) 100vw, 654px\" \/>\n\t\t\t<\/div>\n\t\t\t\t<figcaption class='wp-caption-text gallery-caption' id='gallery-1-1565'>\n\t\t\t\tJNR Falcon 16K Cola Ice\n\t\t\t\t<\/figcaption><\/figure>\n\t\t<\/div>\n\t\t<\/div>\n\t\t\t\t\t\t<\/div>\n\t\t\t\t<\/div>\n\t\t\t\t<\/div>\n\t\t\t\t\t<\/div>\n\t\t\t\t<\/div>\n\t\t<div class=\"elementor-element elementor-element-7926c6b e-flex e-con-boxed e-con e-parent\" data-id=\"7926c6b\" data-element_type=\"container\" data-e-type=\"container\">\n\t\t\t\t\t<div class=\"e-con-inner\">\n\t\t\t\t<div class=\"elementor-element elementor-element-2b41948 elementor-widget elementor-widget-text-editor\" data-id=\"2b41948\" data-element_type=\"widget\" data-e-type=\"widget\" data-widget_type=\"text-editor.default\">\n\t\t\t\t<div class=\"elementor-widget-container\">\n\t\t\t\t\t\t\t\t\t<h2>Cola Ice: F\u00f6rvandlar minnets f\u00e4rskhet till \u00e5nga<\/h2><p>Kommer du ih\u00e5g f\u00f6rsta g\u00e5ngen du \u00f6ppnade en kyld burk Coca-Cola? S\u00f6tman fr\u00e5n karamellen med en subtil citrusarom, blandad med de friska bubblorna, tr\u00e4ffar smakl\u00f6karna, skingrar omedelbart v\u00e4rmen och f\u00e5r dig att vilja ta en klunk till. La <strong>elektronisk cigarett JNR Falcon 16000 - Cola Ice<\/strong> \u00e5terger denna upplevelse perfekt och l\u00e4gger till en extra touch av is, vilket g\u00f6r att varje inandning av r\u00f6k blir som ett uppfriskande andetag mitt i natten och omedelbart v\u00e4cker dina smakl\u00f6kar!<\/p><ul><li><strong>Riktig cola-smak<\/strong> Den fylliga karamellen, den l\u00e4tta citrussmaken och den perfekta kombinationen av den klassiska \u00abl\u00e4skk\u00e4nslan\u00bb.<\/li><li><strong>Cool uppgradering<\/strong> Precis r\u00e4tt m\u00e4ngd friskhet, som en burk cola precis ur kylsk\u00e5pet, stimulerande men inte irriterande f\u00f6r halsen, uppfriskande men inte f\u00f6r stimulerande.<\/li><li><strong>L\u00e5ngvarig eftersmak<\/strong> Cola Ice: Till skillnad fr\u00e5n riktig cola, som blir intets\u00e4gande n\u00e4r isen sm\u00e4lter, f\u00f6rblir smaken p\u00e5 denna Cola Ice e-cigarett stabil fr\u00e5n f\u00f6rsta till sista blosset och ger alltid ren smakupplevelse.<\/li><\/ul><h3>Varf\u00f6r \u00e4r Cola Ice-smaken s\u00e5 popul\u00e4r i Frankrike?<\/h3><p>Fransm\u00e4nnen \u00e4r k\u00e4nda f\u00f6r sin str\u00e4van efter smak, och det \u00e4r ingen slump att Cola Ice har vunnit \u00f6ver kr\u00e4sna franska e-cigarettfans.<\/p><h4>1. Det r\u00e5der ingen brist p\u00e5 klassiker som v\u00e4cker nostalgi<\/h4><p>Coke \u00e4r inte bara en dryck, det \u00e4r ett kollektivt minne. Fr\u00e5n barndomens f\u00f6delsedagsfester till ton\u00e5rens biosnacks och vuxenlivets eftermiddagssestor b\u00e4r smaken av Coca-Cola med sig minnen av gl\u00e4dje, frihet och h\u00e4nsynsl\u00f6shet. <strong>JNR Falcon 16000 - Cola Ice<\/strong> g\u00f6r att m\u00e4nniskor kan framkalla dessa underbara minnen varje g\u00e5ng de andas in r\u00f6ken, som om de steg tillbaka i tiden till den sorgl\u00f6sa sommareftermiddagen.<\/p><h4>2. L\u00e4mplig f\u00f6r alla tillf\u00e4llen, ett m\u00e5ngsidigt val<\/h4><p>Till skillnad fr\u00e5n vissa starka eller komplexa smaker som kr\u00e4ver en specifik st\u00e4mning eller scen f\u00f6r att avnjutas, \u00e4r Cola Ice den typ av elektronisk cigarettsmak som kan ge njutning n\u00e4r som helst, var som helst. Oavsett om det \u00e4r ett bloss p\u00e5 morgonen f\u00f6r att fr\u00e4scha upp dig, en aning svalka p\u00e5 eftermiddagen eller en stunds avkoppling p\u00e5 kv\u00e4llen, passar den perfekt f\u00f6r att g\u00f6ra din upplevelse konsekvent.<\/p>\t\t\t\t\t\t\t\t<\/div>\n\t\t\t\t<\/div>\n\t\t\t\t\t<\/div>\n\t\t\t\t<\/div>\n\t\t\t\t<\/div>","protected":false},"excerpt":{"rendered":"<p>JNR Falcon 16000 Cola Ice En France, d\u00e9guster un verre de Coca-Cola bien frais est un plaisir que beaucoup de gens trouvent irr\u00e9sistible. Qu&rsquo;il s&rsquo;agisse d&rsquo;un caf\u00e9 en plein air un apr\u00e8s-midi d&rsquo;\u00e9t\u00e9 ou d&rsquo;une discussion avec des amis tard le soir, le go\u00fbt familier, sucr\u00e9 et frais, avec des bulles l\u00e9g\u00e8rement sautillantes, incite toujours [&hellip;]<\/p>\n","protected":false},"featured_media":1565,"comment_status":"open","ping_status":"closed","template":"","meta":{"site-sidebar-layout":"no-sidebar","site-content-layout":"page-builder","ast-site-content-layout":"normal-width-container","site-content-style":"default","site-sidebar-style":"default","ast-global-header-display":"","ast-banner-title-visibility":"","ast-main-header-display":"","ast-hfb-above-header-display":"","ast-hfb-below-header-display":"","ast-hfb-mobile-header-display":"","site-post-title":"disabled","ast-breadcrumbs-content":"","ast-featured-img":"disabled","footer-sml-layout":"","ast-disable-related-posts":"","theme-transparent-header-meta":"default","adv-header-id-meta":"","stick-header-meta":"default","header-above-stick-meta":"","header-main-stick-meta":"","header-below-stick-meta":"","astra-migrate-meta-layouts":"set","ast-page-background-enabled":"default","ast-page-background-meta":{"desktop":{"background-color":"","background-image":"","background-repeat":"repeat","background-position":"center center","background-size":"auto","background-attachment":"scroll","background-type":"","background-media":"","overlay-type":"","overlay-color":"","overlay-opacity":"","overlay-gradient":""},"tablet":{"background-color":"","background-image":"","background-repeat":"repeat","background-position":"center center","background-size":"auto","background-attachment":"scroll","background-type":"","background-media":"","overlay-type":"","overlay-color":"","overlay-opacity":"","overlay-gradient":""},"mobile":{"background-color":"","background-image":"","background-repeat":"repeat","background-position":"center center","background-size":"auto","background-attachment":"scroll","background-type":"","background-media":"","overlay-type":"","overlay-color":"","overlay-opacity":"","overlay-gradient":""}},"ast-content-background-meta":{"desktop":{"background-color":"var(--ast-global-color-5)","background-image":"","background-repeat":"repeat","background-position":"center center","background-size":"auto","background-attachment":"scroll","background-type":"","background-media":"","overlay-type":"","overlay-color":"","overlay-opacity":"","overlay-gradient":""},"tablet":{"background-color":"var(--ast-global-color-5)","background-image":"","background-repeat":"repeat","background-position":"center center","background-size":"auto","background-attachment":"scroll","background-type":"","background-media":"","overlay-type":"","overlay-color":"","overlay-opacity":"","overlay-gradient":""},"mobile":{"background-color":"var(--ast-global-color-5)","background-image":"","background-repeat":"repeat","background-position":"center center","background-size":"auto","background-attachment":"scroll","background-type":"","background-media":"","overlay-type":"","overlay-color":"","overlay-opacity":"","overlay-gradient":""}}},"product_brand":[30],"product_cat":[15,81,77,36],"product_tag":[],"class_list":{"0":"post-1854","1":"product","2":"type-product","3":"status-publish","4":"has-post-thumbnail","6":"product_brand-jnr","7":"product_cat-magasin-cigarette-electronique","8":"product_cat-puff-16k","9":"product_cat-entrepot-de-lue","10":"product_cat-jnr-16k","11":"desktop-align-center","12":"tablet-align-center","13":"mobile-align-center","14":"ast-product-gallery-layout-horizontal","15":"ast-product-gallery-with-no-image","16":"ast-product-single-variable","17":"ast-product-tabs-layout-horizontal","18":"ast-qv-on-image","20":"first","21":"instock","22":"sale","23":"shipping-taxable","24":"purchasable","25":"product-type-variable","26":"has-default-attributes"},"tiered_pricing_type":"fixed","tiered_pricing_fixed_rules":{"30":9.88,"60":9.26,"100":8.06,"200":7.38,"500":6.98,"1000":6.8},"tiered_pricing_product_settings":{"layout":"default","base_unit_name":{"singular":null,"plural":null},"default_variation":null},"tiered_pricing_minimum_quantity":null,"tiered_pricing_roles_data":[],"tiered_pricing_percentage_rules":[],"_links":{"self":[{"href":"https:\/\/puffvapestore.com\/sv\/wp-json\/wp\/v2\/product\/1854","targetHints":{"allow":["GET"]}}],"collection":[{"href":"https:\/\/puffvapestore.com\/sv\/wp-json\/wp\/v2\/product"}],"about":[{"href":"https:\/\/puffvapestore.com\/sv\/wp-json\/wp\/v2\/types\/product"}],"replies":[{"embeddable":true,"href":"https:\/\/puffvapestore.com\/sv\/wp-json\/wp\/v2\/comments?post=1854"}],"version-history":[{"count":16,"href":"https:\/\/puffvapestore.com\/sv\/wp-json\/wp\/v2\/product\/1854\/revisions"}],"predecessor-version":[{"id":17681,"href":"https:\/\/puffvapestore.com\/sv\/wp-json\/wp\/v2\/product\/1854\/revisions\/17681"}],"wp:featuredmedia":[{"embeddable":true,"href":"https:\/\/puffvapestore.com\/sv\/wp-json\/wp\/v2\/media\/1565"}],"wp:attachment":[{"href":"https:\/\/puffvapestore.com\/sv\/wp-json\/wp\/v2\/media?parent=1854"}],"wp:term":[{"taxonomy":"product_brand","embeddable":true,"href":"https:\/\/puffvapestore.com\/sv\/wp-json\/wp\/v2\/product_brand?post=1854"},{"taxonomy":"product_cat","embeddable":true,"href":"https:\/\/puffvapestore.com\/sv\/wp-json\/wp\/v2\/product_cat?post=1854"},{"taxonomy":"product_tag","embeddable":true,"href":"https:\/\/puffvapestore.com\/sv\/wp-json\/wp\/v2\/product_tag?post=1854"}],"curies":[{"name":"wp","href":"https:\/\/api.w.org\/{rel}","templated":true}]}}