{"id":1840,"date":"2025-03-28T13:25:09","date_gmt":"2025-03-28T13:25:09","guid":{"rendered":"https:\/\/puffvapestore.com\/?post_type=product&#038;p=1840"},"modified":"2026-04-20T11:03:41","modified_gmt":"2026-04-20T11:03:41","slug":"puff-jnr-falcon-16000-watermelon-bubblegum","status":"publish","type":"product","link":"https:\/\/puffvapestore.com\/sv\/product\/puff-jnr-falcon-16000-vattenmelon-bubbelgum\/","title":{"rendered":"Puff JNR Falcon 16000 Vattenmelon Bubblegum"},"content":{"rendered":"<div data-elementor-type=\"wp-post\" data-elementor-id=\"1840\" class=\"elementor elementor-1840\">\n\t\t\t\t<div class=\"elementor-element elementor-element-824a998 e-flex e-con-boxed e-con e-parent\" data-id=\"824a998\" data-element_type=\"container\" data-e-type=\"container\">\n\t\t\t\t\t<div class=\"e-con-inner\">\n\t\t\t\t<div class=\"elementor-element elementor-element-55fd5fa elementor-widget elementor-widget-text-editor\" data-id=\"55fd5fa\" data-element_type=\"widget\" data-e-type=\"widget\" data-widget_type=\"text-editor.default\">\n\t\t\t\t<div class=\"elementor-widget-container\">\n\t\t\t\t\t\t\t\t\t<h2>Puff JNR Falcon 16000 Vattenmelon Bubblegum<\/h2><p>I Frankrike \u00e4r den elektroniska cigaretten inte bara ett alternativ till r\u00f6kavv\u00e4njning, utan ocks\u00e5 en stil, en attityd och ett smak\u00e4ventyr. Bes\u00f6k <strong>Vattenmelon Bubblegum smak fr\u00e5n JNR Falcon 16000<\/strong> \u00e4r det perfekta exemplet p\u00e5 detta \u00e4ventyr. Det \u00e4r inte bara en elektronisk cigarett, det \u00e4r en resa tillbaka i tiden av smak. En r\u00f6kpuff tar dig tillbaka till din sorgl\u00f6sa barndom, och en r\u00f6kpuff kastar dig in i s\u00f6ta minnen av sommareftermiddagar.<\/p>\t\t\t\t\t\t\t\t<\/div>\n\t\t\t\t<\/div>\n\t\t\t\t\t<\/div>\n\t\t\t\t<\/div>\n\t\t<div class=\"elementor-element elementor-element-942ccb0 e-flex e-con-boxed e-con e-parent\" data-id=\"942ccb0\" data-element_type=\"container\" data-e-type=\"container\">\n\t\t\t\t\t<div class=\"e-con-inner\">\n\t\t<div class=\"elementor-element elementor-element-577deeb e-con-full e-flex e-con e-child\" data-id=\"577deeb\" data-element_type=\"container\" data-e-type=\"container\">\n\t\t\t\t<div class=\"elementor-element elementor-element-5d167cf elementor-widget elementor-widget-text-editor\" data-id=\"5d167cf\" data-element_type=\"widget\" data-e-type=\"widget\" data-widget_type=\"text-editor.default\">\n\t\t\t\t<div class=\"elementor-widget-container\">\n\t\t\t\t\t\t\t\t\t<h2>Detaljer om JNR Falcon 16000 Vattenmelon Bubblegum<\/h2><p>Puffar : Upp till 16.000 puffar<br \/>V\u00e4tska: 22 ml<br \/>Nikotinniv\u00e5er: 0 %, 2 %, 5 %<br \/>Resistans: 1,0 ohm<br \/>Batterikapacitet: 850 mAh<br \/>Laddning: Typ-C<br \/>Dubbelt n\u00e4t och dubbelt k\u00e4rnmotst\u00e5nd<br \/>M\u00e5tt: 53,5 x 32 x 110 mm<\/p>\t\t\t\t\t\t\t\t<\/div>\n\t\t\t\t<\/div>\n\t\t\t\t<\/div>\n\t\t<div class=\"elementor-element elementor-element-d5e4b56 e-con-full e-flex e-con e-child\" data-id=\"d5e4b56\" data-element_type=\"container\" data-e-type=\"container\">\n\t\t\t\t<div class=\"elementor-element elementor-element-381dfcb elementor-widget elementor-widget-image-gallery\" data-id=\"381dfcb\" data-element_type=\"widget\" data-e-type=\"widget\" data-widget_type=\"image-gallery.default\">\n\t\t\t\t<div class=\"elementor-widget-container\">\n\t\t\t\t\t\t\t<div class=\"elementor-image-gallery\">\n\t\t\t<div id='gallery-1' class='gallery galleryid-1840 gallery-columns-1 gallery-size-medium_large'><figure class='gallery-item'>\n\t\t\t<div class='gallery-icon portrait'>\n\t\t\t\t<img fetchpriority=\"high\" decoding=\"async\" width=\"654\" height=\"690\" src=\"https:\/\/puffvapestore.com\/wp-content\/uploads\/2025\/03\/pvajf16000-4.jpg\" class=\"attachment-medium_large size-medium_large\" alt=\"JNR Falcon 16K Vattenmelon Bubblegum\" aria-describedby=\"gallery-1-1551\" srcset=\"https:\/\/puffvapestore.com\/wp-content\/uploads\/2025\/03\/pvajf16000-4.jpg 654w, https:\/\/puffvapestore.com\/wp-content\/uploads\/2025\/03\/pvajf16000-4-284x300.jpg 284w, https:\/\/puffvapestore.com\/wp-content\/uploads\/2025\/03\/pvajf16000-4-600x633.jpg 600w\" sizes=\"(max-width: 654px) 100vw, 654px\" \/>\n\t\t\t<\/div>\n\t\t\t\t<figcaption class='wp-caption-text gallery-caption' id='gallery-1-1551'>\n\t\t\t\tJNR Falcon 16K Vattenmelon Bubblegum\n\t\t\t\t<\/figcaption><\/figure>\n\t\t<\/div>\n\t\t<\/div>\n\t\t\t\t\t\t<\/div>\n\t\t\t\t<\/div>\n\t\t\t\t<\/div>\n\t\t\t\t\t<\/div>\n\t\t\t\t<\/div>\n\t\t<div class=\"elementor-element elementor-element-7926c6b e-flex e-con-boxed e-con e-parent\" data-id=\"7926c6b\" data-element_type=\"container\" data-e-type=\"container\">\n\t\t\t\t\t<div class=\"e-con-inner\">\n\t\t\t\t<div class=\"elementor-element elementor-element-2b41948 elementor-widget elementor-widget-text-editor\" data-id=\"2b41948\" data-element_type=\"widget\" data-e-type=\"widget\" data-widget_type=\"text-editor.default\">\n\t\t\t\t<div class=\"elementor-widget-container\">\n\t\t\t\t\t\t\t\t\t<h2>N\u00e4r den uppfriskande smaken av vattenmelon m\u00f6ter s\u00f6tman av tuggummi<\/h2><p>F\u00f6rest\u00e4ll dig sj\u00e4lv i solskenet i s\u00f6dra Frankrike, med en bit saftig, nyskuren vattenmelon i handen, med dess s\u00f6ta doft som fyller luften. Och den vattenmelon tuggummismaken \u00e4r som att f\u00f6rsegla den sommarf\u00e4rskheten i varje r\u00f6kpuff.<\/p><p><strong>S\u00e5 snart du tar ditt f\u00f6rsta bloss f\u00e5r du en uppfriskande smak av vattenmelonjuice.<\/strong><br \/>Balansen mellan syra och s\u00f6tma \u00e4r perfekt, precis som en vattenmelon f\u00e4rsk fr\u00e5n kylsk\u00e5pet, med en subtil saftighet som omedelbart fr\u00e4schar upp.<\/p><p><strong>Sedan d\u00f6k s\u00f6tman av tuggummi l\u00e5ngsamt upp<\/strong><br \/>Kommer du ih\u00e5g gl\u00e4djen i att tugga tuggummi n\u00e4r du var barn? Den luftiga s\u00f6tman dr\u00f6jer sig kvar l\u00e4nge i munnen och ger dig en k\u00e4nsla av fullst\u00e4ndig tillfredsst\u00e4llelse. Den h\u00e4r e-cigaretten \u00e5terskapar den k\u00e4nslan perfekt och f\u00e5r dig att vilja ta bloss efter bloss.<\/p><p><strong>Slutligen \u00e4r eftersmaken av vattenmelon och tuggummi sammanfl\u00e4tad.<\/strong><br \/>Den \u00e4r varken f\u00f6r s\u00f6t eller f\u00f6r snabb och l\u00e4mnar en best\u00e5ende s\u00f6tma som g\u00f6r varje utandningsr\u00f6k till en fest f\u00f6r smakl\u00f6karna.<\/p><h3>Den franska filosofin om den elektroniska cigaretten: en uts\u00f6kt smakupplevelse<\/h3><p>Fransm\u00e4nnen \u00e4gnar stor uppm\u00e4rksamhet \u00e5t mat, smak och livets ritualer. Bes\u00f6ka <strong>flavour JNR Falcon 16000 Vattenmelon Bubblegum<\/strong> \u00e4r utformad f\u00f6r denna typ av uts\u00f6kthet. Det \u00e4r inte bara en elektronisk cigarett, det \u00e4r en \u00abjoie de vivre\u00bb.<\/p><p>I Paris - n\u00e4r du promenerar l\u00e4ngs Seine, njut av denna e-cigarett med sina barndomsminnen och k\u00e4nn den s\u00f6ta blandningen av romantik och smaken av staden.<\/p><p>I s\u00f6dra Frankrike - N\u00e4r solen g\u00e5r ner, med ett glas iskall lemonad i handen och en doft av <strong>Puff JNR Falcon 16000 Vattenmelon Bubblegum<\/strong> g\u00f6r smaken av sommaren mer komplett.<\/p><p>Carnival - Kommer du ih\u00e5g k\u00e4nslan av att tugga tuggummi i en n\u00f6jespark som barn och ot\u00e5ligt v\u00e4nta p\u00e5 att det stora hjulet ska g\u00e5 upp? Denna elektroniska cigarett kan omedelbart ta dig tillbaka till det bekymmersl\u00f6sa \u00f6gonblicket.<\/p>\t\t\t\t\t\t\t\t<\/div>\n\t\t\t\t<\/div>\n\t\t\t\t\t<\/div>\n\t\t\t\t<\/div>\n\t\t\t\t<\/div>","protected":false},"excerpt":{"rendered":"<p>Puff JNR Falcon 16000 Past\u00e8que Bubblegum En France, la cigarette \u00e9lectronique n\u2019est pas seulement une alternative au sevrage tabagique, mais aussi un style, une attitude et une aventure gustative. La saveur Watermelon Bubblegum du JNR Falcon 16000 est l&rsquo;exemple parfait de cette aventure. Ce n\u2019est pas seulement une cigarette \u00e9lectronique, mais aussi un voyage dans [&hellip;]<\/p>\n","protected":false},"featured_media":1551,"comment_status":"open","ping_status":"closed","template":"","meta":{"site-sidebar-layout":"no-sidebar","site-content-layout":"page-builder","ast-site-content-layout":"normal-width-container","site-content-style":"default","site-sidebar-style":"default","ast-global-header-display":"","ast-banner-title-visibility":"","ast-main-header-display":"","ast-hfb-above-header-display":"","ast-hfb-below-header-display":"","ast-hfb-mobile-header-display":"","site-post-title":"disabled","ast-breadcrumbs-content":"","ast-featured-img":"disabled","footer-sml-layout":"","ast-disable-related-posts":"","theme-transparent-header-meta":"default","adv-header-id-meta":"","stick-header-meta":"default","header-above-stick-meta":"","header-main-stick-meta":"","header-below-stick-meta":"","astra-migrate-meta-layouts":"set","ast-page-background-enabled":"default","ast-page-background-meta":{"desktop":{"background-color":"","background-image":"","background-repeat":"repeat","background-position":"center center","background-size":"auto","background-attachment":"scroll","background-type":"","background-media":"","overlay-type":"","overlay-color":"","overlay-opacity":"","overlay-gradient":""},"tablet":{"background-color":"","background-image":"","background-repeat":"repeat","background-position":"center center","background-size":"auto","background-attachment":"scroll","background-type":"","background-media":"","overlay-type":"","overlay-color":"","overlay-opacity":"","overlay-gradient":""},"mobile":{"background-color":"","background-image":"","background-repeat":"repeat","background-position":"center center","background-size":"auto","background-attachment":"scroll","background-type":"","background-media":"","overlay-type":"","overlay-color":"","overlay-opacity":"","overlay-gradient":""}},"ast-content-background-meta":{"desktop":{"background-color":"var(--ast-global-color-5)","background-image":"","background-repeat":"repeat","background-position":"center center","background-size":"auto","background-attachment":"scroll","background-type":"","background-media":"","overlay-type":"","overlay-color":"","overlay-opacity":"","overlay-gradient":""},"tablet":{"background-color":"var(--ast-global-color-5)","background-image":"","background-repeat":"repeat","background-position":"center center","background-size":"auto","background-attachment":"scroll","background-type":"","background-media":"","overlay-type":"","overlay-color":"","overlay-opacity":"","overlay-gradient":""},"mobile":{"background-color":"var(--ast-global-color-5)","background-image":"","background-repeat":"repeat","background-position":"center center","background-size":"auto","background-attachment":"scroll","background-type":"","background-media":"","overlay-type":"","overlay-color":"","overlay-opacity":"","overlay-gradient":""}}},"product_brand":[30],"product_cat":[15,81,77,36],"product_tag":[],"class_list":{"0":"post-1840","1":"product","2":"type-product","3":"status-publish","4":"has-post-thumbnail","6":"product_brand-jnr","7":"product_cat-magasin-cigarette-electronique","8":"product_cat-puff-16k","9":"product_cat-entrepot-de-lue","10":"product_cat-jnr-16k","11":"desktop-align-center","12":"tablet-align-center","13":"mobile-align-center","14":"ast-product-gallery-layout-horizontal","15":"ast-product-gallery-with-no-image","16":"ast-product-single-variable","17":"ast-product-tabs-layout-horizontal","18":"ast-qv-on-image","20":"first","21":"instock","22":"sale","23":"shipping-taxable","24":"purchasable","25":"product-type-variable","26":"has-default-attributes"},"tiered_pricing_type":"fixed","tiered_pricing_fixed_rules":{"30":9.88,"60":9.26,"100":8.06,"200":7.38,"500":6.98,"1000":6.8},"tiered_pricing_product_settings":{"layout":"default","base_unit_name":{"singular":null,"plural":null},"default_variation":null},"tiered_pricing_minimum_quantity":null,"tiered_pricing_roles_data":[],"tiered_pricing_percentage_rules":[],"_links":{"self":[{"href":"https:\/\/puffvapestore.com\/sv\/wp-json\/wp\/v2\/product\/1840","targetHints":{"allow":["GET"]}}],"collection":[{"href":"https:\/\/puffvapestore.com\/sv\/wp-json\/wp\/v2\/product"}],"about":[{"href":"https:\/\/puffvapestore.com\/sv\/wp-json\/wp\/v2\/types\/product"}],"replies":[{"embeddable":true,"href":"https:\/\/puffvapestore.com\/sv\/wp-json\/wp\/v2\/comments?post=1840"}],"version-history":[{"count":16,"href":"https:\/\/puffvapestore.com\/sv\/wp-json\/wp\/v2\/product\/1840\/revisions"}],"predecessor-version":[{"id":17689,"href":"https:\/\/puffvapestore.com\/sv\/wp-json\/wp\/v2\/product\/1840\/revisions\/17689"}],"wp:featuredmedia":[{"embeddable":true,"href":"https:\/\/puffvapestore.com\/sv\/wp-json\/wp\/v2\/media\/1551"}],"wp:attachment":[{"href":"https:\/\/puffvapestore.com\/sv\/wp-json\/wp\/v2\/media?parent=1840"}],"wp:term":[{"taxonomy":"product_brand","embeddable":true,"href":"https:\/\/puffvapestore.com\/sv\/wp-json\/wp\/v2\/product_brand?post=1840"},{"taxonomy":"product_cat","embeddable":true,"href":"https:\/\/puffvapestore.com\/sv\/wp-json\/wp\/v2\/product_cat?post=1840"},{"taxonomy":"product_tag","embeddable":true,"href":"https:\/\/puffvapestore.com\/sv\/wp-json\/wp\/v2\/product_tag?post=1840"}],"curies":[{"name":"wp","href":"https:\/\/api.w.org\/{rel}","templated":true}]}}