{"id":1819,"date":"2025-03-26T01:55:05","date_gmt":"2025-03-26T01:55:05","guid":{"rendered":"https:\/\/puffvapestore.com\/?post_type=product&#038;p=1819"},"modified":"2026-04-20T11:06:44","modified_gmt":"2026-04-20T11:06:44","slug":"jnr-falcon-16000-cherry-berry","status":"publish","type":"product","link":"https:\/\/puffvapestore.com\/sv\/product\/jnr-falcon-16000-korsbarsbar\/","title":{"rendered":"JNR Falcon 16000 K\u00f6rsb\u00e4rsb\u00e4r"},"content":{"rendered":"<div data-elementor-type=\"wp-post\" data-elementor-id=\"1819\" class=\"elementor elementor-1819\">\n\t\t\t\t<div class=\"elementor-element elementor-element-824a998 e-flex e-con-boxed e-con e-parent\" data-id=\"824a998\" data-element_type=\"container\" data-e-type=\"container\">\n\t\t\t\t\t<div class=\"e-con-inner\">\n\t\t\t\t<div class=\"elementor-element elementor-element-55fd5fa elementor-widget elementor-widget-text-editor\" data-id=\"55fd5fa\" data-element_type=\"widget\" data-e-type=\"widget\" data-widget_type=\"text-editor.default\">\n\t\t\t\t<div class=\"elementor-widget-container\">\n\t\t\t\t\t\t\t\t\t<h2>JNR Falcon 16000 K\u00f6rsb\u00e4rsb\u00e4r<\/h2><p>I Frankrike \u00e4r det en konst att njuta av livet, och den elektroniska cigaretten <strong>JNR Falcon 16000 K\u00f6rsb\u00e4rsb\u00e4r<\/strong> \u00e4r f\u00f6rkroppsligandet av denna konst. Det \u00e4r inte bara en elektronisk cigarett, utan en smakresa, en uppslukande fruktig upplevelse som f\u00e5r varje r\u00f6kpuff att k\u00e4nnas som en festm\u00e5ltid med franska desserter.<\/p><h3>Den perfekta kombinationen av k\u00f6rsb\u00e4r och b\u00e4r f\u00e5r dina smakl\u00f6kar att dansa<\/h3><p>Om den franska k\u00e4rleken till god mat kunde destilleras till en enda vape-smak, skulle det vara <strong>K\u00f6rsb\u00e4rsb\u00e4r<\/strong>. K\u00f6rsb\u00e4rens l\u00e4tta syra och b\u00e4rens s\u00f6tma blandas som en omsorgsfullt tillredd fruktig cocktail, med den f\u00f6rsta k\u00e4rlekens uppfriskande stimulans och en l\u00e5ngvarig s\u00f6t eftersmak. Varje g\u00e5ng du andas in r\u00f6ken \u00e4r det en fest f\u00f6r sinnena, vilket f\u00e5r dig att k\u00e4nna att du \u00e4r i frukttr\u00e4dg\u00e5rdarna i Provence, med solen och doften av frukt.<\/p>\t\t\t\t\t\t\t\t<\/div>\n\t\t\t\t<\/div>\n\t\t\t\t\t<\/div>\n\t\t\t\t<\/div>\n\t\t<div class=\"elementor-element elementor-element-942ccb0 e-flex e-con-boxed e-con e-parent\" data-id=\"942ccb0\" data-element_type=\"container\" data-e-type=\"container\">\n\t\t\t\t\t<div class=\"e-con-inner\">\n\t\t<div class=\"elementor-element elementor-element-577deeb e-con-full e-flex e-con e-child\" data-id=\"577deeb\" data-element_type=\"container\" data-e-type=\"container\">\n\t\t\t\t<div class=\"elementor-element elementor-element-5d167cf elementor-widget elementor-widget-text-editor\" data-id=\"5d167cf\" data-element_type=\"widget\" data-e-type=\"widget\" data-widget_type=\"text-editor.default\">\n\t\t\t\t<div class=\"elementor-widget-container\">\n\t\t\t\t\t\t\t\t\t<h2>Detaljer om JNR Falcon 16000 Cherry Berry<\/h2><p>Puffar : Upp till 16.000 puffar<br \/>V\u00e4tska: 22 ml<br \/>Nikotinniv\u00e5er: 0 %, 2 %, 5 %<br \/>Resistans: 1,0 ohm<br \/>Batterikapacitet: 850 mAh<br \/>Laddning: Typ-C<br \/>Dubbelt n\u00e4t och dubbelt k\u00e4rnmotst\u00e5nd<br \/>M\u00e5tt: 53,5 x 32 x 110 mm<\/p>\t\t\t\t\t\t\t\t<\/div>\n\t\t\t\t<\/div>\n\t\t\t\t<\/div>\n\t\t<div class=\"elementor-element elementor-element-d5e4b56 e-con-full e-flex e-con e-child\" data-id=\"d5e4b56\" data-element_type=\"container\" data-e-type=\"container\">\n\t\t\t\t<div class=\"elementor-element elementor-element-381dfcb elementor-widget elementor-widget-image-gallery\" data-id=\"381dfcb\" data-element_type=\"widget\" data-e-type=\"widget\" data-widget_type=\"image-gallery.default\">\n\t\t\t\t<div class=\"elementor-widget-container\">\n\t\t\t\t\t\t\t<div class=\"elementor-image-gallery\">\n\t\t\t<div id='gallery-1' class='gallery galleryid-1819 gallery-columns-1 gallery-size-medium_large'><figure class='gallery-item'>\n\t\t\t<div class='gallery-icon portrait'>\n\t\t\t\t<img fetchpriority=\"high\" decoding=\"async\" width=\"654\" height=\"690\" src=\"https:\/\/puffvapestore.com\/wp-content\/uploads\/2025\/03\/pvajf16000-15.jpg\" class=\"attachment-medium_large size-medium_large\" alt=\"JNR Falcon 16K K\u00f6rsb\u00e4rsb\u00e4r\" aria-describedby=\"gallery-1-1562\" srcset=\"https:\/\/puffvapestore.com\/wp-content\/uploads\/2025\/03\/pvajf16000-15.jpg 654w, https:\/\/puffvapestore.com\/wp-content\/uploads\/2025\/03\/pvajf16000-15-284x300.jpg 284w, https:\/\/puffvapestore.com\/wp-content\/uploads\/2025\/03\/pvajf16000-15-600x633.jpg 600w\" sizes=\"(max-width: 654px) 100vw, 654px\" \/>\n\t\t\t<\/div>\n\t\t\t\t<figcaption class='wp-caption-text gallery-caption' id='gallery-1-1562'>\n\t\t\t\tJNR Falcon 16K K\u00f6rsb\u00e4rsb\u00e4r\n\t\t\t\t<\/figcaption><\/figure>\n\t\t<\/div>\n\t\t<\/div>\n\t\t\t\t\t\t<\/div>\n\t\t\t\t<\/div>\n\t\t\t\t<\/div>\n\t\t\t\t\t<\/div>\n\t\t\t\t<\/div>\n\t\t<div class=\"elementor-element elementor-element-7926c6b e-flex e-con-boxed e-con e-parent\" data-id=\"7926c6b\" data-element_type=\"container\" data-e-type=\"container\">\n\t\t\t\t\t<div class=\"e-con-inner\">\n\t\t\t\t<div class=\"elementor-element elementor-element-2b41948 elementor-widget elementor-widget-text-editor\" data-id=\"2b41948\" data-element_type=\"widget\" data-e-type=\"widget\" data-widget_type=\"text-editor.default\">\n\t\t\t\t<div class=\"elementor-widget-container\">\n\t\t\t\t\t\t\t\t\t<h3>16.000 r\u00f6kpuffar som f\u00f6ljer med dig varje kv\u00e4ll i Paris<\/h3><p>En kv\u00e4ll i Paris, brisen bl\u00e5ser l\u00e4ngs Seine, du sitter p\u00e5 ett uteserveringskaf\u00e9 med bekanta v\u00e4nner vid din sida och ett nyupph\u00e4llt glas r\u00f6tt vin p\u00e5 bordet. I din hand h\u00e5ller du en <strong>JNR Falcon 16000 K\u00f6rsb\u00e4rsb\u00e4r<\/strong>. S\u00e5 snart du tar ett bloss str\u00f6mmar doften av k\u00f6rsb\u00e4r och b\u00e4r in i munnen, som f\u00f6r att g\u00f6ra natten mer romantisk. Med en l\u00e5ngvarig upplevelse p\u00e5 16 000 puffar beh\u00f6ver du inte oroa dig f\u00f6r att byta ut din enhet, bara f\u00f6rdjupa dig i denna resa med franska smaker.<\/p><h3>Ett kraftfullt batteri och tv\u00e5 laddningsportar g\u00f6r v\u00e4ntetiden till ett minne blott<\/h3><p>JNR Falcon 16000 Cherry Berry \u00e4r inte bara uts\u00f6kt, den \u00e4r ocks\u00e5 kraftfull. Det h\u00f6gkapacitetsbatteriet p\u00e5 850 mAh garanterar l\u00e5ngvarig anv\u00e4ndning, s\u00e5 \u00e4ven e-cigarettfantaster beh\u00f6ver inte ladda ofta. Dubbla Type-C- och Lightning-laddningsportar g\u00f6r det enkelt att ladda din MacBook eller iPhone, s\u00e5 att du slipper oroa dig f\u00f6r \u00abvar \u00e4r laddaren?\u00bb<\/p><h3>Stor r\u00f6k + dubbelmaskig spole, varje bloss \u00e4r en uppslukande njutning<\/h3><p>Om du gillar en mjuk r\u00f6k kommer JNR Falcon 16000 Cherry Berry aldrig att g\u00f6ra dig besviken. Dual mesh coil-tekniken ger en mjukare och fylligare r\u00f6k och varje r\u00f6kpuff \u00e4r lika len som ett mjukt vin. Oavsett om du g\u00e5r nerf\u00f6r gatan, njuter av morgonljuset p\u00e5 balkongen eller chattar med v\u00e4nner p\u00e5 en kv\u00e4llsfest, kan det vara en perfekt f\u00f6ljeslagare i din hand.<\/p><h3>En symbol f\u00f6r fransk elegans som passar perfekt in i det moderna livet<\/h3><p>Fransm\u00e4nnen har aldrig kompromissat med sin str\u00e4van efter estetik, och <strong>JNR Falcon 16000 K\u00f6rsb\u00e4rsb\u00e4r<\/strong> \u00e4r inget undantag. Enkel, uts\u00f6kt design, mjuka linjer och en f\u00f6rstklassig textur, perfekt anpassad till din livsstil. Det \u00e4r inte bara en elektronisk cigarett, det \u00e4r en attityd till livet: elegant, raffinerad och sofistikerad.<\/p>\t\t\t\t\t\t\t\t<\/div>\n\t\t\t\t<\/div>\n\t\t\t\t\t<\/div>\n\t\t\t\t<\/div>\n\t\t\t\t<\/div>","protected":false},"excerpt":{"rendered":"<p>JNR Falcon 16000 Cherry Berry En France, profiter de la vie est un art, et la cigarette \u00e9lectronique JNR Falcon 16000 Cherry Berry est l&rsquo;incarnation de cet art. Ce n\u2019est pas seulement une cigarette \u00e9lectronique, mais un voyage gustatif, une exp\u00e9rience fruit\u00e9e immersive qui fait que chaque bouff\u00e9e de fum\u00e9e ressemble \u00e0 un festin de [&hellip;]<\/p>\n","protected":false},"featured_media":1562,"comment_status":"open","ping_status":"closed","template":"","meta":{"site-sidebar-layout":"no-sidebar","site-content-layout":"page-builder","ast-site-content-layout":"normal-width-container","site-content-style":"default","site-sidebar-style":"default","ast-global-header-display":"","ast-banner-title-visibility":"","ast-main-header-display":"","ast-hfb-above-header-display":"","ast-hfb-below-header-display":"","ast-hfb-mobile-header-display":"","site-post-title":"disabled","ast-breadcrumbs-content":"","ast-featured-img":"disabled","footer-sml-layout":"","ast-disable-related-posts":"","theme-transparent-header-meta":"default","adv-header-id-meta":"","stick-header-meta":"default","header-above-stick-meta":"","header-main-stick-meta":"","header-below-stick-meta":"","astra-migrate-meta-layouts":"set","ast-page-background-enabled":"default","ast-page-background-meta":{"desktop":{"background-color":"","background-image":"","background-repeat":"repeat","background-position":"center center","background-size":"auto","background-attachment":"scroll","background-type":"","background-media":"","overlay-type":"","overlay-color":"","overlay-opacity":"","overlay-gradient":""},"tablet":{"background-color":"","background-image":"","background-repeat":"repeat","background-position":"center center","background-size":"auto","background-attachment":"scroll","background-type":"","background-media":"","overlay-type":"","overlay-color":"","overlay-opacity":"","overlay-gradient":""},"mobile":{"background-color":"","background-image":"","background-repeat":"repeat","background-position":"center center","background-size":"auto","background-attachment":"scroll","background-type":"","background-media":"","overlay-type":"","overlay-color":"","overlay-opacity":"","overlay-gradient":""}},"ast-content-background-meta":{"desktop":{"background-color":"var(--ast-global-color-5)","background-image":"","background-repeat":"repeat","background-position":"center center","background-size":"auto","background-attachment":"scroll","background-type":"","background-media":"","overlay-type":"","overlay-color":"","overlay-opacity":"","overlay-gradient":""},"tablet":{"background-color":"var(--ast-global-color-5)","background-image":"","background-repeat":"repeat","background-position":"center center","background-size":"auto","background-attachment":"scroll","background-type":"","background-media":"","overlay-type":"","overlay-color":"","overlay-opacity":"","overlay-gradient":""},"mobile":{"background-color":"var(--ast-global-color-5)","background-image":"","background-repeat":"repeat","background-position":"center center","background-size":"auto","background-attachment":"scroll","background-type":"","background-media":"","overlay-type":"","overlay-color":"","overlay-opacity":"","overlay-gradient":""}}},"product_brand":[30],"product_cat":[15,81,77,36],"product_tag":[],"class_list":{"0":"post-1819","1":"product","2":"type-product","3":"status-publish","4":"has-post-thumbnail","6":"product_brand-jnr","7":"product_cat-magasin-cigarette-electronique","8":"product_cat-puff-16k","9":"product_cat-entrepot-de-lue","10":"product_cat-jnr-16k","11":"desktop-align-center","12":"tablet-align-center","13":"mobile-align-center","14":"ast-product-gallery-layout-horizontal","15":"ast-product-gallery-with-no-image","16":"ast-product-single-variable","17":"ast-product-tabs-layout-horizontal","18":"ast-qv-on-image","20":"first","21":"instock","22":"sale","23":"shipping-taxable","24":"purchasable","25":"product-type-variable","26":"has-default-attributes"},"tiered_pricing_type":"fixed","tiered_pricing_fixed_rules":{"30":9.88,"60":9.26,"100":8.06,"200":7.38,"500":6.98,"1000":6.8},"tiered_pricing_product_settings":{"layout":"default","base_unit_name":{"singular":null,"plural":null},"default_variation":null},"tiered_pricing_minimum_quantity":null,"tiered_pricing_roles_data":[],"tiered_pricing_percentage_rules":[],"_links":{"self":[{"href":"https:\/\/puffvapestore.com\/sv\/wp-json\/wp\/v2\/product\/1819","targetHints":{"allow":["GET"]}}],"collection":[{"href":"https:\/\/puffvapestore.com\/sv\/wp-json\/wp\/v2\/product"}],"about":[{"href":"https:\/\/puffvapestore.com\/sv\/wp-json\/wp\/v2\/types\/product"}],"replies":[{"embeddable":true,"href":"https:\/\/puffvapestore.com\/sv\/wp-json\/wp\/v2\/comments?post=1819"}],"version-history":[{"count":16,"href":"https:\/\/puffvapestore.com\/sv\/wp-json\/wp\/v2\/product\/1819\/revisions"}],"predecessor-version":[{"id":17707,"href":"https:\/\/puffvapestore.com\/sv\/wp-json\/wp\/v2\/product\/1819\/revisions\/17707"}],"wp:featuredmedia":[{"embeddable":true,"href":"https:\/\/puffvapestore.com\/sv\/wp-json\/wp\/v2\/media\/1562"}],"wp:attachment":[{"href":"https:\/\/puffvapestore.com\/sv\/wp-json\/wp\/v2\/media?parent=1819"}],"wp:term":[{"taxonomy":"product_brand","embeddable":true,"href":"https:\/\/puffvapestore.com\/sv\/wp-json\/wp\/v2\/product_brand?post=1819"},{"taxonomy":"product_cat","embeddable":true,"href":"https:\/\/puffvapestore.com\/sv\/wp-json\/wp\/v2\/product_cat?post=1819"},{"taxonomy":"product_tag","embeddable":true,"href":"https:\/\/puffvapestore.com\/sv\/wp-json\/wp\/v2\/product_tag?post=1819"}],"curies":[{"name":"wp","href":"https:\/\/api.w.org\/{rel}","templated":true}]}}