{"id":1739,"date":"2025-03-24T22:00:07","date_gmt":"2025-03-24T22:00:07","guid":{"rendered":"https:\/\/puffvapestore.com\/?post_type=product&#038;p=1739"},"modified":"2026-04-20T11:07:04","modified_gmt":"2026-04-20T11:07:04","slug":"jnr-falcon-16000-hubba-bubba-strawberry","status":"publish","type":"product","link":"https:\/\/puffvapestore.com\/sv\/product\/jnr-falcon-16000-hubba-bubba-jordgubbe\/","title":{"rendered":"JNR Falcon 16000 Hubba Bubba Strawberry"},"content":{"rendered":"<div data-elementor-type=\"wp-post\" data-elementor-id=\"1739\" class=\"elementor elementor-1739\">\n\t\t\t\t<div class=\"elementor-element elementor-element-824a998 e-flex e-con-boxed e-con e-parent\" data-id=\"824a998\" data-element_type=\"container\" data-e-type=\"container\">\n\t\t\t\t\t<div class=\"e-con-inner\">\n\t\t\t\t<div class=\"elementor-element elementor-element-55fd5fa elementor-widget elementor-widget-text-editor\" data-id=\"55fd5fa\" data-element_type=\"widget\" data-e-type=\"widget\" data-widget_type=\"text-editor.default\">\n\t\t\t\t<div class=\"elementor-widget-container\">\n\t\t\t\t\t\t\t\t\t<h2>JNR Falcon 16000 Hubba Bubba Tiller<\/h2><p>Minns du de gigantiska rosa tuggummibollarna? De bl\u00e5ste enorma bubblor och fyllde hela lekplatsen med doft. De <strong>JNR Falcon 16000 - Hubba Bubba Jordgubbe<\/strong> \u00e4r just en s\u00e5dan produkt ... men i form av en elektronisk cigarett. Ett bloss och det \u00e4r som en enkelbiljett till s\u00f6ta barndomsminnen, med en explosion av saftig jordgubbe och en antydan till retro njutning.<\/p><p>Men missta dig inte: under det lekfulla yttre \u00e4r denna Falcon 16K en verkligt sofistikerad maskin. Den h\u00e5ller f\u00f6r 16 000 drag, vilket \u00e4r mycket l\u00e4ngre \u00e4n ett tuggummipaket.<\/p>\t\t\t\t\t\t\t\t<\/div>\n\t\t\t\t<\/div>\n\t\t\t\t\t<\/div>\n\t\t\t\t<\/div>\n\t\t<div class=\"elementor-element elementor-element-942ccb0 e-flex e-con-boxed e-con e-parent\" data-id=\"942ccb0\" data-element_type=\"container\" data-e-type=\"container\">\n\t\t\t\t\t<div class=\"e-con-inner\">\n\t\t<div class=\"elementor-element elementor-element-577deeb e-con-full e-flex e-con e-child\" data-id=\"577deeb\" data-element_type=\"container\" data-e-type=\"container\">\n\t\t\t\t<div class=\"elementor-element elementor-element-5d167cf elementor-widget elementor-widget-text-editor\" data-id=\"5d167cf\" data-element_type=\"widget\" data-e-type=\"widget\" data-widget_type=\"text-editor.default\">\n\t\t\t\t<div class=\"elementor-widget-container\">\n\t\t\t\t\t\t\t\t\t<h2>Detaljer om JNR Falcon 16000 Hubba Bubba Strawberry<\/h2><p>Puffar : Upp till 16.000 puffar<br \/>V\u00e4tska: 22 ml<br \/>Nikotinniv\u00e5er: 0 %, 2 %, 5 %<br \/>Resistans: 1,0 ohm<br \/>Batterikapacitet: 850 mAh<br \/>Laddning: Typ-C<br \/>Dubbelt n\u00e4t och dubbelt k\u00e4rnmotst\u00e5nd<br \/>M\u00e5tt: 53,5 x 32 x 110 mm<\/p>\t\t\t\t\t\t\t\t<\/div>\n\t\t\t\t<\/div>\n\t\t\t\t<\/div>\n\t\t<div class=\"elementor-element elementor-element-d5e4b56 e-con-full e-flex e-con e-child\" data-id=\"d5e4b56\" data-element_type=\"container\" data-e-type=\"container\">\n\t\t\t\t<div class=\"elementor-element elementor-element-381dfcb elementor-widget elementor-widget-image-gallery\" data-id=\"381dfcb\" data-element_type=\"widget\" data-e-type=\"widget\" data-widget_type=\"image-gallery.default\">\n\t\t\t\t<div class=\"elementor-widget-container\">\n\t\t\t\t\t\t\t<div class=\"elementor-image-gallery\">\n\t\t\t<div id='gallery-1' class='gallery galleryid-1739 gallery-columns-1 gallery-size-medium_large'><figure class='gallery-item'>\n\t\t\t<div class='gallery-icon portrait'>\n\t\t\t\t<img fetchpriority=\"high\" decoding=\"async\" width=\"654\" height=\"690\" src=\"https:\/\/puffvapestore.com\/wp-content\/uploads\/2025\/03\/pvajf16000-25.jpg\" class=\"attachment-medium_large size-medium_large\" alt=\"JNR Falcon 16K Hubba Bubba Strawberry\" aria-describedby=\"gallery-1-1572\" srcset=\"https:\/\/puffvapestore.com\/wp-content\/uploads\/2025\/03\/pvajf16000-25.jpg 654w, https:\/\/puffvapestore.com\/wp-content\/uploads\/2025\/03\/pvajf16000-25-284x300.jpg 284w, https:\/\/puffvapestore.com\/wp-content\/uploads\/2025\/03\/pvajf16000-25-600x633.jpg 600w\" sizes=\"(max-width: 654px) 100vw, 654px\" \/>\n\t\t\t<\/div>\n\t\t\t\t<figcaption class='wp-caption-text gallery-caption' id='gallery-1-1572'>\n\t\t\t\tJNR Falcon 16K Hubba Bubba Strawberry\n\t\t\t\t<\/figcaption><\/figure>\n\t\t<\/div>\n\t\t<\/div>\n\t\t\t\t\t\t<\/div>\n\t\t\t\t<\/div>\n\t\t\t\t<\/div>\n\t\t\t\t\t<\/div>\n\t\t\t\t<\/div>\n\t\t<div class=\"elementor-element elementor-element-7926c6b e-flex e-con-boxed e-con e-parent\" data-id=\"7926c6b\" data-element_type=\"container\" data-e-type=\"container\">\n\t\t\t\t\t<div class=\"e-con-inner\">\n\t\t\t\t<div class=\"elementor-element elementor-element-2b41948 elementor-widget elementor-widget-text-editor\" data-id=\"2b41948\" data-element_type=\"widget\" data-e-type=\"widget\" data-widget_type=\"text-editor.default\">\n\t\t\t\t<div class=\"elementor-widget-container\">\n\t\t\t\t\t\t\t\t\t<h3>Varf\u00f6r \u00e4r den h\u00e4r smaken s\u00e5 oemotst\u00e5ndlig?<\/h3><ul><li>Supergoda jordgubbar med precis r\u00e4tt m\u00e4ngd s\u00f6tma, som p\u00e5minner om v\u00e5ra favoritgodis fr\u00e5n ungdomen.<\/li><li>En gnutta nostalgi, perfekt f\u00f6r dig som gillar s\u00f6ta smaker, men inte f\u00f6r s\u00f6ta.<\/li><li>Den perfekta balansen mellan s\u00f6tma och styrka inneb\u00e4r att du kan njuta av en elektronisk cigarettupplevelse som du aldrig kommer att tr\u00f6ttna p\u00e5.<\/li><\/ul><h3>JNR Falcon 16000 Hubba Bubba Strawberry \u00e4r en apparat som passar smaken av<\/h3><p>Eftersom god smak f\u00f6rtj\u00e4nar bra utrustning, har <strong>JNR Falcon 16000 Hubba Bubba Strawberry<\/strong> g\u00f6r inga kompromisser:<\/p><ul><li><strong>850 mAh uppladdningsbart batteri<\/strong> - Aldrig slut p\u00e5 energi.<\/li><li><strong>22 ml e-v\u00e4tska<\/strong> - f\u00f6r att du har upplevt frustrationen av att tugga tuggummi och avsluta f\u00f6r snabbt.<\/li><li><strong>Dual Mesh Coil-teknik<\/strong> - f\u00f6r ultraprecis smak\u00e5tergivning och gott om \u00e5nga.<\/li><li><strong>Snabbladdning med Type-C och Lightning<\/strong> - maximal flexibilitet och inga fler f\u00f6rlorade kablar.<\/li><li><strong>Uts\u00f6kt kristalldesign<\/strong> - Om du vill vape med stil m\u00e5ste du g\u00f6ra det p\u00e5 r\u00e4tt s\u00e4tt.<\/li><li><strong>Justerbart luftfl\u00f6de<\/strong> - Om du f\u00f6redrar ett t\u00e4tt eller luftigt fl\u00f6de \u00e4r upp till dig.<\/li><\/ul><h3>Hubba Bubba Strawberry: Mer \u00e4n en smak, det \u00e4r en upplevelse<\/h3><p><strong>JNR Falcon 16000 - Hubba Bubba Jordgubbe<\/strong> \u00e4r mer \u00e4n bara en e-cigarett, det \u00e4r molnversionen av Prousts madeleiner. Den p\u00e5minner dig om den tid d\u00e5 ditt enda bekymmer var om du kunde bl\u00e5sa en bubbla som var st\u00f6rre \u00e4n din grannes.<\/p><p>Letar du efter en stund av ren s\u00f6t njutning?<\/p>\t\t\t\t\t\t\t\t<\/div>\n\t\t\t\t<\/div>\n\t\t\t\t\t<\/div>\n\t\t\t\t<\/div>\n\t\t\t\t<\/div>","protected":false},"excerpt":{"rendered":"<p>JNR Falcon 16000 Hubba Bubba Fraise Vous vous souvenez de ces boules de chewing-gum roses g\u00e9antes ? Ils ont fait d&rsquo;\u00e9normes bulles, remplissant toute l&rsquo;aire de jeux de parfum. Le JNR Falcon 16000 \u2013 Hubba Bubba Strawberry est un tel produit\u2026 mais sous forme de cigarette \u00e9lectronique. Une seule bouff\u00e9e et c&rsquo;est comme un aller [&hellip;]<\/p>\n","protected":false},"featured_media":1572,"comment_status":"open","ping_status":"closed","template":"","meta":{"site-sidebar-layout":"no-sidebar","site-content-layout":"page-builder","ast-site-content-layout":"normal-width-container","site-content-style":"default","site-sidebar-style":"default","ast-global-header-display":"","ast-banner-title-visibility":"","ast-main-header-display":"","ast-hfb-above-header-display":"","ast-hfb-below-header-display":"","ast-hfb-mobile-header-display":"","site-post-title":"disabled","ast-breadcrumbs-content":"","ast-featured-img":"disabled","footer-sml-layout":"","ast-disable-related-posts":"","theme-transparent-header-meta":"default","adv-header-id-meta":"","stick-header-meta":"default","header-above-stick-meta":"","header-main-stick-meta":"","header-below-stick-meta":"","astra-migrate-meta-layouts":"set","ast-page-background-enabled":"default","ast-page-background-meta":{"desktop":{"background-color":"","background-image":"","background-repeat":"repeat","background-position":"center center","background-size":"auto","background-attachment":"scroll","background-type":"","background-media":"","overlay-type":"","overlay-color":"","overlay-opacity":"","overlay-gradient":""},"tablet":{"background-color":"","background-image":"","background-repeat":"repeat","background-position":"center center","background-size":"auto","background-attachment":"scroll","background-type":"","background-media":"","overlay-type":"","overlay-color":"","overlay-opacity":"","overlay-gradient":""},"mobile":{"background-color":"","background-image":"","background-repeat":"repeat","background-position":"center center","background-size":"auto","background-attachment":"scroll","background-type":"","background-media":"","overlay-type":"","overlay-color":"","overlay-opacity":"","overlay-gradient":""}},"ast-content-background-meta":{"desktop":{"background-color":"var(--ast-global-color-5)","background-image":"","background-repeat":"repeat","background-position":"center center","background-size":"auto","background-attachment":"scroll","background-type":"","background-media":"","overlay-type":"","overlay-color":"","overlay-opacity":"","overlay-gradient":""},"tablet":{"background-color":"var(--ast-global-color-5)","background-image":"","background-repeat":"repeat","background-position":"center center","background-size":"auto","background-attachment":"scroll","background-type":"","background-media":"","overlay-type":"","overlay-color":"","overlay-opacity":"","overlay-gradient":""},"mobile":{"background-color":"var(--ast-global-color-5)","background-image":"","background-repeat":"repeat","background-position":"center center","background-size":"auto","background-attachment":"scroll","background-type":"","background-media":"","overlay-type":"","overlay-color":"","overlay-opacity":"","overlay-gradient":""}}},"product_brand":[30],"product_cat":[15,81,77,34,35,36],"product_tag":[],"class_list":{"0":"post-1739","1":"product","2":"type-product","3":"status-publish","4":"has-post-thumbnail","6":"product_brand-jnr","7":"product_cat-magasin-cigarette-electronique","8":"product_cat-puff-16k","9":"product_cat-entrepot-de-lue","10":"product_cat-puff-jnr","11":"product_cat-jnr-vape","12":"product_cat-jnr-16k","13":"desktop-align-center","14":"tablet-align-center","15":"mobile-align-center","16":"ast-product-gallery-layout-horizontal","17":"ast-product-gallery-with-no-image","18":"ast-product-single-variable","19":"ast-product-tabs-layout-horizontal","20":"ast-qv-on-image","22":"first","23":"instock","24":"sale","25":"shipping-taxable","26":"purchasable","27":"product-type-variable","28":"has-default-attributes"},"tiered_pricing_type":"fixed","tiered_pricing_fixed_rules":{"30":9.88,"60":9.26,"100":8.06,"200":7.38,"500":6.98,"1000":6.8},"tiered_pricing_product_settings":{"layout":"default","base_unit_name":{"singular":null,"plural":null},"default_variation":null},"tiered_pricing_minimum_quantity":null,"tiered_pricing_roles_data":[],"tiered_pricing_percentage_rules":[],"_links":{"self":[{"href":"https:\/\/puffvapestore.com\/sv\/wp-json\/wp\/v2\/product\/1739","targetHints":{"allow":["GET"]}}],"collection":[{"href":"https:\/\/puffvapestore.com\/sv\/wp-json\/wp\/v2\/product"}],"about":[{"href":"https:\/\/puffvapestore.com\/sv\/wp-json\/wp\/v2\/types\/product"}],"replies":[{"embeddable":true,"href":"https:\/\/puffvapestore.com\/sv\/wp-json\/wp\/v2\/comments?post=1739"}],"version-history":[{"count":14,"href":"https:\/\/puffvapestore.com\/sv\/wp-json\/wp\/v2\/product\/1739\/revisions"}],"predecessor-version":[{"id":17719,"href":"https:\/\/puffvapestore.com\/sv\/wp-json\/wp\/v2\/product\/1739\/revisions\/17719"}],"wp:featuredmedia":[{"embeddable":true,"href":"https:\/\/puffvapestore.com\/sv\/wp-json\/wp\/v2\/media\/1572"}],"wp:attachment":[{"href":"https:\/\/puffvapestore.com\/sv\/wp-json\/wp\/v2\/media?parent=1739"}],"wp:term":[{"taxonomy":"product_brand","embeddable":true,"href":"https:\/\/puffvapestore.com\/sv\/wp-json\/wp\/v2\/product_brand?post=1739"},{"taxonomy":"product_cat","embeddable":true,"href":"https:\/\/puffvapestore.com\/sv\/wp-json\/wp\/v2\/product_cat?post=1739"},{"taxonomy":"product_tag","embeddable":true,"href":"https:\/\/puffvapestore.com\/sv\/wp-json\/wp\/v2\/product_tag?post=1739"}],"curies":[{"name":"wp","href":"https:\/\/api.w.org\/{rel}","templated":true}]}}