{"id":1728,"date":"2025-03-24T03:48:17","date_gmt":"2025-03-24T03:48:17","guid":{"rendered":"https:\/\/puffvapestore.com\/?post_type=product&#038;p=1728"},"modified":"2026-04-20T11:07:10","modified_gmt":"2026-04-20T11:07:10","slug":"puff-16k-jnr-falcon-berry-burst","status":"publish","type":"product","link":"https:\/\/puffvapestore.com\/sv\/product\/puff-16k-jnr-falcon-berry-burst\/","title":{"rendered":"Puff 16k JNR Falcon Berry Burst"},"content":{"rendered":"<div data-elementor-type=\"wp-post\" data-elementor-id=\"1728\" class=\"elementor elementor-1728\">\n\t\t\t\t<div class=\"elementor-element elementor-element-824a998 e-flex e-con-boxed e-con e-parent\" data-id=\"824a998\" data-element_type=\"container\" data-e-type=\"container\">\n\t\t\t\t\t<div class=\"e-con-inner\">\n\t\t\t\t<div class=\"elementor-element elementor-element-55fd5fa elementor-widget elementor-widget-text-editor\" data-id=\"55fd5fa\" data-element_type=\"widget\" data-e-type=\"widget\" data-widget_type=\"text-editor.default\">\n\t\t\t\t<div class=\"elementor-widget-container\">\n\t\t\t\t\t\t\t\t\t<h2>Puff 16k JNR Falcon Berry Burst<\/h2><p>I Frankrike \u00e4r smak en konst, och v\u00e4rlden av elektroniska cigaretter l\u00e4gger ocks\u00e5 tonvikten p\u00e5 lager och f\u00f6rfining. <strong>JNR Falcon 16000 Berry Burst<\/strong> \u00e4r en elektronisk cigarett utformad f\u00f6r kr\u00e4sna smakl\u00f6kar - n\u00e4r du andas in den f\u00f6rsta r\u00f6kpuffen k\u00e4nns det som om du befinner dig i en frukttr\u00e4dg\u00e5rd i Provence, med mogna b\u00e4r som glittrar i solen och v\u00e4ntar p\u00e5 en s\u00f6t explosion.<\/p><h3>Berry Burst: en fest f\u00f6r sinnena, liknande en fransk dessert<\/h3><p>T\u00e4nk dig att det \u00e4r en lugn eftermiddag, du sitter p\u00e5 terrassen till ett caf\u00e9 i ett gath\u00f6rn i Paris och en fransk b\u00e4rpaj har just serverats p\u00e5 bordet. Den f\u00f6rsta r\u00f6kdoften \u00e4r en blandning av s\u00f6tt och surt, med doften av hallon och bj\u00f6rnb\u00e4r som blommar p\u00e5 tungspetsen, medan bl\u00e5b\u00e4ret ger en touch av rundhet och mjukhet. Berry Burst \u00e4r en s\u00e5dan upplevelse - den \u00e4r inte monoton och s\u00f6t, utan en rik symfoni av fruktiga smaker, vilket g\u00f6r varje inandning av Puff 16k JNR Falcon Berry Burst till en smakresa.<\/p>\t\t\t\t\t\t\t\t<\/div>\n\t\t\t\t<\/div>\n\t\t\t\t\t<\/div>\n\t\t\t\t<\/div>\n\t\t<div class=\"elementor-element elementor-element-942ccb0 e-flex e-con-boxed e-con e-parent\" data-id=\"942ccb0\" data-element_type=\"container\" data-e-type=\"container\">\n\t\t\t\t\t<div class=\"e-con-inner\">\n\t\t<div class=\"elementor-element elementor-element-577deeb e-con-full e-flex e-con e-child\" data-id=\"577deeb\" data-element_type=\"container\" data-e-type=\"container\">\n\t\t\t\t<div class=\"elementor-element elementor-element-5d167cf elementor-widget elementor-widget-text-editor\" data-id=\"5d167cf\" data-element_type=\"widget\" data-e-type=\"widget\" data-widget_type=\"text-editor.default\">\n\t\t\t\t<div class=\"elementor-widget-container\">\n\t\t\t\t\t\t\t\t\t<h2>Detaljer om JNR Falcon 16000 Berry Burst<\/h2><p>Puffar : Upp till 16.000 puffar<br \/>V\u00e4tska: 22 ml<br \/>Nikotinniv\u00e5er: 0 %, 2 %, 5 %<br \/>Resistans: 1,0 ohm<br \/>Batterikapacitet: 850 mAh<br \/>Laddning: Typ-C<br \/>Dubbelt n\u00e4t och dubbelt k\u00e4rnmotst\u00e5nd<br \/>M\u00e5tt: 53,5 x 32 x 110 mm<\/p>\t\t\t\t\t\t\t\t<\/div>\n\t\t\t\t<\/div>\n\t\t\t\t<\/div>\n\t\t<div class=\"elementor-element elementor-element-d5e4b56 e-con-full e-flex e-con e-child\" data-id=\"d5e4b56\" data-element_type=\"container\" data-e-type=\"container\">\n\t\t\t\t<div class=\"elementor-element elementor-element-381dfcb elementor-widget elementor-widget-image-gallery\" data-id=\"381dfcb\" data-element_type=\"widget\" data-e-type=\"widget\" data-widget_type=\"image-gallery.default\">\n\t\t\t\t<div class=\"elementor-widget-container\">\n\t\t\t\t\t\t\t<div class=\"elementor-image-gallery\">\n\t\t\t<div id='gallery-1' class='gallery galleryid-1728 gallery-columns-1 gallery-size-medium_large'><figure class='gallery-item'>\n\t\t\t<div class='gallery-icon portrait'>\n\t\t\t\t<img fetchpriority=\"high\" decoding=\"async\" width=\"654\" height=\"690\" src=\"https:\/\/puffvapestore.com\/wp-content\/uploads\/2025\/03\/pvajf16000-23.jpg\" class=\"attachment-medium_large size-medium_large\" alt=\"JNR Falcon 16K Berry Burst\" aria-describedby=\"gallery-1-1570\" srcset=\"https:\/\/puffvapestore.com\/wp-content\/uploads\/2025\/03\/pvajf16000-23.jpg 654w, https:\/\/puffvapestore.com\/wp-content\/uploads\/2025\/03\/pvajf16000-23-284x300.jpg 284w, https:\/\/puffvapestore.com\/wp-content\/uploads\/2025\/03\/pvajf16000-23-600x633.jpg 600w\" sizes=\"(max-width: 654px) 100vw, 654px\" \/>\n\t\t\t<\/div>\n\t\t\t\t<figcaption class='wp-caption-text gallery-caption' id='gallery-1-1570'>\n\t\t\t\tJNR Falcon 16K Berry Burst\n\t\t\t\t<\/figcaption><\/figure>\n\t\t<\/div>\n\t\t<\/div>\n\t\t\t\t\t\t<\/div>\n\t\t\t\t<\/div>\n\t\t\t\t<\/div>\n\t\t\t\t\t<\/div>\n\t\t\t\t<\/div>\n\t\t<div class=\"elementor-element elementor-element-7926c6b e-flex e-con-boxed e-con e-parent\" data-id=\"7926c6b\" data-element_type=\"container\" data-e-type=\"container\">\n\t\t\t\t\t<div class=\"e-con-inner\">\n\t\t\t\t<div class=\"elementor-element elementor-element-2b41948 elementor-widget elementor-widget-text-editor\" data-id=\"2b41948\" data-element_type=\"widget\" data-e-type=\"widget\" data-widget_type=\"text-editor.default\">\n\t\t\t\t<div class=\"elementor-widget-container\">\n\t\t\t\t\t\t\t\t\t<h3>Varf\u00f6r passar Berry Burst in i den franska livsstilen?<\/h3><p>Fransm\u00e4nnen \u00e4r m\u00e5na om rena smaker och s\u00f6ker ocks\u00e5 efter uts\u00f6kt avkoppling. Tack vare sin utm\u00e4rkta dubbelmaskiga spolteknik, <strong>JNR Falcon 16000 Berry Burst<\/strong> f\u00e5ngar upp varje sp\u00e5r av b\u00e4rarom och ger den mest autentiska smaken, precis som en nyblandad b\u00e4rcocktail, len i gommen och med en l\u00e5ng eftersmak. Oavsett om det \u00e4r en kv\u00e4ll vid Seine eller en sommareftermiddag i Provence, kan det vara f\u00f6rsk\u00f6ningen av smaker i dina h\u00e4nder.<\/p><h3>Elegans och funktionalitet g\u00e5r hand i hand - franskt hantverk i elektroniska cigaretter<\/h3><p>N\u00e4r vi talar om Frankrike, hur kan vi d\u00e5 inte tala om design? <strong>Puff 16k JNR Falcon Berry Burst<\/strong> har ett unikt handgjort kristallskal som inte bara ser delikat ut utan ocks\u00e5 reflekterar ett diskret sken i solljuset, precis som en omsorgsfullt skulpterad parfymflaska som \u00e4r b\u00e5de modern och klassisk. Det integrerade 850 mAh uppladdningsbara batteriet, i kombination med dubbla Type-C och Lightning-gr\u00e4nssnitt, g\u00f6r att du kan ladda n\u00e4r som helst och bibeh\u00e5lla kontinuiteten i upplevelsen, oavsett om du kopplar av hemma eller tar en promenad p\u00e5 gatan.<\/p>\t\t\t\t\t\t\t\t<\/div>\n\t\t\t\t<\/div>\n\t\t\t\t\t<\/div>\n\t\t\t\t<\/div>\n\t\t\t\t<\/div>","protected":false},"excerpt":{"rendered":"<p>Puff 16k JNR Falcon Berry Burst En France, le go\u00fbt est un art, et le monde de la cigarette \u00e9lectronique met \u00e9galement l&rsquo;accent sur les couches et le raffinement. JNR Falcon 16000 Berry Burst est une cigarette \u00e9lectronique con\u00e7ue pour les papilles exigeantes &#8211; lorsque vous inhalez la premi\u00e8re bouff\u00e9e de fum\u00e9e, vous avez l&rsquo;impression [&hellip;]<\/p>\n","protected":false},"featured_media":1570,"comment_status":"open","ping_status":"closed","template":"","meta":{"site-sidebar-layout":"no-sidebar","site-content-layout":"page-builder","ast-site-content-layout":"normal-width-container","site-content-style":"default","site-sidebar-style":"default","ast-global-header-display":"","ast-banner-title-visibility":"","ast-main-header-display":"","ast-hfb-above-header-display":"","ast-hfb-below-header-display":"","ast-hfb-mobile-header-display":"","site-post-title":"disabled","ast-breadcrumbs-content":"","ast-featured-img":"disabled","footer-sml-layout":"","ast-disable-related-posts":"","theme-transparent-header-meta":"default","adv-header-id-meta":"","stick-header-meta":"default","header-above-stick-meta":"","header-main-stick-meta":"","header-below-stick-meta":"","astra-migrate-meta-layouts":"set","ast-page-background-enabled":"default","ast-page-background-meta":{"desktop":{"background-color":"","background-image":"","background-repeat":"repeat","background-position":"center center","background-size":"auto","background-attachment":"scroll","background-type":"","background-media":"","overlay-type":"","overlay-color":"","overlay-opacity":"","overlay-gradient":""},"tablet":{"background-color":"","background-image":"","background-repeat":"repeat","background-position":"center center","background-size":"auto","background-attachment":"scroll","background-type":"","background-media":"","overlay-type":"","overlay-color":"","overlay-opacity":"","overlay-gradient":""},"mobile":{"background-color":"","background-image":"","background-repeat":"repeat","background-position":"center center","background-size":"auto","background-attachment":"scroll","background-type":"","background-media":"","overlay-type":"","overlay-color":"","overlay-opacity":"","overlay-gradient":""}},"ast-content-background-meta":{"desktop":{"background-color":"var(--ast-global-color-5)","background-image":"","background-repeat":"repeat","background-position":"center center","background-size":"auto","background-attachment":"scroll","background-type":"","background-media":"","overlay-type":"","overlay-color":"","overlay-opacity":"","overlay-gradient":""},"tablet":{"background-color":"var(--ast-global-color-5)","background-image":"","background-repeat":"repeat","background-position":"center center","background-size":"auto","background-attachment":"scroll","background-type":"","background-media":"","overlay-type":"","overlay-color":"","overlay-opacity":"","overlay-gradient":""},"mobile":{"background-color":"var(--ast-global-color-5)","background-image":"","background-repeat":"repeat","background-position":"center center","background-size":"auto","background-attachment":"scroll","background-type":"","background-media":"","overlay-type":"","overlay-color":"","overlay-opacity":"","overlay-gradient":""}}},"product_brand":[30],"product_cat":[15,81,77,35,36],"product_tag":[],"class_list":{"0":"post-1728","1":"product","2":"type-product","3":"status-publish","4":"has-post-thumbnail","6":"product_brand-jnr","7":"product_cat-magasin-cigarette-electronique","8":"product_cat-puff-16k","9":"product_cat-entrepot-de-lue","10":"product_cat-jnr-vape","11":"product_cat-jnr-16k","12":"desktop-align-center","13":"tablet-align-center","14":"mobile-align-center","15":"ast-product-gallery-layout-horizontal","16":"ast-product-gallery-with-no-image","17":"ast-product-single-variable","18":"ast-product-tabs-layout-horizontal","19":"ast-qv-on-image","21":"first","22":"instock","23":"sale","24":"shipping-taxable","25":"purchasable","26":"product-type-variable","27":"has-default-attributes"},"tiered_pricing_type":"fixed","tiered_pricing_fixed_rules":{"30":9.88,"60":9.26,"100":8.06,"200":7.38,"500":6.98,"1000":6.8},"tiered_pricing_product_settings":{"layout":"default","base_unit_name":{"singular":null,"plural":null},"default_variation":null},"tiered_pricing_minimum_quantity":null,"tiered_pricing_roles_data":[],"tiered_pricing_percentage_rules":[],"_links":{"self":[{"href":"https:\/\/puffvapestore.com\/sv\/wp-json\/wp\/v2\/product\/1728","targetHints":{"allow":["GET"]}}],"collection":[{"href":"https:\/\/puffvapestore.com\/sv\/wp-json\/wp\/v2\/product"}],"about":[{"href":"https:\/\/puffvapestore.com\/sv\/wp-json\/wp\/v2\/types\/product"}],"replies":[{"embeddable":true,"href":"https:\/\/puffvapestore.com\/sv\/wp-json\/wp\/v2\/comments?post=1728"}],"version-history":[{"count":15,"href":"https:\/\/puffvapestore.com\/sv\/wp-json\/wp\/v2\/product\/1728\/revisions"}],"predecessor-version":[{"id":17723,"href":"https:\/\/puffvapestore.com\/sv\/wp-json\/wp\/v2\/product\/1728\/revisions\/17723"}],"wp:featuredmedia":[{"embeddable":true,"href":"https:\/\/puffvapestore.com\/sv\/wp-json\/wp\/v2\/media\/1570"}],"wp:attachment":[{"href":"https:\/\/puffvapestore.com\/sv\/wp-json\/wp\/v2\/media?parent=1728"}],"wp:term":[{"taxonomy":"product_brand","embeddable":true,"href":"https:\/\/puffvapestore.com\/sv\/wp-json\/wp\/v2\/product_brand?post=1728"},{"taxonomy":"product_cat","embeddable":true,"href":"https:\/\/puffvapestore.com\/sv\/wp-json\/wp\/v2\/product_cat?post=1728"},{"taxonomy":"product_tag","embeddable":true,"href":"https:\/\/puffvapestore.com\/sv\/wp-json\/wp\/v2\/product_tag?post=1728"}],"curies":[{"name":"wp","href":"https:\/\/api.w.org\/{rel}","templated":true}]}}