{"id":1722,"date":"2025-03-23T21:42:13","date_gmt":"2025-03-23T21:42:13","guid":{"rendered":"https:\/\/puffvapestore.com\/?post_type=product&#038;p=1722"},"modified":"2026-04-20T11:07:16","modified_gmt":"2026-04-20T11:07:16","slug":"jnr-falcon-16000-watermelon-ice","status":"publish","type":"product","link":"https:\/\/puffvapestore.com\/sv\/product\/jnr-falcon-16000-vattenmelon-is\/","title":{"rendered":"JNR Falcon 16000 Vattenmelon Is"},"content":{"rendered":"<div data-elementor-type=\"wp-post\" data-elementor-id=\"1722\" class=\"elementor elementor-1722\">\n\t\t\t\t<div class=\"elementor-element elementor-element-824a998 e-flex e-con-boxed e-con e-parent\" data-id=\"824a998\" data-element_type=\"container\" data-e-type=\"container\">\n\t\t\t\t\t<div class=\"e-con-inner\">\n\t\t\t\t<div class=\"elementor-element elementor-element-55fd5fa elementor-widget elementor-widget-text-editor\" data-id=\"55fd5fa\" data-element_type=\"widget\" data-e-type=\"widget\" data-widget_type=\"text-editor.default\">\n\t\t\t\t<div class=\"elementor-widget-container\">\n\t\t\t\t\t\t\t\t\t<h2>JNR Falcon 16000 Vattenmelon Is<\/h2><p>T\u00e4nk dig att du sitter vid Seine, solen har precis g\u00e5tt ner och luften \u00e4r fortfarande varm fr\u00e5n dagen. I det \u00f6gonblicket tar du upp JNR Falcon 16000 Watermelon Ice ur fickan och tar ett l\u00e4tt bloss p\u00e5 cigaretten - omedelbart blommar s\u00f6tman av vattenmelon p\u00e5 tungspetsen och den svala andedr\u00e4kten glider ner i halsen, som en pl\u00f6tslig bris en sommarkv\u00e4ll som bl\u00e5ser bort all v\u00e4rme.<\/p><h3>Vattenmelon + glass = den ultimata sommarnjutningen<\/h3><p>Somrarna i Frankrike \u00e4r heta. Oavsett om du befinner dig p\u00e5 ving\u00e5rdarna under den br\u00e4nnande solen i s\u00f6dra Frankrike eller bland bubblorna p\u00e5 en takfest i Paris, \u00e4r det viktigt med lite svalka. <strong>Watermelon Ice \u00e4r precis r\u00e4tt typ av uppfriskande dryck.<\/strong> - Inte den alltf\u00f6r skarpa mintchilin, utan den nyskurna vattenmelonen som har legat i kylen ett tag, och n\u00e4r du sedan tar en tugga \u00e4r s\u00f6tman och friskheten perfekt blandade, s\u00e5 uppfriskande att du inte kan l\u00e5ta bli att ta en ny tugga.<\/p>\t\t\t\t\t\t\t\t<\/div>\n\t\t\t\t<\/div>\n\t\t\t\t\t<\/div>\n\t\t\t\t<\/div>\n\t\t<div class=\"elementor-element elementor-element-942ccb0 e-flex e-con-boxed e-con e-parent\" data-id=\"942ccb0\" data-element_type=\"container\" data-e-type=\"container\">\n\t\t\t\t\t<div class=\"e-con-inner\">\n\t\t<div class=\"elementor-element elementor-element-577deeb e-con-full e-flex e-con e-child\" data-id=\"577deeb\" data-element_type=\"container\" data-e-type=\"container\">\n\t\t\t\t<div class=\"elementor-element elementor-element-5d167cf elementor-widget elementor-widget-text-editor\" data-id=\"5d167cf\" data-element_type=\"widget\" data-e-type=\"widget\" data-widget_type=\"text-editor.default\">\n\t\t\t\t<div class=\"elementor-widget-container\">\n\t\t\t\t\t\t\t\t\t<h2>Detaljer om JNR Falcon 16000 Vattenmelon Is<\/h2><p>Puffar : Upp till 16.000 puffar<br \/>V\u00e4tska: 22 ml<br \/>Nikotinniv\u00e5er: 0 %, 2 %, 5 %<br \/>Resistans: 1,0 ohm<br \/>Batterikapacitet: 850 mAh<br \/>Laddning: Typ-C<br \/>Dubbelt n\u00e4t och dubbelt k\u00e4rnmotst\u00e5nd<br \/>M\u00e5tt: 53,5 x 32 x 110 mm<\/p>\t\t\t\t\t\t\t\t<\/div>\n\t\t\t\t<\/div>\n\t\t\t\t<\/div>\n\t\t<div class=\"elementor-element elementor-element-d5e4b56 e-con-full e-flex e-con e-child\" data-id=\"d5e4b56\" data-element_type=\"container\" data-e-type=\"container\">\n\t\t\t\t<div class=\"elementor-element elementor-element-381dfcb elementor-widget elementor-widget-image-gallery\" data-id=\"381dfcb\" data-element_type=\"widget\" data-e-type=\"widget\" data-widget_type=\"image-gallery.default\">\n\t\t\t\t<div class=\"elementor-widget-container\">\n\t\t\t\t\t\t\t<div class=\"elementor-image-gallery\">\n\t\t\t<div id='gallery-1' class='gallery galleryid-1722 gallery-columns-1 gallery-size-medium_large'><figure class='gallery-item'>\n\t\t\t<div class='gallery-icon portrait'>\n\t\t\t\t<img fetchpriority=\"high\" decoding=\"async\" width=\"654\" height=\"690\" src=\"https:\/\/puffvapestore.com\/wp-content\/uploads\/2025\/03\/pvajf16000-26.jpg\" class=\"attachment-medium_large size-medium_large\" alt=\"JNR Falcon 16K Vattenmelon Is\" aria-describedby=\"gallery-1-1573\" srcset=\"https:\/\/puffvapestore.com\/wp-content\/uploads\/2025\/03\/pvajf16000-26.jpg 654w, https:\/\/puffvapestore.com\/wp-content\/uploads\/2025\/03\/pvajf16000-26-284x300.jpg 284w, https:\/\/puffvapestore.com\/wp-content\/uploads\/2025\/03\/pvajf16000-26-600x633.jpg 600w\" sizes=\"(max-width: 654px) 100vw, 654px\" \/>\n\t\t\t<\/div>\n\t\t\t\t<figcaption class='wp-caption-text gallery-caption' id='gallery-1-1573'>\n\t\t\t\tJNR Falcon 16K Vattenmelon Is\n\t\t\t\t<\/figcaption><\/figure>\n\t\t<\/div>\n\t\t<\/div>\n\t\t\t\t\t\t<\/div>\n\t\t\t\t<\/div>\n\t\t\t\t<\/div>\n\t\t\t\t\t<\/div>\n\t\t\t\t<\/div>\n\t\t<div class=\"elementor-element elementor-element-7926c6b e-flex e-con-boxed e-con e-parent\" data-id=\"7926c6b\" data-element_type=\"container\" data-e-type=\"container\">\n\t\t\t\t\t<div class=\"e-con-inner\">\n\t\t\t\t<div class=\"elementor-element elementor-element-2b41948 elementor-widget elementor-widget-text-editor\" data-id=\"2b41948\" data-element_type=\"widget\" data-e-type=\"widget\" data-widget_type=\"text-editor.default\">\n\t\t\t\t<div class=\"elementor-widget-container\">\n\t\t\t\t\t\t\t\t\t<h3>16.000 puffar, tillr\u00e4ckligt f\u00f6r att r\u00e4cka hela sommaren<\/h3><p>Namnet JNR Falcon 16000 \u00e4r inte slumpm\u00e4ssigt valt, och med 22 ml e-juice och en livsl\u00e4ngd p\u00e5 16 000 puffar betyder det att \u00e4ven om du njuter av den svala vattenmelonen varje dag s\u00e5 kommer den att r\u00e4cka l\u00e4nge. Chattar du med v\u00e4nner sent p\u00e5 kv\u00e4llen p\u00e5 ett utomhuscaf\u00e9? Inga problem, den <strong>JNR Falcon 16000 Vattenmelon Is<\/strong> kan f\u00f6lja med dig f\u00f6r ytterligare en kopp espresso. Ska du \u00e5ka p\u00e5 semester till Korsika? Oroa dig inte, det kommer inte att h\u00e4nda f\u00f6rr\u00e4n i slutet av din semester.<\/p><h3>R\u00f6ken \u00e4r t\u00e4t, som n\u00e4r vattenmelonsaft finf\u00f6rdelas<\/h3><p>Smak i sig r\u00e4cker inte, textur \u00e4r nyckeln. JNR Falcon 16000 anv\u00e4nder en 1 \u03a9 dual mesh coil, vilket g\u00f6r r\u00f6ken mer delikat och j\u00e4mn, precis som ett glas \u00e4kta vattenmelonjuice som finf\u00f6rdelas i luften, och varje r\u00f6kpuff \u00e4r rik och j\u00e4mn. Dessutom \u00e4r luftfl\u00f6det justerbart, s\u00e5 att du kan v\u00e4lja en l\u00e4tt bris eller en tjock dimma, allt beror p\u00e5 vad du f\u00f6redrar.<\/p><h3>Fransk design, precis r\u00e4tt m\u00e4ngd raffinemang<\/h3><p>Fransm\u00e4nnen s\u00f6ker efter sk\u00f6nhet, fr\u00e5n arkitektur till mode, till varje f\u00f6rem\u00e5l de h\u00e5ller i sina h\u00e4nder. JNR Falcon 16000 har ett kristallklart h\u00f6lje som \u00e4r b\u00e5de modernt och elegant. Den passar perfekt p\u00e5 ett soffbord och \u00e4r l\u00e4tt att h\u00e5lla i. Bes\u00f6k <strong>JNR Falcon 16000 Vattenmelon Is<\/strong> \u00e4r inte den typen av flamboyant, pr\u00e5lig spelare, utan den typen av diskret men uts\u00f6kt artikel som f\u00e5r folk att vilja ta en andra titt.<\/p>\t\t\t\t\t\t\t\t<\/div>\n\t\t\t\t<\/div>\n\t\t\t\t\t<\/div>\n\t\t\t\t<\/div>\n\t\t\t\t<\/div>","protected":false},"excerpt":{"rendered":"<p>JNR Falcon 16000 Watermelon Ice Imaginez que vous \u00eates assis sur les rives de la Seine, le soleil vient de se coucher et l&rsquo;air conserve encore la chaleur de la journ\u00e9e. \u00c0 ce moment-l\u00e0, vous sortez le JNR Falcon 16000 Watermelon Ice de votre poche et prenez une l\u00e9g\u00e8re bouff\u00e9e de cigarette &#8211; instantan\u00e9ment, la [&hellip;]<\/p>\n","protected":false},"featured_media":1573,"comment_status":"open","ping_status":"closed","template":"","meta":{"site-sidebar-layout":"no-sidebar","site-content-layout":"page-builder","ast-site-content-layout":"normal-width-container","site-content-style":"default","site-sidebar-style":"default","ast-global-header-display":"","ast-banner-title-visibility":"","ast-main-header-display":"","ast-hfb-above-header-display":"","ast-hfb-below-header-display":"","ast-hfb-mobile-header-display":"","site-post-title":"disabled","ast-breadcrumbs-content":"","ast-featured-img":"disabled","footer-sml-layout":"","ast-disable-related-posts":"","theme-transparent-header-meta":"default","adv-header-id-meta":"","stick-header-meta":"default","header-above-stick-meta":"","header-main-stick-meta":"","header-below-stick-meta":"","astra-migrate-meta-layouts":"set","ast-page-background-enabled":"default","ast-page-background-meta":{"desktop":{"background-color":"","background-image":"","background-repeat":"repeat","background-position":"center center","background-size":"auto","background-attachment":"scroll","background-type":"","background-media":"","overlay-type":"","overlay-color":"","overlay-opacity":"","overlay-gradient":""},"tablet":{"background-color":"","background-image":"","background-repeat":"repeat","background-position":"center center","background-size":"auto","background-attachment":"scroll","background-type":"","background-media":"","overlay-type":"","overlay-color":"","overlay-opacity":"","overlay-gradient":""},"mobile":{"background-color":"","background-image":"","background-repeat":"repeat","background-position":"center center","background-size":"auto","background-attachment":"scroll","background-type":"","background-media":"","overlay-type":"","overlay-color":"","overlay-opacity":"","overlay-gradient":""}},"ast-content-background-meta":{"desktop":{"background-color":"var(--ast-global-color-5)","background-image":"","background-repeat":"repeat","background-position":"center center","background-size":"auto","background-attachment":"scroll","background-type":"","background-media":"","overlay-type":"","overlay-color":"","overlay-opacity":"","overlay-gradient":""},"tablet":{"background-color":"var(--ast-global-color-5)","background-image":"","background-repeat":"repeat","background-position":"center center","background-size":"auto","background-attachment":"scroll","background-type":"","background-media":"","overlay-type":"","overlay-color":"","overlay-opacity":"","overlay-gradient":""},"mobile":{"background-color":"var(--ast-global-color-5)","background-image":"","background-repeat":"repeat","background-position":"center center","background-size":"auto","background-attachment":"scroll","background-type":"","background-media":"","overlay-type":"","overlay-color":"","overlay-opacity":"","overlay-gradient":""}}},"product_brand":[30],"product_cat":[15,81,77,35,36],"product_tag":[],"class_list":{"0":"post-1722","1":"product","2":"type-product","3":"status-publish","4":"has-post-thumbnail","6":"product_brand-jnr","7":"product_cat-magasin-cigarette-electronique","8":"product_cat-puff-16k","9":"product_cat-entrepot-de-lue","10":"product_cat-jnr-vape","11":"product_cat-jnr-16k","12":"desktop-align-center","13":"tablet-align-center","14":"mobile-align-center","15":"ast-product-gallery-layout-horizontal","16":"ast-product-gallery-with-no-image","17":"ast-product-single-variable","18":"ast-product-tabs-layout-horizontal","19":"ast-qv-on-image","21":"first","22":"instock","23":"sale","24":"shipping-taxable","25":"purchasable","26":"product-type-variable","27":"has-default-attributes"},"tiered_pricing_type":"fixed","tiered_pricing_fixed_rules":{"30":9.88,"60":9.26,"100":8.06,"200":7.38,"500":6.98,"1000":6.8},"tiered_pricing_product_settings":{"layout":"default","base_unit_name":{"singular":null,"plural":null},"default_variation":null},"tiered_pricing_minimum_quantity":null,"tiered_pricing_roles_data":[],"tiered_pricing_percentage_rules":[],"_links":{"self":[{"href":"https:\/\/puffvapestore.com\/sv\/wp-json\/wp\/v2\/product\/1722","targetHints":{"allow":["GET"]}}],"collection":[{"href":"https:\/\/puffvapestore.com\/sv\/wp-json\/wp\/v2\/product"}],"about":[{"href":"https:\/\/puffvapestore.com\/sv\/wp-json\/wp\/v2\/types\/product"}],"replies":[{"embeddable":true,"href":"https:\/\/puffvapestore.com\/sv\/wp-json\/wp\/v2\/comments?post=1722"}],"version-history":[{"count":14,"href":"https:\/\/puffvapestore.com\/sv\/wp-json\/wp\/v2\/product\/1722\/revisions"}],"predecessor-version":[{"id":17727,"href":"https:\/\/puffvapestore.com\/sv\/wp-json\/wp\/v2\/product\/1722\/revisions\/17727"}],"wp:featuredmedia":[{"embeddable":true,"href":"https:\/\/puffvapestore.com\/sv\/wp-json\/wp\/v2\/media\/1573"}],"wp:attachment":[{"href":"https:\/\/puffvapestore.com\/sv\/wp-json\/wp\/v2\/media?parent=1722"}],"wp:term":[{"taxonomy":"product_brand","embeddable":true,"href":"https:\/\/puffvapestore.com\/sv\/wp-json\/wp\/v2\/product_brand?post=1722"},{"taxonomy":"product_cat","embeddable":true,"href":"https:\/\/puffvapestore.com\/sv\/wp-json\/wp\/v2\/product_cat?post=1722"},{"taxonomy":"product_tag","embeddable":true,"href":"https:\/\/puffvapestore.com\/sv\/wp-json\/wp\/v2\/product_tag?post=1722"}],"curies":[{"name":"wp","href":"https:\/\/api.w.org\/{rel}","templated":true}]}}