{"id":1716,"date":"2025-03-23T17:36:30","date_gmt":"2025-03-23T17:36:30","guid":{"rendered":"https:\/\/puffvapestore.com\/?post_type=product&#038;p=1716"},"modified":"2026-04-20T11:07:29","modified_gmt":"2026-04-20T11:07:29","slug":"16000-jnr-falcon-strawberry-watermelon-ice","status":"publish","type":"product","link":"https:\/\/puffvapestore.com\/sv\/product\/16000-jnr-falcon-jordgubb-vattenmelon-is\/","title":{"rendered":"16000 JNR Falcon Jordgubb vattenmelon is"},"content":{"rendered":"<div data-elementor-type=\"wp-post\" data-elementor-id=\"1716\" class=\"elementor elementor-1716\">\n\t\t\t\t<div class=\"elementor-element elementor-element-824a998 e-flex e-con-boxed e-con e-parent\" data-id=\"824a998\" data-element_type=\"container\" data-e-type=\"container\">\n\t\t\t\t\t<div class=\"e-con-inner\">\n\t\t\t\t<div class=\"elementor-element elementor-element-55fd5fa elementor-widget elementor-widget-text-editor\" data-id=\"55fd5fa\" data-element_type=\"widget\" data-e-type=\"widget\" data-widget_type=\"text-editor.default\">\n\t\t\t\t<div class=\"elementor-widget-container\">\n\t\t\t\t\t\t\t\t\t<h2>16000 JNR Falcon Glass med jordgubbar och vattenmelon<\/h2><p>I Frankrike \u00e4r mat en kultur och smak en konst. Fr\u00e5n den varma croissanten p\u00e5 morgonen till champagne och g\u00e5slever p\u00e5 middagen - varje smak f\u00f6rtj\u00e4nar att avnjutas. Fr\u00e5n och med nu <strong>smak JNR Falcon 16000 jordgubb vattenmelon is<\/strong> ut\u00f6kar denna uts\u00f6kta smak till v\u00e4rlden av elektroniska cigaretter, vilket ger en o\u00f6vertr\u00e4ffad uppfriskande upplevelse med sin s\u00f6ta fruktiga smak och fr\u00e4scha touch.<\/p><h3>Ett stillsamt m\u00f6te i sommarens frukttr\u00e4dg\u00e5rd<\/h3><p>F\u00f6rest\u00e4ll dig en sommareftermiddag i Provence: du biter i en mogen jordgubbe, saften sprutar ut p\u00e5 tungspetsen, s\u00f6t men inte fet; sedan stoppar du en bit isad vattenmelon i munnen, den uppfriskande fruktiga aromen skingrar omedelbart v\u00e4rmen. Allt detta \u00e4r kondenserat i <strong>JNR Falcon 16000 Jordgubbe Vattenmelon Is<\/strong>. Varje g\u00e5ng du andas in r\u00f6ken f\u00e5r dina smakl\u00f6kar en resa till Frankrike.<\/p>\t\t\t\t\t\t\t\t<\/div>\n\t\t\t\t<\/div>\n\t\t\t\t\t<\/div>\n\t\t\t\t<\/div>\n\t\t<div class=\"elementor-element elementor-element-942ccb0 e-flex e-con-boxed e-con e-parent\" data-id=\"942ccb0\" data-element_type=\"container\" data-e-type=\"container\">\n\t\t\t\t\t<div class=\"e-con-inner\">\n\t\t<div class=\"elementor-element elementor-element-577deeb e-con-full e-flex e-con e-child\" data-id=\"577deeb\" data-element_type=\"container\" data-e-type=\"container\">\n\t\t\t\t<div class=\"elementor-element elementor-element-5d167cf elementor-widget elementor-widget-text-editor\" data-id=\"5d167cf\" data-element_type=\"widget\" data-e-type=\"widget\" data-widget_type=\"text-editor.default\">\n\t\t\t\t<div class=\"elementor-widget-container\">\n\t\t\t\t\t\t\t\t\t<h2>Detaljer om JNR Falcon 16000 Strawberry Watermelon Ice<\/h2><p>Puffar : Upp till 16.000 puffar<br \/>V\u00e4tska: 22 ml<br \/>Nikotinniv\u00e5er: 0 %, 2 %, 5 %<br \/>Resistans: 1,0 ohm<br \/>Batterikapacitet: 850 mAh<br \/>Laddning: Typ-C<br \/>Dubbelt n\u00e4t och dubbelt k\u00e4rnmotst\u00e5nd<br \/>M\u00e5tt: 53,5 x 32 x 110 mm<\/p>\t\t\t\t\t\t\t\t<\/div>\n\t\t\t\t<\/div>\n\t\t\t\t<\/div>\n\t\t<div class=\"elementor-element elementor-element-d5e4b56 e-con-full e-flex e-con e-child\" data-id=\"d5e4b56\" data-element_type=\"container\" data-e-type=\"container\">\n\t\t\t\t<div class=\"elementor-element elementor-element-381dfcb elementor-widget elementor-widget-image-gallery\" data-id=\"381dfcb\" data-element_type=\"widget\" data-e-type=\"widget\" data-widget_type=\"image-gallery.default\">\n\t\t\t\t<div class=\"elementor-widget-container\">\n\t\t\t\t\t\t\t<div class=\"elementor-image-gallery\">\n\t\t\t<div id='gallery-1' class='gallery galleryid-1716 gallery-columns-1 gallery-size-medium_large'><figure class='gallery-item'>\n\t\t\t<div class='gallery-icon portrait'>\n\t\t\t\t<img fetchpriority=\"high\" decoding=\"async\" width=\"654\" height=\"690\" src=\"https:\/\/puffvapestore.com\/wp-content\/uploads\/2025\/03\/pvajf16000-19.jpg\" class=\"attachment-medium_large size-medium_large\" alt=\"JNR Falcon 16K jordgubb vattenmelon is\" aria-describedby=\"gallery-1-1566\" srcset=\"https:\/\/puffvapestore.com\/wp-content\/uploads\/2025\/03\/pvajf16000-19.jpg 654w, https:\/\/puffvapestore.com\/wp-content\/uploads\/2025\/03\/pvajf16000-19-284x300.jpg 284w, https:\/\/puffvapestore.com\/wp-content\/uploads\/2025\/03\/pvajf16000-19-600x633.jpg 600w\" sizes=\"(max-width: 654px) 100vw, 654px\" \/>\n\t\t\t<\/div>\n\t\t\t\t<figcaption class='wp-caption-text gallery-caption' id='gallery-1-1566'>\n\t\t\t\tJNR Falcon 16K jordgubb vattenmelon is\n\t\t\t\t<\/figcaption><\/figure>\n\t\t<\/div>\n\t\t<\/div>\n\t\t\t\t\t\t<\/div>\n\t\t\t\t<\/div>\n\t\t\t\t<\/div>\n\t\t\t\t\t<\/div>\n\t\t\t\t<\/div>\n\t\t<div class=\"elementor-element elementor-element-7926c6b e-flex e-con-boxed e-con e-parent\" data-id=\"7926c6b\" data-element_type=\"container\" data-e-type=\"container\">\n\t\t\t\t\t<div class=\"e-con-inner\">\n\t\t\t\t<div class=\"elementor-element elementor-element-2b41948 elementor-widget elementor-widget-text-editor\" data-id=\"2b41948\" data-element_type=\"widget\" data-e-type=\"widget\" data-widget_type=\"text-editor.default\">\n\t\t\t\t<div class=\"elementor-widget-container\">\n\t\t\t\t\t\t\t\t\t<h3>Den friska brisen fr\u00e5n Seine<\/h3><p>Fransm\u00e4nnen \u00e4lskar landskap med fyra distinkta \u00e5rstider, och smaken av jordgubbs- och vattenmelonglass \u00e4r som en bris i Paris p\u00e5 sommaren, mild med en antydan till friskhet, uppfriskande utan att vara alltf\u00f6r stimulerande. Oavsett om du promenerar p\u00e5 gatorna i Montmartre eller kopplar av p\u00e5 en solstol p\u00e5 stranden i Nice \u00e4r det den perfekta f\u00f6ljeslagaren.<\/p><h3>Mjuk r\u00f6k och l\u00e5ngvarig njutning<\/h3><p>JNR Falcon 16000 dubbelmaskig spolteknik kombinerar jordgubbens s\u00f6tma med vattenmelonens friskhet. R\u00f6ken \u00e4r delikat och smaken len. Varje tugga \u00e4r lika fr\u00e4sch som nyskuren frukt. Den l\u00e5nga batteritiden p\u00e5 16 000 puffar inneb\u00e4r att du kan njuta av denna franska fruktfest fr\u00e5n soluppg\u00e5ng till solnedg\u00e5ng, eller \u00e4nnu l\u00e4ngre.<\/p><h3>Bekv\u00e4m laddning, s\u00e5 att du kan njuta av f\u00e4rskhet n\u00e4r som helst, var som helst<\/h3><p>I Frankrike bryr sig m\u00e4nniskor som lever en livsstil inte om trivialiteter. JNR Falcon 16000 \u00e4r utrustad med tv\u00e5 Type-C- och Lightning-portar. Oavsett om du anv\u00e4nder din MacBook-laddare eller en v\u00e4ns iPhone-kabel kan du snabbt ladda din elektroniska cigarett och h\u00e5lla den i perfekt skick.<\/p><h3>Elegant utseende, som ett fint smycke<\/h3><p>Det \u00e4r inte bara en elektronisk cigarett, det \u00e4r ett modeuttryck. Den handgjorda kristalldesignen g\u00f6r den till ett blickf\u00e5ng f\u00f6r alla tillf\u00e4llen. Oavsett om den kombineras med en klassisk fransk trenchcoat eller placeras avslappnat p\u00e5 ett runt bord p\u00e5 ett caf\u00e9, \u00e4r <strong>16000 JNR Falcon Jordgubb vattenmelon is<\/strong> utstr\u00e5lar en k\u00e4nsla av diskret lyx.<\/p>\t\t\t\t\t\t\t\t<\/div>\n\t\t\t\t<\/div>\n\t\t\t\t\t<\/div>\n\t\t\t\t<\/div>\n\t\t\t\t<\/div>","protected":false},"excerpt":{"rendered":"<p>16000 JNR Falcon Glace \u00e0 la fraise et \u00e0 la past\u00e8que En France, la cuisine est une culture et la saveur est un art. Du croissant chaud du matin au champagne et au foie gras du d\u00eener, chaque saveur m\u00e9rite d&rsquo;\u00eatre savour\u00e9e. D\u00e9sormais, la saveur JNR Falcon 16000 Strawberry Watermelon Ice \u00e9tend cette exquisit\u00e9 au [&hellip;]<\/p>\n","protected":false},"featured_media":1566,"comment_status":"open","ping_status":"closed","template":"","meta":{"site-sidebar-layout":"no-sidebar","site-content-layout":"page-builder","ast-site-content-layout":"normal-width-container","site-content-style":"default","site-sidebar-style":"default","ast-global-header-display":"","ast-banner-title-visibility":"","ast-main-header-display":"","ast-hfb-above-header-display":"","ast-hfb-below-header-display":"","ast-hfb-mobile-header-display":"","site-post-title":"disabled","ast-breadcrumbs-content":"","ast-featured-img":"disabled","footer-sml-layout":"","ast-disable-related-posts":"","theme-transparent-header-meta":"default","adv-header-id-meta":"","stick-header-meta":"default","header-above-stick-meta":"","header-main-stick-meta":"","header-below-stick-meta":"","astra-migrate-meta-layouts":"set","ast-page-background-enabled":"default","ast-page-background-meta":{"desktop":{"background-color":"","background-image":"","background-repeat":"repeat","background-position":"center center","background-size":"auto","background-attachment":"scroll","background-type":"","background-media":"","overlay-type":"","overlay-color":"","overlay-opacity":"","overlay-gradient":""},"tablet":{"background-color":"","background-image":"","background-repeat":"repeat","background-position":"center center","background-size":"auto","background-attachment":"scroll","background-type":"","background-media":"","overlay-type":"","overlay-color":"","overlay-opacity":"","overlay-gradient":""},"mobile":{"background-color":"","background-image":"","background-repeat":"repeat","background-position":"center center","background-size":"auto","background-attachment":"scroll","background-type":"","background-media":"","overlay-type":"","overlay-color":"","overlay-opacity":"","overlay-gradient":""}},"ast-content-background-meta":{"desktop":{"background-color":"var(--ast-global-color-5)","background-image":"","background-repeat":"repeat","background-position":"center center","background-size":"auto","background-attachment":"scroll","background-type":"","background-media":"","overlay-type":"","overlay-color":"","overlay-opacity":"","overlay-gradient":""},"tablet":{"background-color":"var(--ast-global-color-5)","background-image":"","background-repeat":"repeat","background-position":"center center","background-size":"auto","background-attachment":"scroll","background-type":"","background-media":"","overlay-type":"","overlay-color":"","overlay-opacity":"","overlay-gradient":""},"mobile":{"background-color":"var(--ast-global-color-5)","background-image":"","background-repeat":"repeat","background-position":"center center","background-size":"auto","background-attachment":"scroll","background-type":"","background-media":"","overlay-type":"","overlay-color":"","overlay-opacity":"","overlay-gradient":""}}},"product_brand":[30],"product_cat":[15,81,77,35,36,31],"product_tag":[],"class_list":{"0":"post-1716","1":"product","2":"type-product","3":"status-publish","4":"has-post-thumbnail","6":"product_brand-jnr","7":"product_cat-magasin-cigarette-electronique","8":"product_cat-puff-16k","9":"product_cat-entrepot-de-lue","10":"product_cat-jnr-vape","11":"product_cat-jnr-16k","12":"product_cat-jnr-falcon","13":"desktop-align-center","14":"tablet-align-center","15":"mobile-align-center","16":"ast-product-gallery-layout-horizontal","17":"ast-product-gallery-with-no-image","18":"ast-product-single-variable","19":"ast-product-tabs-layout-horizontal","20":"ast-qv-on-image","22":"first","23":"instock","24":"sale","25":"shipping-taxable","26":"purchasable","27":"product-type-variable","28":"has-default-attributes"},"tiered_pricing_type":"fixed","tiered_pricing_fixed_rules":{"30":9.88,"60":9.26,"100":8.06,"200":7.38,"500":6.98,"1000":6.8},"tiered_pricing_product_settings":{"layout":"default","base_unit_name":{"singular":null,"plural":null},"default_variation":null},"tiered_pricing_minimum_quantity":null,"tiered_pricing_roles_data":[],"tiered_pricing_percentage_rules":[],"_links":{"self":[{"href":"https:\/\/puffvapestore.com\/sv\/wp-json\/wp\/v2\/product\/1716","targetHints":{"allow":["GET"]}}],"collection":[{"href":"https:\/\/puffvapestore.com\/sv\/wp-json\/wp\/v2\/product"}],"about":[{"href":"https:\/\/puffvapestore.com\/sv\/wp-json\/wp\/v2\/types\/product"}],"replies":[{"embeddable":true,"href":"https:\/\/puffvapestore.com\/sv\/wp-json\/wp\/v2\/comments?post=1716"}],"version-history":[{"count":14,"href":"https:\/\/puffvapestore.com\/sv\/wp-json\/wp\/v2\/product\/1716\/revisions"}],"predecessor-version":[{"id":17735,"href":"https:\/\/puffvapestore.com\/sv\/wp-json\/wp\/v2\/product\/1716\/revisions\/17735"}],"wp:featuredmedia":[{"embeddable":true,"href":"https:\/\/puffvapestore.com\/sv\/wp-json\/wp\/v2\/media\/1566"}],"wp:attachment":[{"href":"https:\/\/puffvapestore.com\/sv\/wp-json\/wp\/v2\/media?parent=1716"}],"wp:term":[{"taxonomy":"product_brand","embeddable":true,"href":"https:\/\/puffvapestore.com\/sv\/wp-json\/wp\/v2\/product_brand?post=1716"},{"taxonomy":"product_cat","embeddable":true,"href":"https:\/\/puffvapestore.com\/sv\/wp-json\/wp\/v2\/product_cat?post=1716"},{"taxonomy":"product_tag","embeddable":true,"href":"https:\/\/puffvapestore.com\/sv\/wp-json\/wp\/v2\/product_tag?post=1716"}],"curies":[{"name":"wp","href":"https:\/\/api.w.org\/{rel}","templated":true}]}}