{"id":1704,"date":"2025-03-23T13:20:38","date_gmt":"2025-03-23T13:20:38","guid":{"rendered":"https:\/\/puffvapestore.com\/?post_type=product&#038;p=1704"},"modified":"2026-04-20T11:07:34","modified_gmt":"2026-04-20T11:07:34","slug":"puff-jnr-falcon-16000-sakura-grape","status":"publish","type":"product","link":"https:\/\/puffvapestore.com\/sv\/product\/puff-jnr-falcon-16000-sakura-druva\/","title":{"rendered":"Puff JNR Falcon 16000 Sakura Grape"},"content":{"rendered":"<div data-elementor-type=\"wp-post\" data-elementor-id=\"1704\" class=\"elementor elementor-1704\">\n\t\t\t\t<div class=\"elementor-element elementor-element-824a998 e-flex e-con-boxed e-con e-parent\" data-id=\"824a998\" data-element_type=\"container\" data-e-type=\"container\">\n\t\t\t\t\t<div class=\"e-con-inner\">\n\t\t\t\t<div class=\"elementor-element elementor-element-55fd5fa elementor-widget elementor-widget-text-editor\" data-id=\"55fd5fa\" data-element_type=\"widget\" data-e-type=\"widget\" data-widget_type=\"text-editor.default\">\n\t\t\t\t<div class=\"elementor-widget-container\">\n\t\t\t\t\t\t\t\t\t<h2>Puff JNR Falcon 16000 Sakura Grape<\/h2><p>Om v\u00e5ren har en doft, \u00e4r det f\u00f6rmodligen doften av <strong>Sakura druva<\/strong> - den friska doften av k\u00f6rsb\u00e4rsblommor, blandad med s\u00f6tman fr\u00e5n mogna druvor, som en eftermiddag i Paris, med ett nyfyllt Bordeaux-r\u00f6tt vin i handen och k\u00f6rsb\u00e4rsblommorna bredvid dig som faller i vinden. Det h\u00e4r \u00e4r ingen vanlig elektronisk cigarett, det \u00e4r en smakresa, fr\u00e5n k\u00f6rsb\u00e4rsblommans all\u00e9 i Japan till ving\u00e5rdarna i Frankrike.<\/p>\t\t\t\t\t\t\t\t<\/div>\n\t\t\t\t<\/div>\n\t\t\t\t\t<\/div>\n\t\t\t\t<\/div>\n\t\t<div class=\"elementor-element elementor-element-942ccb0 e-flex e-con-boxed e-con e-parent\" data-id=\"942ccb0\" data-element_type=\"container\" data-e-type=\"container\">\n\t\t\t\t\t<div class=\"e-con-inner\">\n\t\t<div class=\"elementor-element elementor-element-577deeb e-con-full e-flex e-con e-child\" data-id=\"577deeb\" data-element_type=\"container\" data-e-type=\"container\">\n\t\t\t\t<div class=\"elementor-element elementor-element-5d167cf elementor-widget elementor-widget-text-editor\" data-id=\"5d167cf\" data-element_type=\"widget\" data-e-type=\"widget\" data-widget_type=\"text-editor.default\">\n\t\t\t\t<div class=\"elementor-widget-container\">\n\t\t\t\t\t\t\t\t\t<h2>Detaljer om JNR Falcon 16000 Sakura Grape<\/h2><p>Puffar : Upp till 16.000 puffar<br \/>V\u00e4tska: 22 ml<br \/>Nikotinniv\u00e5er: 0 %, 2 %, 5 %<br \/>Resistans: 1,0 ohm<br \/>Batterikapacitet: 850 mAh<br \/>Laddning: Typ-C<br \/>Dubbelt n\u00e4t och dubbelt k\u00e4rnmotst\u00e5nd<br \/>M\u00e5tt: 53,5 x 32 x 110 mm<\/p>\t\t\t\t\t\t\t\t<\/div>\n\t\t\t\t<\/div>\n\t\t\t\t<\/div>\n\t\t<div class=\"elementor-element elementor-element-d5e4b56 e-con-full e-flex e-con e-child\" data-id=\"d5e4b56\" data-element_type=\"container\" data-e-type=\"container\">\n\t\t\t\t<div class=\"elementor-element elementor-element-381dfcb elementor-widget elementor-widget-image-gallery\" data-id=\"381dfcb\" data-element_type=\"widget\" data-e-type=\"widget\" data-widget_type=\"image-gallery.default\">\n\t\t\t\t<div class=\"elementor-widget-container\">\n\t\t\t\t\t\t\t<div class=\"elementor-image-gallery\">\n\t\t\t<div id='gallery-1' class='gallery galleryid-1704 gallery-columns-1 gallery-size-medium_large'><figure class='gallery-item'>\n\t\t\t<div class='gallery-icon portrait'>\n\t\t\t\t<img fetchpriority=\"high\" decoding=\"async\" width=\"654\" height=\"690\" src=\"https:\/\/puffvapestore.com\/wp-content\/uploads\/2025\/03\/pvajf16000-30.jpg\" class=\"attachment-medium_large size-medium_large\" alt=\"JNR Falcon 16K Sakura Grape\" aria-describedby=\"gallery-1-1577\" srcset=\"https:\/\/puffvapestore.com\/wp-content\/uploads\/2025\/03\/pvajf16000-30.jpg 654w, https:\/\/puffvapestore.com\/wp-content\/uploads\/2025\/03\/pvajf16000-30-284x300.jpg 284w, https:\/\/puffvapestore.com\/wp-content\/uploads\/2025\/03\/pvajf16000-30-600x633.jpg 600w\" sizes=\"(max-width: 654px) 100vw, 654px\" \/>\n\t\t\t<\/div>\n\t\t\t\t<figcaption class='wp-caption-text gallery-caption' id='gallery-1-1577'>\n\t\t\t\tJNR Falcon 16K Sakura Grape\n\t\t\t\t<\/figcaption><\/figure>\n\t\t<\/div>\n\t\t<\/div>\n\t\t\t\t\t\t<\/div>\n\t\t\t\t<\/div>\n\t\t\t\t<\/div>\n\t\t\t\t\t<\/div>\n\t\t\t\t<\/div>\n\t\t<div class=\"elementor-element elementor-element-7926c6b e-flex e-con-boxed e-con e-parent\" data-id=\"7926c6b\" data-element_type=\"container\" data-e-type=\"container\">\n\t\t\t\t\t<div class=\"e-con-inner\">\n\t\t\t\t<div class=\"elementor-element elementor-element-2b41948 elementor-widget elementor-widget-text-editor\" data-id=\"2b41948\" data-element_type=\"widget\" data-e-type=\"widget\" data-widget_type=\"text-editor.default\">\n\t\t\t\t<div class=\"elementor-widget-container\">\n\t\t\t\t\t\t\t\t\t<h3>Puff JNR Falcon 16000 Sakura Grape \u00e4r delikat och dj\u00e4rv<\/h3><p>Sakura Grape \u00e4r inte bara en elektronisk cigarett med en fruktig smak, smaken \u00e4r full av lager. Fr\u00e5n det allra f\u00f6rsta blosset av cigaretten kommer du f\u00f6rst att uppleva den eleganta aromen av k\u00f6rsb\u00e4rsblommor, som blommor som just har blommat under de tidiga timmarna p\u00e5 v\u00e5ren, mjuka och k\u00e4nsliga. Sedan kommer druvans s\u00f6tma l\u00e5ngsamt fram, inte den feta smaken av billigt godis, utan som r\u00f6tt vin fr\u00e5n Bordeaux, med precis r\u00e4tt fruktig arom och en l\u00e4tt syrlighet, som f\u00e5r m\u00e4nniskor att vilja ta ett nytt bloss p\u00e5 cigaretten.<\/p><p>Den h\u00e4r smaken \u00e4r som fransk humor, elegant och \u00e5terh\u00e5llsam p\u00e5 ytan, men full av personlighet och djup. Den bombarderar inte dina smakl\u00f6kar med \u00f6verdriven s\u00f6tma, utan \u00e4r mer som en noggrant koreograferad dans, d\u00e4r varje steg \u00e4r exakt och varje andetag l\u00e4mnar en kvardr\u00f6jande k\u00e4nsla i gommen.<\/p><h3>16.000 bloss cigaretter r\u00e4cker l\u00e4ngre \u00e4n en fransk middag<\/h3><p>La <strong>JNR Falcon 16000<\/strong> \u00e4r inte den typ av elektronisk cigarett som du kan r\u00f6ka i tv\u00e5 dagar utan att br\u00e4nna ut. Den stora kapaciteten p\u00e5 22 ml och det uppladdningsbara batteriet p\u00e5 850 mAh ger dig en extraordin\u00e4r upplevelse med 16 000 bloss. Med andra ord kan den ta dig igenom otaliga chattar p\u00e5 Seine, n\u00e5gra filosofiska midnattsdebatter och till och med vara tillr\u00e4cklig f\u00f6r att h\u00e5lla dig uppe genom en hel s\u00e4song av din franska favoritserie.<\/p><p>Dessutom har den inte bara en l\u00e5ng batteritid, den \u00e4r ocks\u00e5 utrustad med <strong>Dubbel typ-C- och Lightning-laddning<\/strong>, Detta g\u00f6r den kompatibel med n\u00e4stan alla laddningsenheter. Med andra ord kan din mobiltelefon och din elektroniska cigarett dela p\u00e5 en enda laddningskabel, vilket \u00e4r minimalistiskt och effektivt, och helt i linje med den parisiska livsfilosofin - mode och praktik samexisterar.<\/p><h3>Det \u00e4r inte bara en fr\u00e5ga om elektroniska cigaretter, det \u00e4r en attityd<\/h3><p>F\u00f6rutom smaken och batteritiden f\u00f6rtj\u00e4nar naturligtvis \u00e4ven designen ett omn\u00e4mnande. Kristallfinishen ger den ett modernt utseende och den k\u00e4nns som ett konstverk i handen. Oavsett om den placeras p\u00e5 ett soffbord eller i kostymfickan utstr\u00e5lar den avslappnad elegans.<\/p><p>F\u00f6r att inte tala om dual-mesh coil-tekniken, som s\u00e4kerst\u00e4ller att varje r\u00f6kinhalation \u00e4r mjuk och j\u00e4mn, med t\u00e4t r\u00f6k och en delikat smak. I kombination med det justerbara luftfl\u00f6dessystemet kan den uppfylla dina behov, oavsett om du gillar en j\u00e4mn, l\u00e5ng dragning eller en mer direkt halshit.<\/p>\t\t\t\t\t\t\t\t<\/div>\n\t\t\t\t<\/div>\n\t\t\t\t\t<\/div>\n\t\t\t\t<\/div>\n\t\t\t\t<\/div>","protected":false},"excerpt":{"rendered":"<p>Puff JNR Falcon 16000 Sakura Grape Si le printemps a une odeur, c&rsquo;est probablement l&rsquo;odeur du raisin Sakura &#8211; le parfum frais des fleurs de cerisier, m\u00eal\u00e9 \u00e0 la douceur des raisins m\u00fbrs, comme un apr\u00e8s-midi \u00e0 Paris, tenant un vin rouge de Bordeaux fra\u00eechement rempli dans votre main, et les fleurs de cerisier \u00e0 [&hellip;]<\/p>\n","protected":false},"featured_media":1577,"comment_status":"open","ping_status":"closed","template":"","meta":{"site-sidebar-layout":"no-sidebar","site-content-layout":"page-builder","ast-site-content-layout":"normal-width-container","site-content-style":"default","site-sidebar-style":"default","ast-global-header-display":"","ast-banner-title-visibility":"","ast-main-header-display":"","ast-hfb-above-header-display":"","ast-hfb-below-header-display":"","ast-hfb-mobile-header-display":"","site-post-title":"disabled","ast-breadcrumbs-content":"","ast-featured-img":"disabled","footer-sml-layout":"","ast-disable-related-posts":"","theme-transparent-header-meta":"default","adv-header-id-meta":"","stick-header-meta":"default","header-above-stick-meta":"","header-main-stick-meta":"","header-below-stick-meta":"","astra-migrate-meta-layouts":"set","ast-page-background-enabled":"default","ast-page-background-meta":{"desktop":{"background-color":"","background-image":"","background-repeat":"repeat","background-position":"center center","background-size":"auto","background-attachment":"scroll","background-type":"","background-media":"","overlay-type":"","overlay-color":"","overlay-opacity":"","overlay-gradient":""},"tablet":{"background-color":"","background-image":"","background-repeat":"repeat","background-position":"center center","background-size":"auto","background-attachment":"scroll","background-type":"","background-media":"","overlay-type":"","overlay-color":"","overlay-opacity":"","overlay-gradient":""},"mobile":{"background-color":"","background-image":"","background-repeat":"repeat","background-position":"center center","background-size":"auto","background-attachment":"scroll","background-type":"","background-media":"","overlay-type":"","overlay-color":"","overlay-opacity":"","overlay-gradient":""}},"ast-content-background-meta":{"desktop":{"background-color":"var(--ast-global-color-5)","background-image":"","background-repeat":"repeat","background-position":"center center","background-size":"auto","background-attachment":"scroll","background-type":"","background-media":"","overlay-type":"","overlay-color":"","overlay-opacity":"","overlay-gradient":""},"tablet":{"background-color":"var(--ast-global-color-5)","background-image":"","background-repeat":"repeat","background-position":"center center","background-size":"auto","background-attachment":"scroll","background-type":"","background-media":"","overlay-type":"","overlay-color":"","overlay-opacity":"","overlay-gradient":""},"mobile":{"background-color":"var(--ast-global-color-5)","background-image":"","background-repeat":"repeat","background-position":"center center","background-size":"auto","background-attachment":"scroll","background-type":"","background-media":"","overlay-type":"","overlay-color":"","overlay-opacity":"","overlay-gradient":""}}},"product_brand":[30],"product_cat":[15,81,77,34,35,36,31],"product_tag":[],"class_list":{"0":"post-1704","1":"product","2":"type-product","3":"status-publish","4":"has-post-thumbnail","6":"product_brand-jnr","7":"product_cat-magasin-cigarette-electronique","8":"product_cat-puff-16k","9":"product_cat-entrepot-de-lue","10":"product_cat-puff-jnr","11":"product_cat-jnr-vape","12":"product_cat-jnr-16k","13":"product_cat-jnr-falcon","14":"desktop-align-center","15":"tablet-align-center","16":"mobile-align-center","17":"ast-product-gallery-layout-horizontal","18":"ast-product-gallery-with-no-image","19":"ast-product-single-variable","20":"ast-product-tabs-layout-horizontal","21":"ast-qv-on-image","23":"first","24":"instock","25":"sale","26":"shipping-taxable","27":"purchasable","28":"product-type-variable","29":"has-default-attributes"},"tiered_pricing_type":"fixed","tiered_pricing_fixed_rules":{"30":9.88,"60":9.26,"100":8.06,"200":7.38,"500":6.98,"1000":6.8},"tiered_pricing_product_settings":{"layout":"default","base_unit_name":{"singular":null,"plural":null},"default_variation":null},"tiered_pricing_minimum_quantity":null,"tiered_pricing_roles_data":[],"tiered_pricing_percentage_rules":[],"_links":{"self":[{"href":"https:\/\/puffvapestore.com\/sv\/wp-json\/wp\/v2\/product\/1704","targetHints":{"allow":["GET"]}}],"collection":[{"href":"https:\/\/puffvapestore.com\/sv\/wp-json\/wp\/v2\/product"}],"about":[{"href":"https:\/\/puffvapestore.com\/sv\/wp-json\/wp\/v2\/types\/product"}],"replies":[{"embeddable":true,"href":"https:\/\/puffvapestore.com\/sv\/wp-json\/wp\/v2\/comments?post=1704"}],"version-history":[{"count":18,"href":"https:\/\/puffvapestore.com\/sv\/wp-json\/wp\/v2\/product\/1704\/revisions"}],"predecessor-version":[{"id":17739,"href":"https:\/\/puffvapestore.com\/sv\/wp-json\/wp\/v2\/product\/1704\/revisions\/17739"}],"wp:featuredmedia":[{"embeddable":true,"href":"https:\/\/puffvapestore.com\/sv\/wp-json\/wp\/v2\/media\/1577"}],"wp:attachment":[{"href":"https:\/\/puffvapestore.com\/sv\/wp-json\/wp\/v2\/media?parent=1704"}],"wp:term":[{"taxonomy":"product_brand","embeddable":true,"href":"https:\/\/puffvapestore.com\/sv\/wp-json\/wp\/v2\/product_brand?post=1704"},{"taxonomy":"product_cat","embeddable":true,"href":"https:\/\/puffvapestore.com\/sv\/wp-json\/wp\/v2\/product_cat?post=1704"},{"taxonomy":"product_tag","embeddable":true,"href":"https:\/\/puffvapestore.com\/sv\/wp-json\/wp\/v2\/product_tag?post=1704"}],"curies":[{"name":"wp","href":"https:\/\/api.w.org\/{rel}","templated":true}]}}