{"id":1698,"date":"2025-03-23T11:07:01","date_gmt":"2025-03-23T11:07:01","guid":{"rendered":"https:\/\/puffvapestore.com\/?post_type=product&#038;p=1698"},"modified":"2026-04-20T11:07:40","modified_gmt":"2026-04-20T11:07:40","slug":"puff-jnr-falcon-16k-passion-fruit-kiwi","status":"publish","type":"product","link":"https:\/\/puffvapestore.com\/sv\/product\/puff-jnr-falcon-16k-passionsfrukt-kiwi\/","title":{"rendered":"Puff JNR Falcon 16k Passionsfrukt Kiwi"},"content":{"rendered":"<div data-elementor-type=\"wp-post\" data-elementor-id=\"1698\" class=\"elementor elementor-1698\">\n\t\t\t\t<div class=\"elementor-element elementor-element-824a998 e-flex e-con-boxed e-con e-parent\" data-id=\"824a998\" data-element_type=\"container\" data-e-type=\"container\">\n\t\t\t\t\t<div class=\"e-con-inner\">\n\t\t\t\t<div class=\"elementor-element elementor-element-55fd5fa elementor-widget elementor-widget-text-editor\" data-id=\"55fd5fa\" data-element_type=\"widget\" data-e-type=\"widget\" data-widget_type=\"text-editor.default\">\n\t\t\t\t<div class=\"elementor-widget-container\">\n\t\t\t\t\t\t\t\t\t<h2>Puff JNR Falcon 16k Passionsfrukt Kiwi<\/h2><p>Har du n\u00e5gonsin lagt m\u00e4rke till att fransm\u00e4nnen har en naturlig uppskattning av livet? En kopp kaffe f\u00e5r inte vara f\u00f6r bitter, br\u00f6det ska vara nybakat med en krispig skorpa och luften ska fyllas av doften av nybakade croissanter. Och n\u00e4r det g\u00e4ller elektroniska cigaretter vill vi verkligen inte n\u00f6ja oss med vad som helst.<\/p><p>Det \u00e4r det som \u00e4r det fina med <strong>Passionsfrukt Kiwi smak fr\u00e5n JNR Falcon 16000<\/strong> Det \u00e4r inte som med de vanliga fruktsmakerna, det \u00e4r ett riktigt smak\u00e4ventyr, som att snubbla \u00f6ver en bar i en undang\u00f6md gr\u00e4nd i Paris som bara serverar stamkunder.<\/p>\t\t\t\t\t\t\t\t<\/div>\n\t\t\t\t<\/div>\n\t\t\t\t\t<\/div>\n\t\t\t\t<\/div>\n\t\t<div class=\"elementor-element elementor-element-942ccb0 e-flex e-con-boxed e-con e-parent\" data-id=\"942ccb0\" data-element_type=\"container\" data-e-type=\"container\">\n\t\t\t\t\t<div class=\"e-con-inner\">\n\t\t<div class=\"elementor-element elementor-element-577deeb e-con-full e-flex e-con e-child\" data-id=\"577deeb\" data-element_type=\"container\" data-e-type=\"container\">\n\t\t\t\t<div class=\"elementor-element elementor-element-5d167cf elementor-widget elementor-widget-text-editor\" data-id=\"5d167cf\" data-element_type=\"widget\" data-e-type=\"widget\" data-widget_type=\"text-editor.default\">\n\t\t\t\t<div class=\"elementor-widget-container\">\n\t\t\t\t\t\t\t\t\t<h2>Detaljer om Puff JNR Falcon 16k Passion Fruit Kiwi<\/h2><p>Puffar : Upp till 16.000 puffar<br \/>V\u00e4tska: 22 ml<br \/>Nikotinniv\u00e5er: 0 %, 2 %, 5 %<br \/>Resistans: 1,0 ohm<br \/>Batterikapacitet: 850 mAh<br \/>Laddning: Typ-C<br \/>Dubbelt n\u00e4t och dubbelt k\u00e4rnmotst\u00e5nd<br \/>M\u00e5tt: 53,5 x 32 x 110 mm<\/p>\t\t\t\t\t\t\t\t<\/div>\n\t\t\t\t<\/div>\n\t\t\t\t<\/div>\n\t\t<div class=\"elementor-element elementor-element-d5e4b56 e-con-full e-flex e-con e-child\" data-id=\"d5e4b56\" data-element_type=\"container\" data-e-type=\"container\">\n\t\t\t\t<div class=\"elementor-element elementor-element-381dfcb elementor-widget elementor-widget-image-gallery\" data-id=\"381dfcb\" data-element_type=\"widget\" data-e-type=\"widget\" data-widget_type=\"image-gallery.default\">\n\t\t\t\t<div class=\"elementor-widget-container\">\n\t\t\t\t\t\t\t<div class=\"elementor-image-gallery\">\n\t\t\t<div id='gallery-1' class='gallery galleryid-1698 gallery-columns-1 gallery-size-medium_large'><figure class='gallery-item'>\n\t\t\t<div class='gallery-icon portrait'>\n\t\t\t\t<img fetchpriority=\"high\" decoding=\"async\" width=\"654\" height=\"690\" src=\"https:\/\/puffvapestore.com\/wp-content\/uploads\/2025\/03\/pvajf16000-29.jpg\" class=\"attachment-medium_large size-medium_large\" alt=\"JNR Falcon 16K Passionsfrukt Kiwi\" aria-describedby=\"gallery-1-1576\" srcset=\"https:\/\/puffvapestore.com\/wp-content\/uploads\/2025\/03\/pvajf16000-29.jpg 654w, https:\/\/puffvapestore.com\/wp-content\/uploads\/2025\/03\/pvajf16000-29-284x300.jpg 284w, https:\/\/puffvapestore.com\/wp-content\/uploads\/2025\/03\/pvajf16000-29-600x633.jpg 600w\" sizes=\"(max-width: 654px) 100vw, 654px\" \/>\n\t\t\t<\/div>\n\t\t\t\t<figcaption class='wp-caption-text gallery-caption' id='gallery-1-1576'>\n\t\t\t\tJNR Falcon 16K Passionsfrukt Kiwi\n\t\t\t\t<\/figcaption><\/figure>\n\t\t<\/div>\n\t\t<\/div>\n\t\t\t\t\t\t<\/div>\n\t\t\t\t<\/div>\n\t\t\t\t<\/div>\n\t\t\t\t\t<\/div>\n\t\t\t\t<\/div>\n\t\t<div class=\"elementor-element elementor-element-7926c6b e-flex e-con-boxed e-con e-parent\" data-id=\"7926c6b\" data-element_type=\"container\" data-e-type=\"container\">\n\t\t\t\t\t<div class=\"e-con-inner\">\n\t\t\t\t<div class=\"elementor-element elementor-element-2b41948 elementor-widget elementor-widget-text-editor\" data-id=\"2b41948\" data-element_type=\"widget\" data-e-type=\"widget\" data-widget_type=\"text-editor.default\">\n\t\t\t\t<div class=\"elementor-widget-container\">\n\t\t\t\t\t\t\t\t\t<h3>Tropisk stil, fransk soul<\/h3><p>Passionsfrukt, med sin lata, charmiga s\u00f6tma, \u00e4r som eftermiddagssolen i s\u00f6dra Frankrike, varm men inte bl\u00e4ndande. Doften \u00e4r rik, lite exotisk, men inte f\u00f6r pr\u00e5lig, som fransm\u00e4nnens avslappnade elegans.<\/p><p>Kiwin \u00e4r l\u00e4tt syrlig och uppfriskande, precis som morgonbrisen l\u00e4ngs Seine, som ger en aning svalka men omedelbart uppfriskande m\u00e4nniskor. Den s\u00f6tsura balansen \u00e4r perfekt, varken fet eller enformig, som en perfekt sommardate.<\/p><p>N\u00e4r dessa tv\u00e5 smaker m\u00f6ts \u00e4r det som om Paris m\u00f6ter Rivieran, med b\u00e5de stadens sofistikerade k\u00e4nsla och semesterns avkoppling. Varje bloss p\u00e5 cigaretten \u00e4r som att smaka p\u00e5 en perfekt blandad cocktail, vilket g\u00f6r att man vill ta ett bloss till.<\/p><h3>Varf\u00f6r v\u00e4lja JNR Falcon 16000 Passion Fruit Kiwi?<\/h3><ul><li>F\u00f6r du vill inte ha en medelm\u00e5ttig fruktsmak, du vill ha en riktigt komplex smak med en historia bakom sig.<\/li><li>Eftersom du tror p\u00e5 \u00abkonsten att leva\u00bb, \u00e4ven n\u00e4r du tar ett bloss p\u00e5 en elektronisk cigarett, m\u00e5ste du vara uppm\u00e4rksam p\u00e5 upplevelsen och detaljerna.<\/li><li>F\u00f6r ni vet, sann njutning \u00e4r inte begr\u00e4nsad till smakl\u00f6karna, utan till den totala upplevelsen, fr\u00e5n design till teknik till smak.<\/li><\/ul><h3>JNR Falcon 16000 - G\u00f6r varje puff till ett franskt n\u00f6je<\/h3><p>Det \u00e4r inte bara en elektronisk cigarett, det \u00e4r en smakresa som tar dig tillbaka till en lugn tropisk atmosf\u00e4r i stadens liv och r\u00f6relse. \u00c4r du redo att l\u00e4gga till lite fransk smak i din vardag med denna passionsfrukt- och kiwicigarett?<\/p>\t\t\t\t\t\t\t\t<\/div>\n\t\t\t\t<\/div>\n\t\t\t\t\t<\/div>\n\t\t\t\t<\/div>\n\t\t\t\t<\/div>","protected":false},"excerpt":{"rendered":"<p>Puff JNR Falcon 16k Fruit de la passion Kiwi Avez-vous d\u00e9j\u00e0 remarqu\u00e9 que les Fran\u00e7ais ont une appr\u00e9ciation naturelle de la vie ? Une tasse de caf\u00e9 ne doit pas \u00eatre trop am\u00e8re, le pain doit \u00eatre juste cuit avec une cro\u00fbte croustillante et l&rsquo;air doit \u00eatre rempli de l&rsquo;ar\u00f4me des croissants fra\u00eechement cuits. Et [&hellip;]<\/p>\n","protected":false},"featured_media":1576,"comment_status":"open","ping_status":"closed","template":"","meta":{"site-sidebar-layout":"no-sidebar","site-content-layout":"page-builder","ast-site-content-layout":"normal-width-container","site-content-style":"default","site-sidebar-style":"default","ast-global-header-display":"","ast-banner-title-visibility":"","ast-main-header-display":"","ast-hfb-above-header-display":"","ast-hfb-below-header-display":"","ast-hfb-mobile-header-display":"","site-post-title":"disabled","ast-breadcrumbs-content":"","ast-featured-img":"disabled","footer-sml-layout":"","ast-disable-related-posts":"","theme-transparent-header-meta":"default","adv-header-id-meta":"","stick-header-meta":"default","header-above-stick-meta":"","header-main-stick-meta":"","header-below-stick-meta":"","astra-migrate-meta-layouts":"set","ast-page-background-enabled":"default","ast-page-background-meta":{"desktop":{"background-color":"","background-image":"","background-repeat":"repeat","background-position":"center center","background-size":"auto","background-attachment":"scroll","background-type":"","background-media":"","overlay-type":"","overlay-color":"","overlay-opacity":"","overlay-gradient":""},"tablet":{"background-color":"","background-image":"","background-repeat":"repeat","background-position":"center center","background-size":"auto","background-attachment":"scroll","background-type":"","background-media":"","overlay-type":"","overlay-color":"","overlay-opacity":"","overlay-gradient":""},"mobile":{"background-color":"","background-image":"","background-repeat":"repeat","background-position":"center center","background-size":"auto","background-attachment":"scroll","background-type":"","background-media":"","overlay-type":"","overlay-color":"","overlay-opacity":"","overlay-gradient":""}},"ast-content-background-meta":{"desktop":{"background-color":"var(--ast-global-color-5)","background-image":"","background-repeat":"repeat","background-position":"center center","background-size":"auto","background-attachment":"scroll","background-type":"","background-media":"","overlay-type":"","overlay-color":"","overlay-opacity":"","overlay-gradient":""},"tablet":{"background-color":"var(--ast-global-color-5)","background-image":"","background-repeat":"repeat","background-position":"center center","background-size":"auto","background-attachment":"scroll","background-type":"","background-media":"","overlay-type":"","overlay-color":"","overlay-opacity":"","overlay-gradient":""},"mobile":{"background-color":"var(--ast-global-color-5)","background-image":"","background-repeat":"repeat","background-position":"center center","background-size":"auto","background-attachment":"scroll","background-type":"","background-media":"","overlay-type":"","overlay-color":"","overlay-opacity":"","overlay-gradient":""}}},"product_brand":[30],"product_cat":[15,81,77,36,31],"product_tag":[],"class_list":{"0":"post-1698","1":"product","2":"type-product","3":"status-publish","4":"has-post-thumbnail","6":"product_brand-jnr","7":"product_cat-magasin-cigarette-electronique","8":"product_cat-puff-16k","9":"product_cat-entrepot-de-lue","10":"product_cat-jnr-16k","11":"product_cat-jnr-falcon","12":"desktop-align-center","13":"tablet-align-center","14":"mobile-align-center","15":"ast-product-gallery-layout-horizontal","16":"ast-product-gallery-with-no-image","17":"ast-product-single-variable","18":"ast-product-tabs-layout-horizontal","19":"ast-qv-on-image","21":"first","22":"instock","23":"sale","24":"shipping-taxable","25":"purchasable","26":"product-type-variable","27":"has-default-attributes"},"tiered_pricing_type":"fixed","tiered_pricing_fixed_rules":{"30":9.88,"60":9.26,"100":8.06,"200":7.38,"500":6.98,"1000":6.8},"tiered_pricing_product_settings":{"layout":"default","base_unit_name":{"singular":null,"plural":null},"default_variation":null},"tiered_pricing_minimum_quantity":null,"tiered_pricing_roles_data":[],"tiered_pricing_percentage_rules":[],"_links":{"self":[{"href":"https:\/\/puffvapestore.com\/sv\/wp-json\/wp\/v2\/product\/1698","targetHints":{"allow":["GET"]}}],"collection":[{"href":"https:\/\/puffvapestore.com\/sv\/wp-json\/wp\/v2\/product"}],"about":[{"href":"https:\/\/puffvapestore.com\/sv\/wp-json\/wp\/v2\/types\/product"}],"replies":[{"embeddable":true,"href":"https:\/\/puffvapestore.com\/sv\/wp-json\/wp\/v2\/comments?post=1698"}],"version-history":[{"count":18,"href":"https:\/\/puffvapestore.com\/sv\/wp-json\/wp\/v2\/product\/1698\/revisions"}],"predecessor-version":[{"id":17743,"href":"https:\/\/puffvapestore.com\/sv\/wp-json\/wp\/v2\/product\/1698\/revisions\/17743"}],"wp:featuredmedia":[{"embeddable":true,"href":"https:\/\/puffvapestore.com\/sv\/wp-json\/wp\/v2\/media\/1576"}],"wp:attachment":[{"href":"https:\/\/puffvapestore.com\/sv\/wp-json\/wp\/v2\/media?parent=1698"}],"wp:term":[{"taxonomy":"product_brand","embeddable":true,"href":"https:\/\/puffvapestore.com\/sv\/wp-json\/wp\/v2\/product_brand?post=1698"},{"taxonomy":"product_cat","embeddable":true,"href":"https:\/\/puffvapestore.com\/sv\/wp-json\/wp\/v2\/product_cat?post=1698"},{"taxonomy":"product_tag","embeddable":true,"href":"https:\/\/puffvapestore.com\/sv\/wp-json\/wp\/v2\/product_tag?post=1698"}],"curies":[{"name":"wp","href":"https:\/\/api.w.org\/{rel}","templated":true}]}}