{"id":1692,"date":"2025-03-23T04:49:39","date_gmt":"2025-03-23T04:49:39","guid":{"rendered":"https:\/\/puffvapestore.com\/?post_type=product&#038;p=1692"},"modified":"2026-04-20T11:07:46","modified_gmt":"2026-04-20T11:07:46","slug":"jnr-falcon-16000-mango-passion-fruit","status":"publish","type":"product","link":"https:\/\/puffvapestore.com\/sv\/product\/jnr-falcon-16000-mango-passionsfrukt\/","title":{"rendered":"JNR Falcon 16000 Elektronisk cigarett f\u00f6r eng\u00e5ngsbruk Mango Passionsfrukt"},"content":{"rendered":"<div data-elementor-type=\"wp-post\" data-elementor-id=\"1692\" class=\"elementor elementor-1692\">\n\t\t\t\t<div class=\"elementor-element elementor-element-824a998 e-flex e-con-boxed e-con e-parent\" data-id=\"824a998\" data-element_type=\"container\" data-e-type=\"container\">\n\t\t\t\t\t<div class=\"e-con-inner\">\n\t\t\t\t<div class=\"elementor-element elementor-element-55fd5fa elementor-widget elementor-widget-text-editor\" data-id=\"55fd5fa\" data-element_type=\"widget\" data-e-type=\"widget\" data-widget_type=\"text-editor.default\">\n\t\t\t\t<div class=\"elementor-widget-container\">\n\t\t\t\t\t\t\t\t\t<h2>Cigarett JNR Falcon 16000 Jet Black Mango Passionsfrukt<\/h2><p>F\u00f6rest\u00e4ll dig att du sitter vid Seines strand i skymningen p\u00e5 Paris gator, med en nygjord cocktail i handen och en svagt s\u00f6t doft i luften - det \u00e4r precis den k\u00e4nslan som v\u00e4cks av <strong>JNR Falcon 16000 Mango Passionsfrukt<\/strong>. Efter ett bloss \u00e4r det som om den tropiska stilen i Franska Karibien exploderar p\u00e5 tungspetsen. Mangons s\u00f6tma och passionsfruktens syrlighet sm\u00e4lter samman perfekt, b\u00e5de oh\u00e4mmat och uts\u00f6kt, som en sommarfest i s\u00f6dra Frankrike, varm och beroendeframkallande.<\/p>\t\t\t\t\t\t\t\t<\/div>\n\t\t\t\t<\/div>\n\t\t\t\t\t<\/div>\n\t\t\t\t<\/div>\n\t\t<div class=\"elementor-element elementor-element-942ccb0 e-flex e-con-boxed e-con e-parent\" data-id=\"942ccb0\" data-element_type=\"container\" data-e-type=\"container\">\n\t\t\t\t\t<div class=\"e-con-inner\">\n\t\t<div class=\"elementor-element elementor-element-577deeb e-con-full e-flex e-con e-child\" data-id=\"577deeb\" data-element_type=\"container\" data-e-type=\"container\">\n\t\t\t\t<div class=\"elementor-element elementor-element-5d167cf elementor-widget elementor-widget-text-editor\" data-id=\"5d167cf\" data-element_type=\"widget\" data-e-type=\"widget\" data-widget_type=\"text-editor.default\">\n\t\t\t\t<div class=\"elementor-widget-container\">\n\t\t\t\t\t\t\t\t\t<h2>Detaljer om JNR Falcon 16000 Mango Passionsfrukt<\/h2><p>Puffar : Upp till 16.000 puffar<br \/>V\u00e4tska: 22 ml<br \/>Nikotinniv\u00e5er: 0 %, 2 %, 5 %<br \/>Resistans: 1,0 ohm<br \/>Batterikapacitet: 850 mAh<br \/>Laddning: Typ-C<br \/>Dubbelt n\u00e4t och dubbelt k\u00e4rnmotst\u00e5nd<br \/>M\u00e5tt: 53,5 x 32 x 110 mm<\/p>\t\t\t\t\t\t\t\t<\/div>\n\t\t\t\t<\/div>\n\t\t\t\t<\/div>\n\t\t<div class=\"elementor-element elementor-element-d5e4b56 e-con-full e-flex e-con e-child\" data-id=\"d5e4b56\" data-element_type=\"container\" data-e-type=\"container\">\n\t\t\t\t<div class=\"elementor-element elementor-element-381dfcb elementor-widget elementor-widget-image-gallery\" data-id=\"381dfcb\" data-element_type=\"widget\" data-e-type=\"widget\" data-widget_type=\"image-gallery.default\">\n\t\t\t\t<div class=\"elementor-widget-container\">\n\t\t\t\t\t\t\t<div class=\"elementor-image-gallery\">\n\t\t\t<div id='gallery-1' class='gallery galleryid-1692 gallery-columns-1 gallery-size-medium_large'><figure class='gallery-item'>\n\t\t\t<div class='gallery-icon portrait'>\n\t\t\t\t<img fetchpriority=\"high\" decoding=\"async\" width=\"654\" height=\"690\" src=\"https:\/\/puffvapestore.com\/wp-content\/uploads\/2025\/03\/pvajf16000-36.jpg\" class=\"attachment-medium_large size-medium_large\" alt=\"JNR Falcon 16K Mango Passionsfrukt\" aria-describedby=\"gallery-1-1583\" srcset=\"https:\/\/puffvapestore.com\/wp-content\/uploads\/2025\/03\/pvajf16000-36.jpg 654w, https:\/\/puffvapestore.com\/wp-content\/uploads\/2025\/03\/pvajf16000-36-284x300.jpg 284w, https:\/\/puffvapestore.com\/wp-content\/uploads\/2025\/03\/pvajf16000-36-600x633.jpg 600w\" sizes=\"(max-width: 654px) 100vw, 654px\" \/>\n\t\t\t<\/div>\n\t\t\t\t<figcaption class='wp-caption-text gallery-caption' id='gallery-1-1583'>\n\t\t\t\tJNR Falcon 16K Mango Passionsfrukt\n\t\t\t\t<\/figcaption><\/figure>\n\t\t<\/div>\n\t\t<\/div>\n\t\t\t\t\t\t<\/div>\n\t\t\t\t<\/div>\n\t\t\t\t<\/div>\n\t\t\t\t\t<\/div>\n\t\t\t\t<\/div>\n\t\t<div class=\"elementor-element elementor-element-7926c6b e-flex e-con-boxed e-con e-parent\" data-id=\"7926c6b\" data-element_type=\"container\" data-e-type=\"container\">\n\t\t\t\t\t<div class=\"e-con-inner\">\n\t\t\t\t<div class=\"elementor-element elementor-element-2b41948 elementor-widget elementor-widget-text-editor\" data-id=\"2b41948\" data-element_type=\"widget\" data-e-type=\"widget\" data-widget_type=\"text-editor.default\">\n\t\t\t\t<div class=\"elementor-widget-container\">\n\t\t\t\t\t\t\t\t\t<h3>Varf\u00f6r \u00e4r JNR Falcon 16000 Mango Passion Fruit \u00abstj\u00e4rndesserten\u00bb i den elektroniska cigarettindustrin?<\/h3><h4>Smak, som en barmans m\u00e4sterverk<\/h4><p>Det h\u00e4r \u00e4r ingen vanlig fruktig doft, utan en omsorgsfullt blandad tropisk extravaganza. Den kr\u00e4miga s\u00f6tman fr\u00e5n mango och den l\u00e4tt syrliga, uppfriskande passionsfrukten blandas i perfekt balans - varken f\u00f6r s\u00f6t eller f\u00f6r stimulerande, precis som ett glas fin cocktail nygjord i Baskien, vilket g\u00f6r varje r\u00f6kinhalation till en lyxig smakresa.<\/p><h4>Batteritiden \u00e4r som en flaska champagne som aldrig tar slut<\/h4><p>16 000 r\u00f6kupplevelser, som en kv\u00e4ll som aldrig tar slut, alltid n\u00e4r den \u00e4r som b\u00e4st. Utrustad med 22 ml e-v\u00e4tska med stor kapacitet beh\u00f6ver du inte byta enhet ofta utan kan koncentrera dig p\u00e5 att njuta av varje \u00f6gonblick av smaken.<\/p><h4>Laddning lika snabb och effektiv som tunnelbanan i Paris<\/h4><p>Dubbel Type-C- och Lightning-laddning g\u00f6r det enkelt att ladda, oavsett om du \u00e4r Apple- eller Android-fan, och du beh\u00f6ver inte bli galen f\u00f6r att du inte hittar en l\u00e4mplig laddningskabel. Det uppladdningsbara batteriet p\u00e5 850 mAh inneb\u00e4r att du kan ladda din telefon fullt n\u00e4r och var du vill, precis som att b\u00e4ra runt p\u00e5 en kaffemaskin som alltid \u00e4r i standby och aldrig l\u00e5ter dig \u00abf\u00f6rlora str\u00f6m\u00bb.<\/p><h4>R\u00f6k lika tjock som morgondimman i Montmartre<\/h4><p>Dual mesh coil-teknik g\u00f6r smaken mer delikat och varje r\u00f6kpuff ger en silkeslen textur, samtidigt som den sl\u00e4pper ut en full r\u00f6k f\u00f6r att skapa en verkligt uppslukande r\u00f6kupplevelse. Det justerbara luftfl\u00f6det ger dig friheten att v\u00e4lja en stark halsr\u00f6k eller en l\u00e4tt, j\u00e4mn upplevelse, liksom den franska uppm\u00e4rksamheten p\u00e5 kaffe - espresso och Americano, allt beror p\u00e5 ditt hum\u00f6r.<\/p><h3>JNR Falcon 16000 Mango Passionsfrukt : L\u00e4gg till en fransk touch i ditt liv<\/h3><p>Den h\u00e4r elektroniska cigaretten \u00e4r inte bara en nikotinprodukt, det \u00e4r en livsstil, en jakt p\u00e5 smak och en attityd. Den \u00e4r till f\u00f6r dig som njuter av livet, s\u00f6ker efter detaljerna och gillar att utforska. Oavsett om du sitter p\u00e5 en kaf\u00e9terrass i Paris, p\u00e5 strandpromenaden i Nice eller p\u00e5 en bistro i Lyon, kommer den att vara din perfekta f\u00f6ljeslagare.<\/p>\t\t\t\t\t\t\t\t<\/div>\n\t\t\t\t<\/div>\n\t\t\t\t\t<\/div>\n\t\t\t\t<\/div>\n\t\t\t\t<\/div>","protected":false},"excerpt":{"rendered":"<p>Cigarette JNR Falcon 16000 Jet Black Mangue Fruit de la Passion Imaginez-vous assis au bord de la Seine au cr\u00e9puscule dans les rues de Paris, tenant un cocktail fra\u00eechement pr\u00e9par\u00e9 \u00e0 la main et un l\u00e9ger parfum sucr\u00e9 dans l&rsquo;air &#8211; c&rsquo;est exactement la sensation apport\u00e9e par JNR Falcon 16000 Mango Passion Fruit. Apr\u00e8s une [&hellip;]<\/p>\n","protected":false},"featured_media":1583,"comment_status":"open","ping_status":"closed","template":"","meta":{"site-sidebar-layout":"no-sidebar","site-content-layout":"page-builder","ast-site-content-layout":"normal-width-container","site-content-style":"default","site-sidebar-style":"default","ast-global-header-display":"","ast-banner-title-visibility":"","ast-main-header-display":"","ast-hfb-above-header-display":"","ast-hfb-below-header-display":"","ast-hfb-mobile-header-display":"","site-post-title":"disabled","ast-breadcrumbs-content":"","ast-featured-img":"disabled","footer-sml-layout":"","ast-disable-related-posts":"","theme-transparent-header-meta":"default","adv-header-id-meta":"","stick-header-meta":"default","header-above-stick-meta":"","header-main-stick-meta":"","header-below-stick-meta":"","astra-migrate-meta-layouts":"set","ast-page-background-enabled":"default","ast-page-background-meta":{"desktop":{"background-color":"","background-image":"","background-repeat":"repeat","background-position":"center center","background-size":"auto","background-attachment":"scroll","background-type":"","background-media":"","overlay-type":"","overlay-color":"","overlay-opacity":"","overlay-gradient":""},"tablet":{"background-color":"","background-image":"","background-repeat":"repeat","background-position":"center center","background-size":"auto","background-attachment":"scroll","background-type":"","background-media":"","overlay-type":"","overlay-color":"","overlay-opacity":"","overlay-gradient":""},"mobile":{"background-color":"","background-image":"","background-repeat":"repeat","background-position":"center center","background-size":"auto","background-attachment":"scroll","background-type":"","background-media":"","overlay-type":"","overlay-color":"","overlay-opacity":"","overlay-gradient":""}},"ast-content-background-meta":{"desktop":{"background-color":"var(--ast-global-color-5)","background-image":"","background-repeat":"repeat","background-position":"center center","background-size":"auto","background-attachment":"scroll","background-type":"","background-media":"","overlay-type":"","overlay-color":"","overlay-opacity":"","overlay-gradient":""},"tablet":{"background-color":"var(--ast-global-color-5)","background-image":"","background-repeat":"repeat","background-position":"center center","background-size":"auto","background-attachment":"scroll","background-type":"","background-media":"","overlay-type":"","overlay-color":"","overlay-opacity":"","overlay-gradient":""},"mobile":{"background-color":"var(--ast-global-color-5)","background-image":"","background-repeat":"repeat","background-position":"center center","background-size":"auto","background-attachment":"scroll","background-type":"","background-media":"","overlay-type":"","overlay-color":"","overlay-opacity":"","overlay-gradient":""}}},"product_brand":[30],"product_cat":[15,81,77,36,32],"product_tag":[],"class_list":{"0":"post-1692","1":"product","2":"type-product","3":"status-publish","4":"has-post-thumbnail","6":"product_brand-jnr","7":"product_cat-magasin-cigarette-electronique","8":"product_cat-puff-16k","9":"product_cat-entrepot-de-lue","10":"product_cat-jnr-16k","11":"product_cat-puff-jnr-16k","12":"desktop-align-center","13":"tablet-align-center","14":"mobile-align-center","15":"ast-product-gallery-layout-horizontal","16":"ast-product-gallery-with-no-image","17":"ast-product-single-variable","18":"ast-product-tabs-layout-horizontal","19":"ast-qv-on-image","21":"first","22":"instock","23":"sale","24":"shipping-taxable","25":"purchasable","26":"product-type-variable","27":"has-default-attributes"},"tiered_pricing_type":"fixed","tiered_pricing_fixed_rules":{"30":9.88,"60":9.26,"100":8.06,"200":7.38,"500":6.98,"1000":6.8},"tiered_pricing_product_settings":{"layout":"default","base_unit_name":{"singular":null,"plural":null},"default_variation":null},"tiered_pricing_minimum_quantity":null,"tiered_pricing_roles_data":[],"tiered_pricing_percentage_rules":[],"_links":{"self":[{"href":"https:\/\/puffvapestore.com\/sv\/wp-json\/wp\/v2\/product\/1692","targetHints":{"allow":["GET"]}}],"collection":[{"href":"https:\/\/puffvapestore.com\/sv\/wp-json\/wp\/v2\/product"}],"about":[{"href":"https:\/\/puffvapestore.com\/sv\/wp-json\/wp\/v2\/types\/product"}],"replies":[{"embeddable":true,"href":"https:\/\/puffvapestore.com\/sv\/wp-json\/wp\/v2\/comments?post=1692"}],"version-history":[{"count":18,"href":"https:\/\/puffvapestore.com\/sv\/wp-json\/wp\/v2\/product\/1692\/revisions"}],"predecessor-version":[{"id":17747,"href":"https:\/\/puffvapestore.com\/sv\/wp-json\/wp\/v2\/product\/1692\/revisions\/17747"}],"wp:featuredmedia":[{"embeddable":true,"href":"https:\/\/puffvapestore.com\/sv\/wp-json\/wp\/v2\/media\/1583"}],"wp:attachment":[{"href":"https:\/\/puffvapestore.com\/sv\/wp-json\/wp\/v2\/media?parent=1692"}],"wp:term":[{"taxonomy":"product_brand","embeddable":true,"href":"https:\/\/puffvapestore.com\/sv\/wp-json\/wp\/v2\/product_brand?post=1692"},{"taxonomy":"product_cat","embeddable":true,"href":"https:\/\/puffvapestore.com\/sv\/wp-json\/wp\/v2\/product_cat?post=1692"},{"taxonomy":"product_tag","embeddable":true,"href":"https:\/\/puffvapestore.com\/sv\/wp-json\/wp\/v2\/product_tag?post=1692"}],"curies":[{"name":"wp","href":"https:\/\/api.w.org\/{rel}","templated":true}]}}