{"id":1680,"date":"2025-03-22T17:35:11","date_gmt":"2025-03-22T17:35:11","guid":{"rendered":"https:\/\/puffvapestore.com\/?post_type=product&#038;p=1680"},"modified":"2026-04-20T11:07:58","modified_gmt":"2026-04-20T11:07:58","slug":"puff-jnr-falcon-16000-blueberry-pomegranate-ice","status":"publish","type":"product","link":"https:\/\/puffvapestore.com\/sv\/product\/puff-jnr-falcon-16000-blabar-granatapple-is\/","title":{"rendered":"Puff JNR Falcon 16000 Bl\u00e5b\u00e4r Granat\u00e4pple Is"},"content":{"rendered":"<div data-elementor-type=\"wp-post\" data-elementor-id=\"1680\" class=\"elementor elementor-1680\">\n\t\t\t\t<div class=\"elementor-element elementor-element-824a998 e-flex e-con-boxed e-con e-parent\" data-id=\"824a998\" data-element_type=\"container\" data-e-type=\"container\">\n\t\t\t\t\t<div class=\"e-con-inner\">\n\t\t\t\t<div class=\"elementor-element elementor-element-55fd5fa elementor-widget elementor-widget-text-editor\" data-id=\"55fd5fa\" data-element_type=\"widget\" data-e-type=\"widget\" data-widget_type=\"text-editor.default\">\n\t\t\t\t<div class=\"elementor-widget-container\">\n\t\t\t\t\t\t\t\t\t<h2>Puff JNR Falcon 16000 Bl\u00e5b\u00e4r Granat\u00e4pple glass<\/h2><p>F\u00f6rest\u00e4ll dig att du sitter p\u00e5 ett litet caf\u00e9 i Paris, med Seine som sakta flyter utanf\u00f6r f\u00f6nstret, ett glas nyblandat r\u00f6dvin i handen och en svag doft av bl\u00e5b\u00e4r och granat\u00e4pplen i luften. Det h\u00e4r \u00e4r ingen fantasi, utan en verklig upplevelse som du f\u00e5r av smaken. <strong>Ice Blueberry Pomegranate fr\u00e5n JNR Falcon 16000<\/strong>.<\/p><h3>En fl\u00e4kt av fransk r\u00f6k<\/h3><p>Fransm\u00e4nnen har alltid vetat hur man njuter av livet, och smaken p\u00e5 den h\u00e4r e-cigaretten \u00e4r en hyllning till den inst\u00e4llningen till livet. Den fruktiga, s\u00f6ta aromen av bl\u00e5b\u00e4r f\u00f6r tankarna till Provence, medan den l\u00e4tt syrliga smaken av granat\u00e4pple ger en touch av lekfull fransk elegans. Slutligen f\u00f6rvandlar friskheten upplevelsen till en perfekt cocktail, uppfriskande och l\u00e5ngvarig.<\/p>\t\t\t\t\t\t\t\t<\/div>\n\t\t\t\t<\/div>\n\t\t\t\t\t<\/div>\n\t\t\t\t<\/div>\n\t\t<div class=\"elementor-element elementor-element-942ccb0 e-flex e-con-boxed e-con e-parent\" data-id=\"942ccb0\" data-element_type=\"container\" data-e-type=\"container\">\n\t\t\t\t\t<div class=\"e-con-inner\">\n\t\t<div class=\"elementor-element elementor-element-577deeb e-con-full e-flex e-con e-child\" data-id=\"577deeb\" data-element_type=\"container\" data-e-type=\"container\">\n\t\t\t\t<div class=\"elementor-element elementor-element-5d167cf elementor-widget elementor-widget-text-editor\" data-id=\"5d167cf\" data-element_type=\"widget\" data-e-type=\"widget\" data-widget_type=\"text-editor.default\">\n\t\t\t\t<div class=\"elementor-widget-container\">\n\t\t\t\t\t\t\t\t\t<h2>Detaljer om JNR Falcon 16000 Bl\u00e5b\u00e4r Granat\u00e4pple Ice<\/h2><p>Puffar : Upp till 16.000 puffar<br \/>V\u00e4tska: 22 ml<br \/>Nikotinniv\u00e5er: 0 %, 2 %, 5 %<br \/>Resistans: 1,0 ohm<br \/>Batterikapacitet: 850 mAh<br \/>Laddning: Typ-C<br \/>Dubbelt n\u00e4t och dubbelt k\u00e4rnmotst\u00e5nd<br \/>M\u00e5tt: 53,5 x 32 x 110 mm<\/p>\t\t\t\t\t\t\t\t<\/div>\n\t\t\t\t<\/div>\n\t\t\t\t<\/div>\n\t\t<div class=\"elementor-element elementor-element-d5e4b56 e-con-full e-flex e-con e-child\" data-id=\"d5e4b56\" data-element_type=\"container\" data-e-type=\"container\">\n\t\t\t\t<div class=\"elementor-element elementor-element-381dfcb elementor-widget elementor-widget-image-gallery\" data-id=\"381dfcb\" data-element_type=\"widget\" data-e-type=\"widget\" data-widget_type=\"image-gallery.default\">\n\t\t\t\t<div class=\"elementor-widget-container\">\n\t\t\t\t\t\t\t<div class=\"elementor-image-gallery\">\n\t\t\t<div id='gallery-1' class='gallery galleryid-1680 gallery-columns-1 gallery-size-medium_large'><figure class='gallery-item'>\n\t\t\t<div class='gallery-icon portrait'>\n\t\t\t\t<img fetchpriority=\"high\" decoding=\"async\" width=\"654\" height=\"690\" src=\"https:\/\/puffvapestore.com\/wp-content\/uploads\/2025\/03\/pvajf16000-7.jpg\" class=\"attachment-medium_large size-medium_large\" alt=\"JNR Falcon 16K Bl\u00e5b\u00e4r Granat\u00e4pple Is\" aria-describedby=\"gallery-1-1554\" srcset=\"https:\/\/puffvapestore.com\/wp-content\/uploads\/2025\/03\/pvajf16000-7.jpg 654w, https:\/\/puffvapestore.com\/wp-content\/uploads\/2025\/03\/pvajf16000-7-284x300.jpg 284w, https:\/\/puffvapestore.com\/wp-content\/uploads\/2025\/03\/pvajf16000-7-600x633.jpg 600w\" sizes=\"(max-width: 654px) 100vw, 654px\" \/>\n\t\t\t<\/div>\n\t\t\t\t<figcaption class='wp-caption-text gallery-caption' id='gallery-1-1554'>\n\t\t\t\tJNR Falcon 16K Bl\u00e5b\u00e4r Granat\u00e4pple Is\n\t\t\t\t<\/figcaption><\/figure>\n\t\t<\/div>\n\t\t<\/div>\n\t\t\t\t\t\t<\/div>\n\t\t\t\t<\/div>\n\t\t\t\t<\/div>\n\t\t\t\t\t<\/div>\n\t\t\t\t<\/div>\n\t\t<div class=\"elementor-element elementor-element-7926c6b e-flex e-con-boxed e-con e-parent\" data-id=\"7926c6b\" data-element_type=\"container\" data-e-type=\"container\">\n\t\t\t\t\t<div class=\"e-con-inner\">\n\t\t\t\t<div class=\"elementor-element elementor-element-2b41948 elementor-widget elementor-widget-text-editor\" data-id=\"2b41948\" data-element_type=\"widget\" data-e-type=\"widget\" data-widget_type=\"text-editor.default\">\n\t\t\t\t<div class=\"elementor-widget-container\">\n\t\t\t\t\t\t\t\t\t<h3>Vem passar Puff JNR Falcon 16000 Blueberry Pomegranate Ice f\u00f6r?<\/h3><p>Denna glass med smak av bl\u00e5b\u00e4r och granat\u00e4pple \u00e4r perfekt f\u00f6r dig som gillar att hitta de sm\u00e5 sakerna i livet. Den \u00e4r sj\u00e4lva sinnebilden f\u00f6r parisisk bohemstil, en frisk fl\u00e4kt i solskenet i s\u00f6dra Frankrike och pricken \u00f6ver i:et p\u00e5 midnattsfester.<\/p><ul><li><strong>Litter\u00e4r ungdom?<\/strong> Om du skriver poesi medan du r\u00f6ker p\u00e5 ett kaf\u00e9 kan lukten s\u00e4kert inspirera dig.<\/li><li><strong>\u00c4lskar du nattlivet?<\/strong> P\u00e5 de fuktiga gatorna g\u00f6r en doft av en iskall cigarett med bl\u00e5b\u00e4r och granat\u00e4pple natten \u00e4nnu mer f\u00f6rtrollande.<\/li><li><strong>Puff JNR Falcon 16000 ?<\/strong> Den komplexa fruktiga smaken \u00e4r tillr\u00e4cklig f\u00f6r att du ska kunna njuta av den med omsorg, snarare \u00e4n bara en tr\u00e5kig s\u00f6t smak.<\/li><\/ul><h3>Puff JNR Falcon 16000 Blueberry Pomegranate Ice - G\u00f6r vaping till ett s\u00e4tt att leva<\/h3><p>Fransm\u00e4nnen vet att livets sk\u00f6nhet ligger i detaljerna, och denna JNR Falcon 16000 bl\u00e5b\u00e4r granat\u00e4pple glass smak \u00e4r \u00abgourmet\u00bb valet i v\u00e4rlden av elektroniska cigaretter. Det \u00e4r inte bara ett nikotinsubstitut, det \u00e4r en elegant och sofistikerad inst\u00e4llning till livet.<\/p><p>S\u00e5 n\u00e4sta g\u00e5ng du promenerar l\u00e4ngs Seine eller tar en drink p\u00e5 en bistro i Montmartre kan du ta med dig en JNR Falcon 16000 och l\u00e5ta doften av bl\u00e5b\u00e4r och granat\u00e4pplen bli en del av ditt franska liv.<\/p>\t\t\t\t\t\t\t\t<\/div>\n\t\t\t\t<\/div>\n\t\t\t\t\t<\/div>\n\t\t\t\t<\/div>\n\t\t\t\t<\/div>","protected":false},"excerpt":{"rendered":"<p>Puff JNR Falcon 16000 Glace Myrtille Grenade Imaginez que vous \u00eates assis dans un petit caf\u00e9 cach\u00e9 \u00e0 Paris, avec la Seine qui coule lentement \u00e0 l&rsquo;ext\u00e9rieur de la fen\u00eatre, un verre de vin rouge fra\u00eechement m\u00e9lang\u00e9 \u00e0 la main et le l\u00e9ger ar\u00f4me de myrtilles et de grenades flottant dans l&rsquo;air. Ce n\u2019est pas [&hellip;]<\/p>\n","protected":false},"featured_media":1554,"comment_status":"open","ping_status":"closed","template":"","meta":{"site-sidebar-layout":"no-sidebar","site-content-layout":"page-builder","ast-site-content-layout":"normal-width-container","site-content-style":"default","site-sidebar-style":"default","ast-global-header-display":"","ast-banner-title-visibility":"","ast-main-header-display":"","ast-hfb-above-header-display":"","ast-hfb-below-header-display":"","ast-hfb-mobile-header-display":"","site-post-title":"disabled","ast-breadcrumbs-content":"","ast-featured-img":"disabled","footer-sml-layout":"","ast-disable-related-posts":"","theme-transparent-header-meta":"default","adv-header-id-meta":"","stick-header-meta":"default","header-above-stick-meta":"","header-main-stick-meta":"","header-below-stick-meta":"","astra-migrate-meta-layouts":"set","ast-page-background-enabled":"default","ast-page-background-meta":{"desktop":{"background-color":"","background-image":"","background-repeat":"repeat","background-position":"center center","background-size":"auto","background-attachment":"scroll","background-type":"","background-media":"","overlay-type":"","overlay-color":"","overlay-opacity":"","overlay-gradient":""},"tablet":{"background-color":"","background-image":"","background-repeat":"repeat","background-position":"center center","background-size":"auto","background-attachment":"scroll","background-type":"","background-media":"","overlay-type":"","overlay-color":"","overlay-opacity":"","overlay-gradient":""},"mobile":{"background-color":"","background-image":"","background-repeat":"repeat","background-position":"center center","background-size":"auto","background-attachment":"scroll","background-type":"","background-media":"","overlay-type":"","overlay-color":"","overlay-opacity":"","overlay-gradient":""}},"ast-content-background-meta":{"desktop":{"background-color":"var(--ast-global-color-5)","background-image":"","background-repeat":"repeat","background-position":"center center","background-size":"auto","background-attachment":"scroll","background-type":"","background-media":"","overlay-type":"","overlay-color":"","overlay-opacity":"","overlay-gradient":""},"tablet":{"background-color":"var(--ast-global-color-5)","background-image":"","background-repeat":"repeat","background-position":"center center","background-size":"auto","background-attachment":"scroll","background-type":"","background-media":"","overlay-type":"","overlay-color":"","overlay-opacity":"","overlay-gradient":""},"mobile":{"background-color":"var(--ast-global-color-5)","background-image":"","background-repeat":"repeat","background-position":"center center","background-size":"auto","background-attachment":"scroll","background-type":"","background-media":"","overlay-type":"","overlay-color":"","overlay-opacity":"","overlay-gradient":""}}},"product_brand":[30],"product_cat":[15,81,77,34,35,36],"product_tag":[],"class_list":{"0":"post-1680","1":"product","2":"type-product","3":"status-publish","4":"has-post-thumbnail","6":"product_brand-jnr","7":"product_cat-magasin-cigarette-electronique","8":"product_cat-puff-16k","9":"product_cat-entrepot-de-lue","10":"product_cat-puff-jnr","11":"product_cat-jnr-vape","12":"product_cat-jnr-16k","13":"desktop-align-center","14":"tablet-align-center","15":"mobile-align-center","16":"ast-product-gallery-layout-horizontal","17":"ast-product-gallery-with-no-image","18":"ast-product-single-variable","19":"ast-product-tabs-layout-horizontal","20":"ast-qv-on-image","22":"first","23":"instock","24":"sale","25":"shipping-taxable","26":"purchasable","27":"product-type-variable","28":"has-default-attributes"},"tiered_pricing_type":"fixed","tiered_pricing_fixed_rules":{"30":9.88,"60":9.26,"100":8.06,"200":7.38,"500":6.98,"1000":6.8},"tiered_pricing_product_settings":{"layout":"default","base_unit_name":{"singular":null,"plural":null},"default_variation":null},"tiered_pricing_minimum_quantity":null,"tiered_pricing_roles_data":[],"tiered_pricing_percentage_rules":[],"_links":{"self":[{"href":"https:\/\/puffvapestore.com\/sv\/wp-json\/wp\/v2\/product\/1680","targetHints":{"allow":["GET"]}}],"collection":[{"href":"https:\/\/puffvapestore.com\/sv\/wp-json\/wp\/v2\/product"}],"about":[{"href":"https:\/\/puffvapestore.com\/sv\/wp-json\/wp\/v2\/types\/product"}],"replies":[{"embeddable":true,"href":"https:\/\/puffvapestore.com\/sv\/wp-json\/wp\/v2\/comments?post=1680"}],"version-history":[{"count":18,"href":"https:\/\/puffvapestore.com\/sv\/wp-json\/wp\/v2\/product\/1680\/revisions"}],"predecessor-version":[{"id":17755,"href":"https:\/\/puffvapestore.com\/sv\/wp-json\/wp\/v2\/product\/1680\/revisions\/17755"}],"wp:featuredmedia":[{"embeddable":true,"href":"https:\/\/puffvapestore.com\/sv\/wp-json\/wp\/v2\/media\/1554"}],"wp:attachment":[{"href":"https:\/\/puffvapestore.com\/sv\/wp-json\/wp\/v2\/media?parent=1680"}],"wp:term":[{"taxonomy":"product_brand","embeddable":true,"href":"https:\/\/puffvapestore.com\/sv\/wp-json\/wp\/v2\/product_brand?post=1680"},{"taxonomy":"product_cat","embeddable":true,"href":"https:\/\/puffvapestore.com\/sv\/wp-json\/wp\/v2\/product_cat?post=1680"},{"taxonomy":"product_tag","embeddable":true,"href":"https:\/\/puffvapestore.com\/sv\/wp-json\/wp\/v2\/product_tag?post=1680"}],"curies":[{"name":"wp","href":"https:\/\/api.w.org\/{rel}","templated":true}]}}