{"id":1674,"date":"2025-03-22T09:27:00","date_gmt":"2025-03-22T09:27:00","guid":{"rendered":"https:\/\/puffvapestore.com\/?post_type=product&#038;p=1674"},"modified":"2026-04-20T11:08:10","modified_gmt":"2026-04-20T11:08:10","slug":"jnr-falcon-16000-vape-blue-razz-ice","status":"publish","type":"product","link":"https:\/\/puffvapestore.com\/sv\/product\/jnr-falcon-16000-vape-bla-razz-is\/","title":{"rendered":"JNR Falcon 16000 Vape Blue Razz Ice"},"content":{"rendered":"<div data-elementor-type=\"wp-post\" data-elementor-id=\"1674\" class=\"elementor elementor-1674\">\n\t\t\t\t<div class=\"elementor-element elementor-element-824a998 e-flex e-con-boxed e-con e-parent\" data-id=\"824a998\" data-element_type=\"container\" data-e-type=\"container\">\n\t\t\t\t\t<div class=\"e-con-inner\">\n\t\t\t\t<div class=\"elementor-element elementor-element-55fd5fa elementor-widget elementor-widget-text-editor\" data-id=\"55fd5fa\" data-element_type=\"widget\" data-e-type=\"widget\" data-widget_type=\"text-editor.default\">\n\t\t\t\t<div class=\"elementor-widget-container\">\n\t\t\t\t\t\t\t\t\t<h2>JNR Falcon 16000 Vape Blue Razz Ice<\/h2><p>F\u00f6rest\u00e4ll dig att du sitter p\u00e5 Seinens strand i Paris p\u00e5 kv\u00e4llen, med en l\u00e4tt bris och en nygjord cocktail i handen. S\u00e5 snart du tar en doft av <strong>JNR Falcon 16000 Bl\u00e5 Razz Ice<\/strong>, Den bitters\u00f6ta aromen av bl\u00e5 hallon exploderar i gommen. Den isiga k\u00e4nslan som f\u00f6ljer p\u00e5minner om en resa till Alperna under h\u00f6gsommaren: fr\u00e4sch, stimulerande och beroendeframkallande. Det \u00e4r inte bara en elektronisk cigarett, det \u00e4r ett smak\u00e4ventyr och en omkastning av traditionella smaker.<\/p><h3>Bl\u00e5 hallon + isig friskhet = en perfekt kombination<\/h3><p>I Frankrike gillar vi smaklager, och Blue Razz Ice f\u00e5ngar det perfekt. Det \u00e4r inte en intets\u00e4gande, vanlig fruktsmak, utan en noggrant orkestrerad symfoni av smaker. F\u00f6rst ger de bl\u00e5 hallonen en unik fruktig smak som ligger n\u00e5gonstans mellan s\u00f6tt och syrligt och stimulerar smakl\u00f6karna utan att vara \u00f6verv\u00e4ldigande. Sedan kommer f\u00e4rskheten tyst och ger denna e-cigarett en uppfriskande k\u00e4nsla som inte \u00e4r alltf\u00f6r stimulerande, men tillr\u00e4ckligt f\u00f6r att f\u00e5 m\u00e4nniskor att dr\u00f6ja kvar p\u00e5 den.<\/p>\t\t\t\t\t\t\t\t<\/div>\n\t\t\t\t<\/div>\n\t\t\t\t\t<\/div>\n\t\t\t\t<\/div>\n\t\t<div class=\"elementor-element elementor-element-942ccb0 e-flex e-con-boxed e-con e-parent\" data-id=\"942ccb0\" data-element_type=\"container\" data-e-type=\"container\">\n\t\t\t\t\t<div class=\"e-con-inner\">\n\t\t<div class=\"elementor-element elementor-element-577deeb e-con-full e-flex e-con e-child\" data-id=\"577deeb\" data-element_type=\"container\" data-e-type=\"container\">\n\t\t\t\t<div class=\"elementor-element elementor-element-5d167cf elementor-widget elementor-widget-text-editor\" data-id=\"5d167cf\" data-element_type=\"widget\" data-e-type=\"widget\" data-widget_type=\"text-editor.default\">\n\t\t\t\t<div class=\"elementor-widget-container\">\n\t\t\t\t\t\t\t\t\t<h2>Detaljer om JNR Falcon 16000 Blue Razz Ice<\/h2><p>Puffar : Upp till 16.000 puffar<br \/>V\u00e4tska: 22 ml<br \/>Nikotinniv\u00e5er: 0 %, 2 %, 5 %<br \/>Resistans: 1,0 ohm<br \/>Batterikapacitet: 850 mAh<br \/>Laddning: Typ-C<br \/>Dubbelt n\u00e4t och dubbelt k\u00e4rnmotst\u00e5nd<br \/>M\u00e5tt: 53,5 x 32 x 110 mm<\/p>\t\t\t\t\t\t\t\t<\/div>\n\t\t\t\t<\/div>\n\t\t\t\t<\/div>\n\t\t<div class=\"elementor-element elementor-element-d5e4b56 e-con-full e-flex e-con e-child\" data-id=\"d5e4b56\" data-element_type=\"container\" data-e-type=\"container\">\n\t\t\t\t<div class=\"elementor-element elementor-element-381dfcb elementor-widget elementor-widget-image-gallery\" data-id=\"381dfcb\" data-element_type=\"widget\" data-e-type=\"widget\" data-widget_type=\"image-gallery.default\">\n\t\t\t\t<div class=\"elementor-widget-container\">\n\t\t\t\t\t\t\t<div class=\"elementor-image-gallery\">\n\t\t\t<div id='gallery-1' class='gallery galleryid-1674 gallery-columns-1 gallery-size-medium_large'><figure class='gallery-item'>\n\t\t\t<div class='gallery-icon portrait'>\n\t\t\t\t<img fetchpriority=\"high\" decoding=\"async\" width=\"654\" height=\"690\" src=\"https:\/\/puffvapestore.com\/wp-content\/uploads\/2025\/03\/pvajf16000-9.jpg\" class=\"attachment-medium_large size-medium_large\" alt=\"JNR Falcon 16K Bl\u00e5 Razz Ice\" aria-describedby=\"gallery-1-1556\" srcset=\"https:\/\/puffvapestore.com\/wp-content\/uploads\/2025\/03\/pvajf16000-9.jpg 654w, https:\/\/puffvapestore.com\/wp-content\/uploads\/2025\/03\/pvajf16000-9-284x300.jpg 284w, https:\/\/puffvapestore.com\/wp-content\/uploads\/2025\/03\/pvajf16000-9-600x633.jpg 600w\" sizes=\"(max-width: 654px) 100vw, 654px\" \/>\n\t\t\t<\/div>\n\t\t\t\t<figcaption class='wp-caption-text gallery-caption' id='gallery-1-1556'>\n\t\t\t\tJNR Falcon 16K Bl\u00e5 Razz Ice\n\t\t\t\t<\/figcaption><\/figure>\n\t\t<\/div>\n\t\t<\/div>\n\t\t\t\t\t\t<\/div>\n\t\t\t\t<\/div>\n\t\t\t\t<\/div>\n\t\t\t\t\t<\/div>\n\t\t\t\t<\/div>\n\t\t<div class=\"elementor-element elementor-element-7926c6b e-flex e-con-boxed e-con e-parent\" data-id=\"7926c6b\" data-element_type=\"container\" data-e-type=\"container\">\n\t\t\t\t\t<div class=\"e-con-inner\">\n\t\t\t\t<div class=\"elementor-element elementor-element-2b41948 elementor-widget elementor-widget-text-editor\" data-id=\"2b41948\" data-element_type=\"widget\" data-e-type=\"widget\" data-widget_type=\"text-editor.default\">\n\t\t\t\t<div class=\"elementor-widget-container\">\n\t\t\t\t\t\t\t\t\t<h3>Fransk elegans, perfekt f\u00f6r dig<\/h3><p>Le <strong>JNR Falcon 16000 Vape Blue Razz Ice<\/strong> utm\u00e4rker sig inte bara n\u00e4r det g\u00e4ller funktionalitet, dess kristallklara design uppfyller ocks\u00e5 fransm\u00e4nnens ultimata str\u00e4van efter estetisk tilltalande. Oavsett om det g\u00e4ller en konversation p\u00e5 ett caf\u00e9 eller under neonljusen p\u00e5 en midnattssoir\u00e9 kan den bli ditt stiluttryck. I Frankrike g\u00e5r ju smak och mode hand i hand.<\/p><h3>Varf\u00f6r JNR Falcon 16000 Vape Blue Razz Ice?<\/h3><ul><li><strong>Mer \u00e4n s\u00f6tma<\/strong> - den s\u00f6tsura balansen i de bl\u00e5 hallonen \u00e4r of\u00f6rgl\u00f6mlig<\/li><li><strong>V\u00e4lsignelse av k\u00e4nslan av is<\/strong> - uppfriskande och komplett, l\u00e4mplig f\u00f6r alla tillf\u00e4llen<\/li><li><strong>Ultral\u00e5ng batteritid<\/strong> - 16.000 g\u00e5nger, inga problem med byten l\u00e4ngre<\/li><li><strong>Uts\u00f6kt design<\/strong> - elegant kristall look, diskret lyx<\/li><\/ul><h3>Omdefiniera din r\u00f6kupplevelse<\/h3><p>Fransm\u00e4nnen vet hur man njuter av livet, och de <strong>JNR Falcon 16000 Bl\u00e5 Razz Ice<\/strong> \u00e4r f\u00f6r m\u00e4nniskor som vill ha livskvalitet. Det \u00e4r inte bara en elektronisk cigarett, utan en attityd, en ih\u00e4rdighet i smaken och en str\u00e4van efter frihet.<\/p><p>En doft av Blue Razz Ice g\u00f6r din v\u00e4rld lite svalare.<\/p>\t\t\t\t\t\t\t\t<\/div>\n\t\t\t\t<\/div>\n\t\t\t\t\t<\/div>\n\t\t\t\t<\/div>\n\t\t\t\t<\/div>","protected":false},"excerpt":{"rendered":"<p>JNR Falcon 16000 Vape Bleu Razz Ice Imaginez que vous \u00eates assis au bord de la Seine \u00e0 Paris le soir, avec une douce brise qui souffle et un cocktail fra\u00eechement pr\u00e9par\u00e9 \u00e0 la main. D\u00e8s que vous prenez une bouff\u00e9e de JNR Falcon 16000 Blue Razz Ice, l&rsquo;ar\u00f4me sucr\u00e9-amer des framboises bleues explose en [&hellip;]<\/p>\n","protected":false},"featured_media":1556,"comment_status":"open","ping_status":"closed","template":"","meta":{"site-sidebar-layout":"no-sidebar","site-content-layout":"page-builder","ast-site-content-layout":"normal-width-container","site-content-style":"default","site-sidebar-style":"default","ast-global-header-display":"","ast-banner-title-visibility":"","ast-main-header-display":"","ast-hfb-above-header-display":"","ast-hfb-below-header-display":"","ast-hfb-mobile-header-display":"","site-post-title":"disabled","ast-breadcrumbs-content":"","ast-featured-img":"disabled","footer-sml-layout":"","ast-disable-related-posts":"","theme-transparent-header-meta":"default","adv-header-id-meta":"","stick-header-meta":"default","header-above-stick-meta":"","header-main-stick-meta":"","header-below-stick-meta":"","astra-migrate-meta-layouts":"set","ast-page-background-enabled":"default","ast-page-background-meta":{"desktop":{"background-color":"","background-image":"","background-repeat":"repeat","background-position":"center center","background-size":"auto","background-attachment":"scroll","background-type":"","background-media":"","overlay-type":"","overlay-color":"","overlay-opacity":"","overlay-gradient":""},"tablet":{"background-color":"","background-image":"","background-repeat":"repeat","background-position":"center center","background-size":"auto","background-attachment":"scroll","background-type":"","background-media":"","overlay-type":"","overlay-color":"","overlay-opacity":"","overlay-gradient":""},"mobile":{"background-color":"","background-image":"","background-repeat":"repeat","background-position":"center center","background-size":"auto","background-attachment":"scroll","background-type":"","background-media":"","overlay-type":"","overlay-color":"","overlay-opacity":"","overlay-gradient":""}},"ast-content-background-meta":{"desktop":{"background-color":"var(--ast-global-color-5)","background-image":"","background-repeat":"repeat","background-position":"center center","background-size":"auto","background-attachment":"scroll","background-type":"","background-media":"","overlay-type":"","overlay-color":"","overlay-opacity":"","overlay-gradient":""},"tablet":{"background-color":"var(--ast-global-color-5)","background-image":"","background-repeat":"repeat","background-position":"center center","background-size":"auto","background-attachment":"scroll","background-type":"","background-media":"","overlay-type":"","overlay-color":"","overlay-opacity":"","overlay-gradient":""},"mobile":{"background-color":"var(--ast-global-color-5)","background-image":"","background-repeat":"repeat","background-position":"center center","background-size":"auto","background-attachment":"scroll","background-type":"","background-media":"","overlay-type":"","overlay-color":"","overlay-opacity":"","overlay-gradient":""}}},"product_brand":[30],"product_cat":[15,81,77,36,31,32],"product_tag":[],"class_list":{"0":"post-1674","1":"product","2":"type-product","3":"status-publish","4":"has-post-thumbnail","6":"product_brand-jnr","7":"product_cat-magasin-cigarette-electronique","8":"product_cat-puff-16k","9":"product_cat-entrepot-de-lue","10":"product_cat-jnr-16k","11":"product_cat-jnr-falcon","12":"product_cat-puff-jnr-16k","13":"desktop-align-center","14":"tablet-align-center","15":"mobile-align-center","16":"ast-product-gallery-layout-horizontal","17":"ast-product-gallery-with-no-image","18":"ast-product-single-variable","19":"ast-product-tabs-layout-horizontal","20":"ast-qv-on-image","22":"first","23":"instock","24":"sale","25":"shipping-taxable","26":"purchasable","27":"product-type-variable","28":"has-default-attributes"},"tiered_pricing_type":"fixed","tiered_pricing_fixed_rules":{"30":9.88,"60":9.26,"100":8.06,"200":7.38,"500":6.98,"1000":6.8},"tiered_pricing_product_settings":{"layout":"default","base_unit_name":{"singular":null,"plural":null},"default_variation":null},"tiered_pricing_minimum_quantity":null,"tiered_pricing_roles_data":[],"tiered_pricing_percentage_rules":[],"_links":{"self":[{"href":"https:\/\/puffvapestore.com\/sv\/wp-json\/wp\/v2\/product\/1674","targetHints":{"allow":["GET"]}}],"collection":[{"href":"https:\/\/puffvapestore.com\/sv\/wp-json\/wp\/v2\/product"}],"about":[{"href":"https:\/\/puffvapestore.com\/sv\/wp-json\/wp\/v2\/types\/product"}],"replies":[{"embeddable":true,"href":"https:\/\/puffvapestore.com\/sv\/wp-json\/wp\/v2\/comments?post=1674"}],"version-history":[{"count":18,"href":"https:\/\/puffvapestore.com\/sv\/wp-json\/wp\/v2\/product\/1674\/revisions"}],"predecessor-version":[{"id":17763,"href":"https:\/\/puffvapestore.com\/sv\/wp-json\/wp\/v2\/product\/1674\/revisions\/17763"}],"wp:featuredmedia":[{"embeddable":true,"href":"https:\/\/puffvapestore.com\/sv\/wp-json\/wp\/v2\/media\/1556"}],"wp:attachment":[{"href":"https:\/\/puffvapestore.com\/sv\/wp-json\/wp\/v2\/media?parent=1674"}],"wp:term":[{"taxonomy":"product_brand","embeddable":true,"href":"https:\/\/puffvapestore.com\/sv\/wp-json\/wp\/v2\/product_brand?post=1674"},{"taxonomy":"product_cat","embeddable":true,"href":"https:\/\/puffvapestore.com\/sv\/wp-json\/wp\/v2\/product_cat?post=1674"},{"taxonomy":"product_tag","embeddable":true,"href":"https:\/\/puffvapestore.com\/sv\/wp-json\/wp\/v2\/product_tag?post=1674"}],"curies":[{"name":"wp","href":"https:\/\/api.w.org\/{rel}","templated":true}]}}